{"id":23191,"date":"2025-11-14T13:07:02","date_gmt":"2025-11-14T13:07:02","guid":{"rendered":"https:\/\/www.ghostysky.com\/?post_type=product&#038;p=23191"},"modified":"2026-03-24T14:58:57","modified_gmt":"2026-03-24T14:58:57","slug":"emlid-reach-m2-m-camera-hot-shoe-adapter","status":"publish","type":"product","link":"https:\/\/www.ghostysky.com\/pt\/product\/emlid-reach-m2-m-camera-hot-shoe-adapter\/","title":{"rendered":"Adaptador de sapata de flash para c\u00e2mera Emlid Reach M2\/M+"},"content":{"rendered":"<h4>Fun\u00e7\u00e3o e Prop\u00f3sito Principais<\/h4>\n<ul data-path-to-node=\"4\">\n<li>\n<p data-path-to-node=\"4,0,0\"><b>Registro preciso de tempo:<\/b><span class=\"citation-13\"> O adaptador <\/span><b><span class=\"citation-13\">fios o pulso de sincroniza\u00e7\u00e3o do flash<\/span><\/b><span class=\"citation-13 citation-end-13\"> diretamente da sapata da c\u00e2mera para a Reach M2\/M+.<\/span> <span class=\"citation-12 citation-end-12\">Esse sinal el\u00e9trico instant\u00e2neo permite que o m\u00f3dulo Reach registre o momento preciso (carimbo de data\/hora) em que cada imagem \u00e9 capturada com excepcional precis\u00e3o.<\/span><\/p>\n<\/li>\n<li>\n<p data-path-to-node=\"4,1,0\"><b>Habilita o fluxo de trabalho PPK:<\/b><span class=\"citation-11\"> Essa marca\u00e7\u00e3o de tempo precisa \u00e9 <\/span><b><span class=\"citation-11\">necess\u00e1rio para o fluxo de trabalho Cinem\u00e1tica P\u00f3s-Processada (PPK)<\/span><\/b><span class=\"citation-11 citation-end-11\">, que \u00e9 utilizado para obter geotags altamente precisas para suas imagens, reduzindo significativamente a necessidade de in\u00fameros Pontos de Controle Terrestre (GCPs) em sua \u00e1rea de levantamento.<\/span><\/p>\n<div class=\"source-inline-chip-container ng-star-inserted\"><\/div>\n<\/li>\n<\/ul>\n<p data-path-to-node=\"6\">\n<h4>Caracter\u00edsticas e compatibilidade<\/h4>\n<ul data-path-to-node=\"7\">\n<li>\n<p data-path-to-node=\"7,0,0\"><b>Compat\u00edvel com PPK:<\/b><span class=\"citation-10 citation-end-10\"> Um componente indispens\u00e1vel para solu\u00e7\u00f5es cinem\u00e1ticas p\u00f3s-processadas com o Reach M2 ou Reach M+.<\/span><\/p>\n<\/li>\n<li>\n<p data-path-to-node=\"7,1,0\"><b><span class=\"citation-9\">Ampla compatibilidade com c\u00e2meras:<\/span><\/b><span class=\"citation-9\"> Projetado para funcionar com <\/span><b><span class=\"citation-9\">Qualquer c\u00e2mera que possua um conector de sapata padr\u00e3o.<\/span><\/b><span class=\"citation-9 citation-end-9\">.<\/span> Foi testado quanto \u00e0 compatibilidade com marcas populares, incluindo <b>Sony, Canon e Nikon<\/b>.<\/p>\n<\/li>\n<li>\n<p data-path-to-node=\"7,2,0\"><b>Compatibilidade de m\u00f3dulos:<\/b> Funciona exclusivamente com o <b>Emlid Reach M2<\/b> e <b>Reach M +<\/b> M\u00f3dulos GNSS RTK.<\/p>\n<\/li>\n<\/ul>\n<p data-path-to-node=\"9\"><b><i><span class=\"citation-8\">Observe:<\/span><\/i><\/b> <i><span class=\"citation-8\">Este adaptador \u00e9 <\/span><b><span class=\"citation-8\">n\u00e3o compat\u00edvel<\/span><\/b><span class=\"citation-8 citation-end-8\"> com o m\u00f3dulo Emlid Reach original, baseado no Edison.<\/span><\/i><\/p>","protected":false},"excerpt":{"rendered":"<p><span class=\"citation-15\">O <\/span><b><span class=\"citation-15\">Adaptador de sapata de flash para c\u00e2mera Emlid Reach M2\/M+<\/span><\/b><span class=\"citation-15\"> \u00e9 um acess\u00f3rio essencial projetado para atingir <\/span><b><span class=\"citation-15\">georreferenciamento de alta precis\u00e3o<\/span><\/b><span class=\"citation-15 citation-end-15\"> em fotogrametria e mapeamento com drones.<\/span> <span class=\"citation-14 citation-end-14\">Ele funciona como uma liga\u00e7\u00e3o crucial entre sua c\u00e2mera e seu m\u00f3dulo GNSS Emlid Reach M2 ou M+.<\/span><\/p>","protected":false},"featured_media":23195,"comment_status":"open","ping_status":"closed","template":"","meta":[],"product_brand":[1025],"product_cat":[367,89,30],"product_tag":[58,1289],"class_list":{"0":"post-23191","1":"product","2":"type-product","3":"status-publish","4":"has-post-thumbnail","6":"product_brand-emlid","7":"product_cat-accessories-emlid","8":"product_cat-emlid","9":"product_cat-mobile-station","10":"product_tag-emlid","11":"product_tag-emlid-m2","13":"first","14":"instock","15":"taxable","16":"shipping-taxable","17":"purchasable","18":"product-type-simple"},"yoast_head":"<!-- This site is optimized with the Yoast SEO plugin v27.1.1 - https:\/\/yoast.com\/product\/yoast-seo-wordpress\/ -->\n<title>Emlid Reach M2\/M+ camera hot shoe adapter - Ghostysky<\/title>\n<meta name=\"description\" content=\"The Emlid Reach M2\/M+ Camera Hot Shoe Adapter is an essential accessory designed to achieve high-precision georeferencing in drone-based photogrammetry and mapping. It acts as a critical link between your camera and your Emlid Reach M2 or M+ GNSS module.\" \/>\n<meta name=\"robots\" content=\"index, follow, max-snippet:-1, max-image-preview:large, max-video-preview:-1\" \/>\n<link rel=\"canonical\" href=\"https:\/\/www.ghostysky.com\/pt\/produto-2\/emlid-reach-m2-m-camera-hot-shoe-adapter\/\" \/>\n<meta property=\"og:locale\" content=\"pt_PT\" \/>\n<meta property=\"og:type\" content=\"article\" \/>\n<meta property=\"og:title\" content=\"Emlid Reach M2\/M+ camera hot shoe adapter - Ghostysky\" \/>\n<meta property=\"og:description\" content=\"The Emlid Reach M2\/M+ Camera Hot Shoe Adapter is an essential accessory designed to achieve high-precision georeferencing in drone-based photogrammetry and mapping. It acts as a critical link between your camera and your Emlid Reach M2 or M+ GNSS module.\" \/>\n<meta property=\"og:url\" content=\"https:\/\/www.ghostysky.com\/pt\/produto-2\/emlid-reach-m2-m-camera-hot-shoe-adapter\/\" \/>\n<meta property=\"og:site_name\" content=\"Ghostysky\" \/>\n<meta property=\"article:publisher\" content=\"https:\/\/www.facebook.com\/people\/Ghostysky\/100057676170234\/\" \/>\n<meta property=\"article:modified_time\" content=\"2026-03-24T14:58:57+00:00\" \/>\n<meta property=\"og:image\" content=\"https:\/\/www.ghostysky.com\/wp-content\/uploads\/2025\/11\/GH_Reach-M2_M-camera-hot-shoe-adapter_1.webp\" \/>\n\t<meta property=\"og:image:width\" content=\"800\" \/>\n\t<meta property=\"og:image:height\" content=\"800\" \/>\n\t<meta property=\"og:image:type\" content=\"image\/webp\" \/>\n<meta name=\"twitter:card\" content=\"summary_large_image\" \/>\n<meta name=\"twitter:site\" content=\"@Gh0stysky\" \/>\n<meta name=\"twitter:label1\" content=\"Tempo estimado de leitura\" \/>\n\t<meta name=\"twitter:data1\" content=\"1 minuto\" \/>\n<script type=\"application\/ld+json\" class=\"yoast-schema-graph\">{\"@context\":\"https:\/\/schema.org\",\"@graph\":[{\"@type\":\"WebPage\",\"@id\":\"https:\/\/www.ghostysky.com\/product\/emlid-reach-m2-m-camera-hot-shoe-adapter\/\",\"url\":\"https:\/\/www.ghostysky.com\/product\/emlid-reach-m2-m-camera-hot-shoe-adapter\/\",\"name\":\"Emlid Reach M2\/M+ camera hot shoe adapter - Ghostysky\",\"isPartOf\":{\"@id\":\"https:\/\/www.ghostysky.com\/#website\"},\"primaryImageOfPage\":{\"@id\":\"https:\/\/www.ghostysky.com\/product\/emlid-reach-m2-m-camera-hot-shoe-adapter\/#primaryimage\"},\"image\":{\"@id\":\"https:\/\/www.ghostysky.com\/product\/emlid-reach-m2-m-camera-hot-shoe-adapter\/#primaryimage\"},\"thumbnailUrl\":\"https:\/\/www.ghostysky.com\/wp-content\/uploads\/2025\/11\/GH_Reach-M2_M-camera-hot-shoe-adapter_1.webp\",\"datePublished\":\"2025-11-14T13:07:02+00:00\",\"dateModified\":\"2026-03-24T14:58:57+00:00\",\"description\":\"The Emlid Reach M2\/M+ Camera Hot Shoe Adapter is an essential accessory designed to achieve high-precision georeferencing in drone-based photogrammetry and mapping. It acts as a critical link between your camera and your Emlid Reach M2 or M+ GNSS module.\",\"breadcrumb\":{\"@id\":\"https:\/\/www.ghostysky.com\/product\/emlid-reach-m2-m-camera-hot-shoe-adapter\/#breadcrumb\"},\"inLanguage\":\"pt-PT\",\"potentialAction\":[{\"@type\":\"ReadAction\",\"target\":[\"https:\/\/www.ghostysky.com\/product\/emlid-reach-m2-m-camera-hot-shoe-adapter\/\"]}]},{\"@type\":\"ImageObject\",\"inLanguage\":\"pt-PT\",\"@id\":\"https:\/\/www.ghostysky.com\/product\/emlid-reach-m2-m-camera-hot-shoe-adapter\/#primaryimage\",\"url\":\"https:\/\/www.ghostysky.com\/wp-content\/uploads\/2025\/11\/GH_Reach-M2_M-camera-hot-shoe-adapter_1.webp\",\"contentUrl\":\"https:\/\/www.ghostysky.com\/wp-content\/uploads\/2025\/11\/GH_Reach-M2_M-camera-hot-shoe-adapter_1.webp\",\"width\":800,\"height\":800},{\"@type\":\"BreadcrumbList\",\"@id\":\"https:\/\/www.ghostysky.com\/product\/emlid-reach-m2-m-camera-hot-shoe-adapter\/#breadcrumb\",\"itemListElement\":[{\"@type\":\"ListItem\",\"position\":1,\"name\":\"Home\",\"item\":\"https:\/\/www.ghostysky.com\/\"},{\"@type\":\"ListItem\",\"position\":2,\"name\":\"Shop\",\"item\":\"https:\/\/www.ghostysky.com\/shop\/\"},{\"@type\":\"ListItem\",\"position\":3,\"name\":\"Emlid Reach M2\/M+ camera hot shoe adapter\"}]},{\"@type\":\"WebSite\",\"@id\":\"https:\/\/www.ghostysky.com\/#website\",\"url\":\"https:\/\/www.ghostysky.com\/\",\"name\":\"Ghostysky\",\"description\":\"Delivering professional drones and services\",\"publisher\":{\"@id\":\"https:\/\/www.ghostysky.com\/#organization\"},\"potentialAction\":[{\"@type\":\"SearchAction\",\"target\":{\"@type\":\"EntryPoint\",\"urlTemplate\":\"https:\/\/www.ghostysky.com\/?s={search_term_string}\"},\"query-input\":{\"@type\":\"PropertyValueSpecification\",\"valueRequired\":true,\"valueName\":\"search_term_string\"}}],\"inLanguage\":\"pt-PT\"},{\"@type\":\"Organization\",\"@id\":\"https:\/\/www.ghostysky.com\/#organization\",\"name\":\"Ghostysky\",\"url\":\"https:\/\/www.ghostysky.com\/\",\"logo\":{\"@type\":\"ImageObject\",\"inLanguage\":\"pt-PT\",\"@id\":\"https:\/\/www.ghostysky.com\/#\/schema\/logo\/image\/\",\"url\":\"https:\/\/www.ghostysky.com\/wp-content\/uploads\/2020\/06\/cropped-ghostyskylogo_text_white2.png\",\"contentUrl\":\"https:\/\/www.ghostysky.com\/wp-content\/uploads\/2020\/06\/cropped-ghostyskylogo_text_white2.png\",\"width\":169,\"height\":56,\"caption\":\"Ghostysky\"},\"image\":{\"@id\":\"https:\/\/www.ghostysky.com\/#\/schema\/logo\/image\/\"},\"sameAs\":[\"https:\/\/www.facebook.com\/people\/Ghostysky\/100057676170234\/\",\"https:\/\/x.com\/Gh0stysky\",\"https:\/\/www.linkedin.com\/company\/34739653\",\"https:\/\/www.instagram.com\/gh0stysky\"]}]}<\/script>\n<!-- \/ Yoast SEO plugin. -->","yoast_head_json":{"title":"Adaptador de sapata de flash para c\u00e2meras Emlid Reach M2\/M+ - Ghostysky","description":"O adaptador de sapata para c\u00e2mera Emlid Reach M2\/M+ \u00e9 um acess\u00f3rio essencial projetado para obter georreferenciamento de alta precis\u00e3o em fotogrametria e mapeamento com drones. Ele atua como uma liga\u00e7\u00e3o crucial entre sua c\u00e2mera e o m\u00f3dulo GNSS Emlid Reach M2 ou M+.","robots":{"index":"index","follow":"follow","max-snippet":"max-snippet:-1","max-image-preview":"max-image-preview:large","max-video-preview":"max-video-preview:-1"},"canonical":"https:\/\/www.ghostysky.com\/pt\/produto-2\/emlid-reach-m2-m-camera-hot-shoe-adapter\/","og_locale":"pt_PT","og_type":"article","og_title":"Emlid Reach M2\/M+ camera hot shoe adapter - Ghostysky","og_description":"The Emlid Reach M2\/M+ Camera Hot Shoe Adapter is an essential accessory designed to achieve high-precision georeferencing in drone-based photogrammetry and mapping. It acts as a critical link between your camera and your Emlid Reach M2 or M+ GNSS module.","og_url":"https:\/\/www.ghostysky.com\/pt\/produto-2\/emlid-reach-m2-m-camera-hot-shoe-adapter\/","og_site_name":"Ghostysky","article_publisher":"https:\/\/www.facebook.com\/people\/Ghostysky\/100057676170234\/","article_modified_time":"2026-03-24T14:58:57+00:00","og_image":[{"width":800,"height":800,"url":"https:\/\/www.ghostysky.com\/wp-content\/uploads\/2025\/11\/GH_Reach-M2_M-camera-hot-shoe-adapter_1.webp","type":"image\/webp"}],"twitter_card":"summary_large_image","twitter_site":"@Gh0stysky","twitter_misc":{"Tempo estimado de leitura":"1 minuto"},"schema":{"@context":"https:\/\/schema.org","@graph":[{"@type":"WebPage","@id":"https:\/\/www.ghostysky.com\/product\/emlid-reach-m2-m-camera-hot-shoe-adapter\/","url":"https:\/\/www.ghostysky.com\/product\/emlid-reach-m2-m-camera-hot-shoe-adapter\/","name":"Adaptador de sapata de flash para c\u00e2meras Emlid Reach M2\/M+ - Ghostysky","isPartOf":{"@id":"https:\/\/www.ghostysky.com\/#website"},"primaryImageOfPage":{"@id":"https:\/\/www.ghostysky.com\/product\/emlid-reach-m2-m-camera-hot-shoe-adapter\/#primaryimage"},"image":{"@id":"https:\/\/www.ghostysky.com\/product\/emlid-reach-m2-m-camera-hot-shoe-adapter\/#primaryimage"},"thumbnailUrl":"https:\/\/www.ghostysky.com\/wp-content\/uploads\/2025\/11\/GH_Reach-M2_M-camera-hot-shoe-adapter_1.webp","datePublished":"2025-11-14T13:07:02+00:00","dateModified":"2026-03-24T14:58:57+00:00","description":"O adaptador de sapata para c\u00e2mera Emlid Reach M2\/M+ \u00e9 um acess\u00f3rio essencial projetado para obter georreferenciamento de alta precis\u00e3o em fotogrametria e mapeamento com drones. Ele atua como uma liga\u00e7\u00e3o crucial entre sua c\u00e2mera e o m\u00f3dulo GNSS Emlid Reach M2 ou M+.","breadcrumb":{"@id":"https:\/\/www.ghostysky.com\/product\/emlid-reach-m2-m-camera-hot-shoe-adapter\/#breadcrumb"},"inLanguage":"pt-PT","potentialAction":[{"@type":"ReadAction","target":["https:\/\/www.ghostysky.com\/product\/emlid-reach-m2-m-camera-hot-shoe-adapter\/"]}]},{"@type":"ImageObject","inLanguage":"pt-PT","@id":"https:\/\/www.ghostysky.com\/product\/emlid-reach-m2-m-camera-hot-shoe-adapter\/#primaryimage","url":"https:\/\/www.ghostysky.com\/wp-content\/uploads\/2025\/11\/GH_Reach-M2_M-camera-hot-shoe-adapter_1.webp","contentUrl":"https:\/\/www.ghostysky.com\/wp-content\/uploads\/2025\/11\/GH_Reach-M2_M-camera-hot-shoe-adapter_1.webp","width":800,"height":800},{"@type":"BreadcrumbList","@id":"https:\/\/www.ghostysky.com\/product\/emlid-reach-m2-m-camera-hot-shoe-adapter\/#breadcrumb","itemListElement":[{"@type":"ListItem","position":1,"name":"Home","item":"https:\/\/www.ghostysky.com\/"},{"@type":"ListItem","position":2,"name":"Shop","item":"https:\/\/www.ghostysky.com\/shop\/"},{"@type":"ListItem","position":3,"name":"Emlid Reach M2\/M+ camera hot shoe adapter"}]},{"@type":"WebSite","@id":"https:\/\/www.ghostysky.com\/#website","url":"https:\/\/www.ghostysky.com\/","name":"Ghostysky","description":"Fornecendo drones e servi\u00e7os profissionais","publisher":{"@id":"https:\/\/www.ghostysky.com\/#organization"},"potentialAction":[{"@type":"SearchAction","target":{"@type":"EntryPoint","urlTemplate":"https:\/\/www.ghostysky.com\/?s={search_term_string}"},"query-input":{"@type":"PropertyValueSpecification","valueRequired":true,"valueName":"search_term_string"}}],"inLanguage":"pt-PT"},{"@type":"Organization","@id":"https:\/\/www.ghostysky.com\/#organization","name":"Ghostysky","url":"https:\/\/www.ghostysky.com\/","logo":{"@type":"ImageObject","inLanguage":"pt-PT","@id":"https:\/\/www.ghostysky.com\/#\/schema\/logo\/image\/","url":"https:\/\/www.ghostysky.com\/wp-content\/uploads\/2020\/06\/cropped-ghostyskylogo_text_white2.png","contentUrl":"https:\/\/www.ghostysky.com\/wp-content\/uploads\/2020\/06\/cropped-ghostyskylogo_text_white2.png","width":169,"height":56,"caption":"Ghostysky"},"image":{"@id":"https:\/\/www.ghostysky.com\/#\/schema\/logo\/image\/"},"sameAs":["https:\/\/www.facebook.com\/people\/Ghostysky\/100057676170234\/","https:\/\/x.com\/Gh0stysky","https:\/\/www.linkedin.com\/company\/34739653","https:\/\/www.instagram.com\/gh0stysky"]}]}},"_links":{"self":[{"href":"https:\/\/www.ghostysky.com\/pt\/wp-json\/wp\/v2\/product\/23191","targetHints":{"allow":["GET"]}}],"collection":[{"href":"https:\/\/www.ghostysky.com\/pt\/wp-json\/wp\/v2\/product"}],"about":[{"href":"https:\/\/www.ghostysky.com\/pt\/wp-json\/wp\/v2\/types\/product"}],"replies":[{"embeddable":true,"href":"https:\/\/www.ghostysky.com\/pt\/wp-json\/wp\/v2\/comments?post=23191"}],"wp:featuredmedia":[{"embeddable":true,"href":"https:\/\/www.ghostysky.com\/pt\/wp-json\/wp\/v2\/media\/23195"}],"wp:attachment":[{"href":"https:\/\/www.ghostysky.com\/pt\/wp-json\/wp\/v2\/media?parent=23191"}],"wp:term":[{"taxonomy":"product_brand","embeddable":true,"href":"https:\/\/www.ghostysky.com\/pt\/wp-json\/wp\/v2\/product_brand?post=23191"},{"taxonomy":"product_cat","embeddable":true,"href":"https:\/\/www.ghostysky.com\/pt\/wp-json\/wp\/v2\/product_cat?post=23191"},{"taxonomy":"product_tag","embeddable":true,"href":"https:\/\/www.ghostysky.com\/pt\/wp-json\/wp\/v2\/product_tag?post=23191"}],"curies":[{"name":"wp","href":"https:\/\/api.w.org\/{rel}","templated":true}]}}