{"id":23244,"date":"2025-11-18T08:12:23","date_gmt":"2025-11-18T08:12:23","guid":{"rendered":"https:\/\/www.ghostysky.com\/?post_type=product&#038;p=23244"},"modified":"2025-12-30T14:40:33","modified_gmt":"2025-12-30T14:40:33","slug":"dji-neo-2-fly-more-combo","status":"publish","type":"product","link":"https:\/\/www.ghostysky.com\/pt\/product\/dji-neo-2-fly-more-combo\/","title":{"rendered":"DJI NEO 2 Fly More Combo"},"content":{"rendered":"<h4>Principais caracter\u00edsticas do DJI Neo 2<\/h4>\n<ul data-path-to-node=\"4\">\n<li>\n<p data-path-to-node=\"4,0,0\"><b><span class=\"citation-63\">Design ultracompacto e leve:<\/span><\/b><span class=\"citation-63 citation-end-63\"> F\u00e1cil de transportar e pilotar, com protetores de h\u00e9lice integrados que cobrem toda a extens\u00e3o da aeronave para maior seguran\u00e7a.<\/span><\/p>\n<\/li>\n<li>\n<p data-path-to-node=\"4,1,0\"><b>Imagens 4K de alta qualidade:<\/b><span class=\"citation-62 citation-end-62\"> Grave v\u00eddeos incr\u00edveis com um sensor CMOS de 12 MP de 1\/2 polegada.<sup class=\"superscript\" data-turn-source-index=\"4\">4<\/sup><\/span> <span class=\"citation-61\">Capture imagens ultra suaves em <\/span><b><span class=\"citation-61\">4K\/60fps<\/span><\/b><span class=\"citation-61\"> e dram\u00e1tico <\/span><b><span class=\"citation-61\">C\u00e2mera lenta em 4K\/100fps<\/span><\/b><span class=\"citation-61 citation-end-61\">.<\/span><\/p>\n<\/li>\n<li>\n<p data-path-to-node=\"4,2,0\"><b>Detec\u00e7\u00e3o de obst\u00e1culos omnidirecional:<\/b> Voe com confian\u00e7a. <span class=\"citation-60\">O Neo 2 possui um sistema de sensores avan\u00e7ado, incluindo <\/span><b><span class=\"citation-60\">LiDAR voltado para a frente<\/span><\/b><span class=\"citation-60 citation-end-60\">, para detectar obst\u00e1culos em todas as dire\u00e7\u00f5es, proporcionando um voo mais seguro e sem preocupa\u00e7\u00f5es.<\/span><\/p>\n<\/li>\n<li>\n<p data-path-to-node=\"4,3,0\"><b>M\u00faltiplos modos de controle sem usar as m\u00e3os:<\/b><\/p>\n<ul data-path-to-node=\"4,3,1\">\n<li>\n<p data-path-to-node=\"4,3,1,0,0\"><b>Controle por gestos:<\/b><span class=\"citation-59 citation-end-59\"> Use movimentos simples das m\u00e3os para guiar o drone, ajustar a dist\u00e2ncia e enquadrar suas fotos.<\/span><\/p>\n<\/li>\n<li>\n<p data-path-to-node=\"4,3,1,1,0\"><b><span class=\"citation-58\">SelfieShot:<\/span><\/b><span class=\"citation-58 citation-end-58\"> Enquadra e captura automaticamente momentos individuais ou em grupo, sem usar as m\u00e3os.<\/span><\/p>\n<\/li>\n<li>\n<p data-path-to-node=\"4,3,1,2,0\"><b>Controle por voz:<\/b><span class=\"citation-57 citation-end-57\"> Envie comandos de voo usando seu smartphone ou fones de ouvido Bluetooth.<\/span><\/p>\n<\/li>\n<\/ul>\n<\/li>\n<li>\n<p data-path-to-node=\"4,4,0\"><b>Domine o voo com facilidade:<\/b><span class=\"citation-56\"> Caracter\u00edsticas como <\/span><b><span class=\"citation-56\">Palm Takeoff &amp; Landing<\/span><\/b><span class=\"citation-56\"> e <\/span><b><span class=\"citation-56\">Retornar \u00e0 palma da m\u00e3o<\/span><\/b><span class=\"citation-56 citation-end-56\"> Tornar o lan\u00e7amento e a recupera\u00e7\u00e3o do drone intuitivos e seguros, mesmo para pilotos iniciantes.<\/span><\/p>\n<\/li>\n<li>\n<p data-path-to-node=\"4,5,0\"><b>ActiveTrack aprimorado:<\/b><span class=\"citation-55\"> O rastreamento de objetos aprimorado acompanha indiv\u00edduos como corredores e ciclistas a velocidades de at\u00e9 <\/span><b><span class=\"citation-55\">12 m\/s<\/span><\/b><span class=\"citation-55 citation-end-55\"> Com maior estabilidade e m\u00faltiplas dire\u00e7\u00f5es de rastreamento.<\/span><\/p>\n<\/li>\n<li>\n<p data-path-to-node=\"4,6,0\"><b>Amplo espa\u00e7o de armazenamento interno:<\/b><span class=\"citation-54\"> Vem com <\/span><b><span class=\"citation-54\">49 GB<\/span><\/b><span class=\"citation-54 citation-end-54\"> com armazenamento integrado para garantir que voc\u00ea nunca perca uma foto.<\/span><\/p>\n<\/li>\n<\/ul>\n<h4>Voe mais, pague menos<\/h4>\n<p data-path-to-node=\"6\">O <b>Voe mais combo<\/b> Aprimora sua experi\u00eancia, fornecendo tudo o que voc\u00ea precisa para sess\u00f5es de filmagem prolongadas:<\/p>\n<table data-path-to-node=\"7\">\n<thead>\n<tr>\n<td><strong>Item<\/strong><\/td>\n<td><strong>Quantidade<\/strong><\/td>\n<td><strong>Beneficiar<\/strong><\/td>\n<\/tr>\n<\/thead>\n<tbody>\n<tr>\n<td data-path-to-node=\"7,1,0,0\"><b>Bateria de voo inteligente DJI Neo 2<\/b><\/td>\n<td data-path-to-node=\"7,1,1,0\">3 (Total)<\/td>\n<td data-path-to-node=\"7,1,2,0\">Fornece at\u00e9 <b>57 minutos<\/b> do tempo total de voo.<\/td>\n<\/tr>\n<tr>\n<td data-path-to-node=\"7,2,0,0\"><b>Hub de carregamento bidirecional DJI Neo 2<\/b><\/td>\n<td data-path-to-node=\"7,2,1,0\">1<\/td>\n<td data-path-to-node=\"7,2,2,0\">Carregue v\u00e1rias baterias sequencialmente ou simultaneamente, minimizando o tempo de inatividade.<\/td>\n<\/tr>\n<tr>\n<td data-path-to-node=\"7,3,0,0\"><b>Controle remoto DJI RC-N3<\/b><\/td>\n<td data-path-to-node=\"7,3,1,0\">1<\/td>\n<td data-path-to-node=\"7,3,2,0\">Oferece controle tradicional e preciso do stick e at\u00e9 <b>10 km<\/b> do alcance de transmiss\u00e3o de v\u00eddeo (FCC).<\/td>\n<\/tr>\n<tr>\n<td data-path-to-node=\"7,4,0,0\"><b>Transceptor digital DJI Neo 2<\/b><\/td>\n<td data-path-to-node=\"7,4,1,0\">1<\/td>\n<td data-path-to-node=\"7,4,2,0\">Melhora ainda mais a confiabilidade do sinal e a qualidade da transmiss\u00e3o de v\u00eddeo.<\/td>\n<\/tr>\n<tr>\n<td data-path-to-node=\"7,5,0,0\"><b>H\u00e9lices e parafusos sobressalentes<\/b><\/td>\n<td data-path-to-node=\"7,5,1,0\">1 par \/ 4 parafusos<\/td>\n<td data-path-to-node=\"7,5,2,0\">Garante que voc\u00ea esteja preparado para uma manuten\u00e7\u00e3o r\u00e1pida em campo.<\/td>\n<\/tr>\n<tr>\n<td data-path-to-node=\"7,6,0,0\"><b>Protetor de H\u00e9lice (Par)<\/b><\/td>\n<td data-path-to-node=\"7,6,1,0\">1<\/td>\n<td data-path-to-node=\"7,6,2,0\">Oferece prote\u00e7\u00e3o extra para voos em ambientes internos ou em baixa altitude.<\/td>\n<\/tr>\n<tr>\n<td data-path-to-node=\"7,7,0,0\"><b>Protetor de cardan<\/b><\/td>\n<td data-path-to-node=\"7,7,1,0\">1<\/td>\n<td data-path-to-node=\"7,7,2,0\">Protege a c\u00e2mera e o gimbal durante o transporte.<\/td>\n<\/tr>\n<\/tbody>\n<\/table>\n<p data-path-to-node=\"8\"><span class=\"citation-53 interactive-span-hovered\">O <\/span><b><span class=\"citation-53 interactive-span-hovered\">DJI Neo 2 Fly More Combo<\/span><\/b><span class=\"citation-53 citation-end-53 interactive-span-hovered\"> \u00e9 mais do que apenas um drone; \u00e9 uma c\u00e2mera voadora pessoal completa que simplifica filmagens complexas, tornando-se a ferramenta perfeita para capturar suas aventuras a partir de uma nova perspectiva de tirar o f\u00f4lego.<\/span><\/p>","protected":false},"excerpt":{"rendered":"<p data-path-to-node=\"1\">Capture o seu mundo com facilidade e liberdade incompar\u00e1veis. <span class=\"citation-65\">O <\/span><b><span class=\"citation-65\">DJI Neo 2 Fly More Combo<\/span><\/b><span class=\"citation-65 citation-end-65\"> \u00c9 o pacote definitivo para iniciantes, viajantes e criadores de conte\u00fado, oferecendo o drone com c\u00e2mera mais compacto e repleto de recursos da DJI, juntamente com acess\u00f3rios essenciais para maximizar seu tempo de voo e potencial criativo.<\/span><\/p>\n<p data-path-to-node=\"2\"><span class=\"citation-64 interactive-span-hovered\">Pesando apenas <\/span><b><span class=\"citation-64 interactive-span-hovered\">151g<\/span><\/b><span class=\"citation-64 citation-end-64 interactive-span-hovered\"> (Com peso inferior a 250g em muitas regi\u00f5es), o Neo 2 \u00e9 incrivelmente port\u00e1til, mas re\u00fane tecnologia avan\u00e7ada e uma c\u00e2mera potente, tornando a filmagem a\u00e9rea com qualidade profissional acess\u00edvel a todos.<\/span><\/p>\n<h3><\/h3>","protected":false},"featured_media":23247,"comment_status":"open","ping_status":"closed","template":"","meta":[],"product_brand":[1031],"product_cat":[37,1290,1292],"product_tag":[42,1293,1295,774],"class_list":{"0":"post-23244","1":"product","2":"type-product","3":"status-publish","4":"has-post-thumbnail","6":"product_brand-dji","7":"product_cat-dji","8":"product_cat-neo-2","9":"product_cat-neos-drones","10":"product_tag-dji","11":"product_tag-dji-neo-2","12":"product_tag-dji-neo-2-drones","13":"product_tag-fly-more-combo","15":"first","16":"instock","17":"taxable","18":"shipping-taxable","19":"purchasable","20":"product-type-simple"},"yoast_head":"<!-- This site is optimized with the Yoast SEO plugin v27.1.1 - https:\/\/yoast.com\/product\/yoast-seo-wordpress\/ -->\n<title>DJI NEO 2 Fly More Combo - Ghostysky<\/title>\n<meta name=\"description\" content=\"Capture your world with unparalleled ease and freedom. The DJI Neo 2 Fly More Combo is the ultimate package for beginners, travelers, and content creators, offering DJI&#039;s most compact and feature-rich camera drone bundled with essential accessories to maximize your flight time and creative potential.Weighing just 151g (under the 250g limit in many regions), the Neo 2 is incredibly portable, yet it packs advanced technology and a powerful camera, making professional-quality aerial videography accessible to everyone.\" \/>\n<meta name=\"robots\" content=\"index, follow, max-snippet:-1, max-image-preview:large, max-video-preview:-1\" \/>\n<link rel=\"canonical\" href=\"https:\/\/www.ghostysky.com\/pt\/produto-2\/dji-neo-2-fly-more-combo\/\" \/>\n<meta property=\"og:locale\" content=\"pt_PT\" \/>\n<meta property=\"og:type\" content=\"article\" \/>\n<meta property=\"og:title\" content=\"DJI NEO 2 Fly More Combo - Ghostysky\" \/>\n<meta property=\"og:description\" content=\"Capture your world with unparalleled ease and freedom. The DJI Neo 2 Fly More Combo is the ultimate package for beginners, travelers, and content creators, offering DJI&#039;s most compact and feature-rich camera drone bundled with essential accessories to maximize your flight time and creative potential.Weighing just 151g (under the 250g limit in many regions), the Neo 2 is incredibly portable, yet it packs advanced technology and a powerful camera, making professional-quality aerial videography accessible to everyone.\" \/>\n<meta property=\"og:url\" content=\"https:\/\/www.ghostysky.com\/pt\/produto-2\/dji-neo-2-fly-more-combo\/\" \/>\n<meta property=\"og:site_name\" content=\"Ghostysky\" \/>\n<meta property=\"article:publisher\" content=\"https:\/\/www.facebook.com\/people\/Ghostysky\/100057676170234\/\" \/>\n<meta property=\"article:modified_time\" content=\"2025-12-30T14:40:33+00:00\" \/>\n<meta property=\"og:image\" content=\"https:\/\/www.ghostysky.com\/wp-content\/uploads\/2025\/11\/GH_DJI-NEO-2-Fly-More-Combo_1.jpg\" \/>\n\t<meta property=\"og:image:width\" content=\"800\" \/>\n\t<meta property=\"og:image:height\" content=\"800\" \/>\n\t<meta property=\"og:image:type\" content=\"image\/jpeg\" \/>\n<meta name=\"twitter:card\" content=\"summary_large_image\" \/>\n<meta name=\"twitter:site\" content=\"@Gh0stysky\" \/>\n<meta name=\"twitter:label1\" content=\"Tempo estimado de leitura\" \/>\n\t<meta name=\"twitter:data1\" content=\"2 minutos\" \/>\n<script type=\"application\/ld+json\" class=\"yoast-schema-graph\">{\"@context\":\"https:\/\/schema.org\",\"@graph\":[{\"@type\":\"WebPage\",\"@id\":\"https:\/\/www.ghostysky.com\/product\/dji-neo-2-fly-more-combo\/\",\"url\":\"https:\/\/www.ghostysky.com\/product\/dji-neo-2-fly-more-combo\/\",\"name\":\"DJI NEO 2 Fly More Combo - Ghostysky\",\"isPartOf\":{\"@id\":\"https:\/\/www.ghostysky.com\/#website\"},\"primaryImageOfPage\":{\"@id\":\"https:\/\/www.ghostysky.com\/product\/dji-neo-2-fly-more-combo\/#primaryimage\"},\"image\":{\"@id\":\"https:\/\/www.ghostysky.com\/product\/dji-neo-2-fly-more-combo\/#primaryimage\"},\"thumbnailUrl\":\"https:\/\/www.ghostysky.com\/wp-content\/uploads\/2025\/11\/GH_DJI-NEO-2-Fly-More-Combo_1.jpg\",\"datePublished\":\"2025-11-18T08:12:23+00:00\",\"dateModified\":\"2025-12-30T14:40:33+00:00\",\"description\":\"Capture your world with unparalleled ease and freedom. The DJI Neo 2 Fly More Combo is the ultimate package for beginners, travelers, and content creators, offering DJI's most compact and feature-rich camera drone bundled with essential accessories to maximize your flight time and creative potential.Weighing just 151g (under the 250g limit in many regions), the Neo 2 is incredibly portable, yet it packs advanced technology and a powerful camera, making professional-quality aerial videography accessible to everyone.\",\"breadcrumb\":{\"@id\":\"https:\/\/www.ghostysky.com\/product\/dji-neo-2-fly-more-combo\/#breadcrumb\"},\"inLanguage\":\"pt-PT\",\"potentialAction\":[{\"@type\":\"ReadAction\",\"target\":[\"https:\/\/www.ghostysky.com\/product\/dji-neo-2-fly-more-combo\/\"]}]},{\"@type\":\"ImageObject\",\"inLanguage\":\"pt-PT\",\"@id\":\"https:\/\/www.ghostysky.com\/product\/dji-neo-2-fly-more-combo\/#primaryimage\",\"url\":\"https:\/\/www.ghostysky.com\/wp-content\/uploads\/2025\/11\/GH_DJI-NEO-2-Fly-More-Combo_1.jpg\",\"contentUrl\":\"https:\/\/www.ghostysky.com\/wp-content\/uploads\/2025\/11\/GH_DJI-NEO-2-Fly-More-Combo_1.jpg\",\"width\":800,\"height\":800},{\"@type\":\"BreadcrumbList\",\"@id\":\"https:\/\/www.ghostysky.com\/product\/dji-neo-2-fly-more-combo\/#breadcrumb\",\"itemListElement\":[{\"@type\":\"ListItem\",\"position\":1,\"name\":\"Home\",\"item\":\"https:\/\/www.ghostysky.com\/\"},{\"@type\":\"ListItem\",\"position\":2,\"name\":\"Shop\",\"item\":\"https:\/\/www.ghostysky.com\/shop\/\"},{\"@type\":\"ListItem\",\"position\":3,\"name\":\"DJI NEO 2 Fly More Combo\"}]},{\"@type\":\"WebSite\",\"@id\":\"https:\/\/www.ghostysky.com\/#website\",\"url\":\"https:\/\/www.ghostysky.com\/\",\"name\":\"Ghostysky\",\"description\":\"Delivering professional drones and services\",\"publisher\":{\"@id\":\"https:\/\/www.ghostysky.com\/#organization\"},\"potentialAction\":[{\"@type\":\"SearchAction\",\"target\":{\"@type\":\"EntryPoint\",\"urlTemplate\":\"https:\/\/www.ghostysky.com\/?s={search_term_string}\"},\"query-input\":{\"@type\":\"PropertyValueSpecification\",\"valueRequired\":true,\"valueName\":\"search_term_string\"}}],\"inLanguage\":\"pt-PT\"},{\"@type\":\"Organization\",\"@id\":\"https:\/\/www.ghostysky.com\/#organization\",\"name\":\"Ghostysky\",\"url\":\"https:\/\/www.ghostysky.com\/\",\"logo\":{\"@type\":\"ImageObject\",\"inLanguage\":\"pt-PT\",\"@id\":\"https:\/\/www.ghostysky.com\/#\/schema\/logo\/image\/\",\"url\":\"https:\/\/www.ghostysky.com\/wp-content\/uploads\/2020\/06\/cropped-ghostyskylogo_text_white2.png\",\"contentUrl\":\"https:\/\/www.ghostysky.com\/wp-content\/uploads\/2020\/06\/cropped-ghostyskylogo_text_white2.png\",\"width\":169,\"height\":56,\"caption\":\"Ghostysky\"},\"image\":{\"@id\":\"https:\/\/www.ghostysky.com\/#\/schema\/logo\/image\/\"},\"sameAs\":[\"https:\/\/www.facebook.com\/people\/Ghostysky\/100057676170234\/\",\"https:\/\/x.com\/Gh0stysky\",\"https:\/\/www.linkedin.com\/company\/34739653\",\"https:\/\/www.instagram.com\/gh0stysky\"]}]}<\/script>\n<!-- \/ Yoast SEO plugin. -->","yoast_head_json":{"title":"DJI NEO 2 Fly More Combo - Ghostysky","description":"Capture o seu mundo com facilidade e liberdade incompar\u00e1veis. O DJI Neo 2 Fly More Combo \u00e9 o pacote definitivo para iniciantes, viajantes e criadores de conte\u00fado, oferecendo o drone com c\u00e2mera mais compacto e repleto de recursos da DJI, juntamente com acess\u00f3rios essenciais para maximizar seu tempo de voo e potencial criativo. Pesando apenas 151g (abaixo do limite de 250g em muitas regi\u00f5es), o Neo 2 \u00e9 incrivelmente port\u00e1til, mas re\u00fane tecnologia avan\u00e7ada e uma c\u00e2mera poderosa, tornando a videografia a\u00e9rea com qualidade profissional acess\u00edvel a todos.","robots":{"index":"index","follow":"follow","max-snippet":"max-snippet:-1","max-image-preview":"max-image-preview:large","max-video-preview":"max-video-preview:-1"},"canonical":"https:\/\/www.ghostysky.com\/pt\/produto-2\/dji-neo-2-fly-more-combo\/","og_locale":"pt_PT","og_type":"article","og_title":"DJI NEO 2 Fly More Combo - Ghostysky","og_description":"Capture your world with unparalleled ease and freedom. The DJI Neo 2 Fly More Combo is the ultimate package for beginners, travelers, and content creators, offering DJI's most compact and feature-rich camera drone bundled with essential accessories to maximize your flight time and creative potential.Weighing just 151g (under the 250g limit in many regions), the Neo 2 is incredibly portable, yet it packs advanced technology and a powerful camera, making professional-quality aerial videography accessible to everyone.","og_url":"https:\/\/www.ghostysky.com\/pt\/produto-2\/dji-neo-2-fly-more-combo\/","og_site_name":"Ghostysky","article_publisher":"https:\/\/www.facebook.com\/people\/Ghostysky\/100057676170234\/","article_modified_time":"2025-12-30T14:40:33+00:00","og_image":[{"width":800,"height":800,"url":"https:\/\/www.ghostysky.com\/wp-content\/uploads\/2025\/11\/GH_DJI-NEO-2-Fly-More-Combo_1.jpg","type":"image\/jpeg"}],"twitter_card":"summary_large_image","twitter_site":"@Gh0stysky","twitter_misc":{"Tempo estimado de leitura":"2 minutos"},"schema":{"@context":"https:\/\/schema.org","@graph":[{"@type":"WebPage","@id":"https:\/\/www.ghostysky.com\/product\/dji-neo-2-fly-more-combo\/","url":"https:\/\/www.ghostysky.com\/product\/dji-neo-2-fly-more-combo\/","name":"DJI NEO 2 Fly More Combo - Ghostysky","isPartOf":{"@id":"https:\/\/www.ghostysky.com\/#website"},"primaryImageOfPage":{"@id":"https:\/\/www.ghostysky.com\/product\/dji-neo-2-fly-more-combo\/#primaryimage"},"image":{"@id":"https:\/\/www.ghostysky.com\/product\/dji-neo-2-fly-more-combo\/#primaryimage"},"thumbnailUrl":"https:\/\/www.ghostysky.com\/wp-content\/uploads\/2025\/11\/GH_DJI-NEO-2-Fly-More-Combo_1.jpg","datePublished":"2025-11-18T08:12:23+00:00","dateModified":"2025-12-30T14:40:33+00:00","description":"Capture o seu mundo com facilidade e liberdade incompar\u00e1veis. O DJI Neo 2 Fly More Combo \u00e9 o pacote definitivo para iniciantes, viajantes e criadores de conte\u00fado, oferecendo o drone com c\u00e2mera mais compacto e repleto de recursos da DJI, juntamente com acess\u00f3rios essenciais para maximizar seu tempo de voo e potencial criativo. Pesando apenas 151g (abaixo do limite de 250g em muitas regi\u00f5es), o Neo 2 \u00e9 incrivelmente port\u00e1til, mas re\u00fane tecnologia avan\u00e7ada e uma c\u00e2mera poderosa, tornando a videografia a\u00e9rea com qualidade profissional acess\u00edvel a todos.","breadcrumb":{"@id":"https:\/\/www.ghostysky.com\/product\/dji-neo-2-fly-more-combo\/#breadcrumb"},"inLanguage":"pt-PT","potentialAction":[{"@type":"ReadAction","target":["https:\/\/www.ghostysky.com\/product\/dji-neo-2-fly-more-combo\/"]}]},{"@type":"ImageObject","inLanguage":"pt-PT","@id":"https:\/\/www.ghostysky.com\/product\/dji-neo-2-fly-more-combo\/#primaryimage","url":"https:\/\/www.ghostysky.com\/wp-content\/uploads\/2025\/11\/GH_DJI-NEO-2-Fly-More-Combo_1.jpg","contentUrl":"https:\/\/www.ghostysky.com\/wp-content\/uploads\/2025\/11\/GH_DJI-NEO-2-Fly-More-Combo_1.jpg","width":800,"height":800},{"@type":"BreadcrumbList","@id":"https:\/\/www.ghostysky.com\/product\/dji-neo-2-fly-more-combo\/#breadcrumb","itemListElement":[{"@type":"ListItem","position":1,"name":"Home","item":"https:\/\/www.ghostysky.com\/"},{"@type":"ListItem","position":2,"name":"Shop","item":"https:\/\/www.ghostysky.com\/shop\/"},{"@type":"ListItem","position":3,"name":"DJI NEO 2 Fly More Combo"}]},{"@type":"WebSite","@id":"https:\/\/www.ghostysky.com\/#website","url":"https:\/\/www.ghostysky.com\/","name":"Ghostysky","description":"Fornecendo drones e servi\u00e7os profissionais","publisher":{"@id":"https:\/\/www.ghostysky.com\/#organization"},"potentialAction":[{"@type":"SearchAction","target":{"@type":"EntryPoint","urlTemplate":"https:\/\/www.ghostysky.com\/?s={search_term_string}"},"query-input":{"@type":"PropertyValueSpecification","valueRequired":true,"valueName":"search_term_string"}}],"inLanguage":"pt-PT"},{"@type":"Organization","@id":"https:\/\/www.ghostysky.com\/#organization","name":"Ghostysky","url":"https:\/\/www.ghostysky.com\/","logo":{"@type":"ImageObject","inLanguage":"pt-PT","@id":"https:\/\/www.ghostysky.com\/#\/schema\/logo\/image\/","url":"https:\/\/www.ghostysky.com\/wp-content\/uploads\/2020\/06\/cropped-ghostyskylogo_text_white2.png","contentUrl":"https:\/\/www.ghostysky.com\/wp-content\/uploads\/2020\/06\/cropped-ghostyskylogo_text_white2.png","width":169,"height":56,"caption":"Ghostysky"},"image":{"@id":"https:\/\/www.ghostysky.com\/#\/schema\/logo\/image\/"},"sameAs":["https:\/\/www.facebook.com\/people\/Ghostysky\/100057676170234\/","https:\/\/x.com\/Gh0stysky","https:\/\/www.linkedin.com\/company\/34739653","https:\/\/www.instagram.com\/gh0stysky"]}]}},"_links":{"self":[{"href":"https:\/\/www.ghostysky.com\/pt\/wp-json\/wp\/v2\/product\/23244","targetHints":{"allow":["GET"]}}],"collection":[{"href":"https:\/\/www.ghostysky.com\/pt\/wp-json\/wp\/v2\/product"}],"about":[{"href":"https:\/\/www.ghostysky.com\/pt\/wp-json\/wp\/v2\/types\/product"}],"replies":[{"embeddable":true,"href":"https:\/\/www.ghostysky.com\/pt\/wp-json\/wp\/v2\/comments?post=23244"}],"wp:featuredmedia":[{"embeddable":true,"href":"https:\/\/www.ghostysky.com\/pt\/wp-json\/wp\/v2\/media\/23247"}],"wp:attachment":[{"href":"https:\/\/www.ghostysky.com\/pt\/wp-json\/wp\/v2\/media?parent=23244"}],"wp:term":[{"taxonomy":"product_brand","embeddable":true,"href":"https:\/\/www.ghostysky.com\/pt\/wp-json\/wp\/v2\/product_brand?post=23244"},{"taxonomy":"product_cat","embeddable":true,"href":"https:\/\/www.ghostysky.com\/pt\/wp-json\/wp\/v2\/product_cat?post=23244"},{"taxonomy":"product_tag","embeddable":true,"href":"https:\/\/www.ghostysky.com\/pt\/wp-json\/wp\/v2\/product_tag?post=23244"}],"curies":[{"name":"wp","href":"https:\/\/api.w.org\/{rel}","templated":true}]}}