{"id":23248,"date":"2025-11-18T08:18:39","date_gmt":"2025-11-18T08:18:39","guid":{"rendered":"https:\/\/www.ghostysky.com\/?post_type=product&#038;p=23248"},"modified":"2025-11-18T12:35:27","modified_gmt":"2025-11-18T12:35:27","slug":"dji-neo-2-drone-only","status":"publish","type":"product","link":"https:\/\/www.ghostysky.com\/pt\/product\/dji-neo-2-drone-only\/","title":{"rendered":"DJI NEO 2 (Somente o drone)"},"content":{"rendered":"<h4>Caracter\u00edsticas principais<\/h4>\n<ul data-path-to-node=\"4\">\n<li>\n<p data-path-to-node=\"4,0,0\"><b><span class=\"citation-104\">Design compacto e seguro:<\/span><\/b><span class=\"citation-104\"> Por apenas <\/span><b><span class=\"citation-104\">151g<\/span><\/b><span class=\"citation-104 citation-end-104\">O Neo 2 \u00e9 altamente port\u00e1til.<\/span> <span class=\"citation-103 citation-end-103\">Seu design integrado e protetores de h\u00e9lice compat\u00edveis com cobertura total tornam-no seguro para uso interno e para voos em proximidade.<\/span><\/p>\n<\/li>\n<li>\n<p data-path-to-node=\"4,1,0\"><b>Imagens 4K de alta qualidade:<\/b><span class=\"citation-102\"> Capture imagens impressionantes com o <\/span><b><span class=\"citation-102\">Sensor CMOS de 12 MP e 1\/2 polegada<\/span><\/b><span class=\"citation-102\"> e <\/span><b><span class=\"citation-102\">Gimbal mec\u00e2nico de 2 eixos<\/span><\/b><span class=\"citation-102 citation-end-102\">.<\/span> <span class=\"citation-101\">Grave v\u00eddeos suaves e cinematogr\u00e1ficos em <\/span><b><span class=\"citation-101\">4K\/60fps<\/span><\/b><span class=\"citation-101\"> e incr\u00edvel <\/span><b><span class=\"citation-101\">C\u00e2mera lenta em 4K\/100fps<\/span><\/b><span class=\"citation-101 citation-end-101\">.<\/span> Ele at\u00e9 suporta <b>Grava\u00e7\u00e3o vertical em 2.7K<\/b> para conte\u00fado pronto para redes sociais.<\/p>\n<\/li>\n<li>\n<p data-path-to-node=\"4,2,0\"><b>Detec\u00e7\u00e3o de obst\u00e1culos omnidirecional:<\/b> Voe com confian\u00e7a. <span class=\"citation-100\">O Neo 2 apresenta um sistema de vis\u00e3o avan\u00e7ado combinado com <\/span><b><span class=\"citation-100\">LiDAR voltado para a frente<\/span><\/b><span class=\"citation-100 citation-end-100\"> e sensores infravermelhos descendentes para detectar obst\u00e1culos em todas as dire\u00e7\u00f5es, aumentando a seguran\u00e7a para iniciantes.<\/span><\/p>\n<div class=\"source-inline-chip-container ng-star-inserted\"><\/div>\n<\/li>\n<li>\n<p data-path-to-node=\"4,3,0\"><b>Controle inteligente sem usar as m\u00e3os:<\/b> Domine o voo com facilidade usando recursos inovadores:<\/p>\n<ul data-path-to-node=\"4,3,1\">\n<li>\n<p data-path-to-node=\"4,3,1,0,0\"><b><span class=\"citation-99\">Decolagem e retorno \u00e0 palma da m\u00e3o:<\/span><\/b><span class=\"citation-99 citation-end-99\"> Decole e pouse com seguran\u00e7a diretamente da palma da sua m\u00e3o.<\/span><\/p>\n<\/li>\n<li>\n<p data-path-to-node=\"4,3,1,1,0\"><b><span class=\"citation-98\">Controle por gestos e voz:<\/span><\/b><span class=\"citation-98 citation-end-98\"> Tire fotos e comece a gravar sem tocar em um controle.<\/span><\/p>\n<\/li>\n<li>\n<p data-path-to-node=\"4,3,1,2,0\"><b>ActiveTrack:<\/b><span class=\"citation-97\"> O sistema aprimorado pode seguir indiv\u00edduos (incluindo um novo <\/span><b><span class=\"citation-97\">Ciclismo<\/span><\/b><span class=\"citation-97\"> op\u00e7\u00e3o) em velocidades de at\u00e9 <\/span><b><span class=\"citation-97\">12 m\/s<\/span><\/b><span class=\"citation-97 citation-end-97\">, garantindo que voc\u00ea esteja sempre na foto.<\/span><\/p>\n<\/li>\n<li>\n<p data-path-to-node=\"4,3,1,3,0\"><b>Modos inteligentes:<\/b><span class=\"citation-96\"> Obtenha resultados com apar\u00eancia profissional sem esfor\u00e7o com <\/span><b><span class=\"citation-96\">Selfie<\/span><\/b><span class=\"citation-96\">, <\/span><b><span class=\"citation-96\">MasterShots<\/span><\/b><span class=\"citation-96\">, <\/span><b><span class=\"citation-96\">Dolly Zoom<\/span><\/b><span class=\"citation-96\">e cl\u00e1ssico <\/span><b><span class=\"citation-96\">Fotos r\u00e1pidas<\/span><\/b><span class=\"citation-96 citation-end-96\">.<\/span><\/p>\n<div class=\"source-inline-chip-container ng-star-inserted\"><\/div>\n<\/li>\n<\/ul>\n<\/li>\n<li>\n<p data-path-to-node=\"4,4,0\"><b><span class=\"citation-95\">Amplo espa\u00e7o de armazenamento interno:<\/span><\/b><span class=\"citation-95\"> Com <\/span><b><span class=\"citation-95\">49 GB de armazenamento interno<\/span><\/b><span class=\"citation-95\">Voc\u00ea pode gravar v\u00eddeos longos em 4K sem precisar de um cart\u00e3o SD externo e usar <\/span><b><span class=\"citation-95\">Transfer\u00eancia r\u00e1pida<\/span><\/b><span class=\"citation-95 citation-end-95\"> Para baixar arquivos rapidamente para o seu celular.<\/span><\/p>\n<\/li>\n<li>\n<p data-path-to-node=\"4,5,0\"><b>Voo vers\u00e1til:<\/b><span class=\"citation-94\"> Desfrute de at\u00e9 <\/span><b><span class=\"citation-94\">19 minutos<\/span><\/b><span class=\"citation-94 citation-end-94\"> tempo de voo e desempenho confi\u00e1vel com resist\u00eancia ao vento de n\u00edvel 5.<\/span><\/p>\n<div class=\"source-inline-chip-container ng-star-inserted\"><\/div>\n<\/li>\n<\/ul>\n<h4>Conte\u00fado da caixa (somente para drones)<\/h4>\n<ul data-path-to-node=\"7\">\n<li>\n<p data-path-to-node=\"7,0,0\"><span class=\"citation-93 citation-end-93\">Aeronave DJI Neo 2 (Drone)<\/span><\/p>\n<\/li>\n<li>\n<p data-path-to-node=\"7,1,0\"><span class=\"citation-92 citation-end-92\">1 \u00d7 Bateria de Voo Inteligente<\/span><\/p>\n<\/li>\n<li>\n<p data-path-to-node=\"7,2,0\"><span class=\"citation-91 citation-end-91\">H\u00e9lices sobressalentes (par)<\/span><\/p>\n<\/li>\n<li>\n<p data-path-to-node=\"7,3,0\"><span class=\"citation-90 citation-end-90\">Parafusos de h\u00e9lice sobressalentes<\/span><\/p>\n<\/li>\n<li>\n<p data-path-to-node=\"7,4,0\"><span class=\"citation-89 citation-end-89\">Chave de fenda<\/span><\/p>\n<\/li>\n<li>\n<p data-path-to-node=\"7,5,0\"><span class=\"citation-88 citation-end-88\">Protetor de cardan<\/span><\/p>\n<\/li>\n<li>\n<p data-path-to-node=\"7,6,0\"><span class=\"citation-87 citation-end-87\">Cabo USB-C<\/span><\/p>\n<\/li>\n<li>\n<p data-path-to-node=\"7,7,0\">Guia de In\u00edcio R\u00e1pido<\/p>\n<\/li>\n<\/ul>\n<p data-path-to-node=\"9\"><b>Observa\u00e7\u00e3o:<\/b> O <b>DJI Neo 2 (Apenas o drone)<\/b> o pacote faz <b>n\u00e3o<\/b> Inclui um controle remoto ou o componente do sistema de transmiss\u00e3o de v\u00eddeo O4. Estes podem ser adquiridos separadamente ou encontrados nos combos Fly More para maior alcance e controle avan\u00e7ado.<\/p>","protected":false},"excerpt":{"rendered":"<p><span class=\"citation-107\">O <\/span><b><span class=\"citation-107\">DJI Neo 2 (Apenas o drone)<\/span><\/b><span class=\"citation-107 citation-end-107\"> \u00c9 o drone com c\u00e2mera pessoal compacto definitivo, projetado para capturas criativas e sem esfor\u00e7o.<\/span> <span class=\"citation-106\">Pesando aproximadamente <\/span><b><span class=\"citation-106\">151g<\/span><\/b><span class=\"citation-106 citation-end-106\">Esta aeronave ultraleve \u00e9 perfeita para iniciantes, viajantes e criadores de conte\u00fado que buscam uma experi\u00eancia de voo segura, potente e sem a necessidade de usar as m\u00e3os.<\/span> <span class=\"citation-105\">Este pacote \u00e9 ideal se voc\u00ea j\u00e1 possui um controle remoto DJI compat\u00edvel ou prefere usar um. <\/span><b><span class=\"citation-105\">Controle por gestos\/voz e seu celular<\/span><\/b><span class=\"citation-105 citation-end-105\"> para voo.<\/span><\/p>","protected":false},"featured_media":23251,"comment_status":"open","ping_status":"closed","template":"","meta":[],"product_brand":[1031],"product_cat":[37,29,1290,1292],"product_tag":[42,1293,1295],"class_list":{"0":"post-23248","1":"product","2":"type-product","3":"status-publish","4":"has-post-thumbnail","6":"product_brand-dji","7":"product_cat-dji","8":"product_cat-drones","9":"product_cat-neo-2","10":"product_cat-neos-drones","11":"product_tag-dji","12":"product_tag-dji-neo-2","13":"product_tag-dji-neo-2-drones","15":"first","16":"instock","17":"taxable","18":"shipping-taxable","19":"purchasable","20":"product-type-simple"},"yoast_head":"<!-- This site is optimized with the Yoast SEO plugin v27.1.1 - https:\/\/yoast.com\/product\/yoast-seo-wordpress\/ -->\n<title>DJI NEO 2 (Drone Only) - Ghostysky<\/title>\n<meta name=\"description\" content=\"The DJI Neo 2 (Drone Only) is the ultimate compact, personal camera drone, designed for effortless, creative capture. Weighing in at approximately 151g, this ultra-light aircraft is perfect for beginners, travelers, and content creators looking for a hands-free, safe, and powerful flying experience. This package is ideal if you already own a compatible DJI remote controller or prefer to use gesture\/voice control and your mobile phone for flight.\" \/>\n<meta name=\"robots\" content=\"index, follow, max-snippet:-1, max-image-preview:large, max-video-preview:-1\" \/>\n<link rel=\"canonical\" href=\"https:\/\/www.ghostysky.com\/pt\/produto-2\/dji-neo-2-drone-only\/\" \/>\n<meta property=\"og:locale\" content=\"pt_PT\" \/>\n<meta property=\"og:type\" content=\"article\" \/>\n<meta property=\"og:title\" content=\"DJI NEO 2 (Drone Only) - Ghostysky\" \/>\n<meta property=\"og:description\" content=\"The DJI Neo 2 (Drone Only) is the ultimate compact, personal camera drone, designed for effortless, creative capture. Weighing in at approximately 151g, this ultra-light aircraft is perfect for beginners, travelers, and content creators looking for a hands-free, safe, and powerful flying experience. This package is ideal if you already own a compatible DJI remote controller or prefer to use gesture\/voice control and your mobile phone for flight.\" \/>\n<meta property=\"og:url\" content=\"https:\/\/www.ghostysky.com\/pt\/produto-2\/dji-neo-2-drone-only\/\" \/>\n<meta property=\"og:site_name\" content=\"Ghostysky\" \/>\n<meta property=\"article:publisher\" content=\"https:\/\/www.facebook.com\/people\/Ghostysky\/100057676170234\/\" \/>\n<meta property=\"article:modified_time\" content=\"2025-11-18T12:35:27+00:00\" \/>\n<meta property=\"og:image\" content=\"https:\/\/www.ghostysky.com\/wp-content\/uploads\/2025\/11\/GH_DJI-NEO-2-Drone-Only_1.jpg\" \/>\n\t<meta property=\"og:image:width\" content=\"800\" \/>\n\t<meta property=\"og:image:height\" content=\"800\" \/>\n\t<meta property=\"og:image:type\" content=\"image\/jpeg\" \/>\n<meta name=\"twitter:card\" content=\"summary_large_image\" \/>\n<meta name=\"twitter:site\" content=\"@Gh0stysky\" \/>\n<meta name=\"twitter:label1\" content=\"Tempo estimado de leitura\" \/>\n\t<meta name=\"twitter:data1\" content=\"2 minutos\" \/>\n<script type=\"application\/ld+json\" class=\"yoast-schema-graph\">{\"@context\":\"https:\/\/schema.org\",\"@graph\":[{\"@type\":\"WebPage\",\"@id\":\"https:\/\/www.ghostysky.com\/product\/dji-neo-2-drone-only\/\",\"url\":\"https:\/\/www.ghostysky.com\/product\/dji-neo-2-drone-only\/\",\"name\":\"DJI NEO 2 (Drone Only) - Ghostysky\",\"isPartOf\":{\"@id\":\"https:\/\/www.ghostysky.com\/#website\"},\"primaryImageOfPage\":{\"@id\":\"https:\/\/www.ghostysky.com\/product\/dji-neo-2-drone-only\/#primaryimage\"},\"image\":{\"@id\":\"https:\/\/www.ghostysky.com\/product\/dji-neo-2-drone-only\/#primaryimage\"},\"thumbnailUrl\":\"https:\/\/www.ghostysky.com\/wp-content\/uploads\/2025\/11\/GH_DJI-NEO-2-Drone-Only_1.jpg\",\"datePublished\":\"2025-11-18T08:18:39+00:00\",\"dateModified\":\"2025-11-18T12:35:27+00:00\",\"description\":\"The DJI Neo 2 (Drone Only) is the ultimate compact, personal camera drone, designed for effortless, creative capture. Weighing in at approximately 151g, this ultra-light aircraft is perfect for beginners, travelers, and content creators looking for a hands-free, safe, and powerful flying experience. This package is ideal if you already own a compatible DJI remote controller or prefer to use gesture\/voice control and your mobile phone for flight.\",\"breadcrumb\":{\"@id\":\"https:\/\/www.ghostysky.com\/product\/dji-neo-2-drone-only\/#breadcrumb\"},\"inLanguage\":\"pt-PT\",\"potentialAction\":[{\"@type\":\"ReadAction\",\"target\":[\"https:\/\/www.ghostysky.com\/product\/dji-neo-2-drone-only\/\"]}]},{\"@type\":\"ImageObject\",\"inLanguage\":\"pt-PT\",\"@id\":\"https:\/\/www.ghostysky.com\/product\/dji-neo-2-drone-only\/#primaryimage\",\"url\":\"https:\/\/www.ghostysky.com\/wp-content\/uploads\/2025\/11\/GH_DJI-NEO-2-Drone-Only_1.jpg\",\"contentUrl\":\"https:\/\/www.ghostysky.com\/wp-content\/uploads\/2025\/11\/GH_DJI-NEO-2-Drone-Only_1.jpg\",\"width\":800,\"height\":800},{\"@type\":\"BreadcrumbList\",\"@id\":\"https:\/\/www.ghostysky.com\/product\/dji-neo-2-drone-only\/#breadcrumb\",\"itemListElement\":[{\"@type\":\"ListItem\",\"position\":1,\"name\":\"Home\",\"item\":\"https:\/\/www.ghostysky.com\/\"},{\"@type\":\"ListItem\",\"position\":2,\"name\":\"Shop\",\"item\":\"https:\/\/www.ghostysky.com\/shop\/\"},{\"@type\":\"ListItem\",\"position\":3,\"name\":\"DJI NEO 2 (Drone Only)\"}]},{\"@type\":\"WebSite\",\"@id\":\"https:\/\/www.ghostysky.com\/#website\",\"url\":\"https:\/\/www.ghostysky.com\/\",\"name\":\"Ghostysky\",\"description\":\"Delivering professional drones and services\",\"publisher\":{\"@id\":\"https:\/\/www.ghostysky.com\/#organization\"},\"potentialAction\":[{\"@type\":\"SearchAction\",\"target\":{\"@type\":\"EntryPoint\",\"urlTemplate\":\"https:\/\/www.ghostysky.com\/?s={search_term_string}\"},\"query-input\":{\"@type\":\"PropertyValueSpecification\",\"valueRequired\":true,\"valueName\":\"search_term_string\"}}],\"inLanguage\":\"pt-PT\"},{\"@type\":\"Organization\",\"@id\":\"https:\/\/www.ghostysky.com\/#organization\",\"name\":\"Ghostysky\",\"url\":\"https:\/\/www.ghostysky.com\/\",\"logo\":{\"@type\":\"ImageObject\",\"inLanguage\":\"pt-PT\",\"@id\":\"https:\/\/www.ghostysky.com\/#\/schema\/logo\/image\/\",\"url\":\"https:\/\/www.ghostysky.com\/wp-content\/uploads\/2020\/06\/cropped-ghostyskylogo_text_white2.png\",\"contentUrl\":\"https:\/\/www.ghostysky.com\/wp-content\/uploads\/2020\/06\/cropped-ghostyskylogo_text_white2.png\",\"width\":169,\"height\":56,\"caption\":\"Ghostysky\"},\"image\":{\"@id\":\"https:\/\/www.ghostysky.com\/#\/schema\/logo\/image\/\"},\"sameAs\":[\"https:\/\/www.facebook.com\/people\/Ghostysky\/100057676170234\/\",\"https:\/\/x.com\/Gh0stysky\",\"https:\/\/www.linkedin.com\/company\/34739653\",\"https:\/\/www.instagram.com\/gh0stysky\"]}]}<\/script>\n<!-- \/ Yoast SEO plugin. -->","yoast_head_json":{"title":"DJI NEO 2 (Apenas Drone) - Ghostysky","description":"O DJI Neo 2 (somente o drone) \u00e9 o drone compacto definitivo para uso pessoal, projetado para capturar imagens criativas sem esfor\u00e7o. Pesando aproximadamente 151g, esta aeronave ultraleve \u00e9 perfeita para iniciantes, viajantes e criadores de conte\u00fado que buscam uma experi\u00eancia de voo segura, potente e com as m\u00e3os livres. Este pacote \u00e9 ideal se voc\u00ea j\u00e1 possui um controle remoto DJI compat\u00edvel ou prefere usar o controle por gestos\/voz e seu celular para voar.","robots":{"index":"index","follow":"follow","max-snippet":"max-snippet:-1","max-image-preview":"max-image-preview:large","max-video-preview":"max-video-preview:-1"},"canonical":"https:\/\/www.ghostysky.com\/pt\/produto-2\/dji-neo-2-drone-only\/","og_locale":"pt_PT","og_type":"article","og_title":"DJI NEO 2 (Drone Only) - Ghostysky","og_description":"The DJI Neo 2 (Drone Only) is the ultimate compact, personal camera drone, designed for effortless, creative capture. Weighing in at approximately 151g, this ultra-light aircraft is perfect for beginners, travelers, and content creators looking for a hands-free, safe, and powerful flying experience. This package is ideal if you already own a compatible DJI remote controller or prefer to use gesture\/voice control and your mobile phone for flight.","og_url":"https:\/\/www.ghostysky.com\/pt\/produto-2\/dji-neo-2-drone-only\/","og_site_name":"Ghostysky","article_publisher":"https:\/\/www.facebook.com\/people\/Ghostysky\/100057676170234\/","article_modified_time":"2025-11-18T12:35:27+00:00","og_image":[{"width":800,"height":800,"url":"https:\/\/www.ghostysky.com\/wp-content\/uploads\/2025\/11\/GH_DJI-NEO-2-Drone-Only_1.jpg","type":"image\/jpeg"}],"twitter_card":"summary_large_image","twitter_site":"@Gh0stysky","twitter_misc":{"Tempo estimado de leitura":"2 minutos"},"schema":{"@context":"https:\/\/schema.org","@graph":[{"@type":"WebPage","@id":"https:\/\/www.ghostysky.com\/product\/dji-neo-2-drone-only\/","url":"https:\/\/www.ghostysky.com\/product\/dji-neo-2-drone-only\/","name":"DJI NEO 2 (Apenas Drone) - Ghostysky","isPartOf":{"@id":"https:\/\/www.ghostysky.com\/#website"},"primaryImageOfPage":{"@id":"https:\/\/www.ghostysky.com\/product\/dji-neo-2-drone-only\/#primaryimage"},"image":{"@id":"https:\/\/www.ghostysky.com\/product\/dji-neo-2-drone-only\/#primaryimage"},"thumbnailUrl":"https:\/\/www.ghostysky.com\/wp-content\/uploads\/2025\/11\/GH_DJI-NEO-2-Drone-Only_1.jpg","datePublished":"2025-11-18T08:18:39+00:00","dateModified":"2025-11-18T12:35:27+00:00","description":"O DJI Neo 2 (somente o drone) \u00e9 o drone compacto definitivo para uso pessoal, projetado para capturar imagens criativas sem esfor\u00e7o. Pesando aproximadamente 151g, esta aeronave ultraleve \u00e9 perfeita para iniciantes, viajantes e criadores de conte\u00fado que buscam uma experi\u00eancia de voo segura, potente e com as m\u00e3os livres. Este pacote \u00e9 ideal se voc\u00ea j\u00e1 possui um controle remoto DJI compat\u00edvel ou prefere usar o controle por gestos\/voz e seu celular para voar.","breadcrumb":{"@id":"https:\/\/www.ghostysky.com\/product\/dji-neo-2-drone-only\/#breadcrumb"},"inLanguage":"pt-PT","potentialAction":[{"@type":"ReadAction","target":["https:\/\/www.ghostysky.com\/product\/dji-neo-2-drone-only\/"]}]},{"@type":"ImageObject","inLanguage":"pt-PT","@id":"https:\/\/www.ghostysky.com\/product\/dji-neo-2-drone-only\/#primaryimage","url":"https:\/\/www.ghostysky.com\/wp-content\/uploads\/2025\/11\/GH_DJI-NEO-2-Drone-Only_1.jpg","contentUrl":"https:\/\/www.ghostysky.com\/wp-content\/uploads\/2025\/11\/GH_DJI-NEO-2-Drone-Only_1.jpg","width":800,"height":800},{"@type":"BreadcrumbList","@id":"https:\/\/www.ghostysky.com\/product\/dji-neo-2-drone-only\/#breadcrumb","itemListElement":[{"@type":"ListItem","position":1,"name":"Home","item":"https:\/\/www.ghostysky.com\/"},{"@type":"ListItem","position":2,"name":"Shop","item":"https:\/\/www.ghostysky.com\/shop\/"},{"@type":"ListItem","position":3,"name":"DJI NEO 2 (Drone Only)"}]},{"@type":"WebSite","@id":"https:\/\/www.ghostysky.com\/#website","url":"https:\/\/www.ghostysky.com\/","name":"Ghostysky","description":"Fornecendo drones e servi\u00e7os profissionais","publisher":{"@id":"https:\/\/www.ghostysky.com\/#organization"},"potentialAction":[{"@type":"SearchAction","target":{"@type":"EntryPoint","urlTemplate":"https:\/\/www.ghostysky.com\/?s={search_term_string}"},"query-input":{"@type":"PropertyValueSpecification","valueRequired":true,"valueName":"search_term_string"}}],"inLanguage":"pt-PT"},{"@type":"Organization","@id":"https:\/\/www.ghostysky.com\/#organization","name":"Ghostysky","url":"https:\/\/www.ghostysky.com\/","logo":{"@type":"ImageObject","inLanguage":"pt-PT","@id":"https:\/\/www.ghostysky.com\/#\/schema\/logo\/image\/","url":"https:\/\/www.ghostysky.com\/wp-content\/uploads\/2020\/06\/cropped-ghostyskylogo_text_white2.png","contentUrl":"https:\/\/www.ghostysky.com\/wp-content\/uploads\/2020\/06\/cropped-ghostyskylogo_text_white2.png","width":169,"height":56,"caption":"Ghostysky"},"image":{"@id":"https:\/\/www.ghostysky.com\/#\/schema\/logo\/image\/"},"sameAs":["https:\/\/www.facebook.com\/people\/Ghostysky\/100057676170234\/","https:\/\/x.com\/Gh0stysky","https:\/\/www.linkedin.com\/company\/34739653","https:\/\/www.instagram.com\/gh0stysky"]}]}},"_links":{"self":[{"href":"https:\/\/www.ghostysky.com\/pt\/wp-json\/wp\/v2\/product\/23248","targetHints":{"allow":["GET"]}}],"collection":[{"href":"https:\/\/www.ghostysky.com\/pt\/wp-json\/wp\/v2\/product"}],"about":[{"href":"https:\/\/www.ghostysky.com\/pt\/wp-json\/wp\/v2\/types\/product"}],"replies":[{"embeddable":true,"href":"https:\/\/www.ghostysky.com\/pt\/wp-json\/wp\/v2\/comments?post=23248"}],"wp:featuredmedia":[{"embeddable":true,"href":"https:\/\/www.ghostysky.com\/pt\/wp-json\/wp\/v2\/media\/23251"}],"wp:attachment":[{"href":"https:\/\/www.ghostysky.com\/pt\/wp-json\/wp\/v2\/media?parent=23248"}],"wp:term":[{"taxonomy":"product_brand","embeddable":true,"href":"https:\/\/www.ghostysky.com\/pt\/wp-json\/wp\/v2\/product_brand?post=23248"},{"taxonomy":"product_cat","embeddable":true,"href":"https:\/\/www.ghostysky.com\/pt\/wp-json\/wp\/v2\/product_cat?post=23248"},{"taxonomy":"product_tag","embeddable":true,"href":"https:\/\/www.ghostysky.com\/pt\/wp-json\/wp\/v2\/product_tag?post=23248"}],"curies":[{"name":"wp","href":"https:\/\/api.w.org\/{rel}","templated":true}]}}