{"id":23263,"date":"2025-11-18T12:12:25","date_gmt":"2025-11-18T12:12:25","guid":{"rendered":"https:\/\/www.ghostysky.com\/?post_type=product&#038;p=23263"},"modified":"2025-11-18T12:37:15","modified_gmt":"2025-11-18T12:37:15","slug":"dji-neo-2-digital-transceiver","status":"publish","type":"product","link":"https:\/\/www.ghostysky.com\/pt\/product\/dji-neo-2-digital-transceiver\/","title":{"rendered":"Transceptor digital DJI Neo 2"},"content":{"rendered":"<h4>Caracter\u00edsticas principais<\/h4>\n<ul data-path-to-node=\"3\">\n<li>\n<p data-path-to-node=\"3,0,0\"><b><span class=\"citation-35\">Transmiss\u00e3o de v\u00eddeo est\u00e1vel e com baixa lat\u00eancia:<\/span><\/b><span class=\"citation-35 citation-end-35\"> Projetado especificamente para o DJI Neo 2, o transceptor fornece uma transmiss\u00e3o de v\u00eddeo ao vivo n\u00edtida, confi\u00e1vel e com baixa lat\u00eancia.<sup class=\"superscript\" data-turn-source-index=\"3\">3<\/sup><\/span> <span class=\"citation-34 citation-end-34\">Isso \u00e9 crucial para uma pilotagem precisa e para capturar momentos cr\u00edticos, especialmente ao voar com \u00f3culos de realidade virtual para uma experi\u00eancia de vis\u00e3o em primeira pessoa (FPV).<\/span><\/p>\n<\/li>\n<li>\n<p data-path-to-node=\"3,1,0\"><b><span class=\"citation-33\">Sistema de transmiss\u00e3o O4:<\/span><\/b><span class=\"citation-33 citation-end-33\"> Quando instalado, ele ativa todas as funcionalidades da tecnologia de transmiss\u00e3o de v\u00eddeo O4 da DJI, ampliando significativamente o alcance operacional do drone e melhorando a estabilidade do sinal em compara\u00e7\u00e3o com o modo padr\u00e3o somente Wi-Fi.<\/span><\/p>\n<\/li>\n<li>\n<p data-path-to-node=\"3,2,0\"><b>Compatibilidade entre o controle e os \u00f3culos:<\/b><span class=\"citation-32\"> Este m\u00f3dulo \u00e9 necess\u00e1rio para emparelhar o seu Neo 2 com acess\u00f3rios compat\u00edveis, como o <\/span><b><span class=\"citation-32\">\u00d3culos DJI<\/span><\/b><span class=\"citation-32\"> (como os \u00f3culos N3 ou os \u00f3culos 3) e os <\/span><b><span class=\"citation-32\">Controles remotos da DJI<\/span><\/b><span class=\"citation-32 citation-end-32\"> (como o RC-N3 ou o Controlador de Movimento), proporcionando controle de n\u00edvel profissional e uma perspectiva de voo imersiva.<\/span><\/p>\n<\/li>\n<li>\n<p data-path-to-node=\"3,3,0\"><b><span class=\"citation-31\">Design ultraleve:<\/span><\/b><span class=\"citation-31\"> Pesando aproximadamente <\/span><b><span class=\"citation-31\">9 gramas<\/span><\/b><span class=\"citation-31 citation-end-31\">O transceptor est\u00e1 perfeitamente integrado ao design do Neo 2, adicionando um peso m\u00ednimo para garantir que o drone permane\u00e7a \u00e1gil e em conformidade com as regulamenta\u00e7\u00f5es locais de menos de 250g (com protetores de h\u00e9lice instalados).<\/span><\/p>\n<\/li>\n<li>\n<p data-path-to-node=\"3,4,0\"><b><span class=\"citation-30\">Integra\u00e7\u00e3o simples:<\/span><\/b><span class=\"citation-30 citation-end-30\"> Com um design plug-and-play, o transceptor se conecta diretamente \u00e0 parte traseira do seu DJI Neo 2 para uma conex\u00e3o r\u00e1pida e segura.<\/span><\/p>\n<\/li>\n<\/ul>\n<h4>Especifica\u00e7\u00f5es em resumo<\/h4>\n<table data-path-to-node=\"5\">\n<thead>\n<tr>\n<td><strong>Recurso<\/strong><\/td>\n<td><strong>Detalhe<\/strong><\/td>\n<\/tr>\n<\/thead>\n<tbody>\n<tr>\n<td data-path-to-node=\"5,1,0,0\"><b>Compatibilidade<\/b><\/td>\n<td data-path-to-node=\"5,1,1,0\">Drone DJI Neo 2<\/td>\n<\/tr>\n<tr>\n<td data-path-to-node=\"5,2,0,0\"><b>Fun\u00e7\u00e3o<\/b><\/td>\n<td data-path-to-node=\"5,2,1,0\">Transmiss\u00e3o est\u00e1vel de v\u00eddeo e dados digitais<\/td>\n<\/tr>\n<tr>\n<td data-path-to-node=\"5,3,0,0\"><b>Sistema de transmiss\u00e3o<\/b><\/td>\n<td data-path-to-node=\"5,3,1,0\">O4 (Permite o uso de controles remotos\/\u00f3culos compat\u00edveis com O4)<\/td>\n<\/tr>\n<tr>\n<td data-path-to-node=\"5,4,0,0\"><b>Dimens\u00f5es (C\u00d7L\u00d7A)<\/b><\/td>\n<td data-path-to-node=\"5,4,1,0\"><span class=\"math-inline\" data-math=\"44.6 \\times 27 \\times 44.6 \\text{ mm}\">44,6 x 27 x 44,6 mm<\/span><\/td>\n<\/tr>\n<tr>\n<td data-path-to-node=\"5,5,0,0\"><b>Peso<\/b><\/td>\n<td data-path-to-node=\"5,5,1,0\">Aprox. <span class=\"math-inline\" data-math=\"9 \\text{ g}\">9 g<\/span><\/td>\n<\/tr>\n<tr>\n<td data-path-to-node=\"5,6,0,0\"><b>Montagem<\/b><\/td>\n<td data-path-to-node=\"5,6,1,0\">Conex\u00e3o direta com o drone<\/td>\n<\/tr>\n<\/tbody>\n<\/table>\n<p data-path-to-node=\"6\"><span class=\"citation-29 citation-end-29\">O Transceptor Digital DJI Neo 2 \u00e9 um acess\u00f3rio indispens\u00e1vel para pilotos que buscam alcan\u00e7ar o m\u00e1ximo alcance, capacidade de resposta e fidelidade de controle com seu DJI Neo 2.<\/span><\/p>","protected":false},"excerpt":{"rendered":"<p data-path-to-node=\"1\"><span class=\"citation-37 interactive-span-hovered\">O <\/span><b><span class=\"citation-37 interactive-span-hovered\">Transceptor digital DJI Neo 2<\/span><\/b><span class=\"citation-37 citation-end-37 interactive-span-hovered\"> \u00c9 o componente adicional essencial projetado para melhorar drasticamente o desempenho e a experi\u00eancia de controle do seu drone DJI Neo 2.<\/span> <span class=\"citation-36 citation-end-36\">Leve, compacto e potente, este transceptor \u00e9 a chave para desbloquear transmiss\u00f5es de v\u00eddeo est\u00e1veis, de baixa lat\u00eancia e de longo alcance, elevando seu voo de simples capturas a um controle imersivo.<\/span><\/p>","protected":false},"featured_media":23266,"comment_status":"open","ping_status":"closed","template":"","meta":[],"product_brand":[1031],"product_cat":[752,29,1290,1291],"product_tag":[1300,42,1293],"class_list":{"0":"post-23263","1":"product","2":"type-product","3":"status-publish","4":"has-post-thumbnail","6":"product_brand-dji","7":"product_cat-aerial-photography","8":"product_cat-drones","9":"product_cat-neo-2","10":"product_cat-neo-2-accessories","11":"product_tag-digital-transceiver","12":"product_tag-dji","13":"product_tag-dji-neo-2","15":"first","16":"outofstock","17":"taxable","18":"shipping-taxable","19":"purchasable","20":"product-type-simple"},"yoast_head":"<!-- This site is optimized with the Yoast SEO plugin v27.1.1 - https:\/\/yoast.com\/product\/yoast-seo-wordpress\/ -->\n<title>DJI Neo 2 Digital Transceiver - Ghostysky<\/title>\n<meta name=\"description\" content=\"The DJI Neo 2 Digital Transceiver is the essential add-on component designed to dramatically enhance the performance and control experience of your DJI Neo 2 drone. Light, compact, and powerful, this transceiver is the key to unlocking stable, low-latency, and long-range video transmission, elevating your flying from simple captures to immersive control.\" \/>\n<meta name=\"robots\" content=\"index, follow, max-snippet:-1, max-image-preview:large, max-video-preview:-1\" \/>\n<link rel=\"canonical\" href=\"https:\/\/www.ghostysky.com\/pt\/produto-2\/dji-neo-2-digital-transceiver\/\" \/>\n<meta property=\"og:locale\" content=\"pt_PT\" \/>\n<meta property=\"og:type\" content=\"article\" \/>\n<meta property=\"og:title\" content=\"DJI Neo 2 Digital Transceiver - Ghostysky\" \/>\n<meta property=\"og:description\" content=\"The DJI Neo 2 Digital Transceiver is the essential add-on component designed to dramatically enhance the performance and control experience of your DJI Neo 2 drone. Light, compact, and powerful, this transceiver is the key to unlocking stable, low-latency, and long-range video transmission, elevating your flying from simple captures to immersive control.\" \/>\n<meta property=\"og:url\" content=\"https:\/\/www.ghostysky.com\/pt\/produto-2\/dji-neo-2-digital-transceiver\/\" \/>\n<meta property=\"og:site_name\" content=\"Ghostysky\" \/>\n<meta property=\"article:publisher\" content=\"https:\/\/www.facebook.com\/people\/Ghostysky\/100057676170234\/\" \/>\n<meta property=\"article:modified_time\" content=\"2025-11-18T12:37:15+00:00\" \/>\n<meta property=\"og:image\" content=\"https:\/\/www.ghostysky.com\/wp-content\/uploads\/2025\/11\/GHDJI-Neo-2-Digital-Transceiver_1.jpg\" \/>\n\t<meta property=\"og:image:width\" content=\"800\" \/>\n\t<meta property=\"og:image:height\" content=\"800\" \/>\n\t<meta property=\"og:image:type\" content=\"image\/jpeg\" \/>\n<meta name=\"twitter:card\" content=\"summary_large_image\" \/>\n<meta name=\"twitter:site\" content=\"@Gh0stysky\" \/>\n<meta name=\"twitter:label1\" content=\"Tempo estimado de leitura\" \/>\n\t<meta name=\"twitter:data1\" content=\"2 minutos\" \/>\n<script type=\"application\/ld+json\" class=\"yoast-schema-graph\">{\"@context\":\"https:\/\/schema.org\",\"@graph\":[{\"@type\":\"WebPage\",\"@id\":\"https:\/\/www.ghostysky.com\/product\/dji-neo-2-digital-transceiver\/\",\"url\":\"https:\/\/www.ghostysky.com\/product\/dji-neo-2-digital-transceiver\/\",\"name\":\"DJI Neo 2 Digital Transceiver - Ghostysky\",\"isPartOf\":{\"@id\":\"https:\/\/www.ghostysky.com\/#website\"},\"primaryImageOfPage\":{\"@id\":\"https:\/\/www.ghostysky.com\/product\/dji-neo-2-digital-transceiver\/#primaryimage\"},\"image\":{\"@id\":\"https:\/\/www.ghostysky.com\/product\/dji-neo-2-digital-transceiver\/#primaryimage\"},\"thumbnailUrl\":\"https:\/\/www.ghostysky.com\/wp-content\/uploads\/2025\/11\/GHDJI-Neo-2-Digital-Transceiver_1.jpg\",\"datePublished\":\"2025-11-18T12:12:25+00:00\",\"dateModified\":\"2025-11-18T12:37:15+00:00\",\"description\":\"The DJI Neo 2 Digital Transceiver is the essential add-on component designed to dramatically enhance the performance and control experience of your DJI Neo 2 drone. Light, compact, and powerful, this transceiver is the key to unlocking stable, low-latency, and long-range video transmission, elevating your flying from simple captures to immersive control.\",\"breadcrumb\":{\"@id\":\"https:\/\/www.ghostysky.com\/product\/dji-neo-2-digital-transceiver\/#breadcrumb\"},\"inLanguage\":\"pt-PT\",\"potentialAction\":[{\"@type\":\"ReadAction\",\"target\":[\"https:\/\/www.ghostysky.com\/product\/dji-neo-2-digital-transceiver\/\"]}]},{\"@type\":\"ImageObject\",\"inLanguage\":\"pt-PT\",\"@id\":\"https:\/\/www.ghostysky.com\/product\/dji-neo-2-digital-transceiver\/#primaryimage\",\"url\":\"https:\/\/www.ghostysky.com\/wp-content\/uploads\/2025\/11\/GHDJI-Neo-2-Digital-Transceiver_1.jpg\",\"contentUrl\":\"https:\/\/www.ghostysky.com\/wp-content\/uploads\/2025\/11\/GHDJI-Neo-2-Digital-Transceiver_1.jpg\",\"width\":800,\"height\":800},{\"@type\":\"BreadcrumbList\",\"@id\":\"https:\/\/www.ghostysky.com\/product\/dji-neo-2-digital-transceiver\/#breadcrumb\",\"itemListElement\":[{\"@type\":\"ListItem\",\"position\":1,\"name\":\"Home\",\"item\":\"https:\/\/www.ghostysky.com\/\"},{\"@type\":\"ListItem\",\"position\":2,\"name\":\"Shop\",\"item\":\"https:\/\/www.ghostysky.com\/shop\/\"},{\"@type\":\"ListItem\",\"position\":3,\"name\":\"DJI Neo 2 Digital Transceiver\"}]},{\"@type\":\"WebSite\",\"@id\":\"https:\/\/www.ghostysky.com\/#website\",\"url\":\"https:\/\/www.ghostysky.com\/\",\"name\":\"Ghostysky\",\"description\":\"Delivering professional drones and services\",\"publisher\":{\"@id\":\"https:\/\/www.ghostysky.com\/#organization\"},\"potentialAction\":[{\"@type\":\"SearchAction\",\"target\":{\"@type\":\"EntryPoint\",\"urlTemplate\":\"https:\/\/www.ghostysky.com\/?s={search_term_string}\"},\"query-input\":{\"@type\":\"PropertyValueSpecification\",\"valueRequired\":true,\"valueName\":\"search_term_string\"}}],\"inLanguage\":\"pt-PT\"},{\"@type\":\"Organization\",\"@id\":\"https:\/\/www.ghostysky.com\/#organization\",\"name\":\"Ghostysky\",\"url\":\"https:\/\/www.ghostysky.com\/\",\"logo\":{\"@type\":\"ImageObject\",\"inLanguage\":\"pt-PT\",\"@id\":\"https:\/\/www.ghostysky.com\/#\/schema\/logo\/image\/\",\"url\":\"https:\/\/www.ghostysky.com\/wp-content\/uploads\/2020\/06\/cropped-ghostyskylogo_text_white2.png\",\"contentUrl\":\"https:\/\/www.ghostysky.com\/wp-content\/uploads\/2020\/06\/cropped-ghostyskylogo_text_white2.png\",\"width\":169,\"height\":56,\"caption\":\"Ghostysky\"},\"image\":{\"@id\":\"https:\/\/www.ghostysky.com\/#\/schema\/logo\/image\/\"},\"sameAs\":[\"https:\/\/www.facebook.com\/people\/Ghostysky\/100057676170234\/\",\"https:\/\/x.com\/Gh0stysky\",\"https:\/\/www.linkedin.com\/company\/34739653\",\"https:\/\/www.instagram.com\/gh0stysky\"]}]}<\/script>\n<!-- \/ Yoast SEO plugin. -->","yoast_head_json":{"title":"Transceptor digital DJI Neo 2 - Ghostysky","description":"O Transceptor Digital DJI Neo 2 \u00e9 o componente adicional essencial projetado para aprimorar drasticamente o desempenho e a experi\u00eancia de controle do seu drone DJI Neo 2. Leve, compacto e potente, este transceptor \u00e9 a chave para desbloquear a transmiss\u00e3o de v\u00eddeo est\u00e1vel, com baixa lat\u00eancia e longo alcance, elevando seu voo de simples capturas a um controle imersivo.","robots":{"index":"index","follow":"follow","max-snippet":"max-snippet:-1","max-image-preview":"max-image-preview:large","max-video-preview":"max-video-preview:-1"},"canonical":"https:\/\/www.ghostysky.com\/pt\/produto-2\/dji-neo-2-digital-transceiver\/","og_locale":"pt_PT","og_type":"article","og_title":"DJI Neo 2 Digital Transceiver - Ghostysky","og_description":"The DJI Neo 2 Digital Transceiver is the essential add-on component designed to dramatically enhance the performance and control experience of your DJI Neo 2 drone. Light, compact, and powerful, this transceiver is the key to unlocking stable, low-latency, and long-range video transmission, elevating your flying from simple captures to immersive control.","og_url":"https:\/\/www.ghostysky.com\/pt\/produto-2\/dji-neo-2-digital-transceiver\/","og_site_name":"Ghostysky","article_publisher":"https:\/\/www.facebook.com\/people\/Ghostysky\/100057676170234\/","article_modified_time":"2025-11-18T12:37:15+00:00","og_image":[{"width":800,"height":800,"url":"https:\/\/www.ghostysky.com\/wp-content\/uploads\/2025\/11\/GHDJI-Neo-2-Digital-Transceiver_1.jpg","type":"image\/jpeg"}],"twitter_card":"summary_large_image","twitter_site":"@Gh0stysky","twitter_misc":{"Tempo estimado de leitura":"2 minutos"},"schema":{"@context":"https:\/\/schema.org","@graph":[{"@type":"WebPage","@id":"https:\/\/www.ghostysky.com\/product\/dji-neo-2-digital-transceiver\/","url":"https:\/\/www.ghostysky.com\/product\/dji-neo-2-digital-transceiver\/","name":"Transceptor digital DJI Neo 2 - Ghostysky","isPartOf":{"@id":"https:\/\/www.ghostysky.com\/#website"},"primaryImageOfPage":{"@id":"https:\/\/www.ghostysky.com\/product\/dji-neo-2-digital-transceiver\/#primaryimage"},"image":{"@id":"https:\/\/www.ghostysky.com\/product\/dji-neo-2-digital-transceiver\/#primaryimage"},"thumbnailUrl":"https:\/\/www.ghostysky.com\/wp-content\/uploads\/2025\/11\/GHDJI-Neo-2-Digital-Transceiver_1.jpg","datePublished":"2025-11-18T12:12:25+00:00","dateModified":"2025-11-18T12:37:15+00:00","description":"O Transceptor Digital DJI Neo 2 \u00e9 o componente adicional essencial projetado para aprimorar drasticamente o desempenho e a experi\u00eancia de controle do seu drone DJI Neo 2. Leve, compacto e potente, este transceptor \u00e9 a chave para desbloquear a transmiss\u00e3o de v\u00eddeo est\u00e1vel, com baixa lat\u00eancia e longo alcance, elevando seu voo de simples capturas a um controle imersivo.","breadcrumb":{"@id":"https:\/\/www.ghostysky.com\/product\/dji-neo-2-digital-transceiver\/#breadcrumb"},"inLanguage":"pt-PT","potentialAction":[{"@type":"ReadAction","target":["https:\/\/www.ghostysky.com\/product\/dji-neo-2-digital-transceiver\/"]}]},{"@type":"ImageObject","inLanguage":"pt-PT","@id":"https:\/\/www.ghostysky.com\/product\/dji-neo-2-digital-transceiver\/#primaryimage","url":"https:\/\/www.ghostysky.com\/wp-content\/uploads\/2025\/11\/GHDJI-Neo-2-Digital-Transceiver_1.jpg","contentUrl":"https:\/\/www.ghostysky.com\/wp-content\/uploads\/2025\/11\/GHDJI-Neo-2-Digital-Transceiver_1.jpg","width":800,"height":800},{"@type":"BreadcrumbList","@id":"https:\/\/www.ghostysky.com\/product\/dji-neo-2-digital-transceiver\/#breadcrumb","itemListElement":[{"@type":"ListItem","position":1,"name":"Home","item":"https:\/\/www.ghostysky.com\/"},{"@type":"ListItem","position":2,"name":"Shop","item":"https:\/\/www.ghostysky.com\/shop\/"},{"@type":"ListItem","position":3,"name":"DJI Neo 2 Digital Transceiver"}]},{"@type":"WebSite","@id":"https:\/\/www.ghostysky.com\/#website","url":"https:\/\/www.ghostysky.com\/","name":"Ghostysky","description":"Fornecendo drones e servi\u00e7os profissionais","publisher":{"@id":"https:\/\/www.ghostysky.com\/#organization"},"potentialAction":[{"@type":"SearchAction","target":{"@type":"EntryPoint","urlTemplate":"https:\/\/www.ghostysky.com\/?s={search_term_string}"},"query-input":{"@type":"PropertyValueSpecification","valueRequired":true,"valueName":"search_term_string"}}],"inLanguage":"pt-PT"},{"@type":"Organization","@id":"https:\/\/www.ghostysky.com\/#organization","name":"Ghostysky","url":"https:\/\/www.ghostysky.com\/","logo":{"@type":"ImageObject","inLanguage":"pt-PT","@id":"https:\/\/www.ghostysky.com\/#\/schema\/logo\/image\/","url":"https:\/\/www.ghostysky.com\/wp-content\/uploads\/2020\/06\/cropped-ghostyskylogo_text_white2.png","contentUrl":"https:\/\/www.ghostysky.com\/wp-content\/uploads\/2020\/06\/cropped-ghostyskylogo_text_white2.png","width":169,"height":56,"caption":"Ghostysky"},"image":{"@id":"https:\/\/www.ghostysky.com\/#\/schema\/logo\/image\/"},"sameAs":["https:\/\/www.facebook.com\/people\/Ghostysky\/100057676170234\/","https:\/\/x.com\/Gh0stysky","https:\/\/www.linkedin.com\/company\/34739653","https:\/\/www.instagram.com\/gh0stysky"]}]}},"_links":{"self":[{"href":"https:\/\/www.ghostysky.com\/pt\/wp-json\/wp\/v2\/product\/23263","targetHints":{"allow":["GET"]}}],"collection":[{"href":"https:\/\/www.ghostysky.com\/pt\/wp-json\/wp\/v2\/product"}],"about":[{"href":"https:\/\/www.ghostysky.com\/pt\/wp-json\/wp\/v2\/types\/product"}],"replies":[{"embeddable":true,"href":"https:\/\/www.ghostysky.com\/pt\/wp-json\/wp\/v2\/comments?post=23263"}],"wp:featuredmedia":[{"embeddable":true,"href":"https:\/\/www.ghostysky.com\/pt\/wp-json\/wp\/v2\/media\/23266"}],"wp:attachment":[{"href":"https:\/\/www.ghostysky.com\/pt\/wp-json\/wp\/v2\/media?parent=23263"}],"wp:term":[{"taxonomy":"product_brand","embeddable":true,"href":"https:\/\/www.ghostysky.com\/pt\/wp-json\/wp\/v2\/product_brand?post=23263"},{"taxonomy":"product_cat","embeddable":true,"href":"https:\/\/www.ghostysky.com\/pt\/wp-json\/wp\/v2\/product_cat?post=23263"},{"taxonomy":"product_tag","embeddable":true,"href":"https:\/\/www.ghostysky.com\/pt\/wp-json\/wp\/v2\/product_tag?post=23263"}],"curies":[{"name":"wp","href":"https:\/\/api.w.org\/{rel}","templated":true}]}}