{"id":23291,"date":"2025-11-19T08:23:45","date_gmt":"2025-11-19T08:23:45","guid":{"rendered":"https:\/\/www.ghostysky.com\/?post_type=product&#038;p=23291"},"modified":"2025-11-23T09:29:23","modified_gmt":"2025-11-23T09:29:23","slug":"dji-osmo-action-6-standard-combo","status":"publish","type":"product","link":"https:\/\/www.ghostysky.com\/pt\/product\/dji-osmo-action-6-standard-combo\/","title":{"rendered":"DJI Osmo Action 6 Standard Combo"},"content":{"rendered":"<h4><b>Caracter\u00edsticas principais<\/b><\/h4>\n<ul data-path-to-node=\"3\">\n<li>\n<p data-path-to-node=\"3,0,0\"><b><span class=\"citation-229 citation-end-229\">Abertura vari\u00e1vel (f\/2.0-f\/4.0):<\/span><\/b><span class=\"citation-228 citation-end-228\"> A primeira c\u00e2mera de a\u00e7\u00e3o da DJI com abertura vari\u00e1vel, que oferece controle manual para melhor lidar com luz intensa ou abrir a lente para um desempenho superior em condi\u00e7\u00f5es de baixa luminosidade.<\/span><\/p>\n<\/li>\n<li>\n<p data-path-to-node=\"3,1,0\"><b>Novo sensor quadrado de 1\/1,1 polegada:<\/b><span class=\"citation-227\"> Este sensor de grandes dimens\u00f5es oferece uma nitidez excepcional em condi\u00e7\u00f5es de pouca luz, uma ampla gama din\u00e2mica de 13,5 pontos e suporta at\u00e9 <\/span><b><span class=\"citation-227\">4K\/120fps<\/span><\/b><span class=\"citation-227 citation-end-227\"> V\u00eddeo em um formato vers\u00e1til de 4:3, permitindo recortes flex\u00edveis na p\u00f3s-produ\u00e7\u00e3o (Modo Personalizado 4K).<\/span><\/p>\n<\/li>\n<li>\n<p data-path-to-node=\"3,2,0\"><b><span class=\"citation-226\">Estabiliza\u00e7\u00e3o do navio-almirante:<\/span><\/b><span class=\"citation-226\"> Capture imagens extremamente n\u00edtidas com a estabiliza\u00e7\u00e3o eletr\u00f4nica de imagem avan\u00e7ada, incluindo <\/span><b><span class=\"citation-226\">RockSteady 3.0<\/span><\/b><span class=\"citation-226\"> e <\/span><b><span class=\"citation-226\">Horizonte Est\u00e1vel<\/span><\/b><span class=\"citation-226 citation-end-226\"> (Corre\u00e7\u00e3o de horizonte de 360\u00b0 em 4K\/60fps).<\/span><\/p>\n<\/li>\n<li>\n<p data-path-to-node=\"3,3,0\"><b>Feito para situa\u00e7\u00f5es extremas:<\/b><\/p>\n<ul data-path-to-node=\"3,3,1\">\n<li>\n<p data-path-to-node=\"3,3,1,0,0\"><b><span class=\"citation-225\">Imperme\u00e1vel:<\/span><\/b><span class=\"citation-225\"> Des\u00e7a at\u00e9 <\/span><b><span class=\"citation-225\">20 metros (65,6 p\u00e9s)<\/span><\/b><span class=\"citation-225 citation-end-225\"> sem estojo.<\/span><\/p>\n<\/li>\n<li>\n<p data-path-to-node=\"3,3,1,1,0\"><b><span class=\"citation-224\">Resistente ao frio:<\/span><\/b><span class=\"citation-224\"> Opera\u00e7\u00e3o confi\u00e1vel at\u00e9 <\/span><b><span class=\"citation-224\">-20\u00b0 C (-4\u00b0 F)<\/span><\/b><span class=\"citation-224 citation-end-224\">.<\/span><\/p>\n<\/li>\n<li>\n<p data-path-to-node=\"3,3,1,2,0\"><b>Bateria de longa dura\u00e7\u00e3o:<\/b><span class=\"citation-223\"> Desfrute de at\u00e9 <\/span><b><span class=\"citation-223\">4 horas<\/span><\/b><span class=\"citation-223 citation-end-223\"> de tempo de funcionamento.<\/span><\/p>\n<\/li>\n<\/ul>\n<\/li>\n<li>\n<p data-path-to-node=\"3,4,0\"><b><span class=\"citation-222\">\u00c1udio profissional:<\/span><\/b><span class=\"citation-222\"> Um conjunto integrado de tr\u00eas microfones captura um som est\u00e9reo rico, e o <\/span><b><span class=\"citation-222\">Ecossistema OsmoAudio\u2122<\/span><\/b><span class=\"citation-222 citation-end-222\"> Permite a conex\u00e3o direta a dois transmissores de microfone DJI (opcional) sem a necessidade de um receptor separado.<\/span><\/p>\n<\/li>\n<li>\n<p data-path-to-node=\"3,5,0\"><b>Armazenamento integrado:<\/b><span class=\"citation-221\"> Vem com <\/span><b><span class=\"citation-221\">50 GB de armazenamento interno<\/span><\/b><span class=\"citation-221 citation-end-221\"> Para aqueles momentos em que voc\u00ea esquece seu cart\u00e3o microSD.<\/span><\/p>\n<div class=\"source-inline-chip-container ng-star-inserted\"><\/div>\n<\/li>\n<\/ul>\n<h4><b>O pacote padr\u00e3o inclui:<\/b><\/h4>\n<p data-path-to-node=\"5\">O pacote DJI Osmo Action 6 Standard Combo vem com todos os itens essenciais:<\/p>\n<ul data-path-to-node=\"6\">\n<li>\n<p data-path-to-node=\"6,0,0\"><span class=\"citation-220 citation-end-220\">C\u00e2mera DJI Osmo Action 6<\/span><\/p>\n<\/li>\n<li>\n<p data-path-to-node=\"6,1,0\"><span class=\"citation-219 citation-end-219\">Bateria Osmo Action Extreme Plus (1950 mAh)<\/span><\/p>\n<\/li>\n<li>\n<p data-path-to-node=\"6,2,0\"><span class=\"citation-218 citation-end-218\">Suporte adaptador de libera\u00e7\u00e3o r\u00e1pida bidirecional Osmo<\/span><\/p>\n<\/li>\n<li>\n<p data-path-to-node=\"6,3,0\"><span class=\"citation-217 citation-end-217\">Base adesiva curva Osmo Action<\/span><\/p>\n<\/li>\n<li>\n<p data-path-to-node=\"6,4,0\"><span class=\"citation-216 citation-end-216\">Parafuso de travamento Osmo<\/span><\/p>\n<\/li>\n<li>\n<p data-path-to-node=\"6,5,0\"><span class=\"citation-215 citation-end-215\">Cabo USB-C para USB-C PD<\/span><\/p>\n<\/li>\n<li>\n<p data-path-to-node=\"6,6,0\"><span class=\"citation-214 citation-end-214\">Almofada antiderrapante Osmo Action<\/span><\/p>\n<div class=\"source-inline-chip-container ng-star-inserted\"><\/div>\n<\/li>\n<\/ul>\n<p data-path-to-node=\"8\">Pronto para capturar os momentos mais \u00e9picos com nitidez e estabilidade de n\u00edvel profissional? Me avise se voc\u00ea gostaria de ver as especifica\u00e7\u00f5es do opcional. <b>Combo de Aventura<\/b> Para baterias e acess\u00f3rios extras!<\/p>","protected":false},"excerpt":{"rendered":"<p><span class=\"citation-231\">A DJI Osmo Action 6 redefine o conceito de imagem em c\u00e2meras de a\u00e7\u00e3o de ponta, combinando uma tecnologia inovadora... <\/span><b><span class=\"citation-231\">lente de abertura vari\u00e1vel<\/span><\/b><span class=\"citation-231\"> com um <\/span><b><span class=\"citation-231\">sensor totalmente novo e maior<\/span><\/b><span class=\"citation-231 citation-end-231\"> Para uma flexibilidade criativa incompar\u00e1vel e qualidade de imagem em qualquer condi\u00e7\u00e3o de ilumina\u00e7\u00e3o.<\/span> <span class=\"citation-230 citation-end-230\">O pacote Standard Combo oferece tudo o que voc\u00ea precisa para come\u00e7ar a registrar suas aventuras com detalhes e estabilidade impressionantes.<\/span><\/p>","protected":false},"featured_media":23295,"comment_status":"open","ping_status":"closed","template":"","meta":[],"product_brand":[1031],"product_cat":[37,1301,1302,29],"product_tag":[42,1303,1304],"class_list":{"0":"post-23291","1":"product","2":"type-product","3":"status-publish","4":"has-post-thumbnail","6":"product_brand-dji","7":"product_cat-dji","8":"product_cat-dji-handled","9":"product_cat-dji-osmo-action-6","10":"product_cat-drones","11":"product_tag-dji","12":"product_tag-osmo-action-6","13":"product_tag-osmo-action-6-camera","15":"first","16":"outofstock","17":"taxable","18":"shipping-taxable","19":"purchasable","20":"product-type-simple"},"yoast_head":"<!-- This site is optimized with the Yoast SEO plugin v27.1.1 - https:\/\/yoast.com\/product\/yoast-seo-wordpress\/ -->\n<title>DJI Osmo Action 6 Standard Combo - Ghostysky<\/title>\n<meta name=\"description\" content=\"The DJI Osmo Action 6 redefines flagship action camera imaging, pairing a groundbreaking variable aperture lens with an all-new, larger sensor for unparalleled creative flexibility and image quality in any light. The Standard Combo provides everything you need to start capturing your adventures in stunning detail and stability.\" \/>\n<meta name=\"robots\" content=\"index, follow, max-snippet:-1, max-image-preview:large, max-video-preview:-1\" \/>\n<link rel=\"canonical\" href=\"https:\/\/www.ghostysky.com\/pt\/produto-2\/dji-osmo-action-6-standard-combo\/\" \/>\n<meta property=\"og:locale\" content=\"pt_PT\" \/>\n<meta property=\"og:type\" content=\"article\" \/>\n<meta property=\"og:title\" content=\"DJI Osmo Action 6 Standard Combo - Ghostysky\" \/>\n<meta property=\"og:description\" content=\"The DJI Osmo Action 6 redefines flagship action camera imaging, pairing a groundbreaking variable aperture lens with an all-new, larger sensor for unparalleled creative flexibility and image quality in any light. The Standard Combo provides everything you need to start capturing your adventures in stunning detail and stability.\" \/>\n<meta property=\"og:url\" content=\"https:\/\/www.ghostysky.com\/pt\/produto-2\/dji-osmo-action-6-standard-combo\/\" \/>\n<meta property=\"og:site_name\" content=\"Ghostysky\" \/>\n<meta property=\"article:publisher\" content=\"https:\/\/www.facebook.com\/people\/Ghostysky\/100057676170234\/\" \/>\n<meta property=\"article:modified_time\" content=\"2025-11-23T09:29:23+00:00\" \/>\n<meta property=\"og:image\" content=\"https:\/\/www.ghostysky.com\/wp-content\/uploads\/2025\/11\/GH_DJI-Osmo-Action-6-Standard-Combo_1.jpg\" \/>\n\t<meta property=\"og:image:width\" content=\"800\" \/>\n\t<meta property=\"og:image:height\" content=\"800\" \/>\n\t<meta property=\"og:image:type\" content=\"image\/jpeg\" \/>\n<meta name=\"twitter:card\" content=\"summary_large_image\" \/>\n<meta name=\"twitter:site\" content=\"@Gh0stysky\" \/>\n<meta name=\"twitter:label1\" content=\"Tempo estimado de leitura\" \/>\n\t<meta name=\"twitter:data1\" content=\"2 minutos\" \/>\n<script type=\"application\/ld+json\" class=\"yoast-schema-graph\">{\"@context\":\"https:\/\/schema.org\",\"@graph\":[{\"@type\":\"WebPage\",\"@id\":\"https:\/\/www.ghostysky.com\/product\/dji-osmo-action-6-standard-combo\/\",\"url\":\"https:\/\/www.ghostysky.com\/product\/dji-osmo-action-6-standard-combo\/\",\"name\":\"DJI Osmo Action 6 Standard Combo - Ghostysky\",\"isPartOf\":{\"@id\":\"https:\/\/www.ghostysky.com\/#website\"},\"primaryImageOfPage\":{\"@id\":\"https:\/\/www.ghostysky.com\/product\/dji-osmo-action-6-standard-combo\/#primaryimage\"},\"image\":{\"@id\":\"https:\/\/www.ghostysky.com\/product\/dji-osmo-action-6-standard-combo\/#primaryimage\"},\"thumbnailUrl\":\"https:\/\/www.ghostysky.com\/wp-content\/uploads\/2025\/11\/GH_DJI-Osmo-Action-6-Standard-Combo_1.jpg\",\"datePublished\":\"2025-11-19T08:23:45+00:00\",\"dateModified\":\"2025-11-23T09:29:23+00:00\",\"description\":\"The DJI Osmo Action 6 redefines flagship action camera imaging, pairing a groundbreaking variable aperture lens with an all-new, larger sensor for unparalleled creative flexibility and image quality in any light. The Standard Combo provides everything you need to start capturing your adventures in stunning detail and stability.\",\"breadcrumb\":{\"@id\":\"https:\/\/www.ghostysky.com\/product\/dji-osmo-action-6-standard-combo\/#breadcrumb\"},\"inLanguage\":\"pt-PT\",\"potentialAction\":[{\"@type\":\"ReadAction\",\"target\":[\"https:\/\/www.ghostysky.com\/product\/dji-osmo-action-6-standard-combo\/\"]}]},{\"@type\":\"ImageObject\",\"inLanguage\":\"pt-PT\",\"@id\":\"https:\/\/www.ghostysky.com\/product\/dji-osmo-action-6-standard-combo\/#primaryimage\",\"url\":\"https:\/\/www.ghostysky.com\/wp-content\/uploads\/2025\/11\/GH_DJI-Osmo-Action-6-Standard-Combo_1.jpg\",\"contentUrl\":\"https:\/\/www.ghostysky.com\/wp-content\/uploads\/2025\/11\/GH_DJI-Osmo-Action-6-Standard-Combo_1.jpg\",\"width\":800,\"height\":800},{\"@type\":\"BreadcrumbList\",\"@id\":\"https:\/\/www.ghostysky.com\/product\/dji-osmo-action-6-standard-combo\/#breadcrumb\",\"itemListElement\":[{\"@type\":\"ListItem\",\"position\":1,\"name\":\"Home\",\"item\":\"https:\/\/www.ghostysky.com\/\"},{\"@type\":\"ListItem\",\"position\":2,\"name\":\"Shop\",\"item\":\"https:\/\/www.ghostysky.com\/shop\/\"},{\"@type\":\"ListItem\",\"position\":3,\"name\":\"DJI Osmo Action 6 Standard Combo\"}]},{\"@type\":\"WebSite\",\"@id\":\"https:\/\/www.ghostysky.com\/#website\",\"url\":\"https:\/\/www.ghostysky.com\/\",\"name\":\"Ghostysky\",\"description\":\"Delivering professional drones and services\",\"publisher\":{\"@id\":\"https:\/\/www.ghostysky.com\/#organization\"},\"potentialAction\":[{\"@type\":\"SearchAction\",\"target\":{\"@type\":\"EntryPoint\",\"urlTemplate\":\"https:\/\/www.ghostysky.com\/?s={search_term_string}\"},\"query-input\":{\"@type\":\"PropertyValueSpecification\",\"valueRequired\":true,\"valueName\":\"search_term_string\"}}],\"inLanguage\":\"pt-PT\"},{\"@type\":\"Organization\",\"@id\":\"https:\/\/www.ghostysky.com\/#organization\",\"name\":\"Ghostysky\",\"url\":\"https:\/\/www.ghostysky.com\/\",\"logo\":{\"@type\":\"ImageObject\",\"inLanguage\":\"pt-PT\",\"@id\":\"https:\/\/www.ghostysky.com\/#\/schema\/logo\/image\/\",\"url\":\"https:\/\/www.ghostysky.com\/wp-content\/uploads\/2020\/06\/cropped-ghostyskylogo_text_white2.png\",\"contentUrl\":\"https:\/\/www.ghostysky.com\/wp-content\/uploads\/2020\/06\/cropped-ghostyskylogo_text_white2.png\",\"width\":169,\"height\":56,\"caption\":\"Ghostysky\"},\"image\":{\"@id\":\"https:\/\/www.ghostysky.com\/#\/schema\/logo\/image\/\"},\"sameAs\":[\"https:\/\/www.facebook.com\/people\/Ghostysky\/100057676170234\/\",\"https:\/\/x.com\/Gh0stysky\",\"https:\/\/www.linkedin.com\/company\/34739653\",\"https:\/\/www.instagram.com\/gh0stysky\"]}]}<\/script>\n<!-- \/ Yoast SEO plugin. -->","yoast_head_json":{"title":"DJI Osmo Action 6 Standard Combo - Ghostysky","description":"A DJI Osmo Action 6 redefine o conceito de c\u00e2meras de a\u00e7\u00e3o profissionais, combinando uma lente inovadora de abertura vari\u00e1vel com um sensor totalmente novo e maior, para oferecer flexibilidade criativa incompar\u00e1vel e qualidade de imagem em qualquer condi\u00e7\u00e3o de ilumina\u00e7\u00e3o. O Combo Padr\u00e3o inclui tudo o que voc\u00ea precisa para come\u00e7ar a registrar suas aventuras com detalhes impressionantes e estabilidade.","robots":{"index":"index","follow":"follow","max-snippet":"max-snippet:-1","max-image-preview":"max-image-preview:large","max-video-preview":"max-video-preview:-1"},"canonical":"https:\/\/www.ghostysky.com\/pt\/produto-2\/dji-osmo-action-6-standard-combo\/","og_locale":"pt_PT","og_type":"article","og_title":"DJI Osmo Action 6 Standard Combo - Ghostysky","og_description":"The DJI Osmo Action 6 redefines flagship action camera imaging, pairing a groundbreaking variable aperture lens with an all-new, larger sensor for unparalleled creative flexibility and image quality in any light. The Standard Combo provides everything you need to start capturing your adventures in stunning detail and stability.","og_url":"https:\/\/www.ghostysky.com\/pt\/produto-2\/dji-osmo-action-6-standard-combo\/","og_site_name":"Ghostysky","article_publisher":"https:\/\/www.facebook.com\/people\/Ghostysky\/100057676170234\/","article_modified_time":"2025-11-23T09:29:23+00:00","og_image":[{"width":800,"height":800,"url":"https:\/\/www.ghostysky.com\/wp-content\/uploads\/2025\/11\/GH_DJI-Osmo-Action-6-Standard-Combo_1.jpg","type":"image\/jpeg"}],"twitter_card":"summary_large_image","twitter_site":"@Gh0stysky","twitter_misc":{"Tempo estimado de leitura":"2 minutos"},"schema":{"@context":"https:\/\/schema.org","@graph":[{"@type":"WebPage","@id":"https:\/\/www.ghostysky.com\/product\/dji-osmo-action-6-standard-combo\/","url":"https:\/\/www.ghostysky.com\/product\/dji-osmo-action-6-standard-combo\/","name":"DJI Osmo Action 6 Standard Combo - Ghostysky","isPartOf":{"@id":"https:\/\/www.ghostysky.com\/#website"},"primaryImageOfPage":{"@id":"https:\/\/www.ghostysky.com\/product\/dji-osmo-action-6-standard-combo\/#primaryimage"},"image":{"@id":"https:\/\/www.ghostysky.com\/product\/dji-osmo-action-6-standard-combo\/#primaryimage"},"thumbnailUrl":"https:\/\/www.ghostysky.com\/wp-content\/uploads\/2025\/11\/GH_DJI-Osmo-Action-6-Standard-Combo_1.jpg","datePublished":"2025-11-19T08:23:45+00:00","dateModified":"2025-11-23T09:29:23+00:00","description":"A DJI Osmo Action 6 redefine o conceito de c\u00e2meras de a\u00e7\u00e3o profissionais, combinando uma lente inovadora de abertura vari\u00e1vel com um sensor totalmente novo e maior, para oferecer flexibilidade criativa incompar\u00e1vel e qualidade de imagem em qualquer condi\u00e7\u00e3o de ilumina\u00e7\u00e3o. O Combo Padr\u00e3o inclui tudo o que voc\u00ea precisa para come\u00e7ar a registrar suas aventuras com detalhes impressionantes e estabilidade.","breadcrumb":{"@id":"https:\/\/www.ghostysky.com\/product\/dji-osmo-action-6-standard-combo\/#breadcrumb"},"inLanguage":"pt-PT","potentialAction":[{"@type":"ReadAction","target":["https:\/\/www.ghostysky.com\/product\/dji-osmo-action-6-standard-combo\/"]}]},{"@type":"ImageObject","inLanguage":"pt-PT","@id":"https:\/\/www.ghostysky.com\/product\/dji-osmo-action-6-standard-combo\/#primaryimage","url":"https:\/\/www.ghostysky.com\/wp-content\/uploads\/2025\/11\/GH_DJI-Osmo-Action-6-Standard-Combo_1.jpg","contentUrl":"https:\/\/www.ghostysky.com\/wp-content\/uploads\/2025\/11\/GH_DJI-Osmo-Action-6-Standard-Combo_1.jpg","width":800,"height":800},{"@type":"BreadcrumbList","@id":"https:\/\/www.ghostysky.com\/product\/dji-osmo-action-6-standard-combo\/#breadcrumb","itemListElement":[{"@type":"ListItem","position":1,"name":"Home","item":"https:\/\/www.ghostysky.com\/"},{"@type":"ListItem","position":2,"name":"Shop","item":"https:\/\/www.ghostysky.com\/shop\/"},{"@type":"ListItem","position":3,"name":"DJI Osmo Action 6 Standard Combo"}]},{"@type":"WebSite","@id":"https:\/\/www.ghostysky.com\/#website","url":"https:\/\/www.ghostysky.com\/","name":"Ghostysky","description":"Fornecendo drones e servi\u00e7os profissionais","publisher":{"@id":"https:\/\/www.ghostysky.com\/#organization"},"potentialAction":[{"@type":"SearchAction","target":{"@type":"EntryPoint","urlTemplate":"https:\/\/www.ghostysky.com\/?s={search_term_string}"},"query-input":{"@type":"PropertyValueSpecification","valueRequired":true,"valueName":"search_term_string"}}],"inLanguage":"pt-PT"},{"@type":"Organization","@id":"https:\/\/www.ghostysky.com\/#organization","name":"Ghostysky","url":"https:\/\/www.ghostysky.com\/","logo":{"@type":"ImageObject","inLanguage":"pt-PT","@id":"https:\/\/www.ghostysky.com\/#\/schema\/logo\/image\/","url":"https:\/\/www.ghostysky.com\/wp-content\/uploads\/2020\/06\/cropped-ghostyskylogo_text_white2.png","contentUrl":"https:\/\/www.ghostysky.com\/wp-content\/uploads\/2020\/06\/cropped-ghostyskylogo_text_white2.png","width":169,"height":56,"caption":"Ghostysky"},"image":{"@id":"https:\/\/www.ghostysky.com\/#\/schema\/logo\/image\/"},"sameAs":["https:\/\/www.facebook.com\/people\/Ghostysky\/100057676170234\/","https:\/\/x.com\/Gh0stysky","https:\/\/www.linkedin.com\/company\/34739653","https:\/\/www.instagram.com\/gh0stysky"]}]}},"_links":{"self":[{"href":"https:\/\/www.ghostysky.com\/pt\/wp-json\/wp\/v2\/product\/23291","targetHints":{"allow":["GET"]}}],"collection":[{"href":"https:\/\/www.ghostysky.com\/pt\/wp-json\/wp\/v2\/product"}],"about":[{"href":"https:\/\/www.ghostysky.com\/pt\/wp-json\/wp\/v2\/types\/product"}],"replies":[{"embeddable":true,"href":"https:\/\/www.ghostysky.com\/pt\/wp-json\/wp\/v2\/comments?post=23291"}],"wp:featuredmedia":[{"embeddable":true,"href":"https:\/\/www.ghostysky.com\/pt\/wp-json\/wp\/v2\/media\/23295"}],"wp:attachment":[{"href":"https:\/\/www.ghostysky.com\/pt\/wp-json\/wp\/v2\/media?parent=23291"}],"wp:term":[{"taxonomy":"product_brand","embeddable":true,"href":"https:\/\/www.ghostysky.com\/pt\/wp-json\/wp\/v2\/product_brand?post=23291"},{"taxonomy":"product_cat","embeddable":true,"href":"https:\/\/www.ghostysky.com\/pt\/wp-json\/wp\/v2\/product_cat?post=23291"},{"taxonomy":"product_tag","embeddable":true,"href":"https:\/\/www.ghostysky.com\/pt\/wp-json\/wp\/v2\/product_tag?post=23291"}],"curies":[{"name":"wp","href":"https:\/\/api.w.org\/{rel}","templated":true}]}}