{"id":23319,"date":"2025-11-20T12:50:32","date_gmt":"2025-11-20T12:50:32","guid":{"rendered":"https:\/\/www.ghostysky.com\/?post_type=product&#038;p=23319"},"modified":"2025-11-23T09:27:36","modified_gmt":"2025-11-23T09:27:36","slug":"dji-osmo-action-6-fov-boost-lens","status":"publish","type":"product","link":"https:\/\/www.ghostysky.com\/pt\/product\/dji-osmo-action-6-fov-boost-lens\/","title":{"rendered":"Lente de aumento de campo de vis\u00e3o (FOV) para DJI Osmo Action 6"},"content":{"rendered":"<h4 data-start=\"426\" data-end=\"442\"><strong data-start=\"426\" data-end=\"442\">Caracter\u00edsticas principais<\/strong><\/h4>\n<ul data-start=\"444\" data-end=\"1636\">\n<li data-start=\"444\" data-end=\"624\">\n<p data-start=\"446\" data-end=\"624\"><strong data-start=\"446\" data-end=\"472\">Perspectiva ultra-ampla<\/strong>Amplia o campo de vis\u00e3o da Action 6 de 155\u00b0 para 182\u00b0, capturando mais do ambiente ao seu redor em um \u00fanico enquadramento.<\/p>\n<\/li>\n<li data-start=\"625\" data-end=\"829\">\n<p data-start=\"627\" data-end=\"829\"><strong data-start=\"627\" data-end=\"655\">Troca autom\u00e1tica de modo<\/strong>A c\u00e2mera detecta automaticamente a lente assim que ela \u00e9 conectada e alterna para o modo &quot;Aumento do Campo de Vis\u00e3o&quot; (FOV Boost), para que voc\u00ea n\u00e3o precise mexer nas configura\u00e7\u00f5es.<\/p>\n<\/li>\n<li data-start=\"830\" data-end=\"995\">\n<p data-start=\"832\" data-end=\"995\"><strong data-start=\"832\" data-end=\"857\">Corre\u00e7\u00e3o de distor\u00e7\u00e3o<\/strong>Mant\u00e9m uma alta qualidade de imagem utilizando corre\u00e7\u00e3o de distor\u00e7\u00e3o para compensar o \u00e2ngulo de vis\u00e3o extremamente amplo.<\/p>\n<\/li>\n<li data-start=\"996\" data-end=\"1232\">\n<p data-start=\"998\" data-end=\"1232\"><strong data-start=\"998\" data-end=\"1018\">Resist\u00eancia \u00e0 \u00e1gua<\/strong>Quando devidamente fixada, a lente suporta <strong data-start=\"1061\" data-end=\"1088\">at\u00e9 5 metros (\u224816 p\u00e9s)<\/strong> possui resist\u00eancia \u00e0 \u00e1gua, embora o uso subaqu\u00e1tico em grandes profundidades n\u00e3o seja recomendado devido \u00e0 poss\u00edvel distor\u00e7\u00e3o da imagem.<\/p>\n<\/li>\n<li data-start=\"1233\" data-end=\"1473\">\n<p data-start=\"1235\" data-end=\"1473\"><strong data-start=\"1235\" data-end=\"1266\">Compatibilidade do Modo de Disparo<\/strong>Suporta diversos modos \u2014 Foto, V\u00eddeo, Retrato, Rastreamento de Assunto, Timelapse e SuperNoturno \u2014 com suporte completo para resolu\u00e7\u00f5es e taxas de quadros nesses modos.<\/p>\n<\/li>\n<li data-start=\"1474\" data-end=\"1636\">\n<p data-start=\"1476\" data-end=\"1636\"><strong data-start=\"1476\" data-end=\"1493\">Estabiliza\u00e7\u00e3o<\/strong>Continua a funcionar com a estabiliza\u00e7\u00e3o eletr\u00f3nica de imagem RockSteady (RS) ou HorizonBalancing (HB) da DJI.<\/p>\n<\/li>\n<\/ul>\n<h4 data-start=\"1638\" data-end=\"1656\"><strong data-start=\"1638\" data-end=\"1656\">Projeto e constru\u00e7\u00e3o<\/strong><\/h4>\n<ul data-start=\"1658\" data-end=\"2101\">\n<li data-start=\"1658\" data-end=\"1850\">\n<p data-start=\"1660\" data-end=\"1850\"><strong data-start=\"1660\" data-end=\"1685\">Compacto e leve<\/strong>Mede 38,65 \u00d7 38,65 \u00d7 17,64 mm e pesa cerca de 40 g, o que facilita o transporte e a montagem sem adicionar volume significativo.<\/p>\n<\/li>\n<li data-start=\"1851\" data-end=\"1946\">\n<p data-start=\"1853\" data-end=\"1946\"><strong data-start=\"1853\" data-end=\"1867\">Durabilidade<\/strong>Opera de forma confi\u00e1vel entre 0\u00b0 e 45\u00b0C.<\/p>\n<\/li>\n<li data-start=\"1947\" data-end=\"2101\">\n<p data-start=\"1949\" data-end=\"2101\"><strong data-start=\"1949\" data-end=\"1963\">Prote\u00e7\u00e3o<\/strong>Inclui uma capa protetora de silicone para a lente e um estojo para transporte seguro.<\/p>\n<\/li>\n<\/ul>\n<h4 data-start=\"2103\" data-end=\"2116\"><strong data-start=\"2103\" data-end=\"2116\">Casos de Uso<\/strong><\/h4>\n<ul data-start=\"2118\" data-end=\"2442\">\n<li data-start=\"2118\" data-end=\"2239\">\n<p data-start=\"2120\" data-end=\"2239\">Ideal para <strong data-start=\"2130\" data-end=\"2160\">tomadas de a\u00e7\u00e3o imersivas em primeira pessoa<\/strong> \u2014 Pense em surfe, ciclismo, esqui ou qualquer atividade com perspectiva em primeira pessoa.<\/p>\n<\/li>\n<li data-start=\"2240\" data-end=\"2344\">\n<p data-start=\"2242\" data-end=\"2344\">Perfeito para <strong data-start=\"2254\" data-end=\"2281\">amplas paisagens capturadas<\/strong>, permitindo enquadrar cenas mais dram\u00e1ticas sem precisar fazer panor\u00e2micas.<\/p>\n<\/li>\n<li data-start=\"2345\" data-end=\"2442\">\n<p data-start=\"2347\" data-end=\"2442\">\u00d3timo para <strong data-start=\"2357\" data-end=\"2369\">vlogs<\/strong> ou tomadas cinematogr\u00e1ficas criativas onde se deseja enfatizar a escala e a profundidade.<\/p>\n<\/li>\n<\/ul>\n<h4 data-start=\"2444\" data-end=\"2476\"><strong data-start=\"2444\" data-end=\"2476\">Limita\u00e7\u00f5es\/Considera\u00e7\u00f5es<\/strong><\/h4>\n<ul data-start=\"2478\" data-end=\"2949\">\n<li data-start=\"2478\" data-end=\"2612\">\n<p data-start=\"2480\" data-end=\"2612\"><strong data-start=\"2480\" data-end=\"2498\">Sem c\u00e2mera lenta<\/strong>O modo de c\u00e2mera lenta n\u00e3o \u00e9 compat\u00edvel quando a lente FOV Boost est\u00e1 acoplada.<\/p>\n<\/li>\n<li data-start=\"2613\" data-end=\"2803\">\n<p data-start=\"2615\" data-end=\"2803\"><strong data-start=\"2615\" data-end=\"2640\">distor\u00e7\u00e3o subaqu\u00e1tica<\/strong>Embora seja resistente \u00e0 \u00e1gua at\u00e9 5 m, o design grande angular pode causar distor\u00e7\u00e3o debaixo d&#039;\u00e1gua, portanto, n\u00e3o \u00e9 adequado para mergulho em grandes profundidades.<\/p>\n<\/li>\n<li data-start=\"2804\" data-end=\"2949\">\n<p data-start=\"2806\" data-end=\"2949\"><strong data-start=\"2806\" data-end=\"2821\">Faixa de pre\u00e7o<\/strong>\u00c9 um acess\u00f3rio vendido separadamente (n\u00e3o est\u00e1 inclu\u00eddo com a c\u00e2mera), portanto, tem um custo adicional.<\/p>\n<\/li>\n<\/ul>\n<h4 data-start=\"2951\" data-end=\"2965\"><strong data-start=\"2951\" data-end=\"2965\">Na caixa<\/strong><\/h4>\n<ul data-start=\"2967\" data-end=\"3169\">\n<li data-start=\"2967\" data-end=\"3029\">\n<p data-start=\"2969\" data-end=\"3029\">Lente de aumento de campo de vis\u00e3o 1x<\/p>\n<\/li>\n<li data-start=\"3030\" data-end=\"3096\">\n<p data-start=\"3032\" data-end=\"3096\">1x Tampa superior de silicone<\/p>\n<\/li>\n<li data-start=\"3097\" data-end=\"3169\">\n<p data-start=\"3099\" data-end=\"3169\">1x Estojo de transporte protetor<\/p>\n<\/li>\n<\/ul>","protected":false},"excerpt":{"rendered":"<p>A lente DJI Osmo Action 6 FOV Boost \u00e9 um acess\u00f3rio \u00f3ptico de alto desempenho projetado para expandir drasticamente o campo de vis\u00e3o da sua c\u00e2mera Action 6. Quando acoplada, ela amplia o campo de vis\u00e3o nativo de 155\u00b0 para um \u00e2ngulo ultra-amplo. <strong data-start=\"323\" data-end=\"331\">182\u00b0<\/strong>, proporcionando imagens de a\u00e7\u00e3o mais imersivas e de ponta a ponta.<\/p>","protected":false},"featured_media":23323,"comment_status":"open","ping_status":"closed","template":"","meta":[],"product_brand":[1031],"product_cat":[37,1301,1302,29],"product_tag":[42,1306,1303,1305],"class_list":{"0":"post-23319","1":"product","2":"type-product","3":"status-publish","4":"has-post-thumbnail","6":"product_brand-dji","7":"product_cat-dji","8":"product_cat-dji-handled","9":"product_cat-dji-osmo-action-6","10":"product_cat-drones","11":"product_tag-dji","12":"product_tag-dji-osmo-action","13":"product_tag-osmo-action-6","14":"product_tag-osmo-action-6-accessories","16":"first","17":"outofstock","18":"taxable","19":"shipping-taxable","20":"purchasable","21":"product-type-simple"},"yoast_head":"<!-- This site is optimized with the Yoast SEO plugin v27.1.1 - https:\/\/yoast.com\/product\/yoast-seo-wordpress\/ -->\n<title>DJI Osmo Action 6 FOV Boost Lens - Ghostysky<\/title>\n<meta name=\"description\" content=\"The DJI Osmo Action 6 FOV Boost Lens is a high-performance optical accessory designed to dramatically expand the field of view of your Action 6 camera. When attached, it pushes the native 155\u00b0 FOV out to an ultra-wide 182\u00b0, delivering more immersive, edge-to-edge action shots.\" \/>\n<meta name=\"robots\" content=\"index, follow, max-snippet:-1, max-image-preview:large, max-video-preview:-1\" \/>\n<link rel=\"canonical\" href=\"https:\/\/www.ghostysky.com\/pt\/produto-2\/dji-osmo-action-6-fov-boost-lens\/\" \/>\n<meta property=\"og:locale\" content=\"pt_PT\" \/>\n<meta property=\"og:type\" content=\"article\" \/>\n<meta property=\"og:title\" content=\"DJI Osmo Action 6 FOV Boost Lens - Ghostysky\" \/>\n<meta property=\"og:description\" content=\"The DJI Osmo Action 6 FOV Boost Lens is a high-performance optical accessory designed to dramatically expand the field of view of your Action 6 camera. When attached, it pushes the native 155\u00b0 FOV out to an ultra-wide 182\u00b0, delivering more immersive, edge-to-edge action shots.\" \/>\n<meta property=\"og:url\" content=\"https:\/\/www.ghostysky.com\/pt\/produto-2\/dji-osmo-action-6-fov-boost-lens\/\" \/>\n<meta property=\"og:site_name\" content=\"Ghostysky\" \/>\n<meta property=\"article:publisher\" content=\"https:\/\/www.facebook.com\/people\/Ghostysky\/100057676170234\/\" \/>\n<meta property=\"article:modified_time\" content=\"2025-11-23T09:27:36+00:00\" \/>\n<meta property=\"og:image\" content=\"https:\/\/www.ghostysky.com\/wp-content\/uploads\/2025\/11\/GH_DJI-Osmo-Action-6-FOV-Boost-Lens_1.jpg\" \/>\n\t<meta property=\"og:image:width\" content=\"800\" \/>\n\t<meta property=\"og:image:height\" content=\"800\" \/>\n\t<meta property=\"og:image:type\" content=\"image\/jpeg\" \/>\n<meta name=\"twitter:card\" content=\"summary_large_image\" \/>\n<meta name=\"twitter:site\" content=\"@Gh0stysky\" \/>\n<meta name=\"twitter:label1\" content=\"Tempo estimado de leitura\" \/>\n\t<meta name=\"twitter:data1\" content=\"2 minutos\" \/>\n<script type=\"application\/ld+json\" class=\"yoast-schema-graph\">{\"@context\":\"https:\/\/schema.org\",\"@graph\":[{\"@type\":\"WebPage\",\"@id\":\"https:\/\/www.ghostysky.com\/product\/dji-osmo-action-6-fov-boost-lens\/\",\"url\":\"https:\/\/www.ghostysky.com\/product\/dji-osmo-action-6-fov-boost-lens\/\",\"name\":\"DJI Osmo Action 6 FOV Boost Lens - Ghostysky\",\"isPartOf\":{\"@id\":\"https:\/\/www.ghostysky.com\/#website\"},\"primaryImageOfPage\":{\"@id\":\"https:\/\/www.ghostysky.com\/product\/dji-osmo-action-6-fov-boost-lens\/#primaryimage\"},\"image\":{\"@id\":\"https:\/\/www.ghostysky.com\/product\/dji-osmo-action-6-fov-boost-lens\/#primaryimage\"},\"thumbnailUrl\":\"https:\/\/www.ghostysky.com\/wp-content\/uploads\/2025\/11\/GH_DJI-Osmo-Action-6-FOV-Boost-Lens_1.jpg\",\"datePublished\":\"2025-11-20T12:50:32+00:00\",\"dateModified\":\"2025-11-23T09:27:36+00:00\",\"description\":\"The DJI Osmo Action 6 FOV Boost Lens is a high-performance optical accessory designed to dramatically expand the field of view of your Action 6 camera. When attached, it pushes the native 155\u00b0 FOV out to an ultra-wide 182\u00b0, delivering more immersive, edge-to-edge action shots.\",\"breadcrumb\":{\"@id\":\"https:\/\/www.ghostysky.com\/product\/dji-osmo-action-6-fov-boost-lens\/#breadcrumb\"},\"inLanguage\":\"pt-PT\",\"potentialAction\":[{\"@type\":\"ReadAction\",\"target\":[\"https:\/\/www.ghostysky.com\/product\/dji-osmo-action-6-fov-boost-lens\/\"]}]},{\"@type\":\"ImageObject\",\"inLanguage\":\"pt-PT\",\"@id\":\"https:\/\/www.ghostysky.com\/product\/dji-osmo-action-6-fov-boost-lens\/#primaryimage\",\"url\":\"https:\/\/www.ghostysky.com\/wp-content\/uploads\/2025\/11\/GH_DJI-Osmo-Action-6-FOV-Boost-Lens_1.jpg\",\"contentUrl\":\"https:\/\/www.ghostysky.com\/wp-content\/uploads\/2025\/11\/GH_DJI-Osmo-Action-6-FOV-Boost-Lens_1.jpg\",\"width\":800,\"height\":800},{\"@type\":\"BreadcrumbList\",\"@id\":\"https:\/\/www.ghostysky.com\/product\/dji-osmo-action-6-fov-boost-lens\/#breadcrumb\",\"itemListElement\":[{\"@type\":\"ListItem\",\"position\":1,\"name\":\"Home\",\"item\":\"https:\/\/www.ghostysky.com\/\"},{\"@type\":\"ListItem\",\"position\":2,\"name\":\"Shop\",\"item\":\"https:\/\/www.ghostysky.com\/shop\/\"},{\"@type\":\"ListItem\",\"position\":3,\"name\":\"DJI Osmo Action 6 FOV Boost Lens\"}]},{\"@type\":\"WebSite\",\"@id\":\"https:\/\/www.ghostysky.com\/#website\",\"url\":\"https:\/\/www.ghostysky.com\/\",\"name\":\"Ghostysky\",\"description\":\"Delivering professional drones and services\",\"publisher\":{\"@id\":\"https:\/\/www.ghostysky.com\/#organization\"},\"potentialAction\":[{\"@type\":\"SearchAction\",\"target\":{\"@type\":\"EntryPoint\",\"urlTemplate\":\"https:\/\/www.ghostysky.com\/?s={search_term_string}\"},\"query-input\":{\"@type\":\"PropertyValueSpecification\",\"valueRequired\":true,\"valueName\":\"search_term_string\"}}],\"inLanguage\":\"pt-PT\"},{\"@type\":\"Organization\",\"@id\":\"https:\/\/www.ghostysky.com\/#organization\",\"name\":\"Ghostysky\",\"url\":\"https:\/\/www.ghostysky.com\/\",\"logo\":{\"@type\":\"ImageObject\",\"inLanguage\":\"pt-PT\",\"@id\":\"https:\/\/www.ghostysky.com\/#\/schema\/logo\/image\/\",\"url\":\"https:\/\/www.ghostysky.com\/wp-content\/uploads\/2020\/06\/cropped-ghostyskylogo_text_white2.png\",\"contentUrl\":\"https:\/\/www.ghostysky.com\/wp-content\/uploads\/2020\/06\/cropped-ghostyskylogo_text_white2.png\",\"width\":169,\"height\":56,\"caption\":\"Ghostysky\"},\"image\":{\"@id\":\"https:\/\/www.ghostysky.com\/#\/schema\/logo\/image\/\"},\"sameAs\":[\"https:\/\/www.facebook.com\/people\/Ghostysky\/100057676170234\/\",\"https:\/\/x.com\/Gh0stysky\",\"https:\/\/www.linkedin.com\/company\/34739653\",\"https:\/\/www.instagram.com\/gh0stysky\"]}]}<\/script>\n<!-- \/ Yoast SEO plugin. -->","yoast_head_json":{"title":"Lente de aumento de campo de vis\u00e3o (FOV) para DJI Osmo Action 6 - Ghostysky","description":"A lente DJI Osmo Action 6 FOV Boost \u00e9 um acess\u00f3rio \u00f3ptico de alto desempenho projetado para expandir drasticamente o campo de vis\u00e3o da sua c\u00e2mera Action 6. Quando acoplada, ela amplia o campo de vis\u00e3o nativo de 155\u00b0 para um ultra-amplo de 182\u00b0, proporcionando fotos de a\u00e7\u00e3o mais imersivas e de ponta a ponta.","robots":{"index":"index","follow":"follow","max-snippet":"max-snippet:-1","max-image-preview":"max-image-preview:large","max-video-preview":"max-video-preview:-1"},"canonical":"https:\/\/www.ghostysky.com\/pt\/produto-2\/dji-osmo-action-6-fov-boost-lens\/","og_locale":"pt_PT","og_type":"article","og_title":"DJI Osmo Action 6 FOV Boost Lens - Ghostysky","og_description":"The DJI Osmo Action 6 FOV Boost Lens is a high-performance optical accessory designed to dramatically expand the field of view of your Action 6 camera. When attached, it pushes the native 155\u00b0 FOV out to an ultra-wide 182\u00b0, delivering more immersive, edge-to-edge action shots.","og_url":"https:\/\/www.ghostysky.com\/pt\/produto-2\/dji-osmo-action-6-fov-boost-lens\/","og_site_name":"Ghostysky","article_publisher":"https:\/\/www.facebook.com\/people\/Ghostysky\/100057676170234\/","article_modified_time":"2025-11-23T09:27:36+00:00","og_image":[{"width":800,"height":800,"url":"https:\/\/www.ghostysky.com\/wp-content\/uploads\/2025\/11\/GH_DJI-Osmo-Action-6-FOV-Boost-Lens_1.jpg","type":"image\/jpeg"}],"twitter_card":"summary_large_image","twitter_site":"@Gh0stysky","twitter_misc":{"Tempo estimado de leitura":"2 minutos"},"schema":{"@context":"https:\/\/schema.org","@graph":[{"@type":"WebPage","@id":"https:\/\/www.ghostysky.com\/product\/dji-osmo-action-6-fov-boost-lens\/","url":"https:\/\/www.ghostysky.com\/product\/dji-osmo-action-6-fov-boost-lens\/","name":"Lente de aumento de campo de vis\u00e3o (FOV) para DJI Osmo Action 6 - Ghostysky","isPartOf":{"@id":"https:\/\/www.ghostysky.com\/#website"},"primaryImageOfPage":{"@id":"https:\/\/www.ghostysky.com\/product\/dji-osmo-action-6-fov-boost-lens\/#primaryimage"},"image":{"@id":"https:\/\/www.ghostysky.com\/product\/dji-osmo-action-6-fov-boost-lens\/#primaryimage"},"thumbnailUrl":"https:\/\/www.ghostysky.com\/wp-content\/uploads\/2025\/11\/GH_DJI-Osmo-Action-6-FOV-Boost-Lens_1.jpg","datePublished":"2025-11-20T12:50:32+00:00","dateModified":"2025-11-23T09:27:36+00:00","description":"A lente DJI Osmo Action 6 FOV Boost \u00e9 um acess\u00f3rio \u00f3ptico de alto desempenho projetado para expandir drasticamente o campo de vis\u00e3o da sua c\u00e2mera Action 6. Quando acoplada, ela amplia o campo de vis\u00e3o nativo de 155\u00b0 para um ultra-amplo de 182\u00b0, proporcionando fotos de a\u00e7\u00e3o mais imersivas e de ponta a ponta.","breadcrumb":{"@id":"https:\/\/www.ghostysky.com\/product\/dji-osmo-action-6-fov-boost-lens\/#breadcrumb"},"inLanguage":"pt-PT","potentialAction":[{"@type":"ReadAction","target":["https:\/\/www.ghostysky.com\/product\/dji-osmo-action-6-fov-boost-lens\/"]}]},{"@type":"ImageObject","inLanguage":"pt-PT","@id":"https:\/\/www.ghostysky.com\/product\/dji-osmo-action-6-fov-boost-lens\/#primaryimage","url":"https:\/\/www.ghostysky.com\/wp-content\/uploads\/2025\/11\/GH_DJI-Osmo-Action-6-FOV-Boost-Lens_1.jpg","contentUrl":"https:\/\/www.ghostysky.com\/wp-content\/uploads\/2025\/11\/GH_DJI-Osmo-Action-6-FOV-Boost-Lens_1.jpg","width":800,"height":800},{"@type":"BreadcrumbList","@id":"https:\/\/www.ghostysky.com\/product\/dji-osmo-action-6-fov-boost-lens\/#breadcrumb","itemListElement":[{"@type":"ListItem","position":1,"name":"Home","item":"https:\/\/www.ghostysky.com\/"},{"@type":"ListItem","position":2,"name":"Shop","item":"https:\/\/www.ghostysky.com\/shop\/"},{"@type":"ListItem","position":3,"name":"DJI Osmo Action 6 FOV Boost Lens"}]},{"@type":"WebSite","@id":"https:\/\/www.ghostysky.com\/#website","url":"https:\/\/www.ghostysky.com\/","name":"Ghostysky","description":"Fornecendo drones e servi\u00e7os profissionais","publisher":{"@id":"https:\/\/www.ghostysky.com\/#organization"},"potentialAction":[{"@type":"SearchAction","target":{"@type":"EntryPoint","urlTemplate":"https:\/\/www.ghostysky.com\/?s={search_term_string}"},"query-input":{"@type":"PropertyValueSpecification","valueRequired":true,"valueName":"search_term_string"}}],"inLanguage":"pt-PT"},{"@type":"Organization","@id":"https:\/\/www.ghostysky.com\/#organization","name":"Ghostysky","url":"https:\/\/www.ghostysky.com\/","logo":{"@type":"ImageObject","inLanguage":"pt-PT","@id":"https:\/\/www.ghostysky.com\/#\/schema\/logo\/image\/","url":"https:\/\/www.ghostysky.com\/wp-content\/uploads\/2020\/06\/cropped-ghostyskylogo_text_white2.png","contentUrl":"https:\/\/www.ghostysky.com\/wp-content\/uploads\/2020\/06\/cropped-ghostyskylogo_text_white2.png","width":169,"height":56,"caption":"Ghostysky"},"image":{"@id":"https:\/\/www.ghostysky.com\/#\/schema\/logo\/image\/"},"sameAs":["https:\/\/www.facebook.com\/people\/Ghostysky\/100057676170234\/","https:\/\/x.com\/Gh0stysky","https:\/\/www.linkedin.com\/company\/34739653","https:\/\/www.instagram.com\/gh0stysky"]}]}},"_links":{"self":[{"href":"https:\/\/www.ghostysky.com\/pt\/wp-json\/wp\/v2\/product\/23319","targetHints":{"allow":["GET"]}}],"collection":[{"href":"https:\/\/www.ghostysky.com\/pt\/wp-json\/wp\/v2\/product"}],"about":[{"href":"https:\/\/www.ghostysky.com\/pt\/wp-json\/wp\/v2\/types\/product"}],"replies":[{"embeddable":true,"href":"https:\/\/www.ghostysky.com\/pt\/wp-json\/wp\/v2\/comments?post=23319"}],"wp:featuredmedia":[{"embeddable":true,"href":"https:\/\/www.ghostysky.com\/pt\/wp-json\/wp\/v2\/media\/23323"}],"wp:attachment":[{"href":"https:\/\/www.ghostysky.com\/pt\/wp-json\/wp\/v2\/media?parent=23319"}],"wp:term":[{"taxonomy":"product_brand","embeddable":true,"href":"https:\/\/www.ghostysky.com\/pt\/wp-json\/wp\/v2\/product_brand?post=23319"},{"taxonomy":"product_cat","embeddable":true,"href":"https:\/\/www.ghostysky.com\/pt\/wp-json\/wp\/v2\/product_cat?post=23319"},{"taxonomy":"product_tag","embeddable":true,"href":"https:\/\/www.ghostysky.com\/pt\/wp-json\/wp\/v2\/product_tag?post=23319"}],"curies":[{"name":"wp","href":"https:\/\/api.w.org\/{rel}","templated":true}]}}