{"id":23324,"date":"2025-11-20T13:14:37","date_gmt":"2025-11-20T13:14:37","guid":{"rendered":"https:\/\/www.ghostysky.com\/?post_type=product&#038;p=23324"},"modified":"2025-11-23T09:25:44","modified_gmt":"2025-11-23T09:25:44","slug":"dji-osmo-road-cycling-accessory-kit-dual-quick-release","status":"publish","type":"product","link":"https:\/\/www.ghostysky.com\/pt\/product\/dji-osmo-road-cycling-accessory-kit-dual-quick-release\/","title":{"rendered":"Kit de acess\u00f3rios para ciclismo de estrada DJI Osmo (libera\u00e7\u00e3o r\u00e1pida dupla)"},"content":{"rendered":"<h4 data-start=\"605\" data-end=\"621\"><strong data-start=\"605\" data-end=\"621\">Caracter\u00edsticas principais<\/strong><\/h4>\n<ul data-start=\"623\" data-end=\"1559\">\n<li data-start=\"623\" data-end=\"803\">\n<p data-start=\"625\" data-end=\"803\"><strong data-start=\"625\" data-end=\"671\">Suporte adaptador de libera\u00e7\u00e3o r\u00e1pida bidirecional<\/strong>Permite a troca r\u00e1pida e segura entre pontos de montagem sem a necessidade de reconfigurar sua instala\u00e7\u00e3o.<\/p>\n<\/li>\n<li data-start=\"804\" data-end=\"980\">\n<p data-start=\"806\" data-end=\"980\"><strong data-start=\"806\" data-end=\"830\">Suporte para mini guid\u00e3o<\/strong>Monte a c\u00e2mera no guid\u00e3o da sua bicicleta para filmar cenas olhando para a frente, capturando a trilha ou a estrada \u00e0 frente.<\/p>\n<\/li>\n<li data-start=\"981\" data-end=\"1149\">\n<p data-start=\"983\" data-end=\"1149\"><strong data-start=\"983\" data-end=\"1007\">Suporte para trilho de selim de bicicleta<\/strong>Posicione a c\u00e2mera sob o selim para capturar os ciclistas atr\u00e1s de voc\u00ea, proporcionando uma vis\u00e3o traseira exclusiva.<\/p>\n<\/li>\n<li data-start=\"1150\" data-end=\"1364\">\n<p data-start=\"1152\" data-end=\"1364\"><strong data-start=\"1152\" data-end=\"1172\">Al\u00e7a de pulso 360\u00b0<\/strong>Uma al\u00e7a flex\u00edvel e girat\u00f3ria que voc\u00ea pode usar no pulso \u2014 perfeita para destacar e usar a c\u00e2mera para vlogs ou para apontar para momentos interessantes durante o passeio.<\/p>\n<\/li>\n<li data-start=\"1150\" data-end=\"1364\">\n<p data-start=\"1152\" data-end=\"1364\"><strong data-start=\"1367\" data-end=\"1394\">Parafuso de travamento e chave hexagonal<\/strong>Garanta uma fixa\u00e7\u00e3o firme e segura com o parafuso de travamento inclu\u00eddo e use a chave hexagonal para ajustes e montagem r\u00e1pidos.<\/p>\n<\/li>\n<\/ul>\n<h4 data-start=\"1561\" data-end=\"1577\"><strong data-start=\"1561\" data-end=\"1575\">Na caixa<\/strong><\/h4>\n<ul data-start=\"1578\" data-end=\"1981\">\n<li data-start=\"1578\" data-end=\"1666\">\n<p data-start=\"1580\" data-end=\"1666\">1x Adaptador de montagem de libera\u00e7\u00e3o r\u00e1pida bidirecional<\/p>\n<\/li>\n<li data-start=\"1667\" data-end=\"1729\">\n<p data-start=\"1669\" data-end=\"1729\">1x Al\u00e7a de pulso girat\u00f3ria 360\u00b0<\/p>\n<\/li>\n<li data-start=\"1730\" data-end=\"1796\">\n<p data-start=\"1732\" data-end=\"1796\">1x Mini Suporte para Guid\u00e3o<\/p>\n<\/li>\n<li data-start=\"1797\" data-end=\"1863\">\n<p data-start=\"1799\" data-end=\"1863\">1x Suporte para trilho de selim de bicicleta<\/p>\n<\/li>\n<li data-start=\"1864\" data-end=\"1925\">\n<p data-start=\"1866\" data-end=\"1925\">1 parafuso de fixa\u00e7\u00e3o<\/p>\n<\/li>\n<li data-start=\"1926\" data-end=\"1981\">\n<p data-start=\"1928\" data-end=\"1981\">1x Chave Hexagonal<\/p>\n<\/li>\n<\/ul>\n<h4 data-start=\"1983\" data-end=\"2003\"><strong data-start=\"1983\" data-end=\"2001\">Especifica\u00e7\u00f5es<\/strong><\/h4>\n<ul data-start=\"2004\" data-end=\"2441\">\n<li data-start=\"2004\" data-end=\"2112\">\n<p data-start=\"2006\" data-end=\"2112\"><strong data-start=\"2006\" data-end=\"2025\">Suporte do trilho do assento<\/strong>Peso aproximado: 47 g, dimens\u00f5es aproximadas: 63,14 \u00d7 19,71 \u00d7 32,51 mm<\/p>\n<\/li>\n<li data-start=\"2113\" data-end=\"2224\">\n<p data-start=\"2115\" data-end=\"2224\"><strong data-start=\"2115\" data-end=\"2139\">Suporte para mini guid\u00e3o<\/strong>Peso aproximado: 94 g, dimens\u00f5es aproximadas: 59,7 \u00d7 59,7 \u00d7 27,81 mm<\/p>\n<\/li>\n<li data-start=\"2225\" data-end=\"2334\">\n<p data-start=\"2227\" data-end=\"2334\"><strong data-start=\"2227\" data-end=\"2252\">Adaptador de libera\u00e7\u00e3o r\u00e1pida<\/strong>Peso aproximado: 16 g, dimens\u00f5es aproximadas: 40,2 \u00d7 21 \u00d7 34,2 mm<\/p>\n<\/li>\n<li data-start=\"2335\" data-end=\"2441\">\n<p data-start=\"2337\" data-end=\"2441\"><strong data-start=\"2337\" data-end=\"2352\">Al\u00e7a de pulso<\/strong>Peso aproximado: 56,7 g, dimens\u00f5es aproximadas: 53,98 \u00d7 51,11 \u00d7 45,94 mm<\/p>\n<\/li>\n<\/ul>\n<h4 data-start=\"2443\" data-end=\"2462\"><strong data-start=\"2443\" data-end=\"2460\">Compatibilidade<\/strong><\/h4>\n<ul data-start=\"2463\" data-end=\"2559\">\n<li data-start=\"2463\" data-end=\"2559\">\n<p data-start=\"2465\" data-end=\"2559\">Compat\u00edvel com <strong data-start=\"2481\" data-end=\"2498\">Osmo Action 6<\/strong> e <strong data-start=\"2503\" data-end=\"2516\">Osmo Nano<\/strong>.<\/p>\n<\/li>\n<\/ul>\n<h4 data-start=\"2561\" data-end=\"2585\"><strong data-start=\"2561\" data-end=\"2583\">Por que voc\u00ea vai adorar<\/strong><\/h4>\n<ul data-start=\"2586\" data-end=\"3172\">\n<li data-start=\"2586\" data-end=\"2800\">\n<p data-start=\"2588\" data-end=\"2800\"><strong data-start=\"2588\" data-end=\"2606\">\u00c2ngulos din\u00e2micos<\/strong>Quer voc\u00ea queira uma vis\u00e3o frontal a partir do guid\u00e3o, uma foto traseira a partir de baixo do selim ou um \u00e2ngulo no estilo vlog a partir do seu pulso, este kit lhe d\u00e1 a liberdade de alternar instantaneamente.<\/p>\n<\/li>\n<li data-start=\"2801\" data-end=\"2910\">\n<p data-start=\"2803\" data-end=\"2910\"><strong data-start=\"2803\" data-end=\"2825\">Constru\u00eddo para ciclistas<\/strong>Suportes resistentes que suportam as vibra\u00e7\u00f5es da estrada e os rigores do ciclismo ao ar livre.<\/p>\n<\/li>\n<li data-start=\"2911\" data-end=\"3045\">\n<p data-start=\"2913\" data-end=\"3045\"><strong data-start=\"2913\" data-end=\"2934\">Transi\u00e7\u00f5es r\u00e1pidas<\/strong>O sistema de libera\u00e7\u00e3o r\u00e1pida facilita a troca da c\u00e2mera entre os suportes, para que voc\u00ea n\u00e3o perca momentos importantes.<\/p>\n<\/li>\n<li data-start=\"3046\" data-end=\"3172\">\n<p data-start=\"3048\" data-end=\"3172\"><strong data-start=\"3048\" data-end=\"3069\">Vlogs port\u00e1teis<\/strong>A al\u00e7a de pulso de 360\u00b0 permite que voc\u00ea destaque a c\u00e2mera durante o passeio para fotografar a si mesmo ou os arredores com facilidade.<\/p>\n<\/li>\n<\/ul>\n<h4 data-start=\"3174\" data-end=\"3189\"><strong data-start=\"3174\" data-end=\"3187\">Casos de Uso<\/strong><\/h4>\n<ul data-start=\"3190\" data-end=\"3514\">\n<li data-start=\"3190\" data-end=\"3291\">\n<p data-start=\"3192\" data-end=\"3291\"><strong data-start=\"3192\" data-end=\"3206\">Passeios de carro<\/strong>Fotografe a paisagem \u00e0 frente, passeios em grupo ou fotos de amigos atr\u00e1s de voc\u00ea.<\/p>\n<\/li>\n<li data-start=\"3292\" data-end=\"3390\">\n<p data-start=\"3294\" data-end=\"3390\"><strong data-start=\"3294\" data-end=\"3319\">Cicloturismo \/ Cicloturismo<\/strong>Use a pulseira para viagens longas e, em seguida, troque para a pulseira de pulso para vlogs de acampamento.<\/p>\n<\/li>\n<li data-start=\"3391\" data-end=\"3514\">\n<p data-start=\"3393\" data-end=\"3514\"><strong data-start=\"3393\" data-end=\"3416\">Treinamento e An\u00e1lise<\/strong>Utilize o suporte no guid\u00e3o ou no selim para gravar seus movimentos para fins de treinamento ou an\u00e1lise de desempenho.<\/p>\n<\/li>\n<\/ul>","protected":false},"excerpt":{"rendered":"<p>Leve suas aventuras de ciclismo para o pr\u00f3ximo n\u00edvel com o Kit de Acess\u00f3rios para Ciclismo de Estrada DJI Osmo, projetado especialmente para pedaladas cheias de a\u00e7\u00e3o. Este kit vers\u00e1til oferece op\u00e7\u00f5es flex\u00edveis de montagem para sua c\u00e2mera DJI Osmo ou Osmo Action, permitindo que voc\u00ea alterne facilmente entre diferentes perspectivas de grava\u00e7\u00e3o \u2014 seja capturando a trilha \u00e0 frente, a vista para tr\u00e1s ou at\u00e9 mesmo gravando vlogs durante uma pausa.<\/p>","protected":false},"featured_media":23326,"comment_status":"open","ping_status":"closed","template":"","meta":[],"product_brand":[1031],"product_cat":[37,1301,1302,29],"product_tag":[42,1303,1305],"class_list":{"0":"post-23324","1":"product","2":"type-product","3":"status-publish","4":"has-post-thumbnail","6":"product_brand-dji","7":"product_cat-dji","8":"product_cat-dji-handled","9":"product_cat-dji-osmo-action-6","10":"product_cat-drones","11":"product_tag-dji","12":"product_tag-osmo-action-6","13":"product_tag-osmo-action-6-accessories","15":"first","16":"outofstock","17":"taxable","18":"shipping-taxable","19":"purchasable","20":"product-type-simple"},"yoast_head":"<!-- This site is optimized with the Yoast SEO plugin v27.1.1 - https:\/\/yoast.com\/product\/yoast-seo-wordpress\/ -->\n<title>DJI Osmo Road Cycling Accessory Kit (Dual Quick-Release) - Ghostysky<\/title>\n<meta name=\"description\" content=\"Take your ride to the next level with the DJI Osmo Road Cycling Accessory Kit, designed especially for action-packed cycling adventures. This versatile kit gives your DJI Osmo or Osmo Action camera flexible mounting options, allowing you to switch seamlessly between different recording perspectives \u2014 whether you&#039;re capturing the trail ahead, the view behind you, or even vlogging during a break.\" \/>\n<meta name=\"robots\" content=\"index, follow, max-snippet:-1, max-image-preview:large, max-video-preview:-1\" \/>\n<link rel=\"canonical\" href=\"https:\/\/www.ghostysky.com\/pt\/produto-2\/dji-osmo-road-cycling-accessory-kit-dual-quick-release\/\" \/>\n<meta property=\"og:locale\" content=\"pt_PT\" \/>\n<meta property=\"og:type\" content=\"article\" \/>\n<meta property=\"og:title\" content=\"DJI Osmo Road Cycling Accessory Kit (Dual Quick-Release) - Ghostysky\" \/>\n<meta property=\"og:description\" content=\"Take your ride to the next level with the DJI Osmo Road Cycling Accessory Kit, designed especially for action-packed cycling adventures. This versatile kit gives your DJI Osmo or Osmo Action camera flexible mounting options, allowing you to switch seamlessly between different recording perspectives \u2014 whether you&#039;re capturing the trail ahead, the view behind you, or even vlogging during a break.\" \/>\n<meta property=\"og:url\" content=\"https:\/\/www.ghostysky.com\/pt\/produto-2\/dji-osmo-road-cycling-accessory-kit-dual-quick-release\/\" \/>\n<meta property=\"og:site_name\" content=\"Ghostysky\" \/>\n<meta property=\"article:publisher\" content=\"https:\/\/www.facebook.com\/people\/Ghostysky\/100057676170234\/\" \/>\n<meta property=\"article:modified_time\" content=\"2025-11-23T09:25:44+00:00\" \/>\n<meta property=\"og:image\" content=\"https:\/\/www.ghostysky.com\/wp-content\/uploads\/2025\/11\/GH_DJI-Osmo-Road-Cycling-Accessory-Kit-Dual-Quick-Release_1.jpg\" \/>\n\t<meta property=\"og:image:width\" content=\"800\" \/>\n\t<meta property=\"og:image:height\" content=\"800\" \/>\n\t<meta property=\"og:image:type\" content=\"image\/jpeg\" \/>\n<meta name=\"twitter:card\" content=\"summary_large_image\" \/>\n<meta name=\"twitter:site\" content=\"@Gh0stysky\" \/>\n<meta name=\"twitter:label1\" content=\"Tempo estimado de leitura\" \/>\n\t<meta name=\"twitter:data1\" content=\"2 minutos\" \/>\n<script type=\"application\/ld+json\" class=\"yoast-schema-graph\">{\"@context\":\"https:\/\/schema.org\",\"@graph\":[{\"@type\":\"WebPage\",\"@id\":\"https:\/\/www.ghostysky.com\/product\/dji-osmo-road-cycling-accessory-kit-dual-quick-release\/\",\"url\":\"https:\/\/www.ghostysky.com\/product\/dji-osmo-road-cycling-accessory-kit-dual-quick-release\/\",\"name\":\"DJI Osmo Road Cycling Accessory Kit (Dual Quick-Release) - Ghostysky\",\"isPartOf\":{\"@id\":\"https:\/\/www.ghostysky.com\/#website\"},\"primaryImageOfPage\":{\"@id\":\"https:\/\/www.ghostysky.com\/product\/dji-osmo-road-cycling-accessory-kit-dual-quick-release\/#primaryimage\"},\"image\":{\"@id\":\"https:\/\/www.ghostysky.com\/product\/dji-osmo-road-cycling-accessory-kit-dual-quick-release\/#primaryimage\"},\"thumbnailUrl\":\"https:\/\/www.ghostysky.com\/wp-content\/uploads\/2025\/11\/GH_DJI-Osmo-Road-Cycling-Accessory-Kit-Dual-Quick-Release_1.jpg\",\"datePublished\":\"2025-11-20T13:14:37+00:00\",\"dateModified\":\"2025-11-23T09:25:44+00:00\",\"description\":\"Take your ride to the next level with the DJI Osmo Road Cycling Accessory Kit, designed especially for action-packed cycling adventures. This versatile kit gives your DJI Osmo or Osmo Action camera flexible mounting options, allowing you to switch seamlessly between different recording perspectives \u2014 whether you're capturing the trail ahead, the view behind you, or even vlogging during a break.\",\"breadcrumb\":{\"@id\":\"https:\/\/www.ghostysky.com\/product\/dji-osmo-road-cycling-accessory-kit-dual-quick-release\/#breadcrumb\"},\"inLanguage\":\"pt-PT\",\"potentialAction\":[{\"@type\":\"ReadAction\",\"target\":[\"https:\/\/www.ghostysky.com\/product\/dji-osmo-road-cycling-accessory-kit-dual-quick-release\/\"]}]},{\"@type\":\"ImageObject\",\"inLanguage\":\"pt-PT\",\"@id\":\"https:\/\/www.ghostysky.com\/product\/dji-osmo-road-cycling-accessory-kit-dual-quick-release\/#primaryimage\",\"url\":\"https:\/\/www.ghostysky.com\/wp-content\/uploads\/2025\/11\/GH_DJI-Osmo-Road-Cycling-Accessory-Kit-Dual-Quick-Release_1.jpg\",\"contentUrl\":\"https:\/\/www.ghostysky.com\/wp-content\/uploads\/2025\/11\/GH_DJI-Osmo-Road-Cycling-Accessory-Kit-Dual-Quick-Release_1.jpg\",\"width\":800,\"height\":800},{\"@type\":\"BreadcrumbList\",\"@id\":\"https:\/\/www.ghostysky.com\/product\/dji-osmo-road-cycling-accessory-kit-dual-quick-release\/#breadcrumb\",\"itemListElement\":[{\"@type\":\"ListItem\",\"position\":1,\"name\":\"Home\",\"item\":\"https:\/\/www.ghostysky.com\/\"},{\"@type\":\"ListItem\",\"position\":2,\"name\":\"Shop\",\"item\":\"https:\/\/www.ghostysky.com\/shop\/\"},{\"@type\":\"ListItem\",\"position\":3,\"name\":\"DJI Osmo Road Cycling Accessory Kit (Dual Quick-Release)\"}]},{\"@type\":\"WebSite\",\"@id\":\"https:\/\/www.ghostysky.com\/#website\",\"url\":\"https:\/\/www.ghostysky.com\/\",\"name\":\"Ghostysky\",\"description\":\"Delivering professional drones and services\",\"publisher\":{\"@id\":\"https:\/\/www.ghostysky.com\/#organization\"},\"potentialAction\":[{\"@type\":\"SearchAction\",\"target\":{\"@type\":\"EntryPoint\",\"urlTemplate\":\"https:\/\/www.ghostysky.com\/?s={search_term_string}\"},\"query-input\":{\"@type\":\"PropertyValueSpecification\",\"valueRequired\":true,\"valueName\":\"search_term_string\"}}],\"inLanguage\":\"pt-PT\"},{\"@type\":\"Organization\",\"@id\":\"https:\/\/www.ghostysky.com\/#organization\",\"name\":\"Ghostysky\",\"url\":\"https:\/\/www.ghostysky.com\/\",\"logo\":{\"@type\":\"ImageObject\",\"inLanguage\":\"pt-PT\",\"@id\":\"https:\/\/www.ghostysky.com\/#\/schema\/logo\/image\/\",\"url\":\"https:\/\/www.ghostysky.com\/wp-content\/uploads\/2020\/06\/cropped-ghostyskylogo_text_white2.png\",\"contentUrl\":\"https:\/\/www.ghostysky.com\/wp-content\/uploads\/2020\/06\/cropped-ghostyskylogo_text_white2.png\",\"width\":169,\"height\":56,\"caption\":\"Ghostysky\"},\"image\":{\"@id\":\"https:\/\/www.ghostysky.com\/#\/schema\/logo\/image\/\"},\"sameAs\":[\"https:\/\/www.facebook.com\/people\/Ghostysky\/100057676170234\/\",\"https:\/\/x.com\/Gh0stysky\",\"https:\/\/www.linkedin.com\/company\/34739653\",\"https:\/\/www.instagram.com\/gh0stysky\"]}]}<\/script>\n<!-- \/ Yoast SEO plugin. -->","yoast_head_json":{"title":"Kit de acess\u00f3rios para ciclismo de estrada DJI Osmo (libera\u00e7\u00e3o r\u00e1pida dupla) - Ghostysky","description":"Leve suas aventuras de ciclismo para o pr\u00f3ximo n\u00edvel com o Kit de Acess\u00f3rios para Ciclismo de Estrada DJI Osmo, projetado especialmente para pedaladas cheias de a\u00e7\u00e3o. Este kit vers\u00e1til oferece op\u00e7\u00f5es flex\u00edveis de montagem para sua c\u00e2mera DJI Osmo ou Osmo Action, permitindo que voc\u00ea alterne facilmente entre diferentes perspectivas de grava\u00e7\u00e3o \u2014 seja capturando a trilha \u00e0 frente, a vista para tr\u00e1s ou at\u00e9 mesmo gravando vlogs durante uma pausa.","robots":{"index":"index","follow":"follow","max-snippet":"max-snippet:-1","max-image-preview":"max-image-preview:large","max-video-preview":"max-video-preview:-1"},"canonical":"https:\/\/www.ghostysky.com\/pt\/produto-2\/dji-osmo-road-cycling-accessory-kit-dual-quick-release\/","og_locale":"pt_PT","og_type":"article","og_title":"DJI Osmo Road Cycling Accessory Kit (Dual Quick-Release) - Ghostysky","og_description":"Take your ride to the next level with the DJI Osmo Road Cycling Accessory Kit, designed especially for action-packed cycling adventures. This versatile kit gives your DJI Osmo or Osmo Action camera flexible mounting options, allowing you to switch seamlessly between different recording perspectives \u2014 whether you're capturing the trail ahead, the view behind you, or even vlogging during a break.","og_url":"https:\/\/www.ghostysky.com\/pt\/produto-2\/dji-osmo-road-cycling-accessory-kit-dual-quick-release\/","og_site_name":"Ghostysky","article_publisher":"https:\/\/www.facebook.com\/people\/Ghostysky\/100057676170234\/","article_modified_time":"2025-11-23T09:25:44+00:00","og_image":[{"width":800,"height":800,"url":"https:\/\/www.ghostysky.com\/wp-content\/uploads\/2025\/11\/GH_DJI-Osmo-Road-Cycling-Accessory-Kit-Dual-Quick-Release_1.jpg","type":"image\/jpeg"}],"twitter_card":"summary_large_image","twitter_site":"@Gh0stysky","twitter_misc":{"Tempo estimado de leitura":"2 minutos"},"schema":{"@context":"https:\/\/schema.org","@graph":[{"@type":"WebPage","@id":"https:\/\/www.ghostysky.com\/product\/dji-osmo-road-cycling-accessory-kit-dual-quick-release\/","url":"https:\/\/www.ghostysky.com\/product\/dji-osmo-road-cycling-accessory-kit-dual-quick-release\/","name":"Kit de acess\u00f3rios para ciclismo de estrada DJI Osmo (libera\u00e7\u00e3o r\u00e1pida dupla) - Ghostysky","isPartOf":{"@id":"https:\/\/www.ghostysky.com\/#website"},"primaryImageOfPage":{"@id":"https:\/\/www.ghostysky.com\/product\/dji-osmo-road-cycling-accessory-kit-dual-quick-release\/#primaryimage"},"image":{"@id":"https:\/\/www.ghostysky.com\/product\/dji-osmo-road-cycling-accessory-kit-dual-quick-release\/#primaryimage"},"thumbnailUrl":"https:\/\/www.ghostysky.com\/wp-content\/uploads\/2025\/11\/GH_DJI-Osmo-Road-Cycling-Accessory-Kit-Dual-Quick-Release_1.jpg","datePublished":"2025-11-20T13:14:37+00:00","dateModified":"2025-11-23T09:25:44+00:00","description":"Leve suas aventuras de ciclismo para o pr\u00f3ximo n\u00edvel com o Kit de Acess\u00f3rios para Ciclismo de Estrada DJI Osmo, projetado especialmente para pedaladas cheias de a\u00e7\u00e3o. Este kit vers\u00e1til oferece op\u00e7\u00f5es flex\u00edveis de montagem para sua c\u00e2mera DJI Osmo ou Osmo Action, permitindo que voc\u00ea alterne facilmente entre diferentes perspectivas de grava\u00e7\u00e3o \u2014 seja capturando a trilha \u00e0 frente, a vista para tr\u00e1s ou at\u00e9 mesmo gravando vlogs durante uma pausa.","breadcrumb":{"@id":"https:\/\/www.ghostysky.com\/product\/dji-osmo-road-cycling-accessory-kit-dual-quick-release\/#breadcrumb"},"inLanguage":"pt-PT","potentialAction":[{"@type":"ReadAction","target":["https:\/\/www.ghostysky.com\/product\/dji-osmo-road-cycling-accessory-kit-dual-quick-release\/"]}]},{"@type":"ImageObject","inLanguage":"pt-PT","@id":"https:\/\/www.ghostysky.com\/product\/dji-osmo-road-cycling-accessory-kit-dual-quick-release\/#primaryimage","url":"https:\/\/www.ghostysky.com\/wp-content\/uploads\/2025\/11\/GH_DJI-Osmo-Road-Cycling-Accessory-Kit-Dual-Quick-Release_1.jpg","contentUrl":"https:\/\/www.ghostysky.com\/wp-content\/uploads\/2025\/11\/GH_DJI-Osmo-Road-Cycling-Accessory-Kit-Dual-Quick-Release_1.jpg","width":800,"height":800},{"@type":"BreadcrumbList","@id":"https:\/\/www.ghostysky.com\/product\/dji-osmo-road-cycling-accessory-kit-dual-quick-release\/#breadcrumb","itemListElement":[{"@type":"ListItem","position":1,"name":"Home","item":"https:\/\/www.ghostysky.com\/"},{"@type":"ListItem","position":2,"name":"Shop","item":"https:\/\/www.ghostysky.com\/shop\/"},{"@type":"ListItem","position":3,"name":"DJI Osmo Road Cycling Accessory Kit (Dual Quick-Release)"}]},{"@type":"WebSite","@id":"https:\/\/www.ghostysky.com\/#website","url":"https:\/\/www.ghostysky.com\/","name":"Ghostysky","description":"Fornecendo drones e servi\u00e7os profissionais","publisher":{"@id":"https:\/\/www.ghostysky.com\/#organization"},"potentialAction":[{"@type":"SearchAction","target":{"@type":"EntryPoint","urlTemplate":"https:\/\/www.ghostysky.com\/?s={search_term_string}"},"query-input":{"@type":"PropertyValueSpecification","valueRequired":true,"valueName":"search_term_string"}}],"inLanguage":"pt-PT"},{"@type":"Organization","@id":"https:\/\/www.ghostysky.com\/#organization","name":"Ghostysky","url":"https:\/\/www.ghostysky.com\/","logo":{"@type":"ImageObject","inLanguage":"pt-PT","@id":"https:\/\/www.ghostysky.com\/#\/schema\/logo\/image\/","url":"https:\/\/www.ghostysky.com\/wp-content\/uploads\/2020\/06\/cropped-ghostyskylogo_text_white2.png","contentUrl":"https:\/\/www.ghostysky.com\/wp-content\/uploads\/2020\/06\/cropped-ghostyskylogo_text_white2.png","width":169,"height":56,"caption":"Ghostysky"},"image":{"@id":"https:\/\/www.ghostysky.com\/#\/schema\/logo\/image\/"},"sameAs":["https:\/\/www.facebook.com\/people\/Ghostysky\/100057676170234\/","https:\/\/x.com\/Gh0stysky","https:\/\/www.linkedin.com\/company\/34739653","https:\/\/www.instagram.com\/gh0stysky"]}]}},"_links":{"self":[{"href":"https:\/\/www.ghostysky.com\/pt\/wp-json\/wp\/v2\/product\/23324","targetHints":{"allow":["GET"]}}],"collection":[{"href":"https:\/\/www.ghostysky.com\/pt\/wp-json\/wp\/v2\/product"}],"about":[{"href":"https:\/\/www.ghostysky.com\/pt\/wp-json\/wp\/v2\/types\/product"}],"replies":[{"embeddable":true,"href":"https:\/\/www.ghostysky.com\/pt\/wp-json\/wp\/v2\/comments?post=23324"}],"wp:featuredmedia":[{"embeddable":true,"href":"https:\/\/www.ghostysky.com\/pt\/wp-json\/wp\/v2\/media\/23326"}],"wp:attachment":[{"href":"https:\/\/www.ghostysky.com\/pt\/wp-json\/wp\/v2\/media?parent=23324"}],"wp:term":[{"taxonomy":"product_brand","embeddable":true,"href":"https:\/\/www.ghostysky.com\/pt\/wp-json\/wp\/v2\/product_brand?post=23324"},{"taxonomy":"product_cat","embeddable":true,"href":"https:\/\/www.ghostysky.com\/pt\/wp-json\/wp\/v2\/product_cat?post=23324"},{"taxonomy":"product_tag","embeddable":true,"href":"https:\/\/www.ghostysky.com\/pt\/wp-json\/wp\/v2\/product_tag?post=23324"}],"curies":[{"name":"wp","href":"https:\/\/api.w.org\/{rel}","templated":true}]}}