{"id":23334,"date":"2025-11-20T13:38:19","date_gmt":"2025-11-20T13:38:19","guid":{"rendered":"https:\/\/www.ghostysky.com\/?post_type=product&#038;p=23334"},"modified":"2025-11-23T09:21:05","modified_gmt":"2025-11-23T09:21:05","slug":"dji-osmo-action-6-waterproof-case","status":"publish","type":"product","link":"https:\/\/www.ghostysky.com\/pt\/product\/dji-osmo-action-6-waterproof-case\/","title":{"rendered":"Capa \u00e0 prova d&#039;\u00e1gua para DJI Osmo Action 6"},"content":{"rendered":"<h4>Caracter\u00edsticas principais<\/h4>\n<ul data-path-to-node=\"3\">\n<li>\n<p data-path-to-node=\"3,0,0\"><b><span class=\"citation-68\">Classifica\u00e7\u00e3o de Profundidade Extrema:<\/span><\/b><span class=\"citation-68\"> Oferece prote\u00e7\u00e3o confi\u00e1vel contra \u00e1gua para o seu Osmo Action 6 at\u00e9 [temperatura n\u00e3o especificada] <\/span><b><span class=\"citation-68\">60 metros (197 p\u00e9s)<\/span><\/b><span class=\"citation-68 citation-end-68\">Perfeito para mergulho e atividades em \u00e1guas profundas.<\/span><\/p>\n<\/li>\n<li>\n<p data-path-to-node=\"3,1,0\"><b>Visibilidade cristalina:<\/b><span class=\"citation-67\"> O caso utiliza <\/span><b><span class=\"citation-67\">vidro de alta resist\u00eancia<\/span><\/b><span class=\"citation-67 citation-end-67\"> sobre a lente para garantir uma vis\u00e3o clara, brilhante e desobstru\u00edda para v\u00eddeos e fotos de alta qualidade.<\/span><\/p>\n<\/li>\n<li>\n<p data-path-to-node=\"3,2,0\"><b><span class=\"citation-66\">Controle de condensa\u00e7\u00e3o:<\/span><\/b><span class=\"citation-66\"> Inclui <\/span><b><span class=\"citation-66\">seis pares de lentes antiemba\u00e7antes<\/span><\/b><span class=\"citation-66 citation-end-66\"> Para evitar a forma\u00e7\u00e3o de condensa\u00e7\u00e3o dentro da caixa durante a transi\u00e7\u00e3o entre diferentes temperaturas, garantindo uma foto n\u00edtida sempre.<\/span><\/p>\n<\/li>\n<li>\n<p data-path-to-node=\"3,3,0\"><b><span class=\"citation-65\">Acesso total \u00e0 c\u00e2mera:<\/span><\/b><span class=\"citation-65\"> Apresenta bot\u00f5es mec\u00e2nicos que fornecem <\/span><b><span class=\"citation-65\">acesso f\u00e1cil e natural<\/span><\/b><span class=\"citation-65 citation-end-65\"> aos controles de obturador e modo da sua c\u00e2mera, permitindo uma opera\u00e7\u00e3o perfeita mesmo quando submersa.<\/span><\/p>\n<\/li>\n<li>\n<p data-path-to-node=\"3,4,0\"><b><span class=\"citation-64\">Integra\u00e7\u00e3o perfeita:<\/span><\/b><span class=\"citation-64\"> Projetado especificamente para encaixar perfeitamente no Osmo Action 6 e inclui um <\/span><b><span class=\"citation-64\">suporte padr\u00e3o de 2 pinos<\/span><\/b><span class=\"citation-64 citation-end-64\"> na parte inferior para f\u00e1cil fixa\u00e7\u00e3o em punhos, al\u00e7as e outros acess\u00f3rios de mergulho.<\/span><\/p>\n<div class=\"source-inline-chip-container ng-star-inserted\"><\/div>\n<\/li>\n<\/ul>\n<p data-path-to-node=\"4\"><span class=\"citation-63 citation-end-63\">Seja explorando recifes de coral vibrantes, praticando snorkeling ou se dedicando a esportes aqu\u00e1ticos radicais, a caixa estanque DJI Osmo Action 6 \u00e9 o equipamento essencial para filmagens subaqu\u00e1ticas sem restri\u00e7\u00f5es.<\/span><\/p>","protected":false},"excerpt":{"rendered":"<p>Desbloqueie todo o potencial subaqu\u00e1tico da sua DJI Osmo Action 6 com o acess\u00f3rio dedicado. <b>Capa \u00e0 prova d&#039;\u00e1gua para DJI Osmo Action 6<\/b>Projetada para o entusiasta subaqu\u00e1tico mais exigente, esta caixa estanque robusta leva sua c\u00e2mera muito al\u00e9m de sua impermeabilidade original, permitindo que voc\u00ea capture imagens impressionantes e cristalinas em grandes profundidades.<\/p>","protected":false},"featured_media":23337,"comment_status":"open","ping_status":"closed","template":"","meta":[],"product_brand":[1031],"product_cat":[37,1301,1302,29],"product_tag":[42,1306,1303,1305],"class_list":{"0":"post-23334","1":"product","2":"type-product","3":"status-publish","4":"has-post-thumbnail","6":"product_brand-dji","7":"product_cat-dji","8":"product_cat-dji-handled","9":"product_cat-dji-osmo-action-6","10":"product_cat-drones","11":"product_tag-dji","12":"product_tag-dji-osmo-action","13":"product_tag-osmo-action-6","14":"product_tag-osmo-action-6-accessories","16":"first","17":"outofstock","18":"taxable","19":"shipping-taxable","20":"purchasable","21":"product-type-simple"},"yoast_head":"<!-- This site is optimized with the Yoast SEO plugin v27.4 - https:\/\/yoast.com\/product\/yoast-seo-wordpress\/ -->\n<title>DJI Osmo Action 6 Waterproof Case - Ghostysky<\/title>\n<meta name=\"description\" content=\"Unlock the full underwater potential of your DJI Osmo Action 6 with the dedicated DJI Osmo Action 6 Waterproof Case. Designed for the serious underwater enthusiast, this rugged housing takes your camera far beyond its native waterproofing, allowing you to capture stunning, crystal-clear footage in the deep.\" \/>\n<meta name=\"robots\" content=\"index, follow, max-snippet:-1, max-image-preview:large, max-video-preview:-1\" \/>\n<link rel=\"canonical\" href=\"https:\/\/www.ghostysky.com\/pt\/produto-2\/dji-osmo-action-6-waterproof-case\/\" \/>\n<meta property=\"og:locale\" content=\"pt_PT\" \/>\n<meta property=\"og:type\" content=\"article\" \/>\n<meta property=\"og:title\" content=\"DJI Osmo Action 6 Waterproof Case - Ghostysky\" \/>\n<meta property=\"og:description\" content=\"Unlock the full underwater potential of your DJI Osmo Action 6 with the dedicated DJI Osmo Action 6 Waterproof Case. Designed for the serious underwater enthusiast, this rugged housing takes your camera far beyond its native waterproofing, allowing you to capture stunning, crystal-clear footage in the deep.\" \/>\n<meta property=\"og:url\" content=\"https:\/\/www.ghostysky.com\/pt\/produto-2\/dji-osmo-action-6-waterproof-case\/\" \/>\n<meta property=\"og:site_name\" content=\"Ghostysky\" \/>\n<meta property=\"article:publisher\" content=\"https:\/\/www.facebook.com\/people\/Ghostysky\/100057676170234\/\" \/>\n<meta property=\"article:modified_time\" content=\"2025-11-23T09:21:05+00:00\" \/>\n<meta property=\"og:image\" content=\"https:\/\/www.ghostysky.com\/wp-content\/uploads\/2025\/11\/GH_DJI-Osmo-Action-6-Waterproof-Case_1.jpg\" \/>\n\t<meta property=\"og:image:width\" content=\"800\" \/>\n\t<meta property=\"og:image:height\" content=\"800\" \/>\n\t<meta property=\"og:image:type\" content=\"image\/jpeg\" \/>\n<meta name=\"twitter:card\" content=\"summary_large_image\" \/>\n<meta name=\"twitter:site\" content=\"@Gh0stysky\" \/>\n<meta name=\"twitter:label1\" content=\"Tempo estimado de leitura\" \/>\n\t<meta name=\"twitter:data1\" content=\"1 minuto\" \/>\n<script type=\"application\/ld+json\" class=\"yoast-schema-graph\">{\"@context\":\"https:\\\/\\\/schema.org\",\"@graph\":[{\"@type\":\"WebPage\",\"@id\":\"https:\\\/\\\/www.ghostysky.com\\\/product\\\/dji-osmo-action-6-waterproof-case\\\/\",\"url\":\"https:\\\/\\\/www.ghostysky.com\\\/product\\\/dji-osmo-action-6-waterproof-case\\\/\",\"name\":\"DJI Osmo Action 6 Waterproof Case - Ghostysky\",\"isPartOf\":{\"@id\":\"https:\\\/\\\/www.ghostysky.com\\\/#website\"},\"primaryImageOfPage\":{\"@id\":\"https:\\\/\\\/www.ghostysky.com\\\/product\\\/dji-osmo-action-6-waterproof-case\\\/#primaryimage\"},\"image\":{\"@id\":\"https:\\\/\\\/www.ghostysky.com\\\/product\\\/dji-osmo-action-6-waterproof-case\\\/#primaryimage\"},\"thumbnailUrl\":\"https:\\\/\\\/www.ghostysky.com\\\/wp-content\\\/uploads\\\/2025\\\/11\\\/GH_DJI-Osmo-Action-6-Waterproof-Case_1.jpg\",\"datePublished\":\"2025-11-20T13:38:19+00:00\",\"dateModified\":\"2025-11-23T09:21:05+00:00\",\"description\":\"Unlock the full underwater potential of your DJI Osmo Action 6 with the dedicated DJI Osmo Action 6 Waterproof Case. Designed for the serious underwater enthusiast, this rugged housing takes your camera far beyond its native waterproofing, allowing you to capture stunning, crystal-clear footage in the deep.\",\"breadcrumb\":{\"@id\":\"https:\\\/\\\/www.ghostysky.com\\\/product\\\/dji-osmo-action-6-waterproof-case\\\/#breadcrumb\"},\"inLanguage\":\"pt-PT\",\"potentialAction\":[{\"@type\":\"ReadAction\",\"target\":[\"https:\\\/\\\/www.ghostysky.com\\\/product\\\/dji-osmo-action-6-waterproof-case\\\/\"]}]},{\"@type\":\"ImageObject\",\"inLanguage\":\"pt-PT\",\"@id\":\"https:\\\/\\\/www.ghostysky.com\\\/product\\\/dji-osmo-action-6-waterproof-case\\\/#primaryimage\",\"url\":\"https:\\\/\\\/www.ghostysky.com\\\/wp-content\\\/uploads\\\/2025\\\/11\\\/GH_DJI-Osmo-Action-6-Waterproof-Case_1.jpg\",\"contentUrl\":\"https:\\\/\\\/www.ghostysky.com\\\/wp-content\\\/uploads\\\/2025\\\/11\\\/GH_DJI-Osmo-Action-6-Waterproof-Case_1.jpg\",\"width\":800,\"height\":800},{\"@type\":\"BreadcrumbList\",\"@id\":\"https:\\\/\\\/www.ghostysky.com\\\/product\\\/dji-osmo-action-6-waterproof-case\\\/#breadcrumb\",\"itemListElement\":[{\"@type\":\"ListItem\",\"position\":1,\"name\":\"Home\",\"item\":\"https:\\\/\\\/www.ghostysky.com\\\/\"},{\"@type\":\"ListItem\",\"position\":2,\"name\":\"Shop\",\"item\":\"https:\\\/\\\/www.ghostysky.com\\\/shop\\\/\"},{\"@type\":\"ListItem\",\"position\":3,\"name\":\"DJI Osmo Action 6 Waterproof Case\"}]},{\"@type\":\"WebSite\",\"@id\":\"https:\\\/\\\/www.ghostysky.com\\\/#website\",\"url\":\"https:\\\/\\\/www.ghostysky.com\\\/\",\"name\":\"Ghostysky\",\"description\":\"Delivering professional drones and services\",\"publisher\":{\"@id\":\"https:\\\/\\\/www.ghostysky.com\\\/#organization\"},\"potentialAction\":[{\"@type\":\"SearchAction\",\"target\":{\"@type\":\"EntryPoint\",\"urlTemplate\":\"https:\\\/\\\/www.ghostysky.com\\\/?s={search_term_string}\"},\"query-input\":{\"@type\":\"PropertyValueSpecification\",\"valueRequired\":true,\"valueName\":\"search_term_string\"}}],\"inLanguage\":\"pt-PT\"},{\"@type\":\"Organization\",\"@id\":\"https:\\\/\\\/www.ghostysky.com\\\/#organization\",\"name\":\"Ghostysky\",\"url\":\"https:\\\/\\\/www.ghostysky.com\\\/\",\"logo\":{\"@type\":\"ImageObject\",\"inLanguage\":\"pt-PT\",\"@id\":\"https:\\\/\\\/www.ghostysky.com\\\/#\\\/schema\\\/logo\\\/image\\\/\",\"url\":\"https:\\\/\\\/www.ghostysky.com\\\/wp-content\\\/uploads\\\/2020\\\/06\\\/cropped-ghostyskylogo_text_white2.png\",\"contentUrl\":\"https:\\\/\\\/www.ghostysky.com\\\/wp-content\\\/uploads\\\/2020\\\/06\\\/cropped-ghostyskylogo_text_white2.png\",\"width\":169,\"height\":56,\"caption\":\"Ghostysky\"},\"image\":{\"@id\":\"https:\\\/\\\/www.ghostysky.com\\\/#\\\/schema\\\/logo\\\/image\\\/\"},\"sameAs\":[\"https:\\\/\\\/www.facebook.com\\\/people\\\/Ghostysky\\\/100057676170234\\\/\",\"https:\\\/\\\/x.com\\\/Gh0stysky\",\"https:\\\/\\\/www.linkedin.com\\\/company\\\/34739653\",\"https:\\\/\\\/www.instagram.com\\\/gh0stysky\"]}]}<\/script>\n<!-- \/ Yoast SEO plugin. -->","yoast_head_json":{"title":"Capa \u00e0 prova d&#039;\u00e1gua para DJI Osmo Action 6 - Ghostysky","description":"Libere todo o potencial subaqu\u00e1tico da sua DJI Osmo Action 6 com a caixa estanque dedicada para DJI Osmo Action 6. Projetada para o entusiasta subaqu\u00e1tico mais exigente, esta caixa robusta leva sua c\u00e2mera muito al\u00e9m da sua resist\u00eancia \u00e0 \u00e1gua nativa, permitindo que voc\u00ea capture imagens impressionantes e n\u00edtidas em grandes profundidades.","robots":{"index":"index","follow":"follow","max-snippet":"max-snippet:-1","max-image-preview":"max-image-preview:large","max-video-preview":"max-video-preview:-1"},"canonical":"https:\/\/www.ghostysky.com\/pt\/produto-2\/dji-osmo-action-6-waterproof-case\/","og_locale":"pt_PT","og_type":"article","og_title":"DJI Osmo Action 6 Waterproof Case - Ghostysky","og_description":"Unlock the full underwater potential of your DJI Osmo Action 6 with the dedicated DJI Osmo Action 6 Waterproof Case. Designed for the serious underwater enthusiast, this rugged housing takes your camera far beyond its native waterproofing, allowing you to capture stunning, crystal-clear footage in the deep.","og_url":"https:\/\/www.ghostysky.com\/pt\/produto-2\/dji-osmo-action-6-waterproof-case\/","og_site_name":"Ghostysky","article_publisher":"https:\/\/www.facebook.com\/people\/Ghostysky\/100057676170234\/","article_modified_time":"2025-11-23T09:21:05+00:00","og_image":[{"width":800,"height":800,"url":"https:\/\/www.ghostysky.com\/wp-content\/uploads\/2025\/11\/GH_DJI-Osmo-Action-6-Waterproof-Case_1.jpg","type":"image\/jpeg"}],"twitter_card":"summary_large_image","twitter_site":"@Gh0stysky","twitter_misc":{"Tempo estimado de leitura":"1 minuto"},"schema":{"@context":"https:\/\/schema.org","@graph":[{"@type":"WebPage","@id":"https:\/\/www.ghostysky.com\/product\/dji-osmo-action-6-waterproof-case\/","url":"https:\/\/www.ghostysky.com\/product\/dji-osmo-action-6-waterproof-case\/","name":"Capa \u00e0 prova d&#039;\u00e1gua para DJI Osmo Action 6 - Ghostysky","isPartOf":{"@id":"https:\/\/www.ghostysky.com\/#website"},"primaryImageOfPage":{"@id":"https:\/\/www.ghostysky.com\/product\/dji-osmo-action-6-waterproof-case\/#primaryimage"},"image":{"@id":"https:\/\/www.ghostysky.com\/product\/dji-osmo-action-6-waterproof-case\/#primaryimage"},"thumbnailUrl":"https:\/\/www.ghostysky.com\/wp-content\/uploads\/2025\/11\/GH_DJI-Osmo-Action-6-Waterproof-Case_1.jpg","datePublished":"2025-11-20T13:38:19+00:00","dateModified":"2025-11-23T09:21:05+00:00","description":"Libere todo o potencial subaqu\u00e1tico da sua DJI Osmo Action 6 com a caixa estanque dedicada para DJI Osmo Action 6. Projetada para o entusiasta subaqu\u00e1tico mais exigente, esta caixa robusta leva sua c\u00e2mera muito al\u00e9m da sua resist\u00eancia \u00e0 \u00e1gua nativa, permitindo que voc\u00ea capture imagens impressionantes e n\u00edtidas em grandes profundidades.","breadcrumb":{"@id":"https:\/\/www.ghostysky.com\/product\/dji-osmo-action-6-waterproof-case\/#breadcrumb"},"inLanguage":"pt-PT","potentialAction":[{"@type":"ReadAction","target":["https:\/\/www.ghostysky.com\/product\/dji-osmo-action-6-waterproof-case\/"]}]},{"@type":"ImageObject","inLanguage":"pt-PT","@id":"https:\/\/www.ghostysky.com\/product\/dji-osmo-action-6-waterproof-case\/#primaryimage","url":"https:\/\/www.ghostysky.com\/wp-content\/uploads\/2025\/11\/GH_DJI-Osmo-Action-6-Waterproof-Case_1.jpg","contentUrl":"https:\/\/www.ghostysky.com\/wp-content\/uploads\/2025\/11\/GH_DJI-Osmo-Action-6-Waterproof-Case_1.jpg","width":800,"height":800},{"@type":"BreadcrumbList","@id":"https:\/\/www.ghostysky.com\/product\/dji-osmo-action-6-waterproof-case\/#breadcrumb","itemListElement":[{"@type":"ListItem","position":1,"name":"Home","item":"https:\/\/www.ghostysky.com\/"},{"@type":"ListItem","position":2,"name":"Shop","item":"https:\/\/www.ghostysky.com\/shop\/"},{"@type":"ListItem","position":3,"name":"DJI Osmo Action 6 Waterproof Case"}]},{"@type":"WebSite","@id":"https:\/\/www.ghostysky.com\/#website","url":"https:\/\/www.ghostysky.com\/","name":"Ghostysky","description":"Fornecendo drones e servi\u00e7os profissionais","publisher":{"@id":"https:\/\/www.ghostysky.com\/#organization"},"potentialAction":[{"@type":"SearchAction","target":{"@type":"EntryPoint","urlTemplate":"https:\/\/www.ghostysky.com\/?s={search_term_string}"},"query-input":{"@type":"PropertyValueSpecification","valueRequired":true,"valueName":"search_term_string"}}],"inLanguage":"pt-PT"},{"@type":"Organization","@id":"https:\/\/www.ghostysky.com\/#organization","name":"Ghostysky","url":"https:\/\/www.ghostysky.com\/","logo":{"@type":"ImageObject","inLanguage":"pt-PT","@id":"https:\/\/www.ghostysky.com\/#\/schema\/logo\/image\/","url":"https:\/\/www.ghostysky.com\/wp-content\/uploads\/2020\/06\/cropped-ghostyskylogo_text_white2.png","contentUrl":"https:\/\/www.ghostysky.com\/wp-content\/uploads\/2020\/06\/cropped-ghostyskylogo_text_white2.png","width":169,"height":56,"caption":"Ghostysky"},"image":{"@id":"https:\/\/www.ghostysky.com\/#\/schema\/logo\/image\/"},"sameAs":["https:\/\/www.facebook.com\/people\/Ghostysky\/100057676170234\/","https:\/\/x.com\/Gh0stysky","https:\/\/www.linkedin.com\/company\/34739653","https:\/\/www.instagram.com\/gh0stysky"]}]}},"_links":{"self":[{"href":"https:\/\/www.ghostysky.com\/pt\/wp-json\/wp\/v2\/product\/23334","targetHints":{"allow":["GET"]}}],"collection":[{"href":"https:\/\/www.ghostysky.com\/pt\/wp-json\/wp\/v2\/product"}],"about":[{"href":"https:\/\/www.ghostysky.com\/pt\/wp-json\/wp\/v2\/types\/product"}],"replies":[{"embeddable":true,"href":"https:\/\/www.ghostysky.com\/pt\/wp-json\/wp\/v2\/comments?post=23334"}],"version-history":[{"count":0,"href":"https:\/\/www.ghostysky.com\/pt\/wp-json\/wp\/v2\/product\/23334\/revisions"}],"wp:featuredmedia":[{"embeddable":true,"href":"https:\/\/www.ghostysky.com\/pt\/wp-json\/wp\/v2\/media\/23337"}],"wp:attachment":[{"href":"https:\/\/www.ghostysky.com\/pt\/wp-json\/wp\/v2\/media?parent=23334"}],"wp:term":[{"taxonomy":"product_brand","embeddable":true,"href":"https:\/\/www.ghostysky.com\/pt\/wp-json\/wp\/v2\/product_brand?post=23334"},{"taxonomy":"product_cat","embeddable":true,"href":"https:\/\/www.ghostysky.com\/pt\/wp-json\/wp\/v2\/product_cat?post=23334"},{"taxonomy":"product_tag","embeddable":true,"href":"https:\/\/www.ghostysky.com\/pt\/wp-json\/wp\/v2\/product_tag?post=23334"}],"curies":[{"name":"wp","href":"https:\/\/api.w.org\/{rel}","templated":true}]}}