{"id":23339,"date":"2025-11-20T13:39:48","date_gmt":"2025-11-20T13:39:48","guid":{"rendered":"https:\/\/www.ghostysky.com\/?post_type=product&#038;p=23339"},"modified":"2025-11-23T09:22:39","modified_gmt":"2025-11-23T09:22:39","slug":"dji-osmo-multifunctional-battery-case-3","status":"publish","type":"product","link":"https:\/\/www.ghostysky.com\/pt\/product\/dji-osmo-multifunctional-battery-case-3\/","title":{"rendered":"Estojo de bateria multifuncional DJI Osmo 3"},"content":{"rendered":"<h4>Caracter\u00edsticas principais<\/h4>\n<ul data-path-to-node=\"3\">\n<li>\n<p data-path-to-node=\"3,0,0\"><b class=\"\">Pot\u00eancia de carregamento tripla:<\/b><span class=\"citation-75\"> Carrega de forma inteligente e r\u00e1pida at\u00e9 <\/span><b class=\"\"><span class=\"citation-75\">tr\u00eas baterias Osmo Action Extreme<\/span><\/b><span class=\"citation-75 citation-end-75\"> Em sequ\u00eancia (primeiro o n\u00edvel de pot\u00eancia mais alto para maximizar a efici\u00eancia do tempo de carregamento).<\/span><\/p>\n<\/li>\n<li>\n<p data-path-to-node=\"3,1,0\"><b><span class=\"citation-74\">Bateria externa com dupla fun\u00e7\u00e3o:<\/span><\/b><span class=\"citation-74\"> Ap\u00f3s a inser\u00e7\u00e3o das baterias, a caixa pode se transformar em um <\/span><b class=\"\"><span class=\"citation-74\">bateria externa<\/span><\/b><span class=\"citation-74 citation-end-74\"> Para carregar outros dispositivos, como seu smartphone ou tablet, atrav\u00e9s da porta USB-C, prolongando a vida \u00fatil de todos os seus equipamentos essenciais em qualquer lugar.<\/span><\/p>\n<\/li>\n<li>\n<p data-path-to-node=\"3,2,0\"><b class=\"\">Armazenamento seguro e organizado:<\/b><span class=\"citation-73\"> O estojo resistente foi projetado para armazenar e proteger com seguran\u00e7a. <\/span><b class=\"\"><span class=\"citation-73\">tr\u00eas baterias Osmo Action Extreme<\/span><\/b><span class=\"citation-73\"> e inclui compartimentos convenientes para <\/span><b class=\"\"><span class=\"citation-73\">dois cart\u00f5es microSD<\/span><\/b><span class=\"citation-73 citation-end-73\">, mantendo sua energia e mem\u00f3ria organizadas em um s\u00f3 lugar.<\/span><\/p>\n<\/li>\n<li>\n<p data-path-to-node=\"3,3,0\"><b><span class=\"citation-72\">Verifica\u00e7\u00e3o instant\u00e2nea de status:<\/span><\/b><span class=\"citation-72\"> Verifique facilmente os n\u00edveis de carga atuais das baterias inseridas, simplesmente <\/span><b><span class=\"citation-72\">pressionando o bot\u00e3o de status<\/span><\/b><span class=\"citation-72\"> ou <\/span><b><span class=\"citation-72\">abrindo o caso<\/span><\/b><span class=\"citation-72 citation-end-72\">.<\/span> <span class=\"citation-71 citation-end-71 animating\">LEDs de status dedicados indicam claramente a porcentagem de carga de cada slot.<\/span><\/p>\n<\/li>\n<li>\n<p data-path-to-node=\"3,4,0\"><b class=\"\">Porta de carregamento universal:<\/b><span class=\"citation-70\"> Apresenta um design vers\u00e1til <\/span><b class=\"\"><span class=\"citation-70\">Porta USB-C<\/span><\/b><span class=\"citation-70 citation-end-70\"> Tanto para entrada (carregamento do estojo\/baterias) quanto para sa\u00edda (fun\u00e7\u00e3o de power bank).<\/span><\/p>\n<\/li>\n<\/ul>\n<h4>Especifica\u00e7\u00f5es em resumo<\/h4>\n<table data-path-to-node=\"6\">\n<thead>\n<tr>\n<td><strong>Recurso<\/strong><\/td>\n<td><strong>Detalhe<\/strong><\/td>\n<\/tr>\n<\/thead>\n<tbody>\n<tr>\n<td data-path-to-node=\"6,1,0,0\"><b>Capacidade<\/b><\/td>\n<td data-path-to-node=\"6,1,1,0\">Armazena e carrega 3 baterias Osmo Action Extreme.<\/td>\n<\/tr>\n<tr>\n<td data-path-to-node=\"6,2,0,0\"><b>Armazenamento<\/b><\/td>\n<td data-path-to-node=\"6,2,1,0\">2 slots para cart\u00e3o microSD<\/td>\n<\/tr>\n<tr>\n<td data-path-to-node=\"6,3,0,0\"><b>Portas de E\/S<\/b><\/td>\n<td data-path-to-node=\"6,3,1,0\">1 x USB-C (Entrada\/Sa\u00edda)<\/td>\n<\/tr>\n<tr>\n<td data-path-to-node=\"6,4,0,0\"><b>Funcionalidade<\/b><\/td>\n<td data-path-to-node=\"6,4,1,0\">Carregador, estojo de armazenamento, bateria externa<\/td>\n<\/tr>\n<tr>\n<td data-path-to-node=\"6,5,0,0\"><b>Compatibilidade<\/b><\/td>\n<td data-path-to-node=\"6,5,1,0\">Osmo Action 3, Osmo Action 4 e outros modelos Osmo Action compat\u00edveis.<\/td>\n<\/tr>\n<\/tbody>\n<\/table>\n<p data-path-to-node=\"7\"><span class=\"\">Mantenha seu equipamento totalmente carregado e pronto para a a\u00e7\u00e3o com este item indispens\u00e1vel.<\/span><span class=\"\"> Estojo de bateria ideal para viagens!<\/span><\/p>","protected":false},"excerpt":{"rendered":"<p><span class=\"\">Nunca perca uma foto por causa de uma bateria descarregada.<\/span><span class=\"\"> O <\/span><b class=\"\">Estojo de bateria multifuncional DJI Osmo 3<\/b><span class=\"\"> \u00c9 o acess\u00f3rio essencial para qualquer usu\u00e1rio de c\u00e2mera de a\u00e7\u00e3o Osmo.<\/span><span class=\"\"> oferecendo um formato compacto,<\/span><span class=\"\"> Solu\u00e7\u00e3o completa para carregamento,<\/span><span class=\"\"> armazenar,<\/span><span class=\"\"> e energia port\u00e1til.<\/span><\/p>","protected":false},"featured_media":23342,"comment_status":"open","ping_status":"closed","template":"","meta":[],"product_brand":[1031],"product_cat":[37,1301,1302,29],"product_tag":[42,1306,1303,1305],"class_list":{"0":"post-23339","1":"product","2":"type-product","3":"status-publish","4":"has-post-thumbnail","6":"product_brand-dji","7":"product_cat-dji","8":"product_cat-dji-handled","9":"product_cat-dji-osmo-action-6","10":"product_cat-drones","11":"product_tag-dji","12":"product_tag-dji-osmo-action","13":"product_tag-osmo-action-6","14":"product_tag-osmo-action-6-accessories","16":"first","17":"outofstock","18":"taxable","19":"shipping-taxable","20":"purchasable","21":"product-type-simple"},"yoast_head":"<!-- This site is optimized with the Yoast SEO plugin v27.1.1 - https:\/\/yoast.com\/product\/yoast-seo-wordpress\/ -->\n<title>DJI Osmo Multifunctional Battery Case 3 - Ghostysky<\/title>\n<meta name=\"description\" content=\"Never miss a shot due to a dead battery. The DJI Osmo Multifunctional Battery Case 3 is the essential accessory for any Osmo action camera user, offering a compact, all-in-one solution for charging, storage, and portable power.\" \/>\n<meta name=\"robots\" content=\"index, follow, max-snippet:-1, max-image-preview:large, max-video-preview:-1\" \/>\n<link rel=\"canonical\" href=\"https:\/\/www.ghostysky.com\/pt\/produto-2\/dji-osmo-multifunctional-battery-case-3\/\" \/>\n<meta property=\"og:locale\" content=\"pt_PT\" \/>\n<meta property=\"og:type\" content=\"article\" \/>\n<meta property=\"og:title\" content=\"DJI Osmo Multifunctional Battery Case 3 - Ghostysky\" \/>\n<meta property=\"og:description\" content=\"Never miss a shot due to a dead battery. The DJI Osmo Multifunctional Battery Case 3 is the essential accessory for any Osmo action camera user, offering a compact, all-in-one solution for charging, storage, and portable power.\" \/>\n<meta property=\"og:url\" content=\"https:\/\/www.ghostysky.com\/pt\/produto-2\/dji-osmo-multifunctional-battery-case-3\/\" \/>\n<meta property=\"og:site_name\" content=\"Ghostysky\" \/>\n<meta property=\"article:publisher\" content=\"https:\/\/www.facebook.com\/people\/Ghostysky\/100057676170234\/\" \/>\n<meta property=\"article:modified_time\" content=\"2025-11-23T09:22:39+00:00\" \/>\n<meta property=\"og:image\" content=\"https:\/\/www.ghostysky.com\/wp-content\/uploads\/2025\/11\/GH_DJI-Osmo-Multifunctional-Battery-Case-3_1.jpg\" \/>\n\t<meta property=\"og:image:width\" content=\"800\" \/>\n\t<meta property=\"og:image:height\" content=\"800\" \/>\n\t<meta property=\"og:image:type\" content=\"image\/jpeg\" \/>\n<meta name=\"twitter:card\" content=\"summary_large_image\" \/>\n<meta name=\"twitter:site\" content=\"@Gh0stysky\" \/>\n<meta name=\"twitter:label1\" content=\"Tempo estimado de leitura\" \/>\n\t<meta name=\"twitter:data1\" content=\"2 minutos\" \/>\n<script type=\"application\/ld+json\" class=\"yoast-schema-graph\">{\"@context\":\"https:\/\/schema.org\",\"@graph\":[{\"@type\":\"WebPage\",\"@id\":\"https:\/\/www.ghostysky.com\/product\/dji-osmo-multifunctional-battery-case-3\/\",\"url\":\"https:\/\/www.ghostysky.com\/product\/dji-osmo-multifunctional-battery-case-3\/\",\"name\":\"DJI Osmo Multifunctional Battery Case 3 - Ghostysky\",\"isPartOf\":{\"@id\":\"https:\/\/www.ghostysky.com\/#website\"},\"primaryImageOfPage\":{\"@id\":\"https:\/\/www.ghostysky.com\/product\/dji-osmo-multifunctional-battery-case-3\/#primaryimage\"},\"image\":{\"@id\":\"https:\/\/www.ghostysky.com\/product\/dji-osmo-multifunctional-battery-case-3\/#primaryimage\"},\"thumbnailUrl\":\"https:\/\/www.ghostysky.com\/wp-content\/uploads\/2025\/11\/GH_DJI-Osmo-Multifunctional-Battery-Case-3_1.jpg\",\"datePublished\":\"2025-11-20T13:39:48+00:00\",\"dateModified\":\"2025-11-23T09:22:39+00:00\",\"description\":\"Never miss a shot due to a dead battery. The DJI Osmo Multifunctional Battery Case 3 is the essential accessory for any Osmo action camera user, offering a compact, all-in-one solution for charging, storage, and portable power.\",\"breadcrumb\":{\"@id\":\"https:\/\/www.ghostysky.com\/product\/dji-osmo-multifunctional-battery-case-3\/#breadcrumb\"},\"inLanguage\":\"pt-PT\",\"potentialAction\":[{\"@type\":\"ReadAction\",\"target\":[\"https:\/\/www.ghostysky.com\/product\/dji-osmo-multifunctional-battery-case-3\/\"]}]},{\"@type\":\"ImageObject\",\"inLanguage\":\"pt-PT\",\"@id\":\"https:\/\/www.ghostysky.com\/product\/dji-osmo-multifunctional-battery-case-3\/#primaryimage\",\"url\":\"https:\/\/www.ghostysky.com\/wp-content\/uploads\/2025\/11\/GH_DJI-Osmo-Multifunctional-Battery-Case-3_1.jpg\",\"contentUrl\":\"https:\/\/www.ghostysky.com\/wp-content\/uploads\/2025\/11\/GH_DJI-Osmo-Multifunctional-Battery-Case-3_1.jpg\",\"width\":800,\"height\":800},{\"@type\":\"BreadcrumbList\",\"@id\":\"https:\/\/www.ghostysky.com\/product\/dji-osmo-multifunctional-battery-case-3\/#breadcrumb\",\"itemListElement\":[{\"@type\":\"ListItem\",\"position\":1,\"name\":\"Home\",\"item\":\"https:\/\/www.ghostysky.com\/\"},{\"@type\":\"ListItem\",\"position\":2,\"name\":\"Shop\",\"item\":\"https:\/\/www.ghostysky.com\/shop\/\"},{\"@type\":\"ListItem\",\"position\":3,\"name\":\"DJI Osmo Multifunctional Battery Case 3\"}]},{\"@type\":\"WebSite\",\"@id\":\"https:\/\/www.ghostysky.com\/#website\",\"url\":\"https:\/\/www.ghostysky.com\/\",\"name\":\"Ghostysky\",\"description\":\"Delivering professional drones and services\",\"publisher\":{\"@id\":\"https:\/\/www.ghostysky.com\/#organization\"},\"potentialAction\":[{\"@type\":\"SearchAction\",\"target\":{\"@type\":\"EntryPoint\",\"urlTemplate\":\"https:\/\/www.ghostysky.com\/?s={search_term_string}\"},\"query-input\":{\"@type\":\"PropertyValueSpecification\",\"valueRequired\":true,\"valueName\":\"search_term_string\"}}],\"inLanguage\":\"pt-PT\"},{\"@type\":\"Organization\",\"@id\":\"https:\/\/www.ghostysky.com\/#organization\",\"name\":\"Ghostysky\",\"url\":\"https:\/\/www.ghostysky.com\/\",\"logo\":{\"@type\":\"ImageObject\",\"inLanguage\":\"pt-PT\",\"@id\":\"https:\/\/www.ghostysky.com\/#\/schema\/logo\/image\/\",\"url\":\"https:\/\/www.ghostysky.com\/wp-content\/uploads\/2020\/06\/cropped-ghostyskylogo_text_white2.png\",\"contentUrl\":\"https:\/\/www.ghostysky.com\/wp-content\/uploads\/2020\/06\/cropped-ghostyskylogo_text_white2.png\",\"width\":169,\"height\":56,\"caption\":\"Ghostysky\"},\"image\":{\"@id\":\"https:\/\/www.ghostysky.com\/#\/schema\/logo\/image\/\"},\"sameAs\":[\"https:\/\/www.facebook.com\/people\/Ghostysky\/100057676170234\/\",\"https:\/\/x.com\/Gh0stysky\",\"https:\/\/www.linkedin.com\/company\/34739653\",\"https:\/\/www.instagram.com\/gh0stysky\"]}]}<\/script>\n<!-- \/ Yoast SEO plugin. -->","yoast_head_json":{"title":"Estojo multifuncional para bateria DJI Osmo 3 - Ghostysky","description":"Nunca perca uma foto por causa de uma bateria descarregada. O estojo de bateria multifuncional DJI Osmo 3 \u00e9 o acess\u00f3rio essencial para qualquer usu\u00e1rio de c\u00e2mera de a\u00e7\u00e3o Osmo, oferecendo uma solu\u00e7\u00e3o compacta e completa para carregar, armazenar e fornecer energia port\u00e1til.","robots":{"index":"index","follow":"follow","max-snippet":"max-snippet:-1","max-image-preview":"max-image-preview:large","max-video-preview":"max-video-preview:-1"},"canonical":"https:\/\/www.ghostysky.com\/pt\/produto-2\/dji-osmo-multifunctional-battery-case-3\/","og_locale":"pt_PT","og_type":"article","og_title":"DJI Osmo Multifunctional Battery Case 3 - Ghostysky","og_description":"Never miss a shot due to a dead battery. The DJI Osmo Multifunctional Battery Case 3 is the essential accessory for any Osmo action camera user, offering a compact, all-in-one solution for charging, storage, and portable power.","og_url":"https:\/\/www.ghostysky.com\/pt\/produto-2\/dji-osmo-multifunctional-battery-case-3\/","og_site_name":"Ghostysky","article_publisher":"https:\/\/www.facebook.com\/people\/Ghostysky\/100057676170234\/","article_modified_time":"2025-11-23T09:22:39+00:00","og_image":[{"width":800,"height":800,"url":"https:\/\/www.ghostysky.com\/wp-content\/uploads\/2025\/11\/GH_DJI-Osmo-Multifunctional-Battery-Case-3_1.jpg","type":"image\/jpeg"}],"twitter_card":"summary_large_image","twitter_site":"@Gh0stysky","twitter_misc":{"Tempo estimado de leitura":"2 minutos"},"schema":{"@context":"https:\/\/schema.org","@graph":[{"@type":"WebPage","@id":"https:\/\/www.ghostysky.com\/product\/dji-osmo-multifunctional-battery-case-3\/","url":"https:\/\/www.ghostysky.com\/product\/dji-osmo-multifunctional-battery-case-3\/","name":"Estojo multifuncional para bateria DJI Osmo 3 - Ghostysky","isPartOf":{"@id":"https:\/\/www.ghostysky.com\/#website"},"primaryImageOfPage":{"@id":"https:\/\/www.ghostysky.com\/product\/dji-osmo-multifunctional-battery-case-3\/#primaryimage"},"image":{"@id":"https:\/\/www.ghostysky.com\/product\/dji-osmo-multifunctional-battery-case-3\/#primaryimage"},"thumbnailUrl":"https:\/\/www.ghostysky.com\/wp-content\/uploads\/2025\/11\/GH_DJI-Osmo-Multifunctional-Battery-Case-3_1.jpg","datePublished":"2025-11-20T13:39:48+00:00","dateModified":"2025-11-23T09:22:39+00:00","description":"Nunca perca uma foto por causa de uma bateria descarregada. O estojo de bateria multifuncional DJI Osmo 3 \u00e9 o acess\u00f3rio essencial para qualquer usu\u00e1rio de c\u00e2mera de a\u00e7\u00e3o Osmo, oferecendo uma solu\u00e7\u00e3o compacta e completa para carregar, armazenar e fornecer energia port\u00e1til.","breadcrumb":{"@id":"https:\/\/www.ghostysky.com\/product\/dji-osmo-multifunctional-battery-case-3\/#breadcrumb"},"inLanguage":"pt-PT","potentialAction":[{"@type":"ReadAction","target":["https:\/\/www.ghostysky.com\/product\/dji-osmo-multifunctional-battery-case-3\/"]}]},{"@type":"ImageObject","inLanguage":"pt-PT","@id":"https:\/\/www.ghostysky.com\/product\/dji-osmo-multifunctional-battery-case-3\/#primaryimage","url":"https:\/\/www.ghostysky.com\/wp-content\/uploads\/2025\/11\/GH_DJI-Osmo-Multifunctional-Battery-Case-3_1.jpg","contentUrl":"https:\/\/www.ghostysky.com\/wp-content\/uploads\/2025\/11\/GH_DJI-Osmo-Multifunctional-Battery-Case-3_1.jpg","width":800,"height":800},{"@type":"BreadcrumbList","@id":"https:\/\/www.ghostysky.com\/product\/dji-osmo-multifunctional-battery-case-3\/#breadcrumb","itemListElement":[{"@type":"ListItem","position":1,"name":"Home","item":"https:\/\/www.ghostysky.com\/"},{"@type":"ListItem","position":2,"name":"Shop","item":"https:\/\/www.ghostysky.com\/shop\/"},{"@type":"ListItem","position":3,"name":"DJI Osmo Multifunctional Battery Case 3"}]},{"@type":"WebSite","@id":"https:\/\/www.ghostysky.com\/#website","url":"https:\/\/www.ghostysky.com\/","name":"Ghostysky","description":"Fornecendo drones e servi\u00e7os profissionais","publisher":{"@id":"https:\/\/www.ghostysky.com\/#organization"},"potentialAction":[{"@type":"SearchAction","target":{"@type":"EntryPoint","urlTemplate":"https:\/\/www.ghostysky.com\/?s={search_term_string}"},"query-input":{"@type":"PropertyValueSpecification","valueRequired":true,"valueName":"search_term_string"}}],"inLanguage":"pt-PT"},{"@type":"Organization","@id":"https:\/\/www.ghostysky.com\/#organization","name":"Ghostysky","url":"https:\/\/www.ghostysky.com\/","logo":{"@type":"ImageObject","inLanguage":"pt-PT","@id":"https:\/\/www.ghostysky.com\/#\/schema\/logo\/image\/","url":"https:\/\/www.ghostysky.com\/wp-content\/uploads\/2020\/06\/cropped-ghostyskylogo_text_white2.png","contentUrl":"https:\/\/www.ghostysky.com\/wp-content\/uploads\/2020\/06\/cropped-ghostyskylogo_text_white2.png","width":169,"height":56,"caption":"Ghostysky"},"image":{"@id":"https:\/\/www.ghostysky.com\/#\/schema\/logo\/image\/"},"sameAs":["https:\/\/www.facebook.com\/people\/Ghostysky\/100057676170234\/","https:\/\/x.com\/Gh0stysky","https:\/\/www.linkedin.com\/company\/34739653","https:\/\/www.instagram.com\/gh0stysky"]}]}},"_links":{"self":[{"href":"https:\/\/www.ghostysky.com\/pt\/wp-json\/wp\/v2\/product\/23339","targetHints":{"allow":["GET"]}}],"collection":[{"href":"https:\/\/www.ghostysky.com\/pt\/wp-json\/wp\/v2\/product"}],"about":[{"href":"https:\/\/www.ghostysky.com\/pt\/wp-json\/wp\/v2\/types\/product"}],"replies":[{"embeddable":true,"href":"https:\/\/www.ghostysky.com\/pt\/wp-json\/wp\/v2\/comments?post=23339"}],"wp:featuredmedia":[{"embeddable":true,"href":"https:\/\/www.ghostysky.com\/pt\/wp-json\/wp\/v2\/media\/23342"}],"wp:attachment":[{"href":"https:\/\/www.ghostysky.com\/pt\/wp-json\/wp\/v2\/media?parent=23339"}],"wp:term":[{"taxonomy":"product_brand","embeddable":true,"href":"https:\/\/www.ghostysky.com\/pt\/wp-json\/wp\/v2\/product_brand?post=23339"},{"taxonomy":"product_cat","embeddable":true,"href":"https:\/\/www.ghostysky.com\/pt\/wp-json\/wp\/v2\/product_cat?post=23339"},{"taxonomy":"product_tag","embeddable":true,"href":"https:\/\/www.ghostysky.com\/pt\/wp-json\/wp\/v2\/product_tag?post=23339"}],"curies":[{"name":"wp","href":"https:\/\/api.w.org\/{rel}","templated":true}]}}