{"id":23350,"date":"2025-11-20T13:55:58","date_gmt":"2025-11-20T13:55:58","guid":{"rendered":"https:\/\/www.ghostysky.com\/?post_type=product&#038;p=23350"},"modified":"2025-11-23T09:21:44","modified_gmt":"2025-11-23T09:21:44","slug":"dji-osmo-action-dual-direction-360-wrist-strap","status":"publish","type":"product","link":"https:\/\/www.ghostysky.com\/pt\/product\/dji-osmo-action-dual-direction-360-wrist-strap\/","title":{"rendered":"Al\u00e7a de pulso girat\u00f3ria de 360\u00b0 com duas dire\u00e7\u00f5es para DJI Osmo Action"},"content":{"rendered":"<h4>Caracter\u00edsticas principais<\/h4>\n<ul data-path-to-node=\"3\">\n<li>\n<p data-path-to-node=\"3,0,0\"><b>Suporte de libera\u00e7\u00e3o r\u00e1pida bidirecional:<\/b><span class=\"citation-124 citation-end-124\"> Conecte sua c\u00e2mera Osmo Action de forma segura e r\u00e1pida.<\/span> <span class=\"citation-123 citation-end-123\">O suporte inovador foi projetado para uma instala\u00e7\u00e3o r\u00e1pida, permitindo que voc\u00ea posicione a c\u00e2mera de frente ou de costas para capturar imagens imersivas em primeira pessoa ou at\u00e9 mesmo selfies envolventes.<\/span><\/p>\n<\/li>\n<li>\n<p data-path-to-node=\"3,1,0\"><b>Rota\u00e7\u00e3o e inclina\u00e7\u00e3o de 360\u00b0:<\/b><span class=\"citation-122 citation-end-122\"> A junta esf\u00e9rica integrada na base da presilha oferece total liberdade de movimento.<\/span> <span class=\"citation-121\">Gire e incline sua c\u00e2mera facilmente em toda a sua extens\u00e3o. <\/span><b><span class=\"citation-121\">360 graus<\/span><\/b><span class=\"citation-121 citation-end-121\"> Para encontrar o \u00e2ngulo de filmagem perfeito, esteja voc\u00ea pedalando, escalando ou praticando esportes aqu\u00e1ticos.<\/span><\/p>\n<\/li>\n<li>\n<p data-path-to-node=\"3,2,0\"><b>Filmagem com as m\u00e3os livres:<\/b><span class=\"citation-120\"> Ideal para atividades que exigem o uso das m\u00e3os, como: <\/span><b><span class=\"citation-120\">nata\u00e7\u00e3o, surfe, escalada ou ciclismo.<\/span><\/b><span class=\"citation-120 citation-end-120\">.<\/span> <span class=\"citation-119 citation-end-119\">Concentre-se na sua atividade enquanto a sua c\u00e2mara capta imagens emocionantes e est\u00e1veis.<\/span><\/p>\n<\/li>\n<li>\n<p data-path-to-node=\"3,3,0\"><b>Ajuste confort\u00e1vel e regul\u00e1vel:<\/b><span class=\"citation-118\"> A al\u00e7a utiliza um material dur\u00e1vel. <\/span><b><span class=\"citation-118\">velcro<\/span><\/b><span class=\"citation-118\"> Design com velcro, permitindo ajustar facilmente o tamanho para um encaixe confort\u00e1vel e seguro. <\/span><b><span class=\"citation-118\">pulso ou palma<\/span><\/b><span class=\"citation-118 citation-end-118\"> a qualquer hora.<\/span><\/p>\n<div class=\"source-inline-chip-container ng-star-inserted\"><\/div>\n<\/li>\n<\/ul>\n<h4>Especifica\u00e7\u00f5es<\/h4>\n<ul data-path-to-node=\"5\">\n<li>\n<p data-path-to-node=\"5,0,0\"><b>Anexo:<\/b><span class=\"citation-117 citation-end-117\"> Suporte de libera\u00e7\u00e3o r\u00e1pida bidirecional<\/span><\/p>\n<\/li>\n<li>\n<p data-path-to-node=\"5,1,0\"><b><span class=\"citation-116\">Ajustabilidade:<\/span><\/b><span class=\"citation-116 citation-end-116\"> junta esf\u00e9rica com rota\u00e7\u00e3o de 360\u00b0 e inclina\u00e7\u00e3o<\/span><\/p>\n<\/li>\n<li>\n<p data-path-to-node=\"5,2,0\"><b>Fechamento seguro:<\/b><span class=\"citation-115 citation-end-115\"> Tira de velcro<\/span><\/p>\n<\/li>\n<li>\n<p data-path-to-node=\"5,3,0\"><b>Compatibilidade (Varia conforme a gera\u00e7\u00e3o, geralmente suporta):<\/b> DJI Osmo Action 6, Osmo Action 5 Pro, Osmo Action 4, Osmo Action 3 e Osmo Nano.<\/p>\n<\/li>\n<\/ul>\n<p data-path-to-node=\"6\">Aprimore seu conte\u00fado e d\u00ea uma nova dimens\u00e3o aos seus v\u00eddeos de a\u00e7\u00e3o com um produto seguro, vers\u00e1til e confort\u00e1vel. <b>Al\u00e7a de pulso girat\u00f3ria de 360\u00b0 com duas dire\u00e7\u00f5es para DJI Osmo Action<\/b>.<\/p>","protected":false},"excerpt":{"rendered":"<p>Capture cada momento da sua aventura a partir de uma perspectiva din\u00e2mica em primeira pessoa com o <b>Al\u00e7a de pulso girat\u00f3ria de 360\u00b0 com duas dire\u00e7\u00f5es para DJI Osmo Action<\/b>. <span class=\"citation-125 citation-end-125\">Projetado para usu\u00e1rios de c\u00e2meras de a\u00e7\u00e3o, este acess\u00f3rio essencial oferece seguran\u00e7a m\u00e1xima e flexibilidade incompar\u00e1vel, mantendo sua c\u00e2mera firmemente presa e pronta para fotografar enquanto suas m\u00e3os permanecem livres para a tarefa em quest\u00e3o.<\/span><\/p>","protected":false},"featured_media":23353,"comment_status":"open","ping_status":"closed","template":"","meta":[],"product_brand":[1031],"product_cat":[37,1301,1302,29],"product_tag":[42,1306,1303,1305],"class_list":{"0":"post-23350","1":"product","2":"type-product","3":"status-publish","4":"has-post-thumbnail","6":"product_brand-dji","7":"product_cat-dji","8":"product_cat-dji-handled","9":"product_cat-dji-osmo-action-6","10":"product_cat-drones","11":"product_tag-dji","12":"product_tag-dji-osmo-action","13":"product_tag-osmo-action-6","14":"product_tag-osmo-action-6-accessories","16":"first","17":"outofstock","18":"taxable","19":"shipping-taxable","20":"purchasable","21":"product-type-simple"},"yoast_head":"<!-- This site is optimized with the Yoast SEO plugin v27.4 - https:\/\/yoast.com\/product\/yoast-seo-wordpress\/ -->\n<title>DJI Osmo Action Dual-Direction 360\u00b0 Wrist Strap - Ghostysky<\/title>\n<meta name=\"description\" content=\"Capture every moment of your adventure from a dynamic first-person perspective with the DJI Osmo Action Dual-Direction 360\u00b0 Wrist Strap. Engineered for action camera users, this essential accessory provides ultimate security and unmatched flexibility, keeping your camera firmly attached and ready to shoot while your hands stay free for the task at hand.\" \/>\n<meta name=\"robots\" content=\"index, follow, max-snippet:-1, max-image-preview:large, max-video-preview:-1\" \/>\n<link rel=\"canonical\" href=\"https:\/\/www.ghostysky.com\/pt\/produto-2\/dji-osmo-action-dual-direction-360-wrist-strap\/\" \/>\n<meta property=\"og:locale\" content=\"pt_PT\" \/>\n<meta property=\"og:type\" content=\"article\" \/>\n<meta property=\"og:title\" content=\"DJI Osmo Action Dual-Direction 360\u00b0 Wrist Strap - Ghostysky\" \/>\n<meta property=\"og:description\" content=\"Capture every moment of your adventure from a dynamic first-person perspective with the DJI Osmo Action Dual-Direction 360\u00b0 Wrist Strap. Engineered for action camera users, this essential accessory provides ultimate security and unmatched flexibility, keeping your camera firmly attached and ready to shoot while your hands stay free for the task at hand.\" \/>\n<meta property=\"og:url\" content=\"https:\/\/www.ghostysky.com\/pt\/produto-2\/dji-osmo-action-dual-direction-360-wrist-strap\/\" \/>\n<meta property=\"og:site_name\" content=\"Ghostysky\" \/>\n<meta property=\"article:publisher\" content=\"https:\/\/www.facebook.com\/people\/Ghostysky\/100057676170234\/\" \/>\n<meta property=\"article:modified_time\" content=\"2025-11-23T09:21:44+00:00\" \/>\n<meta property=\"og:image\" content=\"https:\/\/www.ghostysky.com\/wp-content\/uploads\/2025\/11\/GH_DJI-Osmo-Action-Dual-Direction-360\u00b0-Wrist-Strap_1.jpg\" \/>\n\t<meta property=\"og:image:width\" content=\"800\" \/>\n\t<meta property=\"og:image:height\" content=\"800\" \/>\n\t<meta property=\"og:image:type\" content=\"image\/jpeg\" \/>\n<meta name=\"twitter:card\" content=\"summary_large_image\" \/>\n<meta name=\"twitter:site\" content=\"@Gh0stysky\" \/>\n<meta name=\"twitter:label1\" content=\"Tempo estimado de leitura\" \/>\n\t<meta name=\"twitter:data1\" content=\"2 minutos\" \/>\n<script type=\"application\/ld+json\" class=\"yoast-schema-graph\">{\"@context\":\"https:\\\/\\\/schema.org\",\"@graph\":[{\"@type\":\"WebPage\",\"@id\":\"https:\\\/\\\/www.ghostysky.com\\\/product\\\/dji-osmo-action-dual-direction-360-wrist-strap\\\/\",\"url\":\"https:\\\/\\\/www.ghostysky.com\\\/product\\\/dji-osmo-action-dual-direction-360-wrist-strap\\\/\",\"name\":\"DJI Osmo Action Dual-Direction 360\u00b0 Wrist Strap - Ghostysky\",\"isPartOf\":{\"@id\":\"https:\\\/\\\/www.ghostysky.com\\\/#website\"},\"primaryImageOfPage\":{\"@id\":\"https:\\\/\\\/www.ghostysky.com\\\/product\\\/dji-osmo-action-dual-direction-360-wrist-strap\\\/#primaryimage\"},\"image\":{\"@id\":\"https:\\\/\\\/www.ghostysky.com\\\/product\\\/dji-osmo-action-dual-direction-360-wrist-strap\\\/#primaryimage\"},\"thumbnailUrl\":\"https:\\\/\\\/www.ghostysky.com\\\/wp-content\\\/uploads\\\/2025\\\/11\\\/GH_DJI-Osmo-Action-Dual-Direction-360\u00b0-Wrist-Strap_1.jpg\",\"datePublished\":\"2025-11-20T13:55:58+00:00\",\"dateModified\":\"2025-11-23T09:21:44+00:00\",\"description\":\"Capture every moment of your adventure from a dynamic first-person perspective with the DJI Osmo Action Dual-Direction 360\u00b0 Wrist Strap. Engineered for action camera users, this essential accessory provides ultimate security and unmatched flexibility, keeping your camera firmly attached and ready to shoot while your hands stay free for the task at hand.\",\"breadcrumb\":{\"@id\":\"https:\\\/\\\/www.ghostysky.com\\\/product\\\/dji-osmo-action-dual-direction-360-wrist-strap\\\/#breadcrumb\"},\"inLanguage\":\"pt-PT\",\"potentialAction\":[{\"@type\":\"ReadAction\",\"target\":[\"https:\\\/\\\/www.ghostysky.com\\\/product\\\/dji-osmo-action-dual-direction-360-wrist-strap\\\/\"]}]},{\"@type\":\"ImageObject\",\"inLanguage\":\"pt-PT\",\"@id\":\"https:\\\/\\\/www.ghostysky.com\\\/product\\\/dji-osmo-action-dual-direction-360-wrist-strap\\\/#primaryimage\",\"url\":\"https:\\\/\\\/www.ghostysky.com\\\/wp-content\\\/uploads\\\/2025\\\/11\\\/GH_DJI-Osmo-Action-Dual-Direction-360\u00b0-Wrist-Strap_1.jpg\",\"contentUrl\":\"https:\\\/\\\/www.ghostysky.com\\\/wp-content\\\/uploads\\\/2025\\\/11\\\/GH_DJI-Osmo-Action-Dual-Direction-360\u00b0-Wrist-Strap_1.jpg\",\"width\":800,\"height\":800},{\"@type\":\"BreadcrumbList\",\"@id\":\"https:\\\/\\\/www.ghostysky.com\\\/product\\\/dji-osmo-action-dual-direction-360-wrist-strap\\\/#breadcrumb\",\"itemListElement\":[{\"@type\":\"ListItem\",\"position\":1,\"name\":\"Home\",\"item\":\"https:\\\/\\\/www.ghostysky.com\\\/\"},{\"@type\":\"ListItem\",\"position\":2,\"name\":\"Shop\",\"item\":\"https:\\\/\\\/www.ghostysky.com\\\/shop\\\/\"},{\"@type\":\"ListItem\",\"position\":3,\"name\":\"DJI Osmo Action Dual-Direction 360\u00b0 Wrist Strap\"}]},{\"@type\":\"WebSite\",\"@id\":\"https:\\\/\\\/www.ghostysky.com\\\/#website\",\"url\":\"https:\\\/\\\/www.ghostysky.com\\\/\",\"name\":\"Ghostysky\",\"description\":\"Delivering professional drones and robotics solutions\",\"publisher\":{\"@id\":\"https:\\\/\\\/www.ghostysky.com\\\/#organization\"},\"potentialAction\":[{\"@type\":\"SearchAction\",\"target\":{\"@type\":\"EntryPoint\",\"urlTemplate\":\"https:\\\/\\\/www.ghostysky.com\\\/?s={search_term_string}\"},\"query-input\":{\"@type\":\"PropertyValueSpecification\",\"valueRequired\":true,\"valueName\":\"search_term_string\"}}],\"inLanguage\":\"pt-PT\"},{\"@type\":\"Organization\",\"@id\":\"https:\\\/\\\/www.ghostysky.com\\\/#organization\",\"name\":\"Ghostysky\",\"url\":\"https:\\\/\\\/www.ghostysky.com\\\/\",\"logo\":{\"@type\":\"ImageObject\",\"inLanguage\":\"pt-PT\",\"@id\":\"https:\\\/\\\/www.ghostysky.com\\\/#\\\/schema\\\/logo\\\/image\\\/\",\"url\":\"https:\\\/\\\/www.ghostysky.com\\\/wp-content\\\/uploads\\\/2020\\\/06\\\/cropped-ghostyskylogo_text_white2.png\",\"contentUrl\":\"https:\\\/\\\/www.ghostysky.com\\\/wp-content\\\/uploads\\\/2020\\\/06\\\/cropped-ghostyskylogo_text_white2.png\",\"width\":169,\"height\":56,\"caption\":\"Ghostysky\"},\"image\":{\"@id\":\"https:\\\/\\\/www.ghostysky.com\\\/#\\\/schema\\\/logo\\\/image\\\/\"},\"sameAs\":[\"https:\\\/\\\/www.facebook.com\\\/people\\\/Ghostysky\\\/100057676170234\\\/\",\"https:\\\/\\\/x.com\\\/Gh0stysky\",\"https:\\\/\\\/www.linkedin.com\\\/company\\\/34739653\",\"https:\\\/\\\/www.instagram.com\\\/gh0stysky\"]}]}<\/script>\n<!-- \/ Yoast SEO plugin. -->","yoast_head_json":{"title":"Al\u00e7a de pulso girat\u00f3ria de 360\u00b0 com duas dire\u00e7\u00f5es para DJI Osmo Action - Ghostysky","description":"Capture cada momento da sua aventura a partir de uma perspectiva din\u00e2mica em primeira pessoa com a al\u00e7a de pulso girat\u00f3ria de 360\u00b0 de dupla dire\u00e7\u00e3o para DJI Osmo Action. Projetada para usu\u00e1rios de c\u00e2meras de a\u00e7\u00e3o, este acess\u00f3rio essencial oferece seguran\u00e7a m\u00e1xima e flexibilidade incompar\u00e1vel, mantendo sua c\u00e2mera firmemente presa e pronta para fotografar enquanto suas m\u00e3os ficam livres para a tarefa em quest\u00e3o.","robots":{"index":"index","follow":"follow","max-snippet":"max-snippet:-1","max-image-preview":"max-image-preview:large","max-video-preview":"max-video-preview:-1"},"canonical":"https:\/\/www.ghostysky.com\/pt\/produto-2\/dji-osmo-action-dual-direction-360-wrist-strap\/","og_locale":"pt_PT","og_type":"article","og_title":"DJI Osmo Action Dual-Direction 360\u00b0 Wrist Strap - Ghostysky","og_description":"Capture every moment of your adventure from a dynamic first-person perspective with the DJI Osmo Action Dual-Direction 360\u00b0 Wrist Strap. Engineered for action camera users, this essential accessory provides ultimate security and unmatched flexibility, keeping your camera firmly attached and ready to shoot while your hands stay free for the task at hand.","og_url":"https:\/\/www.ghostysky.com\/pt\/produto-2\/dji-osmo-action-dual-direction-360-wrist-strap\/","og_site_name":"Ghostysky","article_publisher":"https:\/\/www.facebook.com\/people\/Ghostysky\/100057676170234\/","article_modified_time":"2025-11-23T09:21:44+00:00","og_image":[{"width":800,"height":800,"url":"https:\/\/www.ghostysky.com\/wp-content\/uploads\/2025\/11\/GH_DJI-Osmo-Action-Dual-Direction-360\u00b0-Wrist-Strap_1.jpg","type":"image\/jpeg"}],"twitter_card":"summary_large_image","twitter_site":"@Gh0stysky","twitter_misc":{"Tempo estimado de leitura":"2 minutos"},"schema":{"@context":"https:\/\/schema.org","@graph":[{"@type":"WebPage","@id":"https:\/\/www.ghostysky.com\/product\/dji-osmo-action-dual-direction-360-wrist-strap\/","url":"https:\/\/www.ghostysky.com\/product\/dji-osmo-action-dual-direction-360-wrist-strap\/","name":"Al\u00e7a de pulso girat\u00f3ria de 360\u00b0 com duas dire\u00e7\u00f5es para DJI Osmo Action - Ghostysky","isPartOf":{"@id":"https:\/\/www.ghostysky.com\/#website"},"primaryImageOfPage":{"@id":"https:\/\/www.ghostysky.com\/product\/dji-osmo-action-dual-direction-360-wrist-strap\/#primaryimage"},"image":{"@id":"https:\/\/www.ghostysky.com\/product\/dji-osmo-action-dual-direction-360-wrist-strap\/#primaryimage"},"thumbnailUrl":"https:\/\/www.ghostysky.com\/wp-content\/uploads\/2025\/11\/GH_DJI-Osmo-Action-Dual-Direction-360\u00b0-Wrist-Strap_1.jpg","datePublished":"2025-11-20T13:55:58+00:00","dateModified":"2025-11-23T09:21:44+00:00","description":"Capture cada momento da sua aventura a partir de uma perspectiva din\u00e2mica em primeira pessoa com a al\u00e7a de pulso girat\u00f3ria de 360\u00b0 de dupla dire\u00e7\u00e3o para DJI Osmo Action. Projetada para usu\u00e1rios de c\u00e2meras de a\u00e7\u00e3o, este acess\u00f3rio essencial oferece seguran\u00e7a m\u00e1xima e flexibilidade incompar\u00e1vel, mantendo sua c\u00e2mera firmemente presa e pronta para fotografar enquanto suas m\u00e3os ficam livres para a tarefa em quest\u00e3o.","breadcrumb":{"@id":"https:\/\/www.ghostysky.com\/product\/dji-osmo-action-dual-direction-360-wrist-strap\/#breadcrumb"},"inLanguage":"pt-PT","potentialAction":[{"@type":"ReadAction","target":["https:\/\/www.ghostysky.com\/product\/dji-osmo-action-dual-direction-360-wrist-strap\/"]}]},{"@type":"ImageObject","inLanguage":"pt-PT","@id":"https:\/\/www.ghostysky.com\/product\/dji-osmo-action-dual-direction-360-wrist-strap\/#primaryimage","url":"https:\/\/www.ghostysky.com\/wp-content\/uploads\/2025\/11\/GH_DJI-Osmo-Action-Dual-Direction-360\u00b0-Wrist-Strap_1.jpg","contentUrl":"https:\/\/www.ghostysky.com\/wp-content\/uploads\/2025\/11\/GH_DJI-Osmo-Action-Dual-Direction-360\u00b0-Wrist-Strap_1.jpg","width":800,"height":800},{"@type":"BreadcrumbList","@id":"https:\/\/www.ghostysky.com\/product\/dji-osmo-action-dual-direction-360-wrist-strap\/#breadcrumb","itemListElement":[{"@type":"ListItem","position":1,"name":"Home","item":"https:\/\/www.ghostysky.com\/"},{"@type":"ListItem","position":2,"name":"Shop","item":"https:\/\/www.ghostysky.com\/shop\/"},{"@type":"ListItem","position":3,"name":"DJI Osmo Action Dual-Direction 360\u00b0 Wrist Strap"}]},{"@type":"WebSite","@id":"https:\/\/www.ghostysky.com\/#website","url":"https:\/\/www.ghostysky.com\/","name":"Ghostysky","description":"Fornecendo solu\u00e7\u00f5es profissionais em drones e rob\u00f3tica.","publisher":{"@id":"https:\/\/www.ghostysky.com\/#organization"},"potentialAction":[{"@type":"SearchAction","target":{"@type":"EntryPoint","urlTemplate":"https:\/\/www.ghostysky.com\/?s={search_term_string}"},"query-input":{"@type":"PropertyValueSpecification","valueRequired":true,"valueName":"search_term_string"}}],"inLanguage":"pt-PT"},{"@type":"Organization","@id":"https:\/\/www.ghostysky.com\/#organization","name":"Ghostysky","url":"https:\/\/www.ghostysky.com\/","logo":{"@type":"ImageObject","inLanguage":"pt-PT","@id":"https:\/\/www.ghostysky.com\/#\/schema\/logo\/image\/","url":"https:\/\/www.ghostysky.com\/wp-content\/uploads\/2020\/06\/cropped-ghostyskylogo_text_white2.png","contentUrl":"https:\/\/www.ghostysky.com\/wp-content\/uploads\/2020\/06\/cropped-ghostyskylogo_text_white2.png","width":169,"height":56,"caption":"Ghostysky"},"image":{"@id":"https:\/\/www.ghostysky.com\/#\/schema\/logo\/image\/"},"sameAs":["https:\/\/www.facebook.com\/people\/Ghostysky\/100057676170234\/","https:\/\/x.com\/Gh0stysky","https:\/\/www.linkedin.com\/company\/34739653","https:\/\/www.instagram.com\/gh0stysky"]}]}},"_links":{"self":[{"href":"https:\/\/www.ghostysky.com\/pt\/wp-json\/wp\/v2\/product\/23350","targetHints":{"allow":["GET"]}}],"collection":[{"href":"https:\/\/www.ghostysky.com\/pt\/wp-json\/wp\/v2\/product"}],"about":[{"href":"https:\/\/www.ghostysky.com\/pt\/wp-json\/wp\/v2\/types\/product"}],"replies":[{"embeddable":true,"href":"https:\/\/www.ghostysky.com\/pt\/wp-json\/wp\/v2\/comments?post=23350"}],"version-history":[{"count":0,"href":"https:\/\/www.ghostysky.com\/pt\/wp-json\/wp\/v2\/product\/23350\/revisions"}],"wp:featuredmedia":[{"embeddable":true,"href":"https:\/\/www.ghostysky.com\/pt\/wp-json\/wp\/v2\/media\/23353"}],"wp:attachment":[{"href":"https:\/\/www.ghostysky.com\/pt\/wp-json\/wp\/v2\/media?parent=23350"}],"wp:term":[{"taxonomy":"product_brand","embeddable":true,"href":"https:\/\/www.ghostysky.com\/pt\/wp-json\/wp\/v2\/product_brand?post=23350"},{"taxonomy":"product_cat","embeddable":true,"href":"https:\/\/www.ghostysky.com\/pt\/wp-json\/wp\/v2\/product_cat?post=23350"},{"taxonomy":"product_tag","embeddable":true,"href":"https:\/\/www.ghostysky.com\/pt\/wp-json\/wp\/v2\/product_tag?post=23350"}],"curies":[{"name":"wp","href":"https:\/\/api.w.org\/{rel}","templated":true}]}}