{"id":23361,"date":"2025-11-23T09:04:41","date_gmt":"2025-11-23T09:04:41","guid":{"rendered":"https:\/\/www.ghostysky.com\/?post_type=product&#038;p=23361"},"modified":"2025-11-23T09:16:04","modified_gmt":"2025-11-23T09:16:04","slug":"dji-osmo-action-6-glass-lens-cover","status":"publish","type":"product","link":"https:\/\/www.ghostysky.com\/pt\/product\/dji-osmo-action-6-glass-lens-cover\/","title":{"rendered":"Tampa de Lente de Vidro para DJI Osmo Action 6"},"content":{"rendered":"<h4>Principais recursos e benef\u00edcios<\/h4>\n<ul data-path-to-node=\"3\">\n<li>\n<p data-path-to-node=\"3,0,0\"><b><span class=\"citation-343\">Vidro de alta resist\u00eancia:<\/span><\/b><span class=\"citation-343\"> Fabricada em vidro resistente e de alta durabilidade, esta cobertura foi projetada para resistir a impactos. <\/span><b><span class=\"citation-343\">quedas e arranh\u00f5es<\/span><\/b><span class=\"citation-343 citation-end-343\">, oferecendo defesa superior contra os perigos de ambientes de tiro repletos de a\u00e7\u00e3o.<\/span><\/p>\n<\/li>\n<li>\n<p data-path-to-node=\"3,1,0\"><b>Revestimento AF hidrof\u00f3bico:<\/b><span class=\"citation-342\"> Apresentando um externo <\/span><b><span class=\"citation-342\">Revestimento hidrof\u00f3bico AF (anti-impress\u00e3o digital)<\/span><\/b><span class=\"citation-342 citation-end-342\">As gotas de \u00e1gua se acumulam e escorrem rapidamente.<\/span> <span class=\"citation-341 citation-end-341\">Isso mant\u00e9m a lente limpa ao filmar na chuva, perto da \u00e1gua ou em meio a respingos, garantindo imagens n\u00edtidas e sem obstru\u00e7\u00f5es.<\/span><\/p>\n<\/li>\n<li>\n<p data-path-to-node=\"3,2,0\"><b><span class=\"citation-340\">Prote\u00e7\u00e3o confi\u00e1vel para as lentes:<\/span><\/b><span class=\"citation-340 citation-end-340\"> Oferece uma camada crucial de prote\u00e7\u00e3o para a lente frontal da c\u00e2mera, mantendo a nitidez \u00f3ptica da sua Osmo Action 6 a longo prazo.<\/span><\/p>\n<\/li>\n<li>\n<p data-path-to-node=\"3,3,0\"><b><span class=\"citation-339\">Integra\u00e7\u00e3o perfeita:<\/span><\/b><span class=\"citation-339\"> Projetado especificamente para o DJI Osmo Action 6, ele se encaixa facilmente na lente e \u00e9 compat\u00edvel com o acess\u00f3rio opcional. <\/span><b><span class=\"citation-339\">Capa \u00e0 prova d&#039;\u00e1gua<\/span><\/b><span class=\"citation-339 citation-end-339\"> e outros acess\u00f3rios montados na parte frontal, como filtros ND e a lente FOV Boost.<\/span><\/p>\n<\/li>\n<li>\n<p data-path-to-node=\"3,4,0\"><b><span class=\"citation-338\">Leve e compacto:<\/span><\/b><span class=\"citation-338\"> Com um peso m\u00ednimo de apenas <\/span><b><span class=\"citation-338\">10 g<\/span><\/b><span class=\"citation-338 citation-end-338\"> Com dimens\u00f5es compactas (37,9\u00d737,9\u00d77,2 mm), praticamente n\u00e3o adiciona volume ao seu equipamento de c\u00e2mera.<\/span><\/p>\n<\/li>\n<\/ul>\n<h4>Especifica\u00e7\u00f5es<\/h4>\n<table data-path-to-node=\"5\">\n<thead>\n<tr>\n<td><strong>Atributo<\/strong><\/td>\n<td><strong>Detalhe<\/strong><\/td>\n<\/tr>\n<\/thead>\n<tbody>\n<tr>\n<td data-path-to-node=\"5,1,0,0\"><b>Compatibilidade<\/b><\/td>\n<td data-path-to-node=\"5,1,1,0\">DJI Osmo Action 6<\/td>\n<\/tr>\n<tr>\n<td data-path-to-node=\"5,2,0,0\"><b>Material<\/b><\/td>\n<td data-path-to-node=\"5,2,1,0\">Vidro de alta resist\u00eancia<\/td>\n<\/tr>\n<tr>\n<td data-path-to-node=\"5,3,0,0\"><b>Revestimento<\/b><\/td>\n<td data-path-to-node=\"5,3,1,0\">AF externo (hidrof\u00f3bico)<\/td>\n<\/tr>\n<tr>\n<td data-path-to-node=\"5,4,0,0\"><b>Peso<\/b><\/td>\n<td data-path-to-node=\"5,4,1,0\">10 g<\/td>\n<\/tr>\n<tr>\n<td data-path-to-node=\"5,5,0,0\"><b>Dimens\u00f5es<\/b><\/td>\n<td data-path-to-node=\"5,5,1,0\">37,9\u00d737,9\u00d77,2 mm (C\u00d7L\u00d7A)<\/td>\n<\/tr>\n<tr>\n<td data-path-to-node=\"5,6,0,0\"><b>Montagem<\/b><\/td>\n<td data-path-to-node=\"5,6,1,0\">Rosque\u00e1vel<\/td>\n<\/tr>\n<\/tbody>\n<\/table>\n<p data-path-to-node=\"6\"><span class=\"citation-337 citation-end-337\">Mantenha suas filmagens n\u00edtidas e sua lente protegida contra intemp\u00e9ries e acidentes com este acess\u00f3rio essencial para a DJI Osmo Action 6.<\/span><\/p>","protected":false},"excerpt":{"rendered":"<p><span class=\"citation-345\">Proteja a lente da sua DJI Osmo Action 6 com o <\/span><b><span class=\"citation-345\">Tampa de Lente de Vidro para DJI Osmo Action 6<\/span><\/b><span class=\"citation-345 citation-end-345\">, um acess\u00f3rio de alta resist\u00eancia projetado para as a\u00e7\u00f5es mais exigentes.<\/span> <span class=\"citation-344 citation-end-344\">Esta capa de substitui\u00e7\u00e3o ou sobressalente oferece prote\u00e7\u00e3o confi\u00e1vel e resistente sem sacrificar a qualidade da imagem, garantindo que suas aventuras sejam capturadas com detalhes impec\u00e1veis.<\/span><\/p>","protected":false},"featured_media":23364,"comment_status":"open","ping_status":"closed","template":"","meta":[],"product_brand":[1031],"product_cat":[37,1301,1302,29],"product_tag":[42,1306,1305],"class_list":{"0":"post-23361","1":"product","2":"type-product","3":"status-publish","4":"has-post-thumbnail","6":"product_brand-dji","7":"product_cat-dji","8":"product_cat-dji-handled","9":"product_cat-dji-osmo-action-6","10":"product_cat-drones","11":"product_tag-dji","12":"product_tag-dji-osmo-action","13":"product_tag-osmo-action-6-accessories","15":"first","16":"outofstock","17":"taxable","18":"shipping-taxable","19":"purchasable","20":"product-type-simple"},"yoast_head":"<!-- This site is optimized with the Yoast SEO plugin v27.1.1 - https:\/\/yoast.com\/product\/yoast-seo-wordpress\/ -->\n<title>DJI Osmo Action 6 Glass Lens Cover - Ghostysky<\/title>\n<meta name=\"description\" content=\"Safeguard your DJI Osmo Action 6 lens with the DJI Osmo Action 6 Glass Lens Cover, a high-strength accessory engineered for the most demanding action. This replacement or spare cover provides reliable, rugged protection without sacrificing image quality, ensuring your adventures are captured in pristine detail.\" \/>\n<meta name=\"robots\" content=\"index, follow, max-snippet:-1, max-image-preview:large, max-video-preview:-1\" \/>\n<link rel=\"canonical\" href=\"https:\/\/www.ghostysky.com\/pt\/produto-2\/dji-osmo-action-6-glass-lens-cover\/\" \/>\n<meta property=\"og:locale\" content=\"pt_PT\" \/>\n<meta property=\"og:type\" content=\"article\" \/>\n<meta property=\"og:title\" content=\"DJI Osmo Action 6 Glass Lens Cover - Ghostysky\" \/>\n<meta property=\"og:description\" content=\"Safeguard your DJI Osmo Action 6 lens with the DJI Osmo Action 6 Glass Lens Cover, a high-strength accessory engineered for the most demanding action. This replacement or spare cover provides reliable, rugged protection without sacrificing image quality, ensuring your adventures are captured in pristine detail.\" \/>\n<meta property=\"og:url\" content=\"https:\/\/www.ghostysky.com\/pt\/produto-2\/dji-osmo-action-6-glass-lens-cover\/\" \/>\n<meta property=\"og:site_name\" content=\"Ghostysky\" \/>\n<meta property=\"article:publisher\" content=\"https:\/\/www.facebook.com\/people\/Ghostysky\/100057676170234\/\" \/>\n<meta property=\"article:modified_time\" content=\"2025-11-23T09:16:04+00:00\" \/>\n<meta property=\"og:image\" content=\"https:\/\/www.ghostysky.com\/wp-content\/uploads\/2025\/11\/GH_DJI-Osmo-Action-6-Glass-Lens-Cover_1.jpg\" \/>\n\t<meta property=\"og:image:width\" content=\"800\" \/>\n\t<meta property=\"og:image:height\" content=\"800\" \/>\n\t<meta property=\"og:image:type\" content=\"image\/jpeg\" \/>\n<meta name=\"twitter:card\" content=\"summary_large_image\" \/>\n<meta name=\"twitter:site\" content=\"@Gh0stysky\" \/>\n<meta name=\"twitter:label1\" content=\"Tempo estimado de leitura\" \/>\n\t<meta name=\"twitter:data1\" content=\"2 minutos\" \/>\n<script type=\"application\/ld+json\" class=\"yoast-schema-graph\">{\"@context\":\"https:\/\/schema.org\",\"@graph\":[{\"@type\":\"WebPage\",\"@id\":\"https:\/\/www.ghostysky.com\/product\/dji-osmo-action-6-glass-lens-cover\/\",\"url\":\"https:\/\/www.ghostysky.com\/product\/dji-osmo-action-6-glass-lens-cover\/\",\"name\":\"DJI Osmo Action 6 Glass Lens Cover - Ghostysky\",\"isPartOf\":{\"@id\":\"https:\/\/www.ghostysky.com\/#website\"},\"primaryImageOfPage\":{\"@id\":\"https:\/\/www.ghostysky.com\/product\/dji-osmo-action-6-glass-lens-cover\/#primaryimage\"},\"image\":{\"@id\":\"https:\/\/www.ghostysky.com\/product\/dji-osmo-action-6-glass-lens-cover\/#primaryimage\"},\"thumbnailUrl\":\"https:\/\/www.ghostysky.com\/wp-content\/uploads\/2025\/11\/GH_DJI-Osmo-Action-6-Glass-Lens-Cover_1.jpg\",\"datePublished\":\"2025-11-23T09:04:41+00:00\",\"dateModified\":\"2025-11-23T09:16:04+00:00\",\"description\":\"Safeguard your DJI Osmo Action 6 lens with the DJI Osmo Action 6 Glass Lens Cover, a high-strength accessory engineered for the most demanding action. This replacement or spare cover provides reliable, rugged protection without sacrificing image quality, ensuring your adventures are captured in pristine detail.\",\"breadcrumb\":{\"@id\":\"https:\/\/www.ghostysky.com\/product\/dji-osmo-action-6-glass-lens-cover\/#breadcrumb\"},\"inLanguage\":\"pt-PT\",\"potentialAction\":[{\"@type\":\"ReadAction\",\"target\":[\"https:\/\/www.ghostysky.com\/product\/dji-osmo-action-6-glass-lens-cover\/\"]}]},{\"@type\":\"ImageObject\",\"inLanguage\":\"pt-PT\",\"@id\":\"https:\/\/www.ghostysky.com\/product\/dji-osmo-action-6-glass-lens-cover\/#primaryimage\",\"url\":\"https:\/\/www.ghostysky.com\/wp-content\/uploads\/2025\/11\/GH_DJI-Osmo-Action-6-Glass-Lens-Cover_1.jpg\",\"contentUrl\":\"https:\/\/www.ghostysky.com\/wp-content\/uploads\/2025\/11\/GH_DJI-Osmo-Action-6-Glass-Lens-Cover_1.jpg\",\"width\":800,\"height\":800},{\"@type\":\"BreadcrumbList\",\"@id\":\"https:\/\/www.ghostysky.com\/product\/dji-osmo-action-6-glass-lens-cover\/#breadcrumb\",\"itemListElement\":[{\"@type\":\"ListItem\",\"position\":1,\"name\":\"Home\",\"item\":\"https:\/\/www.ghostysky.com\/\"},{\"@type\":\"ListItem\",\"position\":2,\"name\":\"Shop\",\"item\":\"https:\/\/www.ghostysky.com\/shop\/\"},{\"@type\":\"ListItem\",\"position\":3,\"name\":\"DJI Osmo Action 6 Glass Lens Cover\"}]},{\"@type\":\"WebSite\",\"@id\":\"https:\/\/www.ghostysky.com\/#website\",\"url\":\"https:\/\/www.ghostysky.com\/\",\"name\":\"Ghostysky\",\"description\":\"Delivering professional drones and services\",\"publisher\":{\"@id\":\"https:\/\/www.ghostysky.com\/#organization\"},\"potentialAction\":[{\"@type\":\"SearchAction\",\"target\":{\"@type\":\"EntryPoint\",\"urlTemplate\":\"https:\/\/www.ghostysky.com\/?s={search_term_string}\"},\"query-input\":{\"@type\":\"PropertyValueSpecification\",\"valueRequired\":true,\"valueName\":\"search_term_string\"}}],\"inLanguage\":\"pt-PT\"},{\"@type\":\"Organization\",\"@id\":\"https:\/\/www.ghostysky.com\/#organization\",\"name\":\"Ghostysky\",\"url\":\"https:\/\/www.ghostysky.com\/\",\"logo\":{\"@type\":\"ImageObject\",\"inLanguage\":\"pt-PT\",\"@id\":\"https:\/\/www.ghostysky.com\/#\/schema\/logo\/image\/\",\"url\":\"https:\/\/www.ghostysky.com\/wp-content\/uploads\/2020\/06\/cropped-ghostyskylogo_text_white2.png\",\"contentUrl\":\"https:\/\/www.ghostysky.com\/wp-content\/uploads\/2020\/06\/cropped-ghostyskylogo_text_white2.png\",\"width\":169,\"height\":56,\"caption\":\"Ghostysky\"},\"image\":{\"@id\":\"https:\/\/www.ghostysky.com\/#\/schema\/logo\/image\/\"},\"sameAs\":[\"https:\/\/www.facebook.com\/people\/Ghostysky\/100057676170234\/\",\"https:\/\/x.com\/Gh0stysky\",\"https:\/\/www.linkedin.com\/company\/34739653\",\"https:\/\/www.instagram.com\/gh0stysky\"]}]}<\/script>\n<!-- \/ Yoast SEO plugin. -->","yoast_head_json":{"title":"Protetor de Lente de Vidro para DJI Osmo Action 6 - Ghostysky","description":"Proteja a lente da sua DJI Osmo Action 6 com a capa de lente de vidro DJI Osmo Action 6, um acess\u00f3rio de alta resist\u00eancia projetado para as situa\u00e7\u00f5es mais extremas. Esta capa de substitui\u00e7\u00e3o ou reserva oferece prote\u00e7\u00e3o confi\u00e1vel e robusta sem sacrificar a qualidade da imagem, garantindo que suas aventuras sejam capturadas com detalhes impec\u00e1veis.","robots":{"index":"index","follow":"follow","max-snippet":"max-snippet:-1","max-image-preview":"max-image-preview:large","max-video-preview":"max-video-preview:-1"},"canonical":"https:\/\/www.ghostysky.com\/pt\/produto-2\/dji-osmo-action-6-glass-lens-cover\/","og_locale":"pt_PT","og_type":"article","og_title":"DJI Osmo Action 6 Glass Lens Cover - Ghostysky","og_description":"Safeguard your DJI Osmo Action 6 lens with the DJI Osmo Action 6 Glass Lens Cover, a high-strength accessory engineered for the most demanding action. This replacement or spare cover provides reliable, rugged protection without sacrificing image quality, ensuring your adventures are captured in pristine detail.","og_url":"https:\/\/www.ghostysky.com\/pt\/produto-2\/dji-osmo-action-6-glass-lens-cover\/","og_site_name":"Ghostysky","article_publisher":"https:\/\/www.facebook.com\/people\/Ghostysky\/100057676170234\/","article_modified_time":"2025-11-23T09:16:04+00:00","og_image":[{"width":800,"height":800,"url":"https:\/\/www.ghostysky.com\/wp-content\/uploads\/2025\/11\/GH_DJI-Osmo-Action-6-Glass-Lens-Cover_1.jpg","type":"image\/jpeg"}],"twitter_card":"summary_large_image","twitter_site":"@Gh0stysky","twitter_misc":{"Tempo estimado de leitura":"2 minutos"},"schema":{"@context":"https:\/\/schema.org","@graph":[{"@type":"WebPage","@id":"https:\/\/www.ghostysky.com\/product\/dji-osmo-action-6-glass-lens-cover\/","url":"https:\/\/www.ghostysky.com\/product\/dji-osmo-action-6-glass-lens-cover\/","name":"Protetor de Lente de Vidro para DJI Osmo Action 6 - Ghostysky","isPartOf":{"@id":"https:\/\/www.ghostysky.com\/#website"},"primaryImageOfPage":{"@id":"https:\/\/www.ghostysky.com\/product\/dji-osmo-action-6-glass-lens-cover\/#primaryimage"},"image":{"@id":"https:\/\/www.ghostysky.com\/product\/dji-osmo-action-6-glass-lens-cover\/#primaryimage"},"thumbnailUrl":"https:\/\/www.ghostysky.com\/wp-content\/uploads\/2025\/11\/GH_DJI-Osmo-Action-6-Glass-Lens-Cover_1.jpg","datePublished":"2025-11-23T09:04:41+00:00","dateModified":"2025-11-23T09:16:04+00:00","description":"Proteja a lente da sua DJI Osmo Action 6 com a capa de lente de vidro DJI Osmo Action 6, um acess\u00f3rio de alta resist\u00eancia projetado para as situa\u00e7\u00f5es mais extremas. Esta capa de substitui\u00e7\u00e3o ou reserva oferece prote\u00e7\u00e3o confi\u00e1vel e robusta sem sacrificar a qualidade da imagem, garantindo que suas aventuras sejam capturadas com detalhes impec\u00e1veis.","breadcrumb":{"@id":"https:\/\/www.ghostysky.com\/product\/dji-osmo-action-6-glass-lens-cover\/#breadcrumb"},"inLanguage":"pt-PT","potentialAction":[{"@type":"ReadAction","target":["https:\/\/www.ghostysky.com\/product\/dji-osmo-action-6-glass-lens-cover\/"]}]},{"@type":"ImageObject","inLanguage":"pt-PT","@id":"https:\/\/www.ghostysky.com\/product\/dji-osmo-action-6-glass-lens-cover\/#primaryimage","url":"https:\/\/www.ghostysky.com\/wp-content\/uploads\/2025\/11\/GH_DJI-Osmo-Action-6-Glass-Lens-Cover_1.jpg","contentUrl":"https:\/\/www.ghostysky.com\/wp-content\/uploads\/2025\/11\/GH_DJI-Osmo-Action-6-Glass-Lens-Cover_1.jpg","width":800,"height":800},{"@type":"BreadcrumbList","@id":"https:\/\/www.ghostysky.com\/product\/dji-osmo-action-6-glass-lens-cover\/#breadcrumb","itemListElement":[{"@type":"ListItem","position":1,"name":"Home","item":"https:\/\/www.ghostysky.com\/"},{"@type":"ListItem","position":2,"name":"Shop","item":"https:\/\/www.ghostysky.com\/shop\/"},{"@type":"ListItem","position":3,"name":"DJI Osmo Action 6 Glass Lens Cover"}]},{"@type":"WebSite","@id":"https:\/\/www.ghostysky.com\/#website","url":"https:\/\/www.ghostysky.com\/","name":"Ghostysky","description":"Fornecendo drones e servi\u00e7os profissionais","publisher":{"@id":"https:\/\/www.ghostysky.com\/#organization"},"potentialAction":[{"@type":"SearchAction","target":{"@type":"EntryPoint","urlTemplate":"https:\/\/www.ghostysky.com\/?s={search_term_string}"},"query-input":{"@type":"PropertyValueSpecification","valueRequired":true,"valueName":"search_term_string"}}],"inLanguage":"pt-PT"},{"@type":"Organization","@id":"https:\/\/www.ghostysky.com\/#organization","name":"Ghostysky","url":"https:\/\/www.ghostysky.com\/","logo":{"@type":"ImageObject","inLanguage":"pt-PT","@id":"https:\/\/www.ghostysky.com\/#\/schema\/logo\/image\/","url":"https:\/\/www.ghostysky.com\/wp-content\/uploads\/2020\/06\/cropped-ghostyskylogo_text_white2.png","contentUrl":"https:\/\/www.ghostysky.com\/wp-content\/uploads\/2020\/06\/cropped-ghostyskylogo_text_white2.png","width":169,"height":56,"caption":"Ghostysky"},"image":{"@id":"https:\/\/www.ghostysky.com\/#\/schema\/logo\/image\/"},"sameAs":["https:\/\/www.facebook.com\/people\/Ghostysky\/100057676170234\/","https:\/\/x.com\/Gh0stysky","https:\/\/www.linkedin.com\/company\/34739653","https:\/\/www.instagram.com\/gh0stysky"]}]}},"_links":{"self":[{"href":"https:\/\/www.ghostysky.com\/pt\/wp-json\/wp\/v2\/product\/23361","targetHints":{"allow":["GET"]}}],"collection":[{"href":"https:\/\/www.ghostysky.com\/pt\/wp-json\/wp\/v2\/product"}],"about":[{"href":"https:\/\/www.ghostysky.com\/pt\/wp-json\/wp\/v2\/types\/product"}],"replies":[{"embeddable":true,"href":"https:\/\/www.ghostysky.com\/pt\/wp-json\/wp\/v2\/comments?post=23361"}],"wp:featuredmedia":[{"embeddable":true,"href":"https:\/\/www.ghostysky.com\/pt\/wp-json\/wp\/v2\/media\/23364"}],"wp:attachment":[{"href":"https:\/\/www.ghostysky.com\/pt\/wp-json\/wp\/v2\/media?parent=23361"}],"wp:term":[{"taxonomy":"product_brand","embeddable":true,"href":"https:\/\/www.ghostysky.com\/pt\/wp-json\/wp\/v2\/product_brand?post=23361"},{"taxonomy":"product_cat","embeddable":true,"href":"https:\/\/www.ghostysky.com\/pt\/wp-json\/wp\/v2\/product_cat?post=23361"},{"taxonomy":"product_tag","embeddable":true,"href":"https:\/\/www.ghostysky.com\/pt\/wp-json\/wp\/v2\/product_tag?post=23361"}],"curies":[{"name":"wp","href":"https:\/\/api.w.org\/{rel}","templated":true}]}}