{"id":23365,"date":"2025-11-23T09:11:57","date_gmt":"2025-11-23T09:11:57","guid":{"rendered":"https:\/\/www.ghostysky.com\/?post_type=product&#038;p=23365"},"modified":"2025-11-23T09:15:15","modified_gmt":"2025-11-23T09:15:15","slug":"dji-osmo-adhesive-base-kit-dual-quick-release","status":"publish","type":"product","link":"https:\/\/www.ghostysky.com\/pt\/product\/dji-osmo-adhesive-base-kit-dual-quick-release\/","title":{"rendered":"Kit de base adesiva DJI Osmo (libera\u00e7\u00e3o r\u00e1pida dupla)"},"content":{"rendered":"<h4>Caracter\u00edsticas principais<\/h4>\n<ul data-path-to-node=\"5\">\n<li>\n<p data-path-to-node=\"5,0,0\"><b>Fixa\u00e7\u00e3o segura e resistente:<\/b><span class=\"citation-377\"> O <\/span><b><span class=\"citation-377\">Base adesiva plana<\/span><\/b><span class=\"citation-377 citation-end-377\"> Possui uma grande \u00e1rea com fita adesiva 3M de alta resist\u00eancia, projetada para fixar sua c\u00e2mera com seguran\u00e7a em superf\u00edcies planas como pranchas de surfe, pranchas de snowboard, capacetes, pain\u00e9is de carros e muito mais.<\/span> <span class=\"citation-376 citation-end-376\">Permanece firme no lugar mesmo durante atividades extremas.<\/span><\/p>\n<\/li>\n<li>\n<p data-path-to-node=\"5,1,0\"><b>Libera\u00e7\u00e3o r\u00e1pida bidirecional:<\/b><span class=\"citation-375\"> O inclu\u00eddo <\/span><b><span class=\"citation-375\">Suporte adaptador de libera\u00e7\u00e3o r\u00e1pida bidirecional<\/span><\/b><span class=\"citation-375 citation-end-375\"> Permite a fixa\u00e7\u00e3o e remo\u00e7\u00e3o incrivelmente r\u00e1pidas da sua c\u00e2mera, facilitando a troca de posi\u00e7\u00f5es ou a movimenta\u00e7\u00e3o da c\u00e2mera entre suportes em segundos.<\/span><\/p>\n<\/li>\n<li>\n<p data-path-to-node=\"5,2,0\"><b>Estabilidade aprimorada:<\/b><span class=\"citation-374\"> O suporte adaptador de libera\u00e7\u00e3o r\u00e1pida inclui um clipe de posicionamento para <\/span><b><span class=\"citation-374\">resist\u00eancia a impactos aprimorada<\/span><\/b><span class=\"citation-374 citation-end-374\"> e uma for\u00e7a de conex\u00e3o mais forte, perfeita para manter a estabilidade em cen\u00e1rios din\u00e2micos e de alta vibra\u00e7\u00e3o.<\/span><\/p>\n<\/li>\n<li>\n<p data-path-to-node=\"5,3,0\"><b>Montagem vers\u00e1til:<\/b><span class=\"citation-373 citation-end-373\"> Ideal para uma ampla gama de esportes e cen\u00e1rios de aventura onde \u00e9 necess\u00e1ria uma montagem fixa e plana.<\/span><\/p>\n<\/li>\n<\/ul>\n<h4>O que vem na caixa?<\/h4>\n<p data-path-to-node=\"8\"><span class=\"citation-372 citation-end-372\">O kit inclui tudo o que voc\u00ea precisa para uma montagem segura e plana em uma superf\u00edcie:<\/span><\/p>\n<ul data-path-to-node=\"9\">\n<li>\n<p data-path-to-node=\"9,0,0\"><b><span class=\"citation-371\">1x Suporte Adaptador de Libera\u00e7\u00e3o R\u00e1pida Bidirecional Osmo<\/span><\/b><\/p>\n<\/li>\n<li>\n<p data-path-to-node=\"9,1,0\"><b><span class=\"citation-370\">1x Base Adesiva Plana Osmo<\/span><\/b><span class=\"citation-370 citation-end-370\">\u00a0<\/span><\/p>\n<\/li>\n<li>\n<p data-path-to-node=\"9,2,0\"><b><span class=\"citation-369\">1 parafuso de fixa\u00e7\u00e3o Osmo<\/span><\/b><\/p>\n<p>&nbsp;<\/li>\n<\/ul>\n<h4>Dica importante de uso<\/h4>\n<p data-path-to-node=\"12\"><span class=\"citation-368 citation-end-368\">Para um desempenho ideal e uma ades\u00e3o segura, a temperatura ideal de fixa\u00e7\u00e3o da base adesiva situa-se entre <\/span><span class=\"math-inline\" data-math=\"-10^\\circ \\text{C}\">-10\u00ba C<\/span><span class=\"citation-367 citation-end-367\"> e <\/span><span class=\"math-inline\" data-math=\"40^\\circ \\text{C}\">40\u00ba C<\/span><span class=\"citation-366 citation-end-366\"> (<\/span><span class=\"math-inline\" data-math=\"14^\\circ \\text{F}\">14\u00ba F <\/span><span class=\"citation-365 citation-end-365\">para <\/span><span class=\"math-inline\" data-math=\"104^\\circ \\text{F}\">104\u00ba F<\/span><span class=\"citation-364 citation-end-364\">).<\/span>\u00a0Certifique-se de que a superf\u00edcie esteja limpa e <b>N\u00e3o fixe em superf\u00edcies curvas.<\/b>. <span class=\"citation-363 citation-end-363\">Recomenda-se pressionar firmemente por 10 segundos ap\u00f3s a aplica\u00e7\u00e3o e deixar secar por 30 minutos antes de usar.<\/span><\/p>","protected":false},"excerpt":{"rendered":"<p data-path-to-node=\"1\">Capture seus momentos mais intensos com confian\u00e7a! <span class=\"citation-379\">O <\/span><b><span class=\"citation-379\">Kit de base adesiva plana DJI Osmo (libera\u00e7\u00e3o r\u00e1pida bidirecional)<\/span><\/b><span class=\"citation-379 citation-end-379\"> \u00c9 o acess\u00f3rio essencial para montar com seguran\u00e7a sua c\u00e2mera Osmo Action em superf\u00edcies planas durante atividades de alta intensidade.<\/span><\/p>\n<p data-path-to-node=\"2\"><span class=\"citation-378 citation-end-378\">Este kit oferece uma fixa\u00e7\u00e3o forte e confi\u00e1vel, al\u00e9m da flexibilidade do sistema de libera\u00e7\u00e3o r\u00e1pida da DJI, garantindo que sua c\u00e2mera permane\u00e7a no lugar, esteja voc\u00ea deslizando nas pistas ou surfando uma onda.<\/span><\/p>","protected":false},"featured_media":23367,"comment_status":"open","ping_status":"closed","template":"","meta":[],"product_brand":[1031],"product_cat":[37,1301,1302,29],"product_tag":[42,1306,1305],"class_list":{"0":"post-23365","1":"product","2":"type-product","3":"status-publish","4":"has-post-thumbnail","6":"product_brand-dji","7":"product_cat-dji","8":"product_cat-dji-handled","9":"product_cat-dji-osmo-action-6","10":"product_cat-drones","11":"product_tag-dji","12":"product_tag-dji-osmo-action","13":"product_tag-osmo-action-6-accessories","15":"first","16":"outofstock","17":"taxable","18":"shipping-taxable","19":"purchasable","20":"product-type-simple"},"yoast_head":"<!-- This site is optimized with the Yoast SEO plugin v27.4 - https:\/\/yoast.com\/product\/yoast-seo-wordpress\/ -->\n<title>DJI Osmo Adhesive Base Kit (Dual Quick Release) - Ghostysky<\/title>\n<meta name=\"description\" content=\"Capture your most intense moments with confidence! The DJI Osmo Flat Adhesive Base Kit (Dual-Direction Quick-Release) is the essential accessory for securely mounting your Osmo Action camera on flat surfaces during high-intensity activities.This kit provides a strong, reliable attachment and the flexibility of DJI&#039;s quick-release system, ensuring your camera stays put whether you&#039;re shredding the slopes or catching a wave.\" \/>\n<meta name=\"robots\" content=\"index, follow, max-snippet:-1, max-image-preview:large, max-video-preview:-1\" \/>\n<link rel=\"canonical\" href=\"https:\/\/www.ghostysky.com\/pt\/produto-2\/dji-osmo-adhesive-base-kit-dual-quick-release\/\" \/>\n<meta property=\"og:locale\" content=\"pt_PT\" \/>\n<meta property=\"og:type\" content=\"article\" \/>\n<meta property=\"og:title\" content=\"DJI Osmo Adhesive Base Kit (Dual Quick Release) - Ghostysky\" \/>\n<meta property=\"og:description\" content=\"Capture your most intense moments with confidence! The DJI Osmo Flat Adhesive Base Kit (Dual-Direction Quick-Release) is the essential accessory for securely mounting your Osmo Action camera on flat surfaces during high-intensity activities.This kit provides a strong, reliable attachment and the flexibility of DJI&#039;s quick-release system, ensuring your camera stays put whether you&#039;re shredding the slopes or catching a wave.\" \/>\n<meta property=\"og:url\" content=\"https:\/\/www.ghostysky.com\/pt\/produto-2\/dji-osmo-adhesive-base-kit-dual-quick-release\/\" \/>\n<meta property=\"og:site_name\" content=\"Ghostysky\" \/>\n<meta property=\"article:publisher\" content=\"https:\/\/www.facebook.com\/people\/Ghostysky\/100057676170234\/\" \/>\n<meta property=\"article:modified_time\" content=\"2025-11-23T09:15:15+00:00\" \/>\n<meta property=\"og:image\" content=\"https:\/\/www.ghostysky.com\/wp-content\/uploads\/2025\/11\/GH_DJI-Osmo-Adhesive-Base-Kit-Dual-Quick-Release_1.jpg\" \/>\n\t<meta property=\"og:image:width\" content=\"800\" \/>\n\t<meta property=\"og:image:height\" content=\"800\" \/>\n\t<meta property=\"og:image:type\" content=\"image\/jpeg\" \/>\n<meta name=\"twitter:card\" content=\"summary_large_image\" \/>\n<meta name=\"twitter:site\" content=\"@Gh0stysky\" \/>\n<meta name=\"twitter:label1\" content=\"Tempo estimado de leitura\" \/>\n\t<meta name=\"twitter:data1\" content=\"2 minutos\" \/>\n<script type=\"application\/ld+json\" class=\"yoast-schema-graph\">{\"@context\":\"https:\\\/\\\/schema.org\",\"@graph\":[{\"@type\":\"WebPage\",\"@id\":\"https:\\\/\\\/www.ghostysky.com\\\/product\\\/dji-osmo-adhesive-base-kit-dual-quick-release\\\/\",\"url\":\"https:\\\/\\\/www.ghostysky.com\\\/product\\\/dji-osmo-adhesive-base-kit-dual-quick-release\\\/\",\"name\":\"DJI Osmo Adhesive Base Kit (Dual Quick Release) - Ghostysky\",\"isPartOf\":{\"@id\":\"https:\\\/\\\/www.ghostysky.com\\\/#website\"},\"primaryImageOfPage\":{\"@id\":\"https:\\\/\\\/www.ghostysky.com\\\/product\\\/dji-osmo-adhesive-base-kit-dual-quick-release\\\/#primaryimage\"},\"image\":{\"@id\":\"https:\\\/\\\/www.ghostysky.com\\\/product\\\/dji-osmo-adhesive-base-kit-dual-quick-release\\\/#primaryimage\"},\"thumbnailUrl\":\"https:\\\/\\\/www.ghostysky.com\\\/wp-content\\\/uploads\\\/2025\\\/11\\\/GH_DJI-Osmo-Adhesive-Base-Kit-Dual-Quick-Release_1.jpg\",\"datePublished\":\"2025-11-23T09:11:57+00:00\",\"dateModified\":\"2025-11-23T09:15:15+00:00\",\"description\":\"Capture your most intense moments with confidence! The DJI Osmo Flat Adhesive Base Kit (Dual-Direction Quick-Release) is the essential accessory for securely mounting your Osmo Action camera on flat surfaces during high-intensity activities.This kit provides a strong, reliable attachment and the flexibility of DJI's quick-release system, ensuring your camera stays put whether you're shredding the slopes or catching a wave.\",\"breadcrumb\":{\"@id\":\"https:\\\/\\\/www.ghostysky.com\\\/product\\\/dji-osmo-adhesive-base-kit-dual-quick-release\\\/#breadcrumb\"},\"inLanguage\":\"pt-PT\",\"potentialAction\":[{\"@type\":\"ReadAction\",\"target\":[\"https:\\\/\\\/www.ghostysky.com\\\/product\\\/dji-osmo-adhesive-base-kit-dual-quick-release\\\/\"]}]},{\"@type\":\"ImageObject\",\"inLanguage\":\"pt-PT\",\"@id\":\"https:\\\/\\\/www.ghostysky.com\\\/product\\\/dji-osmo-adhesive-base-kit-dual-quick-release\\\/#primaryimage\",\"url\":\"https:\\\/\\\/www.ghostysky.com\\\/wp-content\\\/uploads\\\/2025\\\/11\\\/GH_DJI-Osmo-Adhesive-Base-Kit-Dual-Quick-Release_1.jpg\",\"contentUrl\":\"https:\\\/\\\/www.ghostysky.com\\\/wp-content\\\/uploads\\\/2025\\\/11\\\/GH_DJI-Osmo-Adhesive-Base-Kit-Dual-Quick-Release_1.jpg\",\"width\":800,\"height\":800},{\"@type\":\"BreadcrumbList\",\"@id\":\"https:\\\/\\\/www.ghostysky.com\\\/product\\\/dji-osmo-adhesive-base-kit-dual-quick-release\\\/#breadcrumb\",\"itemListElement\":[{\"@type\":\"ListItem\",\"position\":1,\"name\":\"Home\",\"item\":\"https:\\\/\\\/www.ghostysky.com\\\/\"},{\"@type\":\"ListItem\",\"position\":2,\"name\":\"Shop\",\"item\":\"https:\\\/\\\/www.ghostysky.com\\\/shop\\\/\"},{\"@type\":\"ListItem\",\"position\":3,\"name\":\"DJI Osmo Adhesive Base Kit (Dual Quick Release)\"}]},{\"@type\":\"WebSite\",\"@id\":\"https:\\\/\\\/www.ghostysky.com\\\/#website\",\"url\":\"https:\\\/\\\/www.ghostysky.com\\\/\",\"name\":\"Ghostysky\",\"description\":\"Delivering professional drones and robotics solutions\",\"publisher\":{\"@id\":\"https:\\\/\\\/www.ghostysky.com\\\/#organization\"},\"potentialAction\":[{\"@type\":\"SearchAction\",\"target\":{\"@type\":\"EntryPoint\",\"urlTemplate\":\"https:\\\/\\\/www.ghostysky.com\\\/?s={search_term_string}\"},\"query-input\":{\"@type\":\"PropertyValueSpecification\",\"valueRequired\":true,\"valueName\":\"search_term_string\"}}],\"inLanguage\":\"pt-PT\"},{\"@type\":\"Organization\",\"@id\":\"https:\\\/\\\/www.ghostysky.com\\\/#organization\",\"name\":\"Ghostysky\",\"url\":\"https:\\\/\\\/www.ghostysky.com\\\/\",\"logo\":{\"@type\":\"ImageObject\",\"inLanguage\":\"pt-PT\",\"@id\":\"https:\\\/\\\/www.ghostysky.com\\\/#\\\/schema\\\/logo\\\/image\\\/\",\"url\":\"https:\\\/\\\/www.ghostysky.com\\\/wp-content\\\/uploads\\\/2020\\\/06\\\/cropped-ghostyskylogo_text_white2.png\",\"contentUrl\":\"https:\\\/\\\/www.ghostysky.com\\\/wp-content\\\/uploads\\\/2020\\\/06\\\/cropped-ghostyskylogo_text_white2.png\",\"width\":169,\"height\":56,\"caption\":\"Ghostysky\"},\"image\":{\"@id\":\"https:\\\/\\\/www.ghostysky.com\\\/#\\\/schema\\\/logo\\\/image\\\/\"},\"sameAs\":[\"https:\\\/\\\/www.facebook.com\\\/people\\\/Ghostysky\\\/100057676170234\\\/\",\"https:\\\/\\\/x.com\\\/Gh0stysky\",\"https:\\\/\\\/www.linkedin.com\\\/company\\\/34739653\",\"https:\\\/\\\/www.instagram.com\\\/gh0stysky\"]}]}<\/script>\n<!-- \/ Yoast SEO plugin. -->","yoast_head_json":{"title":"Kit de base adesiva DJI Osmo (libera\u00e7\u00e3o r\u00e1pida dupla) - Ghostysky","description":"Capture seus momentos mais intensos com confian\u00e7a! O Kit de Base Adesiva Plana DJI Osmo (Libera\u00e7\u00e3o R\u00e1pida Bidirecional) \u00e9 o acess\u00f3rio essencial para fixar sua c\u00e2mera Osmo Action com seguran\u00e7a em superf\u00edcies planas durante atividades de alta intensidade. Este kit oferece uma fixa\u00e7\u00e3o forte e confi\u00e1vel, al\u00e9m da flexibilidade do sistema de libera\u00e7\u00e3o r\u00e1pida da DJI, garantindo que sua c\u00e2mera permane\u00e7a no lugar, seja voc\u00ea deslizando nas pistas ou surfando uma onda.","robots":{"index":"index","follow":"follow","max-snippet":"max-snippet:-1","max-image-preview":"max-image-preview:large","max-video-preview":"max-video-preview:-1"},"canonical":"https:\/\/www.ghostysky.com\/pt\/produto-2\/dji-osmo-adhesive-base-kit-dual-quick-release\/","og_locale":"pt_PT","og_type":"article","og_title":"DJI Osmo Adhesive Base Kit (Dual Quick Release) - Ghostysky","og_description":"Capture your most intense moments with confidence! The DJI Osmo Flat Adhesive Base Kit (Dual-Direction Quick-Release) is the essential accessory for securely mounting your Osmo Action camera on flat surfaces during high-intensity activities.This kit provides a strong, reliable attachment and the flexibility of DJI's quick-release system, ensuring your camera stays put whether you're shredding the slopes or catching a wave.","og_url":"https:\/\/www.ghostysky.com\/pt\/produto-2\/dji-osmo-adhesive-base-kit-dual-quick-release\/","og_site_name":"Ghostysky","article_publisher":"https:\/\/www.facebook.com\/people\/Ghostysky\/100057676170234\/","article_modified_time":"2025-11-23T09:15:15+00:00","og_image":[{"width":800,"height":800,"url":"https:\/\/www.ghostysky.com\/wp-content\/uploads\/2025\/11\/GH_DJI-Osmo-Adhesive-Base-Kit-Dual-Quick-Release_1.jpg","type":"image\/jpeg"}],"twitter_card":"summary_large_image","twitter_site":"@Gh0stysky","twitter_misc":{"Tempo estimado de leitura":"2 minutos"},"schema":{"@context":"https:\/\/schema.org","@graph":[{"@type":"WebPage","@id":"https:\/\/www.ghostysky.com\/product\/dji-osmo-adhesive-base-kit-dual-quick-release\/","url":"https:\/\/www.ghostysky.com\/product\/dji-osmo-adhesive-base-kit-dual-quick-release\/","name":"Kit de base adesiva DJI Osmo (libera\u00e7\u00e3o r\u00e1pida dupla) - Ghostysky","isPartOf":{"@id":"https:\/\/www.ghostysky.com\/#website"},"primaryImageOfPage":{"@id":"https:\/\/www.ghostysky.com\/product\/dji-osmo-adhesive-base-kit-dual-quick-release\/#primaryimage"},"image":{"@id":"https:\/\/www.ghostysky.com\/product\/dji-osmo-adhesive-base-kit-dual-quick-release\/#primaryimage"},"thumbnailUrl":"https:\/\/www.ghostysky.com\/wp-content\/uploads\/2025\/11\/GH_DJI-Osmo-Adhesive-Base-Kit-Dual-Quick-Release_1.jpg","datePublished":"2025-11-23T09:11:57+00:00","dateModified":"2025-11-23T09:15:15+00:00","description":"Capture seus momentos mais intensos com confian\u00e7a! O Kit de Base Adesiva Plana DJI Osmo (Libera\u00e7\u00e3o R\u00e1pida Bidirecional) \u00e9 o acess\u00f3rio essencial para fixar sua c\u00e2mera Osmo Action com seguran\u00e7a em superf\u00edcies planas durante atividades de alta intensidade. Este kit oferece uma fixa\u00e7\u00e3o forte e confi\u00e1vel, al\u00e9m da flexibilidade do sistema de libera\u00e7\u00e3o r\u00e1pida da DJI, garantindo que sua c\u00e2mera permane\u00e7a no lugar, seja voc\u00ea deslizando nas pistas ou surfando uma onda.","breadcrumb":{"@id":"https:\/\/www.ghostysky.com\/product\/dji-osmo-adhesive-base-kit-dual-quick-release\/#breadcrumb"},"inLanguage":"pt-PT","potentialAction":[{"@type":"ReadAction","target":["https:\/\/www.ghostysky.com\/product\/dji-osmo-adhesive-base-kit-dual-quick-release\/"]}]},{"@type":"ImageObject","inLanguage":"pt-PT","@id":"https:\/\/www.ghostysky.com\/product\/dji-osmo-adhesive-base-kit-dual-quick-release\/#primaryimage","url":"https:\/\/www.ghostysky.com\/wp-content\/uploads\/2025\/11\/GH_DJI-Osmo-Adhesive-Base-Kit-Dual-Quick-Release_1.jpg","contentUrl":"https:\/\/www.ghostysky.com\/wp-content\/uploads\/2025\/11\/GH_DJI-Osmo-Adhesive-Base-Kit-Dual-Quick-Release_1.jpg","width":800,"height":800},{"@type":"BreadcrumbList","@id":"https:\/\/www.ghostysky.com\/product\/dji-osmo-adhesive-base-kit-dual-quick-release\/#breadcrumb","itemListElement":[{"@type":"ListItem","position":1,"name":"Home","item":"https:\/\/www.ghostysky.com\/"},{"@type":"ListItem","position":2,"name":"Shop","item":"https:\/\/www.ghostysky.com\/shop\/"},{"@type":"ListItem","position":3,"name":"DJI Osmo Adhesive Base Kit (Dual Quick Release)"}]},{"@type":"WebSite","@id":"https:\/\/www.ghostysky.com\/#website","url":"https:\/\/www.ghostysky.com\/","name":"Ghostysky","description":"Fornecendo solu\u00e7\u00f5es profissionais em drones e rob\u00f3tica.","publisher":{"@id":"https:\/\/www.ghostysky.com\/#organization"},"potentialAction":[{"@type":"SearchAction","target":{"@type":"EntryPoint","urlTemplate":"https:\/\/www.ghostysky.com\/?s={search_term_string}"},"query-input":{"@type":"PropertyValueSpecification","valueRequired":true,"valueName":"search_term_string"}}],"inLanguage":"pt-PT"},{"@type":"Organization","@id":"https:\/\/www.ghostysky.com\/#organization","name":"Ghostysky","url":"https:\/\/www.ghostysky.com\/","logo":{"@type":"ImageObject","inLanguage":"pt-PT","@id":"https:\/\/www.ghostysky.com\/#\/schema\/logo\/image\/","url":"https:\/\/www.ghostysky.com\/wp-content\/uploads\/2020\/06\/cropped-ghostyskylogo_text_white2.png","contentUrl":"https:\/\/www.ghostysky.com\/wp-content\/uploads\/2020\/06\/cropped-ghostyskylogo_text_white2.png","width":169,"height":56,"caption":"Ghostysky"},"image":{"@id":"https:\/\/www.ghostysky.com\/#\/schema\/logo\/image\/"},"sameAs":["https:\/\/www.facebook.com\/people\/Ghostysky\/100057676170234\/","https:\/\/x.com\/Gh0stysky","https:\/\/www.linkedin.com\/company\/34739653","https:\/\/www.instagram.com\/gh0stysky"]}]}},"_links":{"self":[{"href":"https:\/\/www.ghostysky.com\/pt\/wp-json\/wp\/v2\/product\/23365","targetHints":{"allow":["GET"]}}],"collection":[{"href":"https:\/\/www.ghostysky.com\/pt\/wp-json\/wp\/v2\/product"}],"about":[{"href":"https:\/\/www.ghostysky.com\/pt\/wp-json\/wp\/v2\/types\/product"}],"replies":[{"embeddable":true,"href":"https:\/\/www.ghostysky.com\/pt\/wp-json\/wp\/v2\/comments?post=23365"}],"version-history":[{"count":0,"href":"https:\/\/www.ghostysky.com\/pt\/wp-json\/wp\/v2\/product\/23365\/revisions"}],"wp:featuredmedia":[{"embeddable":true,"href":"https:\/\/www.ghostysky.com\/pt\/wp-json\/wp\/v2\/media\/23367"}],"wp:attachment":[{"href":"https:\/\/www.ghostysky.com\/pt\/wp-json\/wp\/v2\/media?parent=23365"}],"wp:term":[{"taxonomy":"product_brand","embeddable":true,"href":"https:\/\/www.ghostysky.com\/pt\/wp-json\/wp\/v2\/product_brand?post=23365"},{"taxonomy":"product_cat","embeddable":true,"href":"https:\/\/www.ghostysky.com\/pt\/wp-json\/wp\/v2\/product_cat?post=23365"},{"taxonomy":"product_tag","embeddable":true,"href":"https:\/\/www.ghostysky.com\/pt\/wp-json\/wp\/v2\/product_tag?post=23365"}],"curies":[{"name":"wp","href":"https:\/\/api.w.org\/{rel}","templated":true}]}}