{"id":23391,"date":"2025-11-25T16:51:19","date_gmt":"2025-11-25T16:51:19","guid":{"rendered":"https:\/\/www.ghostysky.com\/?post_type=product&#038;p=23391"},"modified":"2025-11-27T14:49:45","modified_gmt":"2025-11-27T14:49:45","slug":"swellpro-g03h-waterproof-4k-gimbal-camera","status":"publish","type":"product","link":"https:\/\/www.ghostysky.com\/pt\/product\/swellpro-g03h-waterproof-4k-gimbal-camera\/","title":{"rendered":"C\u00e2mera gimbal 4K \u00e0 prova d&#039;\u00e1gua SwellPro G03H"},"content":{"rendered":"<h4>Caracter\u00edsticas principais<\/h4>\n<ul data-path-to-node=\"3\">\n<li>\n<p data-path-to-node=\"3,0,0\"><b><span class=\"citation-51\">Clareza absoluta:<\/span><\/b><span class=\"citation-51 citation-end-51\"> Capture imagens est\u00e1ticas de alt\u00edssima resolu\u00e7\u00e3o de 48MP (8000\u00d76000), perfeitas para projetos detalhados de mapeamento, levantamento topogr\u00e1fico e inspe\u00e7\u00e3o.<\/span><\/p>\n<\/li>\n<li>\n<p data-path-to-node=\"3,1,0\"><b><span class=\"citation-50\">Desempenho de v\u00eddeo superior:<\/span><\/b><span class=\"citation-50\"> Grave imagens cinematogr\u00e1ficas ultra suaves com <\/span><b><span class=\"citation-50\">V\u00eddeo 4K UHD a 60 fps<\/span><\/b><span class=\"citation-50\"> e at\u00e9 mesmo <\/span><b><span class=\"citation-50\">Modos 5.7K<\/span><\/b><span class=\"citation-50 citation-end-50\">.<\/span><\/p>\n<\/li>\n<li>\n<p data-path-to-node=\"3,2,0\"><b><span class=\"citation-49\">Sensores e \u00d3ptica Avan\u00e7ados:<\/span><\/b><span class=\"citation-49\"> Equipado com um motor de alto desempenho. <\/span><b><span class=\"citation-49\">Sensor CMOS da Sony<\/span><\/b><span class=\"citation-49\"> (1\/2\u2033) e um brilhante <\/span><b><span class=\"citation-49\">abertura f\/2.2<\/span><\/b><span class=\"citation-49 citation-end-49\"> A lente oferece alcance din\u00e2mico superior, melhor desempenho em condi\u00e7\u00f5es de baixa luminosidade e detalhes mais n\u00edtidos em condi\u00e7\u00f5es desafiadoras.<\/span><\/p>\n<\/li>\n<li>\n<p data-path-to-node=\"3,3,0\"><b>Estabilidade inabal\u00e1vel:<\/b><span class=\"citation-48\"> A c\u00e2mera \u00e0 prova d&#039;\u00e1gua est\u00e1 montada em uma base altamente responsiva. <\/span><b><span class=\"citation-48\">Gimbal mec\u00e2nico de 3 eixos<\/span><\/b><span class=\"citation-48\"> combinado com <\/span><b><span class=\"citation-48\">Estabiliza\u00e7\u00e3o Eletr\u00f4nica de Imagem (EIS)<\/span><\/b><span class=\"citation-48 citation-end-48\">, garantindo imagens est\u00e1veis e sem borr\u00f5es, mesmo quando o drone est\u00e1 navegando em condi\u00e7\u00f5es de vento forte ou condi\u00e7\u00f5es adversas.<\/span><\/p>\n<\/li>\n<li>\n<p data-path-to-node=\"3,4,0\"><b>Capacidade de zoom digital:<\/b><span class=\"citation-47\"> Utilize at\u00e9 <\/span><b><span class=\"citation-47\">zoom de recorte digital de 7x<\/span><\/b><span class=\"citation-47 citation-end-47\"> com base em imagens de 48MP, permitindo uma inspe\u00e7\u00e3o mais detalhada dos alvos sem a necessidade de voar com o drone em \u00e1reas de risco.<\/span><\/p>\n<\/li>\n<li>\n<p data-path-to-node=\"3,5,0\"><b>Confiabilidade em todas as condi\u00e7\u00f5es clim\u00e1ticas:<\/b><span class=\"citation-46 citation-end-46\"> O design \u00e0 prova d&#039;\u00e1gua e anticorrosivo torna-o confi\u00e1vel para uso em \u00e1gua salgada, chuva e neve, garantindo visibilidade n\u00edtida tanto acima quanto abaixo da \u00e1gua.<\/span><\/p>\n<\/li>\n<\/ul>\n<p data-path-to-node=\"4\">\n<h4>Ideal para<\/h4>\n<ul data-path-to-node=\"5\">\n<li>\n<p data-path-to-node=\"5,0,0\"><b>Levantamento topogr\u00e1fico e cartografia:<\/b><span class=\"citation-45 citation-end-45\"> Obtenha detalhes e precis\u00e3o excepcionais com fotos de 48MP para p\u00f3s-an\u00e1lise e processamento de dados.<\/span><\/p>\n<\/li>\n<li>\n<p data-path-to-node=\"5,1,0\"><b><span class=\"citation-44\">Opera\u00e7\u00f5es mar\u00edtimas e subaqu\u00e1ticas:<\/span><\/b><span class=\"citation-44 citation-end-44\"> Seu design \u00e0 prova d&#039;\u00e1gua \u00e9 essencial para filmagens, inspe\u00e7\u00f5es e opera\u00e7\u00f5es pr\u00f3ximas ou na \u00e1gua.<\/span><\/p>\n<\/li>\n<li>\n<p data-path-to-node=\"5,2,0\"><b>Inspe\u00e7\u00f5es industriais:<\/b><span class=\"citation-43 citation-end-43\"> Inspecione com seguran\u00e7a pontes, torres, estruturas offshore e outros ativos de dif\u00edcil acesso com clareza superior.<\/span><\/p>\n<\/li>\n<li>\n<p data-path-to-node=\"5,3,0\"><b><span class=\"citation-42\">Busca e Salvamento (SAR):<\/span><\/b><span class=\"citation-42 citation-end-42\"> A combina\u00e7\u00e3o de zoom de alta resolu\u00e7\u00e3o e desempenho em condi\u00e7\u00f5es de baixa luminosidade aprimora a identifica\u00e7\u00e3o e a cobertura em miss\u00f5es cr\u00edticas.<\/span><\/p>\n<\/li>\n<li>\n<p data-path-to-node=\"5,4,0\"><b>Filmagem cinematogr\u00e1fica:<\/b><span class=\"citation-41 citation-end-41\"> Capture v\u00eddeos a\u00e9reos suaves e de qualidade profissional para cinegrafistas e criadores em ambientes costeiros ou em qualquer condi\u00e7\u00e3o clim\u00e1tica.<\/span><\/p>\n<div class=\"source-inline-chip-container ng-star-inserted\"><\/div>\n<\/li>\n<\/ul>\n<p data-path-to-node=\"6\"><span class=\"citation-40 citation-end-40\">A G03H \u00e9 mais do que apenas uma c\u00e2mera; \u00e9 um poderoso sistema de imagem de precis\u00e3o que expande significativamente a capacidade operacional e a qualidade das suas miss\u00f5es com o SplashDrone 4+.<\/span><\/p>","protected":false},"excerpt":{"rendered":"<p><span class=\"citation-53\">O SwellPro G03H \u00e9 um equipamento profissional, totalmente completo. <\/span><b><span class=\"citation-53\">c\u00e2mera gimbal \u00e0 prova d&#039;\u00e1gua<\/span><\/b><span class=\"citation-53\"> projetado especificamente para o <\/span><b><span class=\"citation-53\">SwellPro SplashDrone 4+<\/span><\/b><span class=\"citation-53 citation-end-53\">.<\/span> <span class=\"citation-52 citation-end-52\">Projetada para capturar imagens impressionantes, est\u00e1veis e de alta resolu\u00e7\u00e3o nos ambientes \u00famidos e marinhos mais exigentes, a G03H \u00e9 uma ferramenta indispens\u00e1vel tanto para profissionais quanto para aventureiros.<\/span><\/p>","protected":false},"featured_media":23395,"comment_status":"open","ping_status":"closed","template":"","meta":[],"product_brand":[1310],"product_cat":[304,278],"product_tag":[],"class_list":{"0":"post-23391","1":"product","2":"type-product","3":"status-publish","4":"has-post-thumbnail","6":"product_brand-swellpro","7":"product_cat-cameras-sweelpro","8":"product_cat-swellpro","10":"first","11":"onbackorder","12":"taxable","13":"shipping-taxable","14":"purchasable","15":"product-type-simple"},"yoast_head":"<!-- This site is optimized with the Yoast SEO plugin v27.4 - https:\/\/yoast.com\/product\/yoast-seo-wordpress\/ -->\n<title>SwellPro G03H Waterproof 4K Gimbal Camera - Ghostysky<\/title>\n<meta name=\"description\" content=\"The SwellPro G03H is a professional-grade, fully waterproof gimbal camera designed specifically for the SwellPro SplashDrone 4+. Engineered to capture stunning, stable, and high-resolution imagery in the most demanding wet and marine environments, the G03H is an indispensable tool for professionals and adventurers alike.\" \/>\n<meta name=\"robots\" content=\"index, follow, max-snippet:-1, max-image-preview:large, max-video-preview:-1\" \/>\n<link rel=\"canonical\" href=\"https:\/\/www.ghostysky.com\/pt\/produto-2\/swellpro-g03h-waterproof-4k-gimbal-camera\/\" \/>\n<meta property=\"og:locale\" content=\"pt_PT\" \/>\n<meta property=\"og:type\" content=\"article\" \/>\n<meta property=\"og:title\" content=\"SwellPro G03H Waterproof 4K Gimbal Camera - Ghostysky\" \/>\n<meta property=\"og:description\" content=\"The SwellPro G03H is a professional-grade, fully waterproof gimbal camera designed specifically for the SwellPro SplashDrone 4+. Engineered to capture stunning, stable, and high-resolution imagery in the most demanding wet and marine environments, the G03H is an indispensable tool for professionals and adventurers alike.\" \/>\n<meta property=\"og:url\" content=\"https:\/\/www.ghostysky.com\/pt\/produto-2\/swellpro-g03h-waterproof-4k-gimbal-camera\/\" \/>\n<meta property=\"og:site_name\" content=\"Ghostysky\" \/>\n<meta property=\"article:publisher\" content=\"https:\/\/www.facebook.com\/people\/Ghostysky\/100057676170234\/\" \/>\n<meta property=\"article:modified_time\" content=\"2025-11-27T14:49:45+00:00\" \/>\n<meta property=\"og:image\" content=\"https:\/\/www.ghostysky.com\/wp-content\/uploads\/2025\/11\/GH_Swellpro_G03H_1.jpeg\" \/>\n\t<meta property=\"og:image:width\" content=\"450\" \/>\n\t<meta property=\"og:image:height\" content=\"450\" \/>\n\t<meta property=\"og:image:type\" content=\"image\/jpeg\" \/>\n<meta name=\"twitter:card\" content=\"summary_large_image\" \/>\n<meta name=\"twitter:site\" content=\"@Gh0stysky\" \/>\n<meta name=\"twitter:label1\" content=\"Tempo estimado de leitura\" \/>\n\t<meta name=\"twitter:data1\" content=\"2 minutos\" \/>\n<script type=\"application\/ld+json\" class=\"yoast-schema-graph\">{\"@context\":\"https:\\\/\\\/schema.org\",\"@graph\":[{\"@type\":\"WebPage\",\"@id\":\"https:\\\/\\\/www.ghostysky.com\\\/product\\\/swellpro-g03h-waterproof-4k-gimbal-camera\\\/\",\"url\":\"https:\\\/\\\/www.ghostysky.com\\\/product\\\/swellpro-g03h-waterproof-4k-gimbal-camera\\\/\",\"name\":\"SwellPro G03H Waterproof 4K Gimbal Camera - Ghostysky\",\"isPartOf\":{\"@id\":\"https:\\\/\\\/www.ghostysky.com\\\/#website\"},\"primaryImageOfPage\":{\"@id\":\"https:\\\/\\\/www.ghostysky.com\\\/product\\\/swellpro-g03h-waterproof-4k-gimbal-camera\\\/#primaryimage\"},\"image\":{\"@id\":\"https:\\\/\\\/www.ghostysky.com\\\/product\\\/swellpro-g03h-waterproof-4k-gimbal-camera\\\/#primaryimage\"},\"thumbnailUrl\":\"https:\\\/\\\/www.ghostysky.com\\\/wp-content\\\/uploads\\\/2025\\\/11\\\/GH_Swellpro_G03H_1.jpeg\",\"datePublished\":\"2025-11-25T16:51:19+00:00\",\"dateModified\":\"2025-11-27T14:49:45+00:00\",\"description\":\"The SwellPro G03H is a professional-grade, fully waterproof gimbal camera designed specifically for the SwellPro SplashDrone 4+. Engineered to capture stunning, stable, and high-resolution imagery in the most demanding wet and marine environments, the G03H is an indispensable tool for professionals and adventurers alike.\",\"breadcrumb\":{\"@id\":\"https:\\\/\\\/www.ghostysky.com\\\/product\\\/swellpro-g03h-waterproof-4k-gimbal-camera\\\/#breadcrumb\"},\"inLanguage\":\"pt-PT\",\"potentialAction\":[{\"@type\":\"ReadAction\",\"target\":[\"https:\\\/\\\/www.ghostysky.com\\\/product\\\/swellpro-g03h-waterproof-4k-gimbal-camera\\\/\"]}]},{\"@type\":\"ImageObject\",\"inLanguage\":\"pt-PT\",\"@id\":\"https:\\\/\\\/www.ghostysky.com\\\/product\\\/swellpro-g03h-waterproof-4k-gimbal-camera\\\/#primaryimage\",\"url\":\"https:\\\/\\\/www.ghostysky.com\\\/wp-content\\\/uploads\\\/2025\\\/11\\\/GH_Swellpro_G03H_1.jpeg\",\"contentUrl\":\"https:\\\/\\\/www.ghostysky.com\\\/wp-content\\\/uploads\\\/2025\\\/11\\\/GH_Swellpro_G03H_1.jpeg\",\"width\":450,\"height\":450},{\"@type\":\"BreadcrumbList\",\"@id\":\"https:\\\/\\\/www.ghostysky.com\\\/product\\\/swellpro-g03h-waterproof-4k-gimbal-camera\\\/#breadcrumb\",\"itemListElement\":[{\"@type\":\"ListItem\",\"position\":1,\"name\":\"Home\",\"item\":\"https:\\\/\\\/www.ghostysky.com\\\/\"},{\"@type\":\"ListItem\",\"position\":2,\"name\":\"Shop\",\"item\":\"https:\\\/\\\/www.ghostysky.com\\\/shop\\\/\"},{\"@type\":\"ListItem\",\"position\":3,\"name\":\"SwellPro G03H Waterproof 4K Gimbal Camera\"}]},{\"@type\":\"WebSite\",\"@id\":\"https:\\\/\\\/www.ghostysky.com\\\/#website\",\"url\":\"https:\\\/\\\/www.ghostysky.com\\\/\",\"name\":\"Ghostysky\",\"description\":\"Delivering professional drones and robotics solutions\",\"publisher\":{\"@id\":\"https:\\\/\\\/www.ghostysky.com\\\/#organization\"},\"potentialAction\":[{\"@type\":\"SearchAction\",\"target\":{\"@type\":\"EntryPoint\",\"urlTemplate\":\"https:\\\/\\\/www.ghostysky.com\\\/?s={search_term_string}\"},\"query-input\":{\"@type\":\"PropertyValueSpecification\",\"valueRequired\":true,\"valueName\":\"search_term_string\"}}],\"inLanguage\":\"pt-PT\"},{\"@type\":\"Organization\",\"@id\":\"https:\\\/\\\/www.ghostysky.com\\\/#organization\",\"name\":\"Ghostysky\",\"url\":\"https:\\\/\\\/www.ghostysky.com\\\/\",\"logo\":{\"@type\":\"ImageObject\",\"inLanguage\":\"pt-PT\",\"@id\":\"https:\\\/\\\/www.ghostysky.com\\\/#\\\/schema\\\/logo\\\/image\\\/\",\"url\":\"https:\\\/\\\/www.ghostysky.com\\\/wp-content\\\/uploads\\\/2020\\\/06\\\/cropped-ghostyskylogo_text_white2.png\",\"contentUrl\":\"https:\\\/\\\/www.ghostysky.com\\\/wp-content\\\/uploads\\\/2020\\\/06\\\/cropped-ghostyskylogo_text_white2.png\",\"width\":169,\"height\":56,\"caption\":\"Ghostysky\"},\"image\":{\"@id\":\"https:\\\/\\\/www.ghostysky.com\\\/#\\\/schema\\\/logo\\\/image\\\/\"},\"sameAs\":[\"https:\\\/\\\/www.facebook.com\\\/people\\\/Ghostysky\\\/100057676170234\\\/\",\"https:\\\/\\\/x.com\\\/Gh0stysky\",\"https:\\\/\\\/www.linkedin.com\\\/company\\\/34739653\",\"https:\\\/\\\/www.instagram.com\\\/gh0stysky\"]}]}<\/script>\n<!-- \/ Yoast SEO plugin. -->","yoast_head_json":{"title":"C\u00e2mera gimbal 4K \u00e0 prova d&#039;\u00e1gua SwellPro G03H - Ghostysky","description":"A SwellPro G03H \u00e9 uma c\u00e2mera gimbal profissional totalmente \u00e0 prova d&#039;\u00e1gua, projetada especificamente para o SwellPro SplashDrone 4+. Desenvolvida para capturar imagens impressionantes, est\u00e1veis e de alta resolu\u00e7\u00e3o nos ambientes aqu\u00e1ticos e marinhos mais exigentes, a G03H \u00e9 uma ferramenta indispens\u00e1vel tanto para profissionais quanto para aventureiros.","robots":{"index":"index","follow":"follow","max-snippet":"max-snippet:-1","max-image-preview":"max-image-preview:large","max-video-preview":"max-video-preview:-1"},"canonical":"https:\/\/www.ghostysky.com\/pt\/produto-2\/swellpro-g03h-waterproof-4k-gimbal-camera\/","og_locale":"pt_PT","og_type":"article","og_title":"SwellPro G03H Waterproof 4K Gimbal Camera - Ghostysky","og_description":"The SwellPro G03H is a professional-grade, fully waterproof gimbal camera designed specifically for the SwellPro SplashDrone 4+. Engineered to capture stunning, stable, and high-resolution imagery in the most demanding wet and marine environments, the G03H is an indispensable tool for professionals and adventurers alike.","og_url":"https:\/\/www.ghostysky.com\/pt\/produto-2\/swellpro-g03h-waterproof-4k-gimbal-camera\/","og_site_name":"Ghostysky","article_publisher":"https:\/\/www.facebook.com\/people\/Ghostysky\/100057676170234\/","article_modified_time":"2025-11-27T14:49:45+00:00","og_image":[{"width":450,"height":450,"url":"https:\/\/www.ghostysky.com\/wp-content\/uploads\/2025\/11\/GH_Swellpro_G03H_1.jpeg","type":"image\/jpeg"}],"twitter_card":"summary_large_image","twitter_site":"@Gh0stysky","twitter_misc":{"Tempo estimado de leitura":"2 minutos"},"schema":{"@context":"https:\/\/schema.org","@graph":[{"@type":"WebPage","@id":"https:\/\/www.ghostysky.com\/product\/swellpro-g03h-waterproof-4k-gimbal-camera\/","url":"https:\/\/www.ghostysky.com\/product\/swellpro-g03h-waterproof-4k-gimbal-camera\/","name":"C\u00e2mera gimbal 4K \u00e0 prova d&#039;\u00e1gua SwellPro G03H - Ghostysky","isPartOf":{"@id":"https:\/\/www.ghostysky.com\/#website"},"primaryImageOfPage":{"@id":"https:\/\/www.ghostysky.com\/product\/swellpro-g03h-waterproof-4k-gimbal-camera\/#primaryimage"},"image":{"@id":"https:\/\/www.ghostysky.com\/product\/swellpro-g03h-waterproof-4k-gimbal-camera\/#primaryimage"},"thumbnailUrl":"https:\/\/www.ghostysky.com\/wp-content\/uploads\/2025\/11\/GH_Swellpro_G03H_1.jpeg","datePublished":"2025-11-25T16:51:19+00:00","dateModified":"2025-11-27T14:49:45+00:00","description":"A SwellPro G03H \u00e9 uma c\u00e2mera gimbal profissional totalmente \u00e0 prova d&#039;\u00e1gua, projetada especificamente para o SwellPro SplashDrone 4+. Desenvolvida para capturar imagens impressionantes, est\u00e1veis e de alta resolu\u00e7\u00e3o nos ambientes aqu\u00e1ticos e marinhos mais exigentes, a G03H \u00e9 uma ferramenta indispens\u00e1vel tanto para profissionais quanto para aventureiros.","breadcrumb":{"@id":"https:\/\/www.ghostysky.com\/product\/swellpro-g03h-waterproof-4k-gimbal-camera\/#breadcrumb"},"inLanguage":"pt-PT","potentialAction":[{"@type":"ReadAction","target":["https:\/\/www.ghostysky.com\/product\/swellpro-g03h-waterproof-4k-gimbal-camera\/"]}]},{"@type":"ImageObject","inLanguage":"pt-PT","@id":"https:\/\/www.ghostysky.com\/product\/swellpro-g03h-waterproof-4k-gimbal-camera\/#primaryimage","url":"https:\/\/www.ghostysky.com\/wp-content\/uploads\/2025\/11\/GH_Swellpro_G03H_1.jpeg","contentUrl":"https:\/\/www.ghostysky.com\/wp-content\/uploads\/2025\/11\/GH_Swellpro_G03H_1.jpeg","width":450,"height":450},{"@type":"BreadcrumbList","@id":"https:\/\/www.ghostysky.com\/product\/swellpro-g03h-waterproof-4k-gimbal-camera\/#breadcrumb","itemListElement":[{"@type":"ListItem","position":1,"name":"Home","item":"https:\/\/www.ghostysky.com\/"},{"@type":"ListItem","position":2,"name":"Shop","item":"https:\/\/www.ghostysky.com\/shop\/"},{"@type":"ListItem","position":3,"name":"SwellPro G03H Waterproof 4K Gimbal Camera"}]},{"@type":"WebSite","@id":"https:\/\/www.ghostysky.com\/#website","url":"https:\/\/www.ghostysky.com\/","name":"Ghostysky","description":"Fornecendo solu\u00e7\u00f5es profissionais em drones e rob\u00f3tica.","publisher":{"@id":"https:\/\/www.ghostysky.com\/#organization"},"potentialAction":[{"@type":"SearchAction","target":{"@type":"EntryPoint","urlTemplate":"https:\/\/www.ghostysky.com\/?s={search_term_string}"},"query-input":{"@type":"PropertyValueSpecification","valueRequired":true,"valueName":"search_term_string"}}],"inLanguage":"pt-PT"},{"@type":"Organization","@id":"https:\/\/www.ghostysky.com\/#organization","name":"Ghostysky","url":"https:\/\/www.ghostysky.com\/","logo":{"@type":"ImageObject","inLanguage":"pt-PT","@id":"https:\/\/www.ghostysky.com\/#\/schema\/logo\/image\/","url":"https:\/\/www.ghostysky.com\/wp-content\/uploads\/2020\/06\/cropped-ghostyskylogo_text_white2.png","contentUrl":"https:\/\/www.ghostysky.com\/wp-content\/uploads\/2020\/06\/cropped-ghostyskylogo_text_white2.png","width":169,"height":56,"caption":"Ghostysky"},"image":{"@id":"https:\/\/www.ghostysky.com\/#\/schema\/logo\/image\/"},"sameAs":["https:\/\/www.facebook.com\/people\/Ghostysky\/100057676170234\/","https:\/\/x.com\/Gh0stysky","https:\/\/www.linkedin.com\/company\/34739653","https:\/\/www.instagram.com\/gh0stysky"]}]}},"_links":{"self":[{"href":"https:\/\/www.ghostysky.com\/pt\/wp-json\/wp\/v2\/product\/23391","targetHints":{"allow":["GET"]}}],"collection":[{"href":"https:\/\/www.ghostysky.com\/pt\/wp-json\/wp\/v2\/product"}],"about":[{"href":"https:\/\/www.ghostysky.com\/pt\/wp-json\/wp\/v2\/types\/product"}],"replies":[{"embeddable":true,"href":"https:\/\/www.ghostysky.com\/pt\/wp-json\/wp\/v2\/comments?post=23391"}],"version-history":[{"count":0,"href":"https:\/\/www.ghostysky.com\/pt\/wp-json\/wp\/v2\/product\/23391\/revisions"}],"wp:featuredmedia":[{"embeddable":true,"href":"https:\/\/www.ghostysky.com\/pt\/wp-json\/wp\/v2\/media\/23395"}],"wp:attachment":[{"href":"https:\/\/www.ghostysky.com\/pt\/wp-json\/wp\/v2\/media?parent=23391"}],"wp:term":[{"taxonomy":"product_brand","embeddable":true,"href":"https:\/\/www.ghostysky.com\/pt\/wp-json\/wp\/v2\/product_brand?post=23391"},{"taxonomy":"product_cat","embeddable":true,"href":"https:\/\/www.ghostysky.com\/pt\/wp-json\/wp\/v2\/product_cat?post=23391"},{"taxonomy":"product_tag","embeddable":true,"href":"https:\/\/www.ghostysky.com\/pt\/wp-json\/wp\/v2\/product_tag?post=23391"}],"curies":[{"name":"wp","href":"https:\/\/api.w.org\/{rel}","templated":true}]}}