{"id":23396,"date":"2025-11-25T16:59:46","date_gmt":"2025-11-25T16:59:46","guid":{"rendered":"https:\/\/www.ghostysky.com\/?post_type=product&#038;p=23396"},"modified":"2025-11-27T14:50:03","modified_gmt":"2025-11-27T14:50:03","slug":"splashdrone-4-plus-sd4-4500mah-intelligent-battery","status":"publish","type":"product","link":"https:\/\/www.ghostysky.com\/pt\/product\/splashdrone-4-plus-sd4-4500mah-intelligent-battery\/","title":{"rendered":"Bateria inteligente SplashDrone 4 Plus (SD4+) de 4500 mAh"},"content":{"rendered":"<h3>Principais recursos e benef\u00edcios<\/h3>\n<ul data-path-to-node=\"3\">\n<li>\n<p data-path-to-node=\"3,0,0\"><b>Resist\u00eancia otimizada:<\/b><span class=\"citation-73\"> O <\/span><b><span class=\"citation-73\">4500mAh<\/span><\/b><span class=\"citation-73\"> capacidade, <\/span><b><span class=\"citation-73\">6S LiPo<\/span><\/b><span class=\"citation-73\"> A bateria inteligente fornece a energia robusta necess\u00e1ria para atingir at\u00e9 <\/span><b><span class=\"citation-73\">28 minutos<\/span><\/b><span class=\"citation-73 citation-end-73\"> de tempo de voo (em condi\u00e7\u00f5es ideais), dando-lhe mais tempo para busca, salvamento, pesca ou vigil\u00e2ncia.<\/span><\/p>\n<\/li>\n<li>\n<p data-path-to-node=\"3,1,0\"><b>Sistema Integrado de Gerenciamento de Bateria (BMS):<\/b><span class=\"citation-72\"> Um microprocessador interno monitora e gerencia ativamente a sa\u00fade da bateria, garantindo <\/span><b><span class=\"citation-72\">Seguran\u00e7a, durabilidade e desempenho confi\u00e1vel.<\/span><\/b><span class=\"citation-72 citation-end-72\">.<\/span><\/p>\n<ul data-path-to-node=\"3,1,1\">\n<li>\n<p data-path-to-node=\"3,1,1,0,0\"><b>Monitoramento em tempo real:<\/b><span class=\"citation-71 citation-end-71\"> Monitora os n\u00edveis de energia e fornece alertas em tempo real.<\/span><\/p>\n<\/li>\n<li>\n<p data-path-to-node=\"3,1,1,1,0\"><b><span class=\"citation-70\">Prote\u00e7\u00e3o:<\/span><\/b><span class=\"citation-70\"> Recursos integrados <\/span><b><span class=\"citation-70\">Prote\u00e7\u00e3o contra sobrecarga, descarga insuficiente e superaquecimento<\/span><\/b><span class=\"citation-70 citation-end-70\">.<\/span><\/p>\n<\/li>\n<li>\n<p data-path-to-node=\"3,1,1,2,0\"><b>Gest\u00e3o da Sa\u00fade:<\/b><span class=\"citation-69 citation-end-69\"> O carregamento balanceado integrado e a manuten\u00e7\u00e3o inteligente do armazenamento prolongam a vida \u00fatil da bateria.<\/span><\/p>\n<\/li>\n<\/ul>\n<\/li>\n<li>\n<p data-path-to-node=\"3,2,0\"><b>Sa\u00edda de energia est\u00e1vel:<\/b> Com um est\u00e1vel <b>Tens\u00e3o nominal de 25,2 V<\/b>A bateria fornece energia constante aos motores SD4+ e aos sistemas eletr\u00f4nicos, garantindo um voo suave e confi\u00e1vel, mesmo em ambientes desafiadores.<\/p>\n<\/li>\n<li>\n<p data-path-to-node=\"3,3,0\"><b><span class=\"citation-68\">Design de encaixe r\u00e1pido:<\/span><\/b><span class=\"citation-68\"> Projetado para efici\u00eancia, o design sob medida permite <\/span><b><span class=\"citation-68\">Instala\u00e7\u00e3o e substitui\u00e7\u00e3o r\u00e1pidas e sem fios<\/span><\/b><span class=\"citation-68 citation-end-68\">, minimizando o tempo de inatividade e permitindo que voc\u00ea volte a voar rapidamente.<\/span><\/p>\n<\/li>\n<li>\n<p data-path-to-node=\"3,4,0\"><b>Dur\u00e1vel e com ampla gama de aplica\u00e7\u00f5es:<\/b><span class=\"citation-67 citation-end-67\"> Projetado para operar com efici\u00eancia em uma ampla faixa de temperaturas, desde <sup class=\"superscript\" data-turn-source-index=\"9\">9<\/sup><\/span><b><span class=\"math-inline\" data-math=\"-10^\\circ \\text{C}\">$-10^\\circ \\text{C}$<\/span><span class=\"citation-66 citation-end-66\"> para <sup class=\"superscript\" data-turn-source-index=\"10\">10<\/sup><\/span><span class=\"math-inline\" data-math=\"60^\\circ \\text{C}\">$60^\\circ \\text{C}$<\/span><\/b><span class=\"citation-65 citation-end-65\"> (descarga), esta bateria est\u00e1 pronta para ser utilizada em diversos ambientes extremos.<\/span><\/p>\n<div class=\"source-inline-chip-container ng-star-inserted\"><\/div>\n<p>&nbsp;<\/li>\n<\/ul>\n<h3>Especifica\u00e7\u00f5es em resumo<\/h3>\n<table data-path-to-node=\"6\">\n<thead>\n<tr>\n<td><strong>Recurso<\/strong><\/td>\n<td><strong>Detalhe<\/strong><\/td>\n<\/tr>\n<\/thead>\n<tbody>\n<tr>\n<td><span data-path-to-node=\"6,1,0,0\"><b>Capacidade Nominal<\/b><\/span><\/td>\n<td><span data-path-to-node=\"6,1,1,0\"><span class=\"math-inline\" data-math=\"4500 \\text{mAh}\">4500 mAh<\/span><\/span><\/td>\n<\/tr>\n<tr>\n<td><span data-path-to-node=\"6,2,0,0\"><b>Setor da Energia<\/b><\/span><\/td>\n<td><span data-path-to-node=\"6,2,1,0\"><span class=\"math-inline\" data-math=\"99.9 \\text{Wh}\">99,9 Wh<\/span><\/span><\/td>\n<\/tr>\n<tr>\n<td><span data-path-to-node=\"6,3,0,0\"><b>Tipo<\/b><\/span><\/td>\n<td><span data-path-to-node=\"6,3,1,0\">Bateria inteligente 6S LiPo<\/span><\/td>\n<\/tr>\n<tr>\n<td><span data-path-to-node=\"6,4,0,0\"><b>Tens\u00e3o Nominal<\/b><\/span><\/td>\n<td><span data-path-to-node=\"6,4,1,0\"><span class=\"math-inline\" data-math=\"25.2 \\text{V}\">25,2 V<\/span><\/span><\/td>\n<\/tr>\n<tr>\n<td><span data-path-to-node=\"6,5,0,0\"><b>Tempo m\u00e1ximo de voo<\/b><\/span><\/td>\n<td><span data-path-to-node=\"6,5,1,0\">At\u00e9 <span class=\"math-inline\" data-math=\"28 \\text{ minutes}\">28 minutos<\/span><\/span><\/td>\n<\/tr>\n<tr>\n<td><span data-path-to-node=\"6,6,0,0\"><b>Peso<\/b><\/span><\/td>\n<td><span data-path-to-node=\"6,6,1,0\"><span class=\"math-inline\" data-math=\"820 \\text{g}\">820 g<\/span> (<span class=\"math-inline\" data-math=\"\\pm 5 \\text{g}\">+-5g<\/span>)<\/span><\/td>\n<\/tr>\n<tr>\n<td><span data-path-to-node=\"6,7,0,0\"><b>Tempo de carregamento<\/b><\/span><\/td>\n<td><span data-path-to-node=\"6,7,1,0\"><span class=\"math-inline\" data-math=\"\\approx 120 \\text{ minutes}\">aproximadamente 120 minutos<\/span><\/span><\/td>\n<\/tr>\n<tr>\n<td><span data-path-to-node=\"6,8,0,0\"><b>Corrente m\u00e1xima de carregamento<\/b><\/span><\/td>\n<td><span data-path-to-node=\"6,8,1,0\"><span class=\"math-inline\" data-math=\"8 \\text{A}\">8 A<\/span><\/span><\/td>\n<\/tr>\n<tr>\n<td><span data-path-to-node=\"6,9,0,0\"><b>Compatibilidade<\/b><\/span><\/td>\n<td><span data-path-to-node=\"6,9,1,0\">SplashDrone 4 Plus (SD4+)<\/span><\/td>\n<\/tr>\n<\/tbody>\n<\/table>\n<p data-path-to-node=\"7\">N\u00e3o deixe que as limita\u00e7\u00f5es de energia interrompam sua miss\u00e3o. Equipe seu SplashDrone 4 Plus com o <b>Bateria inteligente de 4500 mAh<\/b> e amplie seu alcance, maximize seu tempo de atividade e execute suas tarefas com confian\u00e7a, mesmo nas condi\u00e7\u00f5es mais adversas.<\/p>\n<p data-path-to-node=\"8\">Voc\u00ea gostaria de saber qual \u00e9 o carregador oficial para esta bateria ou onde compr\u00e1-lo?<\/p>","protected":false},"excerpt":{"rendered":"<p><span class=\"citation-75\">Maximize a capacidade operacional do seu drone \u00e0 prova d&#039;\u00e1gua com o design personalizado de alto desempenho. <\/span><b><span class=\"citation-75\">Bateria inteligente SplashDrone 4 Plus (SD4+) de 4500 mAh<\/span><\/b><span class=\"citation-75 citation-end-75\">.<\/span> <span class=\"citation-74 citation-end-74\">Projetada especificamente para a plataforma SD4+, esta fonte de alimenta\u00e7\u00e3o oferece desempenho confi\u00e1vel e consistente para miss\u00f5es mar\u00edtimas exigentes e em quaisquer condi\u00e7\u00f5es clim\u00e1ticas.<\/span><\/p>","protected":false},"featured_media":23400,"comment_status":"open","ping_status":"closed","template":"","meta":[],"product_brand":[1310],"product_cat":[305,278],"product_tag":[1312,279],"class_list":{"0":"post-23396","1":"product","2":"type-product","3":"status-publish","4":"has-post-thumbnail","6":"product_brand-swellpro","7":"product_cat-accessories-swellpro","8":"product_cat-swellpro","9":"product_tag-sd4-accessories","10":"product_tag-swellpro","12":"first","13":"onbackorder","14":"taxable","15":"shipping-taxable","16":"purchasable","17":"product-type-simple"},"yoast_head":"<!-- This site is optimized with the Yoast SEO plugin v27.1.1 - https:\/\/yoast.com\/product\/yoast-seo-wordpress\/ -->\n<title>SplashDrone 4 Plus (SD4+) 4500mAh Intelligent Battery - Ghostysky<\/title>\n<meta name=\"description\" content=\"Maximize the operational capability of your waterproof drone with the high-performance, custom-engineered SplashDrone 4 Plus (SD4+) 4500mAh Intelligent Battery. Designed specifically for the SD4+ platform, this power source delivers reliable, consistent performance for demanding maritime and all-weather missions.\" \/>\n<meta name=\"robots\" content=\"index, follow, max-snippet:-1, max-image-preview:large, max-video-preview:-1\" \/>\n<link rel=\"canonical\" href=\"https:\/\/www.ghostysky.com\/pt\/produto-2\/splashdrone-4-plus-sd4-4500mah-intelligent-battery\/\" \/>\n<meta property=\"og:locale\" content=\"pt_PT\" \/>\n<meta property=\"og:type\" content=\"article\" \/>\n<meta property=\"og:title\" content=\"SplashDrone 4 Plus (SD4+) 4500mAh Intelligent Battery - Ghostysky\" \/>\n<meta property=\"og:description\" content=\"Maximize the operational capability of your waterproof drone with the high-performance, custom-engineered SplashDrone 4 Plus (SD4+) 4500mAh Intelligent Battery. Designed specifically for the SD4+ platform, this power source delivers reliable, consistent performance for demanding maritime and all-weather missions.\" \/>\n<meta property=\"og:url\" content=\"https:\/\/www.ghostysky.com\/pt\/produto-2\/splashdrone-4-plus-sd4-4500mah-intelligent-battery\/\" \/>\n<meta property=\"og:site_name\" content=\"Ghostysky\" \/>\n<meta property=\"article:publisher\" content=\"https:\/\/www.facebook.com\/people\/Ghostysky\/100057676170234\/\" \/>\n<meta property=\"article:modified_time\" content=\"2025-11-27T14:50:03+00:00\" \/>\n<meta property=\"og:image\" content=\"https:\/\/www.ghostysky.com\/wp-content\/uploads\/2025\/11\/GH_SplashDrone-4-Plus-SD4-Drone-4500mAh-Intelligen-Battery_1.webp\" \/>\n\t<meta property=\"og:image:width\" content=\"700\" \/>\n\t<meta property=\"og:image:height\" content=\"700\" \/>\n\t<meta property=\"og:image:type\" content=\"image\/webp\" \/>\n<meta name=\"twitter:card\" content=\"summary_large_image\" \/>\n<meta name=\"twitter:site\" content=\"@Gh0stysky\" \/>\n<meta name=\"twitter:label1\" content=\"Tempo estimado de leitura\" \/>\n\t<meta name=\"twitter:data1\" content=\"2 minutos\" \/>\n<script type=\"application\/ld+json\" class=\"yoast-schema-graph\">{\"@context\":\"https:\/\/schema.org\",\"@graph\":[{\"@type\":\"WebPage\",\"@id\":\"https:\/\/www.ghostysky.com\/product\/splashdrone-4-plus-sd4-4500mah-intelligent-battery\/\",\"url\":\"https:\/\/www.ghostysky.com\/product\/splashdrone-4-plus-sd4-4500mah-intelligent-battery\/\",\"name\":\"SplashDrone 4 Plus (SD4+) 4500mAh Intelligent Battery - Ghostysky\",\"isPartOf\":{\"@id\":\"https:\/\/www.ghostysky.com\/#website\"},\"primaryImageOfPage\":{\"@id\":\"https:\/\/www.ghostysky.com\/product\/splashdrone-4-plus-sd4-4500mah-intelligent-battery\/#primaryimage\"},\"image\":{\"@id\":\"https:\/\/www.ghostysky.com\/product\/splashdrone-4-plus-sd4-4500mah-intelligent-battery\/#primaryimage\"},\"thumbnailUrl\":\"https:\/\/www.ghostysky.com\/wp-content\/uploads\/2025\/11\/GH_SplashDrone-4-Plus-SD4-Drone-4500mAh-Intelligen-Battery_1.webp\",\"datePublished\":\"2025-11-25T16:59:46+00:00\",\"dateModified\":\"2025-11-27T14:50:03+00:00\",\"description\":\"Maximize the operational capability of your waterproof drone with the high-performance, custom-engineered SplashDrone 4 Plus (SD4+) 4500mAh Intelligent Battery. Designed specifically for the SD4+ platform, this power source delivers reliable, consistent performance for demanding maritime and all-weather missions.\",\"breadcrumb\":{\"@id\":\"https:\/\/www.ghostysky.com\/product\/splashdrone-4-plus-sd4-4500mah-intelligent-battery\/#breadcrumb\"},\"inLanguage\":\"pt-PT\",\"potentialAction\":[{\"@type\":\"ReadAction\",\"target\":[\"https:\/\/www.ghostysky.com\/product\/splashdrone-4-plus-sd4-4500mah-intelligent-battery\/\"]}]},{\"@type\":\"ImageObject\",\"inLanguage\":\"pt-PT\",\"@id\":\"https:\/\/www.ghostysky.com\/product\/splashdrone-4-plus-sd4-4500mah-intelligent-battery\/#primaryimage\",\"url\":\"https:\/\/www.ghostysky.com\/wp-content\/uploads\/2025\/11\/GH_SplashDrone-4-Plus-SD4-Drone-4500mAh-Intelligen-Battery_1.webp\",\"contentUrl\":\"https:\/\/www.ghostysky.com\/wp-content\/uploads\/2025\/11\/GH_SplashDrone-4-Plus-SD4-Drone-4500mAh-Intelligen-Battery_1.webp\",\"width\":700,\"height\":700},{\"@type\":\"BreadcrumbList\",\"@id\":\"https:\/\/www.ghostysky.com\/product\/splashdrone-4-plus-sd4-4500mah-intelligent-battery\/#breadcrumb\",\"itemListElement\":[{\"@type\":\"ListItem\",\"position\":1,\"name\":\"Home\",\"item\":\"https:\/\/www.ghostysky.com\/\"},{\"@type\":\"ListItem\",\"position\":2,\"name\":\"Shop\",\"item\":\"https:\/\/www.ghostysky.com\/shop\/\"},{\"@type\":\"ListItem\",\"position\":3,\"name\":\"SplashDrone 4 Plus (SD4+) 4500mAh Intelligent Battery\"}]},{\"@type\":\"WebSite\",\"@id\":\"https:\/\/www.ghostysky.com\/#website\",\"url\":\"https:\/\/www.ghostysky.com\/\",\"name\":\"Ghostysky\",\"description\":\"Delivering professional drones and services\",\"publisher\":{\"@id\":\"https:\/\/www.ghostysky.com\/#organization\"},\"potentialAction\":[{\"@type\":\"SearchAction\",\"target\":{\"@type\":\"EntryPoint\",\"urlTemplate\":\"https:\/\/www.ghostysky.com\/?s={search_term_string}\"},\"query-input\":{\"@type\":\"PropertyValueSpecification\",\"valueRequired\":true,\"valueName\":\"search_term_string\"}}],\"inLanguage\":\"pt-PT\"},{\"@type\":\"Organization\",\"@id\":\"https:\/\/www.ghostysky.com\/#organization\",\"name\":\"Ghostysky\",\"url\":\"https:\/\/www.ghostysky.com\/\",\"logo\":{\"@type\":\"ImageObject\",\"inLanguage\":\"pt-PT\",\"@id\":\"https:\/\/www.ghostysky.com\/#\/schema\/logo\/image\/\",\"url\":\"https:\/\/www.ghostysky.com\/wp-content\/uploads\/2020\/06\/cropped-ghostyskylogo_text_white2.png\",\"contentUrl\":\"https:\/\/www.ghostysky.com\/wp-content\/uploads\/2020\/06\/cropped-ghostyskylogo_text_white2.png\",\"width\":169,\"height\":56,\"caption\":\"Ghostysky\"},\"image\":{\"@id\":\"https:\/\/www.ghostysky.com\/#\/schema\/logo\/image\/\"},\"sameAs\":[\"https:\/\/www.facebook.com\/people\/Ghostysky\/100057676170234\/\",\"https:\/\/x.com\/Gh0stysky\",\"https:\/\/www.linkedin.com\/company\/34739653\",\"https:\/\/www.instagram.com\/gh0stysky\"]}]}<\/script>\n<!-- \/ Yoast SEO plugin. -->","yoast_head_json":{"title":"Bateria Inteligente SplashDrone 4 Plus (SD4+) de 4500mAh - Ghostysky","description":"Maximize a capacidade operacional do seu drone \u00e0 prova d&#039;\u00e1gua com a bateria inteligente SplashDrone 4 Plus (SD4+) de 4500mAh, de alto desempenho e projetada especificamente para a plataforma SD4+. Esta fonte de energia oferece desempenho confi\u00e1vel e consistente para miss\u00f5es mar\u00edtimas exigentes e em todas as condi\u00e7\u00f5es clim\u00e1ticas.","robots":{"index":"index","follow":"follow","max-snippet":"max-snippet:-1","max-image-preview":"max-image-preview:large","max-video-preview":"max-video-preview:-1"},"canonical":"https:\/\/www.ghostysky.com\/pt\/produto-2\/splashdrone-4-plus-sd4-4500mah-intelligent-battery\/","og_locale":"pt_PT","og_type":"article","og_title":"SplashDrone 4 Plus (SD4+) 4500mAh Intelligent Battery - Ghostysky","og_description":"Maximize the operational capability of your waterproof drone with the high-performance, custom-engineered SplashDrone 4 Plus (SD4+) 4500mAh Intelligent Battery. Designed specifically for the SD4+ platform, this power source delivers reliable, consistent performance for demanding maritime and all-weather missions.","og_url":"https:\/\/www.ghostysky.com\/pt\/produto-2\/splashdrone-4-plus-sd4-4500mah-intelligent-battery\/","og_site_name":"Ghostysky","article_publisher":"https:\/\/www.facebook.com\/people\/Ghostysky\/100057676170234\/","article_modified_time":"2025-11-27T14:50:03+00:00","og_image":[{"width":700,"height":700,"url":"https:\/\/www.ghostysky.com\/wp-content\/uploads\/2025\/11\/GH_SplashDrone-4-Plus-SD4-Drone-4500mAh-Intelligen-Battery_1.webp","type":"image\/webp"}],"twitter_card":"summary_large_image","twitter_site":"@Gh0stysky","twitter_misc":{"Tempo estimado de leitura":"2 minutos"},"schema":{"@context":"https:\/\/schema.org","@graph":[{"@type":"WebPage","@id":"https:\/\/www.ghostysky.com\/product\/splashdrone-4-plus-sd4-4500mah-intelligent-battery\/","url":"https:\/\/www.ghostysky.com\/product\/splashdrone-4-plus-sd4-4500mah-intelligent-battery\/","name":"Bateria Inteligente SplashDrone 4 Plus (SD4+) de 4500mAh - Ghostysky","isPartOf":{"@id":"https:\/\/www.ghostysky.com\/#website"},"primaryImageOfPage":{"@id":"https:\/\/www.ghostysky.com\/product\/splashdrone-4-plus-sd4-4500mah-intelligent-battery\/#primaryimage"},"image":{"@id":"https:\/\/www.ghostysky.com\/product\/splashdrone-4-plus-sd4-4500mah-intelligent-battery\/#primaryimage"},"thumbnailUrl":"https:\/\/www.ghostysky.com\/wp-content\/uploads\/2025\/11\/GH_SplashDrone-4-Plus-SD4-Drone-4500mAh-Intelligen-Battery_1.webp","datePublished":"2025-11-25T16:59:46+00:00","dateModified":"2025-11-27T14:50:03+00:00","description":"Maximize a capacidade operacional do seu drone \u00e0 prova d&#039;\u00e1gua com a bateria inteligente SplashDrone 4 Plus (SD4+) de 4500mAh, de alto desempenho e projetada especificamente para a plataforma SD4+. Esta fonte de energia oferece desempenho confi\u00e1vel e consistente para miss\u00f5es mar\u00edtimas exigentes e em todas as condi\u00e7\u00f5es clim\u00e1ticas.","breadcrumb":{"@id":"https:\/\/www.ghostysky.com\/product\/splashdrone-4-plus-sd4-4500mah-intelligent-battery\/#breadcrumb"},"inLanguage":"pt-PT","potentialAction":[{"@type":"ReadAction","target":["https:\/\/www.ghostysky.com\/product\/splashdrone-4-plus-sd4-4500mah-intelligent-battery\/"]}]},{"@type":"ImageObject","inLanguage":"pt-PT","@id":"https:\/\/www.ghostysky.com\/product\/splashdrone-4-plus-sd4-4500mah-intelligent-battery\/#primaryimage","url":"https:\/\/www.ghostysky.com\/wp-content\/uploads\/2025\/11\/GH_SplashDrone-4-Plus-SD4-Drone-4500mAh-Intelligen-Battery_1.webp","contentUrl":"https:\/\/www.ghostysky.com\/wp-content\/uploads\/2025\/11\/GH_SplashDrone-4-Plus-SD4-Drone-4500mAh-Intelligen-Battery_1.webp","width":700,"height":700},{"@type":"BreadcrumbList","@id":"https:\/\/www.ghostysky.com\/product\/splashdrone-4-plus-sd4-4500mah-intelligent-battery\/#breadcrumb","itemListElement":[{"@type":"ListItem","position":1,"name":"Home","item":"https:\/\/www.ghostysky.com\/"},{"@type":"ListItem","position":2,"name":"Shop","item":"https:\/\/www.ghostysky.com\/shop\/"},{"@type":"ListItem","position":3,"name":"SplashDrone 4 Plus (SD4+) 4500mAh Intelligent Battery"}]},{"@type":"WebSite","@id":"https:\/\/www.ghostysky.com\/#website","url":"https:\/\/www.ghostysky.com\/","name":"Ghostysky","description":"Fornecendo drones e servi\u00e7os profissionais","publisher":{"@id":"https:\/\/www.ghostysky.com\/#organization"},"potentialAction":[{"@type":"SearchAction","target":{"@type":"EntryPoint","urlTemplate":"https:\/\/www.ghostysky.com\/?s={search_term_string}"},"query-input":{"@type":"PropertyValueSpecification","valueRequired":true,"valueName":"search_term_string"}}],"inLanguage":"pt-PT"},{"@type":"Organization","@id":"https:\/\/www.ghostysky.com\/#organization","name":"Ghostysky","url":"https:\/\/www.ghostysky.com\/","logo":{"@type":"ImageObject","inLanguage":"pt-PT","@id":"https:\/\/www.ghostysky.com\/#\/schema\/logo\/image\/","url":"https:\/\/www.ghostysky.com\/wp-content\/uploads\/2020\/06\/cropped-ghostyskylogo_text_white2.png","contentUrl":"https:\/\/www.ghostysky.com\/wp-content\/uploads\/2020\/06\/cropped-ghostyskylogo_text_white2.png","width":169,"height":56,"caption":"Ghostysky"},"image":{"@id":"https:\/\/www.ghostysky.com\/#\/schema\/logo\/image\/"},"sameAs":["https:\/\/www.facebook.com\/people\/Ghostysky\/100057676170234\/","https:\/\/x.com\/Gh0stysky","https:\/\/www.linkedin.com\/company\/34739653","https:\/\/www.instagram.com\/gh0stysky"]}]}},"_links":{"self":[{"href":"https:\/\/www.ghostysky.com\/pt\/wp-json\/wp\/v2\/product\/23396","targetHints":{"allow":["GET"]}}],"collection":[{"href":"https:\/\/www.ghostysky.com\/pt\/wp-json\/wp\/v2\/product"}],"about":[{"href":"https:\/\/www.ghostysky.com\/pt\/wp-json\/wp\/v2\/types\/product"}],"replies":[{"embeddable":true,"href":"https:\/\/www.ghostysky.com\/pt\/wp-json\/wp\/v2\/comments?post=23396"}],"wp:featuredmedia":[{"embeddable":true,"href":"https:\/\/www.ghostysky.com\/pt\/wp-json\/wp\/v2\/media\/23400"}],"wp:attachment":[{"href":"https:\/\/www.ghostysky.com\/pt\/wp-json\/wp\/v2\/media?parent=23396"}],"wp:term":[{"taxonomy":"product_brand","embeddable":true,"href":"https:\/\/www.ghostysky.com\/pt\/wp-json\/wp\/v2\/product_brand?post=23396"},{"taxonomy":"product_cat","embeddable":true,"href":"https:\/\/www.ghostysky.com\/pt\/wp-json\/wp\/v2\/product_cat?post=23396"},{"taxonomy":"product_tag","embeddable":true,"href":"https:\/\/www.ghostysky.com\/pt\/wp-json\/wp\/v2\/product_tag?post=23396"}],"curies":[{"name":"wp","href":"https:\/\/api.w.org\/{rel}","templated":true}]}}