{"id":23408,"date":"2025-11-26T10:50:08","date_gmt":"2025-11-26T10:50:08","guid":{"rendered":"https:\/\/www.ghostysky.com\/?post_type=product&#038;p=23408"},"modified":"2025-11-26T10:50:27","modified_gmt":"2025-11-26T10:50:27","slug":"geosun-gs-200g","status":"publish","type":"product","link":"https:\/\/www.ghostysky.com\/pt\/product\/geosun-gs-200g\/","title":{"rendered":"Geosun GS-200G"},"content":{"rendered":"<h4>Caracter\u00edsticas principais<\/h4>\n<ul data-path-to-node=\"6\">\n<li>\n<p data-path-to-node=\"6,0,0\"><b><span class=\"citation-30\">Ultraleve e port\u00e1til:<\/span><\/b><span class=\"citation-30\"> Pesando apenas <\/span><b><span class=\"citation-30\">1,0 kg<\/span><\/b><span class=\"citation-30 citation-end-30\">Seu tamanho compacto torna-o excepcionalmente f\u00e1cil de manusear por per\u00edodos prolongados e de implantar em \u00e1reas de dif\u00edcil acesso.<\/span><\/p>\n<\/li>\n<li>\n<p data-path-to-node=\"6,1,0\"><b><span class=\"citation-29\">Tecnologia SLAM de alta precis\u00e3o:<\/span><\/b><span class=\"citation-29\"> Alimentado por tecnologia avan\u00e7ada <\/span><b><span class=\"citation-29\">SLAM (Localiza\u00e7\u00e3o e Mapeamento Simult\u00e2neos)<\/span><\/b><span class=\"citation-29\"> algoritmos e o <\/span><b><span class=\"citation-29\">Livox Mid-360<\/span><\/b><span class=\"citation-29 citation-end-29\"> Com um sensor a laser, ele captura nuvens de pontos 3D com cobertura total, alta estabilidade e precis\u00e3o.<\/span><\/p>\n<\/li>\n<li>\n<p data-path-to-node=\"6,2,0\"><b>Versatilidade para ambientes internos e externos:<\/b><span class=\"citation-28\"> Ele oferece aquisi\u00e7\u00e3o de dados confi\u00e1vel e precisa em ambos os casos. <\/span><b><span class=\"citation-28\">GNSS dispon\u00edvel<\/span><\/b><span class=\"citation-28\"> (GPS, GLONASS, Galileo, BDS) e <\/span><b><span class=\"citation-28\">GNSS negado<\/span><\/b><span class=\"citation-28 citation-end-28\"> ambientes, como espa\u00e7os internos, estacionamentos subterr\u00e2neos e densos c\u00e2nions urbanos.<\/span><\/p>\n<\/li>\n<li>\n<p data-path-to-node=\"6,3,0\"><b>Alta precis\u00e3o:<\/b><span class=\"citation-27 citation-end-27\"> Obtenha uma qualidade de medi\u00e7\u00e3o excepcional com uma precis\u00e3o relativa de <\/span><span class=\"math-inline\" data-math=\"\\le 1 \\text{ cm}\">\u00a01 cm<\/span><span class=\"citation-26 citation-end-26\"> e uma precis\u00e3o absoluta de<\/span><span class=\"math-inline\" data-math=\"\\le 5 \\text{ cm}\"> 5 cm<\/span><span class=\"citation-25 citation-end-25\">.<\/span><\/p>\n<\/li>\n<li>\n<p data-path-to-node=\"6,4,0\"><b>Imagens Integradas:<\/b><span class=\"citation-24\"> Equipado com <\/span><b><span class=\"citation-24\">duas c\u00e2meras de 20 MP<\/span><\/b><span class=\"citation-24 citation-end-24\"> que capturam imagens sincronizadas no tempo com um <\/span><span class=\"math-inline\" data-math=\"200^\\circ\">200\u00ba<\/span><span class=\"citation-23 citation-end-23\"> Campo de vis\u00e3o (FOV) para criar nuvens de pontos coloridas.<\/span><\/p>\n<\/li>\n<li>\n<p data-path-to-node=\"6,5,0\"><b>Modos de mapeamento flex\u00edveis:<\/b><span class=\"citation-22\"> Suporta m\u00faltiplos modos de opera\u00e7\u00e3o, incluindo <\/span><b><span class=\"citation-22\">SLAM, RTK-SLAM e PPK-SLAM<\/span><\/b><span class=\"citation-22 citation-end-22\"> Para m\u00e1xima flexibilidade e efici\u00eancia.<\/span><\/p>\n<\/li>\n<li>\n<p data-path-to-node=\"6,6,0\"><b><span class=\"citation-21\">Suporte multiplataforma:<\/span><\/b><span class=\"citation-21\"> Embora projetado como um sistema port\u00e1til, ele tamb\u00e9m pode ser montado em um <\/span><b><span class=\"citation-21\">mochila<\/span><\/b><span class=\"citation-21\"> ou outro <\/span><b><span class=\"citation-21\">Plataformas de fa\u00e7a voc\u00ea mesmo<\/span><\/b><span class=\"citation-21 citation-end-21\"> Para atender \u00e0s diversas necessidades do projeto.<\/span><\/p>\n<\/li>\n<\/ul>\n<h4><\/h4>\n<h4>Principais especifica\u00e7\u00f5es t\u00e9cnicas<\/h4>\n<table data-path-to-node=\"8\">\n<thead>\n<tr>\n<td><strong>Atributo<\/strong><\/td>\n<td><strong>Detalhe<\/strong><\/td>\n<\/tr>\n<\/thead>\n<tbody>\n<tr>\n<td><span data-path-to-node=\"8,1,0,0\"><b>Peso<\/b><\/span><\/td>\n<td><span data-path-to-node=\"8,1,1,0\"><span class=\"math-inline\" data-math=\"1.0 \\text{ kg}\">1,0 kg<\/span><\/span><\/td>\n<\/tr>\n<tr>\n<td><span data-path-to-node=\"8,2,0,0\"><b>Dimens\u00f5es<\/b><\/span><\/td>\n<td><span data-path-to-node=\"8,2,1,0\"><span class=\"math-inline\" data-math=\"16.5 \\times 12.0 \\times 32.4 \\text{ cm}\">16,5 x 12,0 x 32,4 cm<\/span><\/span><\/td>\n<\/tr>\n<tr>\n<td><span data-path-to-node=\"8,3,0,0\"><b>Precis\u00e3o Relativa<\/b><\/span><\/td>\n<td><span data-path-to-node=\"8,3,1,0\"><span class=\"math-inline\" data-math=\"\\le 1 \\text{ cm}\">\u00a0+- 1 cm<\/span><\/span><\/td>\n<\/tr>\n<tr>\n<td><span data-path-to-node=\"8,4,0,0\"><b>Precis\u00e3o absoluta<\/b><\/span><\/td>\n<td><span data-path-to-node=\"8,4,1,0\"><span class=\"math-inline\" data-math=\"\\le 5 \\text{ cm}\">\u00a0+- 5 cm<\/span><\/span><\/td>\n<\/tr>\n<tr>\n<td><span data-path-to-node=\"8,5,0,0\"><b>Taxa de pontos<\/b><\/span><\/td>\n<td><span data-path-to-node=\"8,5,1,0\"><span class=\"math-inline\" data-math=\"200,000 \\text{ points\/sec}\">200.000 pontos\/seg<\/span>\u00a0(Eco \u00fanico)<\/span><\/td>\n<\/tr>\n<tr>\n<td><span data-path-to-node=\"8,6,0,0\"><b>M\u00e9todo de digitaliza\u00e7\u00e3o<\/b><\/span><\/td>\n<td><span data-path-to-node=\"8,6,1,0\">Varredura n\u00e3o repetitiva<\/span><\/td>\n<\/tr>\n<tr>\n<td><span data-path-to-node=\"8,7,0,0\"><b>Campo de vis\u00e3o horizontal<\/b><\/span><\/td>\n<td><span data-path-to-node=\"8,7,1,0\"><span class=\"math-inline\" data-math=\"360^\\circ\">360\u00ba<\/span><\/span><\/td>\n<\/tr>\n<tr>\n<td><span data-path-to-node=\"8,8,0,0\"><b>Pixels da c\u00e2mera<\/b><\/span><\/td>\n<td><span data-path-to-node=\"8,8,1,0\"><span class=\"math-inline\" data-math=\"2 \\times 20 \\text{ MP}\">2 x 20 MP<\/span><\/span><\/td>\n<\/tr>\n<tr>\n<td><span data-path-to-node=\"8,9,0,0\"><b>Armazenamento<\/b><\/span><\/td>\n<td><span data-path-to-node=\"8,9,1,0\"><span class=\"math-inline\" data-math=\"128 \\text{ GB}\">128 GB <\/span>Cart\u00e3o MicroSD<\/span><\/td>\n<\/tr>\n<tr>\n<td><span data-path-to-node=\"8,10,0,0\"><b>Temperatura de opera\u00e7\u00e3o.<\/b><\/span><\/td>\n<td><span data-path-to-node=\"8,10,1,0\"><span class=\"math-inline\" data-math=\"-20^\\circ \\text{C} \\text{ to } +55^\\circ \\text{C}\">-20 \u00baC a + 55 \u00baC<\/span><\/span><\/td>\n<\/tr>\n<\/tbody>\n<\/table>\n<h3><\/h3>\n<h3>Aplica\u00e7\u00f5es ideais<\/h3>\n<p data-path-to-node=\"10\">O GS-200G foi projetado para uma ampla gama de aplica\u00e7\u00f5es profissionais, incluindo:<\/p>\n<ul data-path-to-node=\"11\">\n<li>\n<p data-path-to-node=\"11,0,0\"><b>Levantamento e mapeamento urbano<\/b><\/p>\n<\/li>\n<li>\n<p data-path-to-node=\"11,1,0\"><b><span class=\"citation-20\">Inspe\u00e7\u00e3o de Infraestrutura<\/span><\/b><span class=\"citation-20 citation-end-20\"> (Pontes, t\u00faneis, estradas)<\/span><\/p>\n<\/li>\n<li>\n<p data-path-to-node=\"11,2,0\"><b><span class=\"citation-19\">Modelagem de G\u00eameos Digitais<\/span><\/b><span class=\"citation-19 citation-end-19\"> e Gest\u00e3o de Ativos<\/span><\/p>\n<\/li>\n<li>\n<p data-path-to-node=\"11,3,0\"><b><span class=\"citation-18\">Mapeamento de interiores<\/span><\/b><span class=\"citation-18 citation-end-18\"> (F\u00e1bricas, Edif\u00edcios, Armaz\u00e9ns)<\/span><\/p>\n<\/li>\n<li>\n<p data-path-to-node=\"11,4,0\"><b>Levantamento Topogr\u00e1fico<\/b> e Medi\u00e7\u00e3o de Movimenta\u00e7\u00e3o de Terraplenagem<\/p>\n<\/li>\n<li>\n<p data-path-to-node=\"11,5,0\"><b>Prospec\u00e7\u00e3o de cavernas e ambientes subterr\u00e2neos<\/b><\/p>\n<\/li>\n<\/ul>\n<p data-path-to-node=\"12\"><span class=\"citation-17\">O Geosun GS-200G oferece um equil\u00edbrio excepcional de <\/span><b><span class=\"citation-17\">custo, desempenho e portabilidade<\/span><\/b><span class=\"citation-17 citation-end-17\">, tornando-o o sistema perfeito para iniciantes ou como sistema secund\u00e1rio para profissionais modernos de levantamento e mapeamento 3D.<\/span><\/p>","protected":false},"excerpt":{"rendered":"<p><span class=\"citation-32\">O <\/span><b><span class=\"citation-32\">Geosun GS-200G<\/span><\/b><span class=\"citation-32 citation-end-32\"> \u00c9 um sistema LiDAR port\u00e1til de \u00faltima gera\u00e7\u00e3o e alto desempenho, projetado para trazer precis\u00e3o e mobilidade aos seus projetos de mapeamento.<\/span> <span class=\"citation-31 citation-end-31\">Com um design ultraleve e compacto, o GS-200G \u00e9 a ferramenta ideal para profissionais que buscam dados de nuvem de pontos 3D de alta precis\u00e3o em praticamente qualquer ambiente.<\/span><\/p>","protected":false},"featured_media":23060,"comment_status":"open","ping_status":"closed","template":"","meta":[],"product_brand":[1280],"product_cat":[650,705],"product_tag":[651,1279,1313,653,401],"class_list":{"0":"post-23408","1":"product","2":"type-product","3":"status-publish","4":"has-post-thumbnail","6":"product_brand-geosun","7":"product_cat-geosun","8":"product_cat-sensors","9":"product_tag-geosun","10":"product_tag-geosun-slam","11":"product_tag-gs-200g","12":"product_tag-handheld-lidar-scanner","13":"product_tag-lidar","15":"first","16":"onbackorder","17":"taxable","18":"shipping-taxable","19":"product-type-simple"},"yoast_head":"<!-- This site is optimized with the Yoast SEO plugin v27.1.1 - https:\/\/yoast.com\/product\/yoast-seo-wordpress\/ -->\n<title>Geosun GS-200G - Ghostysky<\/title>\n<meta name=\"description\" content=\"The Geosun GS-200G is a next-generation, high-performance handheld LiDAR system designed to bring precision and mobility to your mapping projects. Featuring an ultra-lightweight and compact design, the GS-200G is the ideal tool for professionals seeking high-accuracy 3D point cloud data in virtually any environment.\" \/>\n<meta name=\"robots\" content=\"index, follow, max-snippet:-1, max-image-preview:large, max-video-preview:-1\" \/>\n<link rel=\"canonical\" href=\"https:\/\/www.ghostysky.com\/pt\/produto-2\/geosun-gs-200g\/\" \/>\n<meta property=\"og:locale\" content=\"pt_PT\" \/>\n<meta property=\"og:type\" content=\"article\" \/>\n<meta property=\"og:title\" content=\"Geosun GS-200G - Ghostysky\" \/>\n<meta property=\"og:description\" content=\"The Geosun GS-200G is a next-generation, high-performance handheld LiDAR system designed to bring precision and mobility to your mapping projects. Featuring an ultra-lightweight and compact design, the GS-200G is the ideal tool for professionals seeking high-accuracy 3D point cloud data in virtually any environment.\" \/>\n<meta property=\"og:url\" content=\"https:\/\/www.ghostysky.com\/pt\/produto-2\/geosun-gs-200g\/\" \/>\n<meta property=\"og:site_name\" content=\"Ghostysky\" \/>\n<meta property=\"article:publisher\" content=\"https:\/\/www.facebook.com\/people\/Ghostysky\/100057676170234\/\" \/>\n<meta property=\"article:modified_time\" content=\"2025-11-26T10:50:27+00:00\" \/>\n<meta property=\"og:image\" content=\"https:\/\/www.ghostysky.com\/wp-content\/uploads\/2025\/11\/GH_Geosun_GS200G_1.webp\" \/>\n\t<meta property=\"og:image:width\" content=\"800\" \/>\n\t<meta property=\"og:image:height\" content=\"800\" \/>\n\t<meta property=\"og:image:type\" content=\"image\/webp\" \/>\n<meta name=\"twitter:card\" content=\"summary_large_image\" \/>\n<meta name=\"twitter:site\" content=\"@Gh0stysky\" \/>\n<meta name=\"twitter:label1\" content=\"Tempo estimado de leitura\" \/>\n\t<meta name=\"twitter:data1\" content=\"2 minutos\" \/>\n<script type=\"application\/ld+json\" class=\"yoast-schema-graph\">{\"@context\":\"https:\/\/schema.org\",\"@graph\":[{\"@type\":\"WebPage\",\"@id\":\"https:\/\/www.ghostysky.com\/product\/geosun-gs-200g\/\",\"url\":\"https:\/\/www.ghostysky.com\/product\/geosun-gs-200g\/\",\"name\":\"Geosun GS-200G - Ghostysky\",\"isPartOf\":{\"@id\":\"https:\/\/www.ghostysky.com\/#website\"},\"primaryImageOfPage\":{\"@id\":\"https:\/\/www.ghostysky.com\/product\/geosun-gs-200g\/#primaryimage\"},\"image\":{\"@id\":\"https:\/\/www.ghostysky.com\/product\/geosun-gs-200g\/#primaryimage\"},\"thumbnailUrl\":\"https:\/\/www.ghostysky.com\/wp-content\/uploads\/2025\/11\/GH_Geosun_GS200G_1.webp\",\"datePublished\":\"2025-11-26T10:50:08+00:00\",\"dateModified\":\"2025-11-26T10:50:27+00:00\",\"description\":\"The Geosun GS-200G is a next-generation, high-performance handheld LiDAR system designed to bring precision and mobility to your mapping projects. Featuring an ultra-lightweight and compact design, the GS-200G is the ideal tool for professionals seeking high-accuracy 3D point cloud data in virtually any environment.\",\"breadcrumb\":{\"@id\":\"https:\/\/www.ghostysky.com\/product\/geosun-gs-200g\/#breadcrumb\"},\"inLanguage\":\"pt-PT\",\"potentialAction\":[{\"@type\":\"ReadAction\",\"target\":[\"https:\/\/www.ghostysky.com\/product\/geosun-gs-200g\/\"]}]},{\"@type\":\"ImageObject\",\"inLanguage\":\"pt-PT\",\"@id\":\"https:\/\/www.ghostysky.com\/product\/geosun-gs-200g\/#primaryimage\",\"url\":\"https:\/\/www.ghostysky.com\/wp-content\/uploads\/2025\/11\/GH_Geosun_GS200G_1.webp\",\"contentUrl\":\"https:\/\/www.ghostysky.com\/wp-content\/uploads\/2025\/11\/GH_Geosun_GS200G_1.webp\",\"width\":800,\"height\":800},{\"@type\":\"BreadcrumbList\",\"@id\":\"https:\/\/www.ghostysky.com\/product\/geosun-gs-200g\/#breadcrumb\",\"itemListElement\":[{\"@type\":\"ListItem\",\"position\":1,\"name\":\"Home\",\"item\":\"https:\/\/www.ghostysky.com\/\"},{\"@type\":\"ListItem\",\"position\":2,\"name\":\"Shop\",\"item\":\"https:\/\/www.ghostysky.com\/shop\/\"},{\"@type\":\"ListItem\",\"position\":3,\"name\":\"Geosun GS-200G\"}]},{\"@type\":\"WebSite\",\"@id\":\"https:\/\/www.ghostysky.com\/#website\",\"url\":\"https:\/\/www.ghostysky.com\/\",\"name\":\"Ghostysky\",\"description\":\"Delivering professional drones and services\",\"publisher\":{\"@id\":\"https:\/\/www.ghostysky.com\/#organization\"},\"potentialAction\":[{\"@type\":\"SearchAction\",\"target\":{\"@type\":\"EntryPoint\",\"urlTemplate\":\"https:\/\/www.ghostysky.com\/?s={search_term_string}\"},\"query-input\":{\"@type\":\"PropertyValueSpecification\",\"valueRequired\":true,\"valueName\":\"search_term_string\"}}],\"inLanguage\":\"pt-PT\"},{\"@type\":\"Organization\",\"@id\":\"https:\/\/www.ghostysky.com\/#organization\",\"name\":\"Ghostysky\",\"url\":\"https:\/\/www.ghostysky.com\/\",\"logo\":{\"@type\":\"ImageObject\",\"inLanguage\":\"pt-PT\",\"@id\":\"https:\/\/www.ghostysky.com\/#\/schema\/logo\/image\/\",\"url\":\"https:\/\/www.ghostysky.com\/wp-content\/uploads\/2020\/06\/cropped-ghostyskylogo_text_white2.png\",\"contentUrl\":\"https:\/\/www.ghostysky.com\/wp-content\/uploads\/2020\/06\/cropped-ghostyskylogo_text_white2.png\",\"width\":169,\"height\":56,\"caption\":\"Ghostysky\"},\"image\":{\"@id\":\"https:\/\/www.ghostysky.com\/#\/schema\/logo\/image\/\"},\"sameAs\":[\"https:\/\/www.facebook.com\/people\/Ghostysky\/100057676170234\/\",\"https:\/\/x.com\/Gh0stysky\",\"https:\/\/www.linkedin.com\/company\/34739653\",\"https:\/\/www.instagram.com\/gh0stysky\"]}]}<\/script>\n<!-- \/ Yoast SEO plugin. -->","yoast_head_json":{"title":"Geosun GS-200G - Ghostysky","description":"O Geosun GS-200G \u00e9 um sistema LiDAR port\u00e1til de \u00faltima gera\u00e7\u00e3o e alto desempenho, projetado para trazer precis\u00e3o e mobilidade aos seus projetos de mapeamento. Com um design ultraleve e compacto, o GS-200G \u00e9 a ferramenta ideal para profissionais que buscam dados de nuvem de pontos 3D de alta precis\u00e3o em praticamente qualquer ambiente.","robots":{"index":"index","follow":"follow","max-snippet":"max-snippet:-1","max-image-preview":"max-image-preview:large","max-video-preview":"max-video-preview:-1"},"canonical":"https:\/\/www.ghostysky.com\/pt\/produto-2\/geosun-gs-200g\/","og_locale":"pt_PT","og_type":"article","og_title":"Geosun GS-200G - Ghostysky","og_description":"The Geosun GS-200G is a next-generation, high-performance handheld LiDAR system designed to bring precision and mobility to your mapping projects. Featuring an ultra-lightweight and compact design, the GS-200G is the ideal tool for professionals seeking high-accuracy 3D point cloud data in virtually any environment.","og_url":"https:\/\/www.ghostysky.com\/pt\/produto-2\/geosun-gs-200g\/","og_site_name":"Ghostysky","article_publisher":"https:\/\/www.facebook.com\/people\/Ghostysky\/100057676170234\/","article_modified_time":"2025-11-26T10:50:27+00:00","og_image":[{"width":800,"height":800,"url":"https:\/\/www.ghostysky.com\/wp-content\/uploads\/2025\/11\/GH_Geosun_GS200G_1.webp","type":"image\/webp"}],"twitter_card":"summary_large_image","twitter_site":"@Gh0stysky","twitter_misc":{"Tempo estimado de leitura":"2 minutos"},"schema":{"@context":"https:\/\/schema.org","@graph":[{"@type":"WebPage","@id":"https:\/\/www.ghostysky.com\/product\/geosun-gs-200g\/","url":"https:\/\/www.ghostysky.com\/product\/geosun-gs-200g\/","name":"Geosun GS-200G - Ghostysky","isPartOf":{"@id":"https:\/\/www.ghostysky.com\/#website"},"primaryImageOfPage":{"@id":"https:\/\/www.ghostysky.com\/product\/geosun-gs-200g\/#primaryimage"},"image":{"@id":"https:\/\/www.ghostysky.com\/product\/geosun-gs-200g\/#primaryimage"},"thumbnailUrl":"https:\/\/www.ghostysky.com\/wp-content\/uploads\/2025\/11\/GH_Geosun_GS200G_1.webp","datePublished":"2025-11-26T10:50:08+00:00","dateModified":"2025-11-26T10:50:27+00:00","description":"O Geosun GS-200G \u00e9 um sistema LiDAR port\u00e1til de \u00faltima gera\u00e7\u00e3o e alto desempenho, projetado para trazer precis\u00e3o e mobilidade aos seus projetos de mapeamento. Com um design ultraleve e compacto, o GS-200G \u00e9 a ferramenta ideal para profissionais que buscam dados de nuvem de pontos 3D de alta precis\u00e3o em praticamente qualquer ambiente.","breadcrumb":{"@id":"https:\/\/www.ghostysky.com\/product\/geosun-gs-200g\/#breadcrumb"},"inLanguage":"pt-PT","potentialAction":[{"@type":"ReadAction","target":["https:\/\/www.ghostysky.com\/product\/geosun-gs-200g\/"]}]},{"@type":"ImageObject","inLanguage":"pt-PT","@id":"https:\/\/www.ghostysky.com\/product\/geosun-gs-200g\/#primaryimage","url":"https:\/\/www.ghostysky.com\/wp-content\/uploads\/2025\/11\/GH_Geosun_GS200G_1.webp","contentUrl":"https:\/\/www.ghostysky.com\/wp-content\/uploads\/2025\/11\/GH_Geosun_GS200G_1.webp","width":800,"height":800},{"@type":"BreadcrumbList","@id":"https:\/\/www.ghostysky.com\/product\/geosun-gs-200g\/#breadcrumb","itemListElement":[{"@type":"ListItem","position":1,"name":"Home","item":"https:\/\/www.ghostysky.com\/"},{"@type":"ListItem","position":2,"name":"Shop","item":"https:\/\/www.ghostysky.com\/shop\/"},{"@type":"ListItem","position":3,"name":"Geosun GS-200G"}]},{"@type":"WebSite","@id":"https:\/\/www.ghostysky.com\/#website","url":"https:\/\/www.ghostysky.com\/","name":"Ghostysky","description":"Fornecendo drones e servi\u00e7os profissionais","publisher":{"@id":"https:\/\/www.ghostysky.com\/#organization"},"potentialAction":[{"@type":"SearchAction","target":{"@type":"EntryPoint","urlTemplate":"https:\/\/www.ghostysky.com\/?s={search_term_string}"},"query-input":{"@type":"PropertyValueSpecification","valueRequired":true,"valueName":"search_term_string"}}],"inLanguage":"pt-PT"},{"@type":"Organization","@id":"https:\/\/www.ghostysky.com\/#organization","name":"Ghostysky","url":"https:\/\/www.ghostysky.com\/","logo":{"@type":"ImageObject","inLanguage":"pt-PT","@id":"https:\/\/www.ghostysky.com\/#\/schema\/logo\/image\/","url":"https:\/\/www.ghostysky.com\/wp-content\/uploads\/2020\/06\/cropped-ghostyskylogo_text_white2.png","contentUrl":"https:\/\/www.ghostysky.com\/wp-content\/uploads\/2020\/06\/cropped-ghostyskylogo_text_white2.png","width":169,"height":56,"caption":"Ghostysky"},"image":{"@id":"https:\/\/www.ghostysky.com\/#\/schema\/logo\/image\/"},"sameAs":["https:\/\/www.facebook.com\/people\/Ghostysky\/100057676170234\/","https:\/\/x.com\/Gh0stysky","https:\/\/www.linkedin.com\/company\/34739653","https:\/\/www.instagram.com\/gh0stysky"]}]}},"_links":{"self":[{"href":"https:\/\/www.ghostysky.com\/pt\/wp-json\/wp\/v2\/product\/23408","targetHints":{"allow":["GET"]}}],"collection":[{"href":"https:\/\/www.ghostysky.com\/pt\/wp-json\/wp\/v2\/product"}],"about":[{"href":"https:\/\/www.ghostysky.com\/pt\/wp-json\/wp\/v2\/types\/product"}],"replies":[{"embeddable":true,"href":"https:\/\/www.ghostysky.com\/pt\/wp-json\/wp\/v2\/comments?post=23408"}],"wp:featuredmedia":[{"embeddable":true,"href":"https:\/\/www.ghostysky.com\/pt\/wp-json\/wp\/v2\/media\/23060"}],"wp:attachment":[{"href":"https:\/\/www.ghostysky.com\/pt\/wp-json\/wp\/v2\/media?parent=23408"}],"wp:term":[{"taxonomy":"product_brand","embeddable":true,"href":"https:\/\/www.ghostysky.com\/pt\/wp-json\/wp\/v2\/product_brand?post=23408"},{"taxonomy":"product_cat","embeddable":true,"href":"https:\/\/www.ghostysky.com\/pt\/wp-json\/wp\/v2\/product_cat?post=23408"},{"taxonomy":"product_tag","embeddable":true,"href":"https:\/\/www.ghostysky.com\/pt\/wp-json\/wp\/v2\/product_tag?post=23408"}],"curies":[{"name":"wp","href":"https:\/\/api.w.org\/{rel}","templated":true}]}}