{"id":2353,"date":"2021-08-15T10:46:07","date_gmt":"2021-08-15T10:46:07","guid":{"rendered":"https:\/\/www.ghostysky.com\/?post_type=product&#038;p=2353"},"modified":"2024-11-10T17:24:47","modified_gmt":"2024-11-10T17:24:47","slug":"wingtraone-position-lights","status":"publish","type":"product","link":"https:\/\/www.ghostysky.com\/pt\/product\/wingtraone-position-lights\/","title":{"rendered":"Luzes de posi\u00e7\u00e3o WingtraOne"},"content":{"rendered":"<p>As luzes de posi\u00e7\u00e3o LED sem fio, verde e vermelha, podem aumentar a visibilidade do drone no ar. Como complemento opcional, s\u00e3o fixados com velcro na ponta da asa direita e esquerda. Totalmente fixas firmemente ao longo do v\u00f4o, podem ser facilmente removidas a qualquer momento. As luzes podem ser configuradas para piscar em tr\u00eas padr\u00f5es diferentes e s\u00e3o carregadas com um micro USB.<br \/>\nSe n\u00e3o for necess\u00e1rio ter luzes no seu pa\u00eds e\/ou para o seu caso de uso, pode continuar a usar o WingtraOne sem luzes de posi\u00e7\u00e3o, \u00e9 totalmente opcional.<\/p>\n<p>As luzes podem ajudar o operador a determinar a posi\u00e7\u00e3o e a dire\u00e7\u00e3o do voo do WingtraOne. S\u00e3o particularmente eficazes em condi\u00e7\u00f5es climat\u00e9ricas de nebulosidade e de baixa luminosidade. Em algumas circunst\u00e2ncias aumentam a linha de vis\u00e3o m\u00e1xima ao drone. Aumentando a visibilidade ao drone nestas  condi\u00e7\u00f5es permite aumentar a seguran\u00e7a das opera\u00e7\u00f5es.<\/p>","protected":false},"excerpt":{"rendered":"<p><strong>Par de luzes de posi\u00e7\u00e3o para o WingtraOne(1 X VERMELHO, 1 X VERDE).<\/strong><\/p>","protected":false},"featured_media":2354,"comment_status":"open","ping_status":"closed","template":"","meta":[],"product_brand":[],"product_cat":[29,163,36],"product_tag":[70,164,39],"class_list":{"0":"post-2353","1":"product","2":"type-product","3":"status-publish","4":"has-post-thumbnail","6":"product_cat-drones","7":"product_cat-parts","8":"product_cat-wingtraone","9":"product_tag-drone-parts","10":"product_tag-lights","11":"product_tag-wingtra","13":"first","14":"instock","15":"taxable","16":"shipping-taxable","17":"product-type-simple"},"yoast_head":"<!-- This site is optimized with the Yoast SEO plugin v27.1.1 - https:\/\/yoast.com\/product\/yoast-seo-wordpress\/ -->\n<title>WingtraOne position lights -<\/title>\n<meta name=\"description\" content=\"8WingtraOne pair of position lights (1 X RED, 1 X GREEN).\" \/>\n<meta name=\"robots\" content=\"index, follow, max-snippet:-1, max-image-preview:large, max-video-preview:-1\" \/>\n<link rel=\"canonical\" href=\"https:\/\/www.ghostysky.com\/pt\/produto-2\/wingtraone-position-lights\/\" \/>\n<meta property=\"og:locale\" content=\"pt_PT\" \/>\n<meta property=\"og:type\" content=\"article\" \/>\n<meta property=\"og:title\" content=\"WingtraOne position lights -\" \/>\n<meta property=\"og:description\" content=\"8WingtraOne pair of position lights (1 X RED, 1 X GREEN).\" \/>\n<meta property=\"og:url\" content=\"https:\/\/www.ghostysky.com\/pt\/produto-2\/wingtraone-position-lights\/\" \/>\n<meta property=\"og:site_name\" content=\"Ghostysky\" \/>\n<meta property=\"article:publisher\" content=\"https:\/\/www.facebook.com\/people\/Ghostysky\/100057676170234\/\" \/>\n<meta property=\"article:modified_time\" content=\"2024-11-10T17:24:47+00:00\" \/>\n<meta property=\"og:image\" content=\"https:\/\/www.ghostysky.com\/wp-content\/uploads\/2021\/08\/WOA-POSL.tag_.0.jpg\" \/>\n\t<meta property=\"og:image:width\" content=\"250\" \/>\n\t<meta property=\"og:image:height\" content=\"250\" \/>\n\t<meta property=\"og:image:type\" content=\"image\/jpeg\" \/>\n<meta name=\"twitter:card\" content=\"summary_large_image\" \/>\n<meta name=\"twitter:site\" content=\"@Gh0stysky\" \/>\n<meta name=\"twitter:label1\" content=\"Tempo estimado de leitura\" \/>\n\t<meta name=\"twitter:data1\" content=\"1 minuto\" \/>\n<script type=\"application\/ld+json\" class=\"yoast-schema-graph\">{\"@context\":\"https:\/\/schema.org\",\"@graph\":[{\"@type\":\"WebPage\",\"@id\":\"https:\/\/www.ghostysky.com\/product\/wingtraone-position-lights\/\",\"url\":\"https:\/\/www.ghostysky.com\/product\/wingtraone-position-lights\/\",\"name\":\"WingtraOne position lights -\",\"isPartOf\":{\"@id\":\"https:\/\/www.ghostysky.com\/#website\"},\"primaryImageOfPage\":{\"@id\":\"https:\/\/www.ghostysky.com\/product\/wingtraone-position-lights\/#primaryimage\"},\"image\":{\"@id\":\"https:\/\/www.ghostysky.com\/product\/wingtraone-position-lights\/#primaryimage\"},\"thumbnailUrl\":\"https:\/\/www.ghostysky.com\/wp-content\/uploads\/2021\/08\/WOA-POSL.tag_.0.jpg\",\"datePublished\":\"2021-08-15T10:46:07+00:00\",\"dateModified\":\"2024-11-10T17:24:47+00:00\",\"description\":\"8WingtraOne pair of position lights (1 X RED, 1 X GREEN).\",\"breadcrumb\":{\"@id\":\"https:\/\/www.ghostysky.com\/product\/wingtraone-position-lights\/#breadcrumb\"},\"inLanguage\":\"pt-PT\",\"potentialAction\":[{\"@type\":\"ReadAction\",\"target\":[\"https:\/\/www.ghostysky.com\/product\/wingtraone-position-lights\/\"]}]},{\"@type\":\"ImageObject\",\"inLanguage\":\"pt-PT\",\"@id\":\"https:\/\/www.ghostysky.com\/product\/wingtraone-position-lights\/#primaryimage\",\"url\":\"https:\/\/www.ghostysky.com\/wp-content\/uploads\/2021\/08\/WOA-POSL.tag_.0.jpg\",\"contentUrl\":\"https:\/\/www.ghostysky.com\/wp-content\/uploads\/2021\/08\/WOA-POSL.tag_.0.jpg\",\"width\":250,\"height\":250},{\"@type\":\"BreadcrumbList\",\"@id\":\"https:\/\/www.ghostysky.com\/product\/wingtraone-position-lights\/#breadcrumb\",\"itemListElement\":[{\"@type\":\"ListItem\",\"position\":1,\"name\":\"Home\",\"item\":\"https:\/\/www.ghostysky.com\/\"},{\"@type\":\"ListItem\",\"position\":2,\"name\":\"Shop\",\"item\":\"https:\/\/www.ghostysky.com\/shop\/\"},{\"@type\":\"ListItem\",\"position\":3,\"name\":\"WingtraOne position lights\"}]},{\"@type\":\"WebSite\",\"@id\":\"https:\/\/www.ghostysky.com\/#website\",\"url\":\"https:\/\/www.ghostysky.com\/\",\"name\":\"Ghostysky\",\"description\":\"Delivering professional drones and services\",\"publisher\":{\"@id\":\"https:\/\/www.ghostysky.com\/#organization\"},\"potentialAction\":[{\"@type\":\"SearchAction\",\"target\":{\"@type\":\"EntryPoint\",\"urlTemplate\":\"https:\/\/www.ghostysky.com\/?s={search_term_string}\"},\"query-input\":{\"@type\":\"PropertyValueSpecification\",\"valueRequired\":true,\"valueName\":\"search_term_string\"}}],\"inLanguage\":\"pt-PT\"},{\"@type\":\"Organization\",\"@id\":\"https:\/\/www.ghostysky.com\/#organization\",\"name\":\"Ghostysky\",\"url\":\"https:\/\/www.ghostysky.com\/\",\"logo\":{\"@type\":\"ImageObject\",\"inLanguage\":\"pt-PT\",\"@id\":\"https:\/\/www.ghostysky.com\/#\/schema\/logo\/image\/\",\"url\":\"https:\/\/www.ghostysky.com\/wp-content\/uploads\/2020\/06\/cropped-ghostyskylogo_text_white2.png\",\"contentUrl\":\"https:\/\/www.ghostysky.com\/wp-content\/uploads\/2020\/06\/cropped-ghostyskylogo_text_white2.png\",\"width\":169,\"height\":56,\"caption\":\"Ghostysky\"},\"image\":{\"@id\":\"https:\/\/www.ghostysky.com\/#\/schema\/logo\/image\/\"},\"sameAs\":[\"https:\/\/www.facebook.com\/people\/Ghostysky\/100057676170234\/\",\"https:\/\/x.com\/Gh0stysky\",\"https:\/\/www.linkedin.com\/company\/34739653\",\"https:\/\/www.instagram.com\/gh0stysky\"]}]}<\/script>\n<!-- \/ Yoast SEO plugin. -->","yoast_head_json":{"title":"Luzes de posi\u00e7\u00e3o WingtraOne -","description":"8WingtraUm par de luzes de posi\u00e7\u00e3o (1 X VERMELHO, 1 X VERDE).","robots":{"index":"index","follow":"follow","max-snippet":"max-snippet:-1","max-image-preview":"max-image-preview:large","max-video-preview":"max-video-preview:-1"},"canonical":"https:\/\/www.ghostysky.com\/pt\/produto-2\/wingtraone-position-lights\/","og_locale":"pt_PT","og_type":"article","og_title":"WingtraOne position lights -","og_description":"8WingtraOne pair of position lights (1 X RED, 1 X GREEN).","og_url":"https:\/\/www.ghostysky.com\/pt\/produto-2\/wingtraone-position-lights\/","og_site_name":"Ghostysky","article_publisher":"https:\/\/www.facebook.com\/people\/Ghostysky\/100057676170234\/","article_modified_time":"2024-11-10T17:24:47+00:00","og_image":[{"width":250,"height":250,"url":"https:\/\/www.ghostysky.com\/wp-content\/uploads\/2021\/08\/WOA-POSL.tag_.0.jpg","type":"image\/jpeg"}],"twitter_card":"summary_large_image","twitter_site":"@Gh0stysky","twitter_misc":{"Tempo estimado de leitura":"1 minuto"},"schema":{"@context":"https:\/\/schema.org","@graph":[{"@type":"WebPage","@id":"https:\/\/www.ghostysky.com\/product\/wingtraone-position-lights\/","url":"https:\/\/www.ghostysky.com\/product\/wingtraone-position-lights\/","name":"Luzes de posi\u00e7\u00e3o WingtraOne -","isPartOf":{"@id":"https:\/\/www.ghostysky.com\/#website"},"primaryImageOfPage":{"@id":"https:\/\/www.ghostysky.com\/product\/wingtraone-position-lights\/#primaryimage"},"image":{"@id":"https:\/\/www.ghostysky.com\/product\/wingtraone-position-lights\/#primaryimage"},"thumbnailUrl":"https:\/\/www.ghostysky.com\/wp-content\/uploads\/2021\/08\/WOA-POSL.tag_.0.jpg","datePublished":"2021-08-15T10:46:07+00:00","dateModified":"2024-11-10T17:24:47+00:00","description":"8WingtraUm par de luzes de posi\u00e7\u00e3o (1 X VERMELHO, 1 X VERDE).","breadcrumb":{"@id":"https:\/\/www.ghostysky.com\/product\/wingtraone-position-lights\/#breadcrumb"},"inLanguage":"pt-PT","potentialAction":[{"@type":"ReadAction","target":["https:\/\/www.ghostysky.com\/product\/wingtraone-position-lights\/"]}]},{"@type":"ImageObject","inLanguage":"pt-PT","@id":"https:\/\/www.ghostysky.com\/product\/wingtraone-position-lights\/#primaryimage","url":"https:\/\/www.ghostysky.com\/wp-content\/uploads\/2021\/08\/WOA-POSL.tag_.0.jpg","contentUrl":"https:\/\/www.ghostysky.com\/wp-content\/uploads\/2021\/08\/WOA-POSL.tag_.0.jpg","width":250,"height":250},{"@type":"BreadcrumbList","@id":"https:\/\/www.ghostysky.com\/product\/wingtraone-position-lights\/#breadcrumb","itemListElement":[{"@type":"ListItem","position":1,"name":"Home","item":"https:\/\/www.ghostysky.com\/"},{"@type":"ListItem","position":2,"name":"Shop","item":"https:\/\/www.ghostysky.com\/shop\/"},{"@type":"ListItem","position":3,"name":"WingtraOne position lights"}]},{"@type":"WebSite","@id":"https:\/\/www.ghostysky.com\/#website","url":"https:\/\/www.ghostysky.com\/","name":"Ghostysky","description":"Fornecendo drones e servi\u00e7os profissionais","publisher":{"@id":"https:\/\/www.ghostysky.com\/#organization"},"potentialAction":[{"@type":"SearchAction","target":{"@type":"EntryPoint","urlTemplate":"https:\/\/www.ghostysky.com\/?s={search_term_string}"},"query-input":{"@type":"PropertyValueSpecification","valueRequired":true,"valueName":"search_term_string"}}],"inLanguage":"pt-PT"},{"@type":"Organization","@id":"https:\/\/www.ghostysky.com\/#organization","name":"Ghostysky","url":"https:\/\/www.ghostysky.com\/","logo":{"@type":"ImageObject","inLanguage":"pt-PT","@id":"https:\/\/www.ghostysky.com\/#\/schema\/logo\/image\/","url":"https:\/\/www.ghostysky.com\/wp-content\/uploads\/2020\/06\/cropped-ghostyskylogo_text_white2.png","contentUrl":"https:\/\/www.ghostysky.com\/wp-content\/uploads\/2020\/06\/cropped-ghostyskylogo_text_white2.png","width":169,"height":56,"caption":"Ghostysky"},"image":{"@id":"https:\/\/www.ghostysky.com\/#\/schema\/logo\/image\/"},"sameAs":["https:\/\/www.facebook.com\/people\/Ghostysky\/100057676170234\/","https:\/\/x.com\/Gh0stysky","https:\/\/www.linkedin.com\/company\/34739653","https:\/\/www.instagram.com\/gh0stysky"]}]}},"_links":{"self":[{"href":"https:\/\/www.ghostysky.com\/pt\/wp-json\/wp\/v2\/product\/2353","targetHints":{"allow":["GET"]}}],"collection":[{"href":"https:\/\/www.ghostysky.com\/pt\/wp-json\/wp\/v2\/product"}],"about":[{"href":"https:\/\/www.ghostysky.com\/pt\/wp-json\/wp\/v2\/types\/product"}],"replies":[{"embeddable":true,"href":"https:\/\/www.ghostysky.com\/pt\/wp-json\/wp\/v2\/comments?post=2353"}],"wp:featuredmedia":[{"embeddable":true,"href":"https:\/\/www.ghostysky.com\/pt\/wp-json\/wp\/v2\/media\/2354"}],"wp:attachment":[{"href":"https:\/\/www.ghostysky.com\/pt\/wp-json\/wp\/v2\/media?parent=2353"}],"wp:term":[{"taxonomy":"product_brand","embeddable":true,"href":"https:\/\/www.ghostysky.com\/pt\/wp-json\/wp\/v2\/product_brand?post=2353"},{"taxonomy":"product_cat","embeddable":true,"href":"https:\/\/www.ghostysky.com\/pt\/wp-json\/wp\/v2\/product_cat?post=2353"},{"taxonomy":"product_tag","embeddable":true,"href":"https:\/\/www.ghostysky.com\/pt\/wp-json\/wp\/v2\/product_tag?post=2353"}],"curies":[{"name":"wp","href":"https:\/\/api.w.org\/{rel}","templated":true}]}}