{"id":23566,"date":"2025-12-15T16:20:40","date_gmt":"2025-12-15T16:20:40","guid":{"rendered":"https:\/\/www.ghostysky.com\/?post_type=product&#038;p=23566"},"modified":"2025-12-15T16:42:14","modified_gmt":"2025-12-15T16:42:14","slug":"polypen-rp-410-uvis","status":"publish","type":"product","link":"https:\/\/www.ghostysky.com\/pt\/product\/polypen-rp-410-uvis\/","title":{"rendered":"PolyPen RP 410 UVIS"},"content":{"rendered":"<h4 data-path-to-node=\"2\">Principais recursos e funcionalidades<\/h4>\n<ul data-path-to-node=\"3\">\n<li>\n<p data-path-to-node=\"3,0,0\"><b>Medi\u00e7\u00e3o da reflet\u00e2ncia espectral:<\/b><span class=\"citation-46 citation-end-46\"> O PolyPen RP 410 incorpora uma l\u00e2mpada incandescente de xen\u00f4nio interna para emitir luz (de 380 a 1050 nm) e mede a reflet\u00e2ncia espectral da superf\u00edcie de uma folha.<\/span><\/p>\n<\/li>\n<li>\n<p data-path-to-node=\"3,1,0\"><b><span class=\"citation-45\">C\u00e1lculo autom\u00e1tico do \u00edndice:<\/span><\/b><span class=\"citation-45\"> O firmware do dispositivo calcula automaticamente uma ampla gama de par\u00e2metros comumente usados. <\/span><b><span class=\"citation-45\">\u00edndices de reflet\u00e2ncia<\/span><\/b><span class=\"citation-45 citation-end-45\"> (\u00edndices de vegeta\u00e7\u00e3o e estresse), tais como:<\/span><\/p>\n<ul data-path-to-node=\"3,1,1\">\n<li>\n<p data-path-to-node=\"3,1,1,0,0\"><b>\u00cdndice de Vegeta\u00e7\u00e3o por Diferen\u00e7a Normalizada (NDVI):<\/b> <span class=\"math-inline\" data-math=\"NDVI = (R_{NIR} - R_{RED}) \/ (R_{NIR} + R_{RED})\">NDVI = (R_{NIR} \u2013 R_{RED}) \/ (R_{NIR} + R_{RED})<\/span><\/p>\n<\/li>\n<li>\n<p data-path-to-node=\"3,1,1,1,0\"><b><span class=\"citation-44 citation-end-44\">\u00cdndice de reflet\u00e2ncia fotoqu\u00edmica (PRI)<\/span><\/b><\/p>\n<\/li>\n<li>\n<p data-path-to-node=\"3,1,1,2,0\"><b><span class=\"citation-43 citation-end-43\">\u00cdndice Normalizado de Clorofila Pigmentada (NPCI)<\/span><\/b><\/p>\n<\/li>\n<li>\n<p data-path-to-node=\"3,1,1,3,0\">\u2026e muitos outros (por exemplo, \u00cdndice de Raz\u00e3o Simples, \u00cdndices de Reflet\u00e2ncia de Antocianina, \u00cdndices de Carter).<\/p>\n<\/li>\n<\/ul>\n<\/li>\n<li>\n<p data-path-to-node=\"3,2,0\"><b>Detec\u00e7\u00e3o de estresse:<\/b> Ao monitorar altera\u00e7\u00f5es no conte\u00fado de pigmentos (como uma diminui\u00e7\u00e3o na clorofila ou um aumento nos flavonoides\/antocianinas), o dispositivo pode detectar <b>defici\u00eancias nutricionais<\/b> ou <b>estresse h\u00eddrico<\/b> em plantas muito antes que os sintomas sejam vis\u00edveis a olho nu.<\/p>\n<\/li>\n<li>\n<p data-path-to-node=\"3,3,0\"><b>Personaliza\u00e7\u00e3o:<\/b> Permite o c\u00e1lculo de \u00edndices definidos pelo usu\u00e1rio, possibilitando aplica\u00e7\u00f5es de pesquisa especializadas.<\/p>\n<\/li>\n<\/ul>\n<h3 data-path-to-node=\"4\"><\/h3>\n<h4 data-path-to-node=\"4\"><a href=\"https:\/\/psi.cz\/support\/downloads\/hd001\/polp001\/RP_2024.pdf\/open\">Especifica\u00e7\u00f5es t\u00e9cnicas (PolyPen RP 410 UVIS\/NIR)<\/a><\/h4>\n<table data-path-to-node=\"5\">\n<thead>\n<tr>\n<td><strong>Especifica\u00e7\u00f5es<\/strong><\/td>\n<td><strong>PolyPen RP 410 UVIS<\/strong><\/td>\n<td><strong>PolyPen RP 410 NIR<\/strong><\/td>\n<\/tr>\n<\/thead>\n<tbody>\n<tr>\n<td><span data-path-to-node=\"5,1,0,0\"><b>Faixa Espectral<\/b><\/span><\/td>\n<td><span data-path-to-node=\"5,1,1,0\">380 nm \u2013 790 nm<\/span><\/td>\n<td><span data-path-to-node=\"5,1,2,0\">640 nm \u2013 1050 nm<\/span><\/td>\n<\/tr>\n<tr>\n<td><span data-path-to-node=\"5,2,0,0\"><b>Largura de resposta espectral \u00e0 meia altura<\/b><\/span><\/td>\n<td><span data-path-to-node=\"5,2,1,0\">8 nm<\/span><\/td>\n<td><span data-path-to-node=\"5,2,2,0\">8 nm<\/span><\/td>\n<\/tr>\n<tr>\n<td><span data-path-to-node=\"5,3,0,0\"><b>Velocidade de digitaliza\u00e7\u00e3o<\/b><\/span><\/td>\n<td><span data-path-to-node=\"5,3,1,0\">Aproximadamente 100 ms (Quase instant\u00e2neo)<\/span><\/td>\n<td><\/td>\n<\/tr>\n<tr>\n<td><span data-path-to-node=\"5,4,0,0\"><b>Registro de dados<\/b><\/span><\/td>\n<td><span data-path-to-node=\"5,4,1,0\">A mem\u00f3ria interna armazena at\u00e9 4.000 medi\u00e7\u00f5es (espectros completos).<\/span><\/td>\n<td><\/td>\n<\/tr>\n<tr>\n<td><span data-path-to-node=\"5,5,0,0\"><b>Fonte de luz<\/b><\/span><\/td>\n<td><span data-path-to-node=\"5,5,1,0\">L\u00e2mpada incandescente de xen\u00f4nio interna<\/span><\/td>\n<td><\/td>\n<\/tr>\n<tr>\n<td><span data-path-to-node=\"5,6,0,0\"><b>Mostrar<\/b><\/span><\/td>\n<td><span data-path-to-node=\"5,6,1,0\">Tela sens\u00edvel ao toque (240 x 320 pixels) para exibi\u00e7\u00e3o instant\u00e2nea de dados<\/span><\/td>\n<td><\/td>\n<\/tr>\n<tr>\n<td><span data-path-to-node=\"5,7,0,0\"><b>Portabilidade<\/b><\/span><\/td>\n<td><span data-path-to-node=\"5,7,1,0\">Port\u00e1til, resistente e com revestimento \u00e0 prova de respingos.<\/span><\/td>\n<td><\/td>\n<\/tr>\n<tr>\n<td><span data-path-to-node=\"5,8,0,0\"><b>Conectividade<\/b><\/span><\/td>\n<td><span data-path-to-node=\"5,8,1,0\">USB 2.0 para transfer\u00eancia de dados em PC<\/span><\/td>\n<td><\/td>\n<\/tr>\n<tr>\n<td><span data-path-to-node=\"5,9,0,0\"><b>Localiza\u00e7\u00e3o<\/b><\/span><\/td>\n<td><span data-path-to-node=\"5,9,1,0\">Constru\u00eddo em <b>M\u00f3dulo GPS<\/b> para medi\u00e7\u00f5es de georreferenciamento<\/span><\/td>\n<td><\/td>\n<\/tr>\n<tr>\n<td><span data-path-to-node=\"5,10,0,0\"><b>Dura\u00e7\u00e3o da bateria<\/b><\/span><\/td>\n<td><span data-path-to-node=\"5,10,1,0\">Bateria recarreg\u00e1vel de \u00edon-l\u00edtio, com autonomia de at\u00e9 48 horas em opera\u00e7\u00e3o t\u00edpica.<\/span><\/td>\n<td><\/td>\n<\/tr>\n<tr>\n<td><span data-path-to-node=\"5,11,0,0\"><b>Suporte para amostras<\/b><\/span><\/td>\n<td><span data-path-to-node=\"5,11,1,0\">Clipe mec\u00e2nico para folhas, para medi\u00e7\u00f5es f\u00e1ceis e n\u00e3o destrutivas.<\/span><\/td>\n<td><\/td>\n<\/tr>\n<\/tbody>\n<\/table>\n<h4 data-path-to-node=\"6\"><\/h4>\n<h4 data-path-to-node=\"6\">Aplica\u00e7\u00f5es ideais<\/h4>\n<p data-path-to-node=\"7\">A PolyPen RP 410 \u00e9 um instrumento ideal para:<\/p>\n<ul data-path-to-node=\"8\">\n<li>\n<p data-path-to-node=\"8,0,0\"><b>Pesquisa em Biologia e Fisiologia Vegetal<\/b><\/p>\n<\/li>\n<li>\n<p data-path-to-node=\"8,1,0\"><b><span class=\"citation-42\">Monitoramento precoce do estresse<\/span><\/b><span class=\"citation-42 citation-end-42\"> (Estado Nutricional e H\u00eddrico)<\/span><\/p>\n<\/li>\n<li>\n<p data-path-to-node=\"8,2,0\"><b>Agricultura de Precis\u00e3o<\/b> e <b>Manejo de Culturas<\/b><\/p>\n<\/li>\n<li>\n<p data-path-to-node=\"8,3,0\"><b>Ecologia<\/b> e <b>Monitoramento ambiental<\/b><\/p>\n<\/li>\n<li>\n<p data-path-to-node=\"8,4,0\"><b>Triagem de plantas<\/b> e <b>Estudos de Campo<\/b><\/p>\n<\/li>\n<\/ul>","protected":false},"excerpt":{"rendered":"<p data-path-to-node=\"0\"><span class=\"citation-47\">O <\/span><b><span class=\"citation-47\">PolyPen RP 410<\/span><\/b><span class=\"citation-47\"> O espectrorradi\u00f4metro port\u00e1til da PSI (Photon Systems Instruments) \u00e9 um instrumento sofisticado, projetado principalmente como um... <\/span><b><span class=\"citation-47\">Analisador de folhas<\/span><\/b><span class=\"citation-47 citation-end-47\"> para a medi\u00e7\u00e3o n\u00e3o destrutiva da reflet\u00e2ncia espectral em folhas e outras amostras planas.<\/span><\/p>\n<p data-path-to-node=\"1\">\u00c9 uma ferramenta essencial para a ci\u00eancia vegetal, agricultura, horticultura e pesquisa ecol\u00f3gica, fornecendo dados r\u00e1pidos, port\u00e1teis e precisos para a avalia\u00e7\u00e3o da sa\u00fade e do estado fisiol\u00f3gico das plantas.<\/p>","protected":false},"featured_media":23563,"comment_status":"open","ping_status":"closed","template":"","meta":[],"product_brand":[1319],"product_cat":[1317,1318,705],"product_tag":[1320,1322],"class_list":{"0":"post-23566","1":"product","2":"type-product","3":"status-publish","4":"has-post-thumbnail","6":"product_brand-polypen","7":"product_cat-handheld-sensors","8":"product_cat-polypen","9":"product_cat-sensors","10":"product_tag-polypen","11":"product_tag-rp410-uvis","13":"first","14":"outofstock","15":"taxable","16":"shipping-taxable","17":"purchasable","18":"product-type-simple"},"yoast_head":"<!-- This site is optimized with the Yoast SEO plugin v27.1.1 - https:\/\/yoast.com\/product\/yoast-seo-wordpress\/ -->\n<title>PolyPen RP 410 UVIS - Ghostysky<\/title>\n<meta name=\"description\" content=\"The PolyPen RP 410 by PSI (Photon Systems Instruments) is a sophisticated, handheld spectroradiometer primarily designed as a Leaf Analyzer for the non-destructive measurement of spectral reflectance on leaves and other planar samples.It is an essential tool for plant science, agriculture, horticulture, and ecological research, providing rapid, portable, and precise data for plant health and physiological status assessment.\" \/>\n<meta name=\"robots\" content=\"index, follow, max-snippet:-1, max-image-preview:large, max-video-preview:-1\" \/>\n<link rel=\"canonical\" href=\"https:\/\/www.ghostysky.com\/pt\/produto-2\/polypen-rp-410-uvis\/\" \/>\n<meta property=\"og:locale\" content=\"pt_PT\" \/>\n<meta property=\"og:type\" content=\"article\" \/>\n<meta property=\"og:title\" content=\"PolyPen RP 410 UVIS - Ghostysky\" \/>\n<meta property=\"og:description\" content=\"The PolyPen RP 410 by PSI (Photon Systems Instruments) is a sophisticated, handheld spectroradiometer primarily designed as a Leaf Analyzer for the non-destructive measurement of spectral reflectance on leaves and other planar samples.It is an essential tool for plant science, agriculture, horticulture, and ecological research, providing rapid, portable, and precise data for plant health and physiological status assessment.\" \/>\n<meta property=\"og:url\" content=\"https:\/\/www.ghostysky.com\/pt\/produto-2\/polypen-rp-410-uvis\/\" \/>\n<meta property=\"og:site_name\" content=\"Ghostysky\" \/>\n<meta property=\"article:publisher\" content=\"https:\/\/www.facebook.com\/people\/Ghostysky\/100057676170234\/\" \/>\n<meta property=\"article:modified_time\" content=\"2025-12-15T16:42:14+00:00\" \/>\n<meta property=\"og:image\" content=\"https:\/\/www.ghostysky.com\/wp-content\/uploads\/2025\/12\/GH_polypen-rp-410_1.jpg\" \/>\n\t<meta property=\"og:image:width\" content=\"458\" \/>\n\t<meta property=\"og:image:height\" content=\"458\" \/>\n\t<meta property=\"og:image:type\" content=\"image\/jpeg\" \/>\n<meta name=\"twitter:card\" content=\"summary_large_image\" \/>\n<meta name=\"twitter:site\" content=\"@Gh0stysky\" \/>\n<meta name=\"twitter:label1\" content=\"Tempo estimado de leitura\" \/>\n\t<meta name=\"twitter:data1\" content=\"2 minutos\" \/>\n<script type=\"application\/ld+json\" class=\"yoast-schema-graph\">{\"@context\":\"https:\/\/schema.org\",\"@graph\":[{\"@type\":\"WebPage\",\"@id\":\"https:\/\/www.ghostysky.com\/product\/polypen-rp-410-uvis\/\",\"url\":\"https:\/\/www.ghostysky.com\/product\/polypen-rp-410-uvis\/\",\"name\":\"PolyPen RP 410 UVIS - Ghostysky\",\"isPartOf\":{\"@id\":\"https:\/\/www.ghostysky.com\/#website\"},\"primaryImageOfPage\":{\"@id\":\"https:\/\/www.ghostysky.com\/product\/polypen-rp-410-uvis\/#primaryimage\"},\"image\":{\"@id\":\"https:\/\/www.ghostysky.com\/product\/polypen-rp-410-uvis\/#primaryimage\"},\"thumbnailUrl\":\"https:\/\/www.ghostysky.com\/wp-content\/uploads\/2025\/12\/GH_polypen-rp-410_1.jpg\",\"datePublished\":\"2025-12-15T16:20:40+00:00\",\"dateModified\":\"2025-12-15T16:42:14+00:00\",\"description\":\"The PolyPen RP 410 by PSI (Photon Systems Instruments) is a sophisticated, handheld spectroradiometer primarily designed as a Leaf Analyzer for the non-destructive measurement of spectral reflectance on leaves and other planar samples.It is an essential tool for plant science, agriculture, horticulture, and ecological research, providing rapid, portable, and precise data for plant health and physiological status assessment.\",\"breadcrumb\":{\"@id\":\"https:\/\/www.ghostysky.com\/product\/polypen-rp-410-uvis\/#breadcrumb\"},\"inLanguage\":\"pt-PT\",\"potentialAction\":[{\"@type\":\"ReadAction\",\"target\":[\"https:\/\/www.ghostysky.com\/product\/polypen-rp-410-uvis\/\"]}]},{\"@type\":\"ImageObject\",\"inLanguage\":\"pt-PT\",\"@id\":\"https:\/\/www.ghostysky.com\/product\/polypen-rp-410-uvis\/#primaryimage\",\"url\":\"https:\/\/www.ghostysky.com\/wp-content\/uploads\/2025\/12\/GH_polypen-rp-410_1.jpg\",\"contentUrl\":\"https:\/\/www.ghostysky.com\/wp-content\/uploads\/2025\/12\/GH_polypen-rp-410_1.jpg\",\"width\":458,\"height\":458},{\"@type\":\"BreadcrumbList\",\"@id\":\"https:\/\/www.ghostysky.com\/product\/polypen-rp-410-uvis\/#breadcrumb\",\"itemListElement\":[{\"@type\":\"ListItem\",\"position\":1,\"name\":\"Home\",\"item\":\"https:\/\/www.ghostysky.com\/\"},{\"@type\":\"ListItem\",\"position\":2,\"name\":\"Shop\",\"item\":\"https:\/\/www.ghostysky.com\/shop\/\"},{\"@type\":\"ListItem\",\"position\":3,\"name\":\"PolyPen RP 410 UVIS\"}]},{\"@type\":\"WebSite\",\"@id\":\"https:\/\/www.ghostysky.com\/#website\",\"url\":\"https:\/\/www.ghostysky.com\/\",\"name\":\"Ghostysky\",\"description\":\"Delivering professional drones and services\",\"publisher\":{\"@id\":\"https:\/\/www.ghostysky.com\/#organization\"},\"potentialAction\":[{\"@type\":\"SearchAction\",\"target\":{\"@type\":\"EntryPoint\",\"urlTemplate\":\"https:\/\/www.ghostysky.com\/?s={search_term_string}\"},\"query-input\":{\"@type\":\"PropertyValueSpecification\",\"valueRequired\":true,\"valueName\":\"search_term_string\"}}],\"inLanguage\":\"pt-PT\"},{\"@type\":\"Organization\",\"@id\":\"https:\/\/www.ghostysky.com\/#organization\",\"name\":\"Ghostysky\",\"url\":\"https:\/\/www.ghostysky.com\/\",\"logo\":{\"@type\":\"ImageObject\",\"inLanguage\":\"pt-PT\",\"@id\":\"https:\/\/www.ghostysky.com\/#\/schema\/logo\/image\/\",\"url\":\"https:\/\/www.ghostysky.com\/wp-content\/uploads\/2020\/06\/cropped-ghostyskylogo_text_white2.png\",\"contentUrl\":\"https:\/\/www.ghostysky.com\/wp-content\/uploads\/2020\/06\/cropped-ghostyskylogo_text_white2.png\",\"width\":169,\"height\":56,\"caption\":\"Ghostysky\"},\"image\":{\"@id\":\"https:\/\/www.ghostysky.com\/#\/schema\/logo\/image\/\"},\"sameAs\":[\"https:\/\/www.facebook.com\/people\/Ghostysky\/100057676170234\/\",\"https:\/\/x.com\/Gh0stysky\",\"https:\/\/www.linkedin.com\/company\/34739653\",\"https:\/\/www.instagram.com\/gh0stysky\"]}]}<\/script>\n<!-- \/ Yoast SEO plugin. -->","yoast_head_json":{"title":"PolyPen RP 410 UVIS - Ghostysky","description":"O PolyPen RP 410 da PSI (Photon Systems Instruments) \u00e9 um espectrorradi\u00f4metro port\u00e1til sofisticado, projetado principalmente como um analisador de folhas para a medi\u00e7\u00e3o n\u00e3o destrutiva da reflet\u00e2ncia espectral em folhas e outras amostras planas. \u00c9 uma ferramenta essencial para ci\u00eancias vegetais, agricultura, horticultura e pesquisa ecol\u00f3gica, fornecendo dados r\u00e1pidos, port\u00e1teis e precisos para a avalia\u00e7\u00e3o da sa\u00fade e do estado fisiol\u00f3gico das plantas.","robots":{"index":"index","follow":"follow","max-snippet":"max-snippet:-1","max-image-preview":"max-image-preview:large","max-video-preview":"max-video-preview:-1"},"canonical":"https:\/\/www.ghostysky.com\/pt\/produto-2\/polypen-rp-410-uvis\/","og_locale":"pt_PT","og_type":"article","og_title":"PolyPen RP 410 UVIS - Ghostysky","og_description":"The PolyPen RP 410 by PSI (Photon Systems Instruments) is a sophisticated, handheld spectroradiometer primarily designed as a Leaf Analyzer for the non-destructive measurement of spectral reflectance on leaves and other planar samples.It is an essential tool for plant science, agriculture, horticulture, and ecological research, providing rapid, portable, and precise data for plant health and physiological status assessment.","og_url":"https:\/\/www.ghostysky.com\/pt\/produto-2\/polypen-rp-410-uvis\/","og_site_name":"Ghostysky","article_publisher":"https:\/\/www.facebook.com\/people\/Ghostysky\/100057676170234\/","article_modified_time":"2025-12-15T16:42:14+00:00","og_image":[{"width":458,"height":458,"url":"https:\/\/www.ghostysky.com\/wp-content\/uploads\/2025\/12\/GH_polypen-rp-410_1.jpg","type":"image\/jpeg"}],"twitter_card":"summary_large_image","twitter_site":"@Gh0stysky","twitter_misc":{"Tempo estimado de leitura":"2 minutos"},"schema":{"@context":"https:\/\/schema.org","@graph":[{"@type":"WebPage","@id":"https:\/\/www.ghostysky.com\/product\/polypen-rp-410-uvis\/","url":"https:\/\/www.ghostysky.com\/product\/polypen-rp-410-uvis\/","name":"PolyPen RP 410 UVIS - Ghostysky","isPartOf":{"@id":"https:\/\/www.ghostysky.com\/#website"},"primaryImageOfPage":{"@id":"https:\/\/www.ghostysky.com\/product\/polypen-rp-410-uvis\/#primaryimage"},"image":{"@id":"https:\/\/www.ghostysky.com\/product\/polypen-rp-410-uvis\/#primaryimage"},"thumbnailUrl":"https:\/\/www.ghostysky.com\/wp-content\/uploads\/2025\/12\/GH_polypen-rp-410_1.jpg","datePublished":"2025-12-15T16:20:40+00:00","dateModified":"2025-12-15T16:42:14+00:00","description":"O PolyPen RP 410 da PSI (Photon Systems Instruments) \u00e9 um espectrorradi\u00f4metro port\u00e1til sofisticado, projetado principalmente como um analisador de folhas para a medi\u00e7\u00e3o n\u00e3o destrutiva da reflet\u00e2ncia espectral em folhas e outras amostras planas. \u00c9 uma ferramenta essencial para ci\u00eancias vegetais, agricultura, horticultura e pesquisa ecol\u00f3gica, fornecendo dados r\u00e1pidos, port\u00e1teis e precisos para a avalia\u00e7\u00e3o da sa\u00fade e do estado fisiol\u00f3gico das plantas.","breadcrumb":{"@id":"https:\/\/www.ghostysky.com\/product\/polypen-rp-410-uvis\/#breadcrumb"},"inLanguage":"pt-PT","potentialAction":[{"@type":"ReadAction","target":["https:\/\/www.ghostysky.com\/product\/polypen-rp-410-uvis\/"]}]},{"@type":"ImageObject","inLanguage":"pt-PT","@id":"https:\/\/www.ghostysky.com\/product\/polypen-rp-410-uvis\/#primaryimage","url":"https:\/\/www.ghostysky.com\/wp-content\/uploads\/2025\/12\/GH_polypen-rp-410_1.jpg","contentUrl":"https:\/\/www.ghostysky.com\/wp-content\/uploads\/2025\/12\/GH_polypen-rp-410_1.jpg","width":458,"height":458},{"@type":"BreadcrumbList","@id":"https:\/\/www.ghostysky.com\/product\/polypen-rp-410-uvis\/#breadcrumb","itemListElement":[{"@type":"ListItem","position":1,"name":"Home","item":"https:\/\/www.ghostysky.com\/"},{"@type":"ListItem","position":2,"name":"Shop","item":"https:\/\/www.ghostysky.com\/shop\/"},{"@type":"ListItem","position":3,"name":"PolyPen RP 410 UVIS"}]},{"@type":"WebSite","@id":"https:\/\/www.ghostysky.com\/#website","url":"https:\/\/www.ghostysky.com\/","name":"Ghostysky","description":"Fornecendo drones e servi\u00e7os profissionais","publisher":{"@id":"https:\/\/www.ghostysky.com\/#organization"},"potentialAction":[{"@type":"SearchAction","target":{"@type":"EntryPoint","urlTemplate":"https:\/\/www.ghostysky.com\/?s={search_term_string}"},"query-input":{"@type":"PropertyValueSpecification","valueRequired":true,"valueName":"search_term_string"}}],"inLanguage":"pt-PT"},{"@type":"Organization","@id":"https:\/\/www.ghostysky.com\/#organization","name":"Ghostysky","url":"https:\/\/www.ghostysky.com\/","logo":{"@type":"ImageObject","inLanguage":"pt-PT","@id":"https:\/\/www.ghostysky.com\/#\/schema\/logo\/image\/","url":"https:\/\/www.ghostysky.com\/wp-content\/uploads\/2020\/06\/cropped-ghostyskylogo_text_white2.png","contentUrl":"https:\/\/www.ghostysky.com\/wp-content\/uploads\/2020\/06\/cropped-ghostyskylogo_text_white2.png","width":169,"height":56,"caption":"Ghostysky"},"image":{"@id":"https:\/\/www.ghostysky.com\/#\/schema\/logo\/image\/"},"sameAs":["https:\/\/www.facebook.com\/people\/Ghostysky\/100057676170234\/","https:\/\/x.com\/Gh0stysky","https:\/\/www.linkedin.com\/company\/34739653","https:\/\/www.instagram.com\/gh0stysky"]}]}},"_links":{"self":[{"href":"https:\/\/www.ghostysky.com\/pt\/wp-json\/wp\/v2\/product\/23566","targetHints":{"allow":["GET"]}}],"collection":[{"href":"https:\/\/www.ghostysky.com\/pt\/wp-json\/wp\/v2\/product"}],"about":[{"href":"https:\/\/www.ghostysky.com\/pt\/wp-json\/wp\/v2\/types\/product"}],"replies":[{"embeddable":true,"href":"https:\/\/www.ghostysky.com\/pt\/wp-json\/wp\/v2\/comments?post=23566"}],"wp:featuredmedia":[{"embeddable":true,"href":"https:\/\/www.ghostysky.com\/pt\/wp-json\/wp\/v2\/media\/23563"}],"wp:attachment":[{"href":"https:\/\/www.ghostysky.com\/pt\/wp-json\/wp\/v2\/media?parent=23566"}],"wp:term":[{"taxonomy":"product_brand","embeddable":true,"href":"https:\/\/www.ghostysky.com\/pt\/wp-json\/wp\/v2\/product_brand?post=23566"},{"taxonomy":"product_cat","embeddable":true,"href":"https:\/\/www.ghostysky.com\/pt\/wp-json\/wp\/v2\/product_cat?post=23566"},{"taxonomy":"product_tag","embeddable":true,"href":"https:\/\/www.ghostysky.com\/pt\/wp-json\/wp\/v2\/product_tag?post=23566"}],"curies":[{"name":"wp","href":"https:\/\/api.w.org\/{rel}","templated":true}]}}