{"id":23642,"date":"2026-01-10T10:31:44","date_gmt":"2026-01-10T10:31:44","guid":{"rendered":"https:\/\/www.ghostysky.com\/?post_type=product&#038;p=23642"},"modified":"2026-01-10T11:01:41","modified_gmt":"2026-01-10T11:01:41","slug":"unitree-r1-battery","status":"publish","type":"product","link":"https:\/\/www.ghostysky.com\/pt\/product\/unitree-r1-battery\/","title":{"rendered":"Bateria Unitree R1"},"content":{"rendered":"<h4 data-path-to-node=\"1\"><b data-path-to-node=\"1\" data-index-in-node=\"0\">Especifica\u00e7\u00f5es<\/b><\/h4>\n<ul data-path-to-node=\"2\">\n<li>\n<p data-path-to-node=\"2,0,0\"><b data-path-to-node=\"2,0,0\" data-index-in-node=\"0\"><span class=\"citation-29\">Capacidade:<\/span><\/b><span class=\"citation-29 citation-end-29\"> 6000 mAh \/ 194,4 Wh<\/span><\/p>\n<\/li>\n<li>\n<p data-path-to-node=\"2,1,0\"><b data-path-to-node=\"2,1,0\" data-index-in-node=\"0\"><span class=\"citation-28\">Tens\u00e3o nominal:<\/span><\/b><span class=\"citation-28 citation-end-28\"> 32,4 V<\/span><\/p>\n<\/li>\n<li>\n<p data-path-to-node=\"2,2,0\"><b data-path-to-node=\"2,2,0\" data-index-in-node=\"0\"><span class=\"citation-27\">Tens\u00e3o m\u00e1xima de carregamento:<\/span><\/b><span class=\"citation-27 citation-end-27\"> 37,8 V<\/span><\/p>\n<\/li>\n<li>\n<p data-path-to-node=\"2,3,0\"><b data-path-to-node=\"2,3,0\" data-index-in-node=\"0\"><span class=\"citation-26\">Tempo de execu\u00e7\u00e3o:<\/span><\/b><span class=\"citation-26\"> Aproximadamente <\/span><b data-path-to-node=\"2,3,0\" data-index-in-node=\"23\"><span class=\"citation-26\">1 hora<\/span><\/b><span class=\"citation-26 citation-end-26\"> de atividade mista cont\u00ednua (corrida, caminhada ou intera\u00e7\u00e3o com IA).<\/span><\/p>\n<\/li>\n<li>\n<p data-path-to-node=\"2,4,0\"><b data-path-to-node=\"2,4,0\" data-index-in-node=\"0\">Peso:<\/b> Aproximadamente 1,2 kg (contribuindo para a massa total ultraleve de 25 kg do R1).<\/p>\n<\/li>\n<li>\n<p data-path-to-node=\"2,5,0\"><b data-path-to-node=\"2,5,0\" data-index-in-node=\"0\"><span class=\"citation-25\">Dimens\u00f5es:<\/span><\/b><span class=\"citation-25 citation-end-25\"> 85 mm x 83 mm x 146,5 mm<\/span><\/p>\n<\/li>\n<\/ul>\n<h4 data-path-to-node=\"4\"><b data-path-to-node=\"4\" data-index-in-node=\"0\">Caracter\u00edsticas principais<\/b><\/h4>\n<ul data-path-to-node=\"5\">\n<li>\n<p data-path-to-node=\"5,0,0\"><b data-path-to-node=\"5,0,0\" data-index-in-node=\"0\"><span class=\"citation-24\">Design de &quot;troca a quente&quot; com libera\u00e7\u00e3o r\u00e1pida:<\/span><\/b><span class=\"citation-24 citation-end-24\"> A bateria possui um mecanismo &quot;plug-and-play&quot;, permitindo que pesquisadores e desenvolvedores troquem unidades descarregadas por novas em segundos, minimizando o tempo de inatividade durante longas sess\u00f5es de teste.<\/span><\/p>\n<\/li>\n<li>\n<p data-path-to-node=\"5,1,0\"><b data-path-to-node=\"5,1,0\" data-index-in-node=\"0\">Sistema de gerenciamento de bateria inteligente (BMS):<\/b><span class=\"citation-23 citation-end-23\"> Um sistema propriet\u00e1rio integrado monitora o estado de cada c\u00e9lula em tempo real.<\/span> Ele fornece c\u00e1lculos de pot\u00eancia precisos e garante uma sa\u00edda de energia est\u00e1vel mesmo durante manobras de alta corrente, como saltos ou corridas de velocidade.<\/p>\n<\/li>\n<li>\n<p data-path-to-node=\"5,2,0\"><b data-path-to-node=\"5,2,0\" data-index-in-node=\"0\">Prote\u00e7\u00e3o de seguran\u00e7a \u00f3ctupla:<\/b><\/p>\n<ul data-path-to-node=\"5,2,1\">\n<li>\n<p data-path-to-node=\"5,2,1,0,0\"><b data-path-to-node=\"5,2,1,0,0\" data-index-in-node=\"0\"><span class=\"citation-22\">Prote\u00e7\u00e3o contra autodescarga:<\/span><\/b><span class=\"citation-22 citation-end-22\"> Descarrega automaticamente at\u00e9 um n\u00edvel seguro (aprox.<\/span> 65%) se n\u00e3o for utilizado por longos per\u00edodos para evitar o incha\u00e7o celular.<\/p>\n<\/li>\n<li>\n<p data-path-to-node=\"5,2,1,1,0\"><b data-path-to-node=\"5,2,1,1,0\" data-index-in-node=\"0\">Controle de temperatura:<\/b> Sensores integrados impedem o carregamento ou descarregamento em temperaturas inseguras (normalmente entre 5\u00b0C e 55\u00b0C).<\/p>\n<\/li>\n<li>\n<p data-path-to-node=\"5,2,1,2,0\"><b data-path-to-node=\"5,2,1,2,0\" data-index-in-node=\"0\"><span class=\"citation-21\">Prote\u00e7\u00f5es el\u00e9tricas:<\/span><\/b><span class=\"citation-21 citation-end-21\"> Inclui prote\u00e7\u00e3o contra sobrecarga, descarga excessiva, curto-circuito, sobretens\u00e3o e subtens\u00e3o.<\/span><\/p>\n<\/li>\n<\/ul>\n<\/li>\n<li>\n<p data-path-to-node=\"5,3,0\"><b data-path-to-node=\"5,3,0\" data-index-in-node=\"0\"><span class=\"citation-20\">Indicadores LED integrados:<\/span><\/b><span class=\"citation-20 citation-end-20\"> Um visor simples na caixa da bateria permite verificar o n\u00edvel de carga restante sem precisar ligar o rob\u00f4.<\/span><\/p>\n<\/li>\n<\/ul>\n<h4 data-path-to-node=\"6\"><b data-path-to-node=\"6\" data-index-in-node=\"0\">Melhores pr\u00e1ticas de utiliza\u00e7\u00e3o<\/b><\/h4>\n<p data-path-to-node=\"7\">Para prolongar a vida \u00fatil da bateria do seu R1, recomenda-se interromper a opera\u00e7\u00e3o quando o rob\u00f4 indicar bateria fraca (normalmente uma barra) e evitar armazenar a bateria em 0% ou 100% por per\u00edodos prolongados.<\/p>","protected":false},"excerpt":{"rendered":"<p><span class=\"\">O <\/span><b class=\"\" data-path-to-node=\"0\" data-index-in-node=\"4\">Bateria Inteligente Unitree R1<\/b><span class=\"\"> \u00c9 uma solu\u00e7\u00e3o de energia de alto desempenho projetada especificamente para o rob\u00f4 humanoide Unitree R1.<\/span><span class=\"\"> Projetado para suportar as altas demandas de torque do movimento b\u00edpede e do processamento complexo de IA,<\/span><span class=\"\"> Esta bateria combina um formato leve com recursos avan\u00e7ados de seguran\u00e7a.<\/span><\/p>","protected":false},"featured_media":21985,"comment_status":"open","ping_status":"closed","template":"","meta":[],"product_brand":[1087],"product_cat":[1038,1037,1102],"product_tag":[1088,1325,1113],"class_list":{"0":"post-23642","1":"product","2":"type-product","3":"status-publish","4":"has-post-thumbnail","6":"product_brand-unitree","7":"product_cat-humanoid","8":"product_cat-robotics","9":"product_cat-unitree-hum-accessories","10":"product_tag-unitree","11":"product_tag-unitree-r1-accessories","12":"product_tag-unitree-r1-series","14":"first","15":"onbackorder","16":"taxable","17":"shipping-taxable","18":"product-type-simple"},"yoast_head":"<!-- This site is optimized with the Yoast SEO plugin v27.1.1 - https:\/\/yoast.com\/product\/yoast-seo-wordpress\/ -->\n<title>Unitree R1 Battery - Ghostysky<\/title>\n<meta name=\"description\" content=\"The Unitree R1 Intelligent Smart Battery is a high-performance power solution specifically engineered for the Unitree R1 humanoid robot. Designed to handle the high-torque demands of bipedal movement and complex AI processing, this battery combines a lightweight form factor with advanced safety features.\" \/>\n<meta name=\"robots\" content=\"index, follow, max-snippet:-1, max-image-preview:large, max-video-preview:-1\" \/>\n<link rel=\"canonical\" href=\"https:\/\/www.ghostysky.com\/pt\/produto-2\/unitree-r1-battery\/\" \/>\n<meta property=\"og:locale\" content=\"pt_PT\" \/>\n<meta property=\"og:type\" content=\"article\" \/>\n<meta property=\"og:title\" content=\"Unitree R1 Battery - Ghostysky\" \/>\n<meta property=\"og:description\" content=\"The Unitree R1 Intelligent Smart Battery is a high-performance power solution specifically engineered for the Unitree R1 humanoid robot. Designed to handle the high-torque demands of bipedal movement and complex AI processing, this battery combines a lightweight form factor with advanced safety features.\" \/>\n<meta property=\"og:url\" content=\"https:\/\/www.ghostysky.com\/pt\/produto-2\/unitree-r1-battery\/\" \/>\n<meta property=\"og:site_name\" content=\"Ghostysky\" \/>\n<meta property=\"article:publisher\" content=\"https:\/\/www.facebook.com\/people\/Ghostysky\/100057676170234\/\" \/>\n<meta property=\"article:modified_time\" content=\"2026-01-10T11:01:41+00:00\" \/>\n<meta property=\"og:image\" content=\"https:\/\/www.ghostysky.com\/wp-content\/uploads\/2025\/10\/GH_Unitree.svg_logo_1.png\" \/>\n\t<meta property=\"og:image:width\" content=\"2560\" \/>\n\t<meta property=\"og:image:height\" content=\"577\" \/>\n\t<meta property=\"og:image:type\" content=\"image\/png\" \/>\n<meta name=\"twitter:card\" content=\"summary_large_image\" \/>\n<meta name=\"twitter:site\" content=\"@Gh0stysky\" \/>\n<meta name=\"twitter:label1\" content=\"Tempo estimado de leitura\" \/>\n\t<meta name=\"twitter:data1\" content=\"2 minutos\" \/>\n<script type=\"application\/ld+json\" class=\"yoast-schema-graph\">{\"@context\":\"https:\/\/schema.org\",\"@graph\":[{\"@type\":\"WebPage\",\"@id\":\"https:\/\/www.ghostysky.com\/product\/unitree-r1-battery\/\",\"url\":\"https:\/\/www.ghostysky.com\/product\/unitree-r1-battery\/\",\"name\":\"Unitree R1 Battery - Ghostysky\",\"isPartOf\":{\"@id\":\"https:\/\/www.ghostysky.com\/#website\"},\"primaryImageOfPage\":{\"@id\":\"https:\/\/www.ghostysky.com\/product\/unitree-r1-battery\/#primaryimage\"},\"image\":{\"@id\":\"https:\/\/www.ghostysky.com\/product\/unitree-r1-battery\/#primaryimage\"},\"thumbnailUrl\":\"https:\/\/www.ghostysky.com\/wp-content\/uploads\/2025\/10\/GH_Unitree.svg_logo_1.png\",\"datePublished\":\"2026-01-10T10:31:44+00:00\",\"dateModified\":\"2026-01-10T11:01:41+00:00\",\"description\":\"The Unitree R1 Intelligent Smart Battery is a high-performance power solution specifically engineered for the Unitree R1 humanoid robot. Designed to handle the high-torque demands of bipedal movement and complex AI processing, this battery combines a lightweight form factor with advanced safety features.\",\"breadcrumb\":{\"@id\":\"https:\/\/www.ghostysky.com\/product\/unitree-r1-battery\/#breadcrumb\"},\"inLanguage\":\"pt-PT\",\"potentialAction\":[{\"@type\":\"ReadAction\",\"target\":[\"https:\/\/www.ghostysky.com\/product\/unitree-r1-battery\/\"]}]},{\"@type\":\"ImageObject\",\"inLanguage\":\"pt-PT\",\"@id\":\"https:\/\/www.ghostysky.com\/product\/unitree-r1-battery\/#primaryimage\",\"url\":\"https:\/\/www.ghostysky.com\/wp-content\/uploads\/2025\/10\/GH_Unitree.svg_logo_1.png\",\"contentUrl\":\"https:\/\/www.ghostysky.com\/wp-content\/uploads\/2025\/10\/GH_Unitree.svg_logo_1.png\",\"width\":2560,\"height\":577},{\"@type\":\"BreadcrumbList\",\"@id\":\"https:\/\/www.ghostysky.com\/product\/unitree-r1-battery\/#breadcrumb\",\"itemListElement\":[{\"@type\":\"ListItem\",\"position\":1,\"name\":\"Home\",\"item\":\"https:\/\/www.ghostysky.com\/\"},{\"@type\":\"ListItem\",\"position\":2,\"name\":\"Shop\",\"item\":\"https:\/\/www.ghostysky.com\/shop\/\"},{\"@type\":\"ListItem\",\"position\":3,\"name\":\"Unitree R1 Battery\"}]},{\"@type\":\"WebSite\",\"@id\":\"https:\/\/www.ghostysky.com\/#website\",\"url\":\"https:\/\/www.ghostysky.com\/\",\"name\":\"Ghostysky\",\"description\":\"Delivering professional drones and services\",\"publisher\":{\"@id\":\"https:\/\/www.ghostysky.com\/#organization\"},\"potentialAction\":[{\"@type\":\"SearchAction\",\"target\":{\"@type\":\"EntryPoint\",\"urlTemplate\":\"https:\/\/www.ghostysky.com\/?s={search_term_string}\"},\"query-input\":{\"@type\":\"PropertyValueSpecification\",\"valueRequired\":true,\"valueName\":\"search_term_string\"}}],\"inLanguage\":\"pt-PT\"},{\"@type\":\"Organization\",\"@id\":\"https:\/\/www.ghostysky.com\/#organization\",\"name\":\"Ghostysky\",\"url\":\"https:\/\/www.ghostysky.com\/\",\"logo\":{\"@type\":\"ImageObject\",\"inLanguage\":\"pt-PT\",\"@id\":\"https:\/\/www.ghostysky.com\/#\/schema\/logo\/image\/\",\"url\":\"https:\/\/www.ghostysky.com\/wp-content\/uploads\/2020\/06\/cropped-ghostyskylogo_text_white2.png\",\"contentUrl\":\"https:\/\/www.ghostysky.com\/wp-content\/uploads\/2020\/06\/cropped-ghostyskylogo_text_white2.png\",\"width\":169,\"height\":56,\"caption\":\"Ghostysky\"},\"image\":{\"@id\":\"https:\/\/www.ghostysky.com\/#\/schema\/logo\/image\/\"},\"sameAs\":[\"https:\/\/www.facebook.com\/people\/Ghostysky\/100057676170234\/\",\"https:\/\/x.com\/Gh0stysky\",\"https:\/\/www.linkedin.com\/company\/34739653\",\"https:\/\/www.instagram.com\/gh0stysky\"]}]}<\/script>\n<!-- \/ Yoast SEO plugin. -->","yoast_head_json":{"title":"Bateria Unitree R1 - Ghostysky","description":"A bateria inteligente Unitree R1 \u00e9 uma solu\u00e7\u00e3o de energia de alto desempenho projetada especificamente para o rob\u00f4 humanoide Unitree R1. Concebida para suportar as elevadas exig\u00eancias de torque do movimento b\u00edpede e do processamento complexo de IA, esta bateria combina um formato leve com recursos avan\u00e7ados de seguran\u00e7a.","robots":{"index":"index","follow":"follow","max-snippet":"max-snippet:-1","max-image-preview":"max-image-preview:large","max-video-preview":"max-video-preview:-1"},"canonical":"https:\/\/www.ghostysky.com\/pt\/produto-2\/unitree-r1-battery\/","og_locale":"pt_PT","og_type":"article","og_title":"Unitree R1 Battery - Ghostysky","og_description":"The Unitree R1 Intelligent Smart Battery is a high-performance power solution specifically engineered for the Unitree R1 humanoid robot. Designed to handle the high-torque demands of bipedal movement and complex AI processing, this battery combines a lightweight form factor with advanced safety features.","og_url":"https:\/\/www.ghostysky.com\/pt\/produto-2\/unitree-r1-battery\/","og_site_name":"Ghostysky","article_publisher":"https:\/\/www.facebook.com\/people\/Ghostysky\/100057676170234\/","article_modified_time":"2026-01-10T11:01:41+00:00","og_image":[{"width":2560,"height":577,"url":"https:\/\/www.ghostysky.com\/wp-content\/uploads\/2025\/10\/GH_Unitree.svg_logo_1.png","type":"image\/png"}],"twitter_card":"summary_large_image","twitter_site":"@Gh0stysky","twitter_misc":{"Tempo estimado de leitura":"2 minutos"},"schema":{"@context":"https:\/\/schema.org","@graph":[{"@type":"WebPage","@id":"https:\/\/www.ghostysky.com\/product\/unitree-r1-battery\/","url":"https:\/\/www.ghostysky.com\/product\/unitree-r1-battery\/","name":"Bateria Unitree R1 - Ghostysky","isPartOf":{"@id":"https:\/\/www.ghostysky.com\/#website"},"primaryImageOfPage":{"@id":"https:\/\/www.ghostysky.com\/product\/unitree-r1-battery\/#primaryimage"},"image":{"@id":"https:\/\/www.ghostysky.com\/product\/unitree-r1-battery\/#primaryimage"},"thumbnailUrl":"https:\/\/www.ghostysky.com\/wp-content\/uploads\/2025\/10\/GH_Unitree.svg_logo_1.png","datePublished":"2026-01-10T10:31:44+00:00","dateModified":"2026-01-10T11:01:41+00:00","description":"A bateria inteligente Unitree R1 \u00e9 uma solu\u00e7\u00e3o de energia de alto desempenho projetada especificamente para o rob\u00f4 humanoide Unitree R1. Concebida para suportar as elevadas exig\u00eancias de torque do movimento b\u00edpede e do processamento complexo de IA, esta bateria combina um formato leve com recursos avan\u00e7ados de seguran\u00e7a.","breadcrumb":{"@id":"https:\/\/www.ghostysky.com\/product\/unitree-r1-battery\/#breadcrumb"},"inLanguage":"pt-PT","potentialAction":[{"@type":"ReadAction","target":["https:\/\/www.ghostysky.com\/product\/unitree-r1-battery\/"]}]},{"@type":"ImageObject","inLanguage":"pt-PT","@id":"https:\/\/www.ghostysky.com\/product\/unitree-r1-battery\/#primaryimage","url":"https:\/\/www.ghostysky.com\/wp-content\/uploads\/2025\/10\/GH_Unitree.svg_logo_1.png","contentUrl":"https:\/\/www.ghostysky.com\/wp-content\/uploads\/2025\/10\/GH_Unitree.svg_logo_1.png","width":2560,"height":577},{"@type":"BreadcrumbList","@id":"https:\/\/www.ghostysky.com\/product\/unitree-r1-battery\/#breadcrumb","itemListElement":[{"@type":"ListItem","position":1,"name":"Home","item":"https:\/\/www.ghostysky.com\/"},{"@type":"ListItem","position":2,"name":"Shop","item":"https:\/\/www.ghostysky.com\/shop\/"},{"@type":"ListItem","position":3,"name":"Unitree R1 Battery"}]},{"@type":"WebSite","@id":"https:\/\/www.ghostysky.com\/#website","url":"https:\/\/www.ghostysky.com\/","name":"Ghostysky","description":"Fornecendo drones e servi\u00e7os profissionais","publisher":{"@id":"https:\/\/www.ghostysky.com\/#organization"},"potentialAction":[{"@type":"SearchAction","target":{"@type":"EntryPoint","urlTemplate":"https:\/\/www.ghostysky.com\/?s={search_term_string}"},"query-input":{"@type":"PropertyValueSpecification","valueRequired":true,"valueName":"search_term_string"}}],"inLanguage":"pt-PT"},{"@type":"Organization","@id":"https:\/\/www.ghostysky.com\/#organization","name":"Ghostysky","url":"https:\/\/www.ghostysky.com\/","logo":{"@type":"ImageObject","inLanguage":"pt-PT","@id":"https:\/\/www.ghostysky.com\/#\/schema\/logo\/image\/","url":"https:\/\/www.ghostysky.com\/wp-content\/uploads\/2020\/06\/cropped-ghostyskylogo_text_white2.png","contentUrl":"https:\/\/www.ghostysky.com\/wp-content\/uploads\/2020\/06\/cropped-ghostyskylogo_text_white2.png","width":169,"height":56,"caption":"Ghostysky"},"image":{"@id":"https:\/\/www.ghostysky.com\/#\/schema\/logo\/image\/"},"sameAs":["https:\/\/www.facebook.com\/people\/Ghostysky\/100057676170234\/","https:\/\/x.com\/Gh0stysky","https:\/\/www.linkedin.com\/company\/34739653","https:\/\/www.instagram.com\/gh0stysky"]}]}},"_links":{"self":[{"href":"https:\/\/www.ghostysky.com\/pt\/wp-json\/wp\/v2\/product\/23642","targetHints":{"allow":["GET"]}}],"collection":[{"href":"https:\/\/www.ghostysky.com\/pt\/wp-json\/wp\/v2\/product"}],"about":[{"href":"https:\/\/www.ghostysky.com\/pt\/wp-json\/wp\/v2\/types\/product"}],"replies":[{"embeddable":true,"href":"https:\/\/www.ghostysky.com\/pt\/wp-json\/wp\/v2\/comments?post=23642"}],"wp:featuredmedia":[{"embeddable":true,"href":"https:\/\/www.ghostysky.com\/pt\/wp-json\/wp\/v2\/media\/21985"}],"wp:attachment":[{"href":"https:\/\/www.ghostysky.com\/pt\/wp-json\/wp\/v2\/media?parent=23642"}],"wp:term":[{"taxonomy":"product_brand","embeddable":true,"href":"https:\/\/www.ghostysky.com\/pt\/wp-json\/wp\/v2\/product_brand?post=23642"},{"taxonomy":"product_cat","embeddable":true,"href":"https:\/\/www.ghostysky.com\/pt\/wp-json\/wp\/v2\/product_cat?post=23642"},{"taxonomy":"product_tag","embeddable":true,"href":"https:\/\/www.ghostysky.com\/pt\/wp-json\/wp\/v2\/product_tag?post=23642"}],"curies":[{"name":"wp","href":"https:\/\/api.w.org\/{rel}","templated":true}]}}