{"id":23650,"date":"2026-01-10T10:48:09","date_gmt":"2026-01-10T10:48:09","guid":{"rendered":"https:\/\/www.ghostysky.com\/?post_type=product&#038;p=23650"},"modified":"2026-01-10T11:03:15","modified_gmt":"2026-01-10T11:03:15","slug":"unitree-r1-brainco-bionic-dexterous-hand-revo-2-basic-version","status":"publish","type":"product","link":"https:\/\/www.ghostysky.com\/pt\/product\/unitree-r1-brainco-bionic-dexterous-hand-revo-2-basic-version\/","title":{"rendered":"Unitree R1 BrainCo M\u00e3o Bi\u00f4nica Destra Revo 2 Vers\u00e3o B\u00e1sica"},"content":{"rendered":"<h4 data-path-to-node=\"3\"><b data-path-to-node=\"3\" data-index-in-node=\"0\">Caracter\u00edsticas principais<\/b><\/h4>\n<ul data-path-to-node=\"4\">\n<li>\n<p data-path-to-node=\"4,0,0\"><b data-path-to-node=\"4,0,0\" data-index-in-node=\"0\"><span class=\"citation-66\">Design bi\u00f4nico ultraleve:<\/span><\/b><span class=\"citation-66\"> Pesando apenas <\/span><b data-path-to-node=\"4,0,0\" data-index-in-node=\"47\"><span class=\"citation-66\">383g<\/span><\/b><span class=\"citation-66 citation-end-66\"> (aprox.\u00a0<\/span><span class=\"citation-65 citation-end-65\">(com o peso de seis ovos), a m\u00e3o \u00e9 20% mais leve do que a de muitos concorrentes do setor, reduzindo a carga inercial nas articula\u00e7\u00f5es do bra\u00e7o do rob\u00f4.<\/span><\/p>\n<\/li>\n<li>\n<p data-path-to-node=\"4,1,0\"><b data-path-to-node=\"4,1,0\" data-index-in-node=\"0\"><span class=\"citation-64\">Alta capacidade de carga e for\u00e7a de preens\u00e3o:<\/span><\/b><span class=\"citation-64\"> Apesar do seu tamanho compacto, oferece uma pot\u00eancia <\/span><b data-path-to-node=\"4,1,0\" data-index-in-node=\"76\"><span class=\"citation-64\">For\u00e7a de preens\u00e3o de 50 N<\/span><\/b><span class=\"citation-64\"> e pode suportar uma carga est\u00e1tica de at\u00e9 <\/span><b data-path-to-node=\"4,1,0\" data-index-in-node=\"130\"><span class=\"citation-64\">20 kg<\/span><\/b><span class=\"citation-64 citation-end-64\">, permitindo que ele suporte objetos pesados do dia a dia, como uma jarra de \u00e1gua cheia.<\/span><\/p>\n<\/li>\n<li>\n<p data-path-to-node=\"4,2,0\"><b data-path-to-node=\"4,2,0\" data-index-in-node=\"0\"><span class=\"citation-63\">Atua\u00e7\u00e3o de precis\u00e3o:<\/span><\/b><span class=\"citation-63\"> Recursos <\/span><b data-path-to-node=\"4,2,0\" data-index-in-node=\"30\"><span class=\"citation-63\">11 graus de liberdade (DoF)<\/span><\/b><span class=\"citation-63\"> com <\/span><b data-path-to-node=\"4,2,0\" data-index-in-node=\"63\"><span class=\"citation-63\">6 articula\u00e7\u00f5es ativas<\/span><\/b><span class=\"citation-63 citation-end-63\">, possibilitando gestos complexos e preens\u00e3o adaptativa.<\/span> <span class=\"citation-62\">Ela atinge uma precis\u00e3o de repeti\u00e7\u00e3o de <\/span><b data-path-to-node=\"4,2,0\" data-index-in-node=\"162\"><span class=\"citation-62\">0,1\u00b0<\/span><\/b><span class=\"citation-62 citation-end-62\"> para tarefas de motricidade fina.<\/span><\/p>\n<\/li>\n<li>\n<p data-path-to-node=\"4,3,0\"><b data-path-to-node=\"4,3,0\" data-index-in-node=\"0\"><span class=\"citation-61\">Ergonomia em escala humana:<\/span><\/b><span class=\"citation-61 citation-end-61\"> Com 16 cm de comprimento, corresponde ao tamanho de uma m\u00e3o adulta m\u00e9dia, garantindo que possa interagir com ferramentas e ambientes projetados para humanos.<\/span><\/p>\n<\/li>\n<\/ul>\n<h4 data-path-to-node=\"6\"><b data-path-to-node=\"6\" data-index-in-node=\"0\">Especifica\u00e7\u00f5es t\u00e9cnicas<\/b><\/h4>\n<table data-path-to-node=\"7\">\n<thead>\n<tr>\n<td><strong>Par\u00e2metro<\/strong><\/td>\n<td><strong>Especifica\u00e7\u00f5es<\/strong><\/td>\n<\/tr>\n<\/thead>\n<tbody>\n<tr>\n<td><span data-path-to-node=\"7,1,0,0\"><b data-path-to-node=\"7,1,0,0\" data-index-in-node=\"0\">Modelo<\/b><\/span><\/td>\n<td><span data-path-to-node=\"7,1,1,0\">BrainCo Revo 2 B\u00e1sico<\/span><\/td>\n<\/tr>\n<tr>\n<td><span data-path-to-node=\"7,2,0,0\"><b data-path-to-node=\"7,2,0,0\" data-index-in-node=\"0\">Peso<\/b><\/span><\/td>\n<td><span data-path-to-node=\"7,2,1,0\">~383 g<\/span><\/td>\n<\/tr>\n<tr>\n<td><span data-path-to-node=\"7,3,0,0\"><b data-path-to-node=\"7,3,0,0\" data-index-in-node=\"0\">Dimens\u00f5es<\/b><\/span><\/td>\n<td><span data-path-to-node=\"7,3,1,0\">160 mm x 76 mm<\/span><\/td>\n<\/tr>\n<tr>\n<td><span data-path-to-node=\"7,4,0,0\"><b data-path-to-node=\"7,4,0,0\" data-index-in-node=\"0\">Graus de Liberdade (DoF)<\/b><\/span><\/td>\n<td><span data-path-to-node=\"7,4,1,0\">11 (6 articula\u00e7\u00f5es ativas)<\/span><\/td>\n<\/tr>\n<tr>\n<td><span data-path-to-node=\"7,5,0,0\"><b data-path-to-node=\"7,5,0,0\" data-index-in-node=\"0\">For\u00e7a de Agarrar Poder<\/b><\/span><\/td>\n<td><span data-path-to-node=\"7,5,1,0\"><span class=\"math-inline\" data-math=\"\\geq 50\" data-index-in-node=\"0\">&gt;= 50<\/span>\u00a0N<\/span><\/td>\n<\/tr>\n<tr>\n<td><span data-path-to-node=\"7,6,0,0\"><b data-path-to-node=\"7,6,0,0\" data-index-in-node=\"0\">For\u00e7a de pin\u00e7a dos dedos<\/b><\/span><\/td>\n<td><span data-path-to-node=\"7,6,1,0\"><span class=\"math-inline\" data-math=\"\\geq 15\" data-index-in-node=\"0\">&gt;= 15<\/span>\u00a0N<\/span><\/td>\n<\/tr>\n<tr>\n<td><span data-path-to-node=\"7,7,0,0\"><b data-path-to-node=\"7,7,0,0\" data-index-in-node=\"0\">Carga Est\u00e1tica M\u00e1xima<\/b><\/span><\/td>\n<td><span data-path-to-node=\"7,7,1,0\">20 kg<\/span><\/td>\n<\/tr>\n<tr>\n<td><span data-path-to-node=\"7,8,0,0\"><b data-path-to-node=\"7,8,0,0\" data-index-in-node=\"0\">Precis\u00e3o de Repeti\u00e7\u00e3o<\/b><\/span><\/td>\n<td><span data-path-to-node=\"7,8,1,0\">0,1\u00b0<\/span><\/td>\n<\/tr>\n<tr>\n<td><span data-path-to-node=\"7,9,0,0\"><b data-path-to-node=\"7,9,0,0\" data-index-in-node=\"0\">Ru\u00eddo de funcionamento<\/b><\/span><\/td>\n<td><span data-path-to-node=\"7,9,1,0\"><span class=\"math-inline\" data-math=\"\\leq 50\" data-index-in-node=\"0\">&lt;= 50<\/span>\u00a0dB<\/span><\/td>\n<\/tr>\n<tr>\n<td><span data-path-to-node=\"7,10,0,0\"><b data-path-to-node=\"7,10,0,0\" data-index-in-node=\"0\">Comunica\u00e7\u00e3o<\/b><\/span><\/td>\n<td><span data-path-to-node=\"7,10,1,0\">RS485, CAN-FD<\/span><\/td>\n<\/tr>\n<tr>\n<td><span data-path-to-node=\"7,11,0,0\"><b data-path-to-node=\"7,11,0,0\" data-index-in-node=\"0\">Alcance de voltagem<\/b><\/span><\/td>\n<td><span data-path-to-node=\"7,11,1,0\">9V \u2013 28V<\/span><\/td>\n<\/tr>\n<\/tbody>\n<\/table>\n<hr data-path-to-node=\"8\" \/>\n<h4 data-path-to-node=\"9\"><b data-path-to-node=\"9\" data-index-in-node=\"0\">Compara\u00e7\u00e3o: Vers\u00f5es B\u00e1sica e Pro\/Touch<\/b><\/h4>\n<p data-path-to-node=\"10\">O <b data-path-to-node=\"10\" data-index-in-node=\"4\">Vers\u00e3o b\u00e1sica<\/b> \u00c9 otimizado para movimento e for\u00e7a. <span class=\"citation-60 citation-end-60\">Embora suporte controle de posi\u00e7\u00e3o, velocidade e corrente, carece de certos recursos avan\u00e7ados encontrados nas vers\u00f5es superiores:<\/span><\/p>\n<ul data-path-to-node=\"11\">\n<li>\n<p data-path-to-node=\"11,0,0\"><b data-path-to-node=\"11,0,0\" data-index-in-node=\"0\"><span class=\"citation-59\">Comunica\u00e7\u00e3o:<\/span><\/b><span class=\"citation-59\"> A vers\u00e3o b\u00e1sica utiliza RS485\/CAN-FD; as vers\u00f5es Pro\/Touch adicionam <\/span><b data-path-to-node=\"11,0,0\" data-index-in-node=\"67\"><span class=\"citation-59\">EtherCAT<\/span><\/b><span class=\"citation-59 citation-end-59\"> apoiar.<\/span><\/p>\n<\/li>\n<li>\n<p data-path-to-node=\"11,1,0\"><b data-path-to-node=\"11,1,0\" data-index-in-node=\"0\">Feedback t\u00e1til:<\/b> A vers\u00e3o b\u00e1sica faz <b data-path-to-node=\"11,1,0\" data-index-in-node=\"41\">n\u00e3o<\/b> incluem o sistema de percep\u00e7\u00e3o t\u00e1til 3D (detec\u00e7\u00e3o de press\u00e3o, fric\u00e7\u00e3o e dire\u00e7\u00e3o da for\u00e7a) encontrado no <b data-path-to-node=\"11,1,0\" data-index-in-node=\"149\">Revo 2 Touch<\/b>.<\/p>\n<\/li>\n<li>\n<p data-path-to-node=\"11,2,0\"><b data-path-to-node=\"11,2,0\" data-index-in-node=\"0\">Voltagem:<\/b> A vers\u00e3o Basic opera at\u00e9 28V, enquanto as vers\u00f5es Pro\/Touch suportam uma faixa mais ampla, at\u00e9 64V.<\/p>\n<\/li>\n<\/ul>\n<h4 data-path-to-node=\"12\"><b data-path-to-node=\"12\" data-index-in-node=\"0\">Aplica\u00e7\u00f5es ideais<\/b><\/h4>\n<ul data-path-to-node=\"13\">\n<li>\n<p data-path-to-node=\"13,0,0\"><b data-path-to-node=\"13,0,0\" data-index-in-node=\"0\"><span class=\"citation-58\">Pesquisa sobre humanoides:<\/span><\/b><span class=\"citation-58 citation-end-58\"> Desenvolver a locomo\u00e7\u00e3o e o equil\u00edbrio ao carregar objetos.<\/span><\/p>\n<\/li>\n<li>\n<p data-path-to-node=\"13,1,0\"><b data-path-to-node=\"13,1,0\" data-index-in-node=\"0\">Rob\u00f3tica de Servi\u00e7o:<\/b> Tarefas simples de pegar e colocar em ambientes dom\u00e9sticos ou de laborat\u00f3rio.<\/p>\n<\/li>\n<li>\n<p data-path-to-node=\"13,2,0\"><b data-path-to-node=\"13,2,0\" data-index-in-node=\"0\">Educa\u00e7\u00e3o:<\/b> Lecionar cinem\u00e1tica e controle bi\u00f4nico em n\u00edvel universit\u00e1rio.<\/p>\n<\/li>\n<li>\n<p data-path-to-node=\"13,3,0\"><b data-path-to-node=\"13,3,0\" data-index-in-node=\"0\">Treinamento de IA:<\/b><span class=\"citation-57 citation-end-57\"> Utilizando aprendizagem por refor\u00e7o para dominar gestos de preens\u00e3o semelhantes aos humanos.<\/span><\/p>\n<\/li>\n<\/ul>","protected":false},"excerpt":{"rendered":"<p class=\"first-token\" data-path-to-node=\"0\"><span class=\"\">O <\/span><b class=\"\" data-path-to-node=\"0\" data-index-in-node=\"4\">Unitree R1 BrainCo Bionic Dexterous Hand Revo 2 (Vers\u00e3o B\u00e1sica)<\/b><span class=\"\"> \u00e9 de alto desempenho,<\/span><span class=\"\"> Efetor final rob\u00f3tico em escala humana projetado para integra\u00e7\u00e3o com as plataformas humanoides Unitree R1 e G1.<\/span><span class=\"\"> Desenvolvido por <\/span><b class=\"\" data-path-to-node=\"0\" data-index-in-node=\"209\">BrainCo<\/b><span class=\"\"> (uma empresa l\u00edder em BCI e tecnologia prot\u00e9tica),<\/span><span class=\"\"> O Revo 2 foi projetado para imitar a forma e a funcionalidade de uma m\u00e3o humana.<\/span><span class=\"\"> Priorizando uma alta rela\u00e7\u00e3o pot\u00eancia-peso e um controle preciso.<\/span><\/p>\n<p data-path-to-node=\"1\"><span class=\"\">A \u201cVers\u00e3o B\u00e1sica\u201d serve como ponto de entrada acess\u00edvel para pesquisadores e desenvolvedores que necessitam de manipula\u00e7\u00e3o bi\u00f4nica sem a detec\u00e7\u00e3o t\u00e1til multimodal avan\u00e7ada encontrada nos modelos \u201cTouch\u201d de n\u00edvel superior.<\/span><\/p>","protected":false},"featured_media":21985,"comment_status":"open","ping_status":"closed","template":"","meta":[],"product_brand":[1087],"product_cat":[1038,1037,1102],"product_tag":[1088,1325,1113],"class_list":{"0":"post-23650","1":"product","2":"type-product","3":"status-publish","4":"has-post-thumbnail","6":"product_brand-unitree","7":"product_cat-humanoid","8":"product_cat-robotics","9":"product_cat-unitree-hum-accessories","10":"product_tag-unitree","11":"product_tag-unitree-r1-accessories","12":"product_tag-unitree-r1-series","14":"first","15":"onbackorder","16":"taxable","17":"shipping-taxable","18":"product-type-simple"},"yoast_head":"<!-- This site is optimized with the Yoast SEO plugin v27.1.1 - https:\/\/yoast.com\/product\/yoast-seo-wordpress\/ -->\n<title>Unitree R1 BrainCo Bionic Dexterous Hand Revo 2 Basic Version - Ghostysky<\/title>\n<meta name=\"description\" content=\"The Unitree R1 BrainCo Bionic Dexterous Hand Revo 2 (Basic Version) is a high-performance, human-scale robotic end-effector designed for integration with the Unitree R1 and G1 humanoid platforms. Developed by BrainCo (a leader in BCI and prosthetic technology), the Revo 2 is engineered to mimic the form and functionality of a human hand, prioritizing a high power-to-weight ratio and precise control.The &quot;Basic Version&quot; serves as the accessible entry point for researchers and developers who require bionic manipulation without the advanced multimodal tactile sensing found in the higher-tier &quot;Touch&quot; models.\" \/>\n<meta name=\"robots\" content=\"index, follow, max-snippet:-1, max-image-preview:large, max-video-preview:-1\" \/>\n<link rel=\"canonical\" href=\"https:\/\/www.ghostysky.com\/pt\/produto-2\/unitree-r1-brainco-bionic-dexterous-hand-revo-2-basic-version\/\" \/>\n<meta property=\"og:locale\" content=\"pt_PT\" \/>\n<meta property=\"og:type\" content=\"article\" \/>\n<meta property=\"og:title\" content=\"Unitree R1 BrainCo Bionic Dexterous Hand Revo 2 Basic Version - Ghostysky\" \/>\n<meta property=\"og:description\" content=\"The Unitree R1 BrainCo Bionic Dexterous Hand Revo 2 (Basic Version) is a high-performance, human-scale robotic end-effector designed for integration with the Unitree R1 and G1 humanoid platforms. Developed by BrainCo (a leader in BCI and prosthetic technology), the Revo 2 is engineered to mimic the form and functionality of a human hand, prioritizing a high power-to-weight ratio and precise control.The &quot;Basic Version&quot; serves as the accessible entry point for researchers and developers who require bionic manipulation without the advanced multimodal tactile sensing found in the higher-tier &quot;Touch&quot; models.\" \/>\n<meta property=\"og:url\" content=\"https:\/\/www.ghostysky.com\/pt\/produto-2\/unitree-r1-brainco-bionic-dexterous-hand-revo-2-basic-version\/\" \/>\n<meta property=\"og:site_name\" content=\"Ghostysky\" \/>\n<meta property=\"article:publisher\" content=\"https:\/\/www.facebook.com\/people\/Ghostysky\/100057676170234\/\" \/>\n<meta property=\"article:modified_time\" content=\"2026-01-10T11:03:15+00:00\" \/>\n<meta property=\"og:image\" content=\"https:\/\/www.ghostysky.com\/wp-content\/uploads\/2025\/10\/GH_Unitree.svg_logo_1.png\" \/>\n\t<meta property=\"og:image:width\" content=\"2560\" \/>\n\t<meta property=\"og:image:height\" content=\"577\" \/>\n\t<meta property=\"og:image:type\" content=\"image\/png\" \/>\n<meta name=\"twitter:card\" content=\"summary_large_image\" \/>\n<meta name=\"twitter:site\" content=\"@Gh0stysky\" \/>\n<meta name=\"twitter:label1\" content=\"Tempo estimado de leitura\" \/>\n\t<meta name=\"twitter:data1\" content=\"2 minutos\" \/>\n<script type=\"application\/ld+json\" class=\"yoast-schema-graph\">{\"@context\":\"https:\/\/schema.org\",\"@graph\":[{\"@type\":\"WebPage\",\"@id\":\"https:\/\/www.ghostysky.com\/product\/unitree-r1-brainco-bionic-dexterous-hand-revo-2-basic-version\/\",\"url\":\"https:\/\/www.ghostysky.com\/product\/unitree-r1-brainco-bionic-dexterous-hand-revo-2-basic-version\/\",\"name\":\"Unitree R1 BrainCo Bionic Dexterous Hand Revo 2 Basic Version - Ghostysky\",\"isPartOf\":{\"@id\":\"https:\/\/www.ghostysky.com\/#website\"},\"primaryImageOfPage\":{\"@id\":\"https:\/\/www.ghostysky.com\/product\/unitree-r1-brainco-bionic-dexterous-hand-revo-2-basic-version\/#primaryimage\"},\"image\":{\"@id\":\"https:\/\/www.ghostysky.com\/product\/unitree-r1-brainco-bionic-dexterous-hand-revo-2-basic-version\/#primaryimage\"},\"thumbnailUrl\":\"https:\/\/www.ghostysky.com\/wp-content\/uploads\/2025\/10\/GH_Unitree.svg_logo_1.png\",\"datePublished\":\"2026-01-10T10:48:09+00:00\",\"dateModified\":\"2026-01-10T11:03:15+00:00\",\"description\":\"The Unitree R1 BrainCo Bionic Dexterous Hand Revo 2 (Basic Version) is a high-performance, human-scale robotic end-effector designed for integration with the Unitree R1 and G1 humanoid platforms. Developed by BrainCo (a leader in BCI and prosthetic technology), the Revo 2 is engineered to mimic the form and functionality of a human hand, prioritizing a high power-to-weight ratio and precise control.The \\\"Basic Version\\\" serves as the accessible entry point for researchers and developers who require bionic manipulation without the advanced multimodal tactile sensing found in the higher-tier \\\"Touch\\\" models.\",\"breadcrumb\":{\"@id\":\"https:\/\/www.ghostysky.com\/product\/unitree-r1-brainco-bionic-dexterous-hand-revo-2-basic-version\/#breadcrumb\"},\"inLanguage\":\"pt-PT\",\"potentialAction\":[{\"@type\":\"ReadAction\",\"target\":[\"https:\/\/www.ghostysky.com\/product\/unitree-r1-brainco-bionic-dexterous-hand-revo-2-basic-version\/\"]}]},{\"@type\":\"ImageObject\",\"inLanguage\":\"pt-PT\",\"@id\":\"https:\/\/www.ghostysky.com\/product\/unitree-r1-brainco-bionic-dexterous-hand-revo-2-basic-version\/#primaryimage\",\"url\":\"https:\/\/www.ghostysky.com\/wp-content\/uploads\/2025\/10\/GH_Unitree.svg_logo_1.png\",\"contentUrl\":\"https:\/\/www.ghostysky.com\/wp-content\/uploads\/2025\/10\/GH_Unitree.svg_logo_1.png\",\"width\":2560,\"height\":577},{\"@type\":\"BreadcrumbList\",\"@id\":\"https:\/\/www.ghostysky.com\/product\/unitree-r1-brainco-bionic-dexterous-hand-revo-2-basic-version\/#breadcrumb\",\"itemListElement\":[{\"@type\":\"ListItem\",\"position\":1,\"name\":\"Home\",\"item\":\"https:\/\/www.ghostysky.com\/\"},{\"@type\":\"ListItem\",\"position\":2,\"name\":\"Shop\",\"item\":\"https:\/\/www.ghostysky.com\/shop\/\"},{\"@type\":\"ListItem\",\"position\":3,\"name\":\"Unitree R1 BrainCo Bionic Dexterous Hand Revo 2 Basic Version\"}]},{\"@type\":\"WebSite\",\"@id\":\"https:\/\/www.ghostysky.com\/#website\",\"url\":\"https:\/\/www.ghostysky.com\/\",\"name\":\"Ghostysky\",\"description\":\"Delivering professional drones and services\",\"publisher\":{\"@id\":\"https:\/\/www.ghostysky.com\/#organization\"},\"potentialAction\":[{\"@type\":\"SearchAction\",\"target\":{\"@type\":\"EntryPoint\",\"urlTemplate\":\"https:\/\/www.ghostysky.com\/?s={search_term_string}\"},\"query-input\":{\"@type\":\"PropertyValueSpecification\",\"valueRequired\":true,\"valueName\":\"search_term_string\"}}],\"inLanguage\":\"pt-PT\"},{\"@type\":\"Organization\",\"@id\":\"https:\/\/www.ghostysky.com\/#organization\",\"name\":\"Ghostysky\",\"url\":\"https:\/\/www.ghostysky.com\/\",\"logo\":{\"@type\":\"ImageObject\",\"inLanguage\":\"pt-PT\",\"@id\":\"https:\/\/www.ghostysky.com\/#\/schema\/logo\/image\/\",\"url\":\"https:\/\/www.ghostysky.com\/wp-content\/uploads\/2020\/06\/cropped-ghostyskylogo_text_white2.png\",\"contentUrl\":\"https:\/\/www.ghostysky.com\/wp-content\/uploads\/2020\/06\/cropped-ghostyskylogo_text_white2.png\",\"width\":169,\"height\":56,\"caption\":\"Ghostysky\"},\"image\":{\"@id\":\"https:\/\/www.ghostysky.com\/#\/schema\/logo\/image\/\"},\"sameAs\":[\"https:\/\/www.facebook.com\/people\/Ghostysky\/100057676170234\/\",\"https:\/\/x.com\/Gh0stysky\",\"https:\/\/www.linkedin.com\/company\/34739653\",\"https:\/\/www.instagram.com\/gh0stysky\"]}]}<\/script>\n<!-- \/ Yoast SEO plugin. -->","yoast_head_json":{"title":"Unitree R1 BrainCo Bionic Dexterous Hand Revo 2 Vers\u00e3o B\u00e1sica - Ghostysky","description":"A M\u00e3o Bi\u00f4nica Destra Revo 2 da BrainCo para Unitree R1 (Vers\u00e3o B\u00e1sica) \u00e9 um atuador final rob\u00f3tico de alto desempenho e em escala humana, projetado para integra\u00e7\u00e3o com as plataformas humanoides Unitree R1 e G1. Desenvolvida pela BrainCo (l\u00edder em tecnologia BCI e pr\u00f3teses), a Revo 2 foi projetada para imitar a forma e a funcionalidade de uma m\u00e3o humana, priorizando uma alta rela\u00e7\u00e3o pot\u00eancia\/peso e controle preciso. A &quot;Vers\u00e3o B\u00e1sica&quot; serve como ponto de entrada acess\u00edvel para pesquisadores e desenvolvedores que necessitam de manipula\u00e7\u00e3o bi\u00f4nica sem a detec\u00e7\u00e3o t\u00e1til multimodal avan\u00e7ada encontrada nos modelos &quot;Touch&quot; de n\u00edvel superior.","robots":{"index":"index","follow":"follow","max-snippet":"max-snippet:-1","max-image-preview":"max-image-preview:large","max-video-preview":"max-video-preview:-1"},"canonical":"https:\/\/www.ghostysky.com\/pt\/produto-2\/unitree-r1-brainco-bionic-dexterous-hand-revo-2-basic-version\/","og_locale":"pt_PT","og_type":"article","og_title":"Unitree R1 BrainCo Bionic Dexterous Hand Revo 2 Basic Version - Ghostysky","og_description":"The Unitree R1 BrainCo Bionic Dexterous Hand Revo 2 (Basic Version) is a high-performance, human-scale robotic end-effector designed for integration with the Unitree R1 and G1 humanoid platforms. Developed by BrainCo (a leader in BCI and prosthetic technology), the Revo 2 is engineered to mimic the form and functionality of a human hand, prioritizing a high power-to-weight ratio and precise control.The \"Basic Version\" serves as the accessible entry point for researchers and developers who require bionic manipulation without the advanced multimodal tactile sensing found in the higher-tier \"Touch\" models.","og_url":"https:\/\/www.ghostysky.com\/pt\/produto-2\/unitree-r1-brainco-bionic-dexterous-hand-revo-2-basic-version\/","og_site_name":"Ghostysky","article_publisher":"https:\/\/www.facebook.com\/people\/Ghostysky\/100057676170234\/","article_modified_time":"2026-01-10T11:03:15+00:00","og_image":[{"width":2560,"height":577,"url":"https:\/\/www.ghostysky.com\/wp-content\/uploads\/2025\/10\/GH_Unitree.svg_logo_1.png","type":"image\/png"}],"twitter_card":"summary_large_image","twitter_site":"@Gh0stysky","twitter_misc":{"Tempo estimado de leitura":"2 minutos"},"schema":{"@context":"https:\/\/schema.org","@graph":[{"@type":"WebPage","@id":"https:\/\/www.ghostysky.com\/product\/unitree-r1-brainco-bionic-dexterous-hand-revo-2-basic-version\/","url":"https:\/\/www.ghostysky.com\/product\/unitree-r1-brainco-bionic-dexterous-hand-revo-2-basic-version\/","name":"Unitree R1 BrainCo Bionic Dexterous Hand Revo 2 Vers\u00e3o B\u00e1sica - Ghostysky","isPartOf":{"@id":"https:\/\/www.ghostysky.com\/#website"},"primaryImageOfPage":{"@id":"https:\/\/www.ghostysky.com\/product\/unitree-r1-brainco-bionic-dexterous-hand-revo-2-basic-version\/#primaryimage"},"image":{"@id":"https:\/\/www.ghostysky.com\/product\/unitree-r1-brainco-bionic-dexterous-hand-revo-2-basic-version\/#primaryimage"},"thumbnailUrl":"https:\/\/www.ghostysky.com\/wp-content\/uploads\/2025\/10\/GH_Unitree.svg_logo_1.png","datePublished":"2026-01-10T10:48:09+00:00","dateModified":"2026-01-10T11:03:15+00:00","description":"A M\u00e3o Bi\u00f4nica Destra Revo 2 da BrainCo para Unitree R1 (Vers\u00e3o B\u00e1sica) \u00e9 um atuador final rob\u00f3tico de alto desempenho e em escala humana, projetado para integra\u00e7\u00e3o com as plataformas humanoides Unitree R1 e G1. Desenvolvida pela BrainCo (l\u00edder em tecnologia BCI e pr\u00f3teses), a Revo 2 foi projetada para imitar a forma e a funcionalidade de uma m\u00e3o humana, priorizando uma alta rela\u00e7\u00e3o pot\u00eancia\/peso e controle preciso. A &quot;Vers\u00e3o B\u00e1sica&quot; serve como ponto de entrada acess\u00edvel para pesquisadores e desenvolvedores que necessitam de manipula\u00e7\u00e3o bi\u00f4nica sem a detec\u00e7\u00e3o t\u00e1til multimodal avan\u00e7ada encontrada nos modelos &quot;Touch&quot; de n\u00edvel superior.","breadcrumb":{"@id":"https:\/\/www.ghostysky.com\/product\/unitree-r1-brainco-bionic-dexterous-hand-revo-2-basic-version\/#breadcrumb"},"inLanguage":"pt-PT","potentialAction":[{"@type":"ReadAction","target":["https:\/\/www.ghostysky.com\/product\/unitree-r1-brainco-bionic-dexterous-hand-revo-2-basic-version\/"]}]},{"@type":"ImageObject","inLanguage":"pt-PT","@id":"https:\/\/www.ghostysky.com\/product\/unitree-r1-brainco-bionic-dexterous-hand-revo-2-basic-version\/#primaryimage","url":"https:\/\/www.ghostysky.com\/wp-content\/uploads\/2025\/10\/GH_Unitree.svg_logo_1.png","contentUrl":"https:\/\/www.ghostysky.com\/wp-content\/uploads\/2025\/10\/GH_Unitree.svg_logo_1.png","width":2560,"height":577},{"@type":"BreadcrumbList","@id":"https:\/\/www.ghostysky.com\/product\/unitree-r1-brainco-bionic-dexterous-hand-revo-2-basic-version\/#breadcrumb","itemListElement":[{"@type":"ListItem","position":1,"name":"Home","item":"https:\/\/www.ghostysky.com\/"},{"@type":"ListItem","position":2,"name":"Shop","item":"https:\/\/www.ghostysky.com\/shop\/"},{"@type":"ListItem","position":3,"name":"Unitree R1 BrainCo Bionic Dexterous Hand Revo 2 Basic Version"}]},{"@type":"WebSite","@id":"https:\/\/www.ghostysky.com\/#website","url":"https:\/\/www.ghostysky.com\/","name":"Ghostysky","description":"Fornecendo drones e servi\u00e7os profissionais","publisher":{"@id":"https:\/\/www.ghostysky.com\/#organization"},"potentialAction":[{"@type":"SearchAction","target":{"@type":"EntryPoint","urlTemplate":"https:\/\/www.ghostysky.com\/?s={search_term_string}"},"query-input":{"@type":"PropertyValueSpecification","valueRequired":true,"valueName":"search_term_string"}}],"inLanguage":"pt-PT"},{"@type":"Organization","@id":"https:\/\/www.ghostysky.com\/#organization","name":"Ghostysky","url":"https:\/\/www.ghostysky.com\/","logo":{"@type":"ImageObject","inLanguage":"pt-PT","@id":"https:\/\/www.ghostysky.com\/#\/schema\/logo\/image\/","url":"https:\/\/www.ghostysky.com\/wp-content\/uploads\/2020\/06\/cropped-ghostyskylogo_text_white2.png","contentUrl":"https:\/\/www.ghostysky.com\/wp-content\/uploads\/2020\/06\/cropped-ghostyskylogo_text_white2.png","width":169,"height":56,"caption":"Ghostysky"},"image":{"@id":"https:\/\/www.ghostysky.com\/#\/schema\/logo\/image\/"},"sameAs":["https:\/\/www.facebook.com\/people\/Ghostysky\/100057676170234\/","https:\/\/x.com\/Gh0stysky","https:\/\/www.linkedin.com\/company\/34739653","https:\/\/www.instagram.com\/gh0stysky"]}]}},"_links":{"self":[{"href":"https:\/\/www.ghostysky.com\/pt\/wp-json\/wp\/v2\/product\/23650","targetHints":{"allow":["GET"]}}],"collection":[{"href":"https:\/\/www.ghostysky.com\/pt\/wp-json\/wp\/v2\/product"}],"about":[{"href":"https:\/\/www.ghostysky.com\/pt\/wp-json\/wp\/v2\/types\/product"}],"replies":[{"embeddable":true,"href":"https:\/\/www.ghostysky.com\/pt\/wp-json\/wp\/v2\/comments?post=23650"}],"wp:featuredmedia":[{"embeddable":true,"href":"https:\/\/www.ghostysky.com\/pt\/wp-json\/wp\/v2\/media\/21985"}],"wp:attachment":[{"href":"https:\/\/www.ghostysky.com\/pt\/wp-json\/wp\/v2\/media?parent=23650"}],"wp:term":[{"taxonomy":"product_brand","embeddable":true,"href":"https:\/\/www.ghostysky.com\/pt\/wp-json\/wp\/v2\/product_brand?post=23650"},{"taxonomy":"product_cat","embeddable":true,"href":"https:\/\/www.ghostysky.com\/pt\/wp-json\/wp\/v2\/product_cat?post=23650"},{"taxonomy":"product_tag","embeddable":true,"href":"https:\/\/www.ghostysky.com\/pt\/wp-json\/wp\/v2\/product_tag?post=23650"}],"curies":[{"name":"wp","href":"https:\/\/api.w.org\/{rel}","templated":true}]}}