{"id":23658,"date":"2026-01-10T11:13:11","date_gmt":"2026-01-10T11:13:11","guid":{"rendered":"https:\/\/www.ghostysky.com\/?post_type=product&#038;p=23658"},"modified":"2026-01-10T11:23:04","modified_gmt":"2026-01-10T11:23:04","slug":"unitree-h2-edu","status":"publish","type":"product","link":"https:\/\/www.ghostysky.com\/pt\/product\/unitree-h2-edu\/","title":{"rendered":"Unitree H2 Edu"},"content":{"rendered":"<h4 data-path-to-node=\"3\">Especifica\u00e7\u00f5es principais<\/h4>\n<p data-path-to-node=\"4\"><span class=\"citation-193 citation-end-193\">O H2 Edu \u00e9 uma plataforma em escala humana projetada para operar em ambientes constru\u00eddos para pessoas.<\/span><\/p>\n<table data-path-to-node=\"5\">\n<thead>\n<tr>\n<td><strong>Recurso<\/strong><\/td>\n<td><strong>Especifica\u00e7\u00f5es<\/strong><\/td>\n<\/tr>\n<\/thead>\n<tbody>\n<tr>\n<td><span data-path-to-node=\"5,1,0,0\"><b data-path-to-node=\"5,1,0,0\" data-index-in-node=\"0\">Altura<\/b><\/span><\/td>\n<td><span data-path-to-node=\"5,1,1,0\">182 cm (aproximadamente 6 p\u00e9s)<\/span><\/td>\n<\/tr>\n<tr>\n<td><span data-path-to-node=\"5,2,0,0\"><b data-path-to-node=\"5,2,0,0\" data-index-in-node=\"0\">Peso<\/b><\/span><\/td>\n<td><span data-path-to-node=\"5,2,1,0\">Aproximadamente 70 kg (incluindo a bateria)<\/span><\/td>\n<\/tr>\n<tr>\n<td><span data-path-to-node=\"5,3,0,0\"><b data-path-to-node=\"5,3,0,0\" data-index-in-node=\"0\">Graus de Liberdade (GL)<\/b><\/span><\/td>\n<td><span data-path-to-node=\"5,3,1,0\"><b data-path-to-node=\"5,3,1,0\" data-index-in-node=\"0\">31<\/b> (Cabe\u00e7a: 2, Cintura: 3, Bra\u00e7os: 7\u00d72, Pernas: 6\u00d72)<\/span><\/td>\n<\/tr>\n<tr>\n<td><span data-path-to-node=\"5,4,0,0\"><b data-path-to-node=\"5,4,0,0\" data-index-in-node=\"0\">Torque m\u00e1ximo<\/b><\/span><\/td>\n<td><span data-path-to-node=\"5,4,1,0\">Articula\u00e7\u00f5es das pernas: <b data-path-to-node=\"5,4,1,0\" data-index-in-node=\"12\">360 Nm<\/b> Articula\u00e7\u00f5es do bra\u00e7o: <b data-path-to-node=\"5,4,1,0\" data-index-in-node=\"33\">120 Nm<\/b><\/span><\/td>\n<\/tr>\n<tr>\n<td><span data-path-to-node=\"5,5,0,0\"><b data-path-to-node=\"5,5,0,0\" data-index-in-node=\"0\">Poder computacional<\/b><\/span><\/td>\n<td><span data-path-to-node=\"5,5,1,0\">2.070 TOPS (compat\u00edvel com NVIDIA Jetson AGX Thor)<\/span><\/td>\n<\/tr>\n<tr>\n<td><span data-path-to-node=\"5,6,0,0\"><b data-path-to-node=\"5,6,0,0\" data-index-in-node=\"0\">Dura\u00e7\u00e3o da bateria<\/b><\/span><\/td>\n<td><span data-path-to-node=\"5,6,1,0\">~2\u20133 horas (bateria de 0,972 kWh de substitui\u00e7\u00e3o r\u00e1pida)<\/span><\/td>\n<\/tr>\n<tr>\n<td><span data-path-to-node=\"5,7,0,0\"><b data-path-to-node=\"5,7,0,0\" data-index-in-node=\"0\">Conectividade<\/b><\/span><\/td>\n<td><span data-path-to-node=\"5,7,1,0\">Wi-Fi 6, Bluetooth 5.2<\/span><\/td>\n<\/tr>\n<\/tbody>\n<\/table>\n<p>&nbsp;<\/p>\n<h4 data-path-to-node=\"7\">Principais caracter\u00edsticas e inova\u00e7\u00f5es<\/h4>\n<h4 data-path-to-node=\"8\">1. <span class=\"citation-192 citation-end-192\">Articula\u00e7\u00e3o e Movimento Avan\u00e7ados<\/span><\/h4>\n<p data-path-to-node=\"9\"><span class=\"citation-191 citation-end-191\">O H2 Edu apresenta uma grande reformula\u00e7\u00e3o de hardware em compara\u00e7\u00e3o com o H1.<\/span> <span class=\"citation-190\">Inclui um <\/span><b data-path-to-node=\"9\" data-index-in-node=\"80\"><span class=\"citation-190\">cintura serial de 3 graus de liberdade<\/span><\/b><span class=\"citation-190\"> e um <\/span><b data-path-to-node=\"9\" data-index-in-node=\"105\"><span class=\"citation-190\">Pesco\u00e7o articulado com 2 graus de liberdade<\/span><\/b><span class=\"citation-190 citation-end-190\">, permitindo que ele gire e incline a cabe\u00e7a para uma percep\u00e7\u00e3o din\u00e2mica. <\/span><span class=\"citation-189 citation-end-189\">Isso permite que o rob\u00f4 rastreie objetos ou pessoas sem precisar girar todo o seu torso, tornando-o significativamente mais &quot;realista&quot;.<\/span><\/p>\n<h4 data-path-to-node=\"10\">2. <span class=\"citation-188 citation-end-188\">Atua\u00e7\u00e3o de alta precis\u00e3o<\/span><\/h4>\n<p data-path-to-node=\"11\"><span class=\"citation-187 citation-end-187\">Utilizando os motores de alto torque patenteados da Unitree e um sistema de acionamento por tend\u00f5es &quot;quase-serial&quot; nas pernas, o H2 Edu atinge baixa in\u00e9rcia.<sup class=\"superscript\" data-turn-source-index=\"10\">10<\/sup><\/span> <span class=\"citation-186 citation-end-186\">Isso permite que ele execute movimentos complexos e de alto impacto \u2014 como chutes de artes marciais, mortais para tr\u00e1s e chutes girat\u00f3rios de 360 graus \u2014 mantendo perfeita estabilidade ao aterrissar.<\/span><\/p>\n<h4 data-path-to-node=\"12\">3. Plataforma de Desenvolvimento Aberto \u201cEdu\u201d<\/h4>\n<p data-path-to-node=\"13\"><span class=\"citation-185\">Ao contr\u00e1rio da vers\u00e3o para o consumidor, a <\/span><b data-path-to-node=\"13\" data-index-in-node=\"33\"><span class=\"citation-185\">Edi\u00e7\u00e3o educacional<\/span><\/b><span class=\"citation-185 citation-end-185\"> Foi desenvolvido para desenvolvimento secund\u00e1rio:<\/span><\/p>\n<ul data-path-to-node=\"14\">\n<li>\n<p data-path-to-node=\"14,0,0\"><b data-path-to-node=\"14,0,0\" data-index-in-node=\"0\">Acesso completo ao SDK:<\/b><span class=\"citation-184 citation-end-184\"> Suporta C\/C++ e Python para controle de movimento personalizado e algoritmos de IA.<\/span><\/p>\n<\/li>\n<li>\n<p data-path-to-node=\"14,1,0\"><b data-path-to-node=\"14,1,0\" data-index-in-node=\"0\"><span class=\"citation-183\">Integra\u00e7\u00e3o de sensores:<\/span><\/b><span class=\"citation-183 citation-end-183\"> Equipado com c\u00e2meras binoculares de dupla vis\u00e3o e LiDAR 3D para percep\u00e7\u00e3o ambiental de 360 graus.<\/span><\/p>\n<\/li>\n<li>\n<p data-path-to-node=\"14,2,0\"><b data-path-to-node=\"14,2,0\" data-index-in-node=\"0\"><span class=\"citation-182\">Pronto para simula\u00e7\u00e3o:<\/span><\/b><span class=\"citation-182 citation-end-182\"> Projetado para ser &quot;amig\u00e1vel ao aprendizado por refor\u00e7o&quot; (RL), facilitando o treinamento de comportamentos em g\u00eameos digitais e sua implanta\u00e7\u00e3o no rob\u00f4 f\u00edsico.<\/span><\/p>\n<\/li>\n<\/ul>\n<h4 data-path-to-node=\"15\">4. Design Centrado no Ser Humano<\/h4>\n<p data-path-to-node=\"16\"><span class=\"citation-181 citation-end-181\">O H2 apresenta um rosto bi\u00f4nico com fei\u00e7\u00f5es definidas (olhos, nariz, l\u00e1bios) e foi projetado para usar roupas humanas.<sup class=\"superscript\" data-turn-source-index=\"16\">16<\/sup><\/span> Isso a torna uma plataforma ideal para pesquisas em rob\u00f3tica social, onde a apar\u00eancia e a comunica\u00e7\u00e3o n\u00e3o verbal do rob\u00f4 s\u00e3o cruciais para a aceita\u00e7\u00e3o do usu\u00e1rio.<\/p>\n<p>&nbsp;<\/p>\n<h4 data-path-to-node=\"18\">Aplica\u00e7\u00f5es direcionadas<\/h4>\n<ul data-path-to-node=\"19\">\n<li>\n<p data-path-to-node=\"19,0,0\"><b data-path-to-node=\"19,0,0\" data-index-in-node=\"0\">Pesquisa em Rob\u00f3tica Avan\u00e7ada:<\/b><span class=\"citation-180 citation-end-180\"> Explorando a locomo\u00e7\u00e3o b\u00edpede, o controle do equil\u00edbrio e a resposta a colis\u00f5es.<\/span><\/p>\n<\/li>\n<li>\n<p data-path-to-node=\"19,1,0\"><b data-path-to-node=\"19,1,0\" data-index-in-node=\"0\">Intelig\u00eancia Artificial e Aprendizado de M\u00e1quina:<\/b> Servindo como plataforma f\u00edsica para Modelos de Linguagem de Grande Porte (LLMs) e pesquisas em vis\u00e3o computacional.<\/p>\n<\/li>\n<li>\n<p data-path-to-node=\"19,2,0\"><b data-path-to-node=\"19,2,0\" data-index-in-node=\"0\"><span class=\"citation-179\">Servi\u00e7os e log\u00edstica:<\/span><\/b><span class=\"citation-179 citation-end-179\"> Testando a manipula\u00e7\u00e3o, classifica\u00e7\u00e3o e navega\u00e7\u00e3o de objetos em espa\u00e7os de trabalho centrados no ser humano.<\/span><\/p>\n<\/li>\n<\/ul>\n<blockquote data-path-to-node=\"20\">\n<p data-path-to-node=\"20,0\">\n<\/blockquote>","protected":false},"excerpt":{"rendered":"<p data-path-to-node=\"0\"><span class=\"citation-196\">O <\/span><b data-path-to-node=\"0\" data-index-in-node=\"4\"><span class=\"citation-196\">Unitree H2 Edu<\/span><\/b><span class=\"citation-196 citation-end-196\"> \u00c9 um rob\u00f4 humanoide de tamanho real, voltado para pesquisa, projetado como a contraparte de desenvolvimento aberto da plataforma H2 \u201cDestiny Awakening\u201d.<\/span> <span class=\"citation-195 citation-end-195\">Baseado nos fundamentos do H1 e do G1, o H2 Edu muda o foco da velocidade bruta para a destreza semelhante \u00e0 humana, movimentos expressivos e pesquisa avan\u00e7ada em IA.<\/span><\/p>\n<p data-path-to-node=\"1\"><span class=\"citation-194 citation-end-194\">Com uma est\u00e9tica bi\u00f4nica e articula\u00e7\u00f5es altamente precisas, ele foi projetado especificamente para universidades, laborat\u00f3rios de IA e desenvolvedores que trabalham na pr\u00f3xima gera\u00e7\u00e3o de intera\u00e7\u00e3o humano-rob\u00f4 (HRI).<\/span><\/p>","protected":false},"featured_media":23657,"comment_status":"open","ping_status":"closed","template":"","meta":[],"product_brand":[1087],"product_cat":[1038,1037,1103],"product_tag":[1088,1327,1326],"class_list":{"0":"post-23658","1":"product","2":"type-product","3":"status-publish","4":"has-post-thumbnail","6":"product_brand-unitree","7":"product_cat-humanoid","8":"product_cat-robotics","9":"product_cat-unitree-hum-robots","10":"product_tag-unitree","11":"product_tag-unitree-h2-robots","12":"product_tag-unitree-h2-series","14":"first","15":"onbackorder","16":"taxable","17":"shipping-taxable","18":"purchasable","19":"product-type-simple"},"yoast_head":"<!-- This site is optimized with the Yoast SEO plugin v27.4 - https:\/\/yoast.com\/product\/yoast-seo-wordpress\/ -->\n<title>Unitree H2 Edu - Ghostysky<\/title>\n<meta name=\"description\" content=\"The Unitree H2 Edu is a full-sized, research-oriented humanoid robot designed as the open-development counterpart to the H2 &quot;Destiny Awakening&quot; platform. Building on the foundations of the H1 and G1, the H2 Edu shifts focus from raw speed to human-like dexterity, expressive motion, and advanced AI research.With a bionic aesthetic and highly articulated joints, it is specifically built for universities, AI labs, and developers working on the next generation of human-robot interaction (HRI).\" \/>\n<meta name=\"robots\" content=\"index, follow, max-snippet:-1, max-image-preview:large, max-video-preview:-1\" \/>\n<link rel=\"canonical\" href=\"https:\/\/www.ghostysky.com\/pt\/produto-2\/unitree-h2-edu\/\" \/>\n<meta property=\"og:locale\" content=\"pt_PT\" \/>\n<meta property=\"og:type\" content=\"article\" \/>\n<meta property=\"og:title\" content=\"Unitree H2 Edu - Ghostysky\" \/>\n<meta property=\"og:description\" content=\"The Unitree H2 Edu is a full-sized, research-oriented humanoid robot designed as the open-development counterpart to the H2 &quot;Destiny Awakening&quot; platform. Building on the foundations of the H1 and G1, the H2 Edu shifts focus from raw speed to human-like dexterity, expressive motion, and advanced AI research.With a bionic aesthetic and highly articulated joints, it is specifically built for universities, AI labs, and developers working on the next generation of human-robot interaction (HRI).\" \/>\n<meta property=\"og:url\" content=\"https:\/\/www.ghostysky.com\/pt\/produto-2\/unitree-h2-edu\/\" \/>\n<meta property=\"og:site_name\" content=\"Ghostysky\" \/>\n<meta property=\"article:publisher\" content=\"https:\/\/www.facebook.com\/people\/Ghostysky\/100057676170234\/\" \/>\n<meta property=\"article:modified_time\" content=\"2026-01-10T11:23:04+00:00\" \/>\n<meta property=\"og:image\" content=\"https:\/\/www.ghostysky.com\/wp-content\/uploads\/2026\/01\/GH_Unitree_H2.jpg\" \/>\n\t<meta property=\"og:image:width\" content=\"560\" \/>\n\t<meta property=\"og:image:height\" content=\"560\" \/>\n\t<meta property=\"og:image:type\" content=\"image\/jpeg\" \/>\n<meta name=\"twitter:card\" content=\"summary_large_image\" \/>\n<meta name=\"twitter:site\" content=\"@Gh0stysky\" \/>\n<meta name=\"twitter:label1\" content=\"Tempo estimado de leitura\" \/>\n\t<meta name=\"twitter:data1\" content=\"2 minutos\" \/>\n<script type=\"application\/ld+json\" class=\"yoast-schema-graph\">{\"@context\":\"https:\\\/\\\/schema.org\",\"@graph\":[{\"@type\":\"WebPage\",\"@id\":\"https:\\\/\\\/www.ghostysky.com\\\/product\\\/unitree-h2-edu\\\/\",\"url\":\"https:\\\/\\\/www.ghostysky.com\\\/product\\\/unitree-h2-edu\\\/\",\"name\":\"Unitree H2 Edu - Ghostysky\",\"isPartOf\":{\"@id\":\"https:\\\/\\\/www.ghostysky.com\\\/#website\"},\"primaryImageOfPage\":{\"@id\":\"https:\\\/\\\/www.ghostysky.com\\\/product\\\/unitree-h2-edu\\\/#primaryimage\"},\"image\":{\"@id\":\"https:\\\/\\\/www.ghostysky.com\\\/product\\\/unitree-h2-edu\\\/#primaryimage\"},\"thumbnailUrl\":\"https:\\\/\\\/www.ghostysky.com\\\/wp-content\\\/uploads\\\/2026\\\/01\\\/GH_Unitree_H2.jpg\",\"datePublished\":\"2026-01-10T11:13:11+00:00\",\"dateModified\":\"2026-01-10T11:23:04+00:00\",\"description\":\"The Unitree H2 Edu is a full-sized, research-oriented humanoid robot designed as the open-development counterpart to the H2 \\\"Destiny Awakening\\\" platform. Building on the foundations of the H1 and G1, the H2 Edu shifts focus from raw speed to human-like dexterity, expressive motion, and advanced AI research.With a bionic aesthetic and highly articulated joints, it is specifically built for universities, AI labs, and developers working on the next generation of human-robot interaction (HRI).\",\"breadcrumb\":{\"@id\":\"https:\\\/\\\/www.ghostysky.com\\\/product\\\/unitree-h2-edu\\\/#breadcrumb\"},\"inLanguage\":\"pt-PT\",\"potentialAction\":[{\"@type\":\"ReadAction\",\"target\":[\"https:\\\/\\\/www.ghostysky.com\\\/product\\\/unitree-h2-edu\\\/\"]}]},{\"@type\":\"ImageObject\",\"inLanguage\":\"pt-PT\",\"@id\":\"https:\\\/\\\/www.ghostysky.com\\\/product\\\/unitree-h2-edu\\\/#primaryimage\",\"url\":\"https:\\\/\\\/www.ghostysky.com\\\/wp-content\\\/uploads\\\/2026\\\/01\\\/GH_Unitree_H2.jpg\",\"contentUrl\":\"https:\\\/\\\/www.ghostysky.com\\\/wp-content\\\/uploads\\\/2026\\\/01\\\/GH_Unitree_H2.jpg\",\"width\":560,\"height\":560},{\"@type\":\"BreadcrumbList\",\"@id\":\"https:\\\/\\\/www.ghostysky.com\\\/product\\\/unitree-h2-edu\\\/#breadcrumb\",\"itemListElement\":[{\"@type\":\"ListItem\",\"position\":1,\"name\":\"Home\",\"item\":\"https:\\\/\\\/www.ghostysky.com\\\/\"},{\"@type\":\"ListItem\",\"position\":2,\"name\":\"Shop\",\"item\":\"https:\\\/\\\/www.ghostysky.com\\\/shop\\\/\"},{\"@type\":\"ListItem\",\"position\":3,\"name\":\"Unitree H2 Edu\"}]},{\"@type\":\"WebSite\",\"@id\":\"https:\\\/\\\/www.ghostysky.com\\\/#website\",\"url\":\"https:\\\/\\\/www.ghostysky.com\\\/\",\"name\":\"Ghostysky\",\"description\":\"Delivering professional drones and robotics solutions\",\"publisher\":{\"@id\":\"https:\\\/\\\/www.ghostysky.com\\\/#organization\"},\"potentialAction\":[{\"@type\":\"SearchAction\",\"target\":{\"@type\":\"EntryPoint\",\"urlTemplate\":\"https:\\\/\\\/www.ghostysky.com\\\/?s={search_term_string}\"},\"query-input\":{\"@type\":\"PropertyValueSpecification\",\"valueRequired\":true,\"valueName\":\"search_term_string\"}}],\"inLanguage\":\"pt-PT\"},{\"@type\":\"Organization\",\"@id\":\"https:\\\/\\\/www.ghostysky.com\\\/#organization\",\"name\":\"Ghostysky\",\"url\":\"https:\\\/\\\/www.ghostysky.com\\\/\",\"logo\":{\"@type\":\"ImageObject\",\"inLanguage\":\"pt-PT\",\"@id\":\"https:\\\/\\\/www.ghostysky.com\\\/#\\\/schema\\\/logo\\\/image\\\/\",\"url\":\"https:\\\/\\\/www.ghostysky.com\\\/wp-content\\\/uploads\\\/2020\\\/06\\\/cropped-ghostyskylogo_text_white2.png\",\"contentUrl\":\"https:\\\/\\\/www.ghostysky.com\\\/wp-content\\\/uploads\\\/2020\\\/06\\\/cropped-ghostyskylogo_text_white2.png\",\"width\":169,\"height\":56,\"caption\":\"Ghostysky\"},\"image\":{\"@id\":\"https:\\\/\\\/www.ghostysky.com\\\/#\\\/schema\\\/logo\\\/image\\\/\"},\"sameAs\":[\"https:\\\/\\\/www.facebook.com\\\/people\\\/Ghostysky\\\/100057676170234\\\/\",\"https:\\\/\\\/x.com\\\/Gh0stysky\",\"https:\\\/\\\/www.linkedin.com\\\/company\\\/34739653\",\"https:\\\/\\\/www.instagram.com\\\/gh0stysky\"]}]}<\/script>\n<!-- \/ Yoast SEO plugin. -->","yoast_head_json":{"title":"Unitree H2 Edu - Ghostysky","description":"O Unitree H2 Edu \u00e9 um rob\u00f4 humanoide de tamanho real, voltado para pesquisa, projetado como a contraparte de desenvolvimento aberto da plataforma H2 &quot;Destiny Awakening&quot;. Constru\u00eddo sobre os fundamentos do H1 e do G1, o H2 Edu muda o foco da velocidade bruta para a destreza semelhante \u00e0 humana, movimentos expressivos e pesquisa avan\u00e7ada em IA. Com uma est\u00e9tica bi\u00f4nica e articula\u00e7\u00f5es altamente flex\u00edveis, ele foi projetado especificamente para universidades, laborat\u00f3rios de IA e desenvolvedores que trabalham na pr\u00f3xima gera\u00e7\u00e3o de intera\u00e7\u00e3o humano-rob\u00f4 (IHR).","robots":{"index":"index","follow":"follow","max-snippet":"max-snippet:-1","max-image-preview":"max-image-preview:large","max-video-preview":"max-video-preview:-1"},"canonical":"https:\/\/www.ghostysky.com\/pt\/produto-2\/unitree-h2-edu\/","og_locale":"pt_PT","og_type":"article","og_title":"Unitree H2 Edu - Ghostysky","og_description":"The Unitree H2 Edu is a full-sized, research-oriented humanoid robot designed as the open-development counterpart to the H2 \"Destiny Awakening\" platform. Building on the foundations of the H1 and G1, the H2 Edu shifts focus from raw speed to human-like dexterity, expressive motion, and advanced AI research.With a bionic aesthetic and highly articulated joints, it is specifically built for universities, AI labs, and developers working on the next generation of human-robot interaction (HRI).","og_url":"https:\/\/www.ghostysky.com\/pt\/produto-2\/unitree-h2-edu\/","og_site_name":"Ghostysky","article_publisher":"https:\/\/www.facebook.com\/people\/Ghostysky\/100057676170234\/","article_modified_time":"2026-01-10T11:23:04+00:00","og_image":[{"width":560,"height":560,"url":"https:\/\/www.ghostysky.com\/wp-content\/uploads\/2026\/01\/GH_Unitree_H2.jpg","type":"image\/jpeg"}],"twitter_card":"summary_large_image","twitter_site":"@Gh0stysky","twitter_misc":{"Tempo estimado de leitura":"2 minutos"},"schema":{"@context":"https:\/\/schema.org","@graph":[{"@type":"WebPage","@id":"https:\/\/www.ghostysky.com\/product\/unitree-h2-edu\/","url":"https:\/\/www.ghostysky.com\/product\/unitree-h2-edu\/","name":"Unitree H2 Edu - Ghostysky","isPartOf":{"@id":"https:\/\/www.ghostysky.com\/#website"},"primaryImageOfPage":{"@id":"https:\/\/www.ghostysky.com\/product\/unitree-h2-edu\/#primaryimage"},"image":{"@id":"https:\/\/www.ghostysky.com\/product\/unitree-h2-edu\/#primaryimage"},"thumbnailUrl":"https:\/\/www.ghostysky.com\/wp-content\/uploads\/2026\/01\/GH_Unitree_H2.jpg","datePublished":"2026-01-10T11:13:11+00:00","dateModified":"2026-01-10T11:23:04+00:00","description":"O Unitree H2 Edu \u00e9 um rob\u00f4 humanoide de tamanho real, voltado para pesquisa, projetado como a contraparte de desenvolvimento aberto da plataforma H2 &quot;Destiny Awakening&quot;. Constru\u00eddo sobre os fundamentos do H1 e do G1, o H2 Edu muda o foco da velocidade bruta para a destreza semelhante \u00e0 humana, movimentos expressivos e pesquisa avan\u00e7ada em IA. Com uma est\u00e9tica bi\u00f4nica e articula\u00e7\u00f5es altamente flex\u00edveis, ele foi projetado especificamente para universidades, laborat\u00f3rios de IA e desenvolvedores que trabalham na pr\u00f3xima gera\u00e7\u00e3o de intera\u00e7\u00e3o humano-rob\u00f4 (IHR).","breadcrumb":{"@id":"https:\/\/www.ghostysky.com\/product\/unitree-h2-edu\/#breadcrumb"},"inLanguage":"pt-PT","potentialAction":[{"@type":"ReadAction","target":["https:\/\/www.ghostysky.com\/product\/unitree-h2-edu\/"]}]},{"@type":"ImageObject","inLanguage":"pt-PT","@id":"https:\/\/www.ghostysky.com\/product\/unitree-h2-edu\/#primaryimage","url":"https:\/\/www.ghostysky.com\/wp-content\/uploads\/2026\/01\/GH_Unitree_H2.jpg","contentUrl":"https:\/\/www.ghostysky.com\/wp-content\/uploads\/2026\/01\/GH_Unitree_H2.jpg","width":560,"height":560},{"@type":"BreadcrumbList","@id":"https:\/\/www.ghostysky.com\/product\/unitree-h2-edu\/#breadcrumb","itemListElement":[{"@type":"ListItem","position":1,"name":"Home","item":"https:\/\/www.ghostysky.com\/"},{"@type":"ListItem","position":2,"name":"Shop","item":"https:\/\/www.ghostysky.com\/shop\/"},{"@type":"ListItem","position":3,"name":"Unitree H2 Edu"}]},{"@type":"WebSite","@id":"https:\/\/www.ghostysky.com\/#website","url":"https:\/\/www.ghostysky.com\/","name":"Ghostysky","description":"Fornecendo solu\u00e7\u00f5es profissionais em drones e rob\u00f3tica.","publisher":{"@id":"https:\/\/www.ghostysky.com\/#organization"},"potentialAction":[{"@type":"SearchAction","target":{"@type":"EntryPoint","urlTemplate":"https:\/\/www.ghostysky.com\/?s={search_term_string}"},"query-input":{"@type":"PropertyValueSpecification","valueRequired":true,"valueName":"search_term_string"}}],"inLanguage":"pt-PT"},{"@type":"Organization","@id":"https:\/\/www.ghostysky.com\/#organization","name":"Ghostysky","url":"https:\/\/www.ghostysky.com\/","logo":{"@type":"ImageObject","inLanguage":"pt-PT","@id":"https:\/\/www.ghostysky.com\/#\/schema\/logo\/image\/","url":"https:\/\/www.ghostysky.com\/wp-content\/uploads\/2020\/06\/cropped-ghostyskylogo_text_white2.png","contentUrl":"https:\/\/www.ghostysky.com\/wp-content\/uploads\/2020\/06\/cropped-ghostyskylogo_text_white2.png","width":169,"height":56,"caption":"Ghostysky"},"image":{"@id":"https:\/\/www.ghostysky.com\/#\/schema\/logo\/image\/"},"sameAs":["https:\/\/www.facebook.com\/people\/Ghostysky\/100057676170234\/","https:\/\/x.com\/Gh0stysky","https:\/\/www.linkedin.com\/company\/34739653","https:\/\/www.instagram.com\/gh0stysky"]}]}},"_links":{"self":[{"href":"https:\/\/www.ghostysky.com\/pt\/wp-json\/wp\/v2\/product\/23658","targetHints":{"allow":["GET"]}}],"collection":[{"href":"https:\/\/www.ghostysky.com\/pt\/wp-json\/wp\/v2\/product"}],"about":[{"href":"https:\/\/www.ghostysky.com\/pt\/wp-json\/wp\/v2\/types\/product"}],"replies":[{"embeddable":true,"href":"https:\/\/www.ghostysky.com\/pt\/wp-json\/wp\/v2\/comments?post=23658"}],"version-history":[{"count":0,"href":"https:\/\/www.ghostysky.com\/pt\/wp-json\/wp\/v2\/product\/23658\/revisions"}],"wp:featuredmedia":[{"embeddable":true,"href":"https:\/\/www.ghostysky.com\/pt\/wp-json\/wp\/v2\/media\/23657"}],"wp:attachment":[{"href":"https:\/\/www.ghostysky.com\/pt\/wp-json\/wp\/v2\/media?parent=23658"}],"wp:term":[{"taxonomy":"product_brand","embeddable":true,"href":"https:\/\/www.ghostysky.com\/pt\/wp-json\/wp\/v2\/product_brand?post=23658"},{"taxonomy":"product_cat","embeddable":true,"href":"https:\/\/www.ghostysky.com\/pt\/wp-json\/wp\/v2\/product_cat?post=23658"},{"taxonomy":"product_tag","embeddable":true,"href":"https:\/\/www.ghostysky.com\/pt\/wp-json\/wp\/v2\/product_tag?post=23658"}],"curies":[{"name":"wp","href":"https:\/\/api.w.org\/{rel}","templated":true}]}}