{"id":23659,"date":"2026-01-10T11:28:47","date_gmt":"2026-01-10T11:28:47","guid":{"rendered":"https:\/\/www.ghostysky.com\/?post_type=product&#038;p=23659"},"modified":"2026-01-10T12:27:43","modified_gmt":"2026-01-10T12:27:43","slug":"unitree-h2-dual-hand-remote-controller","status":"publish","type":"product","link":"https:\/\/www.ghostysky.com\/pt\/product\/unitree-h2-dual-hand-remote-controller\/","title":{"rendered":"Controle remoto duplo Unitree H2"},"content":{"rendered":"<h4 data-path-to-node=\"6\"><b data-path-to-node=\"6\" data-index-in-node=\"0\">Caracter\u00edsticas principais<\/b><\/h4>\n<ul data-path-to-node=\"7\">\n<li>\n<p data-path-to-node=\"7,0,0\"><b data-path-to-node=\"7,0,0\" data-index-in-node=\"0\">Configura\u00e7\u00e3o de precis\u00e3o com dois joysticks:<\/b> Possui joysticks de efeito Hall de alta resolu\u00e7\u00e3o para um controle suave e proporcional da marcha, velocidade e rota\u00e7\u00e3o direcional do rob\u00f4.<\/p>\n<\/li>\n<li>\n<p data-path-to-node=\"7,1,0\"><b data-path-to-node=\"7,1,0\" data-index-in-node=\"0\">Interface t\u00e1til com m\u00faltiplos bot\u00f5es:<\/b> Equipado com uma ampla gama de bot\u00f5es program\u00e1veis, gatilhos de ombro e interruptores especializados para alternar entre modos de movimento predefinidos (por exemplo, andar, subir escadas, dan\u00e7ar ou posturas de combate).<\/p>\n<\/li>\n<li>\n<p data-path-to-node=\"7,2,0\"><b data-path-to-node=\"7,2,0\" data-index-in-node=\"0\">Modo de comunica\u00e7\u00e3o dupla:<\/b> Utiliza um alcance longo. <b data-path-to-node=\"7,2,0\" data-index-in-node=\"52\">M\u00f3dulo de transmiss\u00e3o de dados de 2,4 GHz<\/b> para opera\u00e7\u00f5es externas\/industriais e <b data-path-to-node=\"7,2,0\" data-index-in-node=\"122\">Bluetooth 5.2<\/b> para emparelhamento e configura\u00e7\u00e3o de curto alcance.<\/p>\n<\/li>\n<li>\n<p data-path-to-node=\"7,3,0\"><b data-path-to-node=\"7,3,0\" data-index-in-node=\"0\">Feedback em tempo real:<\/b> Inclui um motor de vibra\u00e7\u00e3o integrado e uma campainha ac\u00fastica para fornecer feedback t\u00e1til e sonoro, alertando o operador sobre o status do sistema ou obst\u00e1culos ambientais.<\/p>\n<\/li>\n<li>\n<p data-path-to-node=\"7,4,0\"><b data-path-to-node=\"7,4,0\" data-index-in-node=\"0\">Design ergon\u00f4mico bimanual:<\/b> A pega ergon\u00f4mica e antiderrapante foi projetada para uso prolongado, reduzindo a fadiga das m\u00e3os durante sess\u00f5es de pesquisa complexas ou inspe\u00e7\u00f5es industriais.<\/p>\n<\/li>\n<li>\n<p data-path-to-node=\"7,5,0\"><b data-path-to-node=\"7,5,0\" data-index-in-node=\"0\">Integra\u00e7\u00e3o com smartphones:<\/b> Inclui um suporte seguro para acomodar um dispositivo m\u00f3vel, permitindo que o operador visualize uma transmiss\u00e3o ao vivo em primeira pessoa (FPV) das c\u00e2meras binoculares do rob\u00f4 atrav\u00e9s do aplicativo Unitree.<\/p>\n<\/li>\n<\/ul>\n<p>&nbsp;<\/p>\n<h4 data-path-to-node=\"9\"><b data-path-to-node=\"9\" data-index-in-node=\"0\">Especifica\u00e7\u00f5es t\u00e9cnicas<\/b><\/h4>\n<table data-path-to-node=\"10\">\n<thead>\n<tr>\n<td><strong>Recurso<\/strong><\/td>\n<td><strong>Detalhes<\/strong><\/td>\n<\/tr>\n<\/thead>\n<tbody>\n<tr>\n<td><span data-path-to-node=\"10,1,0,0\"><b data-path-to-node=\"10,1,0,0\" data-index-in-node=\"0\">Dist\u00e2ncia de controle<\/b><\/span><\/td>\n<td><span data-path-to-node=\"10,1,1,0\"><span class=\"math-inline\" data-math=\"&gt;100\" data-index-in-node=\"0\">&gt;100<\/span>\u00a0metros (Ambiente Aberto)<\/span><\/td>\n<\/tr>\n<tr>\n<td><span data-path-to-node=\"10,2,0,0\"><b data-path-to-node=\"10,2,0,0\" data-index-in-node=\"0\">Dura\u00e7\u00e3o da bateria<\/b><\/span><\/td>\n<td><span data-path-to-node=\"10,2,1,0\">Aproximadamente <span class=\"math-inline\" data-math=\"4.5\" data-index-in-node=\"14\">4.5<\/span> para <span class=\"math-inline\" data-math=\"5\" data-index-in-node=\"21\">5<\/span>\u00a0horas<\/span><\/td>\n<\/tr>\n<tr>\n<td><span data-path-to-node=\"10,3,0,0\"><b data-path-to-node=\"10,3,0,0\" data-index-in-node=\"0\">Capacidade da bateria<\/b><\/span><\/td>\n<td><span data-path-to-node=\"10,3,1,0\"><span class=\"math-inline\" data-math=\"2500\" data-index-in-node=\"0\">2500<\/span>\u00a0Bateria de l\u00edtio de mAh<\/span><\/td>\n<\/tr>\n<tr>\n<td><span data-path-to-node=\"10,4,0,0\"><b data-path-to-node=\"10,4,0,0\" data-index-in-node=\"0\">Carregando<\/b><\/span><\/td>\n<td><span data-path-to-node=\"10,4,1,0\"><span class=\"math-inline\" data-math=\"5.0\" data-index-in-node=\"0\">5.0<\/span>V \/ <span class=\"math-inline\" data-math=\"2\" data-index-in-node=\"7\">2<\/span>A (via USB-C)<\/span><\/td>\n<\/tr>\n<tr>\n<td><span data-path-to-node=\"10,5,0,0\"><b data-path-to-node=\"10,5,0,0\" data-index-in-node=\"0\">Freq\u00fc\u00eancia<\/b><\/span><\/td>\n<td><span data-path-to-node=\"10,5,1,0\"><span class=\"math-inline\" data-math=\"2.4\" data-index-in-node=\"0\">2.4<\/span>\u00a0GHz<\/span><\/td>\n<\/tr>\n<tr>\n<td><span data-path-to-node=\"10,6,0,0\"><b data-path-to-node=\"10,6,0,0\" data-index-in-node=\"0\">Conectividade<\/b><\/span><\/td>\n<td><span data-path-to-node=\"10,6,1,0\">M\u00f3dulo de transmiss\u00e3o de dados \/ Bluetooth 5.2<\/span><\/td>\n<\/tr>\n<tr>\n<td><span data-path-to-node=\"10,7,0,0\"><b data-path-to-node=\"10,7,0,0\" data-index-in-node=\"0\">Controles<\/b><\/span><\/td>\n<td><span data-path-to-node=\"10,7,1,0\">2 joysticks, mais de 12 bot\u00f5es, 4 gatilhos de ombro<\/span><\/td>\n<\/tr>\n<tr>\n<td><span data-path-to-node=\"10,8,0,0\"><b data-path-to-node=\"10,8,0,0\" data-index-in-node=\"0\">Compatibilidade<\/b><\/span><\/td>\n<td><span data-path-to-node=\"10,8,1,0\">Unitree H2, H2 EDU (retrocompat\u00edvel com H1-2)<\/span><\/td>\n<\/tr>\n<\/tbody>\n<\/table>\n<p>&nbsp;<\/p>\n<h4 data-path-to-node=\"12\"><b data-path-to-node=\"12\" data-index-in-node=\"0\">Ideal para:<\/b><\/h4>\n<ul data-path-to-node=\"13\">\n<li>\n<p data-path-to-node=\"13,0,0\"><b data-path-to-node=\"13,0,0\" data-index-in-node=\"0\">Institui\u00e7\u00f5es de P&amp;D:<\/b> Testando algoritmos de equil\u00edbrio b\u00edpede e marcha em tempo real.<\/p>\n<\/li>\n<li>\n<p data-path-to-node=\"13,1,0\"><b data-path-to-node=\"13,1,0\" data-index-in-node=\"0\">Inspe\u00e7\u00e3o Industrial:<\/b> Guiar manualmente o rob\u00f4 atrav\u00e9s de layouts complexos de armaz\u00e9ns ou instala\u00e7\u00f5es.<\/p>\n<\/li>\n<li>\n<p data-path-to-node=\"13,2,0\"><b data-path-to-node=\"13,2,0\" data-index-in-node=\"0\">Demonstra\u00e7\u00f5es:<\/b> Orquestrar movimentos fluidos e realistas para exposi\u00e7\u00f5es ou para fun\u00e7\u00f5es de experi\u00eancia de marca.<\/p>\n<\/li>\n<\/ul>","protected":false},"excerpt":{"rendered":"<p>Projetado para se adequar \u00e0 arquitetura avan\u00e7ada de 31 graus de liberdade (DOF) do humanoide H2, o Controle Remoto Duplo H2 serve como a principal ponte entre o operador humano e a m\u00e1quina. Ao contr\u00e1rio dos controles de jogos padr\u00e3o, ele foi projetado para atender aos requisitos de alto torque e movimento din\u00e2mico de rob\u00f4s humanoides em escala real, como executar manobras de artes marciais, navegar em terrenos complexos ou controlar a manipula\u00e7\u00e3o precisa dos bra\u00e7os.<\/p>","protected":false},"featured_media":23660,"comment_status":"open","ping_status":"closed","template":"","meta":[],"product_brand":[1087],"product_cat":[1038,1037,1102],"product_tag":[1088,1328,1329,1326],"class_list":{"0":"post-23659","1":"product","2":"type-product","3":"status-publish","4":"has-post-thumbnail","6":"product_brand-unitree","7":"product_cat-humanoid","8":"product_cat-robotics","9":"product_cat-unitree-hum-accessories","10":"product_tag-unitree","11":"product_tag-unitree-h2","12":"product_tag-unitree-h2-accessories","13":"product_tag-unitree-h2-series","15":"first","16":"onbackorder","17":"taxable","18":"shipping-taxable","19":"purchasable","20":"product-type-simple"},"yoast_head":"<!-- This site is optimized with the Yoast SEO plugin v27.4 - https:\/\/yoast.com\/product\/yoast-seo-wordpress\/ -->\n<title>Unitree H2 Dual Hand Remote Controller - Ghostysky<\/title>\n<meta name=\"description\" content=\"Designed to match the advanced 31-DOF (Degrees of Freedom) architecture of the H2 humanoid, the H2 Dual Hand Remote Controller serves as the primary bridge between the human operator and the machine. Unlike standard gamepad controllers, it is engineered for the high-torque, dynamic movement requirements of full-scale humanoid robots, such as performing martial arts maneuvers, navigating complex terrains, or managing dexterous arm manipulation.\" \/>\n<meta name=\"robots\" content=\"index, follow, max-snippet:-1, max-image-preview:large, max-video-preview:-1\" \/>\n<link rel=\"canonical\" href=\"https:\/\/www.ghostysky.com\/pt\/produto-2\/unitree-h2-dual-hand-remote-controller\/\" \/>\n<meta property=\"og:locale\" content=\"pt_PT\" \/>\n<meta property=\"og:type\" content=\"article\" \/>\n<meta property=\"og:title\" content=\"Unitree H2 Dual Hand Remote Controller - Ghostysky\" \/>\n<meta property=\"og:description\" content=\"Designed to match the advanced 31-DOF (Degrees of Freedom) architecture of the H2 humanoid, the H2 Dual Hand Remote Controller serves as the primary bridge between the human operator and the machine. Unlike standard gamepad controllers, it is engineered for the high-torque, dynamic movement requirements of full-scale humanoid robots, such as performing martial arts maneuvers, navigating complex terrains, or managing dexterous arm manipulation.\" \/>\n<meta property=\"og:url\" content=\"https:\/\/www.ghostysky.com\/pt\/produto-2\/unitree-h2-dual-hand-remote-controller\/\" \/>\n<meta property=\"og:site_name\" content=\"Ghostysky\" \/>\n<meta property=\"article:publisher\" content=\"https:\/\/www.facebook.com\/people\/Ghostysky\/100057676170234\/\" \/>\n<meta property=\"article:modified_time\" content=\"2026-01-10T12:27:43+00:00\" \/>\n<meta property=\"og:image\" content=\"https:\/\/www.ghostysky.com\/wp-content\/uploads\/2026\/01\/GH_Unitree-H2-Dual-Hand-Remote-Controller.webp\" \/>\n\t<meta property=\"og:image:width\" content=\"1000\" \/>\n\t<meta property=\"og:image:height\" content=\"1000\" \/>\n\t<meta property=\"og:image:type\" content=\"image\/webp\" \/>\n<meta name=\"twitter:card\" content=\"summary_large_image\" \/>\n<meta name=\"twitter:site\" content=\"@Gh0stysky\" \/>\n<meta name=\"twitter:label1\" content=\"Tempo estimado de leitura\" \/>\n\t<meta name=\"twitter:data1\" content=\"2 minutos\" \/>\n<script type=\"application\/ld+json\" class=\"yoast-schema-graph\">{\"@context\":\"https:\\\/\\\/schema.org\",\"@graph\":[{\"@type\":\"WebPage\",\"@id\":\"https:\\\/\\\/www.ghostysky.com\\\/product\\\/unitree-h2-dual-hand-remote-controller\\\/\",\"url\":\"https:\\\/\\\/www.ghostysky.com\\\/product\\\/unitree-h2-dual-hand-remote-controller\\\/\",\"name\":\"Unitree H2 Dual Hand Remote Controller - Ghostysky\",\"isPartOf\":{\"@id\":\"https:\\\/\\\/www.ghostysky.com\\\/#website\"},\"primaryImageOfPage\":{\"@id\":\"https:\\\/\\\/www.ghostysky.com\\\/product\\\/unitree-h2-dual-hand-remote-controller\\\/#primaryimage\"},\"image\":{\"@id\":\"https:\\\/\\\/www.ghostysky.com\\\/product\\\/unitree-h2-dual-hand-remote-controller\\\/#primaryimage\"},\"thumbnailUrl\":\"https:\\\/\\\/www.ghostysky.com\\\/wp-content\\\/uploads\\\/2026\\\/01\\\/GH_Unitree-H2-Dual-Hand-Remote-Controller.webp\",\"datePublished\":\"2026-01-10T11:28:47+00:00\",\"dateModified\":\"2026-01-10T12:27:43+00:00\",\"description\":\"Designed to match the advanced 31-DOF (Degrees of Freedom) architecture of the H2 humanoid, the H2 Dual Hand Remote Controller serves as the primary bridge between the human operator and the machine. Unlike standard gamepad controllers, it is engineered for the high-torque, dynamic movement requirements of full-scale humanoid robots, such as performing martial arts maneuvers, navigating complex terrains, or managing dexterous arm manipulation.\",\"breadcrumb\":{\"@id\":\"https:\\\/\\\/www.ghostysky.com\\\/product\\\/unitree-h2-dual-hand-remote-controller\\\/#breadcrumb\"},\"inLanguage\":\"pt-PT\",\"potentialAction\":[{\"@type\":\"ReadAction\",\"target\":[\"https:\\\/\\\/www.ghostysky.com\\\/product\\\/unitree-h2-dual-hand-remote-controller\\\/\"]}]},{\"@type\":\"ImageObject\",\"inLanguage\":\"pt-PT\",\"@id\":\"https:\\\/\\\/www.ghostysky.com\\\/product\\\/unitree-h2-dual-hand-remote-controller\\\/#primaryimage\",\"url\":\"https:\\\/\\\/www.ghostysky.com\\\/wp-content\\\/uploads\\\/2026\\\/01\\\/GH_Unitree-H2-Dual-Hand-Remote-Controller.webp\",\"contentUrl\":\"https:\\\/\\\/www.ghostysky.com\\\/wp-content\\\/uploads\\\/2026\\\/01\\\/GH_Unitree-H2-Dual-Hand-Remote-Controller.webp\",\"width\":1000,\"height\":1000},{\"@type\":\"BreadcrumbList\",\"@id\":\"https:\\\/\\\/www.ghostysky.com\\\/product\\\/unitree-h2-dual-hand-remote-controller\\\/#breadcrumb\",\"itemListElement\":[{\"@type\":\"ListItem\",\"position\":1,\"name\":\"Home\",\"item\":\"https:\\\/\\\/www.ghostysky.com\\\/\"},{\"@type\":\"ListItem\",\"position\":2,\"name\":\"Shop\",\"item\":\"https:\\\/\\\/www.ghostysky.com\\\/shop\\\/\"},{\"@type\":\"ListItem\",\"position\":3,\"name\":\"Unitree H2 Dual Hand Remote Controller\"}]},{\"@type\":\"WebSite\",\"@id\":\"https:\\\/\\\/www.ghostysky.com\\\/#website\",\"url\":\"https:\\\/\\\/www.ghostysky.com\\\/\",\"name\":\"Ghostysky\",\"description\":\"Delivering professional drones and services\",\"publisher\":{\"@id\":\"https:\\\/\\\/www.ghostysky.com\\\/#organization\"},\"potentialAction\":[{\"@type\":\"SearchAction\",\"target\":{\"@type\":\"EntryPoint\",\"urlTemplate\":\"https:\\\/\\\/www.ghostysky.com\\\/?s={search_term_string}\"},\"query-input\":{\"@type\":\"PropertyValueSpecification\",\"valueRequired\":true,\"valueName\":\"search_term_string\"}}],\"inLanguage\":\"pt-PT\"},{\"@type\":\"Organization\",\"@id\":\"https:\\\/\\\/www.ghostysky.com\\\/#organization\",\"name\":\"Ghostysky\",\"url\":\"https:\\\/\\\/www.ghostysky.com\\\/\",\"logo\":{\"@type\":\"ImageObject\",\"inLanguage\":\"pt-PT\",\"@id\":\"https:\\\/\\\/www.ghostysky.com\\\/#\\\/schema\\\/logo\\\/image\\\/\",\"url\":\"https:\\\/\\\/www.ghostysky.com\\\/wp-content\\\/uploads\\\/2020\\\/06\\\/cropped-ghostyskylogo_text_white2.png\",\"contentUrl\":\"https:\\\/\\\/www.ghostysky.com\\\/wp-content\\\/uploads\\\/2020\\\/06\\\/cropped-ghostyskylogo_text_white2.png\",\"width\":169,\"height\":56,\"caption\":\"Ghostysky\"},\"image\":{\"@id\":\"https:\\\/\\\/www.ghostysky.com\\\/#\\\/schema\\\/logo\\\/image\\\/\"},\"sameAs\":[\"https:\\\/\\\/www.facebook.com\\\/people\\\/Ghostysky\\\/100057676170234\\\/\",\"https:\\\/\\\/x.com\\\/Gh0stysky\",\"https:\\\/\\\/www.linkedin.com\\\/company\\\/34739653\",\"https:\\\/\\\/www.instagram.com\\\/gh0stysky\"]}]}<\/script>\n<!-- \/ Yoast SEO plugin. -->","yoast_head_json":{"title":"Controle Remoto Duplo Unitree H2 - Ghostysky","description":"Projetado para se adequar \u00e0 arquitetura avan\u00e7ada de 31 graus de liberdade (DOF) do humanoide H2, o Controle Remoto Duplo H2 serve como a principal ponte entre o operador humano e a m\u00e1quina. Ao contr\u00e1rio dos controles de jogos padr\u00e3o, ele foi projetado para atender aos requisitos de alto torque e movimento din\u00e2mico de rob\u00f4s humanoides em escala real, como executar manobras de artes marciais, navegar em terrenos complexos ou controlar a manipula\u00e7\u00e3o precisa dos bra\u00e7os.","robots":{"index":"index","follow":"follow","max-snippet":"max-snippet:-1","max-image-preview":"max-image-preview:large","max-video-preview":"max-video-preview:-1"},"canonical":"https:\/\/www.ghostysky.com\/pt\/produto-2\/unitree-h2-dual-hand-remote-controller\/","og_locale":"pt_PT","og_type":"article","og_title":"Unitree H2 Dual Hand Remote Controller - Ghostysky","og_description":"Designed to match the advanced 31-DOF (Degrees of Freedom) architecture of the H2 humanoid, the H2 Dual Hand Remote Controller serves as the primary bridge between the human operator and the machine. Unlike standard gamepad controllers, it is engineered for the high-torque, dynamic movement requirements of full-scale humanoid robots, such as performing martial arts maneuvers, navigating complex terrains, or managing dexterous arm manipulation.","og_url":"https:\/\/www.ghostysky.com\/pt\/produto-2\/unitree-h2-dual-hand-remote-controller\/","og_site_name":"Ghostysky","article_publisher":"https:\/\/www.facebook.com\/people\/Ghostysky\/100057676170234\/","article_modified_time":"2026-01-10T12:27:43+00:00","og_image":[{"width":1000,"height":1000,"url":"https:\/\/www.ghostysky.com\/wp-content\/uploads\/2026\/01\/GH_Unitree-H2-Dual-Hand-Remote-Controller.webp","type":"image\/webp"}],"twitter_card":"summary_large_image","twitter_site":"@Gh0stysky","twitter_misc":{"Tempo estimado de leitura":"2 minutos"},"schema":{"@context":"https:\/\/schema.org","@graph":[{"@type":"WebPage","@id":"https:\/\/www.ghostysky.com\/product\/unitree-h2-dual-hand-remote-controller\/","url":"https:\/\/www.ghostysky.com\/product\/unitree-h2-dual-hand-remote-controller\/","name":"Controle Remoto Duplo Unitree H2 - Ghostysky","isPartOf":{"@id":"https:\/\/www.ghostysky.com\/#website"},"primaryImageOfPage":{"@id":"https:\/\/www.ghostysky.com\/product\/unitree-h2-dual-hand-remote-controller\/#primaryimage"},"image":{"@id":"https:\/\/www.ghostysky.com\/product\/unitree-h2-dual-hand-remote-controller\/#primaryimage"},"thumbnailUrl":"https:\/\/www.ghostysky.com\/wp-content\/uploads\/2026\/01\/GH_Unitree-H2-Dual-Hand-Remote-Controller.webp","datePublished":"2026-01-10T11:28:47+00:00","dateModified":"2026-01-10T12:27:43+00:00","description":"Projetado para se adequar \u00e0 arquitetura avan\u00e7ada de 31 graus de liberdade (DOF) do humanoide H2, o Controle Remoto Duplo H2 serve como a principal ponte entre o operador humano e a m\u00e1quina. Ao contr\u00e1rio dos controles de jogos padr\u00e3o, ele foi projetado para atender aos requisitos de alto torque e movimento din\u00e2mico de rob\u00f4s humanoides em escala real, como executar manobras de artes marciais, navegar em terrenos complexos ou controlar a manipula\u00e7\u00e3o precisa dos bra\u00e7os.","breadcrumb":{"@id":"https:\/\/www.ghostysky.com\/product\/unitree-h2-dual-hand-remote-controller\/#breadcrumb"},"inLanguage":"pt-PT","potentialAction":[{"@type":"ReadAction","target":["https:\/\/www.ghostysky.com\/product\/unitree-h2-dual-hand-remote-controller\/"]}]},{"@type":"ImageObject","inLanguage":"pt-PT","@id":"https:\/\/www.ghostysky.com\/product\/unitree-h2-dual-hand-remote-controller\/#primaryimage","url":"https:\/\/www.ghostysky.com\/wp-content\/uploads\/2026\/01\/GH_Unitree-H2-Dual-Hand-Remote-Controller.webp","contentUrl":"https:\/\/www.ghostysky.com\/wp-content\/uploads\/2026\/01\/GH_Unitree-H2-Dual-Hand-Remote-Controller.webp","width":1000,"height":1000},{"@type":"BreadcrumbList","@id":"https:\/\/www.ghostysky.com\/product\/unitree-h2-dual-hand-remote-controller\/#breadcrumb","itemListElement":[{"@type":"ListItem","position":1,"name":"Home","item":"https:\/\/www.ghostysky.com\/"},{"@type":"ListItem","position":2,"name":"Shop","item":"https:\/\/www.ghostysky.com\/shop\/"},{"@type":"ListItem","position":3,"name":"Unitree H2 Dual Hand Remote Controller"}]},{"@type":"WebSite","@id":"https:\/\/www.ghostysky.com\/#website","url":"https:\/\/www.ghostysky.com\/","name":"Ghostysky","description":"Fornecendo drones e servi\u00e7os profissionais","publisher":{"@id":"https:\/\/www.ghostysky.com\/#organization"},"potentialAction":[{"@type":"SearchAction","target":{"@type":"EntryPoint","urlTemplate":"https:\/\/www.ghostysky.com\/?s={search_term_string}"},"query-input":{"@type":"PropertyValueSpecification","valueRequired":true,"valueName":"search_term_string"}}],"inLanguage":"pt-PT"},{"@type":"Organization","@id":"https:\/\/www.ghostysky.com\/#organization","name":"Ghostysky","url":"https:\/\/www.ghostysky.com\/","logo":{"@type":"ImageObject","inLanguage":"pt-PT","@id":"https:\/\/www.ghostysky.com\/#\/schema\/logo\/image\/","url":"https:\/\/www.ghostysky.com\/wp-content\/uploads\/2020\/06\/cropped-ghostyskylogo_text_white2.png","contentUrl":"https:\/\/www.ghostysky.com\/wp-content\/uploads\/2020\/06\/cropped-ghostyskylogo_text_white2.png","width":169,"height":56,"caption":"Ghostysky"},"image":{"@id":"https:\/\/www.ghostysky.com\/#\/schema\/logo\/image\/"},"sameAs":["https:\/\/www.facebook.com\/people\/Ghostysky\/100057676170234\/","https:\/\/x.com\/Gh0stysky","https:\/\/www.linkedin.com\/company\/34739653","https:\/\/www.instagram.com\/gh0stysky"]}]}},"_links":{"self":[{"href":"https:\/\/www.ghostysky.com\/pt\/wp-json\/wp\/v2\/product\/23659","targetHints":{"allow":["GET"]}}],"collection":[{"href":"https:\/\/www.ghostysky.com\/pt\/wp-json\/wp\/v2\/product"}],"about":[{"href":"https:\/\/www.ghostysky.com\/pt\/wp-json\/wp\/v2\/types\/product"}],"replies":[{"embeddable":true,"href":"https:\/\/www.ghostysky.com\/pt\/wp-json\/wp\/v2\/comments?post=23659"}],"wp:featuredmedia":[{"embeddable":true,"href":"https:\/\/www.ghostysky.com\/pt\/wp-json\/wp\/v2\/media\/23660"}],"wp:attachment":[{"href":"https:\/\/www.ghostysky.com\/pt\/wp-json\/wp\/v2\/media?parent=23659"}],"wp:term":[{"taxonomy":"product_brand","embeddable":true,"href":"https:\/\/www.ghostysky.com\/pt\/wp-json\/wp\/v2\/product_brand?post=23659"},{"taxonomy":"product_cat","embeddable":true,"href":"https:\/\/www.ghostysky.com\/pt\/wp-json\/wp\/v2\/product_cat?post=23659"},{"taxonomy":"product_tag","embeddable":true,"href":"https:\/\/www.ghostysky.com\/pt\/wp-json\/wp\/v2\/product_tag?post=23659"}],"curies":[{"name":"wp","href":"https:\/\/api.w.org\/{rel}","templated":true}]}}