{"id":23661,"date":"2026-01-10T11:30:21","date_gmt":"2026-01-10T11:30:21","guid":{"rendered":"https:\/\/www.ghostysky.com\/?post_type=product&#038;p=23661"},"modified":"2026-01-10T12:28:36","modified_gmt":"2026-01-10T12:28:36","slug":"unitree-h2-battery-single-battery","status":"publish","type":"product","link":"https:\/\/www.ghostysky.com\/pt\/product\/unitree-h2-battery-single-battery\/","title":{"rendered":"Bateria Unitree H2 (Bateria \u00fanica)"},"content":{"rendered":"<h4 data-path-to-node=\"3\">Caracter\u00edsticas principais<\/h4>\n<ul data-path-to-node=\"4\">\n<li>\n<p data-path-to-node=\"4,0,0\"><b data-path-to-node=\"4,0,0\" data-index-in-node=\"0\"><span class=\"citation-227\">Alta densidade de energia:<\/span><\/b><span class=\"citation-227\"> Com um <\/span><b data-path-to-node=\"4,0,0\" data-index-in-node=\"28\"><span class=\"citation-227\">0,972 kWh<\/span><\/b><span class=\"citation-227 citation-end-227\"> Com sua capacidade, esta bateria oferece uma das melhores rela\u00e7\u00f5es pot\u00eancia\/peso da sua classe, suportando as robustas juntas das pernas do rob\u00f4, com torque de 360 Nm.<\/span><\/p>\n<\/li>\n<li>\n<p data-path-to-node=\"4,1,0\"><b data-path-to-node=\"4,1,0\" data-index-in-node=\"0\"><span class=\"citation-226\">Design de libera\u00e7\u00e3o r\u00e1pida:<\/span><\/b><span class=\"citation-226 citation-end-226\"> Projetado para trocas r\u00e1pidas, permitindo que os usu\u00e1rios minimizem o tempo de inatividade durante experimentos de longa dura\u00e7\u00e3o ou miss\u00f5es de campo.<\/span><\/p>\n<\/li>\n<li>\n<p data-path-to-node=\"4,2,0\"><b data-path-to-node=\"4,2,0\" data-index-in-node=\"0\">BMS Inteligente:<\/b><span class=\"citation-225\"> Apresenta um recurso desenvolvido internamente. <\/span><b data-path-to-node=\"4,2,0\" data-index-in-node=\"43\"><span class=\"citation-225\">Sistema de gerenciamento de bateria (BMS)<\/span><\/b><span class=\"citation-225 citation-end-225\"> que proporciona monitoramento de sa\u00fade em tempo real, balanceamento celular e seis n\u00edveis de prote\u00e7\u00e3o.<\/span><\/p>\n<\/li>\n<li>\n<p data-path-to-node=\"4,3,0\"><b data-path-to-node=\"4,3,0\" data-index-in-node=\"0\"><span class=\"citation-224\">Tempo de execu\u00e7\u00e3o estendido:<\/span><\/b><span class=\"citation-224\"> Uma \u00fanica bateria suporta aproximadamente <\/span><b data-path-to-node=\"4,3,0\" data-index-in-node=\"58\"><span class=\"citation-224\">3 horas<\/span><\/b><span class=\"citation-224 citation-end-224\"> de opera\u00e7\u00e3o cont\u00ednua (dependendo da intensidade das tarefas).<\/span><\/p>\n<\/li>\n<li>\n<p data-path-to-node=\"4,4,0\"><b data-path-to-node=\"4,4,0\" data-index-in-node=\"0\"><span class=\"citation-223\">Estabilidade em alta tens\u00e3o:<\/span><\/b><span class=\"citation-223\"> Operando em um <\/span><b data-path-to-node=\"4,4,0\" data-index-in-node=\"39\"><span class=\"citation-223\">75,6 V<\/span><\/b><span class=\"citation-223 citation-end-223\"> Com a tens\u00e3o do sistema, ele fornece a corrente constante necess\u00e1ria para movimentos explosivos, como saltar ou correr.<\/span><\/p>\n<div class=\"source-inline-chip-container ng-star-inserted\"><\/div>\n<\/li>\n<\/ul>\n<h4 data-path-to-node=\"6\">Especifica\u00e7\u00f5es t\u00e9cnicas<\/h4>\n<table data-path-to-node=\"7\">\n<thead>\n<tr>\n<td><strong>Par\u00e2metro<\/strong><\/td>\n<td><strong>Especifica\u00e7\u00f5es<\/strong><\/td>\n<\/tr>\n<\/thead>\n<tbody>\n<tr>\n<td><span data-path-to-node=\"7,1,0,0\"><b data-path-to-node=\"7,1,0,0\" data-index-in-node=\"0\">Capacidade nominal<\/b><\/span><\/td>\n<td><span data-path-to-node=\"7,1,1,0\">15.000 mAh (15 Ah)<\/span><\/td>\n<\/tr>\n<tr>\n<td><span data-path-to-node=\"7,2,0,0\"><b data-path-to-node=\"7,2,0,0\" data-index-in-node=\"0\">Energia Total<\/b><\/span><\/td>\n<td><span data-path-to-node=\"7,2,1,0\">0,972 kWh<\/span><\/td>\n<\/tr>\n<tr>\n<td><span data-path-to-node=\"7,3,0,0\"><b data-path-to-node=\"7,3,0,0\" data-index-in-node=\"0\">Tens\u00e3o do sistema<\/b><\/span><\/td>\n<td><span data-path-to-node=\"7,3,1,0\">75,6 V<\/span><\/td>\n<\/tr>\n<tr>\n<td><span data-path-to-node=\"7,4,0,0\"><b data-path-to-node=\"7,4,0,0\" data-index-in-node=\"0\">Tempo de execu\u00e7\u00e3o<\/b><\/span><\/td>\n<td><span data-path-to-node=\"7,4,1,0\">Aproximadamente 3 horas (uso padr\u00e3o)<\/span><\/td>\n<\/tr>\n<tr>\n<td><span data-path-to-node=\"7,5,0,0\"><b data-path-to-node=\"7,5,0,0\" data-index-in-node=\"0\">Certifica\u00e7\u00f5es de seguran\u00e7a<\/b><\/span><\/td>\n<td><span data-path-to-node=\"7,5,1,0\">IEC 62133-2 \/ IS 16046 (Parte 2)<\/span><\/td>\n<\/tr>\n<tr>\n<td><span data-path-to-node=\"7,6,0,0\"><b data-path-to-node=\"7,6,0,0\" data-index-in-node=\"0\">Recursos de prote\u00e7\u00e3o<\/b><\/span><\/td>\n<td><span data-path-to-node=\"7,6,1,0\">Sobrecarga, Descarga excessiva, Curto-circuito, Temperatura, Sobretens\u00e3o<\/span><\/td>\n<\/tr>\n<tr>\n<td><span data-path-to-node=\"7,7,0,0\"><b data-path-to-node=\"7,7,0,0\" data-index-in-node=\"0\">Carregando<\/b><\/span><\/td>\n<td><span data-path-to-node=\"7,7,1,0\">Suporta carregamento r\u00e1pido de alta corrente.<\/span><\/td>\n<\/tr>\n<\/tbody>\n<\/table>\n<p>&nbsp;<\/p>\n<h4 data-path-to-node=\"9\">Por que escolher a bateria oficial H2?<\/h4>\n<p data-path-to-node=\"10\">Ao contr\u00e1rio das baterias de \u00edon-l\u00edtio gen\u00e9ricas, a bateria Unitree H2 \u00e9 constru\u00edda com <b data-path-to-node=\"10\" data-index-in-node=\"71\">c\u00e9lulas de grau industrial<\/b> Otimizado para os padr\u00f5es espec\u00edficos de consumo de corrente da locomo\u00e7\u00e3o humanoide. Seu visor de energia integrado permite verifica\u00e7\u00f5es instant\u00e2neas de status, enquanto a arquitetura &quot;Destiny Awakening&quot; garante que ele possa lidar com as demandas t\u00e9rmicas dos poderosos m\u00f3dulos de computa\u00e7\u00e3o Intel\/NVIDIA integrados do H2.<\/p>","protected":false},"excerpt":{"rendered":"<p data-path-to-node=\"0\"><span class=\"citation-229\">O <\/span><b data-path-to-node=\"0\" data-index-in-node=\"4\"><span class=\"citation-229\">Bateria Unitree H2<\/span><\/b><span class=\"citation-229 citation-end-229\"> \u00c9 o n\u00facleo de energia de alto desempenho projetado especificamente para o rob\u00f4 humanoide H2.<\/span> Projetada para &quot;Destiny Awakening&quot;, esta bateria \u00fanica fornece a energia de alta densidade necess\u00e1ria para alimentar os 31 graus de liberdade do rob\u00f4 e seus motores de alto torque.<\/p>\n<p data-path-to-node=\"1\"><span class=\"citation-228 citation-end-228\">Seja para pesquisas complexas, treinamento de IA ou inspe\u00e7\u00f5es industriais, esta bateria garante que seu H2 permane\u00e7a operacional com uma fonte de energia confi\u00e1vel e de r\u00e1pida substitui\u00e7\u00e3o.<\/span><\/p>","protected":false},"featured_media":21985,"comment_status":"open","ping_status":"closed","template":"","meta":[],"product_brand":[1087],"product_cat":[1038,1037,1102],"product_tag":[1088,1328,1329,1326],"class_list":{"0":"post-23661","1":"product","2":"type-product","3":"status-publish","4":"has-post-thumbnail","6":"product_brand-unitree","7":"product_cat-humanoid","8":"product_cat-robotics","9":"product_cat-unitree-hum-accessories","10":"product_tag-unitree","11":"product_tag-unitree-h2","12":"product_tag-unitree-h2-accessories","13":"product_tag-unitree-h2-series","15":"first","16":"onbackorder","17":"taxable","18":"shipping-taxable","19":"purchasable","20":"product-type-simple"},"yoast_head":"<!-- This site is optimized with the Yoast SEO plugin v27.1.1 - https:\/\/yoast.com\/product\/yoast-seo-wordpress\/ -->\n<title>Unitree H2 Battery (Single Battery) - Ghostysky<\/title>\n<meta name=\"description\" content=\"The Unitree H2 Battery is the high-performance energy core designed specifically for the H2 humanoid robot. Engineered for &quot;Destiny Awakening,&quot; this single battery pack provides the high-density power required to fuel the robot\u2019s 31 degrees of freedom and its high-torque motors.Whether you are performing complex research, AI training, or industrial inspections, this battery ensures your H2 remains operational with a reliable, quick-release power source.\" \/>\n<meta name=\"robots\" content=\"index, follow, max-snippet:-1, max-image-preview:large, max-video-preview:-1\" \/>\n<link rel=\"canonical\" href=\"https:\/\/www.ghostysky.com\/pt\/produto-2\/unitree-h2-battery-single-battery\/\" \/>\n<meta property=\"og:locale\" content=\"pt_PT\" \/>\n<meta property=\"og:type\" content=\"article\" \/>\n<meta property=\"og:title\" content=\"Unitree H2 Battery (Single Battery) - Ghostysky\" \/>\n<meta property=\"og:description\" content=\"The Unitree H2 Battery is the high-performance energy core designed specifically for the H2 humanoid robot. Engineered for &quot;Destiny Awakening,&quot; this single battery pack provides the high-density power required to fuel the robot\u2019s 31 degrees of freedom and its high-torque motors.Whether you are performing complex research, AI training, or industrial inspections, this battery ensures your H2 remains operational with a reliable, quick-release power source.\" \/>\n<meta property=\"og:url\" content=\"https:\/\/www.ghostysky.com\/pt\/produto-2\/unitree-h2-battery-single-battery\/\" \/>\n<meta property=\"og:site_name\" content=\"Ghostysky\" \/>\n<meta property=\"article:publisher\" content=\"https:\/\/www.facebook.com\/people\/Ghostysky\/100057676170234\/\" \/>\n<meta property=\"article:modified_time\" content=\"2026-01-10T12:28:36+00:00\" \/>\n<meta property=\"og:image\" content=\"https:\/\/www.ghostysky.com\/wp-content\/uploads\/2025\/10\/GH_Unitree.svg_logo_1.png\" \/>\n\t<meta property=\"og:image:width\" content=\"2560\" \/>\n\t<meta property=\"og:image:height\" content=\"577\" \/>\n\t<meta property=\"og:image:type\" content=\"image\/png\" \/>\n<meta name=\"twitter:card\" content=\"summary_large_image\" \/>\n<meta name=\"twitter:site\" content=\"@Gh0stysky\" \/>\n<meta name=\"twitter:label1\" content=\"Tempo estimado de leitura\" \/>\n\t<meta name=\"twitter:data1\" content=\"2 minutos\" \/>\n<script type=\"application\/ld+json\" class=\"yoast-schema-graph\">{\"@context\":\"https:\/\/schema.org\",\"@graph\":[{\"@type\":\"WebPage\",\"@id\":\"https:\/\/www.ghostysky.com\/product\/unitree-h2-battery-single-battery\/\",\"url\":\"https:\/\/www.ghostysky.com\/product\/unitree-h2-battery-single-battery\/\",\"name\":\"Unitree H2 Battery (Single Battery) - Ghostysky\",\"isPartOf\":{\"@id\":\"https:\/\/www.ghostysky.com\/#website\"},\"primaryImageOfPage\":{\"@id\":\"https:\/\/www.ghostysky.com\/product\/unitree-h2-battery-single-battery\/#primaryimage\"},\"image\":{\"@id\":\"https:\/\/www.ghostysky.com\/product\/unitree-h2-battery-single-battery\/#primaryimage\"},\"thumbnailUrl\":\"https:\/\/www.ghostysky.com\/wp-content\/uploads\/2025\/10\/GH_Unitree.svg_logo_1.png\",\"datePublished\":\"2026-01-10T11:30:21+00:00\",\"dateModified\":\"2026-01-10T12:28:36+00:00\",\"description\":\"The Unitree H2 Battery is the high-performance energy core designed specifically for the H2 humanoid robot. Engineered for \\\"Destiny Awakening,\\\" this single battery pack provides the high-density power required to fuel the robot\u2019s 31 degrees of freedom and its high-torque motors.Whether you are performing complex research, AI training, or industrial inspections, this battery ensures your H2 remains operational with a reliable, quick-release power source.\",\"breadcrumb\":{\"@id\":\"https:\/\/www.ghostysky.com\/product\/unitree-h2-battery-single-battery\/#breadcrumb\"},\"inLanguage\":\"pt-PT\",\"potentialAction\":[{\"@type\":\"ReadAction\",\"target\":[\"https:\/\/www.ghostysky.com\/product\/unitree-h2-battery-single-battery\/\"]}]},{\"@type\":\"ImageObject\",\"inLanguage\":\"pt-PT\",\"@id\":\"https:\/\/www.ghostysky.com\/product\/unitree-h2-battery-single-battery\/#primaryimage\",\"url\":\"https:\/\/www.ghostysky.com\/wp-content\/uploads\/2025\/10\/GH_Unitree.svg_logo_1.png\",\"contentUrl\":\"https:\/\/www.ghostysky.com\/wp-content\/uploads\/2025\/10\/GH_Unitree.svg_logo_1.png\",\"width\":2560,\"height\":577},{\"@type\":\"BreadcrumbList\",\"@id\":\"https:\/\/www.ghostysky.com\/product\/unitree-h2-battery-single-battery\/#breadcrumb\",\"itemListElement\":[{\"@type\":\"ListItem\",\"position\":1,\"name\":\"Home\",\"item\":\"https:\/\/www.ghostysky.com\/\"},{\"@type\":\"ListItem\",\"position\":2,\"name\":\"Shop\",\"item\":\"https:\/\/www.ghostysky.com\/shop\/\"},{\"@type\":\"ListItem\",\"position\":3,\"name\":\"Unitree H2 Battery (Single Battery)\"}]},{\"@type\":\"WebSite\",\"@id\":\"https:\/\/www.ghostysky.com\/#website\",\"url\":\"https:\/\/www.ghostysky.com\/\",\"name\":\"Ghostysky\",\"description\":\"Delivering professional drones and services\",\"publisher\":{\"@id\":\"https:\/\/www.ghostysky.com\/#organization\"},\"potentialAction\":[{\"@type\":\"SearchAction\",\"target\":{\"@type\":\"EntryPoint\",\"urlTemplate\":\"https:\/\/www.ghostysky.com\/?s={search_term_string}\"},\"query-input\":{\"@type\":\"PropertyValueSpecification\",\"valueRequired\":true,\"valueName\":\"search_term_string\"}}],\"inLanguage\":\"pt-PT\"},{\"@type\":\"Organization\",\"@id\":\"https:\/\/www.ghostysky.com\/#organization\",\"name\":\"Ghostysky\",\"url\":\"https:\/\/www.ghostysky.com\/\",\"logo\":{\"@type\":\"ImageObject\",\"inLanguage\":\"pt-PT\",\"@id\":\"https:\/\/www.ghostysky.com\/#\/schema\/logo\/image\/\",\"url\":\"https:\/\/www.ghostysky.com\/wp-content\/uploads\/2020\/06\/cropped-ghostyskylogo_text_white2.png\",\"contentUrl\":\"https:\/\/www.ghostysky.com\/wp-content\/uploads\/2020\/06\/cropped-ghostyskylogo_text_white2.png\",\"width\":169,\"height\":56,\"caption\":\"Ghostysky\"},\"image\":{\"@id\":\"https:\/\/www.ghostysky.com\/#\/schema\/logo\/image\/\"},\"sameAs\":[\"https:\/\/www.facebook.com\/people\/Ghostysky\/100057676170234\/\",\"https:\/\/x.com\/Gh0stysky\",\"https:\/\/www.linkedin.com\/company\/34739653\",\"https:\/\/www.instagram.com\/gh0stysky\"]}]}<\/script>\n<!-- \/ Yoast SEO plugin. -->","yoast_head_json":{"title":"Bateria Unitree H2 (Bateria \u00fanica) - Ghostysky","description":"A bateria Unitree H2 \u00e9 o n\u00facleo de energia de alto desempenho projetado especificamente para o rob\u00f4 humanoide H2. Desenvolvida para o &quot;Despertar do Destino&quot;, esta bateria \u00fanica fornece a energia de alta densidade necess\u00e1ria para alimentar os 31 graus de liberdade do rob\u00f4 e seus motores de alto torque. Seja para pesquisas complexas, treinamento de IA ou inspe\u00e7\u00f5es industriais, esta bateria garante que seu H2 permane\u00e7a operacional com uma fonte de energia confi\u00e1vel e de r\u00e1pida substitui\u00e7\u00e3o.","robots":{"index":"index","follow":"follow","max-snippet":"max-snippet:-1","max-image-preview":"max-image-preview:large","max-video-preview":"max-video-preview:-1"},"canonical":"https:\/\/www.ghostysky.com\/pt\/produto-2\/unitree-h2-battery-single-battery\/","og_locale":"pt_PT","og_type":"article","og_title":"Unitree H2 Battery (Single Battery) - Ghostysky","og_description":"The Unitree H2 Battery is the high-performance energy core designed specifically for the H2 humanoid robot. Engineered for \"Destiny Awakening,\" this single battery pack provides the high-density power required to fuel the robot\u2019s 31 degrees of freedom and its high-torque motors.Whether you are performing complex research, AI training, or industrial inspections, this battery ensures your H2 remains operational with a reliable, quick-release power source.","og_url":"https:\/\/www.ghostysky.com\/pt\/produto-2\/unitree-h2-battery-single-battery\/","og_site_name":"Ghostysky","article_publisher":"https:\/\/www.facebook.com\/people\/Ghostysky\/100057676170234\/","article_modified_time":"2026-01-10T12:28:36+00:00","og_image":[{"width":2560,"height":577,"url":"https:\/\/www.ghostysky.com\/wp-content\/uploads\/2025\/10\/GH_Unitree.svg_logo_1.png","type":"image\/png"}],"twitter_card":"summary_large_image","twitter_site":"@Gh0stysky","twitter_misc":{"Tempo estimado de leitura":"2 minutos"},"schema":{"@context":"https:\/\/schema.org","@graph":[{"@type":"WebPage","@id":"https:\/\/www.ghostysky.com\/product\/unitree-h2-battery-single-battery\/","url":"https:\/\/www.ghostysky.com\/product\/unitree-h2-battery-single-battery\/","name":"Bateria Unitree H2 (Bateria \u00fanica) - Ghostysky","isPartOf":{"@id":"https:\/\/www.ghostysky.com\/#website"},"primaryImageOfPage":{"@id":"https:\/\/www.ghostysky.com\/product\/unitree-h2-battery-single-battery\/#primaryimage"},"image":{"@id":"https:\/\/www.ghostysky.com\/product\/unitree-h2-battery-single-battery\/#primaryimage"},"thumbnailUrl":"https:\/\/www.ghostysky.com\/wp-content\/uploads\/2025\/10\/GH_Unitree.svg_logo_1.png","datePublished":"2026-01-10T11:30:21+00:00","dateModified":"2026-01-10T12:28:36+00:00","description":"A bateria Unitree H2 \u00e9 o n\u00facleo de energia de alto desempenho projetado especificamente para o rob\u00f4 humanoide H2. Desenvolvida para o &quot;Despertar do Destino&quot;, esta bateria \u00fanica fornece a energia de alta densidade necess\u00e1ria para alimentar os 31 graus de liberdade do rob\u00f4 e seus motores de alto torque. Seja para pesquisas complexas, treinamento de IA ou inspe\u00e7\u00f5es industriais, esta bateria garante que seu H2 permane\u00e7a operacional com uma fonte de energia confi\u00e1vel e de r\u00e1pida substitui\u00e7\u00e3o.","breadcrumb":{"@id":"https:\/\/www.ghostysky.com\/product\/unitree-h2-battery-single-battery\/#breadcrumb"},"inLanguage":"pt-PT","potentialAction":[{"@type":"ReadAction","target":["https:\/\/www.ghostysky.com\/product\/unitree-h2-battery-single-battery\/"]}]},{"@type":"ImageObject","inLanguage":"pt-PT","@id":"https:\/\/www.ghostysky.com\/product\/unitree-h2-battery-single-battery\/#primaryimage","url":"https:\/\/www.ghostysky.com\/wp-content\/uploads\/2025\/10\/GH_Unitree.svg_logo_1.png","contentUrl":"https:\/\/www.ghostysky.com\/wp-content\/uploads\/2025\/10\/GH_Unitree.svg_logo_1.png","width":2560,"height":577},{"@type":"BreadcrumbList","@id":"https:\/\/www.ghostysky.com\/product\/unitree-h2-battery-single-battery\/#breadcrumb","itemListElement":[{"@type":"ListItem","position":1,"name":"Home","item":"https:\/\/www.ghostysky.com\/"},{"@type":"ListItem","position":2,"name":"Shop","item":"https:\/\/www.ghostysky.com\/shop\/"},{"@type":"ListItem","position":3,"name":"Unitree H2 Battery (Single Battery)"}]},{"@type":"WebSite","@id":"https:\/\/www.ghostysky.com\/#website","url":"https:\/\/www.ghostysky.com\/","name":"Ghostysky","description":"Fornecendo drones e servi\u00e7os profissionais","publisher":{"@id":"https:\/\/www.ghostysky.com\/#organization"},"potentialAction":[{"@type":"SearchAction","target":{"@type":"EntryPoint","urlTemplate":"https:\/\/www.ghostysky.com\/?s={search_term_string}"},"query-input":{"@type":"PropertyValueSpecification","valueRequired":true,"valueName":"search_term_string"}}],"inLanguage":"pt-PT"},{"@type":"Organization","@id":"https:\/\/www.ghostysky.com\/#organization","name":"Ghostysky","url":"https:\/\/www.ghostysky.com\/","logo":{"@type":"ImageObject","inLanguage":"pt-PT","@id":"https:\/\/www.ghostysky.com\/#\/schema\/logo\/image\/","url":"https:\/\/www.ghostysky.com\/wp-content\/uploads\/2020\/06\/cropped-ghostyskylogo_text_white2.png","contentUrl":"https:\/\/www.ghostysky.com\/wp-content\/uploads\/2020\/06\/cropped-ghostyskylogo_text_white2.png","width":169,"height":56,"caption":"Ghostysky"},"image":{"@id":"https:\/\/www.ghostysky.com\/#\/schema\/logo\/image\/"},"sameAs":["https:\/\/www.facebook.com\/people\/Ghostysky\/100057676170234\/","https:\/\/x.com\/Gh0stysky","https:\/\/www.linkedin.com\/company\/34739653","https:\/\/www.instagram.com\/gh0stysky"]}]}},"_links":{"self":[{"href":"https:\/\/www.ghostysky.com\/pt\/wp-json\/wp\/v2\/product\/23661","targetHints":{"allow":["GET"]}}],"collection":[{"href":"https:\/\/www.ghostysky.com\/pt\/wp-json\/wp\/v2\/product"}],"about":[{"href":"https:\/\/www.ghostysky.com\/pt\/wp-json\/wp\/v2\/types\/product"}],"replies":[{"embeddable":true,"href":"https:\/\/www.ghostysky.com\/pt\/wp-json\/wp\/v2\/comments?post=23661"}],"wp:featuredmedia":[{"embeddable":true,"href":"https:\/\/www.ghostysky.com\/pt\/wp-json\/wp\/v2\/media\/21985"}],"wp:attachment":[{"href":"https:\/\/www.ghostysky.com\/pt\/wp-json\/wp\/v2\/media?parent=23661"}],"wp:term":[{"taxonomy":"product_brand","embeddable":true,"href":"https:\/\/www.ghostysky.com\/pt\/wp-json\/wp\/v2\/product_brand?post=23661"},{"taxonomy":"product_cat","embeddable":true,"href":"https:\/\/www.ghostysky.com\/pt\/wp-json\/wp\/v2\/product_cat?post=23661"},{"taxonomy":"product_tag","embeddable":true,"href":"https:\/\/www.ghostysky.com\/pt\/wp-json\/wp\/v2\/product_tag?post=23661"}],"curies":[{"name":"wp","href":"https:\/\/api.w.org\/{rel}","templated":true}]}}