{"id":23668,"date":"2026-01-10T11:40:17","date_gmt":"2026-01-10T11:40:17","guid":{"rendered":"https:\/\/www.ghostysky.com\/?post_type=product&#038;p=23668"},"modified":"2026-01-10T12:29:29","modified_gmt":"2026-01-10T12:29:29","slug":"unitree-h2-charger","status":"publish","type":"product","link":"https:\/\/www.ghostysky.com\/pt\/product\/unitree-h2-charger\/","title":{"rendered":"Carregador Unitree H2"},"content":{"rendered":"<h4 data-path-to-node=\"2\">Principais recursos e especifica\u00e7\u00f5es<\/h4>\n<p data-path-to-node=\"3\">O carregador H2 foi projetado para atender \u00e0s elevadas necessidades de energia de um rob\u00f4 humanoide de grande porte. Ao contr\u00e1rio dos carregadores menores para quadr\u00fapedes, ele apresenta uma tens\u00e3o e pot\u00eancia de sa\u00edda mais altas para garantir que o sistema de baterias de 75,6 V seja recarregado com efici\u00eancia.<\/p>\n<h4 data-path-to-node=\"4\">Desempenho t\u00e9cnico<\/h4>\n<ul data-path-to-node=\"5\">\n<li>\n<p data-path-to-node=\"5,0,0\"><b data-path-to-node=\"5,0,0\" data-index-in-node=\"0\"><span class=\"citation-240\">Suporte de tens\u00e3o:<\/span><\/b><span class=\"citation-240\"> Otimizado para o H2 <\/span><b data-path-to-node=\"5,0,0\" data-index-in-node=\"40\"><span class=\"citation-240\">75,6V<\/span><\/b><span class=\"citation-240 citation-end-240\"> (m\u00e1ximo) sistema de bateria de \u00edon-l\u00edtio.<\/span><\/p>\n<\/li>\n<li>\n<p data-path-to-node=\"5,1,0\"><b data-path-to-node=\"5,1,0\" data-index-in-node=\"0\">Carregamento r\u00e1pido:<\/b><span class=\"citation-239\"> Capaz de recarregar o rob\u00f4 <\/span><b data-path-to-node=\"5,1,0\" data-index-in-node=\"50\"><span class=\"citation-239\">0,972 kWh (15Ah)<\/span><\/b><span class=\"citation-239\"> bateria em aproximadamente <\/span><b data-path-to-node=\"5,1,0\" data-index-in-node=\"92\"><span class=\"citation-239\">2,5 a 3 horas<\/span><\/b><span class=\"citation-239 citation-end-239\">, significativamente mais r\u00e1pido do que os carregadores comuns de uso dom\u00e9stico.<\/span><\/p>\n<\/li>\n<li>\n<p data-path-to-node=\"5,2,0\"><b data-path-to-node=\"5,2,0\" data-index-in-node=\"0\">Compatibilidade de entrada:<\/b> Faixa de entrada universal de <b data-path-to-node=\"5,2,0\" data-index-in-node=\"46\">100 V \u2013 240 V CA<\/b>, permitindo uma utiliza\u00e7\u00e3o perfeita em diversas regi\u00f5es internacionais.<\/p>\n<\/li>\n<\/ul>\n<h4 data-path-to-node=\"6\">Sistema de prote\u00e7\u00e3o inteligente<\/h4>\n<p data-path-to-node=\"7\">Para proteger a vida \u00fatil da valiosa bateria H2, o carregador inclui um protocolo de seguran\u00e7a &quot;oito vezes&quot;:<\/p>\n<ul data-path-to-node=\"8\">\n<li>\n<p data-path-to-node=\"8,0,0\"><b data-path-to-node=\"8,0,0\" data-index-in-node=\"0\">Prote\u00e7\u00e3o contra sobrecarga e descarga excessiva:<\/b> Impede a degrada\u00e7\u00e3o das c\u00e9lulas causada por picos ou quedas de tens\u00e3o.<\/p>\n<\/li>\n<li>\n<p data-path-to-node=\"8,1,0\"><b data-path-to-node=\"8,1,0\" data-index-in-node=\"0\">Monitoramento de temperatura:<\/b> Ajusta ou interrompe automaticamente o carregamento se as temperaturas internas excederem os limites de seguran\u00e7a.<\/p>\n<\/li>\n<li>\n<p data-path-to-node=\"8,2,0\"><b data-path-to-node=\"8,2,0\" data-index-in-node=\"0\">Prote\u00e7\u00e3o contra curto-circuito e sobrecorrente:<\/b> Protege contra falhas el\u00e9tricas durante a transmiss\u00e3o de alta pot\u00eancia.<\/p>\n<\/li>\n<li>\n<p data-path-to-node=\"8,3,0\"><b data-path-to-node=\"8,3,0\" data-index-in-node=\"0\">Carregamento equilibrado:<\/b> Garante que cada c\u00e9lula dentro da bateria de 15Ah atinja a mesma capacidade para uma opera\u00e7\u00e3o est\u00e1vel do rob\u00f4.<\/p>\n<\/li>\n<\/ul>\n<h4 data-path-to-node=\"9\">Design Industrial<\/h4>\n<ul data-path-to-node=\"10\">\n<li>\n<p data-path-to-node=\"10,0,0\"><b data-path-to-node=\"10,0,0\" data-index-in-node=\"0\">Portabilidade:<\/b> Apesar de sua alta pot\u00eancia, o carregador mant\u00e9m um formato compacto para facilitar o transporte entre laborat\u00f3rios ou locais de trabalho.<\/p>\n<\/li>\n<li>\n<p data-path-to-node=\"10,1,0\"><b data-path-to-node=\"10,1,0\" data-index-in-node=\"0\">Indicadores LED:<\/b> Sinais visuais simples fornecem atualiza\u00e7\u00f5es de status em tempo real sobre o progresso do carregamento e a sa\u00fade da bateria.<\/p>\n<\/li>\n<li>\n<p data-path-to-node=\"10,2,0\"><b data-path-to-node=\"10,2,0\" data-index-in-node=\"0\">Conectividade inteligente:<\/b> Projetado para interagir com o Sistema de Gerenciamento de Bateria (BMS) integrado do H2, permitindo o registro preciso de dados e verifica\u00e7\u00f5es de integridade.<\/p>\n<\/li>\n<\/ul>\n<p>&nbsp;<\/p>\n<h4 data-path-to-node=\"12\">Cen\u00e1rios de uso<\/h4>\n<ul data-path-to-node=\"13\">\n<li>\n<p data-path-to-node=\"13,0,0\"><b data-path-to-node=\"13,0,0\" data-index-in-node=\"0\">Pesquisa e Educa\u00e7\u00e3o:<\/b> Ideal para laborat\u00f3rios que necessitam de tempos de resposta r\u00e1pidos entre as execu\u00e7\u00f5es de testes.<\/p>\n<\/li>\n<li>\n<p data-path-to-node=\"13,1,0\"><b data-path-to-node=\"13,1,0\" data-index-in-node=\"0\">Manuten\u00e7\u00e3o Industrial:<\/b> Garante que o H2 possa permanecer operacional durante seu tempo de funcionamento de aproximadamente 3 horas ao longo de v\u00e1rios turnos.<\/p>\n<\/li>\n<li>\n<p data-path-to-node=\"13,2,0\"><b data-path-to-node=\"13,2,0\" data-index-in-node=\"0\">Implanta\u00e7\u00e3o em campo:<\/b> A ampla faixa de tens\u00e3o de entrada torna-o uma ferramenta vers\u00e1til para demonstra\u00e7\u00f5es do H2 em diversos ambientes globais.<\/p>\n<\/li>\n<\/ul>\n<blockquote data-path-to-node=\"14\">\n<p data-path-to-node=\"14,0\"><b data-path-to-node=\"14,0\" data-index-in-node=\"0\">Observa\u00e7\u00e3o:<\/b> Para obter a melhor vida \u00fatil da bateria, recomenda-se usar apenas o carregador oficial Unitree H2, pois o sistema de alimenta\u00e7\u00e3o de alta voltagem do H2 n\u00e3o \u00e9 compat\u00edvel com carregadores projetados para os modelos Unitree Go2 ou H1.<\/p>\n<\/blockquote>","protected":false},"excerpt":{"rendered":"<p data-path-to-node=\"0\">O <b data-path-to-node=\"0\" data-index-in-node=\"4\">Carregador Unitree H2<\/b> \u00c9 uma solu\u00e7\u00e3o de carregamento de alto desempenho projetada especificamente para o rob\u00f4 humanoide Unitree H2. Concebido para suportar a bateria de l\u00edtio de alta capacidade de 15Ah do rob\u00f4, este carregador prioriza velocidade, seguran\u00e7a e confiabilidade para minimizar o tempo de inatividade em aplica\u00e7\u00f5es industriais e de pesquisa.<\/p>","protected":false},"featured_media":23649,"comment_status":"open","ping_status":"closed","template":"","meta":[],"product_brand":[1087],"product_cat":[1038,1037,1102],"product_tag":[1088,1328,1329,1326],"class_list":{"0":"post-23668","1":"product","2":"type-product","3":"status-publish","4":"has-post-thumbnail","6":"product_brand-unitree","7":"product_cat-humanoid","8":"product_cat-robotics","9":"product_cat-unitree-hum-accessories","10":"product_tag-unitree","11":"product_tag-unitree-h2","12":"product_tag-unitree-h2-accessories","13":"product_tag-unitree-h2-series","15":"first","16":"onbackorder","17":"taxable","18":"shipping-taxable","19":"purchasable","20":"product-type-simple"},"yoast_head":"<!-- This site is optimized with the Yoast SEO plugin v27.4 - https:\/\/yoast.com\/product\/yoast-seo-wordpress\/ -->\n<title>Unitree H2 Charger - Ghostysky<\/title>\n<meta name=\"description\" content=\"The Unitree H2 Charger is a high-performance charging solution specifically engineered for the Unitree H2 humanoid robot. Designed to support the robot\u2019s high-capacity 15Ah lithium battery, this charger focuses on speed, safety, and reliability to minimize downtime for research and industrial applications.\" \/>\n<meta name=\"robots\" content=\"index, follow, max-snippet:-1, max-image-preview:large, max-video-preview:-1\" \/>\n<link rel=\"canonical\" href=\"https:\/\/www.ghostysky.com\/pt\/produto-2\/unitree-h2-charger\/\" \/>\n<meta property=\"og:locale\" content=\"pt_PT\" \/>\n<meta property=\"og:type\" content=\"article\" \/>\n<meta property=\"og:title\" content=\"Unitree H2 Charger - Ghostysky\" \/>\n<meta property=\"og:description\" content=\"The Unitree H2 Charger is a high-performance charging solution specifically engineered for the Unitree H2 humanoid robot. Designed to support the robot\u2019s high-capacity 15Ah lithium battery, this charger focuses on speed, safety, and reliability to minimize downtime for research and industrial applications.\" \/>\n<meta property=\"og:url\" content=\"https:\/\/www.ghostysky.com\/pt\/produto-2\/unitree-h2-charger\/\" \/>\n<meta property=\"og:site_name\" content=\"Ghostysky\" \/>\n<meta property=\"article:publisher\" content=\"https:\/\/www.facebook.com\/people\/Ghostysky\/100057676170234\/\" \/>\n<meta property=\"article:modified_time\" content=\"2026-01-10T12:29:29+00:00\" \/>\n<meta property=\"og:image\" content=\"https:\/\/www.ghostysky.com\/wp-content\/uploads\/2026\/01\/GH_Unitreer1_Charger_1.jpg\" \/>\n\t<meta property=\"og:image:width\" content=\"225\" \/>\n\t<meta property=\"og:image:height\" content=\"225\" \/>\n\t<meta property=\"og:image:type\" content=\"image\/jpeg\" \/>\n<meta name=\"twitter:card\" content=\"summary_large_image\" \/>\n<meta name=\"twitter:site\" content=\"@Gh0stysky\" \/>\n<meta name=\"twitter:label1\" content=\"Tempo estimado de leitura\" \/>\n\t<meta name=\"twitter:data1\" content=\"2 minutos\" \/>\n<script type=\"application\/ld+json\" class=\"yoast-schema-graph\">{\"@context\":\"https:\\\/\\\/schema.org\",\"@graph\":[{\"@type\":\"WebPage\",\"@id\":\"https:\\\/\\\/www.ghostysky.com\\\/product\\\/unitree-h2-charger\\\/\",\"url\":\"https:\\\/\\\/www.ghostysky.com\\\/product\\\/unitree-h2-charger\\\/\",\"name\":\"Unitree H2 Charger - Ghostysky\",\"isPartOf\":{\"@id\":\"https:\\\/\\\/www.ghostysky.com\\\/#website\"},\"primaryImageOfPage\":{\"@id\":\"https:\\\/\\\/www.ghostysky.com\\\/product\\\/unitree-h2-charger\\\/#primaryimage\"},\"image\":{\"@id\":\"https:\\\/\\\/www.ghostysky.com\\\/product\\\/unitree-h2-charger\\\/#primaryimage\"},\"thumbnailUrl\":\"https:\\\/\\\/www.ghostysky.com\\\/wp-content\\\/uploads\\\/2026\\\/01\\\/GH_Unitreer1_Charger_1.jpg\",\"datePublished\":\"2026-01-10T11:40:17+00:00\",\"dateModified\":\"2026-01-10T12:29:29+00:00\",\"description\":\"The Unitree H2 Charger is a high-performance charging solution specifically engineered for the Unitree H2 humanoid robot. Designed to support the robot\u2019s high-capacity 15Ah lithium battery, this charger focuses on speed, safety, and reliability to minimize downtime for research and industrial applications.\",\"breadcrumb\":{\"@id\":\"https:\\\/\\\/www.ghostysky.com\\\/product\\\/unitree-h2-charger\\\/#breadcrumb\"},\"inLanguage\":\"pt-PT\",\"potentialAction\":[{\"@type\":\"ReadAction\",\"target\":[\"https:\\\/\\\/www.ghostysky.com\\\/product\\\/unitree-h2-charger\\\/\"]}]},{\"@type\":\"ImageObject\",\"inLanguage\":\"pt-PT\",\"@id\":\"https:\\\/\\\/www.ghostysky.com\\\/product\\\/unitree-h2-charger\\\/#primaryimage\",\"url\":\"https:\\\/\\\/www.ghostysky.com\\\/wp-content\\\/uploads\\\/2026\\\/01\\\/GH_Unitreer1_Charger_1.jpg\",\"contentUrl\":\"https:\\\/\\\/www.ghostysky.com\\\/wp-content\\\/uploads\\\/2026\\\/01\\\/GH_Unitreer1_Charger_1.jpg\",\"width\":225,\"height\":225},{\"@type\":\"BreadcrumbList\",\"@id\":\"https:\\\/\\\/www.ghostysky.com\\\/product\\\/unitree-h2-charger\\\/#breadcrumb\",\"itemListElement\":[{\"@type\":\"ListItem\",\"position\":1,\"name\":\"Home\",\"item\":\"https:\\\/\\\/www.ghostysky.com\\\/\"},{\"@type\":\"ListItem\",\"position\":2,\"name\":\"Shop\",\"item\":\"https:\\\/\\\/www.ghostysky.com\\\/shop\\\/\"},{\"@type\":\"ListItem\",\"position\":3,\"name\":\"Unitree H2 Charger\"}]},{\"@type\":\"WebSite\",\"@id\":\"https:\\\/\\\/www.ghostysky.com\\\/#website\",\"url\":\"https:\\\/\\\/www.ghostysky.com\\\/\",\"name\":\"Ghostysky\",\"description\":\"Delivering professional drones and services\",\"publisher\":{\"@id\":\"https:\\\/\\\/www.ghostysky.com\\\/#organization\"},\"potentialAction\":[{\"@type\":\"SearchAction\",\"target\":{\"@type\":\"EntryPoint\",\"urlTemplate\":\"https:\\\/\\\/www.ghostysky.com\\\/?s={search_term_string}\"},\"query-input\":{\"@type\":\"PropertyValueSpecification\",\"valueRequired\":true,\"valueName\":\"search_term_string\"}}],\"inLanguage\":\"pt-PT\"},{\"@type\":\"Organization\",\"@id\":\"https:\\\/\\\/www.ghostysky.com\\\/#organization\",\"name\":\"Ghostysky\",\"url\":\"https:\\\/\\\/www.ghostysky.com\\\/\",\"logo\":{\"@type\":\"ImageObject\",\"inLanguage\":\"pt-PT\",\"@id\":\"https:\\\/\\\/www.ghostysky.com\\\/#\\\/schema\\\/logo\\\/image\\\/\",\"url\":\"https:\\\/\\\/www.ghostysky.com\\\/wp-content\\\/uploads\\\/2020\\\/06\\\/cropped-ghostyskylogo_text_white2.png\",\"contentUrl\":\"https:\\\/\\\/www.ghostysky.com\\\/wp-content\\\/uploads\\\/2020\\\/06\\\/cropped-ghostyskylogo_text_white2.png\",\"width\":169,\"height\":56,\"caption\":\"Ghostysky\"},\"image\":{\"@id\":\"https:\\\/\\\/www.ghostysky.com\\\/#\\\/schema\\\/logo\\\/image\\\/\"},\"sameAs\":[\"https:\\\/\\\/www.facebook.com\\\/people\\\/Ghostysky\\\/100057676170234\\\/\",\"https:\\\/\\\/x.com\\\/Gh0stysky\",\"https:\\\/\\\/www.linkedin.com\\\/company\\\/34739653\",\"https:\\\/\\\/www.instagram.com\\\/gh0stysky\"]}]}<\/script>\n<!-- \/ Yoast SEO plugin. -->","yoast_head_json":{"title":"Carregador Unitree H2 - Ghostysky","description":"O carregador Unitree H2 \u00e9 uma solu\u00e7\u00e3o de carregamento de alto desempenho projetada especificamente para o rob\u00f4 humanoide Unitree H2. Concebido para suportar a bateria de l\u00edtio de alta capacidade de 15 Ah do rob\u00f4, este carregador prioriza velocidade, seguran\u00e7a e confiabilidade para minimizar o tempo de inatividade em aplica\u00e7\u00f5es industriais e de pesquisa.","robots":{"index":"index","follow":"follow","max-snippet":"max-snippet:-1","max-image-preview":"max-image-preview:large","max-video-preview":"max-video-preview:-1"},"canonical":"https:\/\/www.ghostysky.com\/pt\/produto-2\/unitree-h2-charger\/","og_locale":"pt_PT","og_type":"article","og_title":"Unitree H2 Charger - Ghostysky","og_description":"The Unitree H2 Charger is a high-performance charging solution specifically engineered for the Unitree H2 humanoid robot. Designed to support the robot\u2019s high-capacity 15Ah lithium battery, this charger focuses on speed, safety, and reliability to minimize downtime for research and industrial applications.","og_url":"https:\/\/www.ghostysky.com\/pt\/produto-2\/unitree-h2-charger\/","og_site_name":"Ghostysky","article_publisher":"https:\/\/www.facebook.com\/people\/Ghostysky\/100057676170234\/","article_modified_time":"2026-01-10T12:29:29+00:00","og_image":[{"width":225,"height":225,"url":"https:\/\/www.ghostysky.com\/wp-content\/uploads\/2026\/01\/GH_Unitreer1_Charger_1.jpg","type":"image\/jpeg"}],"twitter_card":"summary_large_image","twitter_site":"@Gh0stysky","twitter_misc":{"Tempo estimado de leitura":"2 minutos"},"schema":{"@context":"https:\/\/schema.org","@graph":[{"@type":"WebPage","@id":"https:\/\/www.ghostysky.com\/product\/unitree-h2-charger\/","url":"https:\/\/www.ghostysky.com\/product\/unitree-h2-charger\/","name":"Carregador Unitree H2 - Ghostysky","isPartOf":{"@id":"https:\/\/www.ghostysky.com\/#website"},"primaryImageOfPage":{"@id":"https:\/\/www.ghostysky.com\/product\/unitree-h2-charger\/#primaryimage"},"image":{"@id":"https:\/\/www.ghostysky.com\/product\/unitree-h2-charger\/#primaryimage"},"thumbnailUrl":"https:\/\/www.ghostysky.com\/wp-content\/uploads\/2026\/01\/GH_Unitreer1_Charger_1.jpg","datePublished":"2026-01-10T11:40:17+00:00","dateModified":"2026-01-10T12:29:29+00:00","description":"O carregador Unitree H2 \u00e9 uma solu\u00e7\u00e3o de carregamento de alto desempenho projetada especificamente para o rob\u00f4 humanoide Unitree H2. Concebido para suportar a bateria de l\u00edtio de alta capacidade de 15 Ah do rob\u00f4, este carregador prioriza velocidade, seguran\u00e7a e confiabilidade para minimizar o tempo de inatividade em aplica\u00e7\u00f5es industriais e de pesquisa.","breadcrumb":{"@id":"https:\/\/www.ghostysky.com\/product\/unitree-h2-charger\/#breadcrumb"},"inLanguage":"pt-PT","potentialAction":[{"@type":"ReadAction","target":["https:\/\/www.ghostysky.com\/product\/unitree-h2-charger\/"]}]},{"@type":"ImageObject","inLanguage":"pt-PT","@id":"https:\/\/www.ghostysky.com\/product\/unitree-h2-charger\/#primaryimage","url":"https:\/\/www.ghostysky.com\/wp-content\/uploads\/2026\/01\/GH_Unitreer1_Charger_1.jpg","contentUrl":"https:\/\/www.ghostysky.com\/wp-content\/uploads\/2026\/01\/GH_Unitreer1_Charger_1.jpg","width":225,"height":225},{"@type":"BreadcrumbList","@id":"https:\/\/www.ghostysky.com\/product\/unitree-h2-charger\/#breadcrumb","itemListElement":[{"@type":"ListItem","position":1,"name":"Home","item":"https:\/\/www.ghostysky.com\/"},{"@type":"ListItem","position":2,"name":"Shop","item":"https:\/\/www.ghostysky.com\/shop\/"},{"@type":"ListItem","position":3,"name":"Unitree H2 Charger"}]},{"@type":"WebSite","@id":"https:\/\/www.ghostysky.com\/#website","url":"https:\/\/www.ghostysky.com\/","name":"Ghostysky","description":"Fornecendo drones e servi\u00e7os profissionais","publisher":{"@id":"https:\/\/www.ghostysky.com\/#organization"},"potentialAction":[{"@type":"SearchAction","target":{"@type":"EntryPoint","urlTemplate":"https:\/\/www.ghostysky.com\/?s={search_term_string}"},"query-input":{"@type":"PropertyValueSpecification","valueRequired":true,"valueName":"search_term_string"}}],"inLanguage":"pt-PT"},{"@type":"Organization","@id":"https:\/\/www.ghostysky.com\/#organization","name":"Ghostysky","url":"https:\/\/www.ghostysky.com\/","logo":{"@type":"ImageObject","inLanguage":"pt-PT","@id":"https:\/\/www.ghostysky.com\/#\/schema\/logo\/image\/","url":"https:\/\/www.ghostysky.com\/wp-content\/uploads\/2020\/06\/cropped-ghostyskylogo_text_white2.png","contentUrl":"https:\/\/www.ghostysky.com\/wp-content\/uploads\/2020\/06\/cropped-ghostyskylogo_text_white2.png","width":169,"height":56,"caption":"Ghostysky"},"image":{"@id":"https:\/\/www.ghostysky.com\/#\/schema\/logo\/image\/"},"sameAs":["https:\/\/www.facebook.com\/people\/Ghostysky\/100057676170234\/","https:\/\/x.com\/Gh0stysky","https:\/\/www.linkedin.com\/company\/34739653","https:\/\/www.instagram.com\/gh0stysky"]}]}},"_links":{"self":[{"href":"https:\/\/www.ghostysky.com\/pt\/wp-json\/wp\/v2\/product\/23668","targetHints":{"allow":["GET"]}}],"collection":[{"href":"https:\/\/www.ghostysky.com\/pt\/wp-json\/wp\/v2\/product"}],"about":[{"href":"https:\/\/www.ghostysky.com\/pt\/wp-json\/wp\/v2\/types\/product"}],"replies":[{"embeddable":true,"href":"https:\/\/www.ghostysky.com\/pt\/wp-json\/wp\/v2\/comments?post=23668"}],"version-history":[{"count":0,"href":"https:\/\/www.ghostysky.com\/pt\/wp-json\/wp\/v2\/product\/23668\/revisions"}],"wp:featuredmedia":[{"embeddable":true,"href":"https:\/\/www.ghostysky.com\/pt\/wp-json\/wp\/v2\/media\/23649"}],"wp:attachment":[{"href":"https:\/\/www.ghostysky.com\/pt\/wp-json\/wp\/v2\/media?parent=23668"}],"wp:term":[{"taxonomy":"product_brand","embeddable":true,"href":"https:\/\/www.ghostysky.com\/pt\/wp-json\/wp\/v2\/product_brand?post=23668"},{"taxonomy":"product_cat","embeddable":true,"href":"https:\/\/www.ghostysky.com\/pt\/wp-json\/wp\/v2\/product_cat?post=23668"},{"taxonomy":"product_tag","embeddable":true,"href":"https:\/\/www.ghostysky.com\/pt\/wp-json\/wp\/v2\/product_tag?post=23668"}],"curies":[{"name":"wp","href":"https:\/\/api.w.org\/{rel}","templated":true}]}}