{"id":23675,"date":"2026-01-11T08:49:34","date_gmt":"2026-01-11T08:49:34","guid":{"rendered":"https:\/\/www.ghostysky.com\/?post_type=product&#038;p=23675"},"modified":"2026-01-11T09:23:21","modified_gmt":"2026-01-11T09:23:21","slug":"unitree-go2-enterprise-ent-1","status":"publish","type":"product","link":"https:\/\/www.ghostysky.com\/pt\/product\/unitree-go2-enterprise-ent-1\/","title":{"rendered":"Unitree Go2 Enterprise (U1)"},"content":{"rendered":"<h4 data-path-to-node=\"2\">Principais recursos profissionais<\/h4>\n<h4 data-path-to-node=\"3\">1. <span class=\"citation-534 citation-end-534\">Comunica\u00e7\u00e3o de backup dupla<\/span><\/h4>\n<p data-path-to-node=\"4\"><span class=\"citation-533 citation-end-533\">Diferentemente dos modelos para consumidores, o U1 foi projetado para oferecer confiabilidade em situa\u00e7\u00f5es cr\u00edticas.<\/span> <span class=\"citation-532\">Ele apresenta um <\/span><b data-path-to-node=\"4\" data-index-in-node=\"88\"><span class=\"citation-532\">sistema de comunica\u00e7\u00e3o de enlace duplo<\/span><\/b><span class=\"citation-532 citation-end-532\">:<\/span><\/p>\n<ul data-path-to-node=\"5\">\n<li>\n<p data-path-to-node=\"5,0,0\"><b data-path-to-node=\"5,0,0\" data-index-in-node=\"0\"><span class=\"citation-531\">Link principal:<\/span><\/b><span class=\"citation-531 citation-end-531\"> Telemetria de alta velocidade 5.8G e controle remoto.<\/span><\/p>\n<\/li>\n<li>\n<p data-path-to-node=\"5,1,0\"><b data-path-to-node=\"5,1,0\" data-index-in-node=\"0\"><span class=\"citation-530\">Link alternativo:<\/span><\/b><span class=\"citation-530 citation-end-530\"> Conectividade 4G totalmente Netcom (incluindo eSIM integrado), garantindo que o rob\u00f4 permane\u00e7a acess\u00edvel mesmo em ambientes complexos ou a longas dist\u00e2ncias onde o Wi-Fi possa falhar.<\/span><\/p>\n<\/li>\n<\/ul>\n<h4 data-path-to-node=\"6\">2. Monitoramento visual de alta defini\u00e7\u00e3o<\/h4>\n<p data-path-to-node=\"7\"><span class=\"citation-529 citation-end-529\">O U1 foi otimizado para vigil\u00e2ncia e inspe\u00e7\u00e3o com um conjunto visual aprimorado:<\/span><\/p>\n<ul data-path-to-node=\"8\">\n<li>\n<p data-path-to-node=\"8,0,0\"><b data-path-to-node=\"8,0,0\" data-index-in-node=\"0\"><span class=\"citation-528\">Sistema de c\u00e2mera dupla:<\/span><\/b><span class=\"citation-528 citation-end-528\"> Resolu\u00e7\u00e3o de alta defini\u00e7\u00e3o 1080P com \u00e2ngulo de vis\u00e3o grande angular de 120\u00b0.<\/span><\/p>\n<\/li>\n<li>\n<p data-path-to-node=\"8,1,0\"><b data-path-to-node=\"8,1,0\" data-index-in-node=\"0\">Baixa lat\u00eancia:<\/b><span class=\"citation-527\"> O atraso na transmiss\u00e3o da imagem \u00e9 t\u00e3o baixo quanto <\/span><b data-path-to-node=\"8,1,0\" data-index-in-node=\"51\"><span class=\"citation-527\">180ms<\/span><\/b><span class=\"citation-527 citation-end-527\">, permitindo um pilotagem precisa em tempo real.<\/span><\/p>\n<\/li>\n<li>\n<p data-path-to-node=\"8,2,0\"><b data-path-to-node=\"8,2,0\" data-index-in-node=\"0\"><span class=\"citation-526\">Opera\u00e7\u00f5es noturnas:<\/span><\/b><span class=\"citation-526 citation-end-526\"> Equipado com quatro luzes de preenchimento de alto brilho para manter a visibilidade em \u00e1reas escuras ou sem ilumina\u00e7\u00e3o.<\/span><\/p>\n<\/li>\n<\/ul>\n<h4 data-path-to-node=\"9\">3. Percep\u00e7\u00e3o Avan\u00e7ada e IA<\/h4>\n<ul data-path-to-node=\"10\">\n<li>\n<p data-path-to-node=\"10,0,0\"><b data-path-to-node=\"10,0,0\" data-index-in-node=\"0\"><span class=\"citation-525\">LiDAR 4D Ultra-Amplo:<\/span><\/b><span class=\"citation-525 citation-end-525\"> O LiDAR L1 propriet\u00e1rio da Unitree oferece percep\u00e7\u00e3o hemisf\u00e9rica de 360\u00b0 x 90\u00b0, permitindo detectar obst\u00e1culos a uma dist\u00e2ncia de at\u00e9 0,05 m e navegar em terrenos complexos de forma aut\u00f4noma.<\/span><\/p>\n<\/li>\n<li>\n<p data-path-to-node=\"10,1,0\"><b data-path-to-node=\"10,1,0\" data-index-in-node=\"0\"><span class=\"citation-524\">Integra\u00e7\u00e3o GPT:<\/span><\/b><span class=\"citation-524 citation-end-524\"> Equipada com uma CPU de alto desempenho de 8 n\u00facleos, a s\u00e9rie Go2 utiliza a &quot;Intelig\u00eancia Incorporada&quot;, permitindo uma melhor compreens\u00e3o do ambiente e intera\u00e7\u00e3o por voz.<\/span><\/p>\n<p>&nbsp;<\/li>\n<\/ul>\n<h4 data-path-to-node=\"12\">Especifica\u00e7\u00f5es t\u00e9cnicas<\/h4>\n<table data-path-to-node=\"13\">\n<thead>\n<tr>\n<td><strong>Recurso<\/strong><\/td>\n<td><strong>Especifica\u00e7\u00f5es<\/strong><\/td>\n<\/tr>\n<\/thead>\n<tbody>\n<tr>\n<td><span data-path-to-node=\"13,1,0,0\"><b data-path-to-node=\"13,1,0,0\" data-index-in-node=\"0\">Velocidade m\u00e1xima<\/b><\/span><\/td>\n<td><span data-path-to-node=\"13,1,1,0\">2,5 m\/s a 3,7 m\/s (Dependendo do modelo; U1 tipicamente ~1,7 m\/s a 3,5 m\/s)<\/span><\/td>\n<\/tr>\n<tr>\n<td><span data-path-to-node=\"13,2,0,0\"><b data-path-to-node=\"13,2,0,0\" data-index-in-node=\"0\">Capacidade de carga \u00fatil<\/b><\/span><\/td>\n<td><span data-path-to-node=\"13,2,1,0\">Aproximadamente 8 kg (Limite m\u00e1ximo ~10\u201312 kg)<\/span><\/td>\n<\/tr>\n<tr>\n<td><span data-path-to-node=\"13,3,0,0\"><b data-path-to-node=\"13,3,0,0\" data-index-in-node=\"0\">Dura\u00e7\u00e3o da bateria<\/b><\/span><\/td>\n<td><span data-path-to-node=\"13,3,1,0\">1\u20132 horas (bateria padr\u00e3o de 8.000 mAh) ou 2\u20134 horas (bateria opcional de 15.000 mAh)<\/span><\/td>\n<\/tr>\n<tr>\n<td><span data-path-to-node=\"13,4,0,0\"><b data-path-to-node=\"13,4,0,0\" data-index-in-node=\"0\">Habilidade de escalada<\/b><\/span><\/td>\n<td><span data-path-to-node=\"13,4,1,0\">Inclina\u00e7\u00e3o m\u00e1xima de 40\u00b0; altura do obst\u00e1culo de aproximadamente 16 cm.<\/span><\/td>\n<\/tr>\n<tr>\n<td><span data-path-to-node=\"13,5,0,0\"><b data-path-to-node=\"13,5,0,0\" data-index-in-node=\"0\">Peso<\/b><\/span><\/td>\n<td><span data-path-to-node=\"13,5,1,0\">Aproximadamente 15 kg (incluindo a bateria)<\/span><\/td>\n<\/tr>\n<tr>\n<td><span data-path-to-node=\"13,6,0,0\"><b data-path-to-node=\"13,6,0,0\" data-index-in-node=\"0\">Conectividade<\/b><\/span><\/td>\n<td><span data-path-to-node=\"13,6,1,0\">Controle remoto Wi-Fi 6, Bluetooth 5.2, 4G\/5G e 5.8G<\/span><\/td>\n<\/tr>\n<tr>\n<td><span data-path-to-node=\"13,7,0,0\"><b data-path-to-node=\"13,7,0,0\" data-index-in-node=\"0\">Controle remoto<\/b><\/span><\/td>\n<td><span data-path-to-node=\"13,7,1,0\">Controle port\u00e1til com tela HD integrada<\/span><\/td>\n<\/tr>\n<\/tbody>\n<\/table>\n<p>&nbsp;<\/p>\n<h4 data-path-to-node=\"15\">Aplica\u00e7\u00f5es industriais<\/h4>\n<p data-path-to-node=\"16\">O <b data-path-to-node=\"16\" data-index-in-node=\"4\">U1<\/b> \u00e9 um modelo &quot;verdadeiro&quot; frequentemente usado para:<\/p>\n<ul data-path-to-node=\"17\">\n<li>\n<p data-path-to-node=\"17,0,0\"><b data-path-to-node=\"17,0,0\" data-index-in-node=\"0\"><span class=\"citation-523\">Seguran\u00e7a e patrulha:<\/span><\/b><span class=\"citation-523 citation-end-523\"> Monitoramento automatizado de armaz\u00e9ns ou cercas perimetrais.<\/span><\/p>\n<\/li>\n<li>\n<p data-path-to-node=\"17,1,0\"><b data-path-to-node=\"17,1,0\" data-index-in-node=\"0\">Inspe\u00e7\u00e3o:<\/b> Atravessar ambientes perigosos (como subesta\u00e7\u00f5es de energia) onde rob\u00f4s com rodas n\u00e3o conseguem chegar.<\/p>\n<\/li>\n<li>\n<p data-path-to-node=\"17,2,0\"><b data-path-to-node=\"17,2,0\" data-index-in-node=\"0\"><span class=\"citation-522\">Busca e Resgate:<\/span><\/b><span class=\"citation-522 citation-end-522\"> Transmiss\u00e3o de v\u00eddeo em tempo real de ru\u00ednas ou espa\u00e7os confinados durante a recupera\u00e7\u00e3o de desastres.<\/span><\/p>\n<\/li>\n<li>\n<p data-path-to-node=\"17,3,0\"><b data-path-to-node=\"17,3,0\" data-index-in-node=\"0\">Seguran\u00e7a P\u00fablica:<\/b><span class=\"citation-521 citation-end-521\"> Servindo como posto de observa\u00e7\u00e3o m\u00f3vel para servi\u00e7os de emerg\u00eancia.<\/span><\/p>\n<div class=\"source-inline-chip-container ng-star-inserted\"><b data-path-to-node=\"19,0\" data-index-in-node=\"0\">Observa\u00e7\u00e3o:<\/b><span class=\"citation-520\"> A vers\u00e3o U1 normalmente faz <\/span><b data-path-to-node=\"19,0\" data-index-in-node=\"36\"><span class=\"citation-520\">n\u00e3o<\/span><\/b><span class=\"citation-520 citation-end-520\"> Inclui a c\u00e2mera de profundidade (RealSense) encontrada nos modelos EDU e n\u00e3o suporta a adi\u00e7\u00e3o de um servomanipulador (bra\u00e7o rob\u00f3tico).<sup class=\"superscript\" data-turn-source-index=\"16\">16<\/sup><\/span> Se voc\u00ea precisar de desenvolvimento secund\u00e1rio ou de um bra\u00e7o rob\u00f3tico, o <b data-path-to-node=\"19,0\" data-index-in-node=\"232\">Go2 EDU<\/b> Esta vers\u00e3o \u00e9 geralmente recomendada.<\/div>\n<\/li>\n<\/ul>","protected":false},"excerpt":{"rendered":"<p><span class=\"citation-535\">O <\/span><b data-path-to-node=\"0\" data-index-in-node=\"4\"><span class=\"citation-535\">Unitree Go2 Enterprise (U1)<\/span><\/b><span class=\"citation-535 citation-end-535\"> \u00c9 um rob\u00f4 quadr\u00fapede bi\u00f4nico de alto desempenho, projetado especificamente para aplica\u00e7\u00f5es industriais, seguran\u00e7a p\u00fablica e pesquisa profissional.<\/span> Posicionado como o modelo de entrada da s\u00e9rie \u201cEnterprise\u201d, o U1 equilibra agilidade com ferramentas de comunica\u00e7\u00e3o especializadas e recursos de monitoramento de alta defini\u00e7\u00e3o.<\/p>","protected":false},"featured_media":23676,"comment_status":"open","ping_status":"closed","template":"","meta":[],"product_brand":[1087],"product_cat":[1039,1037,1085],"product_tag":[1088,1092,1089,1090],"class_list":{"0":"post-23675","1":"product","2":"type-product","3":"status-publish","4":"has-post-thumbnail","6":"product_brand-unitree","7":"product_cat-quadruped","8":"product_cat-robotics","9":"product_cat-unitree-quad-robots","10":"product_tag-unitree","11":"product_tag-unitree-go2-series","12":"product_tag-unitree-quadruped","13":"product_tag-unitree-quadruped-robots","15":"first","16":"onbackorder","17":"taxable","18":"shipping-taxable","19":"purchasable","20":"product-type-simple"},"yoast_head":"<!-- This site is optimized with the Yoast SEO plugin v27.1.1 - https:\/\/yoast.com\/product\/yoast-seo-wordpress\/ -->\n<title>Unitree Go2 Enterprise (U1) - Ghostysky<\/title>\n<meta name=\"description\" content=\"The Unitree Go2 Enterprise (U1) is a high-performance, bionic quadruped robot specifically engineered for industrial applications, public safety, and professional research. Positioned as the entry-tier of the &quot;Enterprise&quot; series, the U1 balances agility with specialized communication tools and high-definition monitoring capabilities.\" \/>\n<meta name=\"robots\" content=\"index, follow, max-snippet:-1, max-image-preview:large, max-video-preview:-1\" \/>\n<link rel=\"canonical\" href=\"https:\/\/www.ghostysky.com\/pt\/produto-2\/unitree-go2-enterprise-ent-1\/\" \/>\n<meta property=\"og:locale\" content=\"pt_PT\" \/>\n<meta property=\"og:type\" content=\"article\" \/>\n<meta property=\"og:title\" content=\"Unitree Go2 Enterprise (U1) - Ghostysky\" \/>\n<meta property=\"og:description\" content=\"The Unitree Go2 Enterprise (U1) is a high-performance, bionic quadruped robot specifically engineered for industrial applications, public safety, and professional research. Positioned as the entry-tier of the &quot;Enterprise&quot; series, the U1 balances agility with specialized communication tools and high-definition monitoring capabilities.\" \/>\n<meta property=\"og:url\" content=\"https:\/\/www.ghostysky.com\/pt\/produto-2\/unitree-go2-enterprise-ent-1\/\" \/>\n<meta property=\"og:site_name\" content=\"Ghostysky\" \/>\n<meta property=\"article:publisher\" content=\"https:\/\/www.facebook.com\/people\/Ghostysky\/100057676170234\/\" \/>\n<meta property=\"article:modified_time\" content=\"2026-01-11T09:23:21+00:00\" \/>\n<meta property=\"og:image\" content=\"https:\/\/www.ghostysky.com\/wp-content\/uploads\/2026\/01\/GH_Unitree_GO2_Ent_Ver.jpg\" \/>\n\t<meta property=\"og:image:width\" content=\"800\" \/>\n\t<meta property=\"og:image:height\" content=\"800\" \/>\n\t<meta property=\"og:image:type\" content=\"image\/jpeg\" \/>\n<meta name=\"twitter:card\" content=\"summary_large_image\" \/>\n<meta name=\"twitter:site\" content=\"@Gh0stysky\" \/>\n<meta name=\"twitter:label1\" content=\"Tempo estimado de leitura\" \/>\n\t<meta name=\"twitter:data1\" content=\"2 minutos\" \/>\n<script type=\"application\/ld+json\" class=\"yoast-schema-graph\">{\"@context\":\"https:\/\/schema.org\",\"@graph\":[{\"@type\":\"WebPage\",\"@id\":\"https:\/\/www.ghostysky.com\/product\/unitree-go2-enterprise-ent-1\/\",\"url\":\"https:\/\/www.ghostysky.com\/product\/unitree-go2-enterprise-ent-1\/\",\"name\":\"Unitree Go2 Enterprise (U1) - Ghostysky\",\"isPartOf\":{\"@id\":\"https:\/\/www.ghostysky.com\/#website\"},\"primaryImageOfPage\":{\"@id\":\"https:\/\/www.ghostysky.com\/product\/unitree-go2-enterprise-ent-1\/#primaryimage\"},\"image\":{\"@id\":\"https:\/\/www.ghostysky.com\/product\/unitree-go2-enterprise-ent-1\/#primaryimage\"},\"thumbnailUrl\":\"https:\/\/www.ghostysky.com\/wp-content\/uploads\/2026\/01\/GH_Unitree_GO2_Ent_Ver.jpg\",\"datePublished\":\"2026-01-11T08:49:34+00:00\",\"dateModified\":\"2026-01-11T09:23:21+00:00\",\"description\":\"The Unitree Go2 Enterprise (U1) is a high-performance, bionic quadruped robot specifically engineered for industrial applications, public safety, and professional research. Positioned as the entry-tier of the \\\"Enterprise\\\" series, the U1 balances agility with specialized communication tools and high-definition monitoring capabilities.\",\"breadcrumb\":{\"@id\":\"https:\/\/www.ghostysky.com\/product\/unitree-go2-enterprise-ent-1\/#breadcrumb\"},\"inLanguage\":\"pt-PT\",\"potentialAction\":[{\"@type\":\"ReadAction\",\"target\":[\"https:\/\/www.ghostysky.com\/product\/unitree-go2-enterprise-ent-1\/\"]}]},{\"@type\":\"ImageObject\",\"inLanguage\":\"pt-PT\",\"@id\":\"https:\/\/www.ghostysky.com\/product\/unitree-go2-enterprise-ent-1\/#primaryimage\",\"url\":\"https:\/\/www.ghostysky.com\/wp-content\/uploads\/2026\/01\/GH_Unitree_GO2_Ent_Ver.jpg\",\"contentUrl\":\"https:\/\/www.ghostysky.com\/wp-content\/uploads\/2026\/01\/GH_Unitree_GO2_Ent_Ver.jpg\",\"width\":800,\"height\":800},{\"@type\":\"BreadcrumbList\",\"@id\":\"https:\/\/www.ghostysky.com\/product\/unitree-go2-enterprise-ent-1\/#breadcrumb\",\"itemListElement\":[{\"@type\":\"ListItem\",\"position\":1,\"name\":\"Home\",\"item\":\"https:\/\/www.ghostysky.com\/\"},{\"@type\":\"ListItem\",\"position\":2,\"name\":\"Shop\",\"item\":\"https:\/\/www.ghostysky.com\/shop\/\"},{\"@type\":\"ListItem\",\"position\":3,\"name\":\"Unitree Go2 Enterprise (U1)\"}]},{\"@type\":\"WebSite\",\"@id\":\"https:\/\/www.ghostysky.com\/#website\",\"url\":\"https:\/\/www.ghostysky.com\/\",\"name\":\"Ghostysky\",\"description\":\"Delivering professional drones and services\",\"publisher\":{\"@id\":\"https:\/\/www.ghostysky.com\/#organization\"},\"potentialAction\":[{\"@type\":\"SearchAction\",\"target\":{\"@type\":\"EntryPoint\",\"urlTemplate\":\"https:\/\/www.ghostysky.com\/?s={search_term_string}\"},\"query-input\":{\"@type\":\"PropertyValueSpecification\",\"valueRequired\":true,\"valueName\":\"search_term_string\"}}],\"inLanguage\":\"pt-PT\"},{\"@type\":\"Organization\",\"@id\":\"https:\/\/www.ghostysky.com\/#organization\",\"name\":\"Ghostysky\",\"url\":\"https:\/\/www.ghostysky.com\/\",\"logo\":{\"@type\":\"ImageObject\",\"inLanguage\":\"pt-PT\",\"@id\":\"https:\/\/www.ghostysky.com\/#\/schema\/logo\/image\/\",\"url\":\"https:\/\/www.ghostysky.com\/wp-content\/uploads\/2020\/06\/cropped-ghostyskylogo_text_white2.png\",\"contentUrl\":\"https:\/\/www.ghostysky.com\/wp-content\/uploads\/2020\/06\/cropped-ghostyskylogo_text_white2.png\",\"width\":169,\"height\":56,\"caption\":\"Ghostysky\"},\"image\":{\"@id\":\"https:\/\/www.ghostysky.com\/#\/schema\/logo\/image\/\"},\"sameAs\":[\"https:\/\/www.facebook.com\/people\/Ghostysky\/100057676170234\/\",\"https:\/\/x.com\/Gh0stysky\",\"https:\/\/www.linkedin.com\/company\/34739653\",\"https:\/\/www.instagram.com\/gh0stysky\"]}]}<\/script>\n<!-- \/ Yoast SEO plugin. -->","yoast_head_json":{"title":"Unitree Go2 Enterprise (U1) - Ghostysky","description":"O Unitree Go2 Enterprise (U1) \u00e9 um rob\u00f4 quadr\u00fapede bi\u00f4nico de alto desempenho, projetado especificamente para aplica\u00e7\u00f5es industriais, seguran\u00e7a p\u00fablica e pesquisa profissional. Posicionado como o modelo de entrada da s\u00e9rie &quot;Enterprise&quot;, o U1 equilibra agilidade com ferramentas de comunica\u00e7\u00e3o especializadas e recursos de monitoramento de alta defini\u00e7\u00e3o.","robots":{"index":"index","follow":"follow","max-snippet":"max-snippet:-1","max-image-preview":"max-image-preview:large","max-video-preview":"max-video-preview:-1"},"canonical":"https:\/\/www.ghostysky.com\/pt\/produto-2\/unitree-go2-enterprise-ent-1\/","og_locale":"pt_PT","og_type":"article","og_title":"Unitree Go2 Enterprise (U1) - Ghostysky","og_description":"The Unitree Go2 Enterprise (U1) is a high-performance, bionic quadruped robot specifically engineered for industrial applications, public safety, and professional research. Positioned as the entry-tier of the \"Enterprise\" series, the U1 balances agility with specialized communication tools and high-definition monitoring capabilities.","og_url":"https:\/\/www.ghostysky.com\/pt\/produto-2\/unitree-go2-enterprise-ent-1\/","og_site_name":"Ghostysky","article_publisher":"https:\/\/www.facebook.com\/people\/Ghostysky\/100057676170234\/","article_modified_time":"2026-01-11T09:23:21+00:00","og_image":[{"width":800,"height":800,"url":"https:\/\/www.ghostysky.com\/wp-content\/uploads\/2026\/01\/GH_Unitree_GO2_Ent_Ver.jpg","type":"image\/jpeg"}],"twitter_card":"summary_large_image","twitter_site":"@Gh0stysky","twitter_misc":{"Tempo estimado de leitura":"2 minutos"},"schema":{"@context":"https:\/\/schema.org","@graph":[{"@type":"WebPage","@id":"https:\/\/www.ghostysky.com\/product\/unitree-go2-enterprise-ent-1\/","url":"https:\/\/www.ghostysky.com\/product\/unitree-go2-enterprise-ent-1\/","name":"Unitree Go2 Enterprise (U1) - Ghostysky","isPartOf":{"@id":"https:\/\/www.ghostysky.com\/#website"},"primaryImageOfPage":{"@id":"https:\/\/www.ghostysky.com\/product\/unitree-go2-enterprise-ent-1\/#primaryimage"},"image":{"@id":"https:\/\/www.ghostysky.com\/product\/unitree-go2-enterprise-ent-1\/#primaryimage"},"thumbnailUrl":"https:\/\/www.ghostysky.com\/wp-content\/uploads\/2026\/01\/GH_Unitree_GO2_Ent_Ver.jpg","datePublished":"2026-01-11T08:49:34+00:00","dateModified":"2026-01-11T09:23:21+00:00","description":"O Unitree Go2 Enterprise (U1) \u00e9 um rob\u00f4 quadr\u00fapede bi\u00f4nico de alto desempenho, projetado especificamente para aplica\u00e7\u00f5es industriais, seguran\u00e7a p\u00fablica e pesquisa profissional. Posicionado como o modelo de entrada da s\u00e9rie &quot;Enterprise&quot;, o U1 equilibra agilidade com ferramentas de comunica\u00e7\u00e3o especializadas e recursos de monitoramento de alta defini\u00e7\u00e3o.","breadcrumb":{"@id":"https:\/\/www.ghostysky.com\/product\/unitree-go2-enterprise-ent-1\/#breadcrumb"},"inLanguage":"pt-PT","potentialAction":[{"@type":"ReadAction","target":["https:\/\/www.ghostysky.com\/product\/unitree-go2-enterprise-ent-1\/"]}]},{"@type":"ImageObject","inLanguage":"pt-PT","@id":"https:\/\/www.ghostysky.com\/product\/unitree-go2-enterprise-ent-1\/#primaryimage","url":"https:\/\/www.ghostysky.com\/wp-content\/uploads\/2026\/01\/GH_Unitree_GO2_Ent_Ver.jpg","contentUrl":"https:\/\/www.ghostysky.com\/wp-content\/uploads\/2026\/01\/GH_Unitree_GO2_Ent_Ver.jpg","width":800,"height":800},{"@type":"BreadcrumbList","@id":"https:\/\/www.ghostysky.com\/product\/unitree-go2-enterprise-ent-1\/#breadcrumb","itemListElement":[{"@type":"ListItem","position":1,"name":"Home","item":"https:\/\/www.ghostysky.com\/"},{"@type":"ListItem","position":2,"name":"Shop","item":"https:\/\/www.ghostysky.com\/shop\/"},{"@type":"ListItem","position":3,"name":"Unitree Go2 Enterprise (U1)"}]},{"@type":"WebSite","@id":"https:\/\/www.ghostysky.com\/#website","url":"https:\/\/www.ghostysky.com\/","name":"Ghostysky","description":"Fornecendo drones e servi\u00e7os profissionais","publisher":{"@id":"https:\/\/www.ghostysky.com\/#organization"},"potentialAction":[{"@type":"SearchAction","target":{"@type":"EntryPoint","urlTemplate":"https:\/\/www.ghostysky.com\/?s={search_term_string}"},"query-input":{"@type":"PropertyValueSpecification","valueRequired":true,"valueName":"search_term_string"}}],"inLanguage":"pt-PT"},{"@type":"Organization","@id":"https:\/\/www.ghostysky.com\/#organization","name":"Ghostysky","url":"https:\/\/www.ghostysky.com\/","logo":{"@type":"ImageObject","inLanguage":"pt-PT","@id":"https:\/\/www.ghostysky.com\/#\/schema\/logo\/image\/","url":"https:\/\/www.ghostysky.com\/wp-content\/uploads\/2020\/06\/cropped-ghostyskylogo_text_white2.png","contentUrl":"https:\/\/www.ghostysky.com\/wp-content\/uploads\/2020\/06\/cropped-ghostyskylogo_text_white2.png","width":169,"height":56,"caption":"Ghostysky"},"image":{"@id":"https:\/\/www.ghostysky.com\/#\/schema\/logo\/image\/"},"sameAs":["https:\/\/www.facebook.com\/people\/Ghostysky\/100057676170234\/","https:\/\/x.com\/Gh0stysky","https:\/\/www.linkedin.com\/company\/34739653","https:\/\/www.instagram.com\/gh0stysky"]}]}},"_links":{"self":[{"href":"https:\/\/www.ghostysky.com\/pt\/wp-json\/wp\/v2\/product\/23675","targetHints":{"allow":["GET"]}}],"collection":[{"href":"https:\/\/www.ghostysky.com\/pt\/wp-json\/wp\/v2\/product"}],"about":[{"href":"https:\/\/www.ghostysky.com\/pt\/wp-json\/wp\/v2\/types\/product"}],"replies":[{"embeddable":true,"href":"https:\/\/www.ghostysky.com\/pt\/wp-json\/wp\/v2\/comments?post=23675"}],"wp:featuredmedia":[{"embeddable":true,"href":"https:\/\/www.ghostysky.com\/pt\/wp-json\/wp\/v2\/media\/23676"}],"wp:attachment":[{"href":"https:\/\/www.ghostysky.com\/pt\/wp-json\/wp\/v2\/media?parent=23675"}],"wp:term":[{"taxonomy":"product_brand","embeddable":true,"href":"https:\/\/www.ghostysky.com\/pt\/wp-json\/wp\/v2\/product_brand?post=23675"},{"taxonomy":"product_cat","embeddable":true,"href":"https:\/\/www.ghostysky.com\/pt\/wp-json\/wp\/v2\/product_cat?post=23675"},{"taxonomy":"product_tag","embeddable":true,"href":"https:\/\/www.ghostysky.com\/pt\/wp-json\/wp\/v2\/product_tag?post=23675"}],"curies":[{"name":"wp","href":"https:\/\/api.w.org\/{rel}","templated":true}]}}