{"id":23677,"date":"2026-01-11T08:58:20","date_gmt":"2026-01-11T08:58:20","guid":{"rendered":"https:\/\/www.ghostysky.com\/?post_type=product&#038;p=23677"},"modified":"2026-01-11T09:24:18","modified_gmt":"2026-01-11T09:24:18","slug":"unitree-go2-enterprise-ent-u2","status":"publish","type":"product","link":"https:\/\/www.ghostysky.com\/pt\/product\/unitree-go2-enterprise-ent-u2\/","title":{"rendered":"Unitree Go2 Enterprise (U2)"},"content":{"rendered":"<h4 data-path-to-node=\"2\">Principais capacidades de desempenho<\/h4>\n<p data-path-to-node=\"3\"><span class=\"citation-489 citation-end-489\">O Go2 ENT U2 preenche a lacuna entre uma ferramenta de pesquisa e um ativo industrial funcional.<\/span><\/p>\n<ul data-path-to-node=\"4\">\n<li>\n<p data-path-to-node=\"4,0,0\"><b data-path-to-node=\"4,0,0\" data-index-in-node=\"0\"><span class=\"citation-488\">Velocidade e agilidade:<\/span><\/b><span class=\"citation-488\"> Atinge uma velocidade m\u00e1xima de aproximadamente <\/span><b data-path-to-node=\"4,0,0\" data-index-in-node=\"54\"><span class=\"citation-488\">3,7 m\/s<\/span><\/b><span class=\"citation-488 citation-end-488\"> (at\u00e9 5 m\/s em testes de limite) com capacidade para subir escadas e percorrer declives de 40\u00b0.<\/span><\/p>\n<\/li>\n<li>\n<p data-path-to-node=\"4,1,0\"><b data-path-to-node=\"4,1,0\" data-index-in-node=\"0\"><span class=\"citation-487\">Percep\u00e7\u00e3o Avan\u00e7ada:<\/span><\/b><span class=\"citation-487\"> Equipado com a tecnologia desenvolvida pela pr\u00f3pria Unitree <\/span><b data-path-to-node=\"4,1,0\" data-index-in-node=\"60\"><span class=\"citation-487\">4D LiDAR L1<\/span><\/b><span class=\"citation-487 citation-end-487\">, fornecendo um <\/span><span class=\"math-inline\" data-math=\"360^{\\circ} \\times 90^{\\circ}\" data-index-in-node=\"85\">360\u00ba x 90\u00ba<\/span><span class=\"citation-486 citation-end-486\"> Campo de vis\u00e3o hemisf\u00e9rico com um ponto cego ultrapequeno (at\u00e9 0,05 m).<\/span><\/p>\n<\/li>\n<li>\n<p data-path-to-node=\"4,2,0\"><b data-path-to-node=\"4,2,0\" data-index-in-node=\"0\">Capacidade de carga \u00fatil:<\/b> Suporta uma carga padr\u00e3o de <b data-path-to-node=\"4,2,0\" data-index-in-node=\"46\">8 kg<\/b>, com um limite m\u00e1ximo de <b data-path-to-node=\"4,2,0\" data-index-in-node=\"76\">12 kg<\/b>, permitindo a conex\u00e3o de sensores ou ferramentas especializadas.<\/p>\n<\/li>\n<li>\n<p data-path-to-node=\"4,3,0\"><b data-path-to-node=\"4,3,0\" data-index-in-node=\"0\"><span class=\"citation-485\">Resist\u00eancia estendida:<\/span><\/b><span class=\"citation-485\"> Alimentado por um motor de alta capacidade <\/span><b data-path-to-node=\"4,3,0\" data-index-in-node=\"47\"><span class=\"citation-485\">15.000 mAh<\/span><\/b><span class=\"citation-485 citation-end-485\"> Bateria com autonomia de 2 a 4 horas de opera\u00e7\u00e3o cont\u00ednua (varia conforme a tarefa).<\/span><\/p>\n<p>&nbsp;<\/li>\n<\/ul>\n<h4 data-path-to-node=\"6\">Funcionalidades Empresariais Especializadas<\/h4>\n<p data-path-to-node=\"7\">A designa\u00e7\u00e3o \u201cU2\u201d destaca especificamente seu conjunto avan\u00e7ado de comunica\u00e7\u00e3o e consci\u00eancia situacional:<\/p>\n<ul data-path-to-node=\"8\">\n<li>\n<p data-path-to-node=\"8,0,0\"><b data-path-to-node=\"8,0,0\" data-index-in-node=\"0\"><span class=\"citation-484\">Comunica\u00e7\u00e3o de enlace duplo:<\/span><\/b><span class=\"citation-484\"> Apresenta uma caracter\u00edstica principal <\/span><b data-path-to-node=\"8,0,0\" data-index-in-node=\"44\"><span class=\"citation-484\">5,8G<\/span><\/b><span class=\"citation-484\"> link de telemetria\/v\u00eddeo com um <\/span><b data-path-to-node=\"8,0,0\" data-index-in-node=\"77\"><span class=\"citation-484\">Backup 4G\/5G<\/span><\/b><span class=\"citation-484 citation-end-484\"> Failover, garantindo que o rob\u00f4 permane\u00e7a conectado mesmo em zonas industriais com alta interfer\u00eancia.<\/span><\/p>\n<\/li>\n<li>\n<p data-path-to-node=\"8,1,0\"><b data-path-to-node=\"8,1,0\" data-index-in-node=\"0\"><span class=\"citation-483\">Controle remoto com tela:<\/span><\/b><span class=\"citation-483 citation-end-483\"> Vem de s\u00e9rie com um controlador port\u00e1til dedicado que possui um visor integrado de alto brilho, eliminando a necessidade de um dispositivo m\u00f3vel separado.<\/span><\/p>\n<\/li>\n<li>\n<p data-path-to-node=\"8,2,0\"><b data-path-to-node=\"8,2,0\" data-index-in-node=\"0\"><span class=\"citation-482 citation-end-482\">Duas c\u00e2meras 1080P:<\/span><\/b><span class=\"citation-481 citation-end-481\">\u00a0Ao contr\u00e1rio dos modelos padr\u00e3o, o ENT U2 utiliza um sistema de detec\u00e7\u00e3o de c\u00e2mera dupla com um <sup class=\"superscript\" data-turn-source-index=\"10\">10<\/sup><\/span><span class=\"math-inline\" data-math=\"120^{\\circ}\" data-index-in-node=\"96\">$120^{\\circ}$<\/span><span class=\"citation-480\"> grande angular, otimizado para baixa lat\u00eancia (<\/span><b data-path-to-node=\"8,2,0\" data-index-in-node=\"147\"><span class=\"citation-480\">180 ms<\/span><\/b><span class=\"citation-480 citation-end-480\">Transmiss\u00e3o de v\u00eddeo HD.<\/span><\/p>\n<\/li>\n<li>\n<p data-path-to-node=\"8,3,0\"><b data-path-to-node=\"8,3,0\" data-index-in-node=\"0\"><span class=\"citation-479\">Sistema de Busca e Alerta:<\/span><\/b><span class=\"citation-479\"> Inclui um <\/span><b data-path-to-node=\"8,3,0\" data-index-in-node=\"36\"><span class=\"citation-479\">Holofote de 30W<\/span><\/b><span class=\"citation-479 citation-end-479\"> (3000 l\u00famens) e um sistema de alerta estrobosc\u00f3pico vermelho\/azul para patrulhamento e resposta a emerg\u00eancias.<\/span><\/p>\n<\/li>\n<li>\n<p data-path-to-node=\"8,4,0\"><b data-path-to-node=\"8,4,0\" data-index-in-node=\"0\"><span class=\"citation-478\">Intercomunicador de voz:<\/span><\/b><span class=\"citation-478 citation-end-478\"> O sistema integrado de transmiss\u00e3o de voz digital permite gritar em tempo real, converter texto em fala e reproduzir \u00e1udio a dist\u00e2ncias de at\u00e9 800 metros.<\/span><\/p>\n<p>&nbsp;<\/li>\n<\/ul>\n<h4 data-path-to-node=\"10\">Especifica\u00e7\u00f5es t\u00e9cnicas<\/h4>\n<table data-path-to-node=\"11\">\n<thead>\n<tr>\n<td><strong>Recurso<\/strong><\/td>\n<td><strong>Especifica\u00e7\u00f5es<\/strong><\/td>\n<\/tr>\n<\/thead>\n<tbody>\n<tr>\n<td><span data-path-to-node=\"11,1,0,0\"><b data-path-to-node=\"11,1,0,0\" data-index-in-node=\"0\">Material<\/b><\/span><\/td>\n<td><span data-path-to-node=\"11,1,1,0\">Liga de alum\u00ednio + pl\u00e1stico de engenharia de alta resist\u00eancia<\/span><\/td>\n<\/tr>\n<tr>\n<td><span data-path-to-node=\"11,2,0,0\"><b data-path-to-node=\"11,2,0,0\" data-index-in-node=\"0\">Dimens\u00f5es (em p\u00e9)<\/b><\/span><\/td>\n<td><span data-path-to-node=\"11,2,1,0\">700 x 310 x 400 mm<\/span><\/td>\n<\/tr>\n<tr>\n<td><span data-path-to-node=\"11,3,0,0\"><b data-path-to-node=\"11,3,0,0\" data-index-in-node=\"0\">Peso<\/b><\/span><\/td>\n<td><span data-path-to-node=\"11,3,1,0\">Aproximadamente 15 kg (incluindo a bateria)<\/span><\/td>\n<\/tr>\n<tr>\n<td><span data-path-to-node=\"11,4,0,0\"><b data-path-to-node=\"11,4,0,0\" data-index-in-node=\"0\">Torque da junta<\/b><\/span><\/td>\n<td><span data-path-to-node=\"11,4,1,0\">45 N\u00b7m (Pico)<\/span><\/td>\n<\/tr>\n<tr>\n<td><span data-path-to-node=\"11,5,0,0\"><b data-path-to-node=\"11,5,0,0\" data-index-in-node=\"0\">Conectividade<\/b><\/span><\/td>\n<td><span data-path-to-node=\"11,5,1,0\">Wi-Fi 6, Bluetooth 5.2, 4G\/LTE (com GPS)<\/span><\/td>\n<\/tr>\n<tr>\n<td><span data-path-to-node=\"11,6,0,0\"><b data-path-to-node=\"11,6,0,0\" data-index-in-node=\"0\">Sa\u00edda de v\u00eddeo<\/b><\/span><\/td>\n<td><span data-path-to-node=\"11,6,1,0\">HD 1080P de canal duplo<\/span><\/td>\n<\/tr>\n<tr>\n<td><span data-path-to-node=\"11,7,0,0\"><b data-path-to-node=\"11,7,0,0\" data-index-in-node=\"0\">Temperatura de opera\u00e7\u00e3o<\/b><\/span><\/td>\n<td><span data-path-to-node=\"11,7,1,0\">-10\u00b0C a 45\u00b0C (estimado)<\/span><\/td>\n<\/tr>\n<\/tbody>\n<\/table>\n<p>&nbsp;<\/p>\n<h4 data-path-to-node=\"13\">Melhores casos de uso<\/h4>\n<ul data-path-to-node=\"14\">\n<li>\n<p data-path-to-node=\"14,0,0\"><b data-path-to-node=\"14,0,0\" data-index-in-node=\"0\">Inspe\u00e7\u00e3o de Infraestrutura:<\/b> Navegar por \u00e1reas perigosas, como subesta\u00e7\u00f5es de energia ou canteiros de obras.<\/p>\n<\/li>\n<li>\n<p data-path-to-node=\"14,1,0\"><b data-path-to-node=\"14,1,0\" data-index-in-node=\"0\">Seguran\u00e7a P\u00fablica:<\/b> Proporcionar uma \u201cprimeira vis\u00e3o\u201d em opera\u00e7\u00f5es de busca e salvamento ou vigil\u00e2ncia sem colocar em risco a vida de pessoal.<\/p>\n<\/li>\n<li>\n<p data-path-to-node=\"14,2,0\"><b data-path-to-node=\"14,2,0\" data-index-in-node=\"0\">P&amp;D:<\/b> Uma plataforma robusta para desenvolvedores que necessitam de dados de alta largura de banda e hardware confi\u00e1vel.<\/p>\n<\/li>\n<\/ul>","protected":false},"excerpt":{"rendered":"<p><span class=\"citation-490\">O <\/span><b data-path-to-node=\"0\" data-index-in-node=\"4\"><span class=\"citation-490\">Unitree Go2 Enterprise (ENT) U2<\/span><\/b><span class=\"citation-490 citation-end-490\"> \u00c9 um rob\u00f4 quadr\u00fapede de n\u00edvel profissional projetado para inspe\u00e7\u00e3o industrial, vigil\u00e2ncia de seguran\u00e7a e opera\u00e7\u00f5es de busca e resgate.<\/span> Ao contr\u00e1rio dos modelos \u201cAir\u201d ou \u201cPro\u201d voltados para o consumidor, a variante U2 \u00e9 otimizada para opera\u00e7\u00f5es remotas em campo e para aplica\u00e7\u00f5es que exigem alta confiabilidade.<\/p>","protected":false},"featured_media":23676,"comment_status":"open","ping_status":"closed","template":"","meta":[],"product_brand":[1087],"product_cat":[1039,1037,1085],"product_tag":[1088,1092,1089,1090],"class_list":{"0":"post-23677","1":"product","2":"type-product","3":"status-publish","4":"has-post-thumbnail","6":"product_brand-unitree","7":"product_cat-quadruped","8":"product_cat-robotics","9":"product_cat-unitree-quad-robots","10":"product_tag-unitree","11":"product_tag-unitree-go2-series","12":"product_tag-unitree-quadruped","13":"product_tag-unitree-quadruped-robots","15":"first","16":"onbackorder","17":"taxable","18":"shipping-taxable","19":"purchasable","20":"product-type-simple"},"yoast_head":"<!-- This site is optimized with the Yoast SEO plugin v27.1.1 - https:\/\/yoast.com\/product\/yoast-seo-wordpress\/ -->\n<title>Unitree Go2 Enterprise (U2) - Ghostysky<\/title>\n<meta name=\"description\" content=\"The Unitree Go2 Enterprise (ENT) U2 is a professional-grade quadruped robot engineered for industrial inspection, security surveillance, and search-and-rescue operations. Unlike the consumer-oriented &quot;Air&quot; or &quot;Pro&quot; models, the U2 variant is optimized for remote field operations and high-stakes reliability.\" \/>\n<meta name=\"robots\" content=\"index, follow, max-snippet:-1, max-image-preview:large, max-video-preview:-1\" \/>\n<link rel=\"canonical\" href=\"https:\/\/www.ghostysky.com\/pt\/produto-2\/unitree-go2-enterprise-ent-u2\/\" \/>\n<meta property=\"og:locale\" content=\"pt_PT\" \/>\n<meta property=\"og:type\" content=\"article\" \/>\n<meta property=\"og:title\" content=\"Unitree Go2 Enterprise (U2) - Ghostysky\" \/>\n<meta property=\"og:description\" content=\"The Unitree Go2 Enterprise (ENT) U2 is a professional-grade quadruped robot engineered for industrial inspection, security surveillance, and search-and-rescue operations. Unlike the consumer-oriented &quot;Air&quot; or &quot;Pro&quot; models, the U2 variant is optimized for remote field operations and high-stakes reliability.\" \/>\n<meta property=\"og:url\" content=\"https:\/\/www.ghostysky.com\/pt\/produto-2\/unitree-go2-enterprise-ent-u2\/\" \/>\n<meta property=\"og:site_name\" content=\"Ghostysky\" \/>\n<meta property=\"article:publisher\" content=\"https:\/\/www.facebook.com\/people\/Ghostysky\/100057676170234\/\" \/>\n<meta property=\"article:modified_time\" content=\"2026-01-11T09:24:18+00:00\" \/>\n<meta property=\"og:image\" content=\"https:\/\/www.ghostysky.com\/wp-content\/uploads\/2026\/01\/GH_Unitree_GO2_Ent_Ver.jpg\" \/>\n\t<meta property=\"og:image:width\" content=\"800\" \/>\n\t<meta property=\"og:image:height\" content=\"800\" \/>\n\t<meta property=\"og:image:type\" content=\"image\/jpeg\" \/>\n<meta name=\"twitter:card\" content=\"summary_large_image\" \/>\n<meta name=\"twitter:site\" content=\"@Gh0stysky\" \/>\n<meta name=\"twitter:label1\" content=\"Tempo estimado de leitura\" \/>\n\t<meta name=\"twitter:data1\" content=\"2 minutos\" \/>\n<script type=\"application\/ld+json\" class=\"yoast-schema-graph\">{\"@context\":\"https:\/\/schema.org\",\"@graph\":[{\"@type\":\"WebPage\",\"@id\":\"https:\/\/www.ghostysky.com\/product\/unitree-go2-enterprise-ent-u2\/\",\"url\":\"https:\/\/www.ghostysky.com\/product\/unitree-go2-enterprise-ent-u2\/\",\"name\":\"Unitree Go2 Enterprise (U2) - Ghostysky\",\"isPartOf\":{\"@id\":\"https:\/\/www.ghostysky.com\/#website\"},\"primaryImageOfPage\":{\"@id\":\"https:\/\/www.ghostysky.com\/product\/unitree-go2-enterprise-ent-u2\/#primaryimage\"},\"image\":{\"@id\":\"https:\/\/www.ghostysky.com\/product\/unitree-go2-enterprise-ent-u2\/#primaryimage\"},\"thumbnailUrl\":\"https:\/\/www.ghostysky.com\/wp-content\/uploads\/2026\/01\/GH_Unitree_GO2_Ent_Ver.jpg\",\"datePublished\":\"2026-01-11T08:58:20+00:00\",\"dateModified\":\"2026-01-11T09:24:18+00:00\",\"description\":\"The Unitree Go2 Enterprise (ENT) U2 is a professional-grade quadruped robot engineered for industrial inspection, security surveillance, and search-and-rescue operations. Unlike the consumer-oriented \\\"Air\\\" or \\\"Pro\\\" models, the U2 variant is optimized for remote field operations and high-stakes reliability.\",\"breadcrumb\":{\"@id\":\"https:\/\/www.ghostysky.com\/product\/unitree-go2-enterprise-ent-u2\/#breadcrumb\"},\"inLanguage\":\"pt-PT\",\"potentialAction\":[{\"@type\":\"ReadAction\",\"target\":[\"https:\/\/www.ghostysky.com\/product\/unitree-go2-enterprise-ent-u2\/\"]}]},{\"@type\":\"ImageObject\",\"inLanguage\":\"pt-PT\",\"@id\":\"https:\/\/www.ghostysky.com\/product\/unitree-go2-enterprise-ent-u2\/#primaryimage\",\"url\":\"https:\/\/www.ghostysky.com\/wp-content\/uploads\/2026\/01\/GH_Unitree_GO2_Ent_Ver.jpg\",\"contentUrl\":\"https:\/\/www.ghostysky.com\/wp-content\/uploads\/2026\/01\/GH_Unitree_GO2_Ent_Ver.jpg\",\"width\":800,\"height\":800},{\"@type\":\"BreadcrumbList\",\"@id\":\"https:\/\/www.ghostysky.com\/product\/unitree-go2-enterprise-ent-u2\/#breadcrumb\",\"itemListElement\":[{\"@type\":\"ListItem\",\"position\":1,\"name\":\"Home\",\"item\":\"https:\/\/www.ghostysky.com\/\"},{\"@type\":\"ListItem\",\"position\":2,\"name\":\"Shop\",\"item\":\"https:\/\/www.ghostysky.com\/shop\/\"},{\"@type\":\"ListItem\",\"position\":3,\"name\":\"Unitree Go2 Enterprise (U2)\"}]},{\"@type\":\"WebSite\",\"@id\":\"https:\/\/www.ghostysky.com\/#website\",\"url\":\"https:\/\/www.ghostysky.com\/\",\"name\":\"Ghostysky\",\"description\":\"Delivering professional drones and services\",\"publisher\":{\"@id\":\"https:\/\/www.ghostysky.com\/#organization\"},\"potentialAction\":[{\"@type\":\"SearchAction\",\"target\":{\"@type\":\"EntryPoint\",\"urlTemplate\":\"https:\/\/www.ghostysky.com\/?s={search_term_string}\"},\"query-input\":{\"@type\":\"PropertyValueSpecification\",\"valueRequired\":true,\"valueName\":\"search_term_string\"}}],\"inLanguage\":\"pt-PT\"},{\"@type\":\"Organization\",\"@id\":\"https:\/\/www.ghostysky.com\/#organization\",\"name\":\"Ghostysky\",\"url\":\"https:\/\/www.ghostysky.com\/\",\"logo\":{\"@type\":\"ImageObject\",\"inLanguage\":\"pt-PT\",\"@id\":\"https:\/\/www.ghostysky.com\/#\/schema\/logo\/image\/\",\"url\":\"https:\/\/www.ghostysky.com\/wp-content\/uploads\/2020\/06\/cropped-ghostyskylogo_text_white2.png\",\"contentUrl\":\"https:\/\/www.ghostysky.com\/wp-content\/uploads\/2020\/06\/cropped-ghostyskylogo_text_white2.png\",\"width\":169,\"height\":56,\"caption\":\"Ghostysky\"},\"image\":{\"@id\":\"https:\/\/www.ghostysky.com\/#\/schema\/logo\/image\/\"},\"sameAs\":[\"https:\/\/www.facebook.com\/people\/Ghostysky\/100057676170234\/\",\"https:\/\/x.com\/Gh0stysky\",\"https:\/\/www.linkedin.com\/company\/34739653\",\"https:\/\/www.instagram.com\/gh0stysky\"]}]}<\/script>\n<!-- \/ Yoast SEO plugin. -->","yoast_head_json":{"title":"Unitree Go2 Enterprise (U2) - Ghostysky","description":"O Unitree Go2 Enterprise (ENT) U2 \u00e9 um rob\u00f4 quadr\u00fapede de n\u00edvel profissional projetado para inspe\u00e7\u00e3o industrial, vigil\u00e2ncia de seguran\u00e7a e opera\u00e7\u00f5es de busca e resgate. Ao contr\u00e1rio dos modelos &quot;Air&quot; ou &quot;Pro&quot; voltados para o consumidor, a variante U2 \u00e9 otimizada para opera\u00e7\u00f5es remotas em campo e para aplica\u00e7\u00f5es de alta confiabilidade.","robots":{"index":"index","follow":"follow","max-snippet":"max-snippet:-1","max-image-preview":"max-image-preview:large","max-video-preview":"max-video-preview:-1"},"canonical":"https:\/\/www.ghostysky.com\/pt\/produto-2\/unitree-go2-enterprise-ent-u2\/","og_locale":"pt_PT","og_type":"article","og_title":"Unitree Go2 Enterprise (U2) - Ghostysky","og_description":"The Unitree Go2 Enterprise (ENT) U2 is a professional-grade quadruped robot engineered for industrial inspection, security surveillance, and search-and-rescue operations. Unlike the consumer-oriented \"Air\" or \"Pro\" models, the U2 variant is optimized for remote field operations and high-stakes reliability.","og_url":"https:\/\/www.ghostysky.com\/pt\/produto-2\/unitree-go2-enterprise-ent-u2\/","og_site_name":"Ghostysky","article_publisher":"https:\/\/www.facebook.com\/people\/Ghostysky\/100057676170234\/","article_modified_time":"2026-01-11T09:24:18+00:00","og_image":[{"width":800,"height":800,"url":"https:\/\/www.ghostysky.com\/wp-content\/uploads\/2026\/01\/GH_Unitree_GO2_Ent_Ver.jpg","type":"image\/jpeg"}],"twitter_card":"summary_large_image","twitter_site":"@Gh0stysky","twitter_misc":{"Tempo estimado de leitura":"2 minutos"},"schema":{"@context":"https:\/\/schema.org","@graph":[{"@type":"WebPage","@id":"https:\/\/www.ghostysky.com\/product\/unitree-go2-enterprise-ent-u2\/","url":"https:\/\/www.ghostysky.com\/product\/unitree-go2-enterprise-ent-u2\/","name":"Unitree Go2 Enterprise (U2) - Ghostysky","isPartOf":{"@id":"https:\/\/www.ghostysky.com\/#website"},"primaryImageOfPage":{"@id":"https:\/\/www.ghostysky.com\/product\/unitree-go2-enterprise-ent-u2\/#primaryimage"},"image":{"@id":"https:\/\/www.ghostysky.com\/product\/unitree-go2-enterprise-ent-u2\/#primaryimage"},"thumbnailUrl":"https:\/\/www.ghostysky.com\/wp-content\/uploads\/2026\/01\/GH_Unitree_GO2_Ent_Ver.jpg","datePublished":"2026-01-11T08:58:20+00:00","dateModified":"2026-01-11T09:24:18+00:00","description":"O Unitree Go2 Enterprise (ENT) U2 \u00e9 um rob\u00f4 quadr\u00fapede de n\u00edvel profissional projetado para inspe\u00e7\u00e3o industrial, vigil\u00e2ncia de seguran\u00e7a e opera\u00e7\u00f5es de busca e resgate. Ao contr\u00e1rio dos modelos &quot;Air&quot; ou &quot;Pro&quot; voltados para o consumidor, a variante U2 \u00e9 otimizada para opera\u00e7\u00f5es remotas em campo e para aplica\u00e7\u00f5es de alta confiabilidade.","breadcrumb":{"@id":"https:\/\/www.ghostysky.com\/product\/unitree-go2-enterprise-ent-u2\/#breadcrumb"},"inLanguage":"pt-PT","potentialAction":[{"@type":"ReadAction","target":["https:\/\/www.ghostysky.com\/product\/unitree-go2-enterprise-ent-u2\/"]}]},{"@type":"ImageObject","inLanguage":"pt-PT","@id":"https:\/\/www.ghostysky.com\/product\/unitree-go2-enterprise-ent-u2\/#primaryimage","url":"https:\/\/www.ghostysky.com\/wp-content\/uploads\/2026\/01\/GH_Unitree_GO2_Ent_Ver.jpg","contentUrl":"https:\/\/www.ghostysky.com\/wp-content\/uploads\/2026\/01\/GH_Unitree_GO2_Ent_Ver.jpg","width":800,"height":800},{"@type":"BreadcrumbList","@id":"https:\/\/www.ghostysky.com\/product\/unitree-go2-enterprise-ent-u2\/#breadcrumb","itemListElement":[{"@type":"ListItem","position":1,"name":"Home","item":"https:\/\/www.ghostysky.com\/"},{"@type":"ListItem","position":2,"name":"Shop","item":"https:\/\/www.ghostysky.com\/shop\/"},{"@type":"ListItem","position":3,"name":"Unitree Go2 Enterprise (U2)"}]},{"@type":"WebSite","@id":"https:\/\/www.ghostysky.com\/#website","url":"https:\/\/www.ghostysky.com\/","name":"Ghostysky","description":"Fornecendo drones e servi\u00e7os profissionais","publisher":{"@id":"https:\/\/www.ghostysky.com\/#organization"},"potentialAction":[{"@type":"SearchAction","target":{"@type":"EntryPoint","urlTemplate":"https:\/\/www.ghostysky.com\/?s={search_term_string}"},"query-input":{"@type":"PropertyValueSpecification","valueRequired":true,"valueName":"search_term_string"}}],"inLanguage":"pt-PT"},{"@type":"Organization","@id":"https:\/\/www.ghostysky.com\/#organization","name":"Ghostysky","url":"https:\/\/www.ghostysky.com\/","logo":{"@type":"ImageObject","inLanguage":"pt-PT","@id":"https:\/\/www.ghostysky.com\/#\/schema\/logo\/image\/","url":"https:\/\/www.ghostysky.com\/wp-content\/uploads\/2020\/06\/cropped-ghostyskylogo_text_white2.png","contentUrl":"https:\/\/www.ghostysky.com\/wp-content\/uploads\/2020\/06\/cropped-ghostyskylogo_text_white2.png","width":169,"height":56,"caption":"Ghostysky"},"image":{"@id":"https:\/\/www.ghostysky.com\/#\/schema\/logo\/image\/"},"sameAs":["https:\/\/www.facebook.com\/people\/Ghostysky\/100057676170234\/","https:\/\/x.com\/Gh0stysky","https:\/\/www.linkedin.com\/company\/34739653","https:\/\/www.instagram.com\/gh0stysky"]}]}},"_links":{"self":[{"href":"https:\/\/www.ghostysky.com\/pt\/wp-json\/wp\/v2\/product\/23677","targetHints":{"allow":["GET"]}}],"collection":[{"href":"https:\/\/www.ghostysky.com\/pt\/wp-json\/wp\/v2\/product"}],"about":[{"href":"https:\/\/www.ghostysky.com\/pt\/wp-json\/wp\/v2\/types\/product"}],"replies":[{"embeddable":true,"href":"https:\/\/www.ghostysky.com\/pt\/wp-json\/wp\/v2\/comments?post=23677"}],"wp:featuredmedia":[{"embeddable":true,"href":"https:\/\/www.ghostysky.com\/pt\/wp-json\/wp\/v2\/media\/23676"}],"wp:attachment":[{"href":"https:\/\/www.ghostysky.com\/pt\/wp-json\/wp\/v2\/media?parent=23677"}],"wp:term":[{"taxonomy":"product_brand","embeddable":true,"href":"https:\/\/www.ghostysky.com\/pt\/wp-json\/wp\/v2\/product_brand?post=23677"},{"taxonomy":"product_cat","embeddable":true,"href":"https:\/\/www.ghostysky.com\/pt\/wp-json\/wp\/v2\/product_cat?post=23677"},{"taxonomy":"product_tag","embeddable":true,"href":"https:\/\/www.ghostysky.com\/pt\/wp-json\/wp\/v2\/product_tag?post=23677"}],"curies":[{"name":"wp","href":"https:\/\/api.w.org\/{rel}","templated":true}]}}