{"id":23680,"date":"2026-01-11T09:07:02","date_gmt":"2026-01-11T09:07:02","guid":{"rendered":"https:\/\/www.ghostysky.com\/?post_type=product&#038;p=23680"},"modified":"2026-01-11T09:25:14","modified_gmt":"2026-01-11T09:25:14","slug":"unitree-go2-enterprise-u5","status":"publish","type":"product","link":"https:\/\/www.ghostysky.com\/pt\/product\/unitree-go2-enterprise-u5\/","title":{"rendered":"Unitree Go2 Enterprise (U5)"},"content":{"rendered":"<h4 data-path-to-node=\"2\">Principais recursos e capacidades<\/h4>\n<h4 data-path-to-node=\"3\">1. <span class=\"citation-575 citation-end-575\">Percep\u00e7\u00e3o \u00f3ptica dupla avan\u00e7ada (Gimbal)<\/span><\/h4>\n<p data-path-to-node=\"4\"><span class=\"citation-574 citation-end-574\">O grande diferencial do U5 \u00e9 seu gimbal estabilizado de 3 eixos, que abriga:<\/span><\/p>\n<ul data-path-to-node=\"5\">\n<li>\n<p data-path-to-node=\"5,0,0\"><b data-path-to-node=\"5,0,0\" data-index-in-node=\"0\"><span class=\"citation-573\">Sensor de imagem t\u00e9rmica:<\/span><\/b><span class=\"citation-573 citation-end-573\"> Uma c\u00e2mera t\u00e9rmica de alta resolu\u00e7\u00e3o (640\u00d7512) para detectar assinaturas de calor, vazamentos de g\u00e1s ou superaquecimento de equipamentos.<\/span> <span class=\"citation-572\">Suporta uma ampla faixa de temperatura, desde <\/span><b data-path-to-node=\"5,0,0\" data-index-in-node=\"175\"><span class=\"citation-572\">-20\u00b0C a +550\u00b0C<\/span><\/b><span class=\"citation-572 citation-end-572\">.<\/span><\/p>\n<\/li>\n<li>\n<p data-path-to-node=\"5,1,0\"><b data-path-to-node=\"5,1,0\" data-index-in-node=\"0\"><span class=\"citation-571\">C\u00e2mera visual HD:<\/span><\/b><span class=\"citation-571 citation-end-571\"> Transmiss\u00e3o de v\u00eddeo em alta defini\u00e7\u00e3o 1080P com lat\u00eancia ultrabaixa (~180ms), proporcionando uma percep\u00e7\u00e3o situacional n\u00edtida para operadores remotos.<\/span><\/p>\n<\/li>\n<\/ul>\n<h4 data-path-to-node=\"6\">2. Navega\u00e7\u00e3o e Mobilidade Superiores<\/h4>\n<ul data-path-to-node=\"7\">\n<li>\n<p data-path-to-node=\"7,0,0\"><b data-path-to-node=\"7,0,0\" data-index-in-node=\"0\"><span class=\"citation-570\">LIDAR 4D L1:<\/span><\/b><span class=\"citation-570 citation-end-570\"> A Unitree apresenta um LIDAR hemisf\u00e9rico de 360\u00b0\u00d790\u00b0 desenvolvido internamente, oferecendo uma melhoria de 200% no reconhecimento em rela\u00e7\u00e3o aos modelos anteriores e uma dist\u00e2ncia m\u00ednima de detec\u00e7\u00e3o de apenas 0,05 m.<\/span><\/p>\n<\/li>\n<li>\n<p data-path-to-node=\"7,1,0\"><b data-path-to-node=\"7,1,0\" data-index-in-node=\"0\">Adaptabilidade ao terreno:<\/b><span class=\"citation-569\"> Gra\u00e7as ao controle de movimento baseado em IA, o U5 consegue navegar por escadas, cascalho e declives de at\u00e9 40\u00b0, atingindo velocidades de <\/span><b data-path-to-node=\"7,1,0\" data-index-in-node=\"135\"><span class=\"citation-569\">3,7 m\/s a 5 m\/s<\/span><\/b><span class=\"citation-569 citation-end-569\">.<\/span><\/p>\n<\/li>\n<li>\n<p data-path-to-node=\"7,2,0\"><b data-path-to-node=\"7,2,0\" data-index-in-node=\"0\">ISS 2.0 (Seguimento Lateral Inteligente):<\/b><span class=\"citation-568 citation-end-568\"> Tecnologia de posicionamento aprimorada que permite ao rob\u00f4 seguir o pessoal com mais precis\u00e3o, mantendo uma dist\u00e2ncia segura e evitando obst\u00e1culos.<\/span><\/p>\n<\/li>\n<\/ul>\n<h4 data-path-to-node=\"8\">3. Comunica\u00e7\u00e3o de n\u00edvel industrial<\/h4>\n<ul data-path-to-node=\"9\">\n<li>\n<p data-path-to-node=\"9,0,0\"><b data-path-to-node=\"9,0,0\" data-index-in-node=\"0\"><span class=\"citation-567\">Backup de link duplo:<\/span><\/b><span class=\"citation-567 citation-end-567\"> Utiliza uma liga\u00e7\u00e3o principal de 5.8G para dados de alta velocidade e uma liga\u00e7\u00e3o de backup 4G\/eSIM para garantir a conectividade em ambientes remotos ou com obstru\u00e7\u00f5es.<\/span><\/p>\n<\/li>\n<li>\n<p data-path-to-node=\"9,1,0\"><b data-path-to-node=\"9,1,0\" data-index-in-node=\"0\"><span class=\"citation-566\">Controle remoto com tela:<\/span><\/b><span class=\"citation-566 citation-end-566\"> Vem de s\u00e9rie com um controlador port\u00e1til profissional que possui um visor integrado para visualiza\u00e7\u00e3o de v\u00eddeos e telemetria em tempo real.<\/span><\/p>\n<p>&nbsp;<\/li>\n<\/ul>\n<h4 data-path-to-node=\"11\">Especifica\u00e7\u00f5es t\u00e9cnicas<\/h4>\n<table data-path-to-node=\"12\">\n<thead>\n<tr>\n<td><strong>Recurso<\/strong><\/td>\n<td><strong>Especifica\u00e7\u00f5es<\/strong><\/td>\n<\/tr>\n<\/thead>\n<tbody>\n<tr>\n<td><span data-path-to-node=\"12,1,0,0\"><b data-path-to-node=\"12,1,0,0\" data-index-in-node=\"0\">Peso<\/b><\/span><\/td>\n<td><span data-path-to-node=\"12,1,1,0\">Aproximadamente 15 kg (com bateria)<\/span><\/td>\n<\/tr>\n<tr>\n<td><span data-path-to-node=\"12,2,0,0\"><b data-path-to-node=\"12,2,0,0\" data-index-in-node=\"0\">Capacidade de carga \u00fatil<\/b><\/span><\/td>\n<td><span data-path-to-node=\"12,2,1,0\">8 kg (padr\u00e3o) a 12 kg (m\u00e1ximo)<\/span><\/td>\n<\/tr>\n<tr>\n<td><span data-path-to-node=\"12,3,0,0\"><b data-path-to-node=\"12,3,0,0\" data-index-in-node=\"0\">Dura\u00e7\u00e3o da bateria<\/b><\/span><\/td>\n<td><span data-path-to-node=\"12,3,1,0\">2 a 4 horas (bateria de longa dura\u00e7\u00e3o de 15.000 mAh)<\/span><\/td>\n<\/tr>\n<tr>\n<td><span data-path-to-node=\"12,4,0,0\"><b data-path-to-node=\"12,4,0,0\" data-index-in-node=\"0\">Torque da junta<\/b><\/span><\/td>\n<td><span data-path-to-node=\"12,4,1,0\">Torque m\u00e1ximo de 45 Nm com refrigera\u00e7\u00e3o por tubo de calor.<\/span><\/td>\n<\/tr>\n<tr>\n<td><span data-path-to-node=\"12,5,0,0\"><b data-path-to-node=\"12,5,0,0\" data-index-in-node=\"0\">Alcance do Gimbal<\/b><\/span><\/td>\n<td><span data-path-to-node=\"12,5,1,0\">Inclina\u00e7\u00e3o: -90\u00b0 a +25\u00b0; Guinada: -270\u00b0 a +270\u00b0<\/span><\/td>\n<\/tr>\n<tr>\n<td><span data-path-to-node=\"12,6,0,0\"><b data-path-to-node=\"12,6,0,0\" data-index-in-node=\"0\">Prote\u00e7\u00e3o<\/b><\/span><\/td>\n<td><span data-path-to-node=\"12,6,1,0\">Constru\u00e7\u00e3o em liga de alum\u00ednio e pl\u00e1stico de engenharia de alta resist\u00eancia<\/span><\/td>\n<\/tr>\n<\/tbody>\n<\/table>\n<p>&nbsp;<\/p>\n<h4 data-path-to-node=\"14\">Aplica\u00e7\u00f5es prim\u00e1rias<\/h4>\n<ul data-path-to-node=\"15\">\n<li>\n<p data-path-to-node=\"15,0,0\"><b data-path-to-node=\"15,0,0\" data-index-in-node=\"0\">Inspe\u00e7\u00e3o Industrial:<\/b> Monitoramento de redes el\u00e9tricas, subesta\u00e7\u00f5es e instala\u00e7\u00f5es de petr\u00f3leo e g\u00e1s usando imagens t\u00e9rmicas para identificar pontos cr\u00edticos.<\/p>\n<\/li>\n<li>\n<p data-path-to-node=\"15,1,0\"><b data-path-to-node=\"15,1,0\" data-index-in-node=\"0\">Busca e Resgate:<\/b> Localizar pessoas desaparecidas em ambientes com baixa visibilidade ou zonas perigosas onde a entrada humana representa risco.<\/p>\n<\/li>\n<li>\n<p data-path-to-node=\"15,2,0\"><b data-path-to-node=\"15,2,0\" data-index-in-node=\"0\">Seguran\u00e7a P\u00fablica:<\/b><span class=\"citation-565 citation-end-565\"> Patrulhamento de seguran\u00e7a, vigil\u00e2ncia automatizada e avalia\u00e7\u00e3o situacional para aplica\u00e7\u00e3o da lei.<\/span><\/p>\n<\/li>\n<\/ul>","protected":false},"excerpt":{"rendered":"<p><span class=\"citation-577\">O <\/span><b data-path-to-node=\"0\" data-index-in-node=\"4\"><span class=\"citation-577\">Unitree Go2 Enterprise (Ent) U5<\/span><\/b><span class=\"citation-577 citation-end-577\"> \u00c9 um rob\u00f4 quadr\u00fapede de alto desempenho, projetado especificamente para inspe\u00e7\u00e3o industrial, seguran\u00e7a p\u00fablica e resposta a emerg\u00eancias.<\/span> <span class=\"citation-576\">Como carro-chefe da s\u00e9rie Go2 Enterprise, a configura\u00e7\u00e3o U5 se destaca por sua integra\u00e7\u00e3o de recursos. <\/span><b data-path-to-node=\"0\" data-index-in-node=\"266\"><span class=\"citation-576\">gimbal \u00f3ptico duplo<\/span><\/b><span class=\"citation-576 citation-end-576\">, que combina imagens visuais de alta defini\u00e7\u00e3o com sensores t\u00e9rmicos de n\u00edvel profissional.<\/span><\/p>","protected":false},"featured_media":23676,"comment_status":"open","ping_status":"closed","template":"","meta":[],"product_brand":[1087],"product_cat":[1039,1037,1085],"product_tag":[1088,1092,1089,1090],"class_list":{"0":"post-23680","1":"product","2":"type-product","3":"status-publish","4":"has-post-thumbnail","6":"product_brand-unitree","7":"product_cat-quadruped","8":"product_cat-robotics","9":"product_cat-unitree-quad-robots","10":"product_tag-unitree","11":"product_tag-unitree-go2-series","12":"product_tag-unitree-quadruped","13":"product_tag-unitree-quadruped-robots","15":"first","16":"onbackorder","17":"taxable","18":"shipping-taxable","19":"purchasable","20":"product-type-simple"},"yoast_head":"<!-- This site is optimized with the Yoast SEO plugin v27.4 - https:\/\/yoast.com\/product\/yoast-seo-wordpress\/ -->\n<title>Unitree Go2 Enterprise (U5) - Ghostysky<\/title>\n<meta name=\"description\" content=\"The Unitree Go2 Enterprise (Ent) U5 is a high-performance quadruped robot specifically engineered for industrial inspection, public safety, and emergency response. As the flagship of the Go2 Enterprise series, the U5 configuration is distinguished by its integrated dual-optical gimbal, which combines high-definition visual imaging with professional-grade thermal sensing.\" \/>\n<meta name=\"robots\" content=\"index, follow, max-snippet:-1, max-image-preview:large, max-video-preview:-1\" \/>\n<link rel=\"canonical\" href=\"https:\/\/www.ghostysky.com\/pt\/produto-2\/unitree-go2-enterprise-u5\/\" \/>\n<meta property=\"og:locale\" content=\"pt_PT\" \/>\n<meta property=\"og:type\" content=\"article\" \/>\n<meta property=\"og:title\" content=\"Unitree Go2 Enterprise (U5) - Ghostysky\" \/>\n<meta property=\"og:description\" content=\"The Unitree Go2 Enterprise (Ent) U5 is a high-performance quadruped robot specifically engineered for industrial inspection, public safety, and emergency response. As the flagship of the Go2 Enterprise series, the U5 configuration is distinguished by its integrated dual-optical gimbal, which combines high-definition visual imaging with professional-grade thermal sensing.\" \/>\n<meta property=\"og:url\" content=\"https:\/\/www.ghostysky.com\/pt\/produto-2\/unitree-go2-enterprise-u5\/\" \/>\n<meta property=\"og:site_name\" content=\"Ghostysky\" \/>\n<meta property=\"article:publisher\" content=\"https:\/\/www.facebook.com\/people\/Ghostysky\/100057676170234\/\" \/>\n<meta property=\"article:modified_time\" content=\"2026-01-11T09:25:14+00:00\" \/>\n<meta property=\"og:image\" content=\"https:\/\/www.ghostysky.com\/wp-content\/uploads\/2026\/01\/GH_Unitree_GO2_Ent_Ver.jpg\" \/>\n\t<meta property=\"og:image:width\" content=\"800\" \/>\n\t<meta property=\"og:image:height\" content=\"800\" \/>\n\t<meta property=\"og:image:type\" content=\"image\/jpeg\" \/>\n<meta name=\"twitter:card\" content=\"summary_large_image\" \/>\n<meta name=\"twitter:site\" content=\"@Gh0stysky\" \/>\n<meta name=\"twitter:label1\" content=\"Tempo estimado de leitura\" \/>\n\t<meta name=\"twitter:data1\" content=\"2 minutos\" \/>\n<script type=\"application\/ld+json\" class=\"yoast-schema-graph\">{\"@context\":\"https:\\\/\\\/schema.org\",\"@graph\":[{\"@type\":\"WebPage\",\"@id\":\"https:\\\/\\\/www.ghostysky.com\\\/product\\\/unitree-go2-enterprise-u5\\\/\",\"url\":\"https:\\\/\\\/www.ghostysky.com\\\/product\\\/unitree-go2-enterprise-u5\\\/\",\"name\":\"Unitree Go2 Enterprise (U5) - Ghostysky\",\"isPartOf\":{\"@id\":\"https:\\\/\\\/www.ghostysky.com\\\/#website\"},\"primaryImageOfPage\":{\"@id\":\"https:\\\/\\\/www.ghostysky.com\\\/product\\\/unitree-go2-enterprise-u5\\\/#primaryimage\"},\"image\":{\"@id\":\"https:\\\/\\\/www.ghostysky.com\\\/product\\\/unitree-go2-enterprise-u5\\\/#primaryimage\"},\"thumbnailUrl\":\"https:\\\/\\\/www.ghostysky.com\\\/wp-content\\\/uploads\\\/2026\\\/01\\\/GH_Unitree_GO2_Ent_Ver.jpg\",\"datePublished\":\"2026-01-11T09:07:02+00:00\",\"dateModified\":\"2026-01-11T09:25:14+00:00\",\"description\":\"The Unitree Go2 Enterprise (Ent) U5 is a high-performance quadruped robot specifically engineered for industrial inspection, public safety, and emergency response. As the flagship of the Go2 Enterprise series, the U5 configuration is distinguished by its integrated dual-optical gimbal, which combines high-definition visual imaging with professional-grade thermal sensing.\",\"breadcrumb\":{\"@id\":\"https:\\\/\\\/www.ghostysky.com\\\/product\\\/unitree-go2-enterprise-u5\\\/#breadcrumb\"},\"inLanguage\":\"pt-PT\",\"potentialAction\":[{\"@type\":\"ReadAction\",\"target\":[\"https:\\\/\\\/www.ghostysky.com\\\/product\\\/unitree-go2-enterprise-u5\\\/\"]}]},{\"@type\":\"ImageObject\",\"inLanguage\":\"pt-PT\",\"@id\":\"https:\\\/\\\/www.ghostysky.com\\\/product\\\/unitree-go2-enterprise-u5\\\/#primaryimage\",\"url\":\"https:\\\/\\\/www.ghostysky.com\\\/wp-content\\\/uploads\\\/2026\\\/01\\\/GH_Unitree_GO2_Ent_Ver.jpg\",\"contentUrl\":\"https:\\\/\\\/www.ghostysky.com\\\/wp-content\\\/uploads\\\/2026\\\/01\\\/GH_Unitree_GO2_Ent_Ver.jpg\",\"width\":800,\"height\":800},{\"@type\":\"BreadcrumbList\",\"@id\":\"https:\\\/\\\/www.ghostysky.com\\\/product\\\/unitree-go2-enterprise-u5\\\/#breadcrumb\",\"itemListElement\":[{\"@type\":\"ListItem\",\"position\":1,\"name\":\"Home\",\"item\":\"https:\\\/\\\/www.ghostysky.com\\\/\"},{\"@type\":\"ListItem\",\"position\":2,\"name\":\"Shop\",\"item\":\"https:\\\/\\\/www.ghostysky.com\\\/shop\\\/\"},{\"@type\":\"ListItem\",\"position\":3,\"name\":\"Unitree Go2 Enterprise (U5)\"}]},{\"@type\":\"WebSite\",\"@id\":\"https:\\\/\\\/www.ghostysky.com\\\/#website\",\"url\":\"https:\\\/\\\/www.ghostysky.com\\\/\",\"name\":\"Ghostysky\",\"description\":\"Delivering professional drones and services\",\"publisher\":{\"@id\":\"https:\\\/\\\/www.ghostysky.com\\\/#organization\"},\"potentialAction\":[{\"@type\":\"SearchAction\",\"target\":{\"@type\":\"EntryPoint\",\"urlTemplate\":\"https:\\\/\\\/www.ghostysky.com\\\/?s={search_term_string}\"},\"query-input\":{\"@type\":\"PropertyValueSpecification\",\"valueRequired\":true,\"valueName\":\"search_term_string\"}}],\"inLanguage\":\"pt-PT\"},{\"@type\":\"Organization\",\"@id\":\"https:\\\/\\\/www.ghostysky.com\\\/#organization\",\"name\":\"Ghostysky\",\"url\":\"https:\\\/\\\/www.ghostysky.com\\\/\",\"logo\":{\"@type\":\"ImageObject\",\"inLanguage\":\"pt-PT\",\"@id\":\"https:\\\/\\\/www.ghostysky.com\\\/#\\\/schema\\\/logo\\\/image\\\/\",\"url\":\"https:\\\/\\\/www.ghostysky.com\\\/wp-content\\\/uploads\\\/2020\\\/06\\\/cropped-ghostyskylogo_text_white2.png\",\"contentUrl\":\"https:\\\/\\\/www.ghostysky.com\\\/wp-content\\\/uploads\\\/2020\\\/06\\\/cropped-ghostyskylogo_text_white2.png\",\"width\":169,\"height\":56,\"caption\":\"Ghostysky\"},\"image\":{\"@id\":\"https:\\\/\\\/www.ghostysky.com\\\/#\\\/schema\\\/logo\\\/image\\\/\"},\"sameAs\":[\"https:\\\/\\\/www.facebook.com\\\/people\\\/Ghostysky\\\/100057676170234\\\/\",\"https:\\\/\\\/x.com\\\/Gh0stysky\",\"https:\\\/\\\/www.linkedin.com\\\/company\\\/34739653\",\"https:\\\/\\\/www.instagram.com\\\/gh0stysky\"]}]}<\/script>\n<!-- \/ Yoast SEO plugin. -->","yoast_head_json":{"title":"Unitree Go2 Enterprise (U5) - Ghostysky","description":"O Unitree Go2 Enterprise (Ent) U5 \u00e9 um rob\u00f4 quadr\u00fapede de alto desempenho projetado especificamente para inspe\u00e7\u00e3o industrial, seguran\u00e7a p\u00fablica e resposta a emerg\u00eancias. Como carro-chefe da s\u00e9rie Go2 Enterprise, a configura\u00e7\u00e3o do U5 se destaca por seu gimbal \u00f3ptico duplo integrado, que combina imagens visuais de alta defini\u00e7\u00e3o com sensores t\u00e9rmicos de n\u00edvel profissional.","robots":{"index":"index","follow":"follow","max-snippet":"max-snippet:-1","max-image-preview":"max-image-preview:large","max-video-preview":"max-video-preview:-1"},"canonical":"https:\/\/www.ghostysky.com\/pt\/produto-2\/unitree-go2-enterprise-u5\/","og_locale":"pt_PT","og_type":"article","og_title":"Unitree Go2 Enterprise (U5) - Ghostysky","og_description":"The Unitree Go2 Enterprise (Ent) U5 is a high-performance quadruped robot specifically engineered for industrial inspection, public safety, and emergency response. As the flagship of the Go2 Enterprise series, the U5 configuration is distinguished by its integrated dual-optical gimbal, which combines high-definition visual imaging with professional-grade thermal sensing.","og_url":"https:\/\/www.ghostysky.com\/pt\/produto-2\/unitree-go2-enterprise-u5\/","og_site_name":"Ghostysky","article_publisher":"https:\/\/www.facebook.com\/people\/Ghostysky\/100057676170234\/","article_modified_time":"2026-01-11T09:25:14+00:00","og_image":[{"width":800,"height":800,"url":"https:\/\/www.ghostysky.com\/wp-content\/uploads\/2026\/01\/GH_Unitree_GO2_Ent_Ver.jpg","type":"image\/jpeg"}],"twitter_card":"summary_large_image","twitter_site":"@Gh0stysky","twitter_misc":{"Tempo estimado de leitura":"2 minutos"},"schema":{"@context":"https:\/\/schema.org","@graph":[{"@type":"WebPage","@id":"https:\/\/www.ghostysky.com\/product\/unitree-go2-enterprise-u5\/","url":"https:\/\/www.ghostysky.com\/product\/unitree-go2-enterprise-u5\/","name":"Unitree Go2 Enterprise (U5) - Ghostysky","isPartOf":{"@id":"https:\/\/www.ghostysky.com\/#website"},"primaryImageOfPage":{"@id":"https:\/\/www.ghostysky.com\/product\/unitree-go2-enterprise-u5\/#primaryimage"},"image":{"@id":"https:\/\/www.ghostysky.com\/product\/unitree-go2-enterprise-u5\/#primaryimage"},"thumbnailUrl":"https:\/\/www.ghostysky.com\/wp-content\/uploads\/2026\/01\/GH_Unitree_GO2_Ent_Ver.jpg","datePublished":"2026-01-11T09:07:02+00:00","dateModified":"2026-01-11T09:25:14+00:00","description":"O Unitree Go2 Enterprise (Ent) U5 \u00e9 um rob\u00f4 quadr\u00fapede de alto desempenho projetado especificamente para inspe\u00e7\u00e3o industrial, seguran\u00e7a p\u00fablica e resposta a emerg\u00eancias. Como carro-chefe da s\u00e9rie Go2 Enterprise, a configura\u00e7\u00e3o do U5 se destaca por seu gimbal \u00f3ptico duplo integrado, que combina imagens visuais de alta defini\u00e7\u00e3o com sensores t\u00e9rmicos de n\u00edvel profissional.","breadcrumb":{"@id":"https:\/\/www.ghostysky.com\/product\/unitree-go2-enterprise-u5\/#breadcrumb"},"inLanguage":"pt-PT","potentialAction":[{"@type":"ReadAction","target":["https:\/\/www.ghostysky.com\/product\/unitree-go2-enterprise-u5\/"]}]},{"@type":"ImageObject","inLanguage":"pt-PT","@id":"https:\/\/www.ghostysky.com\/product\/unitree-go2-enterprise-u5\/#primaryimage","url":"https:\/\/www.ghostysky.com\/wp-content\/uploads\/2026\/01\/GH_Unitree_GO2_Ent_Ver.jpg","contentUrl":"https:\/\/www.ghostysky.com\/wp-content\/uploads\/2026\/01\/GH_Unitree_GO2_Ent_Ver.jpg","width":800,"height":800},{"@type":"BreadcrumbList","@id":"https:\/\/www.ghostysky.com\/product\/unitree-go2-enterprise-u5\/#breadcrumb","itemListElement":[{"@type":"ListItem","position":1,"name":"Home","item":"https:\/\/www.ghostysky.com\/"},{"@type":"ListItem","position":2,"name":"Shop","item":"https:\/\/www.ghostysky.com\/shop\/"},{"@type":"ListItem","position":3,"name":"Unitree Go2 Enterprise (U5)"}]},{"@type":"WebSite","@id":"https:\/\/www.ghostysky.com\/#website","url":"https:\/\/www.ghostysky.com\/","name":"Ghostysky","description":"Fornecendo drones e servi\u00e7os profissionais","publisher":{"@id":"https:\/\/www.ghostysky.com\/#organization"},"potentialAction":[{"@type":"SearchAction","target":{"@type":"EntryPoint","urlTemplate":"https:\/\/www.ghostysky.com\/?s={search_term_string}"},"query-input":{"@type":"PropertyValueSpecification","valueRequired":true,"valueName":"search_term_string"}}],"inLanguage":"pt-PT"},{"@type":"Organization","@id":"https:\/\/www.ghostysky.com\/#organization","name":"Ghostysky","url":"https:\/\/www.ghostysky.com\/","logo":{"@type":"ImageObject","inLanguage":"pt-PT","@id":"https:\/\/www.ghostysky.com\/#\/schema\/logo\/image\/","url":"https:\/\/www.ghostysky.com\/wp-content\/uploads\/2020\/06\/cropped-ghostyskylogo_text_white2.png","contentUrl":"https:\/\/www.ghostysky.com\/wp-content\/uploads\/2020\/06\/cropped-ghostyskylogo_text_white2.png","width":169,"height":56,"caption":"Ghostysky"},"image":{"@id":"https:\/\/www.ghostysky.com\/#\/schema\/logo\/image\/"},"sameAs":["https:\/\/www.facebook.com\/people\/Ghostysky\/100057676170234\/","https:\/\/x.com\/Gh0stysky","https:\/\/www.linkedin.com\/company\/34739653","https:\/\/www.instagram.com\/gh0stysky"]}]}},"_links":{"self":[{"href":"https:\/\/www.ghostysky.com\/pt\/wp-json\/wp\/v2\/product\/23680","targetHints":{"allow":["GET"]}}],"collection":[{"href":"https:\/\/www.ghostysky.com\/pt\/wp-json\/wp\/v2\/product"}],"about":[{"href":"https:\/\/www.ghostysky.com\/pt\/wp-json\/wp\/v2\/types\/product"}],"replies":[{"embeddable":true,"href":"https:\/\/www.ghostysky.com\/pt\/wp-json\/wp\/v2\/comments?post=23680"}],"wp:featuredmedia":[{"embeddable":true,"href":"https:\/\/www.ghostysky.com\/pt\/wp-json\/wp\/v2\/media\/23676"}],"wp:attachment":[{"href":"https:\/\/www.ghostysky.com\/pt\/wp-json\/wp\/v2\/media?parent=23680"}],"wp:term":[{"taxonomy":"product_brand","embeddable":true,"href":"https:\/\/www.ghostysky.com\/pt\/wp-json\/wp\/v2\/product_brand?post=23680"},{"taxonomy":"product_cat","embeddable":true,"href":"https:\/\/www.ghostysky.com\/pt\/wp-json\/wp\/v2\/product_cat?post=23680"},{"taxonomy":"product_tag","embeddable":true,"href":"https:\/\/www.ghostysky.com\/pt\/wp-json\/wp\/v2\/product_tag?post=23680"}],"curies":[{"name":"wp","href":"https:\/\/api.w.org\/{rel}","templated":true}]}}