{"id":23681,"date":"2026-01-11T09:13:26","date_gmt":"2026-01-11T09:13:26","guid":{"rendered":"https:\/\/www.ghostysky.com\/?post_type=product&#038;p=23681"},"modified":"2026-01-11T09:26:10","modified_gmt":"2026-01-11T09:26:10","slug":"unitree-go2-enterprise-u6","status":"publish","type":"product","link":"https:\/\/www.ghostysky.com\/pt\/product\/unitree-go2-enterprise-u6\/","title":{"rendered":"Unitree Go2 Enterprise (U6)"},"content":{"rendered":"<h4 data-path-to-node=\"3\">Principais caracter\u00edsticas especializadas (variante U6)<\/h4>\n<p data-path-to-node=\"4\">Embora o Go2 padr\u00e3o seja um c\u00e3o rob\u00f4 \u00e1gil, o <b data-path-to-node=\"4\" data-index-in-node=\"50\">Configura\u00e7\u00e3o U6<\/b> Adiciona hardware espec\u00edfico para seguran\u00e7a industrial:<\/p>\n<ul data-path-to-node=\"5\">\n<li>\n<p data-path-to-node=\"5,0,0\"><b data-path-to-node=\"5,0,0\" data-index-in-node=\"0\">Detec\u00e7\u00e3o integrada de g\u00e1s:<\/b> Monitoramento em tempo real de gases perigosos, incluindo:<\/p>\n<ul data-path-to-node=\"5,0,1\">\n<li>\n<p data-path-to-node=\"5,0,1,0,0\"><b data-path-to-node=\"5,0,1,0,0\" data-index-in-node=\"0\">Oxig\u00eanio (<span class=\"math-inline\" data-math=\"O_{2}\" data-index-in-node=\"8\">O2<\/span>):<\/b> Intervalo 0\u201330%.<\/p>\n<\/li>\n<li>\n<p data-path-to-node=\"5,0,1,1,0\"><b data-path-to-node=\"5,0,1,1,0\" data-index-in-node=\"0\">Mon\u00f3xido de carbono (CO):<\/b> 0\u20131000 ppm.<\/p>\n<\/li>\n<li>\n<p data-path-to-node=\"5,0,1,2,0\"><b data-path-to-node=\"5,0,1,2,0\" data-index-in-node=\"0\">Gases explosivos\/t\u00f3xicos:<\/b><span class=\"citation-622 citation-end-622\"> Detec\u00e7\u00e3o para <span style=\"font-size: 13.3333px;\">CH4<\/span><\/span><span class=\"citation-621 citation-end-621\">, <span style=\"font-size: 13.3333px;\">H2S<\/span><\/span><span class=\"citation-620 citation-end-620\">e benzeno (dependendo da configura\u00e7\u00e3o).<\/span><\/p>\n<\/li>\n<\/ul>\n<\/li>\n<li>\n<p data-path-to-node=\"5,1,0\"><b data-path-to-node=\"5,1,0\" data-index-in-node=\"0\">Monitoramento Ambiental:<\/b><span class=\"citation-619 citation-end-619\"> Sensores de alta precis\u00e3o para temperatura (<span style=\"font-size: 13.3333px;\">40\u00ba<\/span><\/span><span class=\"citation-618 citation-end-618\">\u00a0para <span style=\"font-size: 13.3333px;\">70\u00ba<\/span><\/span><span class=\"citation-617 citation-end-617\">) e umidade (0\u2013100%).<\/span><\/p>\n<\/li>\n<li>\n<p data-path-to-node=\"5,2,0\"><b data-path-to-node=\"5,2,0\" data-index-in-node=\"0\"><span class=\"citation-616\">Transmiss\u00e3o HD de canal duplo:<\/span><\/b><span class=\"citation-616 citation-end-616\"> V\u00eddeo de alta defini\u00e7\u00e3o 1080P com lat\u00eancia ultrabaixa (~180ms) para pilotagem remota em estruturas complexas.<\/span><\/p>\n<\/li>\n<li>\n<p data-path-to-node=\"5,3,0\"><b data-path-to-node=\"5,3,0\" data-index-in-node=\"0\"><span class=\"citation-615\">Comunica\u00e7\u00e3o profissional:<\/span><\/b><span class=\"citation-615 citation-end-615\"> Inclui um controle remoto de duas m\u00e3os com tela integrada, utilizando telemetria de 5,8 GHz para controle principal e 4G (eSIM) para conectividade de longo alcance de reserva.<\/span><\/p>\n<\/li>\n<\/ul>\n<h4 data-path-to-node=\"7\">Desempenho e Mobilidade<\/h4>\n<p data-path-to-node=\"8\">O Go2 Ent U6 \u00e9 constru\u00eddo sobre a robusta plataforma Go2, que apresenta:<\/p>\n<ul data-path-to-node=\"9\">\n<li>\n<p data-path-to-node=\"9,0,0\"><b data-path-to-node=\"9,0,0\" data-index-in-node=\"0\"><span class=\"citation-614\">4D LiDAR L1:<\/span><\/b><span class=\"citation-614 citation-end-614\"> Um sensor hemisf\u00e9rico de 360\u00b0 x 90\u00b0 desenvolvido internamente que proporciona consci\u00eancia de todo o terreno e elimina a maioria dos pontos cegos.<\/span><\/p>\n<\/li>\n<li>\n<p data-path-to-node=\"9,1,0\"><b data-path-to-node=\"9,1,0\" data-index-in-node=\"0\"><span class=\"citation-613\">Locomo\u00e7\u00e3o \u00e1gil:<\/span><\/b><span class=\"citation-613\"> Capaz de atingir velocidades de at\u00e9 <\/span><b data-path-to-node=\"9,1,0\" data-index-in-node=\"42\"><span class=\"citation-613\">5 m\/s<\/span><\/b><span class=\"citation-613\"> e subindo encostas at\u00e9 <\/span><b data-path-to-node=\"9,1,0\" data-index-in-node=\"74\"><span class=\"citation-613\">40\u00b0<\/span><\/b><span class=\"citation-613 citation-end-613\">.<\/span>\u00a0<span class=\"citation-612\">Ele pode superar obst\u00e1culos\/degraus de at\u00e9 <\/span><b data-path-to-node=\"9,1,0\" data-index-in-node=\"115\"><span class=\"citation-612\">16 cm<\/span><\/b><span class=\"citation-612 citation-end-612\">.<\/span><\/p>\n<\/li>\n<li>\n<p data-path-to-node=\"9,2,0\"><b data-path-to-node=\"9,2,0\" data-index-in-node=\"0\"><span class=\"citation-611\">Juntas de alto torque:<\/span><\/b><span class=\"citation-611\"> Torque m\u00e1ximo de <\/span><b data-path-to-node=\"9,2,0\" data-index-in-node=\"35\"><span class=\"citation-611\">45 N\u00b7m<\/span><\/b><span class=\"citation-611 citation-end-611\">, permitindo manobras complexas como corrida no &quot;Modo F\u00faria&quot;, saltos e a capacidade de se endireitar caso capote.<\/span><\/p>\n<\/li>\n<li>\n<p data-path-to-node=\"9,3,0\"><b data-path-to-node=\"9,3,0\" data-index-in-node=\"0\"><span class=\"citation-610\">Resist\u00eancia estendida:<\/span><\/b><span class=\"citation-610\"> Equipado com um <\/span><b data-path-to-node=\"9,3,0\" data-index-in-node=\"36\"><span class=\"citation-610\">15.000 mAh<\/span><\/b><span class=\"citation-610\"> bateria de longa dura\u00e7\u00e3o <\/span><b data-path-to-node=\"9,3,0\" data-index-in-node=\"75\"><span class=\"citation-610\">2\u20134 horas<\/span><\/b><span class=\"citation-610 citation-end-610\"> de opera\u00e7\u00e3o.<\/span><\/p>\n<p>&nbsp;<\/li>\n<\/ul>\n<h4 data-path-to-node=\"11\">Especifica\u00e7\u00f5es t\u00e9cnicas<\/h4>\n<table data-path-to-node=\"12\">\n<thead>\n<tr>\n<td><strong>Categoria<\/strong><\/td>\n<td><strong>Detalhes<\/strong><\/td>\n<\/tr>\n<\/thead>\n<tbody>\n<tr>\n<td><span data-path-to-node=\"12,1,0,0\"><b data-path-to-node=\"12,1,0,0\" data-index-in-node=\"0\">Peso<\/b><\/span><\/td>\n<td><span data-path-to-node=\"12,1,1,0\">Aproximadamente 15 kg (com bateria)<\/span><\/td>\n<\/tr>\n<tr>\n<td><span data-path-to-node=\"12,2,0,0\"><b data-path-to-node=\"12,2,0,0\" data-index-in-node=\"0\">Dimens\u00f5es<\/b><\/span><\/td>\n<td><span data-path-to-node=\"12,2,1,0\">70 x 31 x 40 cm (em p\u00e9)<\/span><\/td>\n<\/tr>\n<tr>\n<td><span data-path-to-node=\"12,3,0,0\"><b data-path-to-node=\"12,3,0,0\" data-index-in-node=\"0\">Capacidade de carga \u00fatil<\/b><\/span><\/td>\n<td><span data-path-to-node=\"12,3,1,0\">~8 kg (Padr\u00e3o) \/ at\u00e9 12 kg (M\u00e1x.)<\/span><\/td>\n<\/tr>\n<tr>\n<td><span data-path-to-node=\"12,4,0,0\"><b data-path-to-node=\"12,4,0,0\" data-index-in-node=\"0\">Sensores<\/b><\/span><\/td>\n<td><span data-path-to-node=\"12,4,1,0\">LiDAR 4D, c\u00e2mera grande angular HD, sensores de for\u00e7a nos p\u00e9s<\/span><\/td>\n<\/tr>\n<tr>\n<td><span data-path-to-node=\"12,5,0,0\"><b data-path-to-node=\"12,5,0,0\" data-index-in-node=\"0\">Prote\u00e7\u00e3o<\/b><\/span><\/td>\n<td><span data-path-to-node=\"12,5,1,0\">Resfriadores internos de tubos de calor para motores conjuntos<\/span><\/td>\n<\/tr>\n<tr>\n<td><span data-path-to-node=\"12,6,0,0\"><b data-path-to-node=\"12,6,0,0\" data-index-in-node=\"0\">Capacidades de IA<\/b><\/span><\/td>\n<td><span data-path-to-node=\"12,6,1,0\">Intera\u00e7\u00e3o habilitada por GPT e ISS 2.0 (Seguimento Lateral Inteligente)<\/span><\/td>\n<\/tr>\n<\/tbody>\n<\/table>\n<p>&nbsp;<\/p>\n<h4 data-path-to-node=\"14\">Casos de uso ideais<\/h4>\n<ul data-path-to-node=\"15\">\n<li>\n<p data-path-to-node=\"15,0,0\"><b data-path-to-node=\"15,0,0\" data-index-in-node=\"0\"><span class=\"citation-609\">Busca e Resgate:<\/span><\/b><span class=\"citation-609 citation-end-609\"> Explorar destro\u00e7os ou ru\u00ednas onde possam existir vazamentos de g\u00e1s ou baixos n\u00edveis de oxig\u00eanio.<\/span><\/p>\n<\/li>\n<li>\n<p data-path-to-node=\"15,1,0\"><b data-path-to-node=\"15,1,0\" data-index-in-node=\"0\"><span class=\"citation-608\">Inspe\u00e7\u00e3o Industrial:<\/span><\/b><span class=\"citation-608 citation-end-608\"> Monitoramento de f\u00e1bricas qu\u00edmicas, refinarias ou t\u00faneis para detec\u00e7\u00e3o de riscos ambientais.<\/span><\/p>\n<\/li>\n<li>\n<p data-path-to-node=\"15,2,0\"><b data-path-to-node=\"15,2,0\" data-index-in-node=\"0\"><span class=\"citation-607\">Seguran\u00e7a P\u00fablica:<\/span><\/b><span class=\"citation-607 citation-end-607\"> Patrulhamento e investiga\u00e7\u00e3o em \u00e1reas onde a entrada de pessoas representa risco.<\/span><\/p>\n<\/li>\n<\/ul>","protected":false},"excerpt":{"rendered":"<p data-path-to-node=\"0\">O <b data-path-to-node=\"0\" data-index-in-node=\"4\">Unitree Go2 Enterprise (Ent) U6<\/b> \u00e9 um rob\u00f4 quadr\u00fapede especializado de n\u00edvel industrial, projetado para ambientes de alto risco, com foco espec\u00edfico em <b data-path-to-node=\"0\" data-index-in-node=\"148\">resposta a emerg\u00eancias, aplica\u00e7\u00e3o da lei e monitoramento ambiental.<\/b>.<\/p>\n<p data-path-to-node=\"1\">Como parte da linha \u201cEnterprise\u201d, a variante U6 se diferencia dos modelos para consumidores (Air\/Pro) por integrar um conjunto abrangente de recursos. <b data-path-to-node=\"1\" data-index-in-node=\"136\">conjunto de sensores ambientais<\/b> e equipamentos de comunica\u00e7\u00e3o de n\u00edvel profissional.<\/p>","protected":false},"featured_media":23676,"comment_status":"open","ping_status":"closed","template":"","meta":[],"product_brand":[1087],"product_cat":[1039,1037,1085],"product_tag":[1088,1092,1089,1090],"class_list":{"0":"post-23681","1":"product","2":"type-product","3":"status-publish","4":"has-post-thumbnail","6":"product_brand-unitree","7":"product_cat-quadruped","8":"product_cat-robotics","9":"product_cat-unitree-quad-robots","10":"product_tag-unitree","11":"product_tag-unitree-go2-series","12":"product_tag-unitree-quadruped","13":"product_tag-unitree-quadruped-robots","15":"first","16":"onbackorder","17":"taxable","18":"shipping-taxable","19":"purchasable","20":"product-type-simple"},"yoast_head":"<!-- This site is optimized with the Yoast SEO plugin v27.4 - https:\/\/yoast.com\/product\/yoast-seo-wordpress\/ -->\n<title>Unitree Go2 Enterprise (U6) - Ghostysky<\/title>\n<meta name=\"description\" content=\"The Unitree Go2 Enterprise (Ent) U6 is a specialized industrial-grade quadruped robot designed for high-risk environments, specifically focusing on emergency response, law enforcement, and environmental monitoring.As part of the &quot;Enterprise&quot; tier, the U6 variant distinguishes itself from the consumer models (Air\/Pro) by integrating a comprehensive environmental sensing suite and professional-grade communication hardware.\" \/>\n<meta name=\"robots\" content=\"index, follow, max-snippet:-1, max-image-preview:large, max-video-preview:-1\" \/>\n<link rel=\"canonical\" href=\"https:\/\/www.ghostysky.com\/pt\/produto-2\/unitree-go2-enterprise-u6\/\" \/>\n<meta property=\"og:locale\" content=\"pt_PT\" \/>\n<meta property=\"og:type\" content=\"article\" \/>\n<meta property=\"og:title\" content=\"Unitree Go2 Enterprise (U6) - Ghostysky\" \/>\n<meta property=\"og:description\" content=\"The Unitree Go2 Enterprise (Ent) U6 is a specialized industrial-grade quadruped robot designed for high-risk environments, specifically focusing on emergency response, law enforcement, and environmental monitoring.As part of the &quot;Enterprise&quot; tier, the U6 variant distinguishes itself from the consumer models (Air\/Pro) by integrating a comprehensive environmental sensing suite and professional-grade communication hardware.\" \/>\n<meta property=\"og:url\" content=\"https:\/\/www.ghostysky.com\/pt\/produto-2\/unitree-go2-enterprise-u6\/\" \/>\n<meta property=\"og:site_name\" content=\"Ghostysky\" \/>\n<meta property=\"article:publisher\" content=\"https:\/\/www.facebook.com\/people\/Ghostysky\/100057676170234\/\" \/>\n<meta property=\"article:modified_time\" content=\"2026-01-11T09:26:10+00:00\" \/>\n<meta property=\"og:image\" content=\"https:\/\/www.ghostysky.com\/wp-content\/uploads\/2026\/01\/GH_Unitree_GO2_Ent_Ver.jpg\" \/>\n\t<meta property=\"og:image:width\" content=\"800\" \/>\n\t<meta property=\"og:image:height\" content=\"800\" \/>\n\t<meta property=\"og:image:type\" content=\"image\/jpeg\" \/>\n<meta name=\"twitter:card\" content=\"summary_large_image\" \/>\n<meta name=\"twitter:site\" content=\"@Gh0stysky\" \/>\n<meta name=\"twitter:label1\" content=\"Tempo estimado de leitura\" \/>\n\t<meta name=\"twitter:data1\" content=\"2 minutos\" \/>\n<script type=\"application\/ld+json\" class=\"yoast-schema-graph\">{\"@context\":\"https:\\\/\\\/schema.org\",\"@graph\":[{\"@type\":\"WebPage\",\"@id\":\"https:\\\/\\\/www.ghostysky.com\\\/product\\\/unitree-go2-enterprise-u6\\\/\",\"url\":\"https:\\\/\\\/www.ghostysky.com\\\/product\\\/unitree-go2-enterprise-u6\\\/\",\"name\":\"Unitree Go2 Enterprise (U6) - Ghostysky\",\"isPartOf\":{\"@id\":\"https:\\\/\\\/www.ghostysky.com\\\/#website\"},\"primaryImageOfPage\":{\"@id\":\"https:\\\/\\\/www.ghostysky.com\\\/product\\\/unitree-go2-enterprise-u6\\\/#primaryimage\"},\"image\":{\"@id\":\"https:\\\/\\\/www.ghostysky.com\\\/product\\\/unitree-go2-enterprise-u6\\\/#primaryimage\"},\"thumbnailUrl\":\"https:\\\/\\\/www.ghostysky.com\\\/wp-content\\\/uploads\\\/2026\\\/01\\\/GH_Unitree_GO2_Ent_Ver.jpg\",\"datePublished\":\"2026-01-11T09:13:26+00:00\",\"dateModified\":\"2026-01-11T09:26:10+00:00\",\"description\":\"The Unitree Go2 Enterprise (Ent) U6 is a specialized industrial-grade quadruped robot designed for high-risk environments, specifically focusing on emergency response, law enforcement, and environmental monitoring.As part of the \\\"Enterprise\\\" tier, the U6 variant distinguishes itself from the consumer models (Air\\\/Pro) by integrating a comprehensive environmental sensing suite and professional-grade communication hardware.\",\"breadcrumb\":{\"@id\":\"https:\\\/\\\/www.ghostysky.com\\\/product\\\/unitree-go2-enterprise-u6\\\/#breadcrumb\"},\"inLanguage\":\"pt-PT\",\"potentialAction\":[{\"@type\":\"ReadAction\",\"target\":[\"https:\\\/\\\/www.ghostysky.com\\\/product\\\/unitree-go2-enterprise-u6\\\/\"]}]},{\"@type\":\"ImageObject\",\"inLanguage\":\"pt-PT\",\"@id\":\"https:\\\/\\\/www.ghostysky.com\\\/product\\\/unitree-go2-enterprise-u6\\\/#primaryimage\",\"url\":\"https:\\\/\\\/www.ghostysky.com\\\/wp-content\\\/uploads\\\/2026\\\/01\\\/GH_Unitree_GO2_Ent_Ver.jpg\",\"contentUrl\":\"https:\\\/\\\/www.ghostysky.com\\\/wp-content\\\/uploads\\\/2026\\\/01\\\/GH_Unitree_GO2_Ent_Ver.jpg\",\"width\":800,\"height\":800},{\"@type\":\"BreadcrumbList\",\"@id\":\"https:\\\/\\\/www.ghostysky.com\\\/product\\\/unitree-go2-enterprise-u6\\\/#breadcrumb\",\"itemListElement\":[{\"@type\":\"ListItem\",\"position\":1,\"name\":\"Home\",\"item\":\"https:\\\/\\\/www.ghostysky.com\\\/\"},{\"@type\":\"ListItem\",\"position\":2,\"name\":\"Shop\",\"item\":\"https:\\\/\\\/www.ghostysky.com\\\/shop\\\/\"},{\"@type\":\"ListItem\",\"position\":3,\"name\":\"Unitree Go2 Enterprise (U6)\"}]},{\"@type\":\"WebSite\",\"@id\":\"https:\\\/\\\/www.ghostysky.com\\\/#website\",\"url\":\"https:\\\/\\\/www.ghostysky.com\\\/\",\"name\":\"Ghostysky\",\"description\":\"Delivering professional drones and services\",\"publisher\":{\"@id\":\"https:\\\/\\\/www.ghostysky.com\\\/#organization\"},\"potentialAction\":[{\"@type\":\"SearchAction\",\"target\":{\"@type\":\"EntryPoint\",\"urlTemplate\":\"https:\\\/\\\/www.ghostysky.com\\\/?s={search_term_string}\"},\"query-input\":{\"@type\":\"PropertyValueSpecification\",\"valueRequired\":true,\"valueName\":\"search_term_string\"}}],\"inLanguage\":\"pt-PT\"},{\"@type\":\"Organization\",\"@id\":\"https:\\\/\\\/www.ghostysky.com\\\/#organization\",\"name\":\"Ghostysky\",\"url\":\"https:\\\/\\\/www.ghostysky.com\\\/\",\"logo\":{\"@type\":\"ImageObject\",\"inLanguage\":\"pt-PT\",\"@id\":\"https:\\\/\\\/www.ghostysky.com\\\/#\\\/schema\\\/logo\\\/image\\\/\",\"url\":\"https:\\\/\\\/www.ghostysky.com\\\/wp-content\\\/uploads\\\/2020\\\/06\\\/cropped-ghostyskylogo_text_white2.png\",\"contentUrl\":\"https:\\\/\\\/www.ghostysky.com\\\/wp-content\\\/uploads\\\/2020\\\/06\\\/cropped-ghostyskylogo_text_white2.png\",\"width\":169,\"height\":56,\"caption\":\"Ghostysky\"},\"image\":{\"@id\":\"https:\\\/\\\/www.ghostysky.com\\\/#\\\/schema\\\/logo\\\/image\\\/\"},\"sameAs\":[\"https:\\\/\\\/www.facebook.com\\\/people\\\/Ghostysky\\\/100057676170234\\\/\",\"https:\\\/\\\/x.com\\\/Gh0stysky\",\"https:\\\/\\\/www.linkedin.com\\\/company\\\/34739653\",\"https:\\\/\\\/www.instagram.com\\\/gh0stysky\"]}]}<\/script>\n<!-- \/ Yoast SEO plugin. -->","yoast_head_json":{"title":"Unitree Go2 Enterprise (U6) - Ghostysky","description":"O Unitree Go2 Enterprise (Ent) U6 \u00e9 um rob\u00f4 quadr\u00fapede especializado de n\u00edvel industrial, projetado para ambientes de alto risco, com foco espec\u00edfico em resposta a emerg\u00eancias, aplica\u00e7\u00e3o da lei e monitoramento ambiental. Como parte da linha &quot;Enterprise&quot;, a variante U6 se diferencia dos modelos para consumidores (Air\/Pro) pela integra\u00e7\u00e3o de um conjunto abrangente de sensores ambientais e hardware de comunica\u00e7\u00e3o de n\u00edvel profissional.","robots":{"index":"index","follow":"follow","max-snippet":"max-snippet:-1","max-image-preview":"max-image-preview:large","max-video-preview":"max-video-preview:-1"},"canonical":"https:\/\/www.ghostysky.com\/pt\/produto-2\/unitree-go2-enterprise-u6\/","og_locale":"pt_PT","og_type":"article","og_title":"Unitree Go2 Enterprise (U6) - Ghostysky","og_description":"The Unitree Go2 Enterprise (Ent) U6 is a specialized industrial-grade quadruped robot designed for high-risk environments, specifically focusing on emergency response, law enforcement, and environmental monitoring.As part of the \"Enterprise\" tier, the U6 variant distinguishes itself from the consumer models (Air\/Pro) by integrating a comprehensive environmental sensing suite and professional-grade communication hardware.","og_url":"https:\/\/www.ghostysky.com\/pt\/produto-2\/unitree-go2-enterprise-u6\/","og_site_name":"Ghostysky","article_publisher":"https:\/\/www.facebook.com\/people\/Ghostysky\/100057676170234\/","article_modified_time":"2026-01-11T09:26:10+00:00","og_image":[{"width":800,"height":800,"url":"https:\/\/www.ghostysky.com\/wp-content\/uploads\/2026\/01\/GH_Unitree_GO2_Ent_Ver.jpg","type":"image\/jpeg"}],"twitter_card":"summary_large_image","twitter_site":"@Gh0stysky","twitter_misc":{"Tempo estimado de leitura":"2 minutos"},"schema":{"@context":"https:\/\/schema.org","@graph":[{"@type":"WebPage","@id":"https:\/\/www.ghostysky.com\/product\/unitree-go2-enterprise-u6\/","url":"https:\/\/www.ghostysky.com\/product\/unitree-go2-enterprise-u6\/","name":"Unitree Go2 Enterprise (U6) - Ghostysky","isPartOf":{"@id":"https:\/\/www.ghostysky.com\/#website"},"primaryImageOfPage":{"@id":"https:\/\/www.ghostysky.com\/product\/unitree-go2-enterprise-u6\/#primaryimage"},"image":{"@id":"https:\/\/www.ghostysky.com\/product\/unitree-go2-enterprise-u6\/#primaryimage"},"thumbnailUrl":"https:\/\/www.ghostysky.com\/wp-content\/uploads\/2026\/01\/GH_Unitree_GO2_Ent_Ver.jpg","datePublished":"2026-01-11T09:13:26+00:00","dateModified":"2026-01-11T09:26:10+00:00","description":"O Unitree Go2 Enterprise (Ent) U6 \u00e9 um rob\u00f4 quadr\u00fapede especializado de n\u00edvel industrial, projetado para ambientes de alto risco, com foco espec\u00edfico em resposta a emerg\u00eancias, aplica\u00e7\u00e3o da lei e monitoramento ambiental. Como parte da linha &quot;Enterprise&quot;, a variante U6 se diferencia dos modelos para consumidores (Air\/Pro) pela integra\u00e7\u00e3o de um conjunto abrangente de sensores ambientais e hardware de comunica\u00e7\u00e3o de n\u00edvel profissional.","breadcrumb":{"@id":"https:\/\/www.ghostysky.com\/product\/unitree-go2-enterprise-u6\/#breadcrumb"},"inLanguage":"pt-PT","potentialAction":[{"@type":"ReadAction","target":["https:\/\/www.ghostysky.com\/product\/unitree-go2-enterprise-u6\/"]}]},{"@type":"ImageObject","inLanguage":"pt-PT","@id":"https:\/\/www.ghostysky.com\/product\/unitree-go2-enterprise-u6\/#primaryimage","url":"https:\/\/www.ghostysky.com\/wp-content\/uploads\/2026\/01\/GH_Unitree_GO2_Ent_Ver.jpg","contentUrl":"https:\/\/www.ghostysky.com\/wp-content\/uploads\/2026\/01\/GH_Unitree_GO2_Ent_Ver.jpg","width":800,"height":800},{"@type":"BreadcrumbList","@id":"https:\/\/www.ghostysky.com\/product\/unitree-go2-enterprise-u6\/#breadcrumb","itemListElement":[{"@type":"ListItem","position":1,"name":"Home","item":"https:\/\/www.ghostysky.com\/"},{"@type":"ListItem","position":2,"name":"Shop","item":"https:\/\/www.ghostysky.com\/shop\/"},{"@type":"ListItem","position":3,"name":"Unitree Go2 Enterprise (U6)"}]},{"@type":"WebSite","@id":"https:\/\/www.ghostysky.com\/#website","url":"https:\/\/www.ghostysky.com\/","name":"Ghostysky","description":"Fornecendo drones e servi\u00e7os profissionais","publisher":{"@id":"https:\/\/www.ghostysky.com\/#organization"},"potentialAction":[{"@type":"SearchAction","target":{"@type":"EntryPoint","urlTemplate":"https:\/\/www.ghostysky.com\/?s={search_term_string}"},"query-input":{"@type":"PropertyValueSpecification","valueRequired":true,"valueName":"search_term_string"}}],"inLanguage":"pt-PT"},{"@type":"Organization","@id":"https:\/\/www.ghostysky.com\/#organization","name":"Ghostysky","url":"https:\/\/www.ghostysky.com\/","logo":{"@type":"ImageObject","inLanguage":"pt-PT","@id":"https:\/\/www.ghostysky.com\/#\/schema\/logo\/image\/","url":"https:\/\/www.ghostysky.com\/wp-content\/uploads\/2020\/06\/cropped-ghostyskylogo_text_white2.png","contentUrl":"https:\/\/www.ghostysky.com\/wp-content\/uploads\/2020\/06\/cropped-ghostyskylogo_text_white2.png","width":169,"height":56,"caption":"Ghostysky"},"image":{"@id":"https:\/\/www.ghostysky.com\/#\/schema\/logo\/image\/"},"sameAs":["https:\/\/www.facebook.com\/people\/Ghostysky\/100057676170234\/","https:\/\/x.com\/Gh0stysky","https:\/\/www.linkedin.com\/company\/34739653","https:\/\/www.instagram.com\/gh0stysky"]}]}},"_links":{"self":[{"href":"https:\/\/www.ghostysky.com\/pt\/wp-json\/wp\/v2\/product\/23681","targetHints":{"allow":["GET"]}}],"collection":[{"href":"https:\/\/www.ghostysky.com\/pt\/wp-json\/wp\/v2\/product"}],"about":[{"href":"https:\/\/www.ghostysky.com\/pt\/wp-json\/wp\/v2\/types\/product"}],"replies":[{"embeddable":true,"href":"https:\/\/www.ghostysky.com\/pt\/wp-json\/wp\/v2\/comments?post=23681"}],"version-history":[{"count":0,"href":"https:\/\/www.ghostysky.com\/pt\/wp-json\/wp\/v2\/product\/23681\/revisions"}],"wp:featuredmedia":[{"embeddable":true,"href":"https:\/\/www.ghostysky.com\/pt\/wp-json\/wp\/v2\/media\/23676"}],"wp:attachment":[{"href":"https:\/\/www.ghostysky.com\/pt\/wp-json\/wp\/v2\/media?parent=23681"}],"wp:term":[{"taxonomy":"product_brand","embeddable":true,"href":"https:\/\/www.ghostysky.com\/pt\/wp-json\/wp\/v2\/product_brand?post=23681"},{"taxonomy":"product_cat","embeddable":true,"href":"https:\/\/www.ghostysky.com\/pt\/wp-json\/wp\/v2\/product_cat?post=23681"},{"taxonomy":"product_tag","embeddable":true,"href":"https:\/\/www.ghostysky.com\/pt\/wp-json\/wp\/v2\/product_tag?post=23681"}],"curies":[{"name":"wp","href":"https:\/\/api.w.org\/{rel}","templated":true}]}}