{"id":23685,"date":"2026-01-11T09:40:16","date_gmt":"2026-01-11T09:40:16","guid":{"rendered":"https:\/\/www.ghostysky.com\/?post_type=product&#038;p=23685"},"modified":"2026-01-11T09:53:10","modified_gmt":"2026-01-11T09:53:10","slug":"unitree-g1d","status":"publish","type":"product","link":"https:\/\/www.ghostysky.com\/pt\/product\/unitree-g1d\/","title":{"rendered":"Unitree G1D"},"content":{"rendered":"<h4 data-path-to-node=\"3\">Principais recursos e especifica\u00e7\u00f5es<\/h4>\n<table data-path-to-node=\"4\">\n<thead>\n<tr>\n<td><strong>Recurso<\/strong><\/td>\n<td><strong>Especifica\u00e7\u00f5es<\/strong><\/td>\n<\/tr>\n<\/thead>\n<tbody>\n<tr>\n<td><span data-path-to-node=\"4,1,0,0\"><b data-path-to-node=\"4,1,0,0\" data-index-in-node=\"0\">Mobilidade<\/b><\/span><\/td>\n<td><span data-path-to-node=\"4,1,1,0\">Base com rodas (tra\u00e7\u00e3o diferencial)<\/span><\/td>\n<\/tr>\n<tr>\n<td><span data-path-to-node=\"4,2,0,0\"><b data-path-to-node=\"4,2,0,0\" data-index-in-node=\"0\">Faixa de altura<\/b><\/span><\/td>\n<td><span data-path-to-node=\"4,2,1,0\">Ajust\u00e1vel a partir de <b data-path-to-node=\"4,2,1,0\" data-index-in-node=\"16\">1260 mm a 1680 mm<\/b><\/span><\/td>\n<\/tr>\n<tr>\n<td><span data-path-to-node=\"4,3,0,0\"><b data-path-to-node=\"4,3,0,0\" data-index-in-node=\"0\">Velocidade m\u00e1xima<\/b><\/span><\/td>\n<td><span data-path-to-node=\"4,3,1,0\"><b data-path-to-node=\"4,3,1,0\" data-index-in-node=\"0\">1,5 m\/s<\/b> (Vers\u00e3o principal)<\/span><\/td>\n<\/tr>\n<tr>\n<td><span data-path-to-node=\"4,4,0,0\"><b data-path-to-node=\"4,4,0,0\" data-index-in-node=\"0\">Graus de Liberdade<\/b><\/span><\/td>\n<td><span data-path-to-node=\"4,4,1,0\">17 (Padr\u00e3o) a 19 (Carro-chefe), excluindo os atuadores finais.<\/span><\/td>\n<\/tr>\n<tr>\n<td><span data-path-to-node=\"4,5,0,0\"><b data-path-to-node=\"4,5,0,0\" data-index-in-node=\"0\">Computa\u00e7\u00e3o de IA<\/b><\/span><\/td>\n<td><span data-path-to-node=\"4,5,1,0\"><b data-path-to-node=\"4,5,1,0\" data-index-in-node=\"0\">NVIDIA Jetson Orin NX<\/b> (at\u00e9 100 TOPs)<\/span><\/td>\n<\/tr>\n<tr>\n<td><span data-path-to-node=\"4,6,0,0\"><b data-path-to-node=\"4,6,0,0\" data-index-in-node=\"0\">Carga \u00fatil<\/b><\/span><\/td>\n<td><span data-path-to-node=\"4,6,1,0\">Aprox. <b data-path-to-node=\"4,6,1,0\" data-index-in-node=\"8\">3 kg por bra\u00e7o<\/b><\/span><\/td>\n<\/tr>\n<tr>\n<td><span data-path-to-node=\"4,7,0,0\"><b data-path-to-node=\"4,7,0,0\" data-index-in-node=\"0\">Dura\u00e7\u00e3o da bateria<\/b><\/span><\/td>\n<td><span data-path-to-node=\"4,7,1,0\">At\u00e9 <b data-path-to-node=\"4,7,1,0\" data-index-in-node=\"6\">6 horas<\/b> (Vers\u00e3o principal)<\/span><\/td>\n<\/tr>\n<\/tbody>\n<\/table>\n<h4 data-path-to-node=\"5\">1. Design Modular H\u00edbrido<\/h4>\n<p data-path-to-node=\"6\"><span class=\"citation-665 citation-end-665\">O G1-D possui uma parte superior com altura ajust\u00e1vel, permitindo sua adapta\u00e7\u00e3o a diversos ambientes de trabalho \u2014 desde a triagem em n\u00edveis baixos at\u00e9 inspe\u00e7\u00f5es em prateleiras altas.<sup class=\"superscript\" data-turn-source-index=\"4\">4<\/sup><\/span> <span class=\"citation-664 citation-end-664\">Sua base com rodas proporciona estabilidade e autonomia superiores em compara\u00e7\u00e3o com modelos b\u00edpedes, tornando-a ideal para tarefas de longa dura\u00e7\u00e3o em armaz\u00e9ns ou laborat\u00f3rios.<\/span><\/p>\n<h4 data-path-to-node=\"7\">2. Manipula\u00e7\u00e3o Avan\u00e7ada<\/h4>\n<p data-path-to-node=\"8\">O rob\u00f4 \u00e9 compat\u00edvel com a gama de m\u00e3os rob\u00f3ticas da Unitree, incluindo:<\/p>\n<ul data-path-to-node=\"9\">\n<li>\n<p data-path-to-node=\"9,0,0\"><b data-path-to-node=\"9,0,0\" data-index-in-node=\"0\">Dex3-1:<\/b><span class=\"citation-663 citation-end-663\"> M\u00e3o de tr\u00eas dedos com controle h\u00edbrido de for\u00e7a e posi\u00e7\u00e3o.<\/span><\/p>\n<\/li>\n<li>\n<p data-path-to-node=\"9,1,0\"><b data-path-to-node=\"9,1,0\" data-index-in-node=\"0\"><span class=\"citation-662\">Sensores t\u00e1teis:<\/span><\/b><span class=\"citation-662 citation-end-662\"> Matrizes opcionais para manipula\u00e7\u00e3o delicada de objetos.<\/span><\/p>\n<\/li>\n<li>\n<p data-path-to-node=\"9,2,0\"><b data-path-to-node=\"9,2,0\" data-index-in-node=\"0\"><span class=\"citation-661\">M\u00e3os com cinco dedos:<\/span><\/b><span class=\"citation-661 citation-end-661\"> Para imita\u00e7\u00e3o humana de alta fidelidade.<\/span><\/p>\n<\/li>\n<\/ul>\n<h4 data-path-to-node=\"10\">3. Ecossistema \u201cEntrada de dados, sa\u00edda de modelos\u201d<\/h4>\n<p data-path-to-node=\"11\"><span class=\"citation-660 citation-end-660\">O G1-D n\u00e3o \u00e9 apenas um rob\u00f4; \u00e9 uma plataforma de desenvolvimento.<sup class=\"superscript\" data-turn-source-index=\"9\">9<\/sup><\/span> Inclui um pacote completo de software para:<\/p>\n<ul data-path-to-node=\"12\">\n<li>\n<p data-path-to-node=\"12,0,0\"><b data-path-to-node=\"12,0,0\" data-index-in-node=\"0\">Captura da Percep\u00e7\u00e3o:<\/b><span class=\"citation-659 citation-end-659\"> C\u00e2meras binoculares de alta defini\u00e7\u00e3o acopladas \u00e0 cabe\u00e7a e c\u00e2meras montadas no pulso.<\/span><\/p>\n<\/li>\n<li>\n<p data-path-to-node=\"12,1,0\"><b data-path-to-node=\"12,1,0\" data-index-in-node=\"0\">Treinamento Distribu\u00eddo:<\/b><span class=\"citation-658 citation-end-658\"> Suporte para frameworks de c\u00f3digo aberto como GROOT e PI.<\/span><\/p>\n<\/li>\n<li>\n<p data-path-to-node=\"12,2,0\"><b data-path-to-node=\"12,2,0\" data-index-in-node=\"0\">Implanta\u00e7\u00e3o perfeita:<\/b><span class=\"citation-657 citation-end-657\"> Ferramentas para exportar modelos treinados diretamente para o rob\u00f4 para infer\u00eancia no mundo real.<\/span><\/p>\n<\/li>\n<\/ul>\n<h4 data-path-to-node=\"13\">4. Consci\u00eancia Ambiental<\/h4>\n<p data-path-to-node=\"14\"><span class=\"citation-656\">Equipado com um <\/span><b data-path-to-node=\"14\" data-index-in-node=\"16\"><span class=\"citation-656\">3D LiDAR (Livox MID-360)<\/span><\/b><span class=\"citation-656\"> e <\/span><b data-path-to-node=\"14\" data-index-in-node=\"45\"><span class=\"citation-656\">c\u00e2meras de profundidade<\/span><\/b><span class=\"citation-656 citation-end-656\">O G1-D mant\u00e9m uma vis\u00e3o de 360\u00b0 do ambiente, permitindo-lhe navegar em espa\u00e7os complexos e din\u00e2micos, evitando obst\u00e1culos de forma aut\u00f4noma.<\/span><\/p>\n<p>&nbsp;<\/p>\n<h4 data-path-to-node=\"16\">Ideal para:<\/h4>\n<ul data-path-to-node=\"17\">\n<li>\n<p data-path-to-node=\"17,0,0\"><b data-path-to-node=\"17,0,0\" data-index-in-node=\"0\">Pesquisa e Desenvolvimento Industrial:<\/b> Testando fluxos de trabalho automatizados sem os riscos de instabilidade de um rob\u00f4 ambulante.<\/p>\n<\/li>\n<li>\n<p data-path-to-node=\"17,1,0\"><b data-path-to-node=\"17,1,0\" data-index-in-node=\"0\"><span class=\"citation-655\">Coleta de dados de IA:<\/span><\/b><span class=\"citation-655 citation-end-655\"> Coletar conjuntos de dados em larga escala para aprendizado por imita\u00e7\u00e3o e refor\u00e7o.<\/span><\/p>\n<\/li>\n<li>\n<p data-path-to-node=\"17,2,0\"><b data-path-to-node=\"17,2,0\" data-index-in-node=\"0\"><span class=\"citation-654 interactive-span-hovered\">Servi\u00e7os e Varejo:<\/span><\/b><span class=\"citation-654 citation-end-654 interactive-span-hovered\"> Interagir com os clientes e circular pelos espa\u00e7os comerciais de forma eficiente.<\/span><\/p>\n<\/li>\n<\/ul>","protected":false},"excerpt":{"rendered":"<p data-path-to-node=\"0\"><span class=\"citation-668\">O <\/span><b data-path-to-node=\"0\" data-index-in-node=\"4\"><span class=\"citation-668\">Unitree G1-D<\/span><\/b><span class=\"citation-668 citation-end-668\"> \u00c9 um rob\u00f4 humanoide sobre rodas inovador, projetado especificamente para coleta avan\u00e7ada de dados, treinamento de IA e implanta\u00e7\u00e3o industrial.<\/span> <span class=\"citation-667 citation-end-667\">Com lan\u00e7amento previsto para o final de 2025, ele preenche a lacuna entre a destreza humanoide tradicional e a efici\u00eancia de alta velocidade das plataformas sobre rodas.<\/span><\/p>\n<p data-path-to-node=\"1\"><span class=\"citation-666 citation-end-666\">Diferentemente do modelo b\u00edpede padr\u00e3o G1, o modelo \u201cD\u201d funciona como um conjunto de ferramentas \u201cdados de entrada, modelo de sa\u00edda\u201d \u2014 um ecossistema completo para pesquisadores e desenvolvedores capturarem movimentos do mundo real e implantarem modelos de IA em larga escala.<\/span><\/p>","protected":false},"featured_media":23686,"comment_status":"open","ping_status":"closed","template":"","meta":[],"product_brand":[1087],"product_cat":[1038,1037,1103],"product_tag":[1088,1331,1330,1105],"class_list":{"0":"post-23685","1":"product","2":"type-product","3":"status-publish","4":"has-post-thumbnail","6":"product_brand-unitree","7":"product_cat-humanoid","8":"product_cat-robotics","9":"product_cat-unitree-hum-robots","10":"product_tag-unitree","11":"product_tag-unitree-g1d-robots","12":"product_tag-unitree-g1d-series","13":"product_tag-unitree-humanoid","15":"first","16":"onbackorder","17":"taxable","18":"shipping-taxable","19":"purchasable","20":"product-type-simple"},"yoast_head":"<!-- This site is optimized with the Yoast SEO plugin v27.1.1 - https:\/\/yoast.com\/product\/yoast-seo-wordpress\/ -->\n<title>Unitree G1D - Ghostysky<\/title>\n<meta name=\"description\" content=\"The Unitree G1-D is a groundbreaking wheeled humanoid robot designed specifically for advanced data collection, AI training, and industrial deployment. Launched in late 2025, it bridges the gap between traditional humanoid dexterity and the high-speed efficiency of wheeled platforms.Unlike the standard bipedal G1, the &quot;D&quot; model serves as a &quot;data-in, model-out&quot; toolkit\u2014a complete ecosystem for researchers and developers to capture real-world movements and deploy AI models at scale.\" \/>\n<meta name=\"robots\" content=\"index, follow, max-snippet:-1, max-image-preview:large, max-video-preview:-1\" \/>\n<link rel=\"canonical\" href=\"https:\/\/www.ghostysky.com\/pt\/produto-2\/unitree-g1d\/\" \/>\n<meta property=\"og:locale\" content=\"pt_PT\" \/>\n<meta property=\"og:type\" content=\"article\" \/>\n<meta property=\"og:title\" content=\"Unitree G1D - Ghostysky\" \/>\n<meta property=\"og:description\" content=\"The Unitree G1-D is a groundbreaking wheeled humanoid robot designed specifically for advanced data collection, AI training, and industrial deployment. Launched in late 2025, it bridges the gap between traditional humanoid dexterity and the high-speed efficiency of wheeled platforms.Unlike the standard bipedal G1, the &quot;D&quot; model serves as a &quot;data-in, model-out&quot; toolkit\u2014a complete ecosystem for researchers and developers to capture real-world movements and deploy AI models at scale.\" \/>\n<meta property=\"og:url\" content=\"https:\/\/www.ghostysky.com\/pt\/produto-2\/unitree-g1d\/\" \/>\n<meta property=\"og:site_name\" content=\"Ghostysky\" \/>\n<meta property=\"article:publisher\" content=\"https:\/\/www.facebook.com\/people\/Ghostysky\/100057676170234\/\" \/>\n<meta property=\"article:modified_time\" content=\"2026-01-11T09:53:10+00:00\" \/>\n<meta property=\"og:image\" content=\"https:\/\/www.ghostysky.com\/wp-content\/uploads\/2026\/01\/GH_Unitree-g1d.png\" \/>\n\t<meta property=\"og:image:width\" content=\"576\" \/>\n\t<meta property=\"og:image:height\" content=\"476\" \/>\n\t<meta property=\"og:image:type\" content=\"image\/png\" \/>\n<meta name=\"twitter:card\" content=\"summary_large_image\" \/>\n<meta name=\"twitter:site\" content=\"@Gh0stysky\" \/>\n<meta name=\"twitter:label1\" content=\"Tempo estimado de leitura\" \/>\n\t<meta name=\"twitter:data1\" content=\"2 minutos\" \/>\n<script type=\"application\/ld+json\" class=\"yoast-schema-graph\">{\"@context\":\"https:\/\/schema.org\",\"@graph\":[{\"@type\":\"WebPage\",\"@id\":\"https:\/\/www.ghostysky.com\/product\/unitree-g1d\/\",\"url\":\"https:\/\/www.ghostysky.com\/product\/unitree-g1d\/\",\"name\":\"Unitree G1D - Ghostysky\",\"isPartOf\":{\"@id\":\"https:\/\/www.ghostysky.com\/#website\"},\"primaryImageOfPage\":{\"@id\":\"https:\/\/www.ghostysky.com\/product\/unitree-g1d\/#primaryimage\"},\"image\":{\"@id\":\"https:\/\/www.ghostysky.com\/product\/unitree-g1d\/#primaryimage\"},\"thumbnailUrl\":\"https:\/\/www.ghostysky.com\/wp-content\/uploads\/2026\/01\/GH_Unitree-g1d.png\",\"datePublished\":\"2026-01-11T09:40:16+00:00\",\"dateModified\":\"2026-01-11T09:53:10+00:00\",\"description\":\"The Unitree G1-D is a groundbreaking wheeled humanoid robot designed specifically for advanced data collection, AI training, and industrial deployment. Launched in late 2025, it bridges the gap between traditional humanoid dexterity and the high-speed efficiency of wheeled platforms.Unlike the standard bipedal G1, the \\\"D\\\" model serves as a \\\"data-in, model-out\\\" toolkit\u2014a complete ecosystem for researchers and developers to capture real-world movements and deploy AI models at scale.\",\"breadcrumb\":{\"@id\":\"https:\/\/www.ghostysky.com\/product\/unitree-g1d\/#breadcrumb\"},\"inLanguage\":\"pt-PT\",\"potentialAction\":[{\"@type\":\"ReadAction\",\"target\":[\"https:\/\/www.ghostysky.com\/product\/unitree-g1d\/\"]}]},{\"@type\":\"ImageObject\",\"inLanguage\":\"pt-PT\",\"@id\":\"https:\/\/www.ghostysky.com\/product\/unitree-g1d\/#primaryimage\",\"url\":\"https:\/\/www.ghostysky.com\/wp-content\/uploads\/2026\/01\/GH_Unitree-g1d.png\",\"contentUrl\":\"https:\/\/www.ghostysky.com\/wp-content\/uploads\/2026\/01\/GH_Unitree-g1d.png\",\"width\":576,\"height\":476},{\"@type\":\"BreadcrumbList\",\"@id\":\"https:\/\/www.ghostysky.com\/product\/unitree-g1d\/#breadcrumb\",\"itemListElement\":[{\"@type\":\"ListItem\",\"position\":1,\"name\":\"Home\",\"item\":\"https:\/\/www.ghostysky.com\/\"},{\"@type\":\"ListItem\",\"position\":2,\"name\":\"Shop\",\"item\":\"https:\/\/www.ghostysky.com\/shop\/\"},{\"@type\":\"ListItem\",\"position\":3,\"name\":\"Unitree G1D\"}]},{\"@type\":\"WebSite\",\"@id\":\"https:\/\/www.ghostysky.com\/#website\",\"url\":\"https:\/\/www.ghostysky.com\/\",\"name\":\"Ghostysky\",\"description\":\"Delivering professional drones and services\",\"publisher\":{\"@id\":\"https:\/\/www.ghostysky.com\/#organization\"},\"potentialAction\":[{\"@type\":\"SearchAction\",\"target\":{\"@type\":\"EntryPoint\",\"urlTemplate\":\"https:\/\/www.ghostysky.com\/?s={search_term_string}\"},\"query-input\":{\"@type\":\"PropertyValueSpecification\",\"valueRequired\":true,\"valueName\":\"search_term_string\"}}],\"inLanguage\":\"pt-PT\"},{\"@type\":\"Organization\",\"@id\":\"https:\/\/www.ghostysky.com\/#organization\",\"name\":\"Ghostysky\",\"url\":\"https:\/\/www.ghostysky.com\/\",\"logo\":{\"@type\":\"ImageObject\",\"inLanguage\":\"pt-PT\",\"@id\":\"https:\/\/www.ghostysky.com\/#\/schema\/logo\/image\/\",\"url\":\"https:\/\/www.ghostysky.com\/wp-content\/uploads\/2020\/06\/cropped-ghostyskylogo_text_white2.png\",\"contentUrl\":\"https:\/\/www.ghostysky.com\/wp-content\/uploads\/2020\/06\/cropped-ghostyskylogo_text_white2.png\",\"width\":169,\"height\":56,\"caption\":\"Ghostysky\"},\"image\":{\"@id\":\"https:\/\/www.ghostysky.com\/#\/schema\/logo\/image\/\"},\"sameAs\":[\"https:\/\/www.facebook.com\/people\/Ghostysky\/100057676170234\/\",\"https:\/\/x.com\/Gh0stysky\",\"https:\/\/www.linkedin.com\/company\/34739653\",\"https:\/\/www.instagram.com\/gh0stysky\"]}]}<\/script>\n<!-- \/ Yoast SEO plugin. -->","yoast_head_json":{"title":"Unitree G1D - Ghostysky","description":"O Unitree G1-D \u00e9 um rob\u00f4 humanoide sobre rodas inovador, projetado especificamente para coleta avan\u00e7ada de dados, treinamento de IA e implanta\u00e7\u00e3o industrial. Lan\u00e7ado no final de 2025, ele preenche a lacuna entre a destreza tradicional dos humanoides e a efici\u00eancia de alta velocidade das plataformas sobre rodas. Diferentemente do G1 b\u00edpede padr\u00e3o, o modelo &quot;D&quot; funciona como um conjunto de ferramentas &quot;dados de entrada, modelo de sa\u00edda&quot; \u2014 um ecossistema completo para pesquisadores e desenvolvedores capturarem movimentos do mundo real e implantarem modelos de IA em escala.","robots":{"index":"index","follow":"follow","max-snippet":"max-snippet:-1","max-image-preview":"max-image-preview:large","max-video-preview":"max-video-preview:-1"},"canonical":"https:\/\/www.ghostysky.com\/pt\/produto-2\/unitree-g1d\/","og_locale":"pt_PT","og_type":"article","og_title":"Unitree G1D - Ghostysky","og_description":"The Unitree G1-D is a groundbreaking wheeled humanoid robot designed specifically for advanced data collection, AI training, and industrial deployment. Launched in late 2025, it bridges the gap between traditional humanoid dexterity and the high-speed efficiency of wheeled platforms.Unlike the standard bipedal G1, the \"D\" model serves as a \"data-in, model-out\" toolkit\u2014a complete ecosystem for researchers and developers to capture real-world movements and deploy AI models at scale.","og_url":"https:\/\/www.ghostysky.com\/pt\/produto-2\/unitree-g1d\/","og_site_name":"Ghostysky","article_publisher":"https:\/\/www.facebook.com\/people\/Ghostysky\/100057676170234\/","article_modified_time":"2026-01-11T09:53:10+00:00","og_image":[{"width":576,"height":476,"url":"https:\/\/www.ghostysky.com\/wp-content\/uploads\/2026\/01\/GH_Unitree-g1d.png","type":"image\/png"}],"twitter_card":"summary_large_image","twitter_site":"@Gh0stysky","twitter_misc":{"Tempo estimado de leitura":"2 minutos"},"schema":{"@context":"https:\/\/schema.org","@graph":[{"@type":"WebPage","@id":"https:\/\/www.ghostysky.com\/product\/unitree-g1d\/","url":"https:\/\/www.ghostysky.com\/product\/unitree-g1d\/","name":"Unitree G1D - Ghostysky","isPartOf":{"@id":"https:\/\/www.ghostysky.com\/#website"},"primaryImageOfPage":{"@id":"https:\/\/www.ghostysky.com\/product\/unitree-g1d\/#primaryimage"},"image":{"@id":"https:\/\/www.ghostysky.com\/product\/unitree-g1d\/#primaryimage"},"thumbnailUrl":"https:\/\/www.ghostysky.com\/wp-content\/uploads\/2026\/01\/GH_Unitree-g1d.png","datePublished":"2026-01-11T09:40:16+00:00","dateModified":"2026-01-11T09:53:10+00:00","description":"O Unitree G1-D \u00e9 um rob\u00f4 humanoide sobre rodas inovador, projetado especificamente para coleta avan\u00e7ada de dados, treinamento de IA e implanta\u00e7\u00e3o industrial. Lan\u00e7ado no final de 2025, ele preenche a lacuna entre a destreza tradicional dos humanoides e a efici\u00eancia de alta velocidade das plataformas sobre rodas. Diferentemente do G1 b\u00edpede padr\u00e3o, o modelo &quot;D&quot; funciona como um conjunto de ferramentas &quot;dados de entrada, modelo de sa\u00edda&quot; \u2014 um ecossistema completo para pesquisadores e desenvolvedores capturarem movimentos do mundo real e implantarem modelos de IA em escala.","breadcrumb":{"@id":"https:\/\/www.ghostysky.com\/product\/unitree-g1d\/#breadcrumb"},"inLanguage":"pt-PT","potentialAction":[{"@type":"ReadAction","target":["https:\/\/www.ghostysky.com\/product\/unitree-g1d\/"]}]},{"@type":"ImageObject","inLanguage":"pt-PT","@id":"https:\/\/www.ghostysky.com\/product\/unitree-g1d\/#primaryimage","url":"https:\/\/www.ghostysky.com\/wp-content\/uploads\/2026\/01\/GH_Unitree-g1d.png","contentUrl":"https:\/\/www.ghostysky.com\/wp-content\/uploads\/2026\/01\/GH_Unitree-g1d.png","width":576,"height":476},{"@type":"BreadcrumbList","@id":"https:\/\/www.ghostysky.com\/product\/unitree-g1d\/#breadcrumb","itemListElement":[{"@type":"ListItem","position":1,"name":"Home","item":"https:\/\/www.ghostysky.com\/"},{"@type":"ListItem","position":2,"name":"Shop","item":"https:\/\/www.ghostysky.com\/shop\/"},{"@type":"ListItem","position":3,"name":"Unitree G1D"}]},{"@type":"WebSite","@id":"https:\/\/www.ghostysky.com\/#website","url":"https:\/\/www.ghostysky.com\/","name":"Ghostysky","description":"Fornecendo drones e servi\u00e7os profissionais","publisher":{"@id":"https:\/\/www.ghostysky.com\/#organization"},"potentialAction":[{"@type":"SearchAction","target":{"@type":"EntryPoint","urlTemplate":"https:\/\/www.ghostysky.com\/?s={search_term_string}"},"query-input":{"@type":"PropertyValueSpecification","valueRequired":true,"valueName":"search_term_string"}}],"inLanguage":"pt-PT"},{"@type":"Organization","@id":"https:\/\/www.ghostysky.com\/#organization","name":"Ghostysky","url":"https:\/\/www.ghostysky.com\/","logo":{"@type":"ImageObject","inLanguage":"pt-PT","@id":"https:\/\/www.ghostysky.com\/#\/schema\/logo\/image\/","url":"https:\/\/www.ghostysky.com\/wp-content\/uploads\/2020\/06\/cropped-ghostyskylogo_text_white2.png","contentUrl":"https:\/\/www.ghostysky.com\/wp-content\/uploads\/2020\/06\/cropped-ghostyskylogo_text_white2.png","width":169,"height":56,"caption":"Ghostysky"},"image":{"@id":"https:\/\/www.ghostysky.com\/#\/schema\/logo\/image\/"},"sameAs":["https:\/\/www.facebook.com\/people\/Ghostysky\/100057676170234\/","https:\/\/x.com\/Gh0stysky","https:\/\/www.linkedin.com\/company\/34739653","https:\/\/www.instagram.com\/gh0stysky"]}]}},"_links":{"self":[{"href":"https:\/\/www.ghostysky.com\/pt\/wp-json\/wp\/v2\/product\/23685","targetHints":{"allow":["GET"]}}],"collection":[{"href":"https:\/\/www.ghostysky.com\/pt\/wp-json\/wp\/v2\/product"}],"about":[{"href":"https:\/\/www.ghostysky.com\/pt\/wp-json\/wp\/v2\/types\/product"}],"replies":[{"embeddable":true,"href":"https:\/\/www.ghostysky.com\/pt\/wp-json\/wp\/v2\/comments?post=23685"}],"wp:featuredmedia":[{"embeddable":true,"href":"https:\/\/www.ghostysky.com\/pt\/wp-json\/wp\/v2\/media\/23686"}],"wp:attachment":[{"href":"https:\/\/www.ghostysky.com\/pt\/wp-json\/wp\/v2\/media?parent=23685"}],"wp:term":[{"taxonomy":"product_brand","embeddable":true,"href":"https:\/\/www.ghostysky.com\/pt\/wp-json\/wp\/v2\/product_brand?post=23685"},{"taxonomy":"product_cat","embeddable":true,"href":"https:\/\/www.ghostysky.com\/pt\/wp-json\/wp\/v2\/product_cat?post=23685"},{"taxonomy":"product_tag","embeddable":true,"href":"https:\/\/www.ghostysky.com\/pt\/wp-json\/wp\/v2\/product_tag?post=23685"}],"curies":[{"name":"wp","href":"https:\/\/api.w.org\/{rel}","templated":true}]}}