{"id":23702,"date":"2026-01-12T16:50:16","date_gmt":"2026-01-12T16:50:16","guid":{"rendered":"https:\/\/www.ghostysky.com\/?post_type=product&#038;p=23702"},"modified":"2026-01-12T16:59:46","modified_gmt":"2026-01-12T16:59:46","slug":"agilex-ranger-series-air-delta","status":"publish","type":"product","link":"https:\/\/www.ghostysky.com\/pt\/product\/agilex-ranger-series-air-delta\/","title":{"rendered":"S\u00e9rie AgileX Ranger (Air &amp; Delta)"},"content":{"rendered":"<h4 data-path-to-node=\"3\">1. AgileX Ranger (Plataforma Principal)<\/h4>\n<p data-path-to-node=\"4\"><span class=\"citation-29 citation-end-29\">O Ranger, carro-chefe da s\u00e9rie, \u00e9 um rob\u00f4 robusto com tra\u00e7\u00e3o e dire\u00e7\u00e3o nas quatro rodas, projetado para aplica\u00e7\u00f5es de n\u00edvel industrial.<\/span><\/p>\n<ul data-path-to-node=\"5\">\n<li>\n<p data-path-to-node=\"5,0,0\"><b data-path-to-node=\"5,0,0\" data-index-in-node=\"0\"><span class=\"citation-28\">Mobilidade:<\/span><\/b><span class=\"citation-28 citation-end-28\"> Possui dire\u00e7\u00e3o e suspens\u00e3o independentes nas 4 rodas, permitindo rota\u00e7\u00e3o de 360\u00b0 no pr\u00f3prio eixo e movimento transversal (de um lado para o outro).<\/span><\/p>\n<\/li>\n<li>\n<p data-path-to-node=\"5,1,0\"><b data-path-to-node=\"5,1,0\" data-index-in-node=\"0\"><span class=\"citation-27\">Carga \u00fatil e pot\u00eancia:<\/span><\/b><span class=\"citation-27\"> Uma pot\u00eancia capaz de transportar at\u00e9 <\/span><b data-path-to-node=\"5,1,0\" data-index-in-node=\"56\"><span class=\"citation-27\">150 kg<\/span><\/b><span class=\"citation-27 citation-end-27\">.<\/span> <span class=\"citation-26 citation-end-26\">Ele utiliza um sistema de baterias modulares substitu\u00edveis a quente para garantir opera\u00e7\u00e3o 24 horas por dia, 7 dias por semana, com tempo de inatividade m\u00ednimo.<\/span><\/p>\n<\/li>\n<li>\n<p data-path-to-node=\"5,2,0\"><b data-path-to-node=\"5,2,0\" data-index-in-node=\"0\"><span class=\"citation-25\">Durabilidade:<\/span><\/b><span class=\"citation-25\"> Classificado <\/span><b data-path-to-node=\"5,2,0\" data-index-in-node=\"18\"><span class=\"citation-25\">IP55<\/span><\/b><span class=\"citation-25 citation-end-25\">, tornando-o resistente \u00e0 poeira e \u00e0 \u00e1gua \u2014 ideal para canteiros de obras, agricultura e parques industriais.<\/span><\/p>\n<\/li>\n<li>\n<p data-path-to-node=\"5,3,0\"><b data-path-to-node=\"5,3,0\" data-index-in-node=\"0\">Ideal para:<\/b><span class=\"citation-24 citation-end-24\"> Inspe\u00e7\u00f5es de alta complexidade, distribui\u00e7\u00e3o log\u00edstica e transporte de grandes conjuntos de sensores ou bra\u00e7os rob\u00f3ticos em terrenos complexos.<\/span><\/p>\n<p>&nbsp;<\/li>\n<\/ul>\n<h4 data-path-to-node=\"7\">2. AgileX Ranger Air<\/h4>\n<p data-path-to-node=\"8\"><span class=\"citation-23\">O <\/span><b data-path-to-node=\"8\" data-index-in-node=\"4\"><span class=\"citation-23\">Ranger Air<\/span><\/b><span class=\"citation-23 citation-end-23\"> \u00c9 a vers\u00e3o compacta de 4 rodas das plataformas fundamentais de pr\u00f3xima gera\u00e7\u00e3o.<\/span> <span class=\"citation-22 citation-end-22\">Foi projetado especificamente para ser uma base &quot;pronta para humanos&quot; ou uma plataforma m\u00f3vel colaborativa.<\/span><\/p>\n<ul data-path-to-node=\"9\">\n<li>\n<p data-path-to-node=\"9,0,0\"><b data-path-to-node=\"9,0,0\" data-index-in-node=\"0\"><span class=\"citation-21\">Estrutura:<\/span><\/b><span class=\"citation-21\"> Um chassi omnidirecional de 4 rodas que enfatiza <\/span><b data-path-to-node=\"9,0,0\" data-index-in-node=\"61\"><span class=\"citation-21\">estabilidade e equil\u00edbrio<\/span><\/b><span class=\"citation-21 citation-end-21\">.<\/span><\/p>\n<\/li>\n<li>\n<p data-path-to-node=\"9,1,0\"><b data-path-to-node=\"9,1,0\" data-index-in-node=\"0\"><span class=\"citation-20\">Design compacto:<\/span><\/b><span class=\"citation-20 citation-end-20\"> Com aproximadamente 552 mm de comprimento e pesando cerca de 45 kg, \u00e9 significativamente mais port\u00e1til do que o Ranger padr\u00e3o.<\/span><\/p>\n<\/li>\n<li>\n<p data-path-to-node=\"9,2,0\"><b data-path-to-node=\"9,2,0\" data-index-in-node=\"0\"><span class=\"citation-19\">Capacidades:<\/span><\/b><span class=\"citation-19 citation-end-19\"> Oferece uma autonomia de 25 km e suporta carregamento aut\u00f4nomo opcional.<\/span><\/p>\n<\/li>\n<li>\n<p data-path-to-node=\"9,3,0\"><b data-path-to-node=\"9,3,0\" data-index-in-node=\"0\">Ideal para:<\/b><span class=\"citation-18 citation-end-18\"> Cen\u00e1rios h\u00edbridos de ambientes internos e externos, pesquisa em IA incorporada e utiliza\u00e7\u00e3o como base para rob\u00f4s humanoides ou configura\u00e7\u00f5es colaborativas com dois bra\u00e7os.<\/span><\/p>\n<p>&nbsp;<\/li>\n<\/ul>\n<h4 data-path-to-node=\"11\">3. AgileX Ranger Delta<\/h4>\n<p data-path-to-node=\"12\"><span class=\"citation-17\">O <\/span><b data-path-to-node=\"12\" data-index-in-node=\"4\"><span class=\"citation-17\">Ranger Delta<\/span><\/b><span class=\"citation-17\"> \u00e9 a variante de 3 rodas da s\u00e9rie compacta, com foco em <\/span><b data-path-to-node=\"12\" data-index-in-node=\"75\"><span class=\"citation-17\">agilidade m\u00e1xima<\/span><\/b><span class=\"citation-17 citation-end-17\"> e resposta r\u00e1pida em espa\u00e7os mais apertados.<\/span><\/p>\n<ul data-path-to-node=\"13\">\n<li>\n<p data-path-to-node=\"13,0,0\"><b data-path-to-node=\"13,0,0\" data-index-in-node=\"0\">Estrutura:<\/b> Sistema de tra\u00e7\u00e3o omnidirecional de 3 rodas. O formato triangular permite curvas mais fechadas e um raio de rota\u00e7\u00e3o menor em compara\u00e7\u00e3o com modelos de 4 rodas.<\/p>\n<\/li>\n<li>\n<p data-path-to-node=\"13,1,0\"><b data-path-to-node=\"13,1,0\" data-index-in-node=\"0\">Desempenho:<\/b> Compartilha a mesma tecnologia fundamental do Air (autonomia de 25 km, estrutura compacta de 552 mm), mas oferece um centro de gravidade e um perfil de manobrabilidade diferentes.<\/p>\n<\/li>\n<li>\n<p data-path-to-node=\"13,2,0\"><b data-path-to-node=\"13,2,0\" data-index-in-node=\"0\">Intelig\u00eancia:<\/b><span class=\"citation-16 citation-end-16\"> Constru\u00eddo com foco em &quot;Colabora\u00e7\u00e3o Inteligente&quot;, \u00e9 altamente compat\u00edvel com ROS\/ROS2 e SDKs de c\u00f3digo aberto.<\/span><\/p>\n<\/li>\n<li>\n<p data-path-to-node=\"13,3,0\"><b data-path-to-node=\"13,3,0\" data-index-in-node=\"0\">Ideal para:<\/b> Prototipagem r\u00e1pida, pesquisa em rob\u00f3tica de enxame e navega\u00e7\u00e3o em ambientes internos de alta densidade, onde o espa\u00e7o \u00e9 um recurso valioso.<\/p>\n<\/li>\n<\/ul>\n<h4 data-path-to-node=\"15\">Compara\u00e7\u00e3o em resumo<\/h4>\n<table data-path-to-node=\"16\">\n<thead>\n<tr>\n<td><strong>Recurso<\/strong><\/td>\n<td><strong>Ranger (Padr\u00e3o)<\/strong><\/td>\n<td><strong>Ranger Air<\/strong><\/td>\n<td><strong>Ranger Delta<\/strong><\/td>\n<\/tr>\n<\/thead>\n<tbody>\n<tr>\n<td><span data-path-to-node=\"16,1,0,0\"><b data-path-to-node=\"16,1,0,0\" data-index-in-node=\"0\">Rodas<\/b><\/span><\/td>\n<td><span data-path-to-node=\"16,1,1,0\">4 rodas<\/span><\/td>\n<td><span data-path-to-node=\"16,1,2,0\">4 rodas<\/span><\/td>\n<td><span data-path-to-node=\"16,1,3,0\">3 rodas<\/span><\/td>\n<\/tr>\n<tr>\n<td><span data-path-to-node=\"16,2,0,0\"><b data-path-to-node=\"16,2,0,0\" data-index-in-node=\"0\">Carga \u00fatil m\u00e1xima<\/b><\/span><\/td>\n<td><span data-path-to-node=\"16,2,1,0\">150 kg<\/span><\/td>\n<td><span data-path-to-node=\"16,2,2,0\">~50-80 kg*<\/span><\/td>\n<td><span data-path-to-node=\"16,2,3,0\">~50 kg*<\/span><\/td>\n<\/tr>\n<tr>\n<td><span data-path-to-node=\"16,3,0,0\"><b data-path-to-node=\"16,3,0,0\" data-index-in-node=\"0\">Mobilidade<\/b><\/span><\/td>\n<td><span data-path-to-node=\"16,3,1,0\">4WS \/ 4WD<\/span><\/td>\n<td><span data-path-to-node=\"16,3,2,0\">Omnidirecional<\/span><\/td>\n<td><span data-path-to-node=\"16,3,3,0\">Omnidirecional<\/span><\/td>\n<\/tr>\n<tr>\n<td><span data-path-to-node=\"16,4,0,0\"><b data-path-to-node=\"16,4,0,0\" data-index-in-node=\"0\">Ambiente prim\u00e1rio<\/b><\/span><\/td>\n<td><span data-path-to-node=\"16,4,1,0\">Industrial \/ Todo-terreno<\/span><\/td>\n<td><span data-path-to-node=\"16,4,2,0\">H\u00edbrido para ambientes internos e externos<\/span><\/td>\n<td><span data-path-to-node=\"16,4,3,0\">Espa\u00e7o interno compacto \/ h\u00edbrido<\/span><\/td>\n<\/tr>\n<tr>\n<td><span data-path-to-node=\"16,5,0,0\"><b data-path-to-node=\"16,5,0,0\" data-index-in-node=\"0\">Principal vantagem<\/b><\/span><\/td>\n<td><span data-path-to-node=\"16,5,1,0\">Alta capacidade de carga e suspens\u00e3o<\/span><\/td>\n<td><span data-path-to-node=\"16,5,2,0\">Estabilidade para kits de fortalecimento da parte superior do corpo<\/span><\/td>\n<td><span data-path-to-node=\"16,5,3,0\">Agilidade e resposta r\u00e1pida<\/span><\/td>\n<\/tr>\n<\/tbody>\n<\/table>\n<p data-path-to-node=\"17\">","protected":false},"excerpt":{"rendered":"<p data-path-to-node=\"0\"><span class=\"citation-31\">O <\/span><b data-path-to-node=\"0\" data-index-in-node=\"4\"><span class=\"citation-31\">S\u00e9rie AgileX Ranger<\/span><\/b><span class=\"citation-31 citation-end-31\"> Representa um salto sofisticado em Ve\u00edculos Terrestres N\u00e3o Tripulados (UGVs) omnidirecionais.<\/span> <span class=\"citation-30 citation-end-30\">Projetadas para unir a precis\u00e3o em ambientes internos e a robustez em ambientes externos, essas plataformas utilizam um sistema exclusivo de acionamento eletr\u00f4nico que permite movimentos multimodais, incluindo rota\u00e7\u00e3o no pr\u00f3prio eixo, marcha lateral e dire\u00e7\u00e3o Ackermann.<\/span><\/p>\n<p data-path-to-node=\"1\">A seguir, apresentamos uma descri\u00e7\u00e3o detalhada da plataforma principal do Ranger e dos dois modelos compactos e fundamentais: <b data-path-to-node=\"1\" data-index-in-node=\"91\">Ranger Air<\/b> e <b data-path-to-node=\"1\" data-index-in-node=\"106\">Ranger Delta<\/b>.<\/p>","protected":false},"featured_media":23706,"comment_status":"open","ping_status":"closed","template":"","meta":[],"product_brand":[1046],"product_cat":[1043,1044,1042,1037],"product_tag":[1047,1334,1335,1333,1052],"class_list":{"0":"post-23702","1":"product","2":"type-product","3":"status-publish","4":"has-post-thumbnail","6":"product_brand-agilex","7":"product_cat-agilex","8":"product_cat-agilex-robots","9":"product_cat-chassis","10":"product_cat-robotics","11":"product_tag-agilex","12":"product_tag-agilex-ranger-air","13":"product_tag-agilex-ranger-delta","14":"product_tag-agilex-ranger-series","15":"product_tag-agilex-robots","17":"first","18":"onbackorder","19":"taxable","20":"shipping-taxable","21":"purchasable","22":"product-type-simple"},"yoast_head":"<!-- This site is optimized with the Yoast SEO plugin v27.1.1 - https:\/\/yoast.com\/product\/yoast-seo-wordpress\/ -->\n<title>AgileX Ranger Series (Air &amp; Delta) - Ghostysky<\/title>\n<meta name=\"description\" content=\"The AgileX Ranger Series represents a sophisticated leap in omnidirectional Unmanned Ground Vehicles (UGVs). Designed to bridge the gap between indoor precision and outdoor ruggedness, these platforms utilize a unique drive-by-wire system that allows for multi-modal movement, including spinning in place, crab walking, and Ackermann steering.Below is a breakdown of the core Ranger platform and the two compact, foundational models: Ranger Air and Ranger Delta.\" \/>\n<meta name=\"robots\" content=\"index, follow, max-snippet:-1, max-image-preview:large, max-video-preview:-1\" \/>\n<link rel=\"canonical\" href=\"https:\/\/www.ghostysky.com\/pt\/produto-2\/agilex-ranger-series-air-delta\/\" \/>\n<meta property=\"og:locale\" content=\"pt_PT\" \/>\n<meta property=\"og:type\" content=\"article\" \/>\n<meta property=\"og:title\" content=\"AgileX Ranger Series (Air &amp; Delta) - Ghostysky\" \/>\n<meta property=\"og:description\" content=\"The AgileX Ranger Series represents a sophisticated leap in omnidirectional Unmanned Ground Vehicles (UGVs). Designed to bridge the gap between indoor precision and outdoor ruggedness, these platforms utilize a unique drive-by-wire system that allows for multi-modal movement, including spinning in place, crab walking, and Ackermann steering.Below is a breakdown of the core Ranger platform and the two compact, foundational models: Ranger Air and Ranger Delta.\" \/>\n<meta property=\"og:url\" content=\"https:\/\/www.ghostysky.com\/pt\/produto-2\/agilex-ranger-series-air-delta\/\" \/>\n<meta property=\"og:site_name\" content=\"Ghostysky\" \/>\n<meta property=\"article:publisher\" content=\"https:\/\/www.facebook.com\/people\/Ghostysky\/100057676170234\/\" \/>\n<meta property=\"article:modified_time\" content=\"2026-01-12T16:59:46+00:00\" \/>\n<meta property=\"og:image\" content=\"https:\/\/www.ghostysky.com\/wp-content\/uploads\/2026\/01\/GH_Agilex_Ranger_Air_Delta_1.jpg\" \/>\n\t<meta property=\"og:image:width\" content=\"1200\" \/>\n\t<meta property=\"og:image:height\" content=\"674\" \/>\n\t<meta property=\"og:image:type\" content=\"image\/jpeg\" \/>\n<meta name=\"twitter:card\" content=\"summary_large_image\" \/>\n<meta name=\"twitter:site\" content=\"@Gh0stysky\" \/>\n<meta name=\"twitter:label1\" content=\"Tempo estimado de leitura\" \/>\n\t<meta name=\"twitter:data1\" content=\"2 minutos\" \/>\n<script type=\"application\/ld+json\" class=\"yoast-schema-graph\">{\"@context\":\"https:\/\/schema.org\",\"@graph\":[{\"@type\":\"WebPage\",\"@id\":\"https:\/\/www.ghostysky.com\/product\/agilex-ranger-series-air-delta\/\",\"url\":\"https:\/\/www.ghostysky.com\/product\/agilex-ranger-series-air-delta\/\",\"name\":\"AgileX Ranger Series (Air & Delta) - Ghostysky\",\"isPartOf\":{\"@id\":\"https:\/\/www.ghostysky.com\/#website\"},\"primaryImageOfPage\":{\"@id\":\"https:\/\/www.ghostysky.com\/product\/agilex-ranger-series-air-delta\/#primaryimage\"},\"image\":{\"@id\":\"https:\/\/www.ghostysky.com\/product\/agilex-ranger-series-air-delta\/#primaryimage\"},\"thumbnailUrl\":\"https:\/\/www.ghostysky.com\/wp-content\/uploads\/2026\/01\/GH_Agilex_Ranger_Air_Delta_1.jpg\",\"datePublished\":\"2026-01-12T16:50:16+00:00\",\"dateModified\":\"2026-01-12T16:59:46+00:00\",\"description\":\"The AgileX Ranger Series represents a sophisticated leap in omnidirectional Unmanned Ground Vehicles (UGVs). Designed to bridge the gap between indoor precision and outdoor ruggedness, these platforms utilize a unique drive-by-wire system that allows for multi-modal movement, including spinning in place, crab walking, and Ackermann steering.Below is a breakdown of the core Ranger platform and the two compact, foundational models: Ranger Air and Ranger Delta.\",\"breadcrumb\":{\"@id\":\"https:\/\/www.ghostysky.com\/product\/agilex-ranger-series-air-delta\/#breadcrumb\"},\"inLanguage\":\"pt-PT\",\"potentialAction\":[{\"@type\":\"ReadAction\",\"target\":[\"https:\/\/www.ghostysky.com\/product\/agilex-ranger-series-air-delta\/\"]}]},{\"@type\":\"ImageObject\",\"inLanguage\":\"pt-PT\",\"@id\":\"https:\/\/www.ghostysky.com\/product\/agilex-ranger-series-air-delta\/#primaryimage\",\"url\":\"https:\/\/www.ghostysky.com\/wp-content\/uploads\/2026\/01\/GH_Agilex_Ranger_Air_Delta_1.jpg\",\"contentUrl\":\"https:\/\/www.ghostysky.com\/wp-content\/uploads\/2026\/01\/GH_Agilex_Ranger_Air_Delta_1.jpg\",\"width\":1200,\"height\":674},{\"@type\":\"BreadcrumbList\",\"@id\":\"https:\/\/www.ghostysky.com\/product\/agilex-ranger-series-air-delta\/#breadcrumb\",\"itemListElement\":[{\"@type\":\"ListItem\",\"position\":1,\"name\":\"Home\",\"item\":\"https:\/\/www.ghostysky.com\/\"},{\"@type\":\"ListItem\",\"position\":2,\"name\":\"Shop\",\"item\":\"https:\/\/www.ghostysky.com\/shop\/\"},{\"@type\":\"ListItem\",\"position\":3,\"name\":\"AgileX Ranger Series (Air &#038; Delta)\"}]},{\"@type\":\"WebSite\",\"@id\":\"https:\/\/www.ghostysky.com\/#website\",\"url\":\"https:\/\/www.ghostysky.com\/\",\"name\":\"Ghostysky\",\"description\":\"Delivering professional drones and services\",\"publisher\":{\"@id\":\"https:\/\/www.ghostysky.com\/#organization\"},\"potentialAction\":[{\"@type\":\"SearchAction\",\"target\":{\"@type\":\"EntryPoint\",\"urlTemplate\":\"https:\/\/www.ghostysky.com\/?s={search_term_string}\"},\"query-input\":{\"@type\":\"PropertyValueSpecification\",\"valueRequired\":true,\"valueName\":\"search_term_string\"}}],\"inLanguage\":\"pt-PT\"},{\"@type\":\"Organization\",\"@id\":\"https:\/\/www.ghostysky.com\/#organization\",\"name\":\"Ghostysky\",\"url\":\"https:\/\/www.ghostysky.com\/\",\"logo\":{\"@type\":\"ImageObject\",\"inLanguage\":\"pt-PT\",\"@id\":\"https:\/\/www.ghostysky.com\/#\/schema\/logo\/image\/\",\"url\":\"https:\/\/www.ghostysky.com\/wp-content\/uploads\/2020\/06\/cropped-ghostyskylogo_text_white2.png\",\"contentUrl\":\"https:\/\/www.ghostysky.com\/wp-content\/uploads\/2020\/06\/cropped-ghostyskylogo_text_white2.png\",\"width\":169,\"height\":56,\"caption\":\"Ghostysky\"},\"image\":{\"@id\":\"https:\/\/www.ghostysky.com\/#\/schema\/logo\/image\/\"},\"sameAs\":[\"https:\/\/www.facebook.com\/people\/Ghostysky\/100057676170234\/\",\"https:\/\/x.com\/Gh0stysky\",\"https:\/\/www.linkedin.com\/company\/34739653\",\"https:\/\/www.instagram.com\/gh0stysky\"]}]}<\/script>\n<!-- \/ Yoast SEO plugin. -->","yoast_head_json":{"title":"S\u00e9rie AgileX Ranger (Air &amp; Delta) - Ghostysky","description":"A s\u00e9rie AgileX Ranger representa um salto sofisticado em Ve\u00edculos Terrestres N\u00e3o Tripulados (UGVs) omnidirecionais. Projetadas para preencher a lacuna entre a precis\u00e3o em ambientes internos e a robustez em ambientes externos, essas plataformas utilizam um sistema exclusivo de dire\u00e7\u00e3o eletr\u00f4nica (drive-by-wire) que permite movimentos multimodais, incluindo rota\u00e7\u00e3o em torno do pr\u00f3prio eixo, deslocamento lateral e dire\u00e7\u00e3o Ackermann. Abaixo, voc\u00ea encontrar\u00e1 uma descri\u00e7\u00e3o da plataforma Ranger principal e dos dois modelos compactos e fundamentais: Ranger Air e Ranger Delta.","robots":{"index":"index","follow":"follow","max-snippet":"max-snippet:-1","max-image-preview":"max-image-preview:large","max-video-preview":"max-video-preview:-1"},"canonical":"https:\/\/www.ghostysky.com\/pt\/produto-2\/agilex-ranger-series-air-delta\/","og_locale":"pt_PT","og_type":"article","og_title":"AgileX Ranger Series (Air & Delta) - Ghostysky","og_description":"The AgileX Ranger Series represents a sophisticated leap in omnidirectional Unmanned Ground Vehicles (UGVs). Designed to bridge the gap between indoor precision and outdoor ruggedness, these platforms utilize a unique drive-by-wire system that allows for multi-modal movement, including spinning in place, crab walking, and Ackermann steering.Below is a breakdown of the core Ranger platform and the two compact, foundational models: Ranger Air and Ranger Delta.","og_url":"https:\/\/www.ghostysky.com\/pt\/produto-2\/agilex-ranger-series-air-delta\/","og_site_name":"Ghostysky","article_publisher":"https:\/\/www.facebook.com\/people\/Ghostysky\/100057676170234\/","article_modified_time":"2026-01-12T16:59:46+00:00","og_image":[{"width":1200,"height":674,"url":"https:\/\/www.ghostysky.com\/wp-content\/uploads\/2026\/01\/GH_Agilex_Ranger_Air_Delta_1.jpg","type":"image\/jpeg"}],"twitter_card":"summary_large_image","twitter_site":"@Gh0stysky","twitter_misc":{"Tempo estimado de leitura":"2 minutos"},"schema":{"@context":"https:\/\/schema.org","@graph":[{"@type":"WebPage","@id":"https:\/\/www.ghostysky.com\/product\/agilex-ranger-series-air-delta\/","url":"https:\/\/www.ghostysky.com\/product\/agilex-ranger-series-air-delta\/","name":"S\u00e9rie AgileX Ranger (Air &amp; Delta) - Ghostysky","isPartOf":{"@id":"https:\/\/www.ghostysky.com\/#website"},"primaryImageOfPage":{"@id":"https:\/\/www.ghostysky.com\/product\/agilex-ranger-series-air-delta\/#primaryimage"},"image":{"@id":"https:\/\/www.ghostysky.com\/product\/agilex-ranger-series-air-delta\/#primaryimage"},"thumbnailUrl":"https:\/\/www.ghostysky.com\/wp-content\/uploads\/2026\/01\/GH_Agilex_Ranger_Air_Delta_1.jpg","datePublished":"2026-01-12T16:50:16+00:00","dateModified":"2026-01-12T16:59:46+00:00","description":"A s\u00e9rie AgileX Ranger representa um salto sofisticado em Ve\u00edculos Terrestres N\u00e3o Tripulados (UGVs) omnidirecionais. Projetadas para preencher a lacuna entre a precis\u00e3o em ambientes internos e a robustez em ambientes externos, essas plataformas utilizam um sistema exclusivo de dire\u00e7\u00e3o eletr\u00f4nica (drive-by-wire) que permite movimentos multimodais, incluindo rota\u00e7\u00e3o em torno do pr\u00f3prio eixo, deslocamento lateral e dire\u00e7\u00e3o Ackermann. Abaixo, voc\u00ea encontrar\u00e1 uma descri\u00e7\u00e3o da plataforma Ranger principal e dos dois modelos compactos e fundamentais: Ranger Air e Ranger Delta.","breadcrumb":{"@id":"https:\/\/www.ghostysky.com\/product\/agilex-ranger-series-air-delta\/#breadcrumb"},"inLanguage":"pt-PT","potentialAction":[{"@type":"ReadAction","target":["https:\/\/www.ghostysky.com\/product\/agilex-ranger-series-air-delta\/"]}]},{"@type":"ImageObject","inLanguage":"pt-PT","@id":"https:\/\/www.ghostysky.com\/product\/agilex-ranger-series-air-delta\/#primaryimage","url":"https:\/\/www.ghostysky.com\/wp-content\/uploads\/2026\/01\/GH_Agilex_Ranger_Air_Delta_1.jpg","contentUrl":"https:\/\/www.ghostysky.com\/wp-content\/uploads\/2026\/01\/GH_Agilex_Ranger_Air_Delta_1.jpg","width":1200,"height":674},{"@type":"BreadcrumbList","@id":"https:\/\/www.ghostysky.com\/product\/agilex-ranger-series-air-delta\/#breadcrumb","itemListElement":[{"@type":"ListItem","position":1,"name":"Home","item":"https:\/\/www.ghostysky.com\/"},{"@type":"ListItem","position":2,"name":"Shop","item":"https:\/\/www.ghostysky.com\/shop\/"},{"@type":"ListItem","position":3,"name":"AgileX Ranger Series (Air &#038; Delta)"}]},{"@type":"WebSite","@id":"https:\/\/www.ghostysky.com\/#website","url":"https:\/\/www.ghostysky.com\/","name":"Ghostysky","description":"Fornecendo drones e servi\u00e7os profissionais","publisher":{"@id":"https:\/\/www.ghostysky.com\/#organization"},"potentialAction":[{"@type":"SearchAction","target":{"@type":"EntryPoint","urlTemplate":"https:\/\/www.ghostysky.com\/?s={search_term_string}"},"query-input":{"@type":"PropertyValueSpecification","valueRequired":true,"valueName":"search_term_string"}}],"inLanguage":"pt-PT"},{"@type":"Organization","@id":"https:\/\/www.ghostysky.com\/#organization","name":"Ghostysky","url":"https:\/\/www.ghostysky.com\/","logo":{"@type":"ImageObject","inLanguage":"pt-PT","@id":"https:\/\/www.ghostysky.com\/#\/schema\/logo\/image\/","url":"https:\/\/www.ghostysky.com\/wp-content\/uploads\/2020\/06\/cropped-ghostyskylogo_text_white2.png","contentUrl":"https:\/\/www.ghostysky.com\/wp-content\/uploads\/2020\/06\/cropped-ghostyskylogo_text_white2.png","width":169,"height":56,"caption":"Ghostysky"},"image":{"@id":"https:\/\/www.ghostysky.com\/#\/schema\/logo\/image\/"},"sameAs":["https:\/\/www.facebook.com\/people\/Ghostysky\/100057676170234\/","https:\/\/x.com\/Gh0stysky","https:\/\/www.linkedin.com\/company\/34739653","https:\/\/www.instagram.com\/gh0stysky"]}]}},"_links":{"self":[{"href":"https:\/\/www.ghostysky.com\/pt\/wp-json\/wp\/v2\/product\/23702","targetHints":{"allow":["GET"]}}],"collection":[{"href":"https:\/\/www.ghostysky.com\/pt\/wp-json\/wp\/v2\/product"}],"about":[{"href":"https:\/\/www.ghostysky.com\/pt\/wp-json\/wp\/v2\/types\/product"}],"replies":[{"embeddable":true,"href":"https:\/\/www.ghostysky.com\/pt\/wp-json\/wp\/v2\/comments?post=23702"}],"wp:featuredmedia":[{"embeddable":true,"href":"https:\/\/www.ghostysky.com\/pt\/wp-json\/wp\/v2\/media\/23706"}],"wp:attachment":[{"href":"https:\/\/www.ghostysky.com\/pt\/wp-json\/wp\/v2\/media?parent=23702"}],"wp:term":[{"taxonomy":"product_brand","embeddable":true,"href":"https:\/\/www.ghostysky.com\/pt\/wp-json\/wp\/v2\/product_brand?post=23702"},{"taxonomy":"product_cat","embeddable":true,"href":"https:\/\/www.ghostysky.com\/pt\/wp-json\/wp\/v2\/product_cat?post=23702"},{"taxonomy":"product_tag","embeddable":true,"href":"https:\/\/www.ghostysky.com\/pt\/wp-json\/wp\/v2\/product_tag?post=23702"}],"curies":[{"name":"wp","href":"https:\/\/api.w.org\/{rel}","templated":true}]}}