{"id":23723,"date":"2026-01-24T09:45:33","date_gmt":"2026-01-24T09:45:33","guid":{"rendered":"https:\/\/www.ghostysky.com\/?post_type=product&#038;p=23723"},"modified":"2026-01-24T11:02:18","modified_gmt":"2026-01-24T11:02:18","slug":"pix4dmapper-educational-classroom-yearly-license","status":"publish","type":"product","link":"https:\/\/www.ghostysky.com\/pt\/product\/pix4dmapper-educational-classroom-yearly-license\/","title":{"rendered":"Pix4Dmapper para Sala de Aula Educacional \u2013 Licen\u00e7a Anual"},"content":{"rendered":"<p><strong>CAPTURAR<\/strong><\/p>\n<p>Capture imagens RGB, t\u00e9rmicas ou multiespectrais com qualquer c\u00e2mera.<\/p>\n<p>Se utilizar um drone, automatize a transfer\u00eancia de dados de voo e imagens com a nossa aplica\u00e7\u00e3o gratuita Pix4Dcapture.<\/p>\n<p><strong>DIGITALIZAR<\/strong><\/p>\n<p>Os algoritmos de fotogrametria do Pix4Dmapper transformam as suas imagens terrestres ou a\u00e9reas em mapas digitais e modelos 3D.<\/p>\n<p>Efectue o processamento dos seus projectos no seu desktop utilizando o nosso software de fotogrametria. Em alternativa pode utilizar o  Pix4Dcloud para o processamento online.<\/p>\n<p><strong>GERIR<\/strong><\/p>\n<p>Utilize a capacidade da fotogrametria no ambiente rayCloud para avaliar, gerir e melhorar a qualidade de seus projetos.<\/p>\n<p>Utilize o relat\u00f3rio de qualidade afim de consultar e examinar previamente os resultados gerados. Detalhes como os de calibra\u00e7\u00e3o tais  como muitos outros s\u00e3o poss\u00edveis analizar neste relat\u00f3rio.<\/p>\n<p><strong>MEDIR E INSPECIONAR<\/strong><\/p>\n<p>Me\u00e7a dist\u00e2ncias, \u00e1reas e volumes com precis\u00e3o.<\/p>\n<p><strong>COLABORAR E PARTILHAR<\/strong><\/p>\n<p>Simplifique a comunica\u00e7\u00e3o do projeto e o trabalho em equipe.<br \/>\nPartilhe dados e informa\u00e7\u00f5es do projeto com sua equipe ou clientes\/fornecedores de maneira objectiva e segura, utilizando para isso dados nos mais diversos formatos.<\/p>\n<p>Confira nossa demonstra\u00e7\u00e3o <a href=\"https:\/\/www.ghostysky.com\/pt\/2020\/10\/27\/agricultura-de-precisao-wingtraone-e-micasense-rededge-mx\/\">aqui<\/a>.<\/p>","protected":false},"excerpt":{"rendered":"<p><span style=\"text-decoration: underline;\">Pix4dMapper, <em>Sala de Aula Educacional <\/em>vers\u00e3o \u2013 Licen\u00e7a anual<\/span><\/p>\n<p><strong>O poder do software de fotogrametria<\/strong><br \/>\nUm ambiente \u00fanico em que se conectam todas as suas imagens originais gerando a reconstru\u00e7\u00e3o 3D atrav\u00e9s de pontos comuns.<\/p>\n<p><strong>Gera\u00e7\u00e3o de dados de alta resolu\u00e7\u00e3o para todo o tipo de projectos<\/strong><br \/>\nExporte facilmente mapas e modelos digitais para formatos compat\u00edveis com todo o tipo de  aplica\u00e7\u00f5es das mais diversas ind\u00fastrias, seja para an\u00e1lises ou relat\u00f3rios detalhados.<\/p>\n<hr \/>","protected":false},"featured_media":1908,"comment_status":"open","ping_status":"closed","template":"","meta":[],"product_brand":[1336],"product_cat":[100,101,31],"product_tag":[104,106,105,894,893,71,896],"class_list":{"0":"post-23723","1":"product","2":"type-product","3":"status-publish","4":"has-post-thumbnail","6":"product_brand-pix4d","7":"product_cat-pix4d","8":"product_cat-pix4dmapper","9":"product_cat-software","10":"product_tag-dsm","11":"product_tag-nuvem-de-pontos","12":"product_tag-ortomosaicos","13":"product_tag-pix4dmapper-educational","14":"product_tag-pix4dmapper-educational-classroom","15":"product_tag-software","16":"product_tag-yearly-license","18":"first","19":"outofstock","20":"taxable","21":"shipping-taxable","22":"purchasable","23":"product-type-simple"},"yoast_head":"<!-- This site is optimized with the Yoast SEO plugin v27.4 - https:\/\/yoast.com\/product\/yoast-seo-wordpress\/ -->\n<title>Pix4Dmapper Educational Classroom - Yearly License -<\/title>\n<meta name=\"description\" content=\"The power of photogrammetry softwareA unique environment connecting your original images to each point of the 3D reconstruction to visually verify and improve the accuracy of your project.Generate high resolution outputs for any project and use caseEasily export your digital maps and models to industry-compatible formats for further analysis or reporting\" \/>\n<meta name=\"robots\" content=\"index, follow, max-snippet:-1, max-image-preview:large, max-video-preview:-1\" \/>\n<link rel=\"canonical\" href=\"https:\/\/www.ghostysky.com\/pt\/produto-2\/pix4dmapper-educational-classroom-yearly-license\/\" \/>\n<meta property=\"og:locale\" content=\"pt_PT\" \/>\n<meta property=\"og:type\" content=\"article\" \/>\n<meta property=\"og:title\" content=\"Pix4Dmapper Educational Classroom - Yearly License -\" \/>\n<meta property=\"og:description\" content=\"The power of photogrammetry softwareA unique environment connecting your original images to each point of the 3D reconstruction to visually verify and improve the accuracy of your project.Generate high resolution outputs for any project and use caseEasily export your digital maps and models to industry-compatible formats for further analysis or reporting\" \/>\n<meta property=\"og:url\" content=\"https:\/\/www.ghostysky.com\/pt\/produto-2\/pix4dmapper-educational-classroom-yearly-license\/\" \/>\n<meta property=\"og:site_name\" content=\"Ghostysky\" \/>\n<meta property=\"article:publisher\" content=\"https:\/\/www.facebook.com\/people\/Ghostysky\/100057676170234\/\" \/>\n<meta property=\"article:modified_time\" content=\"2026-01-24T11:02:18+00:00\" \/>\n<meta property=\"og:image\" content=\"https:\/\/www.ghostysky.com\/wp-content\/uploads\/2021\/02\/p4dmprtc1dsk.jpg\" \/>\n\t<meta property=\"og:image:width\" content=\"450\" \/>\n\t<meta property=\"og:image:height\" content=\"450\" \/>\n\t<meta property=\"og:image:type\" content=\"image\/jpeg\" \/>\n<meta name=\"twitter:card\" content=\"summary_large_image\" \/>\n<meta name=\"twitter:site\" content=\"@Gh0stysky\" \/>\n<meta name=\"twitter:label1\" content=\"Tempo estimado de leitura\" \/>\n\t<meta name=\"twitter:data1\" content=\"1 minuto\" \/>\n<script type=\"application\/ld+json\" class=\"yoast-schema-graph\">{\"@context\":\"https:\\\/\\\/schema.org\",\"@graph\":[{\"@type\":\"WebPage\",\"@id\":\"https:\\\/\\\/www.ghostysky.com\\\/product\\\/pix4dmapper-educational-classroom-yearly-license\\\/\",\"url\":\"https:\\\/\\\/www.ghostysky.com\\\/product\\\/pix4dmapper-educational-classroom-yearly-license\\\/\",\"name\":\"Pix4Dmapper Educational Classroom - Yearly License -\",\"isPartOf\":{\"@id\":\"https:\\\/\\\/www.ghostysky.com\\\/#website\"},\"primaryImageOfPage\":{\"@id\":\"https:\\\/\\\/www.ghostysky.com\\\/product\\\/pix4dmapper-educational-classroom-yearly-license\\\/#primaryimage\"},\"image\":{\"@id\":\"https:\\\/\\\/www.ghostysky.com\\\/product\\\/pix4dmapper-educational-classroom-yearly-license\\\/#primaryimage\"},\"thumbnailUrl\":\"https:\\\/\\\/www.ghostysky.com\\\/wp-content\\\/uploads\\\/2021\\\/02\\\/p4dmprtc1dsk.jpg\",\"datePublished\":\"2026-01-24T09:45:33+00:00\",\"dateModified\":\"2026-01-24T11:02:18+00:00\",\"description\":\"The power of photogrammetry softwareA unique environment connecting your original images to each point of the 3D reconstruction to visually verify and improve the accuracy of your project.Generate high resolution outputs for any project and use caseEasily export your digital maps and models to industry-compatible formats for further analysis or reporting\",\"breadcrumb\":{\"@id\":\"https:\\\/\\\/www.ghostysky.com\\\/product\\\/pix4dmapper-educational-classroom-yearly-license\\\/#breadcrumb\"},\"inLanguage\":\"pt-PT\",\"potentialAction\":[{\"@type\":\"ReadAction\",\"target\":[\"https:\\\/\\\/www.ghostysky.com\\\/product\\\/pix4dmapper-educational-classroom-yearly-license\\\/\"]}]},{\"@type\":\"ImageObject\",\"inLanguage\":\"pt-PT\",\"@id\":\"https:\\\/\\\/www.ghostysky.com\\\/product\\\/pix4dmapper-educational-classroom-yearly-license\\\/#primaryimage\",\"url\":\"https:\\\/\\\/www.ghostysky.com\\\/wp-content\\\/uploads\\\/2021\\\/02\\\/p4dmprtc1dsk.jpg\",\"contentUrl\":\"https:\\\/\\\/www.ghostysky.com\\\/wp-content\\\/uploads\\\/2021\\\/02\\\/p4dmprtc1dsk.jpg\",\"width\":450,\"height\":450},{\"@type\":\"BreadcrumbList\",\"@id\":\"https:\\\/\\\/www.ghostysky.com\\\/product\\\/pix4dmapper-educational-classroom-yearly-license\\\/#breadcrumb\",\"itemListElement\":[{\"@type\":\"ListItem\",\"position\":1,\"name\":\"Home\",\"item\":\"https:\\\/\\\/www.ghostysky.com\\\/\"},{\"@type\":\"ListItem\",\"position\":2,\"name\":\"Shop\",\"item\":\"https:\\\/\\\/www.ghostysky.com\\\/shop\\\/\"},{\"@type\":\"ListItem\",\"position\":3,\"name\":\"Pix4Dmapper Educational Classroom &#8211; Yearly License\"}]},{\"@type\":\"WebSite\",\"@id\":\"https:\\\/\\\/www.ghostysky.com\\\/#website\",\"url\":\"https:\\\/\\\/www.ghostysky.com\\\/\",\"name\":\"Ghostysky\",\"description\":\"Delivering professional drones and services\",\"publisher\":{\"@id\":\"https:\\\/\\\/www.ghostysky.com\\\/#organization\"},\"potentialAction\":[{\"@type\":\"SearchAction\",\"target\":{\"@type\":\"EntryPoint\",\"urlTemplate\":\"https:\\\/\\\/www.ghostysky.com\\\/?s={search_term_string}\"},\"query-input\":{\"@type\":\"PropertyValueSpecification\",\"valueRequired\":true,\"valueName\":\"search_term_string\"}}],\"inLanguage\":\"pt-PT\"},{\"@type\":\"Organization\",\"@id\":\"https:\\\/\\\/www.ghostysky.com\\\/#organization\",\"name\":\"Ghostysky\",\"url\":\"https:\\\/\\\/www.ghostysky.com\\\/\",\"logo\":{\"@type\":\"ImageObject\",\"inLanguage\":\"pt-PT\",\"@id\":\"https:\\\/\\\/www.ghostysky.com\\\/#\\\/schema\\\/logo\\\/image\\\/\",\"url\":\"https:\\\/\\\/www.ghostysky.com\\\/wp-content\\\/uploads\\\/2020\\\/06\\\/cropped-ghostyskylogo_text_white2.png\",\"contentUrl\":\"https:\\\/\\\/www.ghostysky.com\\\/wp-content\\\/uploads\\\/2020\\\/06\\\/cropped-ghostyskylogo_text_white2.png\",\"width\":169,\"height\":56,\"caption\":\"Ghostysky\"},\"image\":{\"@id\":\"https:\\\/\\\/www.ghostysky.com\\\/#\\\/schema\\\/logo\\\/image\\\/\"},\"sameAs\":[\"https:\\\/\\\/www.facebook.com\\\/people\\\/Ghostysky\\\/100057676170234\\\/\",\"https:\\\/\\\/x.com\\\/Gh0stysky\",\"https:\\\/\\\/www.linkedin.com\\\/company\\\/34739653\",\"https:\\\/\\\/www.instagram.com\\\/gh0stysky\"]}]}<\/script>\n<!-- \/ Yoast SEO plugin. -->","yoast_head_json":{"title":"Pix4Dmapper para Sala de Aula Educacional - Licen\u00e7a Anual -","description":"O poder do software de fotogrametriaUm ambiente \u00fanico conectando suas imagens originais a cada ponto da reconstru\u00e7\u00e3o 3D para verificar visualmente e melhorar a precis\u00e3o do seu projeto.Gere resultados de alta resolu\u00e7\u00e3o para qualquer projeto e caso de usoExporte facilmente seus mapas e modelos digitais para formatos compat\u00edveis com o setor para an\u00e1lise ou relat\u00f3rio adicional","robots":{"index":"index","follow":"follow","max-snippet":"max-snippet:-1","max-image-preview":"max-image-preview:large","max-video-preview":"max-video-preview:-1"},"canonical":"https:\/\/www.ghostysky.com\/pt\/produto-2\/pix4dmapper-educational-classroom-yearly-license\/","og_locale":"pt_PT","og_type":"article","og_title":"Pix4Dmapper Educational Classroom - Yearly License -","og_description":"The power of photogrammetry softwareA unique environment connecting your original images to each point of the 3D reconstruction to visually verify and improve the accuracy of your project.Generate high resolution outputs for any project and use caseEasily export your digital maps and models to industry-compatible formats for further analysis or reporting","og_url":"https:\/\/www.ghostysky.com\/pt\/produto-2\/pix4dmapper-educational-classroom-yearly-license\/","og_site_name":"Ghostysky","article_publisher":"https:\/\/www.facebook.com\/people\/Ghostysky\/100057676170234\/","article_modified_time":"2026-01-24T11:02:18+00:00","og_image":[{"width":450,"height":450,"url":"https:\/\/www.ghostysky.com\/wp-content\/uploads\/2021\/02\/p4dmprtc1dsk.jpg","type":"image\/jpeg"}],"twitter_card":"summary_large_image","twitter_site":"@Gh0stysky","twitter_misc":{"Tempo estimado de leitura":"1 minuto"},"schema":{"@context":"https:\/\/schema.org","@graph":[{"@type":"WebPage","@id":"https:\/\/www.ghostysky.com\/product\/pix4dmapper-educational-classroom-yearly-license\/","url":"https:\/\/www.ghostysky.com\/product\/pix4dmapper-educational-classroom-yearly-license\/","name":"Pix4Dmapper para Sala de Aula Educacional - Licen\u00e7a Anual -","isPartOf":{"@id":"https:\/\/www.ghostysky.com\/#website"},"primaryImageOfPage":{"@id":"https:\/\/www.ghostysky.com\/product\/pix4dmapper-educational-classroom-yearly-license\/#primaryimage"},"image":{"@id":"https:\/\/www.ghostysky.com\/product\/pix4dmapper-educational-classroom-yearly-license\/#primaryimage"},"thumbnailUrl":"https:\/\/www.ghostysky.com\/wp-content\/uploads\/2021\/02\/p4dmprtc1dsk.jpg","datePublished":"2026-01-24T09:45:33+00:00","dateModified":"2026-01-24T11:02:18+00:00","description":"O poder do software de fotogrametriaUm ambiente \u00fanico conectando suas imagens originais a cada ponto da reconstru\u00e7\u00e3o 3D para verificar visualmente e melhorar a precis\u00e3o do seu projeto.Gere resultados de alta resolu\u00e7\u00e3o para qualquer projeto e caso de usoExporte facilmente seus mapas e modelos digitais para formatos compat\u00edveis com o setor para an\u00e1lise ou relat\u00f3rio adicional","breadcrumb":{"@id":"https:\/\/www.ghostysky.com\/product\/pix4dmapper-educational-classroom-yearly-license\/#breadcrumb"},"inLanguage":"pt-PT","potentialAction":[{"@type":"ReadAction","target":["https:\/\/www.ghostysky.com\/product\/pix4dmapper-educational-classroom-yearly-license\/"]}]},{"@type":"ImageObject","inLanguage":"pt-PT","@id":"https:\/\/www.ghostysky.com\/product\/pix4dmapper-educational-classroom-yearly-license\/#primaryimage","url":"https:\/\/www.ghostysky.com\/wp-content\/uploads\/2021\/02\/p4dmprtc1dsk.jpg","contentUrl":"https:\/\/www.ghostysky.com\/wp-content\/uploads\/2021\/02\/p4dmprtc1dsk.jpg","width":450,"height":450},{"@type":"BreadcrumbList","@id":"https:\/\/www.ghostysky.com\/product\/pix4dmapper-educational-classroom-yearly-license\/#breadcrumb","itemListElement":[{"@type":"ListItem","position":1,"name":"Home","item":"https:\/\/www.ghostysky.com\/"},{"@type":"ListItem","position":2,"name":"Shop","item":"https:\/\/www.ghostysky.com\/shop\/"},{"@type":"ListItem","position":3,"name":"Pix4Dmapper Educational Classroom &#8211; Yearly License"}]},{"@type":"WebSite","@id":"https:\/\/www.ghostysky.com\/#website","url":"https:\/\/www.ghostysky.com\/","name":"Ghostysky","description":"Fornecendo drones e servi\u00e7os profissionais","publisher":{"@id":"https:\/\/www.ghostysky.com\/#organization"},"potentialAction":[{"@type":"SearchAction","target":{"@type":"EntryPoint","urlTemplate":"https:\/\/www.ghostysky.com\/?s={search_term_string}"},"query-input":{"@type":"PropertyValueSpecification","valueRequired":true,"valueName":"search_term_string"}}],"inLanguage":"pt-PT"},{"@type":"Organization","@id":"https:\/\/www.ghostysky.com\/#organization","name":"Ghostysky","url":"https:\/\/www.ghostysky.com\/","logo":{"@type":"ImageObject","inLanguage":"pt-PT","@id":"https:\/\/www.ghostysky.com\/#\/schema\/logo\/image\/","url":"https:\/\/www.ghostysky.com\/wp-content\/uploads\/2020\/06\/cropped-ghostyskylogo_text_white2.png","contentUrl":"https:\/\/www.ghostysky.com\/wp-content\/uploads\/2020\/06\/cropped-ghostyskylogo_text_white2.png","width":169,"height":56,"caption":"Ghostysky"},"image":{"@id":"https:\/\/www.ghostysky.com\/#\/schema\/logo\/image\/"},"sameAs":["https:\/\/www.facebook.com\/people\/Ghostysky\/100057676170234\/","https:\/\/x.com\/Gh0stysky","https:\/\/www.linkedin.com\/company\/34739653","https:\/\/www.instagram.com\/gh0stysky"]}]}},"_links":{"self":[{"href":"https:\/\/www.ghostysky.com\/pt\/wp-json\/wp\/v2\/product\/23723","targetHints":{"allow":["GET"]}}],"collection":[{"href":"https:\/\/www.ghostysky.com\/pt\/wp-json\/wp\/v2\/product"}],"about":[{"href":"https:\/\/www.ghostysky.com\/pt\/wp-json\/wp\/v2\/types\/product"}],"replies":[{"embeddable":true,"href":"https:\/\/www.ghostysky.com\/pt\/wp-json\/wp\/v2\/comments?post=23723"}],"wp:featuredmedia":[{"embeddable":true,"href":"https:\/\/www.ghostysky.com\/pt\/wp-json\/wp\/v2\/media\/1908"}],"wp:attachment":[{"href":"https:\/\/www.ghostysky.com\/pt\/wp-json\/wp\/v2\/media?parent=23723"}],"wp:term":[{"taxonomy":"product_brand","embeddable":true,"href":"https:\/\/www.ghostysky.com\/pt\/wp-json\/wp\/v2\/product_brand?post=23723"},{"taxonomy":"product_cat","embeddable":true,"href":"https:\/\/www.ghostysky.com\/pt\/wp-json\/wp\/v2\/product_cat?post=23723"},{"taxonomy":"product_tag","embeddable":true,"href":"https:\/\/www.ghostysky.com\/pt\/wp-json\/wp\/v2\/product_tag?post=23723"}],"curies":[{"name":"wp","href":"https:\/\/api.w.org\/{rel}","templated":true}]}}