{"id":23746,"date":"2026-01-24T12:08:27","date_gmt":"2026-01-24T12:08:27","guid":{"rendered":"https:\/\/www.ghostysky.com\/?post_type=product&#038;p=23746"},"modified":"2026-04-07T14:08:14","modified_gmt":"2026-04-07T14:08:14","slug":"hesai-at128p","status":"publish","type":"product","link":"https:\/\/www.ghostysky.com\/pt\/product\/hesai-at128p\/","title":{"rendered":"Hesai AT128P"},"content":{"rendered":"<h3 data-path-to-node=\"2\">Principais recursos e desempenho<\/h3>\n<ul data-path-to-node=\"3\">\n<li>\n<p data-path-to-node=\"3,0,0\"><b data-path-to-node=\"3,0,0\" data-index-in-node=\"0\"><span class=\"citation-14\">Resolu\u00e7\u00e3o ultra-alta:<\/span><\/b><span class=\"citation-14 citation-end-14\"> Apresenta 128 canais de digitaliza\u00e7\u00e3o eletr\u00f4nica genu\u00edna, fornecendo uma nuvem de pontos semelhante a uma imagem.<\/span> Esse n\u00edvel de detalhe permite que o sistema de percep\u00e7\u00e3o distinga entre objetos pequenos (como cones de tr\u00e2nsito ou detritos) e pedestres a dist\u00e2ncias consider\u00e1veis.<\/p>\n<\/li>\n<li>\n<p data-path-to-node=\"3,1,0\"><b data-path-to-node=\"3,1,0\" data-index-in-node=\"0\">Alcance superior:<\/b><span class=\"citation-13\"> Ele consegue detectar objetos com refletividade 10% (como roupas escuras ou pneus) a uma dist\u00e2ncia de <\/span><b data-path-to-node=\"3,1,0\" data-index-in-node=\"109\"><span class=\"citation-13\">210 metros<\/span><\/b><span class=\"citation-13 citation-end-13\">, dando ao ve\u00edculo mais tempo para reagir em velocidades de rodovia.<\/span><\/p>\n<\/li>\n<li>\n<p data-path-to-node=\"3,2,0\"><b data-path-to-node=\"3,2,0\" data-index-in-node=\"0\">Alto rendimento de dados:<\/b><span class=\"citation-12\"> Gera mais de <\/span><b data-path-to-node=\"3,2,0\" data-index-in-node=\"37\"><span class=\"citation-12\">1,53 milh\u00e3o de pontos por segundo<\/span><\/b><span class=\"citation-12 citation-end-12\"> (retorno \u00fanico), garantindo que n\u00e3o haja lacunas no campo de vis\u00e3o horizontal ou vertical.<\/span><\/p>\n<\/li>\n<li>\n<p data-path-to-node=\"3,3,0\"><b data-path-to-node=\"3,3,0\" data-index-in-node=\"0\"><span class=\"citation-11\">Confiabilidade de n\u00edvel automotivo:<\/span><\/b><span class=\"citation-11 citation-end-11\"> Projetado para produ\u00e7\u00e3o em massa, atende aos rigorosos padr\u00f5es AEC-Q e passou por mais de 50 testes de valida\u00e7\u00e3o de projeto, incluindo ciclos de temperatura extrema e resist\u00eancia \u00e0 \u00e1gua de alta press\u00e3o (IP6K7 e IP6K9K).<\/span><\/p>\n<p>&nbsp;<\/li>\n<\/ul>\n<h3 data-path-to-node=\"5\">Especifica\u00e7\u00f5es t\u00e9cnicas<\/h3>\n<table data-path-to-node=\"6\">\n<thead>\n<tr>\n<td><strong>Par\u00e2metro<\/strong><\/td>\n<td><strong>Especifica\u00e7\u00f5es<\/strong><\/td>\n<\/tr>\n<\/thead>\n<tbody>\n<tr>\n<td><span data-path-to-node=\"6,1,0,0\"><b data-path-to-node=\"6,1,0,0\" data-index-in-node=\"0\">M\u00e9todo de digitaliza\u00e7\u00e3o<\/b><\/span><\/td>\n<td><span data-path-to-node=\"6,1,1,0\">Espelho rotativo unidimensional (h\u00edbrido de estado s\u00f3lido)<\/span><\/td>\n<\/tr>\n<tr>\n<td><span data-path-to-node=\"6,2,0,0\"><b data-path-to-node=\"6,2,0,0\" data-index-in-node=\"0\">Campo de vis\u00e3o (FOV)<\/b><\/span><\/td>\n<td><span data-path-to-node=\"6,2,1,0\">120\u00b0 (Horizontal) \u00d7 25,4\u00b0 (Vertical)<\/span><\/td>\n<\/tr>\n<tr>\n<td><span data-path-to-node=\"6,3,0,0\"><b data-path-to-node=\"6,3,0,0\" data-index-in-node=\"0\">Resolu\u00e7\u00e3o angular<\/b><\/span><\/td>\n<td><span data-path-to-node=\"6,3,1,0\">0,1\u00b0 (H) \u00d7 0,2\u00b0 (V)<\/span><\/td>\n<\/tr>\n<tr>\n<td><span data-path-to-node=\"6,4,0,0\"><b data-path-to-node=\"6,4,0,0\" data-index-in-node=\"0\">Taxa de quadros<\/b><\/span><\/td>\n<td><span data-path-to-node=\"6,4,1,0\">10 Hz \/ 20 Hz<\/span><\/td>\n<\/tr>\n<tr>\n<td><span data-path-to-node=\"6,5,0,0\"><b data-path-to-node=\"6,5,0,0\" data-index-in-node=\"0\">Capacidade de alcance<\/b><\/span><\/td>\n<td><span data-path-to-node=\"6,5,1,0\">Refletividade de 210 m a 10% (at\u00e9 260 m no m\u00e1ximo)<\/span><\/td>\n<\/tr>\n<tr>\n<td><span data-path-to-node=\"6,6,0,0\"><b data-path-to-node=\"6,6,0,0\" data-index-in-node=\"0\">Consumo de energia<\/b><\/span><\/td>\n<td><span data-path-to-node=\"6,6,1,0\">13,5 W<\/span><\/td>\n<\/tr>\n<tr>\n<td><span data-path-to-node=\"6,7,0,0\"><b data-path-to-node=\"6,7,0,0\" data-index-in-node=\"0\">Dimens\u00f5es<\/b><\/span><\/td>\n<td><span data-path-to-node=\"6,7,1,0\">136 mm \u00d7 114 mm \u00d7 49 mm<\/span><\/td>\n<\/tr>\n<tr>\n<td><span data-path-to-node=\"6,8,0,0\"><b data-path-to-node=\"6,8,0,0\" data-index-in-node=\"0\">Peso<\/b><\/span><\/td>\n<td><span data-path-to-node=\"6,8,1,0\">~940 g<\/span><\/td>\n<\/tr>\n<\/tbody>\n<\/table>\n<p>&nbsp;<\/p>\n<h3 data-path-to-node=\"8\">Por que se destaca<\/h3>\n<p data-path-to-node=\"9\"><span class=\"citation-10\">Ao contr\u00e1rio dos LiDARs mec\u00e2nicos tradicionais que utilizam conjuntos girat\u00f3rios volumosos, o AT128P utiliza um <\/span><b data-path-to-node=\"9\" data-index-in-node=\"95\"><span class=\"citation-10\">design h\u00edbrido compacto<\/span><\/b><span class=\"citation-10 citation-end-10\"> que seja mais f\u00e1cil de integrar na linha do teto ou na grade do ve\u00edculo.<\/span> Tamb\u00e9m apresenta caracter\u00edsticas propriet\u00e1rias. <b data-path-to-node=\"9\" data-index-in-node=\"211\">rejei\u00e7\u00e3o de interfer\u00eancia<\/b>, o que impede que o sensor seja &quot;cegado&quot; pelos sinais LiDAR de outros ve\u00edculos pr\u00f3ximos.<\/p>\n<blockquote data-path-to-node=\"10\">\n<p data-path-to-node=\"10,0\"><b data-path-to-node=\"10,0\" data-index-in-node=\"0\">Observa\u00e7\u00e3o:<\/b> O AT128P \u00e9 amplamente utilizado pelas principais montadoras de autom\u00f3veis (como a Li Auto e a Lotus) porque equilibra alto desempenho com um formato que n\u00e3o compromete a est\u00e9tica do ve\u00edculo.<\/p>\n<\/blockquote>","protected":false},"excerpt":{"rendered":"<p><span class=\"citation-16\">O <\/span><b data-path-to-node=\"0\" data-index-in-node=\"4\"><span class=\"citation-16\">Hesai AT128P<\/span><\/b><span class=\"citation-16 citation-end-16\"> \u00c9 um LiDAR h\u00edbrido de estado s\u00f3lido de alto desempenho, com qualidade automotiva, projetado especificamente para Sistemas Avan\u00e7ados de Assist\u00eancia ao Condutor (ADAS) e condu\u00e7\u00e3o aut\u00f4noma.<\/span> <span class=\"citation-15 citation-end-15\">Como uma evolu\u00e7\u00e3o dentro da s\u00e9rie AT, o modelo \u201cP\u201d enfatiza a alt\u00edssima resolu\u00e7\u00e3o e a detec\u00e7\u00e3o de longo alcance, atuando como os \u201colhos\u201d para ve\u00edculos aut\u00f4nomos de n\u00edvel 3+.<\/span><\/p>","protected":false},"featured_media":23750,"comment_status":"open","ping_status":"closed","template":"","meta":[],"product_brand":[1338],"product_cat":[1337,1037,1040],"product_tag":[1339,1340],"class_list":{"0":"post-23746","1":"product","2":"type-product","3":"status-publish","4":"has-post-thumbnail","6":"product_brand-hesai","7":"product_cat-hesai-lidars","8":"product_cat-robotics","9":"product_cat-sensors-robotics","10":"product_tag-hesai","11":"product_tag-hesai-lidars","13":"first","14":"onbackorder","15":"taxable","16":"shipping-taxable","17":"purchasable","18":"product-type-simple"},"yoast_head":"<!-- This site is optimized with the Yoast SEO plugin v27.4 - https:\/\/yoast.com\/product\/yoast-seo-wordpress\/ -->\n<title>Hesai AT128P - Ghostysky<\/title>\n<meta name=\"description\" content=\"The Hesai AT128P is a high-performance, automotive-grade hybrid solid-state LiDAR designed specifically for Advanced Driver Assistance Systems (ADAS) and autonomous driving. As an evolution within the AT series, the &quot;P&quot; model emphasizes ultra-high resolution and long-range detection, acting as the &quot;eyes&quot; for L3+ autonomous vehicles.\" \/>\n<meta name=\"robots\" content=\"index, follow, max-snippet:-1, max-image-preview:large, max-video-preview:-1\" \/>\n<link rel=\"canonical\" href=\"https:\/\/www.ghostysky.com\/pt\/produto-2\/hesai-at128p\/\" \/>\n<meta property=\"og:locale\" content=\"pt_PT\" \/>\n<meta property=\"og:type\" content=\"article\" \/>\n<meta property=\"og:title\" content=\"Hesai AT128P - Ghostysky\" \/>\n<meta property=\"og:description\" content=\"The Hesai AT128P is a high-performance, automotive-grade hybrid solid-state LiDAR designed specifically for Advanced Driver Assistance Systems (ADAS) and autonomous driving. As an evolution within the AT series, the &quot;P&quot; model emphasizes ultra-high resolution and long-range detection, acting as the &quot;eyes&quot; for L3+ autonomous vehicles.\" \/>\n<meta property=\"og:url\" content=\"https:\/\/www.ghostysky.com\/pt\/produto-2\/hesai-at128p\/\" \/>\n<meta property=\"og:site_name\" content=\"Ghostysky\" \/>\n<meta property=\"article:publisher\" content=\"https:\/\/www.facebook.com\/people\/Ghostysky\/100057676170234\/\" \/>\n<meta property=\"article:modified_time\" content=\"2026-04-07T14:08:14+00:00\" \/>\n<meta property=\"og:image\" content=\"https:\/\/www.ghostysky.com\/wp-content\/uploads\/2026\/01\/GH_Hesai_AT128P_1.jpg\" \/>\n\t<meta property=\"og:image:width\" content=\"1920\" \/>\n\t<meta property=\"og:image:height\" content=\"1920\" \/>\n\t<meta property=\"og:image:type\" content=\"image\/jpeg\" \/>\n<meta name=\"twitter:card\" content=\"summary_large_image\" \/>\n<meta name=\"twitter:site\" content=\"@Gh0stysky\" \/>\n<meta name=\"twitter:label1\" content=\"Tempo estimado de leitura\" \/>\n\t<meta name=\"twitter:data1\" content=\"2 minutos\" \/>\n<script type=\"application\/ld+json\" class=\"yoast-schema-graph\">{\"@context\":\"https:\\\/\\\/schema.org\",\"@graph\":[{\"@type\":\"WebPage\",\"@id\":\"https:\\\/\\\/www.ghostysky.com\\\/product\\\/hesai-at128p\\\/\",\"url\":\"https:\\\/\\\/www.ghostysky.com\\\/product\\\/hesai-at128p\\\/\",\"name\":\"Hesai AT128P - Ghostysky\",\"isPartOf\":{\"@id\":\"https:\\\/\\\/www.ghostysky.com\\\/#website\"},\"primaryImageOfPage\":{\"@id\":\"https:\\\/\\\/www.ghostysky.com\\\/product\\\/hesai-at128p\\\/#primaryimage\"},\"image\":{\"@id\":\"https:\\\/\\\/www.ghostysky.com\\\/product\\\/hesai-at128p\\\/#primaryimage\"},\"thumbnailUrl\":\"https:\\\/\\\/www.ghostysky.com\\\/wp-content\\\/uploads\\\/2026\\\/01\\\/GH_Hesai_AT128P_1.jpg\",\"datePublished\":\"2026-01-24T12:08:27+00:00\",\"dateModified\":\"2026-04-07T14:08:14+00:00\",\"description\":\"The Hesai AT128P is a high-performance, automotive-grade hybrid solid-state LiDAR designed specifically for Advanced Driver Assistance Systems (ADAS) and autonomous driving. As an evolution within the AT series, the \\\"P\\\" model emphasizes ultra-high resolution and long-range detection, acting as the \\\"eyes\\\" for L3+ autonomous vehicles.\",\"breadcrumb\":{\"@id\":\"https:\\\/\\\/www.ghostysky.com\\\/product\\\/hesai-at128p\\\/#breadcrumb\"},\"inLanguage\":\"pt-PT\",\"potentialAction\":[{\"@type\":\"ReadAction\",\"target\":[\"https:\\\/\\\/www.ghostysky.com\\\/product\\\/hesai-at128p\\\/\"]}]},{\"@type\":\"ImageObject\",\"inLanguage\":\"pt-PT\",\"@id\":\"https:\\\/\\\/www.ghostysky.com\\\/product\\\/hesai-at128p\\\/#primaryimage\",\"url\":\"https:\\\/\\\/www.ghostysky.com\\\/wp-content\\\/uploads\\\/2026\\\/01\\\/GH_Hesai_AT128P_1.jpg\",\"contentUrl\":\"https:\\\/\\\/www.ghostysky.com\\\/wp-content\\\/uploads\\\/2026\\\/01\\\/GH_Hesai_AT128P_1.jpg\",\"width\":1920,\"height\":1920},{\"@type\":\"BreadcrumbList\",\"@id\":\"https:\\\/\\\/www.ghostysky.com\\\/product\\\/hesai-at128p\\\/#breadcrumb\",\"itemListElement\":[{\"@type\":\"ListItem\",\"position\":1,\"name\":\"Home\",\"item\":\"https:\\\/\\\/www.ghostysky.com\\\/\"},{\"@type\":\"ListItem\",\"position\":2,\"name\":\"Shop\",\"item\":\"https:\\\/\\\/www.ghostysky.com\\\/shop\\\/\"},{\"@type\":\"ListItem\",\"position\":3,\"name\":\"Hesai AT128P\"}]},{\"@type\":\"WebSite\",\"@id\":\"https:\\\/\\\/www.ghostysky.com\\\/#website\",\"url\":\"https:\\\/\\\/www.ghostysky.com\\\/\",\"name\":\"Ghostysky\",\"description\":\"Delivering professional drones and services\",\"publisher\":{\"@id\":\"https:\\\/\\\/www.ghostysky.com\\\/#organization\"},\"potentialAction\":[{\"@type\":\"SearchAction\",\"target\":{\"@type\":\"EntryPoint\",\"urlTemplate\":\"https:\\\/\\\/www.ghostysky.com\\\/?s={search_term_string}\"},\"query-input\":{\"@type\":\"PropertyValueSpecification\",\"valueRequired\":true,\"valueName\":\"search_term_string\"}}],\"inLanguage\":\"pt-PT\"},{\"@type\":\"Organization\",\"@id\":\"https:\\\/\\\/www.ghostysky.com\\\/#organization\",\"name\":\"Ghostysky\",\"url\":\"https:\\\/\\\/www.ghostysky.com\\\/\",\"logo\":{\"@type\":\"ImageObject\",\"inLanguage\":\"pt-PT\",\"@id\":\"https:\\\/\\\/www.ghostysky.com\\\/#\\\/schema\\\/logo\\\/image\\\/\",\"url\":\"https:\\\/\\\/www.ghostysky.com\\\/wp-content\\\/uploads\\\/2020\\\/06\\\/cropped-ghostyskylogo_text_white2.png\",\"contentUrl\":\"https:\\\/\\\/www.ghostysky.com\\\/wp-content\\\/uploads\\\/2020\\\/06\\\/cropped-ghostyskylogo_text_white2.png\",\"width\":169,\"height\":56,\"caption\":\"Ghostysky\"},\"image\":{\"@id\":\"https:\\\/\\\/www.ghostysky.com\\\/#\\\/schema\\\/logo\\\/image\\\/\"},\"sameAs\":[\"https:\\\/\\\/www.facebook.com\\\/people\\\/Ghostysky\\\/100057676170234\\\/\",\"https:\\\/\\\/x.com\\\/Gh0stysky\",\"https:\\\/\\\/www.linkedin.com\\\/company\\\/34739653\",\"https:\\\/\\\/www.instagram.com\\\/gh0stysky\"]}]}<\/script>\n<!-- \/ Yoast SEO plugin. -->","yoast_head_json":{"title":"Hesai AT128P - Ghostysky","description":"O Hesai AT128P \u00e9 um LiDAR h\u00edbrido de estado s\u00f3lido de alto desempenho, com qualidade automotiva, projetado especificamente para Sistemas Avan\u00e7ados de Assist\u00eancia ao Condutor (ADAS) e condu\u00e7\u00e3o aut\u00f4noma. Como uma evolu\u00e7\u00e3o dentro da s\u00e9rie AT, o modelo &quot;P&quot; enfatiza a alt\u00edssima resolu\u00e7\u00e3o e a detec\u00e7\u00e3o de longo alcance, atuando como os &quot;olhos&quot; para ve\u00edculos aut\u00f4nomos de n\u00edvel 3+.","robots":{"index":"index","follow":"follow","max-snippet":"max-snippet:-1","max-image-preview":"max-image-preview:large","max-video-preview":"max-video-preview:-1"},"canonical":"https:\/\/www.ghostysky.com\/pt\/produto-2\/hesai-at128p\/","og_locale":"pt_PT","og_type":"article","og_title":"Hesai AT128P - Ghostysky","og_description":"The Hesai AT128P is a high-performance, automotive-grade hybrid solid-state LiDAR designed specifically for Advanced Driver Assistance Systems (ADAS) and autonomous driving. As an evolution within the AT series, the \"P\" model emphasizes ultra-high resolution and long-range detection, acting as the \"eyes\" for L3+ autonomous vehicles.","og_url":"https:\/\/www.ghostysky.com\/pt\/produto-2\/hesai-at128p\/","og_site_name":"Ghostysky","article_publisher":"https:\/\/www.facebook.com\/people\/Ghostysky\/100057676170234\/","article_modified_time":"2026-04-07T14:08:14+00:00","og_image":[{"width":1920,"height":1920,"url":"https:\/\/www.ghostysky.com\/wp-content\/uploads\/2026\/01\/GH_Hesai_AT128P_1.jpg","type":"image\/jpeg"}],"twitter_card":"summary_large_image","twitter_site":"@Gh0stysky","twitter_misc":{"Tempo estimado de leitura":"2 minutos"},"schema":{"@context":"https:\/\/schema.org","@graph":[{"@type":"WebPage","@id":"https:\/\/www.ghostysky.com\/product\/hesai-at128p\/","url":"https:\/\/www.ghostysky.com\/product\/hesai-at128p\/","name":"Hesai AT128P - Ghostysky","isPartOf":{"@id":"https:\/\/www.ghostysky.com\/#website"},"primaryImageOfPage":{"@id":"https:\/\/www.ghostysky.com\/product\/hesai-at128p\/#primaryimage"},"image":{"@id":"https:\/\/www.ghostysky.com\/product\/hesai-at128p\/#primaryimage"},"thumbnailUrl":"https:\/\/www.ghostysky.com\/wp-content\/uploads\/2026\/01\/GH_Hesai_AT128P_1.jpg","datePublished":"2026-01-24T12:08:27+00:00","dateModified":"2026-04-07T14:08:14+00:00","description":"O Hesai AT128P \u00e9 um LiDAR h\u00edbrido de estado s\u00f3lido de alto desempenho, com qualidade automotiva, projetado especificamente para Sistemas Avan\u00e7ados de Assist\u00eancia ao Condutor (ADAS) e condu\u00e7\u00e3o aut\u00f4noma. Como uma evolu\u00e7\u00e3o dentro da s\u00e9rie AT, o modelo &quot;P&quot; enfatiza a alt\u00edssima resolu\u00e7\u00e3o e a detec\u00e7\u00e3o de longo alcance, atuando como os &quot;olhos&quot; para ve\u00edculos aut\u00f4nomos de n\u00edvel 3+.","breadcrumb":{"@id":"https:\/\/www.ghostysky.com\/product\/hesai-at128p\/#breadcrumb"},"inLanguage":"pt-PT","potentialAction":[{"@type":"ReadAction","target":["https:\/\/www.ghostysky.com\/product\/hesai-at128p\/"]}]},{"@type":"ImageObject","inLanguage":"pt-PT","@id":"https:\/\/www.ghostysky.com\/product\/hesai-at128p\/#primaryimage","url":"https:\/\/www.ghostysky.com\/wp-content\/uploads\/2026\/01\/GH_Hesai_AT128P_1.jpg","contentUrl":"https:\/\/www.ghostysky.com\/wp-content\/uploads\/2026\/01\/GH_Hesai_AT128P_1.jpg","width":1920,"height":1920},{"@type":"BreadcrumbList","@id":"https:\/\/www.ghostysky.com\/product\/hesai-at128p\/#breadcrumb","itemListElement":[{"@type":"ListItem","position":1,"name":"Home","item":"https:\/\/www.ghostysky.com\/"},{"@type":"ListItem","position":2,"name":"Shop","item":"https:\/\/www.ghostysky.com\/shop\/"},{"@type":"ListItem","position":3,"name":"Hesai AT128P"}]},{"@type":"WebSite","@id":"https:\/\/www.ghostysky.com\/#website","url":"https:\/\/www.ghostysky.com\/","name":"Ghostysky","description":"Fornecendo drones e servi\u00e7os profissionais","publisher":{"@id":"https:\/\/www.ghostysky.com\/#organization"},"potentialAction":[{"@type":"SearchAction","target":{"@type":"EntryPoint","urlTemplate":"https:\/\/www.ghostysky.com\/?s={search_term_string}"},"query-input":{"@type":"PropertyValueSpecification","valueRequired":true,"valueName":"search_term_string"}}],"inLanguage":"pt-PT"},{"@type":"Organization","@id":"https:\/\/www.ghostysky.com\/#organization","name":"Ghostysky","url":"https:\/\/www.ghostysky.com\/","logo":{"@type":"ImageObject","inLanguage":"pt-PT","@id":"https:\/\/www.ghostysky.com\/#\/schema\/logo\/image\/","url":"https:\/\/www.ghostysky.com\/wp-content\/uploads\/2020\/06\/cropped-ghostyskylogo_text_white2.png","contentUrl":"https:\/\/www.ghostysky.com\/wp-content\/uploads\/2020\/06\/cropped-ghostyskylogo_text_white2.png","width":169,"height":56,"caption":"Ghostysky"},"image":{"@id":"https:\/\/www.ghostysky.com\/#\/schema\/logo\/image\/"},"sameAs":["https:\/\/www.facebook.com\/people\/Ghostysky\/100057676170234\/","https:\/\/x.com\/Gh0stysky","https:\/\/www.linkedin.com\/company\/34739653","https:\/\/www.instagram.com\/gh0stysky"]}]}},"_links":{"self":[{"href":"https:\/\/www.ghostysky.com\/pt\/wp-json\/wp\/v2\/product\/23746","targetHints":{"allow":["GET"]}}],"collection":[{"href":"https:\/\/www.ghostysky.com\/pt\/wp-json\/wp\/v2\/product"}],"about":[{"href":"https:\/\/www.ghostysky.com\/pt\/wp-json\/wp\/v2\/types\/product"}],"replies":[{"embeddable":true,"href":"https:\/\/www.ghostysky.com\/pt\/wp-json\/wp\/v2\/comments?post=23746"}],"version-history":[{"count":0,"href":"https:\/\/www.ghostysky.com\/pt\/wp-json\/wp\/v2\/product\/23746\/revisions"}],"wp:featuredmedia":[{"embeddable":true,"href":"https:\/\/www.ghostysky.com\/pt\/wp-json\/wp\/v2\/media\/23750"}],"wp:attachment":[{"href":"https:\/\/www.ghostysky.com\/pt\/wp-json\/wp\/v2\/media?parent=23746"}],"wp:term":[{"taxonomy":"product_brand","embeddable":true,"href":"https:\/\/www.ghostysky.com\/pt\/wp-json\/wp\/v2\/product_brand?post=23746"},{"taxonomy":"product_cat","embeddable":true,"href":"https:\/\/www.ghostysky.com\/pt\/wp-json\/wp\/v2\/product_cat?post=23746"},{"taxonomy":"product_tag","embeddable":true,"href":"https:\/\/www.ghostysky.com\/pt\/wp-json\/wp\/v2\/product_tag?post=23746"}],"curies":[{"name":"wp","href":"https:\/\/api.w.org\/{rel}","templated":true}]}}