{"id":23754,"date":"2026-01-24T12:12:04","date_gmt":"2026-01-24T12:12:04","guid":{"rendered":"https:\/\/www.ghostysky.com\/?post_type=product&#038;p=23754"},"modified":"2026-04-07T14:05:19","modified_gmt":"2026-04-07T14:05:19","slug":"hesai-ft120","status":"publish","type":"product","link":"https:\/\/www.ghostysky.com\/pt\/product\/hesai-ft120\/","title":{"rendered":"Hesai FT120"},"content":{"rendered":"<h3 data-path-to-node=\"3\">Caracter\u00edsticas principais<\/h3>\n<ul data-path-to-node=\"4\">\n<li>\n<p data-path-to-node=\"4,0,0\"><b data-path-to-node=\"4,0,0\" data-index-in-node=\"0\"><span class=\"citation-43\">Design totalmente em estado s\u00f3lido:<\/span><\/b><span class=\"citation-43 citation-end-43\"> Utiliza digitaliza\u00e7\u00e3o eletr\u00f4nica (E-scanning) sem partes m\u00f3veis internas.<\/span> <span class=\"citation-42 citation-end-42\">Isso aumenta significativamente sua vida \u00fatil e resist\u00eancia \u00e0 vibra\u00e7\u00e3o, atendendo aos rigorosos padr\u00f5es automotivos.<\/span><\/p>\n<\/li>\n<li>\n<p data-path-to-node=\"4,1,0\"><b data-path-to-node=\"4,1,0\" data-index-in-node=\"0\">Campo de vis\u00e3o ultra amplo (FOV):<\/b><span class=\"citation-41\"> Com um <\/span><b data-path-to-node=\"4,1,0\" data-index-in-node=\"39\"><span class=\"citation-41\">100\u00b0 (H) x 75\u00b0 (V)<\/span><\/b><span class=\"citation-41 citation-end-41\"> O campo de vis\u00e3o (FOV) proporciona uma ampla cobertura vertical, permitindo que os ve\u00edculos &quot;vejam&quot; obst\u00e1culos baixos, como cones de tr\u00e2nsito ou placas de sinaliza\u00e7\u00e3o altas, que sensores de longo alcance podem n\u00e3o detectar.<\/span><\/p>\n<\/li>\n<li>\n<p data-path-to-node=\"4,2,0\"><b data-path-to-node=\"4,2,0\" data-index-in-node=\"0\"><span class=\"citation-40\">Integra\u00e7\u00e3o perfeita:<\/span><\/b><span class=\"citation-40\"> Seu formato compacto (janela exposta m\u00ednima de apenas <\/span><b data-path-to-node=\"4,2,0\" data-index-in-node=\"78\"><span class=\"citation-40\">70 x 50 mm<\/span><\/b><span class=\"citation-40 citation-end-40\">) permite que ele seja embutido em para-choques, grades ou para-lamas sem comprometer a est\u00e9tica do ve\u00edculo.<\/span><\/p>\n<\/li>\n<li>\n<p data-path-to-node=\"4,3,0\"><b data-path-to-node=\"4,3,0\" data-index-in-node=\"0\"><span class=\"citation-39\">Especialista em Curto Alcance:<\/span><\/b><span class=\"citation-39\"> Otimizado para detec\u00e7\u00e3o de curto alcance at\u00e9 <\/span><b data-path-to-node=\"4,3,0\" data-index-in-node=\"65\"><span class=\"citation-39\">100 metros<\/span><\/b><span class=\"citation-39 citation-end-39\">, tornando-o o parceiro perfeito para lidars de longo alcance (como o Hesai AT128) para criar um casulo de seguran\u00e7a de 360\u00b0.<\/span><\/p>\n<div class=\"source-inline-chip-container ng-star-inserted\"><\/div>\n<p>&nbsp;<\/li>\n<\/ul>\n<h3 data-path-to-node=\"6\">Especifica\u00e7\u00f5es t\u00e9cnicas<\/h3>\n<table data-path-to-node=\"7\">\n<thead>\n<tr>\n<td><strong>Recurso<\/strong><\/td>\n<td><strong>Especifica\u00e7\u00f5es<\/strong><\/td>\n<\/tr>\n<\/thead>\n<tbody>\n<tr>\n<td><span data-path-to-node=\"7,1,0,0\"><b data-path-to-node=\"7,1,0,0\" data-index-in-node=\"0\">Faixa de detec\u00e7\u00e3o<\/b><\/span><\/td>\n<td><span data-path-to-node=\"7,1,1,0\">0,1 m a 100 m (com alta refletividade)<\/span><\/td>\n<\/tr>\n<tr>\n<td><span data-path-to-node=\"7,2,0,0\"><b data-path-to-node=\"7,2,0,0\" data-index-in-node=\"0\">Campo de vis\u00e3o (FOV)<\/b><\/span><\/td>\n<td><span data-path-to-node=\"7,2,1,0\">100\u00b0 Horizontal x 75\u00b0 Vertical<\/span><\/td>\n<\/tr>\n<tr>\n<td><span data-path-to-node=\"7,3,0,0\"><b data-path-to-node=\"7,3,0,0\" data-index-in-node=\"0\">Resolu\u00e7\u00e3o<\/b><\/span><\/td>\n<td><span data-path-to-node=\"7,3,1,0\">160 (A) x 120 (V) pixels<\/span><\/td>\n<\/tr>\n<tr>\n<td><span data-path-to-node=\"7,4,0,0\"><b data-path-to-node=\"7,4,0,0\" data-index-in-node=\"0\">Resolu\u00e7\u00e3o angular<\/b><\/span><\/td>\n<td><span data-path-to-node=\"7,4,1,0\">0,625\u00b0 x 0,625\u00b0<\/span><\/td>\n<\/tr>\n<tr>\n<td><span data-path-to-node=\"7,5,0,0\"><b data-path-to-node=\"7,5,0,0\" data-index-in-node=\"0\">Taxa de dados<\/b><\/span><\/td>\n<td><span data-path-to-node=\"7,5,1,0\">192.000 pts\/s (Retorno \u00danico) \/ 384.000 pts\/s (Retorno Duplo)<\/span><\/td>\n<\/tr>\n<tr>\n<td><span data-path-to-node=\"7,6,0,0\"><b data-path-to-node=\"7,6,0,0\" data-index-in-node=\"0\">Taxa de quadros<\/b><\/span><\/td>\n<td><span data-path-to-node=\"7,6,1,0\">10 Hz (t\u00edpico)<\/span><\/td>\n<\/tr>\n<tr>\n<td><span data-path-to-node=\"7,7,0,0\"><b data-path-to-node=\"7,7,0,0\" data-index-in-node=\"0\">Consumo de energia<\/b><\/span><\/td>\n<td><span data-path-to-node=\"7,7,1,0\">&lt; 15 W<\/span><\/td>\n<\/tr>\n<tr>\n<td><span data-path-to-node=\"7,8,0,0\"><b data-path-to-node=\"7,8,0,0\" data-index-in-node=\"0\">Prote\u00e7\u00e3o de entrada<\/b><\/span><\/td>\n<td><span data-path-to-node=\"7,8,1,0\">IP6K7 e IP6K9K (\u00c0 prova d&#039;\u00e1gua\/poeira)<\/span><\/td>\n<\/tr>\n<\/tbody>\n<\/table>\n<p>&nbsp;<\/p>\n<h2 data-path-to-node=\"9\"><\/h2>\n<h3 data-path-to-node=\"9\">Principais casos de uso<\/h3>\n<ul data-path-to-node=\"10\">\n<li>\n<p data-path-to-node=\"10,0,0\"><b data-path-to-node=\"10,0,0\" data-index-in-node=\"0\">Estacionamento aut\u00f4nomo:<\/b><span class=\"citation-38 citation-end-38\"> Detec\u00e7\u00e3o de guias baixas, pilares de estacionamento e pedestres em espa\u00e7os apertados.<\/span><\/p>\n<\/li>\n<li>\n<p data-path-to-node=\"10,1,0\"><b data-path-to-node=\"10,1,0\" data-index-in-node=\"0\">Manobras urbanas:<\/b><span class=\"citation-37 citation-end-37\"> Navegar por cruzamentos complexos onde \u00e9 necess\u00e1ria uma vis\u00e3o grande angular para detectar ciclistas ou pedestres entrando em &quot;pontos cegos&quot;.<\/span><\/p>\n<\/li>\n<li>\n<p data-path-to-node=\"10,2,0\"><b data-path-to-node=\"10,2,0\" data-index-in-node=\"0\"><span class=\"citation-36\">Ultrapassagens e mudan\u00e7as de faixa:<\/span><\/b><span class=\"citation-36 citation-end-36\"> Fornecendo percep\u00e7\u00e3o lateral em tempo real para garantir uma fus\u00e3o segura.<\/span><\/p>\n<\/li>\n<li>\n<p data-path-to-node=\"10,3,0\"><b data-path-to-node=\"10,3,0\" data-index-in-node=\"0\">Rob\u00f3tica:<\/b> Ideal para rob\u00f4s de entrega de \u00faltima milha e AGVs que exigem mapeamento 3D de alta resolu\u00e7\u00e3o em ambientes congestionados.<\/p>\n<\/li>\n<\/ul>\n<blockquote data-path-to-node=\"11\">\n<p data-path-to-node=\"11,0\"><span class=\"citation-35\">A partir de 2026, o FT120 ser\u00e1 substitu\u00eddo em alguns mercados pelo <\/span><b data-path-to-node=\"11,0\" data-index-in-node=\"72\"><span class=\"citation-35\">Hesai FTX<\/span><\/b><span class=\"citation-35 citation-end-35\">, que oferece um campo de vis\u00e3o ainda mais amplo (at\u00e9 180\u00b0) e um peso mais leve.<\/span><\/p>\n<\/blockquote>","protected":false},"excerpt":{"rendered":"<p data-path-to-node=\"0\"><span class=\"citation-45\">O <\/span><b data-path-to-node=\"0\" data-index-in-node=\"4\"><span class=\"citation-45\">Hesai FT120<\/span><\/b><span class=\"citation-45 citation-end-45\"> \u00c9 um sensor lidar de alto desempenho, totalmente em estado s\u00f3lido, projetado especificamente para &quot;preencher pontos cegos&quot; em Sistemas Avan\u00e7ados de Assist\u00eancia ao Condutor (ADAS) e ve\u00edculos aut\u00f4nomos.<\/span><\/p>\n<p data-path-to-node=\"1\"><span class=\"citation-44 citation-end-44\">Diferentemente dos lidars tradicionais com componentes girat\u00f3rios, o FT120 n\u00e3o possui partes m\u00f3veis, o que o torna altamente dur\u00e1vel, confi\u00e1vel e f\u00e1cil de integrar \u00e0 carroceria de um ve\u00edculo.<\/span><\/p>","protected":false},"featured_media":23756,"comment_status":"open","ping_status":"closed","template":"","meta":[],"product_brand":[1338],"product_cat":[1337,1037,1040],"product_tag":[1339,1340],"class_list":{"0":"post-23754","1":"product","2":"type-product","3":"status-publish","4":"has-post-thumbnail","6":"product_brand-hesai","7":"product_cat-hesai-lidars","8":"product_cat-robotics","9":"product_cat-sensors-robotics","10":"product_tag-hesai","11":"product_tag-hesai-lidars","13":"first","14":"onbackorder","15":"taxable","16":"shipping-taxable","17":"product-type-simple"},"yoast_head":"<!-- This site is optimized with the Yoast SEO plugin v27.4 - https:\/\/yoast.com\/product\/yoast-seo-wordpress\/ -->\n<title>Hesai FT120 - Ghostysky<\/title>\n<meta name=\"description\" content=\"The Hesai FT120 is a high-performance, fully solid-state lidar sensor designed specifically as a &quot;blind-spot filler&quot; for Advanced Driver Assistance Systems (ADAS) and autonomous vehicles.Unlike traditional lidars with spinning components, the FT120 features no moving parts, making it highly durable, reliable, and easy to integrate into a vehicle&#039;s bodywork.\" \/>\n<meta name=\"robots\" content=\"index, follow, max-snippet:-1, max-image-preview:large, max-video-preview:-1\" \/>\n<link rel=\"canonical\" href=\"https:\/\/www.ghostysky.com\/pt\/produto-2\/hesai-ft120\/\" \/>\n<meta property=\"og:locale\" content=\"pt_PT\" \/>\n<meta property=\"og:type\" content=\"article\" \/>\n<meta property=\"og:title\" content=\"Hesai FT120 - Ghostysky\" \/>\n<meta property=\"og:description\" content=\"The Hesai FT120 is a high-performance, fully solid-state lidar sensor designed specifically as a &quot;blind-spot filler&quot; for Advanced Driver Assistance Systems (ADAS) and autonomous vehicles.Unlike traditional lidars with spinning components, the FT120 features no moving parts, making it highly durable, reliable, and easy to integrate into a vehicle&#039;s bodywork.\" \/>\n<meta property=\"og:url\" content=\"https:\/\/www.ghostysky.com\/pt\/produto-2\/hesai-ft120\/\" \/>\n<meta property=\"og:site_name\" content=\"Ghostysky\" \/>\n<meta property=\"article:publisher\" content=\"https:\/\/www.facebook.com\/people\/Ghostysky\/100057676170234\/\" \/>\n<meta property=\"article:modified_time\" content=\"2026-04-07T14:05:19+00:00\" \/>\n<meta property=\"og:image\" content=\"https:\/\/www.ghostysky.com\/wp-content\/uploads\/2026\/01\/GH_Hesai_FT120_1.webp\" \/>\n\t<meta property=\"og:image:width\" content=\"1200\" \/>\n\t<meta property=\"og:image:height\" content=\"1200\" \/>\n\t<meta property=\"og:image:type\" content=\"image\/webp\" \/>\n<meta name=\"twitter:card\" content=\"summary_large_image\" \/>\n<meta name=\"twitter:site\" content=\"@Gh0stysky\" \/>\n<meta name=\"twitter:label1\" content=\"Tempo estimado de leitura\" \/>\n\t<meta name=\"twitter:data1\" content=\"2 minutos\" \/>\n<script type=\"application\/ld+json\" class=\"yoast-schema-graph\">{\"@context\":\"https:\\\/\\\/schema.org\",\"@graph\":[{\"@type\":\"WebPage\",\"@id\":\"https:\\\/\\\/www.ghostysky.com\\\/product\\\/hesai-ft120\\\/\",\"url\":\"https:\\\/\\\/www.ghostysky.com\\\/product\\\/hesai-ft120\\\/\",\"name\":\"Hesai FT120 - Ghostysky\",\"isPartOf\":{\"@id\":\"https:\\\/\\\/www.ghostysky.com\\\/#website\"},\"primaryImageOfPage\":{\"@id\":\"https:\\\/\\\/www.ghostysky.com\\\/product\\\/hesai-ft120\\\/#primaryimage\"},\"image\":{\"@id\":\"https:\\\/\\\/www.ghostysky.com\\\/product\\\/hesai-ft120\\\/#primaryimage\"},\"thumbnailUrl\":\"https:\\\/\\\/www.ghostysky.com\\\/wp-content\\\/uploads\\\/2026\\\/01\\\/GH_Hesai_FT120_1.webp\",\"datePublished\":\"2026-01-24T12:12:04+00:00\",\"dateModified\":\"2026-04-07T14:05:19+00:00\",\"description\":\"The Hesai FT120 is a high-performance, fully solid-state lidar sensor designed specifically as a \\\"blind-spot filler\\\" for Advanced Driver Assistance Systems (ADAS) and autonomous vehicles.Unlike traditional lidars with spinning components, the FT120 features no moving parts, making it highly durable, reliable, and easy to integrate into a vehicle's bodywork.\",\"breadcrumb\":{\"@id\":\"https:\\\/\\\/www.ghostysky.com\\\/product\\\/hesai-ft120\\\/#breadcrumb\"},\"inLanguage\":\"pt-PT\",\"potentialAction\":[{\"@type\":\"ReadAction\",\"target\":[\"https:\\\/\\\/www.ghostysky.com\\\/product\\\/hesai-ft120\\\/\"]}]},{\"@type\":\"ImageObject\",\"inLanguage\":\"pt-PT\",\"@id\":\"https:\\\/\\\/www.ghostysky.com\\\/product\\\/hesai-ft120\\\/#primaryimage\",\"url\":\"https:\\\/\\\/www.ghostysky.com\\\/wp-content\\\/uploads\\\/2026\\\/01\\\/GH_Hesai_FT120_1.webp\",\"contentUrl\":\"https:\\\/\\\/www.ghostysky.com\\\/wp-content\\\/uploads\\\/2026\\\/01\\\/GH_Hesai_FT120_1.webp\",\"width\":1200,\"height\":1200},{\"@type\":\"BreadcrumbList\",\"@id\":\"https:\\\/\\\/www.ghostysky.com\\\/product\\\/hesai-ft120\\\/#breadcrumb\",\"itemListElement\":[{\"@type\":\"ListItem\",\"position\":1,\"name\":\"Home\",\"item\":\"https:\\\/\\\/www.ghostysky.com\\\/\"},{\"@type\":\"ListItem\",\"position\":2,\"name\":\"Shop\",\"item\":\"https:\\\/\\\/www.ghostysky.com\\\/shop\\\/\"},{\"@type\":\"ListItem\",\"position\":3,\"name\":\"Hesai FT120\"}]},{\"@type\":\"WebSite\",\"@id\":\"https:\\\/\\\/www.ghostysky.com\\\/#website\",\"url\":\"https:\\\/\\\/www.ghostysky.com\\\/\",\"name\":\"Ghostysky\",\"description\":\"Delivering professional drones and services\",\"publisher\":{\"@id\":\"https:\\\/\\\/www.ghostysky.com\\\/#organization\"},\"potentialAction\":[{\"@type\":\"SearchAction\",\"target\":{\"@type\":\"EntryPoint\",\"urlTemplate\":\"https:\\\/\\\/www.ghostysky.com\\\/?s={search_term_string}\"},\"query-input\":{\"@type\":\"PropertyValueSpecification\",\"valueRequired\":true,\"valueName\":\"search_term_string\"}}],\"inLanguage\":\"pt-PT\"},{\"@type\":\"Organization\",\"@id\":\"https:\\\/\\\/www.ghostysky.com\\\/#organization\",\"name\":\"Ghostysky\",\"url\":\"https:\\\/\\\/www.ghostysky.com\\\/\",\"logo\":{\"@type\":\"ImageObject\",\"inLanguage\":\"pt-PT\",\"@id\":\"https:\\\/\\\/www.ghostysky.com\\\/#\\\/schema\\\/logo\\\/image\\\/\",\"url\":\"https:\\\/\\\/www.ghostysky.com\\\/wp-content\\\/uploads\\\/2020\\\/06\\\/cropped-ghostyskylogo_text_white2.png\",\"contentUrl\":\"https:\\\/\\\/www.ghostysky.com\\\/wp-content\\\/uploads\\\/2020\\\/06\\\/cropped-ghostyskylogo_text_white2.png\",\"width\":169,\"height\":56,\"caption\":\"Ghostysky\"},\"image\":{\"@id\":\"https:\\\/\\\/www.ghostysky.com\\\/#\\\/schema\\\/logo\\\/image\\\/\"},\"sameAs\":[\"https:\\\/\\\/www.facebook.com\\\/people\\\/Ghostysky\\\/100057676170234\\\/\",\"https:\\\/\\\/x.com\\\/Gh0stysky\",\"https:\\\/\\\/www.linkedin.com\\\/company\\\/34739653\",\"https:\\\/\\\/www.instagram.com\\\/gh0stysky\"]}]}<\/script>\n<!-- \/ Yoast SEO plugin. -->","yoast_head_json":{"title":"Hesai FT120 - Ghostysky","description":"O Hesai FT120 \u00e9 um sensor lidar de alto desempenho, totalmente em estado s\u00f3lido, projetado especificamente para preencher pontos cegos em Sistemas Avan\u00e7ados de Assist\u00eancia ao Condutor (ADAS) e ve\u00edculos aut\u00f4nomos. Ao contr\u00e1rio dos lidars tradicionais com componentes girat\u00f3rios, o FT120 n\u00e3o possui partes m\u00f3veis, o que o torna altamente dur\u00e1vel, confi\u00e1vel e f\u00e1cil de integrar \u00e0 carroceria do ve\u00edculo.","robots":{"index":"index","follow":"follow","max-snippet":"max-snippet:-1","max-image-preview":"max-image-preview:large","max-video-preview":"max-video-preview:-1"},"canonical":"https:\/\/www.ghostysky.com\/pt\/produto-2\/hesai-ft120\/","og_locale":"pt_PT","og_type":"article","og_title":"Hesai FT120 - Ghostysky","og_description":"The Hesai FT120 is a high-performance, fully solid-state lidar sensor designed specifically as a \"blind-spot filler\" for Advanced Driver Assistance Systems (ADAS) and autonomous vehicles.Unlike traditional lidars with spinning components, the FT120 features no moving parts, making it highly durable, reliable, and easy to integrate into a vehicle's bodywork.","og_url":"https:\/\/www.ghostysky.com\/pt\/produto-2\/hesai-ft120\/","og_site_name":"Ghostysky","article_publisher":"https:\/\/www.facebook.com\/people\/Ghostysky\/100057676170234\/","article_modified_time":"2026-04-07T14:05:19+00:00","og_image":[{"width":1200,"height":1200,"url":"https:\/\/www.ghostysky.com\/wp-content\/uploads\/2026\/01\/GH_Hesai_FT120_1.webp","type":"image\/webp"}],"twitter_card":"summary_large_image","twitter_site":"@Gh0stysky","twitter_misc":{"Tempo estimado de leitura":"2 minutos"},"schema":{"@context":"https:\/\/schema.org","@graph":[{"@type":"WebPage","@id":"https:\/\/www.ghostysky.com\/product\/hesai-ft120\/","url":"https:\/\/www.ghostysky.com\/product\/hesai-ft120\/","name":"Hesai FT120 - Ghostysky","isPartOf":{"@id":"https:\/\/www.ghostysky.com\/#website"},"primaryImageOfPage":{"@id":"https:\/\/www.ghostysky.com\/product\/hesai-ft120\/#primaryimage"},"image":{"@id":"https:\/\/www.ghostysky.com\/product\/hesai-ft120\/#primaryimage"},"thumbnailUrl":"https:\/\/www.ghostysky.com\/wp-content\/uploads\/2026\/01\/GH_Hesai_FT120_1.webp","datePublished":"2026-01-24T12:12:04+00:00","dateModified":"2026-04-07T14:05:19+00:00","description":"O Hesai FT120 \u00e9 um sensor lidar de alto desempenho, totalmente em estado s\u00f3lido, projetado especificamente para preencher pontos cegos em Sistemas Avan\u00e7ados de Assist\u00eancia ao Condutor (ADAS) e ve\u00edculos aut\u00f4nomos. Ao contr\u00e1rio dos lidars tradicionais com componentes girat\u00f3rios, o FT120 n\u00e3o possui partes m\u00f3veis, o que o torna altamente dur\u00e1vel, confi\u00e1vel e f\u00e1cil de integrar \u00e0 carroceria do ve\u00edculo.","breadcrumb":{"@id":"https:\/\/www.ghostysky.com\/product\/hesai-ft120\/#breadcrumb"},"inLanguage":"pt-PT","potentialAction":[{"@type":"ReadAction","target":["https:\/\/www.ghostysky.com\/product\/hesai-ft120\/"]}]},{"@type":"ImageObject","inLanguage":"pt-PT","@id":"https:\/\/www.ghostysky.com\/product\/hesai-ft120\/#primaryimage","url":"https:\/\/www.ghostysky.com\/wp-content\/uploads\/2026\/01\/GH_Hesai_FT120_1.webp","contentUrl":"https:\/\/www.ghostysky.com\/wp-content\/uploads\/2026\/01\/GH_Hesai_FT120_1.webp","width":1200,"height":1200},{"@type":"BreadcrumbList","@id":"https:\/\/www.ghostysky.com\/product\/hesai-ft120\/#breadcrumb","itemListElement":[{"@type":"ListItem","position":1,"name":"Home","item":"https:\/\/www.ghostysky.com\/"},{"@type":"ListItem","position":2,"name":"Shop","item":"https:\/\/www.ghostysky.com\/shop\/"},{"@type":"ListItem","position":3,"name":"Hesai FT120"}]},{"@type":"WebSite","@id":"https:\/\/www.ghostysky.com\/#website","url":"https:\/\/www.ghostysky.com\/","name":"Ghostysky","description":"Fornecendo drones e servi\u00e7os profissionais","publisher":{"@id":"https:\/\/www.ghostysky.com\/#organization"},"potentialAction":[{"@type":"SearchAction","target":{"@type":"EntryPoint","urlTemplate":"https:\/\/www.ghostysky.com\/?s={search_term_string}"},"query-input":{"@type":"PropertyValueSpecification","valueRequired":true,"valueName":"search_term_string"}}],"inLanguage":"pt-PT"},{"@type":"Organization","@id":"https:\/\/www.ghostysky.com\/#organization","name":"Ghostysky","url":"https:\/\/www.ghostysky.com\/","logo":{"@type":"ImageObject","inLanguage":"pt-PT","@id":"https:\/\/www.ghostysky.com\/#\/schema\/logo\/image\/","url":"https:\/\/www.ghostysky.com\/wp-content\/uploads\/2020\/06\/cropped-ghostyskylogo_text_white2.png","contentUrl":"https:\/\/www.ghostysky.com\/wp-content\/uploads\/2020\/06\/cropped-ghostyskylogo_text_white2.png","width":169,"height":56,"caption":"Ghostysky"},"image":{"@id":"https:\/\/www.ghostysky.com\/#\/schema\/logo\/image\/"},"sameAs":["https:\/\/www.facebook.com\/people\/Ghostysky\/100057676170234\/","https:\/\/x.com\/Gh0stysky","https:\/\/www.linkedin.com\/company\/34739653","https:\/\/www.instagram.com\/gh0stysky"]}]}},"_links":{"self":[{"href":"https:\/\/www.ghostysky.com\/pt\/wp-json\/wp\/v2\/product\/23754","targetHints":{"allow":["GET"]}}],"collection":[{"href":"https:\/\/www.ghostysky.com\/pt\/wp-json\/wp\/v2\/product"}],"about":[{"href":"https:\/\/www.ghostysky.com\/pt\/wp-json\/wp\/v2\/types\/product"}],"replies":[{"embeddable":true,"href":"https:\/\/www.ghostysky.com\/pt\/wp-json\/wp\/v2\/comments?post=23754"}],"version-history":[{"count":0,"href":"https:\/\/www.ghostysky.com\/pt\/wp-json\/wp\/v2\/product\/23754\/revisions"}],"wp:featuredmedia":[{"embeddable":true,"href":"https:\/\/www.ghostysky.com\/pt\/wp-json\/wp\/v2\/media\/23756"}],"wp:attachment":[{"href":"https:\/\/www.ghostysky.com\/pt\/wp-json\/wp\/v2\/media?parent=23754"}],"wp:term":[{"taxonomy":"product_brand","embeddable":true,"href":"https:\/\/www.ghostysky.com\/pt\/wp-json\/wp\/v2\/product_brand?post=23754"},{"taxonomy":"product_cat","embeddable":true,"href":"https:\/\/www.ghostysky.com\/pt\/wp-json\/wp\/v2\/product_cat?post=23754"},{"taxonomy":"product_tag","embeddable":true,"href":"https:\/\/www.ghostysky.com\/pt\/wp-json\/wp\/v2\/product_tag?post=23754"}],"curies":[{"name":"wp","href":"https:\/\/api.w.org\/{rel}","templated":true}]}}