{"id":23758,"date":"2026-01-24T12:24:07","date_gmt":"2026-01-24T12:24:07","guid":{"rendered":"https:\/\/www.ghostysky.com\/?post_type=product&#038;p=23758"},"modified":"2026-04-07T14:03:54","modified_gmt":"2026-04-07T14:03:54","slug":"hesai-jt16","status":"publish","type":"product","link":"https:\/\/www.ghostysky.com\/pt\/product\/hesai-jt16\/","title":{"rendered":"Hesai JT16"},"content":{"rendered":"<h3 data-path-to-node=\"2\">Principais recursos e capacidades<\/h3>\n<ul data-path-to-node=\"3\">\n<li>\n<p data-path-to-node=\"3,0,0\"><b data-path-to-node=\"3,0,0\" data-index-in-node=\"0\">Formato ultracompacto:<\/b><span class=\"citation-78\"> O JT16 \u00e9 aproximadamente <\/span><b data-path-to-node=\"3,0,0\" data-index-in-node=\"47\"><span class=\"citation-78\">70% menor<\/span><\/b><span class=\"citation-78\"> em volume e <\/span><b data-path-to-node=\"3,0,0\" data-index-in-node=\"73\"><span class=\"citation-78\">Isqueiro 47%<\/span><\/b><span class=\"citation-78 citation-end-78\"> do que produtos compar\u00e1veis.<\/span> <span class=\"citation-77 citation-end-77\">Seu tamanho diminuto (apenas 55 mm de di\u00e2metro) permite que seja incorporado em pequenos rob\u00f4s de servi\u00e7o, cortadores de grama ou equipamentos industriais com uma altura de janela exposta de apenas 20 mm.<\/span><\/p>\n<\/li>\n<li>\n<p data-path-to-node=\"3,1,0\"><b data-path-to-node=\"3,1,0\" data-index-in-node=\"0\"><span class=\"citation-76\">Percep\u00e7\u00e3o de 360\u00b0 \u00d7 40\u00b0:<\/span><\/b><span class=\"citation-76 citation-end-76\"> Proporciona um campo de vis\u00e3o horizontal completo de 360\u00b0 e um campo de vis\u00e3o vertical de 40\u00b0, melhorando efetivamente a percep\u00e7\u00e3o do rob\u00f4 de um \u00fanico plano 2D para um ambiente 3D rico, permitindo uma melhor preven\u00e7\u00e3o de obst\u00e1culos.<\/span><\/p>\n<\/li>\n<li>\n<p data-path-to-node=\"3,2,0\"><b data-path-to-node=\"3,2,0\" data-index-in-node=\"0\"><span class=\"citation-75\">Detec\u00e7\u00e3o m\u00ednima \u201czero\u201d:<\/span><\/b><span class=\"citation-75 citation-end-75\"> O sensor possui um ponto cego praticamente nulo, o que significa que ele pode detectar objetos em proximidade imediata \u2014 algo crucial para rob\u00f4s que navegam em espa\u00e7os apertados, como corredores de armaz\u00e9ns ou cal\u00e7adas lotadas.<\/span><\/p>\n<\/li>\n<li>\n<p data-path-to-node=\"3,3,0\"><b data-path-to-node=\"3,3,0\" data-index-in-node=\"0\">Confiabilidade em todas as condi\u00e7\u00f5es clim\u00e1ticas:<\/b><span class=\"citation-74\"> Equipado com processamento de forma de onda propriet\u00e1rio, ele pode filtrar <\/span><b data-path-to-node=\"3,3,0\" data-index-in-node=\"90\"><span class=\"citation-74\">99,9% de ru\u00eddo<\/span><\/b><span class=\"citation-74 citation-end-74\"> da chuva e do nevoeiro.<\/span> <span class=\"citation-73 citation-end-73\">Possui tamb\u00e9m uma fun\u00e7\u00e3o de &quot;inspe\u00e7\u00e3o inteligente&quot; que detecta contamina\u00e7\u00e3o da lente de cobertura (lama, gelo ou poeira) e alerta o sistema.<\/span><\/p>\n<\/li>\n<li>\n<p data-path-to-node=\"3,4,0\"><b data-path-to-node=\"3,4,0\" data-index-in-node=\"0\"><span class=\"citation-72\">IMU integrada:<\/span><\/b><span class=\"citation-72 citation-end-72\"> Inclui uma Unidade de Medi\u00e7\u00e3o Inercial interna para fornecer compensa\u00e7\u00e3o de movimento e auxiliar no SLAM (Localiza\u00e7\u00e3o e Mapeamento Simult\u00e2neos).<\/span><\/p>\n<div class=\"source-inline-chip-container ng-star-inserted\"><\/div>\n<p>&nbsp;<\/li>\n<\/ul>\n<h3 data-path-to-node=\"5\">Especifica\u00e7\u00f5es t\u00e9cnicas<\/h3>\n<table data-path-to-node=\"6\">\n<thead>\n<tr>\n<td><strong>Recurso<\/strong><\/td>\n<td><strong>Especifica\u00e7\u00f5es<\/strong><\/td>\n<\/tr>\n<\/thead>\n<tbody>\n<tr>\n<td><span data-path-to-node=\"6,1,0,0\"><b data-path-to-node=\"6,1,0,0\" data-index-in-node=\"0\">Canais<\/b><\/span><\/td>\n<td><span data-path-to-node=\"6,1,1,0\">16<\/span><\/td>\n<\/tr>\n<tr>\n<td><span data-path-to-node=\"6,2,0,0\"><b data-path-to-node=\"6,2,0,0\" data-index-in-node=\"0\">Faixa de detec\u00e7\u00e3o<\/b><\/span><\/td>\n<td><span data-path-to-node=\"6,2,1,0\">0,1 m a 100 m (refletividade de 30 m a 10%)<\/span><\/td>\n<\/tr>\n<tr>\n<td><span data-path-to-node=\"6,3,0,0\"><b data-path-to-node=\"6,3,0,0\" data-index-in-node=\"0\">Precis\u00e3o de alcance<\/b><\/span><\/td>\n<td><span data-path-to-node=\"6,3,1,0\">\u00b13 cm (t\u00edpico)<\/span><\/td>\n<\/tr>\n<tr>\n<td><span data-path-to-node=\"6,4,0,0\"><b data-path-to-node=\"6,4,0,0\" data-index-in-node=\"0\">Campo de vis\u00e3o horizontal<\/b><\/span><\/td>\n<td><span data-path-to-node=\"6,4,1,0\">360\u00b0<\/span><\/td>\n<\/tr>\n<tr>\n<td><span data-path-to-node=\"6,5,0,0\"><b data-path-to-node=\"6,5,0,0\" data-index-in-node=\"0\">Campo de vis\u00e3o vertical<\/b><\/span><\/td>\n<td><span data-path-to-node=\"6,5,1,0\">40\u00b0 (0\u00b0 a 40\u00b0)<\/span><\/td>\n<\/tr>\n<tr>\n<td><span data-path-to-node=\"6,6,0,0\"><b data-path-to-node=\"6,6,0,0\" data-index-in-node=\"0\">Resolu\u00e7\u00e3o angular<\/b><\/span><\/td>\n<td><span data-path-to-node=\"6,6,1,0\">0,6\u00b0 (H) \u00d7 2,67\u00b0 (V)<\/span><\/td>\n<\/tr>\n<tr>\n<td><span data-path-to-node=\"6,7,0,0\"><b data-path-to-node=\"6,7,0,0\" data-index-in-node=\"0\">Consumo de energia<\/b><\/span><\/td>\n<td><span data-path-to-node=\"6,7,1,0\">~4,3 W<\/span><\/td>\n<\/tr>\n<tr>\n<td><span data-path-to-node=\"6,8,0,0\"><b data-path-to-node=\"6,8,0,0\" data-index-in-node=\"0\">Dimens\u00f5es<\/b><\/span><\/td>\n<td><span data-path-to-node=\"6,8,1,0\">\u03a6 55 mm \u00d7 A 64 mm<\/span><\/td>\n<\/tr>\n<tr>\n<td><span data-path-to-node=\"6,9,0,0\"><b data-path-to-node=\"6,9,0,0\" data-index-in-node=\"0\">Peso<\/b><\/span><\/td>\n<td><span data-path-to-node=\"6,9,1,0\">&lt; 200 g<\/span><\/td>\n<\/tr>\n<tr>\n<td><span data-path-to-node=\"6,10,0,0\"><b data-path-to-node=\"6,10,0,0\" data-index-in-node=\"0\">Classifica\u00e7\u00e3o de prote\u00e7\u00e3o<\/b><\/span><\/td>\n<td><span data-path-to-node=\"6,10,1,0\">IP6K7 \/ IP6K9K (\u00c0 prova de poeira\/\u00c0 prova d&#039;\u00e1gua)<\/span><\/td>\n<\/tr>\n<\/tbody>\n<\/table>\n<p>&nbsp;<\/p>\n<p>&nbsp;<\/p>\n<h3 data-path-to-node=\"8\">Aplica\u00e7\u00f5es prim\u00e1rias<\/h3>\n<p data-path-to-node=\"9\">O JT16 \u00e9 extremamente vers\u00e1til, mas se destaca nos seguintes setores &quot;inteligentes&quot;:<\/p>\n<ul data-path-to-node=\"10\">\n<li>\n<p data-path-to-node=\"10,0,0\"><b data-path-to-node=\"10,0,0\" data-index-in-node=\"0\">Entrega da \u00faltima milha:<\/b> Pequenas c\u00e1psulas e drones aut\u00f4nomos.<\/p>\n<\/li>\n<li>\n<p data-path-to-node=\"10,1,0\"><b data-path-to-node=\"10,1,0\" data-index-in-node=\"0\"><span class=\"citation-71\">Casa e Jardim Inteligentes:<\/span><\/b><span class=\"citation-71 citation-end-71\"> Cortadores de grama rob\u00f3ticos (substituindo ou complementando GPS\/RTK).<\/span><\/p>\n<\/li>\n<li>\n<p data-path-to-node=\"10,2,0\"><b data-path-to-node=\"10,2,0\" data-index-in-node=\"0\">Log\u00edstica e Armazenagem:<\/b><span class=\"citation-70 citation-end-70\"> AGVs (Ve\u00edculos Guiados Automaticamente) e AMRs (Rob\u00f4s M\u00f3veis Aut\u00f4nomos).<\/span><\/p>\n<\/li>\n<li>\n<p data-path-to-node=\"10,3,0\"><b data-path-to-node=\"10,3,0\" data-index-in-node=\"0\"><span class=\"citation-69\">Rob\u00f3tica de Servi\u00e7o:<\/span><\/b><span class=\"citation-69 citation-end-69\"> Rob\u00f4s de limpeza de pisos comerciais e rob\u00f4s de entrega para hot\u00e9is.<\/span><\/p>\n<\/li>\n<\/ul>\n<blockquote data-path-to-node=\"11\">\n<p data-path-to-node=\"11,0\"><b data-path-to-node=\"11,0\" data-index-in-node=\"0\">Nota do especialista:<\/b> Ao contr\u00e1rio do JT128, de gama superior, que oferece um campo de vis\u00e3o vertical &quot;hiper-hemisf\u00e9rico&quot; de 187\u00b0, o JT16 centra-se na rela\u00e7\u00e3o custo-benef\u00edcio e na economia de energia para rob\u00f4s que precisam principalmente de ver o que est\u00e1 diretamente \u00e0 sua frente e ao seu redor.<\/p>\n<\/blockquote>","protected":false},"excerpt":{"rendered":"<p><span class=\"citation-80\">O <\/span><b data-path-to-node=\"0\" data-index-in-node=\"4\"><span class=\"citation-80\">Hesai JT16<\/span><\/b><span class=\"citation-80 citation-end-80\"> \u00c9 um sensor LiDAR 3D mini de alto desempenho, projetado especificamente para rob\u00f3tica e automa\u00e7\u00e3o industrial.<\/span> <span class=\"citation-79 citation-end-79\">Lan\u00e7ado como parte da s\u00e9rie JT da Hesai, ele foi projetado para preencher a lacuna entre os scanners 2D tradicionais e os volumosos LiDARs 3D, oferecendo uma solu\u00e7\u00e3o compacta e econ\u00f4mica para percep\u00e7\u00e3o de curto alcance.<\/span><\/p>","protected":false},"featured_media":23760,"comment_status":"open","ping_status":"closed","template":"","meta":[],"product_brand":[1338],"product_cat":[1337,1037,1040],"product_tag":[1339,1340],"class_list":{"0":"post-23758","1":"product","2":"type-product","3":"status-publish","4":"has-post-thumbnail","6":"product_brand-hesai","7":"product_cat-hesai-lidars","8":"product_cat-robotics","9":"product_cat-sensors-robotics","10":"product_tag-hesai","11":"product_tag-hesai-lidars","13":"first","14":"onbackorder","15":"taxable","16":"shipping-taxable","17":"purchasable","18":"product-type-simple"},"yoast_head":"<!-- This site is optimized with the Yoast SEO plugin v27.4 - https:\/\/yoast.com\/product\/yoast-seo-wordpress\/ -->\n<title>Hesai JT16 - Ghostysky<\/title>\n<meta name=\"description\" content=\"The Hesai JT16 is a high-performance, mini 3D LiDAR sensor specifically engineered for robotics and industrial automation. Launched as part of Hesai&#039;s JT series, it is designed to bridge the gap between traditional 2D scanners and bulky 3D LiDARs, offering a compact, cost-effective solution for short-range perception.\" \/>\n<meta name=\"robots\" content=\"index, follow, max-snippet:-1, max-image-preview:large, max-video-preview:-1\" \/>\n<link rel=\"canonical\" href=\"https:\/\/www.ghostysky.com\/pt\/produto-2\/hesai-jt16\/\" \/>\n<meta property=\"og:locale\" content=\"pt_PT\" \/>\n<meta property=\"og:type\" content=\"article\" \/>\n<meta property=\"og:title\" content=\"Hesai JT16 - Ghostysky\" \/>\n<meta property=\"og:description\" content=\"The Hesai JT16 is a high-performance, mini 3D LiDAR sensor specifically engineered for robotics and industrial automation. Launched as part of Hesai&#039;s JT series, it is designed to bridge the gap between traditional 2D scanners and bulky 3D LiDARs, offering a compact, cost-effective solution for short-range perception.\" \/>\n<meta property=\"og:url\" content=\"https:\/\/www.ghostysky.com\/pt\/produto-2\/hesai-jt16\/\" \/>\n<meta property=\"og:site_name\" content=\"Ghostysky\" \/>\n<meta property=\"article:publisher\" content=\"https:\/\/www.facebook.com\/people\/Ghostysky\/100057676170234\/\" \/>\n<meta property=\"article:modified_time\" content=\"2026-04-07T14:03:54+00:00\" \/>\n<meta property=\"og:image\" content=\"https:\/\/www.ghostysky.com\/wp-content\/uploads\/2026\/01\/GH_Hesai_JT16_0.webp\" \/>\n\t<meta property=\"og:image:width\" content=\"600\" \/>\n\t<meta property=\"og:image:height\" content=\"600\" \/>\n\t<meta property=\"og:image:type\" content=\"image\/webp\" \/>\n<meta name=\"twitter:card\" content=\"summary_large_image\" \/>\n<meta name=\"twitter:site\" content=\"@Gh0stysky\" \/>\n<meta name=\"twitter:label1\" content=\"Tempo estimado de leitura\" \/>\n\t<meta name=\"twitter:data1\" content=\"2 minutos\" \/>\n<script type=\"application\/ld+json\" class=\"yoast-schema-graph\">{\"@context\":\"https:\\\/\\\/schema.org\",\"@graph\":[{\"@type\":\"WebPage\",\"@id\":\"https:\\\/\\\/www.ghostysky.com\\\/product\\\/hesai-jt16\\\/\",\"url\":\"https:\\\/\\\/www.ghostysky.com\\\/product\\\/hesai-jt16\\\/\",\"name\":\"Hesai JT16 - Ghostysky\",\"isPartOf\":{\"@id\":\"https:\\\/\\\/www.ghostysky.com\\\/#website\"},\"primaryImageOfPage\":{\"@id\":\"https:\\\/\\\/www.ghostysky.com\\\/product\\\/hesai-jt16\\\/#primaryimage\"},\"image\":{\"@id\":\"https:\\\/\\\/www.ghostysky.com\\\/product\\\/hesai-jt16\\\/#primaryimage\"},\"thumbnailUrl\":\"https:\\\/\\\/www.ghostysky.com\\\/wp-content\\\/uploads\\\/2026\\\/01\\\/GH_Hesai_JT16_0.webp\",\"datePublished\":\"2026-01-24T12:24:07+00:00\",\"dateModified\":\"2026-04-07T14:03:54+00:00\",\"description\":\"The Hesai JT16 is a high-performance, mini 3D LiDAR sensor specifically engineered for robotics and industrial automation. Launched as part of Hesai's JT series, it is designed to bridge the gap between traditional 2D scanners and bulky 3D LiDARs, offering a compact, cost-effective solution for short-range perception.\",\"breadcrumb\":{\"@id\":\"https:\\\/\\\/www.ghostysky.com\\\/product\\\/hesai-jt16\\\/#breadcrumb\"},\"inLanguage\":\"pt-PT\",\"potentialAction\":[{\"@type\":\"ReadAction\",\"target\":[\"https:\\\/\\\/www.ghostysky.com\\\/product\\\/hesai-jt16\\\/\"]}]},{\"@type\":\"ImageObject\",\"inLanguage\":\"pt-PT\",\"@id\":\"https:\\\/\\\/www.ghostysky.com\\\/product\\\/hesai-jt16\\\/#primaryimage\",\"url\":\"https:\\\/\\\/www.ghostysky.com\\\/wp-content\\\/uploads\\\/2026\\\/01\\\/GH_Hesai_JT16_0.webp\",\"contentUrl\":\"https:\\\/\\\/www.ghostysky.com\\\/wp-content\\\/uploads\\\/2026\\\/01\\\/GH_Hesai_JT16_0.webp\",\"width\":600,\"height\":600},{\"@type\":\"BreadcrumbList\",\"@id\":\"https:\\\/\\\/www.ghostysky.com\\\/product\\\/hesai-jt16\\\/#breadcrumb\",\"itemListElement\":[{\"@type\":\"ListItem\",\"position\":1,\"name\":\"Home\",\"item\":\"https:\\\/\\\/www.ghostysky.com\\\/\"},{\"@type\":\"ListItem\",\"position\":2,\"name\":\"Shop\",\"item\":\"https:\\\/\\\/www.ghostysky.com\\\/shop\\\/\"},{\"@type\":\"ListItem\",\"position\":3,\"name\":\"Hesai JT16\"}]},{\"@type\":\"WebSite\",\"@id\":\"https:\\\/\\\/www.ghostysky.com\\\/#website\",\"url\":\"https:\\\/\\\/www.ghostysky.com\\\/\",\"name\":\"Ghostysky\",\"description\":\"Delivering professional drones and robotics solutions\",\"publisher\":{\"@id\":\"https:\\\/\\\/www.ghostysky.com\\\/#organization\"},\"potentialAction\":[{\"@type\":\"SearchAction\",\"target\":{\"@type\":\"EntryPoint\",\"urlTemplate\":\"https:\\\/\\\/www.ghostysky.com\\\/?s={search_term_string}\"},\"query-input\":{\"@type\":\"PropertyValueSpecification\",\"valueRequired\":true,\"valueName\":\"search_term_string\"}}],\"inLanguage\":\"pt-PT\"},{\"@type\":\"Organization\",\"@id\":\"https:\\\/\\\/www.ghostysky.com\\\/#organization\",\"name\":\"Ghostysky\",\"url\":\"https:\\\/\\\/www.ghostysky.com\\\/\",\"logo\":{\"@type\":\"ImageObject\",\"inLanguage\":\"pt-PT\",\"@id\":\"https:\\\/\\\/www.ghostysky.com\\\/#\\\/schema\\\/logo\\\/image\\\/\",\"url\":\"https:\\\/\\\/www.ghostysky.com\\\/wp-content\\\/uploads\\\/2020\\\/06\\\/cropped-ghostyskylogo_text_white2.png\",\"contentUrl\":\"https:\\\/\\\/www.ghostysky.com\\\/wp-content\\\/uploads\\\/2020\\\/06\\\/cropped-ghostyskylogo_text_white2.png\",\"width\":169,\"height\":56,\"caption\":\"Ghostysky\"},\"image\":{\"@id\":\"https:\\\/\\\/www.ghostysky.com\\\/#\\\/schema\\\/logo\\\/image\\\/\"},\"sameAs\":[\"https:\\\/\\\/www.facebook.com\\\/people\\\/Ghostysky\\\/100057676170234\\\/\",\"https:\\\/\\\/x.com\\\/Gh0stysky\",\"https:\\\/\\\/www.linkedin.com\\\/company\\\/34739653\",\"https:\\\/\\\/www.instagram.com\\\/gh0stysky\"]}]}<\/script>\n<!-- \/ Yoast SEO plugin. -->","yoast_head_json":{"title":"Hesai JT16 - Ghostysky","description":"O Hesai JT16 \u00e9 um sensor LiDAR 3D mini de alto desempenho, projetado especificamente para rob\u00f3tica e automa\u00e7\u00e3o industrial. Lan\u00e7ado como parte da s\u00e9rie JT da Hesai, ele foi desenvolvido para preencher a lacuna entre os scanners 2D tradicionais e os volumosos LiDARs 3D, oferecendo uma solu\u00e7\u00e3o compacta e econ\u00f4mica para percep\u00e7\u00e3o de curto alcance.","robots":{"index":"index","follow":"follow","max-snippet":"max-snippet:-1","max-image-preview":"max-image-preview:large","max-video-preview":"max-video-preview:-1"},"canonical":"https:\/\/www.ghostysky.com\/pt\/produto-2\/hesai-jt16\/","og_locale":"pt_PT","og_type":"article","og_title":"Hesai JT16 - Ghostysky","og_description":"The Hesai JT16 is a high-performance, mini 3D LiDAR sensor specifically engineered for robotics and industrial automation. Launched as part of Hesai's JT series, it is designed to bridge the gap between traditional 2D scanners and bulky 3D LiDARs, offering a compact, cost-effective solution for short-range perception.","og_url":"https:\/\/www.ghostysky.com\/pt\/produto-2\/hesai-jt16\/","og_site_name":"Ghostysky","article_publisher":"https:\/\/www.facebook.com\/people\/Ghostysky\/100057676170234\/","article_modified_time":"2026-04-07T14:03:54+00:00","og_image":[{"width":600,"height":600,"url":"https:\/\/www.ghostysky.com\/wp-content\/uploads\/2026\/01\/GH_Hesai_JT16_0.webp","type":"image\/webp"}],"twitter_card":"summary_large_image","twitter_site":"@Gh0stysky","twitter_misc":{"Tempo estimado de leitura":"2 minutos"},"schema":{"@context":"https:\/\/schema.org","@graph":[{"@type":"WebPage","@id":"https:\/\/www.ghostysky.com\/product\/hesai-jt16\/","url":"https:\/\/www.ghostysky.com\/product\/hesai-jt16\/","name":"Hesai JT16 - Ghostysky","isPartOf":{"@id":"https:\/\/www.ghostysky.com\/#website"},"primaryImageOfPage":{"@id":"https:\/\/www.ghostysky.com\/product\/hesai-jt16\/#primaryimage"},"image":{"@id":"https:\/\/www.ghostysky.com\/product\/hesai-jt16\/#primaryimage"},"thumbnailUrl":"https:\/\/www.ghostysky.com\/wp-content\/uploads\/2026\/01\/GH_Hesai_JT16_0.webp","datePublished":"2026-01-24T12:24:07+00:00","dateModified":"2026-04-07T14:03:54+00:00","description":"O Hesai JT16 \u00e9 um sensor LiDAR 3D mini de alto desempenho, projetado especificamente para rob\u00f3tica e automa\u00e7\u00e3o industrial. Lan\u00e7ado como parte da s\u00e9rie JT da Hesai, ele foi desenvolvido para preencher a lacuna entre os scanners 2D tradicionais e os volumosos LiDARs 3D, oferecendo uma solu\u00e7\u00e3o compacta e econ\u00f4mica para percep\u00e7\u00e3o de curto alcance.","breadcrumb":{"@id":"https:\/\/www.ghostysky.com\/product\/hesai-jt16\/#breadcrumb"},"inLanguage":"pt-PT","potentialAction":[{"@type":"ReadAction","target":["https:\/\/www.ghostysky.com\/product\/hesai-jt16\/"]}]},{"@type":"ImageObject","inLanguage":"pt-PT","@id":"https:\/\/www.ghostysky.com\/product\/hesai-jt16\/#primaryimage","url":"https:\/\/www.ghostysky.com\/wp-content\/uploads\/2026\/01\/GH_Hesai_JT16_0.webp","contentUrl":"https:\/\/www.ghostysky.com\/wp-content\/uploads\/2026\/01\/GH_Hesai_JT16_0.webp","width":600,"height":600},{"@type":"BreadcrumbList","@id":"https:\/\/www.ghostysky.com\/product\/hesai-jt16\/#breadcrumb","itemListElement":[{"@type":"ListItem","position":1,"name":"Home","item":"https:\/\/www.ghostysky.com\/"},{"@type":"ListItem","position":2,"name":"Shop","item":"https:\/\/www.ghostysky.com\/shop\/"},{"@type":"ListItem","position":3,"name":"Hesai JT16"}]},{"@type":"WebSite","@id":"https:\/\/www.ghostysky.com\/#website","url":"https:\/\/www.ghostysky.com\/","name":"Ghostysky","description":"Fornecendo solu\u00e7\u00f5es profissionais em drones e rob\u00f3tica.","publisher":{"@id":"https:\/\/www.ghostysky.com\/#organization"},"potentialAction":[{"@type":"SearchAction","target":{"@type":"EntryPoint","urlTemplate":"https:\/\/www.ghostysky.com\/?s={search_term_string}"},"query-input":{"@type":"PropertyValueSpecification","valueRequired":true,"valueName":"search_term_string"}}],"inLanguage":"pt-PT"},{"@type":"Organization","@id":"https:\/\/www.ghostysky.com\/#organization","name":"Ghostysky","url":"https:\/\/www.ghostysky.com\/","logo":{"@type":"ImageObject","inLanguage":"pt-PT","@id":"https:\/\/www.ghostysky.com\/#\/schema\/logo\/image\/","url":"https:\/\/www.ghostysky.com\/wp-content\/uploads\/2020\/06\/cropped-ghostyskylogo_text_white2.png","contentUrl":"https:\/\/www.ghostysky.com\/wp-content\/uploads\/2020\/06\/cropped-ghostyskylogo_text_white2.png","width":169,"height":56,"caption":"Ghostysky"},"image":{"@id":"https:\/\/www.ghostysky.com\/#\/schema\/logo\/image\/"},"sameAs":["https:\/\/www.facebook.com\/people\/Ghostysky\/100057676170234\/","https:\/\/x.com\/Gh0stysky","https:\/\/www.linkedin.com\/company\/34739653","https:\/\/www.instagram.com\/gh0stysky"]}]}},"_links":{"self":[{"href":"https:\/\/www.ghostysky.com\/pt\/wp-json\/wp\/v2\/product\/23758","targetHints":{"allow":["GET"]}}],"collection":[{"href":"https:\/\/www.ghostysky.com\/pt\/wp-json\/wp\/v2\/product"}],"about":[{"href":"https:\/\/www.ghostysky.com\/pt\/wp-json\/wp\/v2\/types\/product"}],"replies":[{"embeddable":true,"href":"https:\/\/www.ghostysky.com\/pt\/wp-json\/wp\/v2\/comments?post=23758"}],"version-history":[{"count":0,"href":"https:\/\/www.ghostysky.com\/pt\/wp-json\/wp\/v2\/product\/23758\/revisions"}],"wp:featuredmedia":[{"embeddable":true,"href":"https:\/\/www.ghostysky.com\/pt\/wp-json\/wp\/v2\/media\/23760"}],"wp:attachment":[{"href":"https:\/\/www.ghostysky.com\/pt\/wp-json\/wp\/v2\/media?parent=23758"}],"wp:term":[{"taxonomy":"product_brand","embeddable":true,"href":"https:\/\/www.ghostysky.com\/pt\/wp-json\/wp\/v2\/product_brand?post=23758"},{"taxonomy":"product_cat","embeddable":true,"href":"https:\/\/www.ghostysky.com\/pt\/wp-json\/wp\/v2\/product_cat?post=23758"},{"taxonomy":"product_tag","embeddable":true,"href":"https:\/\/www.ghostysky.com\/pt\/wp-json\/wp\/v2\/product_tag?post=23758"}],"curies":[{"name":"wp","href":"https:\/\/api.w.org\/{rel}","templated":true}]}}