{"id":23765,"date":"2026-01-24T13:40:27","date_gmt":"2026-01-24T13:40:27","guid":{"rendered":"https:\/\/www.ghostysky.com\/?post_type=product&#038;p=23765"},"modified":"2026-04-07T14:04:09","modified_gmt":"2026-04-07T14:04:09","slug":"hesai-jt128","status":"publish","type":"product","link":"https:\/\/www.ghostysky.com\/pt\/product\/hesai-jt128\/","title":{"rendered":"Hesai JT128"},"content":{"rendered":"<h3 data-path-to-node=\"2\">Principais recursos e desempenho<\/h3>\n<h3 data-path-to-node=\"3\">1. <b data-path-to-node=\"3\" data-index-in-node=\"3\">Campo de vis\u00e3o hiper-hemisf\u00e9rico<\/b><\/h3>\n<p data-path-to-node=\"4\"><span class=\"citation-118\">O destaque do JT128 \u00e9 o seu enorme... <\/span><b data-path-to-node=\"4\" data-index-in-node=\"49\"><span class=\"citation-118\">360\u00b0 x 189\u00b0<\/span><\/b><span class=\"citation-118 citation-end-118\"> campo de vis\u00e3o.<\/span><\/p>\n<ul data-path-to-node=\"5\">\n<li>\n<p data-path-to-node=\"5,0,0\"><b data-path-to-node=\"5,0,0\" data-index-in-node=\"0\"><span class=\"citation-117\">Zero pontos cegos:<\/span><\/b><span class=\"citation-117 citation-end-117\"> Uma \u00fanica unidade pode detectar simultaneamente o solo, a \u00e1rea diretamente \u00e0 frente e obst\u00e1culos suspensos.<\/span><\/p>\n<\/li>\n<li>\n<p data-path-to-node=\"5,1,0\"><b data-path-to-node=\"5,1,0\" data-index-in-node=\"0\"><span class=\"citation-116\">Consci\u00eancia Total:<\/span><\/b><span class=\"citation-116 citation-end-116\"> Oferece um campo de vis\u00e3o vertical 60% maior do que a maioria dos sensores hemisf\u00e9ricos compar\u00e1veis, tornando-o ideal para navegar em ambientes internos complexos ou sob estruturas baixas.<\/span><\/p>\n<\/li>\n<\/ul>\n<h3 data-path-to-node=\"6\">2. <b data-path-to-node=\"6\" data-index-in-node=\"3\">Resolu\u00e7\u00e3o de alta densidade com 128 canais<\/b><\/h3>\n<p data-path-to-node=\"7\"><span class=\"citation-115 citation-end-115\">Apesar de ser designado como &quot;mini&quot;, o JT128 n\u00e3o compromete a densidade de dados:<\/span><\/p>\n<ul data-path-to-node=\"8\">\n<li>\n<p data-path-to-node=\"8,0,0\"><b data-path-to-node=\"8,0,0\" data-index-in-node=\"0\">128 canais verticais:<\/b><span class=\"citation-114 citation-end-114\"> Fornece nuvens de pontos semelhantes a imagens para reconhecimento preciso de obst\u00e1culos.<\/span><\/p>\n<\/li>\n<li>\n<p data-path-to-node=\"8,1,0\"><b data-path-to-node=\"8,1,0\" data-index-in-node=\"0\">Alta taxa de pontua\u00e7\u00e3o:<\/b><span class=\"citation-113\"> Captura at\u00e9 <\/span><b data-path-to-node=\"8,1,0\" data-index-in-node=\"32\"><span class=\"citation-113\">1,15 milh\u00e3o de pontos por segundo<\/span><\/b><span class=\"citation-113 citation-end-113\"> (retorno \u00fanico), com suporte para SLAM 3D r\u00e1pido (Localiza\u00e7\u00e3o e Mapeamento Simult\u00e2neos) e navega\u00e7\u00e3o em tempo real.<\/span><\/p>\n<\/li>\n<\/ul>\n<h3 data-path-to-node=\"9\">3. <b data-path-to-node=\"9\" data-index-in-node=\"3\">Design compacto e integrado<\/b><\/h3>\n<p data-path-to-node=\"10\"><span class=\"citation-112 citation-end-112\">A Hesai priorizou a facilidade de integra\u00e7\u00e3o para os projetistas de hardware:<\/span><\/p>\n<ul data-path-to-node=\"11\">\n<li>\n<p data-path-to-node=\"11,0,0\"><b data-path-to-node=\"11,0,0\" data-index-in-node=\"0\">Pegada reduzida:<\/b><span class=\"citation-111\"> \u00c9 aproximadamente 70% menor que os sensores hemisf\u00e9ricos da gera\u00e7\u00e3o anterior, pesando apenas <\/span><b data-path-to-node=\"11,0,0\" data-index-in-node=\"105\"><span class=\"citation-111\">250g<\/span><\/b><span class=\"citation-111 citation-end-111\">.<\/span><\/p>\n<\/li>\n<li>\n<p data-path-to-node=\"11,1,0\"><b data-path-to-node=\"11,1,0\" data-index-in-node=\"0\"><span class=\"citation-110\">Perfil discreto:<\/span><\/b><span class=\"citation-110\"> Ap\u00f3s a instala\u00e7\u00e3o, a altura da janela exposta pode ser t\u00e3o baixa quanto <\/span><b data-path-to-node=\"11,1,0\" data-index-in-node=\"72\"><span class=\"citation-110\">23,8 mm<\/span><\/b><span class=\"citation-110 citation-end-110\">, permitindo que ele seja encaixado perfeitamente no chassi de um rob\u00f4 ou AGV.<\/span><\/p>\n<div class=\"source-inline-chip-container ng-star-inserted\"><\/div>\n<\/li>\n<\/ul>\n<h3 data-path-to-node=\"13\">Especifica\u00e7\u00f5es t\u00e9cnicas<\/h3>\n<table data-path-to-node=\"14\">\n<thead>\n<tr>\n<td><strong>Recurso<\/strong><\/td>\n<td><strong>Especifica\u00e7\u00f5es<\/strong><\/td>\n<\/tr>\n<\/thead>\n<tbody>\n<tr>\n<td><span data-path-to-node=\"14,1,0,0\"><b data-path-to-node=\"14,1,0,0\" data-index-in-node=\"0\">Campo de vis\u00e3o horizontal<\/b><\/span><\/td>\n<td><span data-path-to-node=\"14,1,1,0\">360\u00b0<\/span><\/td>\n<\/tr>\n<tr>\n<td><span data-path-to-node=\"14,2,0,0\"><b data-path-to-node=\"14,2,0,0\" data-index-in-node=\"0\">Campo de vis\u00e3o vertical<\/b><\/span><\/td>\n<td><span data-path-to-node=\"14,2,1,0\">189\u00b0 (Hiper-hemisf\u00e9rico)<\/span><\/td>\n<\/tr>\n<tr>\n<td><span data-path-to-node=\"14,3,0,0\"><b data-path-to-node=\"14,3,0,0\" data-index-in-node=\"0\">Canais<\/b><\/span><\/td>\n<td><span data-path-to-node=\"14,3,1,0\">128<\/span><\/td>\n<\/tr>\n<tr>\n<td><span data-path-to-node=\"14,4,0,0\"><b data-path-to-node=\"14,4,0,0\" data-index-in-node=\"0\">Alcance (Refletividade 10%)<\/b><\/span><\/td>\n<td><span data-path-to-node=\"14,4,1,0\">40 m (60 m no m\u00e1ximo)<\/span><\/td>\n<\/tr>\n<tr>\n<td><span data-path-to-node=\"14,5,0,0\"><b data-path-to-node=\"14,5,0,0\" data-index-in-node=\"0\">Taxa de pontos<\/b><\/span><\/td>\n<td><span data-path-to-node=\"14,5,1,0\">~1.152.000 pts\/s (Individual) \/ 2.304.000 pts\/s (Duplo)<\/span><\/td>\n<\/tr>\n<tr>\n<td><span data-path-to-node=\"14,6,0,0\"><b data-path-to-node=\"14,6,0,0\" data-index-in-node=\"0\">Dimens\u00f5es<\/b><\/span><\/td>\n<td><span data-path-to-node=\"14,6,1,0\">\u00a0Phi 62,5 mm x H 73 mm<\/span><\/td>\n<\/tr>\n<tr>\n<td><span data-path-to-node=\"14,7,0,0\"><b data-path-to-node=\"14,7,0,0\" data-index-in-node=\"0\">Prote\u00e7\u00e3o de entrada<\/b><\/span><\/td>\n<td><span data-path-to-node=\"14,7,1,0\">IP6K7 e IP6K9K<\/span><\/td>\n<\/tr>\n<tr>\n<td><span data-path-to-node=\"14,8,0,0\"><b data-path-to-node=\"14,8,0,0\" data-index-in-node=\"0\">Consumo de energia<\/b><\/span><\/td>\n<td><span data-path-to-node=\"14,8,1,0\">Otimizado para baixo consumo de energia em plataformas m\u00f3veis.<\/span><\/td>\n<\/tr>\n<\/tbody>\n<\/table>\n<h2 data-path-to-node=\"16\"><\/h2>\n<h3 data-path-to-node=\"16\">Aplica\u00e7\u00f5es ideais<\/h3>\n<p data-path-to-node=\"17\"><span class=\"citation-109 citation-end-109\">O JT128 posiciona-se como um sensor prim\u00e1rio para &quot;Intelig\u00eancia Incorporada&quot; e sistemas aut\u00f4nomos que requerem percep\u00e7\u00e3o espacial 3D em espa\u00e7os confinados ou din\u00e2micos:<\/span><\/p>\n<ul data-path-to-node=\"18\">\n<li>\n<p data-path-to-node=\"18,0,0\"><b data-path-to-node=\"18,0,0\" data-index-in-node=\"0\">Rob\u00f4s de entrega e servi\u00e7o:<\/b> Caminhar pelas cal\u00e7adas e pelos sagu\u00f5es dos edif\u00edcios.<\/p>\n<\/li>\n<li>\n<p data-path-to-node=\"18,1,0\"><b data-path-to-node=\"18,1,0\" data-index-in-node=\"0\"><span class=\"citation-108\">AGVs e AMRs:<\/span><\/b><span class=\"citation-108 citation-end-108\"> Log\u00edstica de armaz\u00e9m e movimenta\u00e7\u00e3o de paletes eficientes.<\/span><\/p>\n<\/li>\n<li>\n<p data-path-to-node=\"18,2,0\"><b data-path-to-node=\"18,2,0\" data-index-in-node=\"0\">Rob\u00f4s de limpeza:<\/b><span class=\"citation-107 citation-end-107\"> Detec\u00e7\u00e3o simult\u00e2nea de detritos no ch\u00e3o e obst\u00e1culos suspensos.<\/span><\/p>\n<\/li>\n<li>\n<p data-path-to-node=\"18,3,0\"><b data-path-to-node=\"18,3,0\" data-index-in-node=\"0\">Rob\u00f3tica Humanoide:<\/b> Proporcionar uma ampla vis\u00e3o perif\u00e9rica da intera\u00e7\u00e3o com o ambiente.<\/p>\n<\/li>\n<\/ul>","protected":false},"excerpt":{"rendered":"<p><span class=\"citation-120\">O <\/span><b data-path-to-node=\"0\" data-index-in-node=\"4\"><span class=\"citation-120\">Hesai JT128<\/span><\/b><span class=\"citation-120 citation-end-120\"> \u00c9 um mini LiDAR 3D hiper-hemisf\u00e9rico projetado especificamente para a pr\u00f3xima gera\u00e7\u00e3o de rob\u00f3tica e automa\u00e7\u00e3o industrial.<\/span> <span class=\"citation-119 citation-end-119\">Lan\u00e7ado na CES 2025, ele foi projetado para resolver o problema do &quot;ponto cego&quot; comum na rob\u00f3tica m\u00f3vel, fornecendo um campo de vis\u00e3o ultra-amplo em um formato notavelmente compacto.<\/span><\/p>","protected":false},"featured_media":23769,"comment_status":"open","ping_status":"closed","template":"","meta":[],"product_brand":[1338],"product_cat":[1337,1037,1040],"product_tag":[1339,1340],"class_list":{"0":"post-23765","1":"product","2":"type-product","3":"status-publish","4":"has-post-thumbnail","6":"product_brand-hesai","7":"product_cat-hesai-lidars","8":"product_cat-robotics","9":"product_cat-sensors-robotics","10":"product_tag-hesai","11":"product_tag-hesai-lidars","13":"first","14":"onbackorder","15":"taxable","16":"shipping-taxable","17":"purchasable","18":"product-type-simple"},"yoast_head":"<!-- This site is optimized with the Yoast SEO plugin v27.4 - https:\/\/yoast.com\/product\/yoast-seo-wordpress\/ -->\n<title>Hesai JT128 - Ghostysky<\/title>\n<meta name=\"description\" content=\"The Hesai JT128 is a mini hyper-hemispherical 3D LiDAR specifically engineered for the next generation of robotics and industrial automation. Launched at CES 2025, it is designed to solve the &quot;blind spot&quot; problem common in mobile robotics by providing an ultra-wide field of view in a remarkably compact form factor.\" \/>\n<meta name=\"robots\" content=\"index, follow, max-snippet:-1, max-image-preview:large, max-video-preview:-1\" \/>\n<link rel=\"canonical\" href=\"https:\/\/www.ghostysky.com\/pt\/produto-2\/hesai-jt128\/\" \/>\n<meta property=\"og:locale\" content=\"pt_PT\" \/>\n<meta property=\"og:type\" content=\"article\" \/>\n<meta property=\"og:title\" content=\"Hesai JT128 - Ghostysky\" \/>\n<meta property=\"og:description\" content=\"The Hesai JT128 is a mini hyper-hemispherical 3D LiDAR specifically engineered for the next generation of robotics and industrial automation. Launched at CES 2025, it is designed to solve the &quot;blind spot&quot; problem common in mobile robotics by providing an ultra-wide field of view in a remarkably compact form factor.\" \/>\n<meta property=\"og:url\" content=\"https:\/\/www.ghostysky.com\/pt\/produto-2\/hesai-jt128\/\" \/>\n<meta property=\"og:site_name\" content=\"Ghostysky\" \/>\n<meta property=\"article:publisher\" content=\"https:\/\/www.facebook.com\/people\/Ghostysky\/100057676170234\/\" \/>\n<meta property=\"article:modified_time\" content=\"2026-04-07T14:04:09+00:00\" \/>\n<meta property=\"og:image\" content=\"https:\/\/www.ghostysky.com\/wp-content\/uploads\/2026\/01\/GH_Hesai_Jt128_1.jpg\" \/>\n\t<meta property=\"og:image:width\" content=\"2160\" \/>\n\t<meta property=\"og:image:height\" content=\"2160\" \/>\n\t<meta property=\"og:image:type\" content=\"image\/jpeg\" \/>\n<meta name=\"twitter:card\" content=\"summary_large_image\" \/>\n<meta name=\"twitter:site\" content=\"@Gh0stysky\" \/>\n<meta name=\"twitter:label1\" content=\"Tempo estimado de leitura\" \/>\n\t<meta name=\"twitter:data1\" content=\"2 minutos\" \/>\n<script type=\"application\/ld+json\" class=\"yoast-schema-graph\">{\"@context\":\"https:\\\/\\\/schema.org\",\"@graph\":[{\"@type\":\"WebPage\",\"@id\":\"https:\\\/\\\/www.ghostysky.com\\\/product\\\/hesai-jt128\\\/\",\"url\":\"https:\\\/\\\/www.ghostysky.com\\\/product\\\/hesai-jt128\\\/\",\"name\":\"Hesai JT128 - Ghostysky\",\"isPartOf\":{\"@id\":\"https:\\\/\\\/www.ghostysky.com\\\/#website\"},\"primaryImageOfPage\":{\"@id\":\"https:\\\/\\\/www.ghostysky.com\\\/product\\\/hesai-jt128\\\/#primaryimage\"},\"image\":{\"@id\":\"https:\\\/\\\/www.ghostysky.com\\\/product\\\/hesai-jt128\\\/#primaryimage\"},\"thumbnailUrl\":\"https:\\\/\\\/www.ghostysky.com\\\/wp-content\\\/uploads\\\/2026\\\/01\\\/GH_Hesai_Jt128_1.jpg\",\"datePublished\":\"2026-01-24T13:40:27+00:00\",\"dateModified\":\"2026-04-07T14:04:09+00:00\",\"description\":\"The Hesai JT128 is a mini hyper-hemispherical 3D LiDAR specifically engineered for the next generation of robotics and industrial automation. Launched at CES 2025, it is designed to solve the \\\"blind spot\\\" problem common in mobile robotics by providing an ultra-wide field of view in a remarkably compact form factor.\",\"breadcrumb\":{\"@id\":\"https:\\\/\\\/www.ghostysky.com\\\/product\\\/hesai-jt128\\\/#breadcrumb\"},\"inLanguage\":\"pt-PT\",\"potentialAction\":[{\"@type\":\"ReadAction\",\"target\":[\"https:\\\/\\\/www.ghostysky.com\\\/product\\\/hesai-jt128\\\/\"]}]},{\"@type\":\"ImageObject\",\"inLanguage\":\"pt-PT\",\"@id\":\"https:\\\/\\\/www.ghostysky.com\\\/product\\\/hesai-jt128\\\/#primaryimage\",\"url\":\"https:\\\/\\\/www.ghostysky.com\\\/wp-content\\\/uploads\\\/2026\\\/01\\\/GH_Hesai_Jt128_1.jpg\",\"contentUrl\":\"https:\\\/\\\/www.ghostysky.com\\\/wp-content\\\/uploads\\\/2026\\\/01\\\/GH_Hesai_Jt128_1.jpg\",\"width\":2160,\"height\":2160},{\"@type\":\"BreadcrumbList\",\"@id\":\"https:\\\/\\\/www.ghostysky.com\\\/product\\\/hesai-jt128\\\/#breadcrumb\",\"itemListElement\":[{\"@type\":\"ListItem\",\"position\":1,\"name\":\"Home\",\"item\":\"https:\\\/\\\/www.ghostysky.com\\\/\"},{\"@type\":\"ListItem\",\"position\":2,\"name\":\"Shop\",\"item\":\"https:\\\/\\\/www.ghostysky.com\\\/shop\\\/\"},{\"@type\":\"ListItem\",\"position\":3,\"name\":\"Hesai JT128\"}]},{\"@type\":\"WebSite\",\"@id\":\"https:\\\/\\\/www.ghostysky.com\\\/#website\",\"url\":\"https:\\\/\\\/www.ghostysky.com\\\/\",\"name\":\"Ghostysky\",\"description\":\"Delivering professional drones and robotics solutions\",\"publisher\":{\"@id\":\"https:\\\/\\\/www.ghostysky.com\\\/#organization\"},\"potentialAction\":[{\"@type\":\"SearchAction\",\"target\":{\"@type\":\"EntryPoint\",\"urlTemplate\":\"https:\\\/\\\/www.ghostysky.com\\\/?s={search_term_string}\"},\"query-input\":{\"@type\":\"PropertyValueSpecification\",\"valueRequired\":true,\"valueName\":\"search_term_string\"}}],\"inLanguage\":\"pt-PT\"},{\"@type\":\"Organization\",\"@id\":\"https:\\\/\\\/www.ghostysky.com\\\/#organization\",\"name\":\"Ghostysky\",\"url\":\"https:\\\/\\\/www.ghostysky.com\\\/\",\"logo\":{\"@type\":\"ImageObject\",\"inLanguage\":\"pt-PT\",\"@id\":\"https:\\\/\\\/www.ghostysky.com\\\/#\\\/schema\\\/logo\\\/image\\\/\",\"url\":\"https:\\\/\\\/www.ghostysky.com\\\/wp-content\\\/uploads\\\/2020\\\/06\\\/cropped-ghostyskylogo_text_white2.png\",\"contentUrl\":\"https:\\\/\\\/www.ghostysky.com\\\/wp-content\\\/uploads\\\/2020\\\/06\\\/cropped-ghostyskylogo_text_white2.png\",\"width\":169,\"height\":56,\"caption\":\"Ghostysky\"},\"image\":{\"@id\":\"https:\\\/\\\/www.ghostysky.com\\\/#\\\/schema\\\/logo\\\/image\\\/\"},\"sameAs\":[\"https:\\\/\\\/www.facebook.com\\\/people\\\/Ghostysky\\\/100057676170234\\\/\",\"https:\\\/\\\/x.com\\\/Gh0stysky\",\"https:\\\/\\\/www.linkedin.com\\\/company\\\/34739653\",\"https:\\\/\\\/www.instagram.com\\\/gh0stysky\"]}]}<\/script>\n<!-- \/ Yoast SEO plugin. -->","yoast_head_json":{"title":"Hesai JT128 - Ghostysky","description":"O Hesai JT128 \u00e9 um mini LiDAR 3D hiper-hemisf\u00e9rico projetado especificamente para a pr\u00f3xima gera\u00e7\u00e3o de rob\u00f3tica e automa\u00e7\u00e3o industrial. Lan\u00e7ado na CES 2025, ele foi desenvolvido para solucionar o problema do &quot;ponto cego&quot; comum em rob\u00f3tica m\u00f3vel, oferecendo um campo de vis\u00e3o ultra-amplo em um formato notavelmente compacto.","robots":{"index":"index","follow":"follow","max-snippet":"max-snippet:-1","max-image-preview":"max-image-preview:large","max-video-preview":"max-video-preview:-1"},"canonical":"https:\/\/www.ghostysky.com\/pt\/produto-2\/hesai-jt128\/","og_locale":"pt_PT","og_type":"article","og_title":"Hesai JT128 - Ghostysky","og_description":"The Hesai JT128 is a mini hyper-hemispherical 3D LiDAR specifically engineered for the next generation of robotics and industrial automation. Launched at CES 2025, it is designed to solve the \"blind spot\" problem common in mobile robotics by providing an ultra-wide field of view in a remarkably compact form factor.","og_url":"https:\/\/www.ghostysky.com\/pt\/produto-2\/hesai-jt128\/","og_site_name":"Ghostysky","article_publisher":"https:\/\/www.facebook.com\/people\/Ghostysky\/100057676170234\/","article_modified_time":"2026-04-07T14:04:09+00:00","og_image":[{"width":2160,"height":2160,"url":"https:\/\/www.ghostysky.com\/wp-content\/uploads\/2026\/01\/GH_Hesai_Jt128_1.jpg","type":"image\/jpeg"}],"twitter_card":"summary_large_image","twitter_site":"@Gh0stysky","twitter_misc":{"Tempo estimado de leitura":"2 minutos"},"schema":{"@context":"https:\/\/schema.org","@graph":[{"@type":"WebPage","@id":"https:\/\/www.ghostysky.com\/product\/hesai-jt128\/","url":"https:\/\/www.ghostysky.com\/product\/hesai-jt128\/","name":"Hesai JT128 - Ghostysky","isPartOf":{"@id":"https:\/\/www.ghostysky.com\/#website"},"primaryImageOfPage":{"@id":"https:\/\/www.ghostysky.com\/product\/hesai-jt128\/#primaryimage"},"image":{"@id":"https:\/\/www.ghostysky.com\/product\/hesai-jt128\/#primaryimage"},"thumbnailUrl":"https:\/\/www.ghostysky.com\/wp-content\/uploads\/2026\/01\/GH_Hesai_Jt128_1.jpg","datePublished":"2026-01-24T13:40:27+00:00","dateModified":"2026-04-07T14:04:09+00:00","description":"O Hesai JT128 \u00e9 um mini LiDAR 3D hiper-hemisf\u00e9rico projetado especificamente para a pr\u00f3xima gera\u00e7\u00e3o de rob\u00f3tica e automa\u00e7\u00e3o industrial. Lan\u00e7ado na CES 2025, ele foi desenvolvido para solucionar o problema do &quot;ponto cego&quot; comum em rob\u00f3tica m\u00f3vel, oferecendo um campo de vis\u00e3o ultra-amplo em um formato notavelmente compacto.","breadcrumb":{"@id":"https:\/\/www.ghostysky.com\/product\/hesai-jt128\/#breadcrumb"},"inLanguage":"pt-PT","potentialAction":[{"@type":"ReadAction","target":["https:\/\/www.ghostysky.com\/product\/hesai-jt128\/"]}]},{"@type":"ImageObject","inLanguage":"pt-PT","@id":"https:\/\/www.ghostysky.com\/product\/hesai-jt128\/#primaryimage","url":"https:\/\/www.ghostysky.com\/wp-content\/uploads\/2026\/01\/GH_Hesai_Jt128_1.jpg","contentUrl":"https:\/\/www.ghostysky.com\/wp-content\/uploads\/2026\/01\/GH_Hesai_Jt128_1.jpg","width":2160,"height":2160},{"@type":"BreadcrumbList","@id":"https:\/\/www.ghostysky.com\/product\/hesai-jt128\/#breadcrumb","itemListElement":[{"@type":"ListItem","position":1,"name":"Home","item":"https:\/\/www.ghostysky.com\/"},{"@type":"ListItem","position":2,"name":"Shop","item":"https:\/\/www.ghostysky.com\/shop\/"},{"@type":"ListItem","position":3,"name":"Hesai JT128"}]},{"@type":"WebSite","@id":"https:\/\/www.ghostysky.com\/#website","url":"https:\/\/www.ghostysky.com\/","name":"Ghostysky","description":"Fornecendo solu\u00e7\u00f5es profissionais em drones e rob\u00f3tica.","publisher":{"@id":"https:\/\/www.ghostysky.com\/#organization"},"potentialAction":[{"@type":"SearchAction","target":{"@type":"EntryPoint","urlTemplate":"https:\/\/www.ghostysky.com\/?s={search_term_string}"},"query-input":{"@type":"PropertyValueSpecification","valueRequired":true,"valueName":"search_term_string"}}],"inLanguage":"pt-PT"},{"@type":"Organization","@id":"https:\/\/www.ghostysky.com\/#organization","name":"Ghostysky","url":"https:\/\/www.ghostysky.com\/","logo":{"@type":"ImageObject","inLanguage":"pt-PT","@id":"https:\/\/www.ghostysky.com\/#\/schema\/logo\/image\/","url":"https:\/\/www.ghostysky.com\/wp-content\/uploads\/2020\/06\/cropped-ghostyskylogo_text_white2.png","contentUrl":"https:\/\/www.ghostysky.com\/wp-content\/uploads\/2020\/06\/cropped-ghostyskylogo_text_white2.png","width":169,"height":56,"caption":"Ghostysky"},"image":{"@id":"https:\/\/www.ghostysky.com\/#\/schema\/logo\/image\/"},"sameAs":["https:\/\/www.facebook.com\/people\/Ghostysky\/100057676170234\/","https:\/\/x.com\/Gh0stysky","https:\/\/www.linkedin.com\/company\/34739653","https:\/\/www.instagram.com\/gh0stysky"]}]}},"_links":{"self":[{"href":"https:\/\/www.ghostysky.com\/pt\/wp-json\/wp\/v2\/product\/23765","targetHints":{"allow":["GET"]}}],"collection":[{"href":"https:\/\/www.ghostysky.com\/pt\/wp-json\/wp\/v2\/product"}],"about":[{"href":"https:\/\/www.ghostysky.com\/pt\/wp-json\/wp\/v2\/types\/product"}],"replies":[{"embeddable":true,"href":"https:\/\/www.ghostysky.com\/pt\/wp-json\/wp\/v2\/comments?post=23765"}],"version-history":[{"count":0,"href":"https:\/\/www.ghostysky.com\/pt\/wp-json\/wp\/v2\/product\/23765\/revisions"}],"wp:featuredmedia":[{"embeddable":true,"href":"https:\/\/www.ghostysky.com\/pt\/wp-json\/wp\/v2\/media\/23769"}],"wp:attachment":[{"href":"https:\/\/www.ghostysky.com\/pt\/wp-json\/wp\/v2\/media?parent=23765"}],"wp:term":[{"taxonomy":"product_brand","embeddable":true,"href":"https:\/\/www.ghostysky.com\/pt\/wp-json\/wp\/v2\/product_brand?post=23765"},{"taxonomy":"product_cat","embeddable":true,"href":"https:\/\/www.ghostysky.com\/pt\/wp-json\/wp\/v2\/product_cat?post=23765"},{"taxonomy":"product_tag","embeddable":true,"href":"https:\/\/www.ghostysky.com\/pt\/wp-json\/wp\/v2\/product_tag?post=23765"}],"curies":[{"name":"wp","href":"https:\/\/api.w.org\/{rel}","templated":true}]}}