{"id":23770,"date":"2026-01-24T13:55:51","date_gmt":"2026-01-24T13:55:51","guid":{"rendered":"https:\/\/www.ghostysky.com\/?post_type=product&#038;p=23770"},"modified":"2026-04-07T14:11:25","modified_gmt":"2026-04-07T14:11:25","slug":"hesai-ot128","status":"publish","type":"product","link":"https:\/\/www.ghostysky.com\/pt\/product\/hesai-ot128\/","title":{"rendered":"Hesai OT128"},"content":{"rendered":"<h3 data-path-to-node=\"1\"><b data-path-to-node=\"1\" data-index-in-node=\"0\">Especifica\u00e7\u00f5es principais<\/b><\/h3>\n<table data-path-to-node=\"2\">\n<thead>\n<tr>\n<td><strong>Recurso<\/strong><\/td>\n<td><strong>Especifica\u00e7\u00f5es<\/strong><\/td>\n<\/tr>\n<\/thead>\n<tbody>\n<tr>\n<td><span data-path-to-node=\"2,1,0,0\"><b data-path-to-node=\"2,1,0,0\" data-index-in-node=\"0\">Canais<\/b><\/span><\/td>\n<td><span data-path-to-node=\"2,1,1,0\">128<\/span><\/td>\n<\/tr>\n<tr>\n<td><span data-path-to-node=\"2,2,0,0\"><b data-path-to-node=\"2,2,0,0\" data-index-in-node=\"0\">Faixa de detec\u00e7\u00e3o<\/b><\/span><\/td>\n<td><span data-path-to-node=\"2,2,1,0\">200 m (refletividade (@10%); 230 m M\u00e1x.)<\/span><\/td>\n<\/tr>\n<tr>\n<td><span data-path-to-node=\"2,3,0,0\"><b data-path-to-node=\"2,3,0,0\" data-index-in-node=\"0\">Campo de vis\u00e3o (FOV)<\/b><\/span><\/td>\n<td><span data-path-to-node=\"2,3,1,0\">360\u00b0 (Horizontal) x 40\u00b0 (Vertical)<\/span><\/td>\n<\/tr>\n<tr>\n<td><span data-path-to-node=\"2,4,0,0\"><b data-path-to-node=\"2,4,0,0\" data-index-in-node=\"0\">Resolu\u00e7\u00e3o angular<\/b><\/span><\/td>\n<td><span data-path-to-node=\"2,4,1,0\">At\u00e9 <span class=\"math-inline\" data-math=\"0.1^\\circ\" data-index-in-node=\"6\">0,1\u00ba<\/span> (H) x <span class=\"math-inline\" data-math=\"0.125^\\circ\" data-index-in-node=\"22\">0,125\u00ba<\/span> (V)<\/span><\/td>\n<\/tr>\n<tr>\n<td><span data-path-to-node=\"2,5,0,0\"><b data-path-to-node=\"2,5,0,0\" data-index-in-node=\"0\">Taxa de pontos<\/b><\/span><\/td>\n<td><span data-path-to-node=\"2,5,1,0\">At\u00e9 6,91 milh\u00f5es de pontos\/s (Retorno Duplo)<\/span><\/td>\n<\/tr>\n<tr>\n<td><span data-path-to-node=\"2,6,0,0\"><b data-path-to-node=\"2,6,0,0\" data-index-in-node=\"0\">Taxa de quadros<\/b><\/span><\/td>\n<td><span data-path-to-node=\"2,6,1,0\">10 Hz ou 20 Hz (Configur\u00e1vel)<\/span><\/td>\n<\/tr>\n<tr>\n<td><span data-path-to-node=\"2,7,0,0\"><b data-path-to-node=\"2,7,0,0\" data-index-in-node=\"0\">Consumo de energia<\/b><\/span><\/td>\n<td><span data-path-to-node=\"2,7,1,0\">29 W<\/span><\/td>\n<\/tr>\n<tr>\n<td><span data-path-to-node=\"2,8,0,0\"><b data-path-to-node=\"2,8,0,0\" data-index-in-node=\"0\">Prote\u00e7\u00e3o de entrada<\/b><\/span><\/td>\n<td><span data-path-to-node=\"2,8,1,0\">IP6K7 e IP6K9K<\/span><\/td>\n<\/tr>\n<\/tbody>\n<\/table>\n<p>&nbsp;<\/p>\n<h3><b data-path-to-node=\"4\" data-index-in-node=\"0\">Principais destaques do produto<\/b><\/h3>\n<ul data-path-to-node=\"5\">\n<li>\n<p data-path-to-node=\"5,0,0\"><b data-path-to-node=\"5,0,0\" data-index-in-node=\"0\">Resolu\u00e7\u00e3o \u201csemelhante \u00e0 imagem\u201d:<\/b> Com uma resolu\u00e7\u00e3o t\u00e3o fina quanto <span class=\"math-inline\" data-math=\"0.1^\\circ \\times 0.125^\\circ\" data-index-in-node=\"54\">$0,1^\\circ \\times 0,125^\\circ$<\/span>O OT128 produz uma nuvem de pontos densa e de alta defini\u00e7\u00e3o. <span class=\"citation-156 citation-end-156\">Isso permite que sistemas aut\u00f4nomos reconhe\u00e7am pequenos objetos, como cones de tr\u00e2nsito ou pedestres distantes, com extrema clareza, mesmo a uma dist\u00e2ncia de 200 metros.<\/span><\/p>\n<\/li>\n<li>\n<p data-path-to-node=\"5,1,0\"><b data-path-to-node=\"5,1,0\" data-index-in-node=\"0\">Design integrado para escalabilidade:<\/b><span class=\"citation-155 citation-end-155\"> Ao reduzir o n\u00famero de componentes internos em 66% em compara\u00e7\u00e3o com as gera\u00e7\u00f5es anteriores, a Hesai tornou o OT128 significativamente mais f\u00e1cil de produzir em massa.<\/span> <span class=\"citation-154 citation-end-154\">Compartilha o chip 95% em seus m\u00f3dulos transceptores principais com o AT128, aproveitando uma plataforma comprovada de n\u00edvel automotivo.<\/span><\/p>\n<\/li>\n<li>\n<p data-path-to-node=\"5,2,0\"><b data-path-to-node=\"5,2,0\" data-index-in-node=\"0\"><span class=\"citation-153\">Percep\u00e7\u00e3o em todas as condi\u00e7\u00f5es clim\u00e1ticas (IPE):<\/span><\/b><span class=\"citation-153\"> O sensor apresenta um <\/span><b data-path-to-node=\"5,2,0\" data-index-in-node=\"53\"><span class=\"citation-153\">Motor de Nuvem de Pontos Inteligente (IPE)<\/span><\/b><span class=\"citation-153 citation-end-153\">.<\/span> <span class=\"citation-152 citation-end-152\">Essa tecnologia detecta e sinaliza &quot;ru\u00eddos&quot; ambientais, como chuva, neblina, gases de escapamento e respingos de \u00e1gua em tempo real, permitindo que o software os filtre e mantenha a visibilidade em condi\u00e7\u00f5es adversas.<\/span><\/p>\n<\/li>\n<li>\n<p data-path-to-node=\"5,3,0\"><b data-path-to-node=\"5,3,0\" data-index-in-node=\"0\">Cobertura de 360\u00b0 sem costura:<\/b><span class=\"citation-151 citation-end-151\"> Ao contr\u00e1rio dos sensores de estado s\u00f3lido que exigem que v\u00e1rias unidades sejam &quot;unidas&quot; (criando problemas de calibra\u00e7\u00e3o), um \u00fanico OT128 fornece uma vis\u00e3o cont\u00ednua de 360\u00b0, simplificando a configura\u00e7\u00e3o do hardware e os algoritmos de percep\u00e7\u00e3o.<\/span><\/p>\n<\/li>\n<li>\n<p data-path-to-node=\"5,4,0\"><b data-path-to-node=\"5,4,0\" data-index-in-node=\"0\">Confiabilidade e seguran\u00e7a:<\/b><span class=\"citation-150\"> Ele foi projetado para uma vida \u00fatil de mais de 30.000 horas e atende aos seguintes requisitos: <\/span><b data-path-to-node=\"5,4,0\" data-index-in-node=\"87\"><span class=\"citation-150\">ISO 26262 ASIL B<\/span><\/b><span class=\"citation-150\"> seguran\u00e7a funcional e <\/span><b data-path-to-node=\"5,4,0\" data-index-in-node=\"126\"><span class=\"citation-150\">ISO 21434<\/span><\/b><span class=\"citation-150 citation-end-150\"> padr\u00f5es de ciberseguran\u00e7a.<\/span><\/p>\n<p>&nbsp;<\/li>\n<\/ul>\n<h3><b data-path-to-node=\"7\" data-index-in-node=\"0\">Aplica\u00e7\u00f5es prim\u00e1rias<\/b><\/h3>\n<ul data-path-to-node=\"8\">\n<li>\n<p data-path-to-node=\"8,0,0\"><b data-path-to-node=\"8,0,0\" data-index-in-node=\"0\"><span class=\"citation-149\">Ve\u00edculos aut\u00f4nomos de n\u00edvel 4:<\/span><\/b><span class=\"citation-149 citation-end-149\"> Rob\u00f4s-t\u00e1xi, rob\u00f4s-\u00f4nibus e caminh\u00f5es aut\u00f4nomos.<\/span><\/p>\n<\/li>\n<li>\n<p data-path-to-node=\"8,1,0\"><b data-path-to-node=\"8,1,0\" data-index-in-node=\"0\"><span class=\"citation-148\">Automa\u00e7\u00e3o Industrial:<\/span><\/b><span class=\"citation-148 citation-end-148\"> Automa\u00e7\u00e3o portu\u00e1ria (AGVs), caminh\u00f5es de terminal e log\u00edstica de armaz\u00e9ns em larga escala.<\/span><\/p>\n<\/li>\n<li>\n<p data-path-to-node=\"8,2,0\"><b data-path-to-node=\"8,2,0\" data-index-in-node=\"0\"><span class=\"citation-147\">Infraestrutura Inteligente:<\/span><\/b><span class=\"citation-147 citation-end-147\"> Comunica\u00e7\u00e3o V2X (Ve\u00edculo para Tudo) e monitoramento de tr\u00e1fego em cidades inteligentes.<\/span><\/p>\n<\/li>\n<\/ul>","protected":false},"excerpt":{"rendered":"<p><span class=\"citation-158\">O <\/span><b data-path-to-node=\"0\" data-index-in-node=\"4\"><span class=\"citation-158\">Hesai OT128<\/span><\/b><span class=\"citation-158 citation-end-158\"> \u00c9 um LiDAR mec\u00e2nico de 128 canais, de n\u00edvel automotivo, projetado para ser o sensor de 360\u00b0 &quot;principal&quot; para dire\u00e7\u00e3o aut\u00f4noma de n\u00edvel 4 e rob\u00f3tica industrial de ponta.<\/span> <span class=\"citation-157 citation-end-157\">Ele preenche a lacuna entre sensores de pesquisa de alto desempenho e produ\u00e7\u00e3o em massa com custo-benef\u00edcio, utilizando uma arquitetura de transceptor baseada em chip, compartilhada com o popular AT128.<\/span><\/p>","protected":false},"featured_media":23772,"comment_status":"open","ping_status":"closed","template":"","meta":[],"product_brand":[1338],"product_cat":[1337,1037,1040],"product_tag":[1339,1340],"class_list":{"0":"post-23770","1":"product","2":"type-product","3":"status-publish","4":"has-post-thumbnail","6":"product_brand-hesai","7":"product_cat-hesai-lidars","8":"product_cat-robotics","9":"product_cat-sensors-robotics","10":"product_tag-hesai","11":"product_tag-hesai-lidars","13":"first","14":"onbackorder","15":"taxable","16":"shipping-taxable","17":"product-type-simple"},"yoast_head":"<!-- This site is optimized with the Yoast SEO plugin v27.1.1 - https:\/\/yoast.com\/product\/yoast-seo-wordpress\/ -->\n<title>Hesai OT128 - Ghostysky<\/title>\n<meta name=\"description\" content=\"The Hesai OT128 is an automotive-grade, 128-channel mechanical LiDAR designed to be the &quot;flagship&quot; 360\u00b0 sensor for L4 autonomous driving and high-end industrial robotics. It bridges the gap between high-performance research sensors and cost-effective mass production by utilizing a chip-based transceiver architecture shared with the popular AT128.\" \/>\n<meta name=\"robots\" content=\"index, follow, max-snippet:-1, max-image-preview:large, max-video-preview:-1\" \/>\n<link rel=\"canonical\" href=\"https:\/\/www.ghostysky.com\/pt\/produto-2\/hesai-ot128\/\" \/>\n<meta property=\"og:locale\" content=\"pt_PT\" \/>\n<meta property=\"og:type\" content=\"article\" \/>\n<meta property=\"og:title\" content=\"Hesai OT128 - Ghostysky\" \/>\n<meta property=\"og:description\" content=\"The Hesai OT128 is an automotive-grade, 128-channel mechanical LiDAR designed to be the &quot;flagship&quot; 360\u00b0 sensor for L4 autonomous driving and high-end industrial robotics. It bridges the gap between high-performance research sensors and cost-effective mass production by utilizing a chip-based transceiver architecture shared with the popular AT128.\" \/>\n<meta property=\"og:url\" content=\"https:\/\/www.ghostysky.com\/pt\/produto-2\/hesai-ot128\/\" \/>\n<meta property=\"og:site_name\" content=\"Ghostysky\" \/>\n<meta property=\"article:publisher\" content=\"https:\/\/www.facebook.com\/people\/Ghostysky\/100057676170234\/\" \/>\n<meta property=\"article:modified_time\" content=\"2026-04-07T14:11:25+00:00\" \/>\n<meta property=\"og:image\" content=\"https:\/\/www.ghostysky.com\/wp-content\/uploads\/2026\/01\/GH_Hesai_OT128_1.jpg\" \/>\n\t<meta property=\"og:image:width\" content=\"225\" \/>\n\t<meta property=\"og:image:height\" content=\"225\" \/>\n\t<meta property=\"og:image:type\" content=\"image\/jpeg\" \/>\n<meta name=\"twitter:card\" content=\"summary_large_image\" \/>\n<meta name=\"twitter:site\" content=\"@Gh0stysky\" \/>\n<meta name=\"twitter:label1\" content=\"Tempo estimado de leitura\" \/>\n\t<meta name=\"twitter:data1\" content=\"2 minutos\" \/>\n<script type=\"application\/ld+json\" class=\"yoast-schema-graph\">{\"@context\":\"https:\/\/schema.org\",\"@graph\":[{\"@type\":\"WebPage\",\"@id\":\"https:\/\/www.ghostysky.com\/product\/hesai-ot128\/\",\"url\":\"https:\/\/www.ghostysky.com\/product\/hesai-ot128\/\",\"name\":\"Hesai OT128 - Ghostysky\",\"isPartOf\":{\"@id\":\"https:\/\/www.ghostysky.com\/#website\"},\"primaryImageOfPage\":{\"@id\":\"https:\/\/www.ghostysky.com\/product\/hesai-ot128\/#primaryimage\"},\"image\":{\"@id\":\"https:\/\/www.ghostysky.com\/product\/hesai-ot128\/#primaryimage\"},\"thumbnailUrl\":\"https:\/\/www.ghostysky.com\/wp-content\/uploads\/2026\/01\/GH_Hesai_OT128_1.jpg\",\"datePublished\":\"2026-01-24T13:55:51+00:00\",\"dateModified\":\"2026-04-07T14:11:25+00:00\",\"description\":\"The Hesai OT128 is an automotive-grade, 128-channel mechanical LiDAR designed to be the \\\"flagship\\\" 360\u00b0 sensor for L4 autonomous driving and high-end industrial robotics. It bridges the gap between high-performance research sensors and cost-effective mass production by utilizing a chip-based transceiver architecture shared with the popular AT128.\",\"breadcrumb\":{\"@id\":\"https:\/\/www.ghostysky.com\/product\/hesai-ot128\/#breadcrumb\"},\"inLanguage\":\"pt-PT\",\"potentialAction\":[{\"@type\":\"ReadAction\",\"target\":[\"https:\/\/www.ghostysky.com\/product\/hesai-ot128\/\"]}]},{\"@type\":\"ImageObject\",\"inLanguage\":\"pt-PT\",\"@id\":\"https:\/\/www.ghostysky.com\/product\/hesai-ot128\/#primaryimage\",\"url\":\"https:\/\/www.ghostysky.com\/wp-content\/uploads\/2026\/01\/GH_Hesai_OT128_1.jpg\",\"contentUrl\":\"https:\/\/www.ghostysky.com\/wp-content\/uploads\/2026\/01\/GH_Hesai_OT128_1.jpg\",\"width\":225,\"height\":225},{\"@type\":\"BreadcrumbList\",\"@id\":\"https:\/\/www.ghostysky.com\/product\/hesai-ot128\/#breadcrumb\",\"itemListElement\":[{\"@type\":\"ListItem\",\"position\":1,\"name\":\"Home\",\"item\":\"https:\/\/www.ghostysky.com\/\"},{\"@type\":\"ListItem\",\"position\":2,\"name\":\"Shop\",\"item\":\"https:\/\/www.ghostysky.com\/shop\/\"},{\"@type\":\"ListItem\",\"position\":3,\"name\":\"Hesai OT128\"}]},{\"@type\":\"WebSite\",\"@id\":\"https:\/\/www.ghostysky.com\/#website\",\"url\":\"https:\/\/www.ghostysky.com\/\",\"name\":\"Ghostysky\",\"description\":\"Delivering professional drones and services\",\"publisher\":{\"@id\":\"https:\/\/www.ghostysky.com\/#organization\"},\"potentialAction\":[{\"@type\":\"SearchAction\",\"target\":{\"@type\":\"EntryPoint\",\"urlTemplate\":\"https:\/\/www.ghostysky.com\/?s={search_term_string}\"},\"query-input\":{\"@type\":\"PropertyValueSpecification\",\"valueRequired\":true,\"valueName\":\"search_term_string\"}}],\"inLanguage\":\"pt-PT\"},{\"@type\":\"Organization\",\"@id\":\"https:\/\/www.ghostysky.com\/#organization\",\"name\":\"Ghostysky\",\"url\":\"https:\/\/www.ghostysky.com\/\",\"logo\":{\"@type\":\"ImageObject\",\"inLanguage\":\"pt-PT\",\"@id\":\"https:\/\/www.ghostysky.com\/#\/schema\/logo\/image\/\",\"url\":\"https:\/\/www.ghostysky.com\/wp-content\/uploads\/2020\/06\/cropped-ghostyskylogo_text_white2.png\",\"contentUrl\":\"https:\/\/www.ghostysky.com\/wp-content\/uploads\/2020\/06\/cropped-ghostyskylogo_text_white2.png\",\"width\":169,\"height\":56,\"caption\":\"Ghostysky\"},\"image\":{\"@id\":\"https:\/\/www.ghostysky.com\/#\/schema\/logo\/image\/\"},\"sameAs\":[\"https:\/\/www.facebook.com\/people\/Ghostysky\/100057676170234\/\",\"https:\/\/x.com\/Gh0stysky\",\"https:\/\/www.linkedin.com\/company\/34739653\",\"https:\/\/www.instagram.com\/gh0stysky\"]}]}<\/script>\n<!-- \/ Yoast SEO plugin. -->","yoast_head_json":{"title":"Hesai OT128 - Ghostysky","description":"O Hesai OT128 \u00e9 um LiDAR mec\u00e2nico de 128 canais, de n\u00edvel automotivo, projetado para ser o sensor de 360\u00b0 &quot;carro-chefe&quot; para dire\u00e7\u00e3o aut\u00f4noma de n\u00edvel 4 e rob\u00f3tica industrial de ponta. Ele preenche a lacuna entre sensores de pesquisa de alto desempenho e produ\u00e7\u00e3o em massa com custo acess\u00edvel, utilizando uma arquitetura de transceptor baseada em chip, compartilhada com o popular AT128.","robots":{"index":"index","follow":"follow","max-snippet":"max-snippet:-1","max-image-preview":"max-image-preview:large","max-video-preview":"max-video-preview:-1"},"canonical":"https:\/\/www.ghostysky.com\/pt\/produto-2\/hesai-ot128\/","og_locale":"pt_PT","og_type":"article","og_title":"Hesai OT128 - Ghostysky","og_description":"The Hesai OT128 is an automotive-grade, 128-channel mechanical LiDAR designed to be the \"flagship\" 360\u00b0 sensor for L4 autonomous driving and high-end industrial robotics. It bridges the gap between high-performance research sensors and cost-effective mass production by utilizing a chip-based transceiver architecture shared with the popular AT128.","og_url":"https:\/\/www.ghostysky.com\/pt\/produto-2\/hesai-ot128\/","og_site_name":"Ghostysky","article_publisher":"https:\/\/www.facebook.com\/people\/Ghostysky\/100057676170234\/","article_modified_time":"2026-04-07T14:11:25+00:00","og_image":[{"width":225,"height":225,"url":"https:\/\/www.ghostysky.com\/wp-content\/uploads\/2026\/01\/GH_Hesai_OT128_1.jpg","type":"image\/jpeg"}],"twitter_card":"summary_large_image","twitter_site":"@Gh0stysky","twitter_misc":{"Tempo estimado de leitura":"2 minutos"},"schema":{"@context":"https:\/\/schema.org","@graph":[{"@type":"WebPage","@id":"https:\/\/www.ghostysky.com\/product\/hesai-ot128\/","url":"https:\/\/www.ghostysky.com\/product\/hesai-ot128\/","name":"Hesai OT128 - Ghostysky","isPartOf":{"@id":"https:\/\/www.ghostysky.com\/#website"},"primaryImageOfPage":{"@id":"https:\/\/www.ghostysky.com\/product\/hesai-ot128\/#primaryimage"},"image":{"@id":"https:\/\/www.ghostysky.com\/product\/hesai-ot128\/#primaryimage"},"thumbnailUrl":"https:\/\/www.ghostysky.com\/wp-content\/uploads\/2026\/01\/GH_Hesai_OT128_1.jpg","datePublished":"2026-01-24T13:55:51+00:00","dateModified":"2026-04-07T14:11:25+00:00","description":"O Hesai OT128 \u00e9 um LiDAR mec\u00e2nico de 128 canais, de n\u00edvel automotivo, projetado para ser o sensor de 360\u00b0 &quot;carro-chefe&quot; para dire\u00e7\u00e3o aut\u00f4noma de n\u00edvel 4 e rob\u00f3tica industrial de ponta. Ele preenche a lacuna entre sensores de pesquisa de alto desempenho e produ\u00e7\u00e3o em massa com custo acess\u00edvel, utilizando uma arquitetura de transceptor baseada em chip, compartilhada com o popular AT128.","breadcrumb":{"@id":"https:\/\/www.ghostysky.com\/product\/hesai-ot128\/#breadcrumb"},"inLanguage":"pt-PT","potentialAction":[{"@type":"ReadAction","target":["https:\/\/www.ghostysky.com\/product\/hesai-ot128\/"]}]},{"@type":"ImageObject","inLanguage":"pt-PT","@id":"https:\/\/www.ghostysky.com\/product\/hesai-ot128\/#primaryimage","url":"https:\/\/www.ghostysky.com\/wp-content\/uploads\/2026\/01\/GH_Hesai_OT128_1.jpg","contentUrl":"https:\/\/www.ghostysky.com\/wp-content\/uploads\/2026\/01\/GH_Hesai_OT128_1.jpg","width":225,"height":225},{"@type":"BreadcrumbList","@id":"https:\/\/www.ghostysky.com\/product\/hesai-ot128\/#breadcrumb","itemListElement":[{"@type":"ListItem","position":1,"name":"Home","item":"https:\/\/www.ghostysky.com\/"},{"@type":"ListItem","position":2,"name":"Shop","item":"https:\/\/www.ghostysky.com\/shop\/"},{"@type":"ListItem","position":3,"name":"Hesai OT128"}]},{"@type":"WebSite","@id":"https:\/\/www.ghostysky.com\/#website","url":"https:\/\/www.ghostysky.com\/","name":"Ghostysky","description":"Fornecendo drones e servi\u00e7os profissionais","publisher":{"@id":"https:\/\/www.ghostysky.com\/#organization"},"potentialAction":[{"@type":"SearchAction","target":{"@type":"EntryPoint","urlTemplate":"https:\/\/www.ghostysky.com\/?s={search_term_string}"},"query-input":{"@type":"PropertyValueSpecification","valueRequired":true,"valueName":"search_term_string"}}],"inLanguage":"pt-PT"},{"@type":"Organization","@id":"https:\/\/www.ghostysky.com\/#organization","name":"Ghostysky","url":"https:\/\/www.ghostysky.com\/","logo":{"@type":"ImageObject","inLanguage":"pt-PT","@id":"https:\/\/www.ghostysky.com\/#\/schema\/logo\/image\/","url":"https:\/\/www.ghostysky.com\/wp-content\/uploads\/2020\/06\/cropped-ghostyskylogo_text_white2.png","contentUrl":"https:\/\/www.ghostysky.com\/wp-content\/uploads\/2020\/06\/cropped-ghostyskylogo_text_white2.png","width":169,"height":56,"caption":"Ghostysky"},"image":{"@id":"https:\/\/www.ghostysky.com\/#\/schema\/logo\/image\/"},"sameAs":["https:\/\/www.facebook.com\/people\/Ghostysky\/100057676170234\/","https:\/\/x.com\/Gh0stysky","https:\/\/www.linkedin.com\/company\/34739653","https:\/\/www.instagram.com\/gh0stysky"]}]}},"_links":{"self":[{"href":"https:\/\/www.ghostysky.com\/pt\/wp-json\/wp\/v2\/product\/23770","targetHints":{"allow":["GET"]}}],"collection":[{"href":"https:\/\/www.ghostysky.com\/pt\/wp-json\/wp\/v2\/product"}],"about":[{"href":"https:\/\/www.ghostysky.com\/pt\/wp-json\/wp\/v2\/types\/product"}],"replies":[{"embeddable":true,"href":"https:\/\/www.ghostysky.com\/pt\/wp-json\/wp\/v2\/comments?post=23770"}],"wp:featuredmedia":[{"embeddable":true,"href":"https:\/\/www.ghostysky.com\/pt\/wp-json\/wp\/v2\/media\/23772"}],"wp:attachment":[{"href":"https:\/\/www.ghostysky.com\/pt\/wp-json\/wp\/v2\/media?parent=23770"}],"wp:term":[{"taxonomy":"product_brand","embeddable":true,"href":"https:\/\/www.ghostysky.com\/pt\/wp-json\/wp\/v2\/product_brand?post=23770"},{"taxonomy":"product_cat","embeddable":true,"href":"https:\/\/www.ghostysky.com\/pt\/wp-json\/wp\/v2\/product_cat?post=23770"},{"taxonomy":"product_tag","embeddable":true,"href":"https:\/\/www.ghostysky.com\/pt\/wp-json\/wp\/v2\/product_tag?post=23770"}],"curies":[{"name":"wp","href":"https:\/\/api.w.org\/{rel}","templated":true}]}}