{"id":23781,"date":"2026-01-24T14:28:34","date_gmt":"2026-01-24T14:28:34","guid":{"rendered":"https:\/\/www.ghostysky.com\/?post_type=product&#038;p=23781"},"modified":"2026-04-07T14:05:44","modified_gmt":"2026-04-07T14:05:44","slug":"hesai-xt16","status":"publish","type":"product","link":"https:\/\/www.ghostysky.com\/pt\/product\/hesai-xt16\/","title":{"rendered":"Hesai XT16"},"content":{"rendered":"<h3 data-path-to-node=\"2\">Caracter\u00edsticas principais<\/h3>\n<ul data-path-to-node=\"3\">\n<li>\n<p data-path-to-node=\"3,0,0\"><b data-path-to-node=\"3,0,0\" data-index-in-node=\"0\">Alcance Zero Blind:<\/b><span class=\"citation-293 citation-end-293\"> Ao contr\u00e1rio de muitos sensores LiDAR que possuem uma &quot;zona morta&quot; de 0,5 m ou mais, o XT16 consegue detectar objetos mesmo que estejam em contato com a carca\u00e7a do sensor.<\/span><\/p>\n<\/li>\n<li>\n<p data-path-to-node=\"3,1,0\"><b data-path-to-node=\"3,1,0\" data-index-in-node=\"0\"><span class=\"citation-292\">Alta precis\u00e3o:<\/span><\/b><span class=\"citation-292\"> Oferece uma gama de precis\u00e3o de <\/span><b data-path-to-node=\"3,1,0\" data-index-in-node=\"45\"><span class=\"citation-292\">\u00b11 cm<\/span><\/b><span class=\"citation-292\"> e uma precis\u00e3o de <\/span><b data-path-to-node=\"3,1,0\" data-index-in-node=\"70\"><span class=\"citation-292\">0,5 cm<\/span><\/b><span class=\"citation-292 citation-end-292\">, fornecendo os dados de alta fidelidade necess\u00e1rios para SLAM (Localiza\u00e7\u00e3o e Mapeamento Simult\u00e2neos).<\/span><\/p>\n<\/li>\n<li>\n<p data-path-to-node=\"3,2,0\"><b data-path-to-node=\"3,2,0\" data-index-in-node=\"0\">Confiabilidade robusta:<\/b><span class=\"citation-291\"> Testado segundo mais de 50 padr\u00f5es de confiabilidade, ele \u00e9 classificado como <\/span><b data-path-to-node=\"3,2,0\" data-index-in-node=\"74\"><span class=\"citation-291\">IP6K7\/IP6K9K<\/span><\/b><span class=\"citation-291 citation-end-291\">, garantindo que possa suportar jatos de \u00e1gua de alta press\u00e3o, poeira e vibra\u00e7\u00f5es extremas.<\/span><\/p>\n<\/li>\n<li>\n<p data-path-to-node=\"3,3,0\"><b data-path-to-node=\"3,3,0\" data-index-in-node=\"0\"><span class=\"citation-290\">Compacto e eficiente:<\/span><\/b><span class=\"citation-290\"> Pesando apenas <\/span><b data-path-to-node=\"3,3,0\" data-index-in-node=\"35\"><span class=\"citation-290\">800g<\/span><\/b><span class=\"citation-290\"> e consumindo apenas <\/span><b data-path-to-node=\"3,3,0\" data-index-in-node=\"59\"><span class=\"citation-290\">9W<\/span><\/b><span class=\"citation-290 citation-end-290\">Ele se integra facilmente a plataformas sens\u00edveis \u00e0 energia, como rob\u00f4s quadr\u00fapedes (por exemplo, Unitree Go2) ou drones.<\/span><\/p>\n<p>&nbsp;<\/li>\n<\/ul>\n<h3 data-path-to-node=\"5\">Especifica\u00e7\u00f5es t\u00e9cnicas<\/h3>\n<table data-path-to-node=\"6\">\n<thead>\n<tr>\n<td><strong>Recurso<\/strong><\/td>\n<td><strong>Especifica\u00e7\u00f5es<\/strong><\/td>\n<\/tr>\n<\/thead>\n<tbody>\n<tr>\n<td><span data-path-to-node=\"6,1,0,0\"><b data-path-to-node=\"6,1,0,0\" data-index-in-node=\"0\">Canais<\/b><\/span><\/td>\n<td><span data-path-to-node=\"6,1,1,0\">16<\/span><\/td>\n<\/tr>\n<tr>\n<td><span data-path-to-node=\"6,2,0,0\"><b data-path-to-node=\"6,2,0,0\" data-index-in-node=\"0\">Faixa de detec\u00e7\u00e3o<\/b><\/span><\/td>\n<td><span data-path-to-node=\"6,2,1,0\">0,05 m a 120 m (refletividade de 80 m a 10%)<\/span><\/td>\n<\/tr>\n<tr>\n<td><span data-path-to-node=\"6,3,0,0\"><b data-path-to-node=\"6,3,0,0\" data-index-in-node=\"0\">Campo de vis\u00e3o (FOV)<\/b><\/span><\/td>\n<td><span data-path-to-node=\"6,3,1,0\">360\u00b0 (Horizontal) x 30\u00b0 (Vertical)<\/span><\/td>\n<\/tr>\n<tr>\n<td><span data-path-to-node=\"6,4,0,0\"><b data-path-to-node=\"6,4,0,0\" data-index-in-node=\"0\">Resolu\u00e7\u00e3o angular<\/b><\/span><\/td>\n<td><span data-path-to-node=\"6,4,1,0\">0,18\u00b0 (H) \/ 2,0\u00b0 (V)<\/span><\/td>\n<\/tr>\n<tr>\n<td><span data-path-to-node=\"6,5,0,0\"><b data-path-to-node=\"6,5,0,0\" data-index-in-node=\"0\">Taxa de dados<\/b><\/span><\/td>\n<td><span data-path-to-node=\"6,5,1,0\">320.000 pts\/s (Retorno \u00danico) \/ 640.000 pts\/s (Retorno Duplo)<\/span><\/td>\n<\/tr>\n<tr>\n<td><span data-path-to-node=\"6,6,0,0\"><b data-path-to-node=\"6,6,0,0\" data-index-in-node=\"0\">Precis\u00e3o de alcance<\/b><\/span><\/td>\n<td><span data-path-to-node=\"6,6,1,0\">\u00b11 cm (T\u00edpico)<\/span><\/td>\n<\/tr>\n<tr>\n<td><span data-path-to-node=\"6,7,0,0\"><b data-path-to-node=\"6,7,0,0\" data-index-in-node=\"0\">Temperatura de opera\u00e7\u00e3o<\/b><\/span><\/td>\n<td><span data-path-to-node=\"6,7,1,0\">-40\u00b0C a 75\u00b0C<\/span><\/td>\n<\/tr>\n<tr>\n<td><span data-path-to-node=\"6,8,0,0\"><b data-path-to-node=\"6,8,0,0\" data-index-in-node=\"0\">Dimens\u00f5es<\/b><\/span><\/td>\n<td><span data-path-to-node=\"6,8,1,0\">\u03a6 76 mm x A 103,2 mm<\/span><\/td>\n<\/tr>\n<\/tbody>\n<\/table>\n<p>&nbsp;<\/p>\n<h3 data-path-to-node=\"8\">Aplica\u00e7\u00f5es prim\u00e1rias<\/h3>\n<ol start=\"1\" data-path-to-node=\"9\">\n<li>\n<p data-path-to-node=\"9,0,0\"><b data-path-to-node=\"9,0,0\" data-index-in-node=\"0\"><span class=\"citation-289\">Rob\u00f4s M\u00f3veis Aut\u00f4nomos (AMR):<\/span><\/b><span class=\"citation-289 citation-end-289\"> Ideal para log\u00edstica de armaz\u00e9m, rob\u00f4s de entrega e automa\u00e7\u00e3o da &quot;\u00faltima milha&quot;, onde a navega\u00e7\u00e3o em espa\u00e7os apertados exige detec\u00e7\u00e3o de dist\u00e2ncia zero.<\/span><\/p>\n<\/li>\n<li>\n<p data-path-to-node=\"9,1,0\"><b data-path-to-node=\"9,1,0\" data-index-in-node=\"0\">Mapeamento e Topografia:<\/b><span class=\"citation-288 citation-end-288\"> Utilizado em sistemas de digitaliza\u00e7\u00e3o montados em drones ou port\u00e1teis para criar nuvens de pontos 3D de alta densidade.<\/span><\/p>\n<\/li>\n<li>\n<p data-path-to-node=\"9,2,0\"><b data-path-to-node=\"9,2,0\" data-index-in-node=\"0\">Seguran\u00e7a Industrial:<\/b> Excelente para evitar obst\u00e1culos em m\u00e1quinas pesadas e para o direcionamento automatizado de ve\u00edculos.<\/p>\n<\/li>\n<li>\n<p data-path-to-node=\"9,3,0\"><b data-path-to-node=\"9,3,0\" data-index-in-node=\"0\"><span class=\"citation-287\">Pesquisa em Rob\u00f3tica:<\/span><\/b><span class=\"citation-287 citation-end-287\"> Um sensor padr\u00e3o para desenvolvedores que trabalham com ROS\/ROS2 devido \u00e0 sua extensa documenta\u00e7\u00e3o e suporte da comunidade.<\/span><\/p>\n<\/li>\n<\/ol>\n<blockquote data-path-to-node=\"10\">\n<p data-path-to-node=\"10,0\"><b data-path-to-node=\"10,0\" data-index-in-node=\"0\">Observa\u00e7\u00e3o:<\/b><span class=\"citation-286\"> Para usu\u00e1rios que necessitam de maior resolu\u00e7\u00e3o vertical, a Hesai oferece o <\/span><b data-path-to-node=\"10,0\" data-index-in-node=\"71\"><span class=\"citation-286\">XT32<\/span><\/b><span class=\"citation-286 citation-end-286\">, que compartilha o mesmo formato, mas dobra a quantidade de canais para nuvens de pontos mais densas.<\/span><\/p>\n<\/blockquote>","protected":false},"excerpt":{"rendered":"<p><span class=\"citation-295\">O <\/span><b data-path-to-node=\"0\" data-index-in-node=\"4\"><span class=\"citation-295\">Hesai XT16<\/span><\/b><span class=\"citation-295 citation-end-295\"> \u00c9 um sensor LiDAR mec\u00e2nico de alta precis\u00e3o com 16 canais, projetado especificamente para aplica\u00e7\u00f5es de m\u00e9dio alcance.<\/span> <span class=\"citation-294 citation-end-294\">Integrante da s\u00e9rie PandarXT, \u00e9 amplamente reconhecido por sua capacidade de &quot;zero pontos cegos&quot; e confiabilidade de n\u00edvel industrial, tornando-o um dos favoritos para rob\u00f3tica aut\u00f4noma, mapeamento e infraestrutura inteligente.<\/span><\/p>","protected":false},"featured_media":23785,"comment_status":"open","ping_status":"closed","template":"","meta":[],"product_brand":[1338],"product_cat":[1337,1037,1040],"product_tag":[1339,1340],"class_list":{"0":"post-23781","1":"product","2":"type-product","3":"status-publish","4":"has-post-thumbnail","6":"product_brand-hesai","7":"product_cat-hesai-lidars","8":"product_cat-robotics","9":"product_cat-sensors-robotics","10":"product_tag-hesai","11":"product_tag-hesai-lidars","13":"first","14":"onbackorder","15":"taxable","16":"shipping-taxable","17":"purchasable","18":"product-type-simple"},"yoast_head":"<!-- This site is optimized with the Yoast SEO plugin v27.1.1 - https:\/\/yoast.com\/product\/yoast-seo-wordpress\/ -->\n<title>Hesai XT16 - Ghostysky<\/title>\n<meta name=\"description\" content=\"The Hesai XT16 is a high-precision, 16-channel mechanical LiDAR sensor specifically engineered for mid-range applications. Part of the PandarXT series, it is widely regarded for its &quot;zero blind spot&quot; capability and industrial-grade reliability, making it a favorite for autonomous robotics, mapping, and smart infrastructure.\" \/>\n<meta name=\"robots\" content=\"index, follow, max-snippet:-1, max-image-preview:large, max-video-preview:-1\" \/>\n<link rel=\"canonical\" href=\"https:\/\/www.ghostysky.com\/pt\/produto-2\/hesai-xt16\/\" \/>\n<meta property=\"og:locale\" content=\"pt_PT\" \/>\n<meta property=\"og:type\" content=\"article\" \/>\n<meta property=\"og:title\" content=\"Hesai XT16 - Ghostysky\" \/>\n<meta property=\"og:description\" content=\"The Hesai XT16 is a high-precision, 16-channel mechanical LiDAR sensor specifically engineered for mid-range applications. Part of the PandarXT series, it is widely regarded for its &quot;zero blind spot&quot; capability and industrial-grade reliability, making it a favorite for autonomous robotics, mapping, and smart infrastructure.\" \/>\n<meta property=\"og:url\" content=\"https:\/\/www.ghostysky.com\/pt\/produto-2\/hesai-xt16\/\" \/>\n<meta property=\"og:site_name\" content=\"Ghostysky\" \/>\n<meta property=\"article:publisher\" content=\"https:\/\/www.facebook.com\/people\/Ghostysky\/100057676170234\/\" \/>\n<meta property=\"article:modified_time\" content=\"2026-04-07T14:05:44+00:00\" \/>\n<meta property=\"og:image\" content=\"https:\/\/www.ghostysky.com\/wp-content\/uploads\/2026\/01\/GH_Hesai_XT16_1.png\" \/>\n\t<meta property=\"og:image:width\" content=\"480\" \/>\n\t<meta property=\"og:image:height\" content=\"270\" \/>\n\t<meta property=\"og:image:type\" content=\"image\/png\" \/>\n<meta name=\"twitter:card\" content=\"summary_large_image\" \/>\n<meta name=\"twitter:site\" content=\"@Gh0stysky\" \/>\n<meta name=\"twitter:label1\" content=\"Tempo estimado de leitura\" \/>\n\t<meta name=\"twitter:data1\" content=\"2 minutos\" \/>\n<script type=\"application\/ld+json\" class=\"yoast-schema-graph\">{\"@context\":\"https:\/\/schema.org\",\"@graph\":[{\"@type\":\"WebPage\",\"@id\":\"https:\/\/www.ghostysky.com\/product\/hesai-xt16\/\",\"url\":\"https:\/\/www.ghostysky.com\/product\/hesai-xt16\/\",\"name\":\"Hesai XT16 - Ghostysky\",\"isPartOf\":{\"@id\":\"https:\/\/www.ghostysky.com\/#website\"},\"primaryImageOfPage\":{\"@id\":\"https:\/\/www.ghostysky.com\/product\/hesai-xt16\/#primaryimage\"},\"image\":{\"@id\":\"https:\/\/www.ghostysky.com\/product\/hesai-xt16\/#primaryimage\"},\"thumbnailUrl\":\"https:\/\/www.ghostysky.com\/wp-content\/uploads\/2026\/01\/GH_Hesai_XT16_1.png\",\"datePublished\":\"2026-01-24T14:28:34+00:00\",\"dateModified\":\"2026-04-07T14:05:44+00:00\",\"description\":\"The Hesai XT16 is a high-precision, 16-channel mechanical LiDAR sensor specifically engineered for mid-range applications. Part of the PandarXT series, it is widely regarded for its \\\"zero blind spot\\\" capability and industrial-grade reliability, making it a favorite for autonomous robotics, mapping, and smart infrastructure.\",\"breadcrumb\":{\"@id\":\"https:\/\/www.ghostysky.com\/product\/hesai-xt16\/#breadcrumb\"},\"inLanguage\":\"pt-PT\",\"potentialAction\":[{\"@type\":\"ReadAction\",\"target\":[\"https:\/\/www.ghostysky.com\/product\/hesai-xt16\/\"]}]},{\"@type\":\"ImageObject\",\"inLanguage\":\"pt-PT\",\"@id\":\"https:\/\/www.ghostysky.com\/product\/hesai-xt16\/#primaryimage\",\"url\":\"https:\/\/www.ghostysky.com\/wp-content\/uploads\/2026\/01\/GH_Hesai_XT16_1.png\",\"contentUrl\":\"https:\/\/www.ghostysky.com\/wp-content\/uploads\/2026\/01\/GH_Hesai_XT16_1.png\",\"width\":480,\"height\":270},{\"@type\":\"BreadcrumbList\",\"@id\":\"https:\/\/www.ghostysky.com\/product\/hesai-xt16\/#breadcrumb\",\"itemListElement\":[{\"@type\":\"ListItem\",\"position\":1,\"name\":\"Home\",\"item\":\"https:\/\/www.ghostysky.com\/\"},{\"@type\":\"ListItem\",\"position\":2,\"name\":\"Shop\",\"item\":\"https:\/\/www.ghostysky.com\/shop\/\"},{\"@type\":\"ListItem\",\"position\":3,\"name\":\"Hesai XT16\"}]},{\"@type\":\"WebSite\",\"@id\":\"https:\/\/www.ghostysky.com\/#website\",\"url\":\"https:\/\/www.ghostysky.com\/\",\"name\":\"Ghostysky\",\"description\":\"Delivering professional drones and services\",\"publisher\":{\"@id\":\"https:\/\/www.ghostysky.com\/#organization\"},\"potentialAction\":[{\"@type\":\"SearchAction\",\"target\":{\"@type\":\"EntryPoint\",\"urlTemplate\":\"https:\/\/www.ghostysky.com\/?s={search_term_string}\"},\"query-input\":{\"@type\":\"PropertyValueSpecification\",\"valueRequired\":true,\"valueName\":\"search_term_string\"}}],\"inLanguage\":\"pt-PT\"},{\"@type\":\"Organization\",\"@id\":\"https:\/\/www.ghostysky.com\/#organization\",\"name\":\"Ghostysky\",\"url\":\"https:\/\/www.ghostysky.com\/\",\"logo\":{\"@type\":\"ImageObject\",\"inLanguage\":\"pt-PT\",\"@id\":\"https:\/\/www.ghostysky.com\/#\/schema\/logo\/image\/\",\"url\":\"https:\/\/www.ghostysky.com\/wp-content\/uploads\/2020\/06\/cropped-ghostyskylogo_text_white2.png\",\"contentUrl\":\"https:\/\/www.ghostysky.com\/wp-content\/uploads\/2020\/06\/cropped-ghostyskylogo_text_white2.png\",\"width\":169,\"height\":56,\"caption\":\"Ghostysky\"},\"image\":{\"@id\":\"https:\/\/www.ghostysky.com\/#\/schema\/logo\/image\/\"},\"sameAs\":[\"https:\/\/www.facebook.com\/people\/Ghostysky\/100057676170234\/\",\"https:\/\/x.com\/Gh0stysky\",\"https:\/\/www.linkedin.com\/company\/34739653\",\"https:\/\/www.instagram.com\/gh0stysky\"]}]}<\/script>\n<!-- \/ Yoast SEO plugin. -->","yoast_head_json":{"title":"Hesai XT16 - Ghostysky","description":"O Hesai XT16 \u00e9 um sensor LiDAR mec\u00e2nico de alta precis\u00e3o com 16 canais, projetado especificamente para aplica\u00e7\u00f5es de m\u00e9dio alcance. Integrante da s\u00e9rie PandarXT, \u00e9 amplamente reconhecido por sua capacidade de &quot;zero ponto cego&quot; e confiabilidade de n\u00edvel industrial, tornando-o uma escolha popular para rob\u00f3tica aut\u00f4noma, mapeamento e infraestrutura inteligente.","robots":{"index":"index","follow":"follow","max-snippet":"max-snippet:-1","max-image-preview":"max-image-preview:large","max-video-preview":"max-video-preview:-1"},"canonical":"https:\/\/www.ghostysky.com\/pt\/produto-2\/hesai-xt16\/","og_locale":"pt_PT","og_type":"article","og_title":"Hesai XT16 - Ghostysky","og_description":"The Hesai XT16 is a high-precision, 16-channel mechanical LiDAR sensor specifically engineered for mid-range applications. Part of the PandarXT series, it is widely regarded for its \"zero blind spot\" capability and industrial-grade reliability, making it a favorite for autonomous robotics, mapping, and smart infrastructure.","og_url":"https:\/\/www.ghostysky.com\/pt\/produto-2\/hesai-xt16\/","og_site_name":"Ghostysky","article_publisher":"https:\/\/www.facebook.com\/people\/Ghostysky\/100057676170234\/","article_modified_time":"2026-04-07T14:05:44+00:00","og_image":[{"width":480,"height":270,"url":"https:\/\/www.ghostysky.com\/wp-content\/uploads\/2026\/01\/GH_Hesai_XT16_1.png","type":"image\/png"}],"twitter_card":"summary_large_image","twitter_site":"@Gh0stysky","twitter_misc":{"Tempo estimado de leitura":"2 minutos"},"schema":{"@context":"https:\/\/schema.org","@graph":[{"@type":"WebPage","@id":"https:\/\/www.ghostysky.com\/product\/hesai-xt16\/","url":"https:\/\/www.ghostysky.com\/product\/hesai-xt16\/","name":"Hesai XT16 - Ghostysky","isPartOf":{"@id":"https:\/\/www.ghostysky.com\/#website"},"primaryImageOfPage":{"@id":"https:\/\/www.ghostysky.com\/product\/hesai-xt16\/#primaryimage"},"image":{"@id":"https:\/\/www.ghostysky.com\/product\/hesai-xt16\/#primaryimage"},"thumbnailUrl":"https:\/\/www.ghostysky.com\/wp-content\/uploads\/2026\/01\/GH_Hesai_XT16_1.png","datePublished":"2026-01-24T14:28:34+00:00","dateModified":"2026-04-07T14:05:44+00:00","description":"O Hesai XT16 \u00e9 um sensor LiDAR mec\u00e2nico de alta precis\u00e3o com 16 canais, projetado especificamente para aplica\u00e7\u00f5es de m\u00e9dio alcance. Integrante da s\u00e9rie PandarXT, \u00e9 amplamente reconhecido por sua capacidade de &quot;zero ponto cego&quot; e confiabilidade de n\u00edvel industrial, tornando-o uma escolha popular para rob\u00f3tica aut\u00f4noma, mapeamento e infraestrutura inteligente.","breadcrumb":{"@id":"https:\/\/www.ghostysky.com\/product\/hesai-xt16\/#breadcrumb"},"inLanguage":"pt-PT","potentialAction":[{"@type":"ReadAction","target":["https:\/\/www.ghostysky.com\/product\/hesai-xt16\/"]}]},{"@type":"ImageObject","inLanguage":"pt-PT","@id":"https:\/\/www.ghostysky.com\/product\/hesai-xt16\/#primaryimage","url":"https:\/\/www.ghostysky.com\/wp-content\/uploads\/2026\/01\/GH_Hesai_XT16_1.png","contentUrl":"https:\/\/www.ghostysky.com\/wp-content\/uploads\/2026\/01\/GH_Hesai_XT16_1.png","width":480,"height":270},{"@type":"BreadcrumbList","@id":"https:\/\/www.ghostysky.com\/product\/hesai-xt16\/#breadcrumb","itemListElement":[{"@type":"ListItem","position":1,"name":"Home","item":"https:\/\/www.ghostysky.com\/"},{"@type":"ListItem","position":2,"name":"Shop","item":"https:\/\/www.ghostysky.com\/shop\/"},{"@type":"ListItem","position":3,"name":"Hesai XT16"}]},{"@type":"WebSite","@id":"https:\/\/www.ghostysky.com\/#website","url":"https:\/\/www.ghostysky.com\/","name":"Ghostysky","description":"Fornecendo drones e servi\u00e7os profissionais","publisher":{"@id":"https:\/\/www.ghostysky.com\/#organization"},"potentialAction":[{"@type":"SearchAction","target":{"@type":"EntryPoint","urlTemplate":"https:\/\/www.ghostysky.com\/?s={search_term_string}"},"query-input":{"@type":"PropertyValueSpecification","valueRequired":true,"valueName":"search_term_string"}}],"inLanguage":"pt-PT"},{"@type":"Organization","@id":"https:\/\/www.ghostysky.com\/#organization","name":"Ghostysky","url":"https:\/\/www.ghostysky.com\/","logo":{"@type":"ImageObject","inLanguage":"pt-PT","@id":"https:\/\/www.ghostysky.com\/#\/schema\/logo\/image\/","url":"https:\/\/www.ghostysky.com\/wp-content\/uploads\/2020\/06\/cropped-ghostyskylogo_text_white2.png","contentUrl":"https:\/\/www.ghostysky.com\/wp-content\/uploads\/2020\/06\/cropped-ghostyskylogo_text_white2.png","width":169,"height":56,"caption":"Ghostysky"},"image":{"@id":"https:\/\/www.ghostysky.com\/#\/schema\/logo\/image\/"},"sameAs":["https:\/\/www.facebook.com\/people\/Ghostysky\/100057676170234\/","https:\/\/x.com\/Gh0stysky","https:\/\/www.linkedin.com\/company\/34739653","https:\/\/www.instagram.com\/gh0stysky"]}]}},"_links":{"self":[{"href":"https:\/\/www.ghostysky.com\/pt\/wp-json\/wp\/v2\/product\/23781","targetHints":{"allow":["GET"]}}],"collection":[{"href":"https:\/\/www.ghostysky.com\/pt\/wp-json\/wp\/v2\/product"}],"about":[{"href":"https:\/\/www.ghostysky.com\/pt\/wp-json\/wp\/v2\/types\/product"}],"replies":[{"embeddable":true,"href":"https:\/\/www.ghostysky.com\/pt\/wp-json\/wp\/v2\/comments?post=23781"}],"wp:featuredmedia":[{"embeddable":true,"href":"https:\/\/www.ghostysky.com\/pt\/wp-json\/wp\/v2\/media\/23785"}],"wp:attachment":[{"href":"https:\/\/www.ghostysky.com\/pt\/wp-json\/wp\/v2\/media?parent=23781"}],"wp:term":[{"taxonomy":"product_brand","embeddable":true,"href":"https:\/\/www.ghostysky.com\/pt\/wp-json\/wp\/v2\/product_brand?post=23781"},{"taxonomy":"product_cat","embeddable":true,"href":"https:\/\/www.ghostysky.com\/pt\/wp-json\/wp\/v2\/product_cat?post=23781"},{"taxonomy":"product_tag","embeddable":true,"href":"https:\/\/www.ghostysky.com\/pt\/wp-json\/wp\/v2\/product_tag?post=23781"}],"curies":[{"name":"wp","href":"https:\/\/api.w.org\/{rel}","templated":true}]}}