{"id":23787,"date":"2026-01-24T14:36:16","date_gmt":"2026-01-24T14:36:16","guid":{"rendered":"https:\/\/www.ghostysky.com\/?post_type=product&#038;p=23787"},"modified":"2026-04-07T14:11:43","modified_gmt":"2026-04-07T14:11:43","slug":"hesai-xt32m1x","status":"publish","type":"product","link":"https:\/\/www.ghostysky.com\/pt\/product\/hesai-xt32m1x\/","title":{"rendered":"Hesai XT32M1X"},"content":{"rendered":"<h3 data-path-to-node=\"3\"><b data-path-to-node=\"3\" data-index-in-node=\"0\">Vis\u00e3o geral do produto<\/b><\/h3>\n<p data-path-to-node=\"4\">O XT32M1X pertence \u00e0 s\u00e9rie \u201cXT\u201d (Extended) da Hesai, que utiliza tecnologia ASIC (Circuito Integrado de Aplica\u00e7\u00e3o Espec\u00edfica) propriet\u00e1ria. Este design simplifica o hardware interno, reduzindo significativamente o peso e o consumo de energia, ao mesmo tempo que melhora a confiabilidade e a qualidade dos dados em compara\u00e7\u00e3o com os sensores tradicionais de 16 ou 32 canais.<\/p>\n<p data-path-to-node=\"5\"><span class=\"citation-322\">Sua caracter\u00edstica mais marcante \u00e9 a <\/span><b data-path-to-node=\"5\" data-index-in-node=\"28\"><span class=\"citation-322\">\u201cZona Cega Zero\u201d<\/span><\/b><span class=\"citation-322 citation-end-322\"> capacidade, permitindo detectar objetos mesmo quando est\u00e3o em contato direto com a carca\u00e7a do sensor \u2014 uma vantagem crucial para rob\u00f3tica em ambientes internos e manobras de acoplamento.<\/span><\/p>\n<p>&nbsp;<\/p>\n<h3 data-path-to-node=\"7\"><b data-path-to-node=\"7\" data-index-in-node=\"0\">Caracter\u00edsticas principais<\/b><\/h3>\n<ul data-path-to-node=\"8\">\n<li>\n<p data-path-to-node=\"8,0,0\"><b data-path-to-node=\"8,0,0\" data-index-in-node=\"0\">Alta densidade de laser:<\/b> Possui 32 canais de laser, proporcionando o dobro da resolu\u00e7\u00e3o vertical dos sensores padr\u00e3o de m\u00e9dio alcance.<\/p>\n<\/li>\n<li>\n<p data-path-to-node=\"8,1,0\"><b data-path-to-node=\"8,1,0\" data-index-in-node=\"0\">Alcance m\u00ednimo zero:<\/b> Capaz de realizar detec\u00e7\u00f5es v\u00e1lidas de 0m a 120m, eliminando o t\u00edpico ponto cego de 0,5m encontrado em muitos concorrentes.<\/p>\n<\/li>\n<li>\n<p data-path-to-node=\"8,2,0\"><b data-path-to-node=\"8,2,0\" data-index-in-node=\"0\"><span class=\"citation-321\">Precis\u00e3o de n\u00edvel topogr\u00e1fico:<\/span><\/b><span class=\"citation-321\"> Oferece uma gama de precis\u00e3o de <\/span><b data-path-to-node=\"8,2,0\" data-index-in-node=\"52\"><span class=\"citation-321 citation-end-321\">0,5 cm (<\/span><span class=\"math-inline\" data-math=\"1\\sigma\" data-index-in-node=\"60\">$1\\sigma$<\/span><span class=\"citation-320\">)<\/span><\/b><span class=\"citation-320\"> e uma precis\u00e3o geral de <\/span><b data-path-to-node=\"8,2,0\" data-index-in-node=\"96\"><span class=\"citation-320\">\u00b11 cm<\/span><\/b><span class=\"citation-320 citation-end-320\">, tornando-o adequado para modelagem 3D de alta fidelidade.<\/span><\/p>\n<\/li>\n<li>\n<p data-path-to-node=\"8,3,0\"><b data-path-to-node=\"8,3,0\" data-index-in-node=\"0\"><span class=\"citation-319\">Robustez:<\/span><\/b><span class=\"citation-319 citation-end-319\"> Com classifica\u00e7\u00e3o IP6K7 e IP6K9K para prote\u00e7\u00e3o contra \u00e1gua e poeira, e vida \u00fatil testada superior a 30.000 horas.<\/span><\/p>\n<p>&nbsp;<\/li>\n<\/ul>\n<h3 data-path-to-node=\"10\"><b data-path-to-node=\"10\" data-index-in-node=\"0\">Especifica\u00e7\u00f5es t\u00e9cnicas<\/b><\/h3>\n<table data-path-to-node=\"11\">\n<thead>\n<tr>\n<td><strong>Recurso<\/strong><\/td>\n<td><strong>Especifica\u00e7\u00f5es<\/strong><\/td>\n<\/tr>\n<\/thead>\n<tbody>\n<tr>\n<td><span data-path-to-node=\"11,1,0,0\"><b data-path-to-node=\"11,1,0,0\" data-index-in-node=\"0\">Canais de laser<\/b><\/span><\/td>\n<td><span data-path-to-node=\"11,1,1,0\">32<\/span><\/td>\n<\/tr>\n<tr>\n<td><span data-path-to-node=\"11,2,0,0\"><b data-path-to-node=\"11,2,0,0\" data-index-in-node=\"0\">Faixa de detec\u00e7\u00e3o<\/b><\/span><\/td>\n<td><span data-path-to-node=\"11,2,1,0\">0,05 m a 120 m (refletividade de 80 m a 10%)<\/span><\/td>\n<\/tr>\n<tr>\n<td><span data-path-to-node=\"11,3,0,0\"><b data-path-to-node=\"11,3,0,0\" data-index-in-node=\"0\">Precis\u00e3o de alcance<\/b><\/span><\/td>\n<td><span data-path-to-node=\"11,3,1,0\">\u00b11 cm<\/span><\/td>\n<\/tr>\n<tr>\n<td><span data-path-to-node=\"11,4,0,0\"><b data-path-to-node=\"11,4,0,0\" data-index-in-node=\"0\">Precis\u00e3o de alcance<\/b><\/span><\/td>\n<td><span data-path-to-node=\"11,4,1,0\">0,5 cm (<span class=\"math-inline\" data-math=\"1\\sigma\" data-index-in-node=\"8\">$1\\sigma$<\/span>)<\/span><\/td>\n<\/tr>\n<tr>\n<td><span data-path-to-node=\"11,5,0,0\"><b data-path-to-node=\"11,5,0,0\" data-index-in-node=\"0\">Campo de vis\u00e3o horizontal<\/b><\/span><\/td>\n<td><span data-path-to-node=\"11,5,1,0\">360\u00b0<\/span><\/td>\n<\/tr>\n<tr>\n<td><span data-path-to-node=\"11,6,0,0\"><b data-path-to-node=\"11,6,0,0\" data-index-in-node=\"0\">Campo de vis\u00e3o vertical<\/b><\/span><\/td>\n<td><span data-path-to-node=\"11,6,1,0\">31\u00b0 ou 40,3\u00b0 (dependendo da variante espec\u00edfica do modelo)<\/span><\/td>\n<\/tr>\n<tr>\n<td><span data-path-to-node=\"11,7,0,0\"><b data-path-to-node=\"11,7,0,0\" data-index-in-node=\"0\">Resolu\u00e7\u00e3o angular<\/b><\/span><\/td>\n<td><span data-path-to-node=\"11,7,1,0\">0,18\u00b0 (Horizontal) x 1,0\u00b0 (Vertical)<\/span><\/td>\n<\/tr>\n<tr>\n<td><span data-path-to-node=\"11,8,0,0\"><b data-path-to-node=\"11,8,0,0\" data-index-in-node=\"0\">Taxa de pontos<\/b><\/span><\/td>\n<td><span data-path-to-node=\"11,8,1,0\">640.000 pontos\/seg (Retorno \u00fanico)<\/span><\/td>\n<\/tr>\n<tr>\n<td><span data-path-to-node=\"11,9,0,0\"><b data-path-to-node=\"11,9,0,0\" data-index-in-node=\"0\">Retorno de dados<\/b><\/span><\/td>\n<td><span data-path-to-node=\"11,9,1,0\">At\u00e9 2 (simples\/duplo)<\/span><\/td>\n<\/tr>\n<tr>\n<td><span data-path-to-node=\"11,10,0,0\"><b data-path-to-node=\"11,10,0,0\" data-index-in-node=\"0\">Consumo de energia<\/b><\/span><\/td>\n<td><span data-path-to-node=\"11,10,1,0\">~10 W<\/span><\/td>\n<\/tr>\n<tr>\n<td><span data-path-to-node=\"11,11,0,0\"><b data-path-to-node=\"11,11,0,0\" data-index-in-node=\"0\">Peso<\/b><\/span><\/td>\n<td><span data-path-to-node=\"11,11,1,0\">~800 g<\/span><\/td>\n<\/tr>\n<\/tbody>\n<\/table>\n<p>&nbsp;<\/p>\n<h3 data-path-to-node=\"13\"><b data-path-to-node=\"13\" data-index-in-node=\"0\">Aplica\u00e7\u00f5es comuns<\/b><\/h3>\n<ul data-path-to-node=\"14\">\n<li>\n<p data-path-to-node=\"14,0,0\"><b data-path-to-node=\"14,0,0\" data-index-in-node=\"0\">Mapeamento e levantamento topogr\u00e1fico com drones:<\/b><span class=\"citation-318\"> Integrado em sistemas como o <\/span><i data-path-to-node=\"14,0,0\" data-index-in-node=\"58\"><span class=\"citation-318\">Laborat\u00f3rios Inerciais RESEPI<\/span><\/i><span class=\"citation-318 citation-end-318\"> para a cria\u00e7\u00e3o de mapas topogr\u00e1ficos e inspe\u00e7\u00f5es de infraestrutura.<\/span><\/p>\n<\/li>\n<li>\n<p data-path-to-node=\"14,1,0\"><b data-path-to-node=\"14,1,0\" data-index-in-node=\"0\">Rob\u00f4s M\u00f3veis Aut\u00f4nomos (AMR):<\/b><span class=\"citation-317 citation-end-317\"> Utilizado em rob\u00f4s de log\u00edstica e servi\u00e7os para navega\u00e7\u00e3o e desvio de obst\u00e1culos em espa\u00e7os confinados.<\/span><\/p>\n<\/li>\n<li>\n<p data-path-to-node=\"14,2,0\"><b data-path-to-node=\"14,2,0\" data-index-in-node=\"0\"><span class=\"citation-316\">Automa\u00e7\u00e3o Industrial:<\/span><\/b><span class=\"citation-316 citation-end-316\"> Medi\u00e7\u00e3o de volume para estoques ou cargas e monitoramento de seguran\u00e7a em f\u00e1bricas inteligentes.<\/span><\/p>\n<\/li>\n<li>\n<p data-path-to-node=\"14,3,0\"><b data-path-to-node=\"14,3,0\" data-index-in-node=\"0\">Cidades inteligentes:<\/b> Instalados em ve\u00edculos utilit\u00e1rios ou postes fixos para monitoramento do fluxo de tr\u00e1fego e pedestres.<\/p>\n<\/li>\n<\/ul>\n<blockquote data-path-to-node=\"16\">\n<p data-path-to-node=\"16,0\"><b data-path-to-node=\"16,0\" data-index-in-node=\"0\">Observa\u00e7\u00e3o:<\/b><span class=\"citation-315\"> Se voc\u00ea procura a vers\u00e3o de maior alcance, talvez se interesse pelo <\/span><b data-path-to-node=\"16,0\" data-index-in-node=\"84\"><span class=\"citation-315\">XT32M2X<\/span><\/b><span class=\"citation-315\">, o que amplia o alcance de detec\u00e7\u00e3o at\u00e9 <\/span><b data-path-to-node=\"16,0\" data-index-in-node=\"133\"><span class=\"citation-315\">300 metros<\/span><\/b><span class=\"citation-315 citation-end-315\"> e \u00e9 frequentemente utilizado para mapeamento com drones em grandes altitudes.<\/span><\/p>\n<\/blockquote>","protected":false},"excerpt":{"rendered":"<p><span class=\"citation-323\">O <\/span><b data-path-to-node=\"0\" data-index-in-node=\"4\"><span class=\"citation-323\">Hesai XT32M1X<\/span><\/b><span class=\"citation-323\"> (frequentemente referido como parte do <\/span><b data-path-to-node=\"0\" data-index-in-node=\"52\"><span class=\"citation-323\">S\u00e9rie XT32<\/span><\/b><span class=\"citation-323 citation-end-323\">\u00c9 um sensor LiDAR 3D de alta precis\u00e3o e alcance m\u00e9dio, projetado especificamente para aplica\u00e7\u00f5es onde a precis\u00e3o e a densidade de pontos s\u00e3o fundamentais, como mapeamento com drones, rob\u00f3tica industrial e topografia.<\/span><\/p>","protected":false},"featured_media":23785,"comment_status":"open","ping_status":"closed","template":"","meta":[],"product_brand":[1338],"product_cat":[1337,1037,1040],"product_tag":[1339,1340],"class_list":{"0":"post-23787","1":"product","2":"type-product","3":"status-publish","4":"has-post-thumbnail","6":"product_brand-hesai","7":"product_cat-hesai-lidars","8":"product_cat-robotics","9":"product_cat-sensors-robotics","10":"product_tag-hesai","11":"product_tag-hesai-lidars","13":"first","14":"onbackorder","15":"taxable","16":"shipping-taxable","17":"product-type-simple"},"yoast_head":"<!-- This site is optimized with the Yoast SEO plugin v27.4 - https:\/\/yoast.com\/product\/yoast-seo-wordpress\/ -->\n<title>Hesai XT32M1X - Ghostysky<\/title>\n<meta name=\"description\" content=\"The Hesai XT32M1X (often referred to as part of the XT32 series) is a high-precision, mid-range 3D LiDAR sensor designed specifically for applications where accuracy and point density are paramount, such as UAV mapping, industrial robotics, and surveying.\" \/>\n<meta name=\"robots\" content=\"index, follow, max-snippet:-1, max-image-preview:large, max-video-preview:-1\" \/>\n<link rel=\"canonical\" href=\"https:\/\/www.ghostysky.com\/pt\/produto-2\/hesai-xt32m1x\/\" \/>\n<meta property=\"og:locale\" content=\"pt_PT\" \/>\n<meta property=\"og:type\" content=\"article\" \/>\n<meta property=\"og:title\" content=\"Hesai XT32M1X - Ghostysky\" \/>\n<meta property=\"og:description\" content=\"The Hesai XT32M1X (often referred to as part of the XT32 series) is a high-precision, mid-range 3D LiDAR sensor designed specifically for applications where accuracy and point density are paramount, such as UAV mapping, industrial robotics, and surveying.\" \/>\n<meta property=\"og:url\" content=\"https:\/\/www.ghostysky.com\/pt\/produto-2\/hesai-xt32m1x\/\" \/>\n<meta property=\"og:site_name\" content=\"Ghostysky\" \/>\n<meta property=\"article:publisher\" content=\"https:\/\/www.facebook.com\/people\/Ghostysky\/100057676170234\/\" \/>\n<meta property=\"article:modified_time\" content=\"2026-04-07T14:11:43+00:00\" \/>\n<meta property=\"og:image\" content=\"https:\/\/www.ghostysky.com\/wp-content\/uploads\/2026\/01\/GH_Hesai_XT16_1.png\" \/>\n\t<meta property=\"og:image:width\" content=\"480\" \/>\n\t<meta property=\"og:image:height\" content=\"270\" \/>\n\t<meta property=\"og:image:type\" content=\"image\/png\" \/>\n<meta name=\"twitter:card\" content=\"summary_large_image\" \/>\n<meta name=\"twitter:site\" content=\"@Gh0stysky\" \/>\n<meta name=\"twitter:label1\" content=\"Tempo estimado de leitura\" \/>\n\t<meta name=\"twitter:data1\" content=\"2 minutos\" \/>\n<script type=\"application\/ld+json\" class=\"yoast-schema-graph\">{\"@context\":\"https:\\\/\\\/schema.org\",\"@graph\":[{\"@type\":\"WebPage\",\"@id\":\"https:\\\/\\\/www.ghostysky.com\\\/product\\\/hesai-xt32m1x\\\/\",\"url\":\"https:\\\/\\\/www.ghostysky.com\\\/product\\\/hesai-xt32m1x\\\/\",\"name\":\"Hesai XT32M1X - Ghostysky\",\"isPartOf\":{\"@id\":\"https:\\\/\\\/www.ghostysky.com\\\/#website\"},\"primaryImageOfPage\":{\"@id\":\"https:\\\/\\\/www.ghostysky.com\\\/product\\\/hesai-xt32m1x\\\/#primaryimage\"},\"image\":{\"@id\":\"https:\\\/\\\/www.ghostysky.com\\\/product\\\/hesai-xt32m1x\\\/#primaryimage\"},\"thumbnailUrl\":\"https:\\\/\\\/www.ghostysky.com\\\/wp-content\\\/uploads\\\/2026\\\/01\\\/GH_Hesai_XT16_1.png\",\"datePublished\":\"2026-01-24T14:36:16+00:00\",\"dateModified\":\"2026-04-07T14:11:43+00:00\",\"description\":\"The Hesai XT32M1X (often referred to as part of the XT32 series) is a high-precision, mid-range 3D LiDAR sensor designed specifically for applications where accuracy and point density are paramount, such as UAV mapping, industrial robotics, and surveying.\",\"breadcrumb\":{\"@id\":\"https:\\\/\\\/www.ghostysky.com\\\/product\\\/hesai-xt32m1x\\\/#breadcrumb\"},\"inLanguage\":\"pt-PT\",\"potentialAction\":[{\"@type\":\"ReadAction\",\"target\":[\"https:\\\/\\\/www.ghostysky.com\\\/product\\\/hesai-xt32m1x\\\/\"]}]},{\"@type\":\"ImageObject\",\"inLanguage\":\"pt-PT\",\"@id\":\"https:\\\/\\\/www.ghostysky.com\\\/product\\\/hesai-xt32m1x\\\/#primaryimage\",\"url\":\"https:\\\/\\\/www.ghostysky.com\\\/wp-content\\\/uploads\\\/2026\\\/01\\\/GH_Hesai_XT16_1.png\",\"contentUrl\":\"https:\\\/\\\/www.ghostysky.com\\\/wp-content\\\/uploads\\\/2026\\\/01\\\/GH_Hesai_XT16_1.png\",\"width\":480,\"height\":270},{\"@type\":\"BreadcrumbList\",\"@id\":\"https:\\\/\\\/www.ghostysky.com\\\/product\\\/hesai-xt32m1x\\\/#breadcrumb\",\"itemListElement\":[{\"@type\":\"ListItem\",\"position\":1,\"name\":\"Home\",\"item\":\"https:\\\/\\\/www.ghostysky.com\\\/\"},{\"@type\":\"ListItem\",\"position\":2,\"name\":\"Shop\",\"item\":\"https:\\\/\\\/www.ghostysky.com\\\/shop\\\/\"},{\"@type\":\"ListItem\",\"position\":3,\"name\":\"Hesai XT32M1X\"}]},{\"@type\":\"WebSite\",\"@id\":\"https:\\\/\\\/www.ghostysky.com\\\/#website\",\"url\":\"https:\\\/\\\/www.ghostysky.com\\\/\",\"name\":\"Ghostysky\",\"description\":\"Delivering professional drones and services\",\"publisher\":{\"@id\":\"https:\\\/\\\/www.ghostysky.com\\\/#organization\"},\"potentialAction\":[{\"@type\":\"SearchAction\",\"target\":{\"@type\":\"EntryPoint\",\"urlTemplate\":\"https:\\\/\\\/www.ghostysky.com\\\/?s={search_term_string}\"},\"query-input\":{\"@type\":\"PropertyValueSpecification\",\"valueRequired\":true,\"valueName\":\"search_term_string\"}}],\"inLanguage\":\"pt-PT\"},{\"@type\":\"Organization\",\"@id\":\"https:\\\/\\\/www.ghostysky.com\\\/#organization\",\"name\":\"Ghostysky\",\"url\":\"https:\\\/\\\/www.ghostysky.com\\\/\",\"logo\":{\"@type\":\"ImageObject\",\"inLanguage\":\"pt-PT\",\"@id\":\"https:\\\/\\\/www.ghostysky.com\\\/#\\\/schema\\\/logo\\\/image\\\/\",\"url\":\"https:\\\/\\\/www.ghostysky.com\\\/wp-content\\\/uploads\\\/2020\\\/06\\\/cropped-ghostyskylogo_text_white2.png\",\"contentUrl\":\"https:\\\/\\\/www.ghostysky.com\\\/wp-content\\\/uploads\\\/2020\\\/06\\\/cropped-ghostyskylogo_text_white2.png\",\"width\":169,\"height\":56,\"caption\":\"Ghostysky\"},\"image\":{\"@id\":\"https:\\\/\\\/www.ghostysky.com\\\/#\\\/schema\\\/logo\\\/image\\\/\"},\"sameAs\":[\"https:\\\/\\\/www.facebook.com\\\/people\\\/Ghostysky\\\/100057676170234\\\/\",\"https:\\\/\\\/x.com\\\/Gh0stysky\",\"https:\\\/\\\/www.linkedin.com\\\/company\\\/34739653\",\"https:\\\/\\\/www.instagram.com\\\/gh0stysky\"]}]}<\/script>\n<!-- \/ Yoast SEO plugin. -->","yoast_head_json":{"title":"Hesai XT32M1X - Ghostysky","description":"O Hesai XT32M1X (frequentemente referido como parte da s\u00e9rie XT32) \u00e9 um sensor LiDAR 3D de alta precis\u00e3o e alcance m\u00e9dio, projetado especificamente para aplica\u00e7\u00f5es onde a precis\u00e3o e a densidade de pontos s\u00e3o fundamentais, como mapeamento com drones, rob\u00f3tica industrial e topografia.","robots":{"index":"index","follow":"follow","max-snippet":"max-snippet:-1","max-image-preview":"max-image-preview:large","max-video-preview":"max-video-preview:-1"},"canonical":"https:\/\/www.ghostysky.com\/pt\/produto-2\/hesai-xt32m1x\/","og_locale":"pt_PT","og_type":"article","og_title":"Hesai XT32M1X - Ghostysky","og_description":"The Hesai XT32M1X (often referred to as part of the XT32 series) is a high-precision, mid-range 3D LiDAR sensor designed specifically for applications where accuracy and point density are paramount, such as UAV mapping, industrial robotics, and surveying.","og_url":"https:\/\/www.ghostysky.com\/pt\/produto-2\/hesai-xt32m1x\/","og_site_name":"Ghostysky","article_publisher":"https:\/\/www.facebook.com\/people\/Ghostysky\/100057676170234\/","article_modified_time":"2026-04-07T14:11:43+00:00","og_image":[{"width":480,"height":270,"url":"https:\/\/www.ghostysky.com\/wp-content\/uploads\/2026\/01\/GH_Hesai_XT16_1.png","type":"image\/png"}],"twitter_card":"summary_large_image","twitter_site":"@Gh0stysky","twitter_misc":{"Tempo estimado de leitura":"2 minutos"},"schema":{"@context":"https:\/\/schema.org","@graph":[{"@type":"WebPage","@id":"https:\/\/www.ghostysky.com\/product\/hesai-xt32m1x\/","url":"https:\/\/www.ghostysky.com\/product\/hesai-xt32m1x\/","name":"Hesai XT32M1X - Ghostysky","isPartOf":{"@id":"https:\/\/www.ghostysky.com\/#website"},"primaryImageOfPage":{"@id":"https:\/\/www.ghostysky.com\/product\/hesai-xt32m1x\/#primaryimage"},"image":{"@id":"https:\/\/www.ghostysky.com\/product\/hesai-xt32m1x\/#primaryimage"},"thumbnailUrl":"https:\/\/www.ghostysky.com\/wp-content\/uploads\/2026\/01\/GH_Hesai_XT16_1.png","datePublished":"2026-01-24T14:36:16+00:00","dateModified":"2026-04-07T14:11:43+00:00","description":"O Hesai XT32M1X (frequentemente referido como parte da s\u00e9rie XT32) \u00e9 um sensor LiDAR 3D de alta precis\u00e3o e alcance m\u00e9dio, projetado especificamente para aplica\u00e7\u00f5es onde a precis\u00e3o e a densidade de pontos s\u00e3o fundamentais, como mapeamento com drones, rob\u00f3tica industrial e topografia.","breadcrumb":{"@id":"https:\/\/www.ghostysky.com\/product\/hesai-xt32m1x\/#breadcrumb"},"inLanguage":"pt-PT","potentialAction":[{"@type":"ReadAction","target":["https:\/\/www.ghostysky.com\/product\/hesai-xt32m1x\/"]}]},{"@type":"ImageObject","inLanguage":"pt-PT","@id":"https:\/\/www.ghostysky.com\/product\/hesai-xt32m1x\/#primaryimage","url":"https:\/\/www.ghostysky.com\/wp-content\/uploads\/2026\/01\/GH_Hesai_XT16_1.png","contentUrl":"https:\/\/www.ghostysky.com\/wp-content\/uploads\/2026\/01\/GH_Hesai_XT16_1.png","width":480,"height":270},{"@type":"BreadcrumbList","@id":"https:\/\/www.ghostysky.com\/product\/hesai-xt32m1x\/#breadcrumb","itemListElement":[{"@type":"ListItem","position":1,"name":"Home","item":"https:\/\/www.ghostysky.com\/"},{"@type":"ListItem","position":2,"name":"Shop","item":"https:\/\/www.ghostysky.com\/shop\/"},{"@type":"ListItem","position":3,"name":"Hesai XT32M1X"}]},{"@type":"WebSite","@id":"https:\/\/www.ghostysky.com\/#website","url":"https:\/\/www.ghostysky.com\/","name":"Ghostysky","description":"Fornecendo drones e servi\u00e7os profissionais","publisher":{"@id":"https:\/\/www.ghostysky.com\/#organization"},"potentialAction":[{"@type":"SearchAction","target":{"@type":"EntryPoint","urlTemplate":"https:\/\/www.ghostysky.com\/?s={search_term_string}"},"query-input":{"@type":"PropertyValueSpecification","valueRequired":true,"valueName":"search_term_string"}}],"inLanguage":"pt-PT"},{"@type":"Organization","@id":"https:\/\/www.ghostysky.com\/#organization","name":"Ghostysky","url":"https:\/\/www.ghostysky.com\/","logo":{"@type":"ImageObject","inLanguage":"pt-PT","@id":"https:\/\/www.ghostysky.com\/#\/schema\/logo\/image\/","url":"https:\/\/www.ghostysky.com\/wp-content\/uploads\/2020\/06\/cropped-ghostyskylogo_text_white2.png","contentUrl":"https:\/\/www.ghostysky.com\/wp-content\/uploads\/2020\/06\/cropped-ghostyskylogo_text_white2.png","width":169,"height":56,"caption":"Ghostysky"},"image":{"@id":"https:\/\/www.ghostysky.com\/#\/schema\/logo\/image\/"},"sameAs":["https:\/\/www.facebook.com\/people\/Ghostysky\/100057676170234\/","https:\/\/x.com\/Gh0stysky","https:\/\/www.linkedin.com\/company\/34739653","https:\/\/www.instagram.com\/gh0stysky"]}]}},"_links":{"self":[{"href":"https:\/\/www.ghostysky.com\/pt\/wp-json\/wp\/v2\/product\/23787","targetHints":{"allow":["GET"]}}],"collection":[{"href":"https:\/\/www.ghostysky.com\/pt\/wp-json\/wp\/v2\/product"}],"about":[{"href":"https:\/\/www.ghostysky.com\/pt\/wp-json\/wp\/v2\/types\/product"}],"replies":[{"embeddable":true,"href":"https:\/\/www.ghostysky.com\/pt\/wp-json\/wp\/v2\/comments?post=23787"}],"version-history":[{"count":0,"href":"https:\/\/www.ghostysky.com\/pt\/wp-json\/wp\/v2\/product\/23787\/revisions"}],"wp:featuredmedia":[{"embeddable":true,"href":"https:\/\/www.ghostysky.com\/pt\/wp-json\/wp\/v2\/media\/23785"}],"wp:attachment":[{"href":"https:\/\/www.ghostysky.com\/pt\/wp-json\/wp\/v2\/media?parent=23787"}],"wp:term":[{"taxonomy":"product_brand","embeddable":true,"href":"https:\/\/www.ghostysky.com\/pt\/wp-json\/wp\/v2\/product_brand?post=23787"},{"taxonomy":"product_cat","embeddable":true,"href":"https:\/\/www.ghostysky.com\/pt\/wp-json\/wp\/v2\/product_cat?post=23787"},{"taxonomy":"product_tag","embeddable":true,"href":"https:\/\/www.ghostysky.com\/pt\/wp-json\/wp\/v2\/product_tag?post=23787"}],"curies":[{"name":"wp","href":"https:\/\/api.w.org\/{rel}","templated":true}]}}