{"id":23788,"date":"2026-01-24T14:43:30","date_gmt":"2026-01-24T14:43:30","guid":{"rendered":"https:\/\/www.ghostysky.com\/?post_type=product&#038;p=23788"},"modified":"2026-04-07T14:11:33","modified_gmt":"2026-04-07T14:11:33","slug":"hesai-xt32m2x","status":"publish","type":"product","link":"https:\/\/www.ghostysky.com\/pt\/product\/hesai-xt32m2x\/","title":{"rendered":"Hesai XT32M2X"},"content":{"rendered":"<h3 data-path-to-node=\"1\">Principais recursos e avan\u00e7os<\/h3>\n<ul data-path-to-node=\"2\">\n<li>\n<p data-path-to-node=\"2,0,0\"><b data-path-to-node=\"2,0,0\" data-index-in-node=\"0\">Alcance de detec\u00e7\u00e3o estendido:<\/b><span class=\"citation-350\"> Capaz de detectar objetos de at\u00e9 <\/span><b data-path-to-node=\"2,0,0\" data-index-in-node=\"61\"><span class=\"citation-350\">300 metros<\/span><\/b><span class=\"citation-350 citation-end-350\"> com um alcance confi\u00e1vel de 80 metros, mesmo para alvos de baixa refletividade (10%) em todos os canais.<\/span><\/p>\n<\/li>\n<li>\n<p data-path-to-node=\"2,1,0\"><b data-path-to-node=\"2,1,0\" data-index-in-node=\"0\">Design ultraleve:<\/b> Pesando apenas <b data-path-to-node=\"2,1,0\" data-index-in-node=\"40\">490g<\/b>\u00c9 aproximadamente 40% mais leve que seus antecessores, permitindo tempos de voo mais longos e melhor estabilidade para o drone.<\/p>\n<\/li>\n<li>\n<p data-path-to-node=\"2,2,0\"><b data-path-to-node=\"2,2,0\" data-index-in-node=\"0\">Tecnologia de triplo retorno:<\/b><span class=\"citation-349 citation-end-349\"> Suporta at\u00e9 3 retornos por pulso, o que \u00e9 fundamental para penetrar vegeta\u00e7\u00e3o densa e mapear a superf\u00edcie do solo (gera\u00e7\u00e3o de DTM) em aplica\u00e7\u00f5es florestais e agr\u00edcolas.<\/span><\/p>\n<\/li>\n<li>\n<p data-path-to-node=\"2,3,0\"><b data-path-to-node=\"2,3,0\" data-index-in-node=\"0\">Zona Cega Zero:<\/b><span class=\"citation-348 citation-end-348\"> Projetado exclusivamente para detectar objetos mesmo quando est\u00e3o em contato direto com a carca\u00e7a do sensor, tornando-o ideal para mapeamento interno em espa\u00e7os confinados ou rob\u00f3tica em armaz\u00e9ns.<\/span><\/p>\n<\/li>\n<li>\n<p data-path-to-node=\"2,4,0\"><b data-path-to-node=\"2,4,0\" data-index-in-node=\"0\">Campo de vis\u00e3o ampliado:<\/b><span class=\"citation-347\"> Apresenta um <\/span><b data-path-to-node=\"2,4,0\" data-index-in-node=\"35\"><span class=\"citation-347\">Campo de vis\u00e3o vertical de 40,3\u00b0<\/span><\/b><span class=\"citation-347 citation-end-347\">, um aumento significativo em rela\u00e7\u00e3o aos 31\u00b0 padr\u00e3o encontrados nos modelos XT anteriores, permitindo uma cobertura de solo mais ampla por passagem de voo.<\/span><\/p>\n<p>&nbsp;<\/li>\n<\/ul>\n<h3 data-path-to-node=\"4\">Especifica\u00e7\u00f5es t\u00e9cnicas<\/h3>\n<table data-path-to-node=\"5\">\n<thead>\n<tr>\n<td><strong>Recurso<\/strong><\/td>\n<td><strong>Especifica\u00e7\u00f5es<\/strong><\/td>\n<\/tr>\n<\/thead>\n<tbody>\n<tr>\n<td><span data-path-to-node=\"5,1,0,0\"><b data-path-to-node=\"5,1,0,0\" data-index-in-node=\"0\">Canais de laser<\/b><\/span><\/td>\n<td><span data-path-to-node=\"5,1,1,0\">32<\/span><\/td>\n<\/tr>\n<tr>\n<td><span data-path-to-node=\"5,2,0,0\"><b data-path-to-node=\"5,2,0,0\" data-index-in-node=\"0\">M\u00e9todo de digitaliza\u00e7\u00e3o<\/b><\/span><\/td>\n<td><span data-path-to-node=\"5,2,1,0\">Fia\u00e7\u00e3o mec\u00e2nica de 360\u00b0<\/span><\/td>\n<\/tr>\n<tr>\n<td><span data-path-to-node=\"5,3,0,0\"><b data-path-to-node=\"5,3,0,0\" data-index-in-node=\"0\">Alcance m\u00e1ximo<\/b><\/span><\/td>\n<td><span data-path-to-node=\"5,3,1,0\">300 m<\/span><\/td>\n<\/tr>\n<tr>\n<td><span data-path-to-node=\"5,4,0,0\"><b data-path-to-node=\"5,4,0,0\" data-index-in-node=\"0\">Precis\u00e3o de alcance<\/b><\/span><\/td>\n<td><span data-path-to-node=\"5,4,1,0\">\u00b11 cm<\/span><\/td>\n<\/tr>\n<tr>\n<td><span data-path-to-node=\"5,5,0,0\"><b data-path-to-node=\"5,5,0,0\" data-index-in-node=\"0\">Campo de vis\u00e3o vertical<\/b><\/span><\/td>\n<td><span data-path-to-node=\"5,5,1,0\">40,3\u00b0 (-20,8\u00b0 a +19,5\u00b0)<\/span><\/td>\n<\/tr>\n<tr>\n<td><span data-path-to-node=\"5,6,0,0\"><b data-path-to-node=\"5,6,0,0\" data-index-in-node=\"0\">Resolu\u00e7\u00e3o horizontal<\/b><\/span><\/td>\n<td><span data-path-to-node=\"5,6,1,0\">0,09\u00b0 a 0,36\u00b0 (vari\u00e1vel com base na velocidade de rota\u00e7\u00e3o)<\/span><\/td>\n<\/tr>\n<tr>\n<td><span data-path-to-node=\"5,7,0,0\"><b data-path-to-node=\"5,7,0,0\" data-index-in-node=\"0\">Taxa de dados<\/b><\/span><\/td>\n<td><span data-path-to-node=\"5,7,1,0\">At\u00e9 1,92 milh\u00e3o de pontos\/seg (Retorno Triplo)<\/span><\/td>\n<\/tr>\n<tr>\n<td><span data-path-to-node=\"5,8,0,0\"><b data-path-to-node=\"5,8,0,0\" data-index-in-node=\"0\">Prote\u00e7\u00e3o de entrada<\/b><\/span><\/td>\n<td><span data-path-to-node=\"5,8,1,0\">IP6K7 e IP6K9K (\u00c0 prova de poeira e \u00e1gua)<\/span><\/td>\n<\/tr>\n<tr>\n<td><span data-path-to-node=\"5,9,0,0\"><b data-path-to-node=\"5,9,0,0\" data-index-in-node=\"0\">Consumo de energia<\/b><\/span><\/td>\n<td><span data-path-to-node=\"5,9,1,0\">~10W \u2013 12W<\/span><\/td>\n<\/tr>\n<\/tbody>\n<\/table>\n<p>&nbsp;<\/p>\n<h3 data-path-to-node=\"7\">Aplica\u00e7\u00f5es prim\u00e1rias<\/h3>\n<ul data-path-to-node=\"8\">\n<li>\n<p data-path-to-node=\"8,0,0\"><b data-path-to-node=\"8,0,0\" data-index-in-node=\"0\">Levantamento e mapeamento com drones:<\/b><span class=\"citation-346\"> Frequentemente integrado em cargas \u00fateis profissionais, como o <\/span><i data-path-to-node=\"8,0,0\" data-index-in-node=\"75\"><span class=\"citation-346\">Laborat\u00f3rios Inerciais RESEPI<\/span><\/i><span class=\"citation-346\"> ou <\/span><i data-path-to-node=\"8,0,0\" data-index-in-node=\"99\"><span class=\"citation-346\">YellowScan Surveyor Ultra<\/span><\/i><span class=\"citation-346 citation-end-346\"> para mapeamento topogr\u00e1fico de alta precis\u00e3o.<\/span><\/p>\n<\/li>\n<li>\n<p data-path-to-node=\"8,1,0\"><b data-path-to-node=\"8,1,0\" data-index-in-node=\"0\"><span class=\"citation-345\">Inspe\u00e7\u00e3o da linha de energia:<\/span><\/b><span class=\"citation-345 citation-end-345\"> A alta densidade de pontos e o alcance de 300m permitem inspe\u00e7\u00f5es seguras e detalhadas de linhas de transmiss\u00e3o a partir de altitudes elevadas.<\/span><\/p>\n<\/li>\n<li>\n<p data-path-to-node=\"8,2,0\"><b data-path-to-node=\"8,2,0\" data-index-in-node=\"0\">Captura da realidade e BIM:<\/b><span class=\"citation-344\"> Selecionado por l\u00edderes do setor como <\/span><i data-path-to-node=\"8,2,0\" data-index-in-node=\"57\"><span class=\"citation-344\">NavVis<\/span><\/i><span class=\"citation-344 citation-end-344\"> (especificamente para o scanner vest\u00edvel VLX 3) para a cria\u00e7\u00e3o de g\u00eameos digitais e Modelos de Informa\u00e7\u00e3o da Constru\u00e7\u00e3o (BIM).<\/span><\/p>\n<\/li>\n<li>\n<p data-path-to-node=\"8,3,0\"><b data-path-to-node=\"8,3,0\" data-index-in-node=\"0\">Rob\u00f3tica Industrial:<\/b> Utilizado em AGVs e AMRs que exigem navega\u00e7\u00e3o de alta precis\u00e3o em ambientes complexos e desordenados.<\/p>\n<\/li>\n<\/ul>\n<blockquote data-path-to-node=\"9\">\n<p data-path-to-node=\"9,0\"><b data-path-to-node=\"9,0\" data-index-in-node=\"0\">Nota do especialista:<\/b><span class=\"citation-343 citation-end-343\"> O XT32M2X utiliza ASICs (Circuitos Integrados de Aplica\u00e7\u00e3o Espec\u00edfica) propriet\u00e1rios da Hesai, o que reduz a complexidade interna e as taxas de falha, ao mesmo tempo que melhora a &quot;limpeza&quot; dos dados da nuvem de pontos (n\u00edveis de ru\u00eddo mais baixos) em compara\u00e7\u00e3o com sensores gen\u00e9ricos de 16 ou 32 canais.<\/span><\/p>\n<\/blockquote>","protected":false},"excerpt":{"rendered":"<p><span class=\"citation-352\">O <\/span><b data-path-to-node=\"0\" data-index-in-node=\"4\"><span class=\"citation-352\">Hesai XT32M2X<\/span><\/b><span class=\"citation-352 citation-end-352\"> \u00c9 um sensor LiDAR de m\u00e9dio alcance e alta precis\u00e3o, com 32 canais, projetado especificamente para mapeamento topogr\u00e1fico e automa\u00e7\u00e3o industrial de ponta.<\/span> <span class=\"citation-351 citation-end-351\">Trata-se da segunda gera\u00e7\u00e3o da popular s\u00e9rie XT32, apresentando peso significativamente reduzido e alcance aprimorado, ideal para integra\u00e7\u00e3o em UAVs (drones).<\/span><\/p>","protected":false},"featured_media":23785,"comment_status":"open","ping_status":"closed","template":"","meta":[],"product_brand":[1338],"product_cat":[1337,1037,1040],"product_tag":[1339,1340],"class_list":{"0":"post-23788","1":"product","2":"type-product","3":"status-publish","4":"has-post-thumbnail","6":"product_brand-hesai","7":"product_cat-hesai-lidars","8":"product_cat-robotics","9":"product_cat-sensors-robotics","10":"product_tag-hesai","11":"product_tag-hesai-lidars","13":"first","14":"onbackorder","15":"taxable","16":"shipping-taxable","17":"product-type-simple"},"yoast_head":"<!-- This site is optimized with the Yoast SEO plugin v27.1.1 - https:\/\/yoast.com\/product\/yoast-seo-wordpress\/ -->\n<title>Hesai XT32M2X - Ghostysky<\/title>\n<meta name=\"description\" content=\"The Hesai XT32M2X is a high-precision, 32-channel mid-range LiDAR sensor specifically engineered for survey-grade mapping and high-end industrial automation. It is the second-generation evolution of the popular XT32 series, featuring a significantly reduced weight and enhanced range capabilities tailored for UAV (drone) integration.\" \/>\n<meta name=\"robots\" content=\"index, follow, max-snippet:-1, max-image-preview:large, max-video-preview:-1\" \/>\n<link rel=\"canonical\" href=\"https:\/\/www.ghostysky.com\/pt\/produto-2\/hesai-xt32m2x\/\" \/>\n<meta property=\"og:locale\" content=\"pt_PT\" \/>\n<meta property=\"og:type\" content=\"article\" \/>\n<meta property=\"og:title\" content=\"Hesai XT32M2X - Ghostysky\" \/>\n<meta property=\"og:description\" content=\"The Hesai XT32M2X is a high-precision, 32-channel mid-range LiDAR sensor specifically engineered for survey-grade mapping and high-end industrial automation. It is the second-generation evolution of the popular XT32 series, featuring a significantly reduced weight and enhanced range capabilities tailored for UAV (drone) integration.\" \/>\n<meta property=\"og:url\" content=\"https:\/\/www.ghostysky.com\/pt\/produto-2\/hesai-xt32m2x\/\" \/>\n<meta property=\"og:site_name\" content=\"Ghostysky\" \/>\n<meta property=\"article:publisher\" content=\"https:\/\/www.facebook.com\/people\/Ghostysky\/100057676170234\/\" \/>\n<meta property=\"article:modified_time\" content=\"2026-04-07T14:11:33+00:00\" \/>\n<meta property=\"og:image\" content=\"https:\/\/www.ghostysky.com\/wp-content\/uploads\/2026\/01\/GH_Hesai_XT16_1.png\" \/>\n\t<meta property=\"og:image:width\" content=\"480\" \/>\n\t<meta property=\"og:image:height\" content=\"270\" \/>\n\t<meta property=\"og:image:type\" content=\"image\/png\" \/>\n<meta name=\"twitter:card\" content=\"summary_large_image\" \/>\n<meta name=\"twitter:site\" content=\"@Gh0stysky\" \/>\n<meta name=\"twitter:label1\" content=\"Tempo estimado de leitura\" \/>\n\t<meta name=\"twitter:data1\" content=\"2 minutos\" \/>\n<script type=\"application\/ld+json\" class=\"yoast-schema-graph\">{\"@context\":\"https:\/\/schema.org\",\"@graph\":[{\"@type\":\"WebPage\",\"@id\":\"https:\/\/www.ghostysky.com\/product\/hesai-xt32m2x\/\",\"url\":\"https:\/\/www.ghostysky.com\/product\/hesai-xt32m2x\/\",\"name\":\"Hesai XT32M2X - Ghostysky\",\"isPartOf\":{\"@id\":\"https:\/\/www.ghostysky.com\/#website\"},\"primaryImageOfPage\":{\"@id\":\"https:\/\/www.ghostysky.com\/product\/hesai-xt32m2x\/#primaryimage\"},\"image\":{\"@id\":\"https:\/\/www.ghostysky.com\/product\/hesai-xt32m2x\/#primaryimage\"},\"thumbnailUrl\":\"https:\/\/www.ghostysky.com\/wp-content\/uploads\/2026\/01\/GH_Hesai_XT16_1.png\",\"datePublished\":\"2026-01-24T14:43:30+00:00\",\"dateModified\":\"2026-04-07T14:11:33+00:00\",\"description\":\"The Hesai XT32M2X is a high-precision, 32-channel mid-range LiDAR sensor specifically engineered for survey-grade mapping and high-end industrial automation. It is the second-generation evolution of the popular XT32 series, featuring a significantly reduced weight and enhanced range capabilities tailored for UAV (drone) integration.\",\"breadcrumb\":{\"@id\":\"https:\/\/www.ghostysky.com\/product\/hesai-xt32m2x\/#breadcrumb\"},\"inLanguage\":\"pt-PT\",\"potentialAction\":[{\"@type\":\"ReadAction\",\"target\":[\"https:\/\/www.ghostysky.com\/product\/hesai-xt32m2x\/\"]}]},{\"@type\":\"ImageObject\",\"inLanguage\":\"pt-PT\",\"@id\":\"https:\/\/www.ghostysky.com\/product\/hesai-xt32m2x\/#primaryimage\",\"url\":\"https:\/\/www.ghostysky.com\/wp-content\/uploads\/2026\/01\/GH_Hesai_XT16_1.png\",\"contentUrl\":\"https:\/\/www.ghostysky.com\/wp-content\/uploads\/2026\/01\/GH_Hesai_XT16_1.png\",\"width\":480,\"height\":270},{\"@type\":\"BreadcrumbList\",\"@id\":\"https:\/\/www.ghostysky.com\/product\/hesai-xt32m2x\/#breadcrumb\",\"itemListElement\":[{\"@type\":\"ListItem\",\"position\":1,\"name\":\"Home\",\"item\":\"https:\/\/www.ghostysky.com\/\"},{\"@type\":\"ListItem\",\"position\":2,\"name\":\"Shop\",\"item\":\"https:\/\/www.ghostysky.com\/shop\/\"},{\"@type\":\"ListItem\",\"position\":3,\"name\":\"Hesai XT32M2X\"}]},{\"@type\":\"WebSite\",\"@id\":\"https:\/\/www.ghostysky.com\/#website\",\"url\":\"https:\/\/www.ghostysky.com\/\",\"name\":\"Ghostysky\",\"description\":\"Delivering professional drones and services\",\"publisher\":{\"@id\":\"https:\/\/www.ghostysky.com\/#organization\"},\"potentialAction\":[{\"@type\":\"SearchAction\",\"target\":{\"@type\":\"EntryPoint\",\"urlTemplate\":\"https:\/\/www.ghostysky.com\/?s={search_term_string}\"},\"query-input\":{\"@type\":\"PropertyValueSpecification\",\"valueRequired\":true,\"valueName\":\"search_term_string\"}}],\"inLanguage\":\"pt-PT\"},{\"@type\":\"Organization\",\"@id\":\"https:\/\/www.ghostysky.com\/#organization\",\"name\":\"Ghostysky\",\"url\":\"https:\/\/www.ghostysky.com\/\",\"logo\":{\"@type\":\"ImageObject\",\"inLanguage\":\"pt-PT\",\"@id\":\"https:\/\/www.ghostysky.com\/#\/schema\/logo\/image\/\",\"url\":\"https:\/\/www.ghostysky.com\/wp-content\/uploads\/2020\/06\/cropped-ghostyskylogo_text_white2.png\",\"contentUrl\":\"https:\/\/www.ghostysky.com\/wp-content\/uploads\/2020\/06\/cropped-ghostyskylogo_text_white2.png\",\"width\":169,\"height\":56,\"caption\":\"Ghostysky\"},\"image\":{\"@id\":\"https:\/\/www.ghostysky.com\/#\/schema\/logo\/image\/\"},\"sameAs\":[\"https:\/\/www.facebook.com\/people\/Ghostysky\/100057676170234\/\",\"https:\/\/x.com\/Gh0stysky\",\"https:\/\/www.linkedin.com\/company\/34739653\",\"https:\/\/www.instagram.com\/gh0stysky\"]}]}<\/script>\n<!-- \/ Yoast SEO plugin. -->","yoast_head_json":{"title":"Hesai XT32M2X - Ghostysky","description":"O Hesai XT32M2X \u00e9 um sensor LiDAR de m\u00e9dio alcance e alta precis\u00e3o com 32 canais, projetado especificamente para mapeamento topogr\u00e1fico e automa\u00e7\u00e3o industrial de ponta. \u00c9 a segunda gera\u00e7\u00e3o da popular s\u00e9rie XT32, apresentando peso significativamente reduzido e alcance aprimorado, ideal para integra\u00e7\u00e3o em drones (VANTs).","robots":{"index":"index","follow":"follow","max-snippet":"max-snippet:-1","max-image-preview":"max-image-preview:large","max-video-preview":"max-video-preview:-1"},"canonical":"https:\/\/www.ghostysky.com\/pt\/produto-2\/hesai-xt32m2x\/","og_locale":"pt_PT","og_type":"article","og_title":"Hesai XT32M2X - Ghostysky","og_description":"The Hesai XT32M2X is a high-precision, 32-channel mid-range LiDAR sensor specifically engineered for survey-grade mapping and high-end industrial automation. It is the second-generation evolution of the popular XT32 series, featuring a significantly reduced weight and enhanced range capabilities tailored for UAV (drone) integration.","og_url":"https:\/\/www.ghostysky.com\/pt\/produto-2\/hesai-xt32m2x\/","og_site_name":"Ghostysky","article_publisher":"https:\/\/www.facebook.com\/people\/Ghostysky\/100057676170234\/","article_modified_time":"2026-04-07T14:11:33+00:00","og_image":[{"width":480,"height":270,"url":"https:\/\/www.ghostysky.com\/wp-content\/uploads\/2026\/01\/GH_Hesai_XT16_1.png","type":"image\/png"}],"twitter_card":"summary_large_image","twitter_site":"@Gh0stysky","twitter_misc":{"Tempo estimado de leitura":"2 minutos"},"schema":{"@context":"https:\/\/schema.org","@graph":[{"@type":"WebPage","@id":"https:\/\/www.ghostysky.com\/product\/hesai-xt32m2x\/","url":"https:\/\/www.ghostysky.com\/product\/hesai-xt32m2x\/","name":"Hesai XT32M2X - Ghostysky","isPartOf":{"@id":"https:\/\/www.ghostysky.com\/#website"},"primaryImageOfPage":{"@id":"https:\/\/www.ghostysky.com\/product\/hesai-xt32m2x\/#primaryimage"},"image":{"@id":"https:\/\/www.ghostysky.com\/product\/hesai-xt32m2x\/#primaryimage"},"thumbnailUrl":"https:\/\/www.ghostysky.com\/wp-content\/uploads\/2026\/01\/GH_Hesai_XT16_1.png","datePublished":"2026-01-24T14:43:30+00:00","dateModified":"2026-04-07T14:11:33+00:00","description":"O Hesai XT32M2X \u00e9 um sensor LiDAR de m\u00e9dio alcance e alta precis\u00e3o com 32 canais, projetado especificamente para mapeamento topogr\u00e1fico e automa\u00e7\u00e3o industrial de ponta. \u00c9 a segunda gera\u00e7\u00e3o da popular s\u00e9rie XT32, apresentando peso significativamente reduzido e alcance aprimorado, ideal para integra\u00e7\u00e3o em drones (VANTs).","breadcrumb":{"@id":"https:\/\/www.ghostysky.com\/product\/hesai-xt32m2x\/#breadcrumb"},"inLanguage":"pt-PT","potentialAction":[{"@type":"ReadAction","target":["https:\/\/www.ghostysky.com\/product\/hesai-xt32m2x\/"]}]},{"@type":"ImageObject","inLanguage":"pt-PT","@id":"https:\/\/www.ghostysky.com\/product\/hesai-xt32m2x\/#primaryimage","url":"https:\/\/www.ghostysky.com\/wp-content\/uploads\/2026\/01\/GH_Hesai_XT16_1.png","contentUrl":"https:\/\/www.ghostysky.com\/wp-content\/uploads\/2026\/01\/GH_Hesai_XT16_1.png","width":480,"height":270},{"@type":"BreadcrumbList","@id":"https:\/\/www.ghostysky.com\/product\/hesai-xt32m2x\/#breadcrumb","itemListElement":[{"@type":"ListItem","position":1,"name":"Home","item":"https:\/\/www.ghostysky.com\/"},{"@type":"ListItem","position":2,"name":"Shop","item":"https:\/\/www.ghostysky.com\/shop\/"},{"@type":"ListItem","position":3,"name":"Hesai XT32M2X"}]},{"@type":"WebSite","@id":"https:\/\/www.ghostysky.com\/#website","url":"https:\/\/www.ghostysky.com\/","name":"Ghostysky","description":"Fornecendo drones e servi\u00e7os profissionais","publisher":{"@id":"https:\/\/www.ghostysky.com\/#organization"},"potentialAction":[{"@type":"SearchAction","target":{"@type":"EntryPoint","urlTemplate":"https:\/\/www.ghostysky.com\/?s={search_term_string}"},"query-input":{"@type":"PropertyValueSpecification","valueRequired":true,"valueName":"search_term_string"}}],"inLanguage":"pt-PT"},{"@type":"Organization","@id":"https:\/\/www.ghostysky.com\/#organization","name":"Ghostysky","url":"https:\/\/www.ghostysky.com\/","logo":{"@type":"ImageObject","inLanguage":"pt-PT","@id":"https:\/\/www.ghostysky.com\/#\/schema\/logo\/image\/","url":"https:\/\/www.ghostysky.com\/wp-content\/uploads\/2020\/06\/cropped-ghostyskylogo_text_white2.png","contentUrl":"https:\/\/www.ghostysky.com\/wp-content\/uploads\/2020\/06\/cropped-ghostyskylogo_text_white2.png","width":169,"height":56,"caption":"Ghostysky"},"image":{"@id":"https:\/\/www.ghostysky.com\/#\/schema\/logo\/image\/"},"sameAs":["https:\/\/www.facebook.com\/people\/Ghostysky\/100057676170234\/","https:\/\/x.com\/Gh0stysky","https:\/\/www.linkedin.com\/company\/34739653","https:\/\/www.instagram.com\/gh0stysky"]}]}},"_links":{"self":[{"href":"https:\/\/www.ghostysky.com\/pt\/wp-json\/wp\/v2\/product\/23788","targetHints":{"allow":["GET"]}}],"collection":[{"href":"https:\/\/www.ghostysky.com\/pt\/wp-json\/wp\/v2\/product"}],"about":[{"href":"https:\/\/www.ghostysky.com\/pt\/wp-json\/wp\/v2\/types\/product"}],"replies":[{"embeddable":true,"href":"https:\/\/www.ghostysky.com\/pt\/wp-json\/wp\/v2\/comments?post=23788"}],"wp:featuredmedia":[{"embeddable":true,"href":"https:\/\/www.ghostysky.com\/pt\/wp-json\/wp\/v2\/media\/23785"}],"wp:attachment":[{"href":"https:\/\/www.ghostysky.com\/pt\/wp-json\/wp\/v2\/media?parent=23788"}],"wp:term":[{"taxonomy":"product_brand","embeddable":true,"href":"https:\/\/www.ghostysky.com\/pt\/wp-json\/wp\/v2\/product_brand?post=23788"},{"taxonomy":"product_cat","embeddable":true,"href":"https:\/\/www.ghostysky.com\/pt\/wp-json\/wp\/v2\/product_cat?post=23788"},{"taxonomy":"product_tag","embeddable":true,"href":"https:\/\/www.ghostysky.com\/pt\/wp-json\/wp\/v2\/product_tag?post=23788"}],"curies":[{"name":"wp","href":"https:\/\/api.w.org\/{rel}","templated":true}]}}