{"id":23826,"date":"2026-01-26T15:57:09","date_gmt":"2026-01-26T15:57:09","guid":{"rendered":"https:\/\/www.ghostysky.com\/?post_type=product&#038;p=23826"},"modified":"2026-01-26T16:08:51","modified_gmt":"2026-01-26T16:08:51","slug":"agibot-a2-lite","status":"publish","type":"product","link":"https:\/\/www.ghostysky.com\/pt\/product\/agibot-a2-lite\/","title":{"rendered":"Agibot A2 Lite"},"content":{"rendered":"<p data-path-to-node=\"3\">Enquanto seus irm\u00e3os lidam com trabalhos industriais pesados, o <b data-path-to-node=\"3\" data-index-in-node=\"56\">A2 Lite<\/b> \u00c9 otimizado para velocidade, precis\u00e3o e engajamento. Trata-se de um humanoide em tamanho real que combina uma est\u00e9tica elegante e futurista com uma estrutura esquel\u00e9tica robusta, tornando-o o &quot;embaixador da marca&quot; perfeito para ambientes de grande circula\u00e7\u00e3o.<\/p>\n<div class=\"source-inline-chip-container ng-star-inserted\"><\/div>\n<h3 data-path-to-node=\"7\">Intelig\u00eancia e intera\u00e7\u00e3o<\/h3>\n<p data-path-to-node=\"8\"><span class=\"citation-110\">O A2 Lite n\u00e3o \u00e9 apenas uma m\u00e1quina; \u00e9 um <\/span><b data-path-to-node=\"8\" data-index-in-node=\"42\"><span class=\"citation-110\">IA Incorporada<\/span><\/b><span class=\"citation-110 citation-end-110\"> pot\u00eancia.<\/span> <span class=\"citation-109\">Equipado com um sistema de computa\u00e7\u00e3o de 200 TOPS e o <\/span><b data-path-to-node=\"8\" data-index-in-node=\"113\"><span class=\"citation-109\">TrabalhoGPT<\/span><\/b><span class=\"citation-109 citation-end-109\"> O modelo multimodal percebe o mundo com nuances semelhantes \u00e0s humanas.<\/span><\/p>\n<ul data-path-to-node=\"9\">\n<li>\n<p data-path-to-node=\"9,0,0\"><b data-path-to-node=\"9,0,0\" data-index-in-node=\"0\"><span class=\"citation-108\">Percep\u00e7\u00e3o multimodal:<\/span><\/b><span class=\"citation-108 citation-end-108\"> Integrado com LiDAR de 360\u00b0, c\u00e2meras RGB-D e um conjunto de microfones de alta fidelidade.<\/span><\/p>\n<\/li>\n<li>\n<p data-path-to-node=\"9,1,0\"><b data-path-to-node=\"9,1,0\" data-index-in-node=\"0\">Di\u00e1logo Natural:<\/b><span class=\"citation-107 citation-end-107\"> Suporta conversas em tempo real e em modo full-duplex.<\/span> <span class=\"citation-106\">Ele consegue filtrar ru\u00eddo de fundo com precis\u00e3o de 96% e utiliza <\/span><b data-path-to-node=\"9,1,0\" data-index-in-node=\"122\"><span class=\"citation-106\">leitura labial<\/span><\/b><span class=\"citation-106 citation-end-106\"> Concentrar-se na pessoa que est\u00e1 falando.<\/span><\/p>\n<\/li>\n<li>\n<p data-path-to-node=\"9,2,0\"><b data-path-to-node=\"9,2,0\" data-index-in-node=\"0\"><span class=\"citation-105\">Reconhecimento facial:<\/span><\/b><span class=\"citation-105 citation-end-105\"> Possui uma taxa de &quot;despertar facial&quot; de 99%, permitindo que cumprimente proativamente clientes ou funcion\u00e1rios que retornam.<\/span><\/p>\n<div class=\"source-inline-chip-container ng-star-inserted\"><\/div>\n<\/li>\n<\/ul>\n<h3 data-path-to-node=\"11\">Casos de uso ideais<\/h3>\n<p data-path-to-node=\"12\"><span class=\"citation-104 citation-end-104\">O A2 Lite foi projetado para se destacar em fun\u00e7\u00f5es de &quot;Servi\u00e7o Interativo&quot;, onde a apresenta\u00e7\u00e3o e a confiabilidade s\u00e3o importantes:<\/span><\/p>\n<ul data-path-to-node=\"13\">\n<li>\n<p data-path-to-node=\"13,0,0\"><b data-path-to-node=\"13,0,0\" data-index-in-node=\"0\"><span class=\"citation-103\">Hotelaria e Com\u00e9rcio Varejista:<\/span><\/b><span class=\"citation-103 citation-end-103\"> Receber os h\u00f3spedes, prestar servi\u00e7os de concierge ou orientar os clientes nos shoppings.<\/span><\/p>\n<\/li>\n<li>\n<p data-path-to-node=\"13,1,0\"><b data-path-to-node=\"13,1,0\" data-index-in-node=\"0\">Exposi\u00e7\u00e3o e Marketing:<\/b> Apresentar palestras em feiras comerciais ou atuar como porta-voz de alta tecnologia.<\/p>\n<\/li>\n<li>\n<p data-path-to-node=\"13,2,0\"><b data-path-to-node=\"13,2,0\" data-index-in-node=\"0\"><span class=\"citation-102\">Recep\u00e7\u00e3o Corporativa:<\/span><\/b><span class=\"citation-102 citation-end-102\"> Gerenciar o atendimento na recep\u00e7\u00e3o e orientar visitantes dentro do complexo de escrit\u00f3rios.<\/span><\/p>\n<\/li>\n<li>\n<p data-path-to-node=\"13,3,0\"><b data-path-to-node=\"13,3,0\" data-index-in-node=\"0\">Pesquisa e Desenvolvimento:<\/b> Uma vers\u00e3o de plataforma aberta (frequentemente associada \u00e0s variantes Lite\/Youth) permite que os desenvolvedores testem novos comportamentos de IA Incorporada.<\/p>\n<\/li>\n<\/ul>\n<h3 data-path-to-node=\"15\">Seguran\u00e7a e Resist\u00eancia<\/h3>\n<ul data-path-to-node=\"16\">\n<li>\n<p data-path-to-node=\"16,0,0\"><b data-path-to-node=\"16,0,0\" data-index-in-node=\"0\">Mobilidade Aut\u00f4noma N\u00edvel 4:<\/b><span class=\"citation-101 citation-end-101\"> Utiliza o algoritmo HIMUS 3D-SLAM para navega\u00e7\u00e3o de baixa lat\u00eancia em espa\u00e7os din\u00e2micos e congestionados.<\/span><\/p>\n<\/li>\n<li>\n<p data-path-to-node=\"16,1,0\"><b data-path-to-node=\"16,1,0\" data-index-in-node=\"0\"><span class=\"citation-100\">Bateria substitu\u00edvel a quente:<\/span><\/b><span class=\"citation-100 citation-end-100\"> Projetado para opera\u00e7\u00e3o quase cont\u00ednua com suporte para troca r\u00e1pida de baterias.<\/span><\/p>\n<\/li>\n<li>\n<p data-path-to-node=\"16,2,0\"><b data-path-to-node=\"16,2,0\" data-index-in-node=\"0\">Grau de seguran\u00e7a:<\/b><span class=\"citation-99 citation-end-99\"> Oferece prote\u00e7\u00e3o de seguran\u00e7a de n\u00edvel PLd com monitoramento de tripla camada para garantir que possa trabalhar com seguran\u00e7a ao lado de humanos.<\/span><\/p>\n<\/li>\n<\/ul>\n<blockquote data-path-to-node=\"17\">\n<p data-path-to-node=\"17,0\"><b data-path-to-node=\"17,0\" data-index-in-node=\"0\">Curiosidade:<\/b><span class=\"citation-98\"> A s\u00e9rie A2 det\u00e9m um recorde mundial do Guinness de resist\u00eancia, com uma unidade A2 tendo conseguido caminhar durante uma caminhada. <\/span><b data-path-to-node=\"17,0\" data-index-in-node=\"106\"><span class=\"citation-98\">mais de 100 quil\u00f4metros<\/span><\/b><span class=\"citation-98 citation-end-98\"> (de Suzhou a Xangai) de forma totalmente aut\u00f4noma.<\/span><\/p>\n<\/blockquote>\n<h3 data-path-to-node=\"4\">Especifica\u00e7\u00f5es principais e hardware<\/h3>\n<p><a href=\"https:\/\/www.ghostysky.com\/wp-content\/uploads\/2026\/01\/GH_AgibotA2_Specs_Comp.png\"><img fetchpriority=\"high\" decoding=\"async\" class=\"alignnone wp-image-23830 size-full lazyload\" src=\"data:image\/gif;base64,R0lGODlhAQABAAAAACH5BAEKAAEALAAAAAABAAEAAAICTAEAOw==\" alt=\"\" width=\"1109\" height=\"1882\" sizes=\"(max-width: 1109px) 100vw, 1109px\" data-src=\"https:\/\/www.ghostysky.com\/wp-content\/uploads\/2026\/01\/GH_AgibotA2_Specs_Comp-e1769443543617.png\" data-srcset=\"https:\/\/www.ghostysky.com\/wp-content\/uploads\/2026\/01\/GH_AgibotA2_Specs_Comp-e1769443543617.png 1109w, https:\/\/www.ghostysky.com\/wp-content\/uploads\/2026\/01\/GH_AgibotA2_Specs_Comp-e1769443543617-177x300.png 177w, https:\/\/www.ghostysky.com\/wp-content\/uploads\/2026\/01\/GH_AgibotA2_Specs_Comp-e1769443543617-603x1024.png 603w, https:\/\/www.ghostysky.com\/wp-content\/uploads\/2026\/01\/GH_AgibotA2_Specs_Comp-e1769443543617-768x1303.png 768w, https:\/\/www.ghostysky.com\/wp-content\/uploads\/2026\/01\/GH_AgibotA2_Specs_Comp-e1769443543617-905x1536.png 905w, https:\/\/www.ghostysky.com\/wp-content\/uploads\/2026\/01\/GH_AgibotA2_Specs_Comp-e1769443543617-7x12.png 7w, https:\/\/www.ghostysky.com\/wp-content\/uploads\/2026\/01\/GH_AgibotA2_Specs_Comp-e1769443543617-720x1222.png 720w, https:\/\/www.ghostysky.com\/wp-content\/uploads\/2026\/01\/GH_AgibotA2_Specs_Comp-e1769443543617-600x1018.png 600w\"><\/a><\/p>","protected":false},"excerpt":{"rendered":"<p>Conhe\u00e7a o <b data-path-to-node=\"0\" data-index-in-node=\"9\">Agibot A2 Lite<\/b>, o humanoide interativo de alto desempenho projetado para preencher a lacuna entre a rob\u00f3tica avan\u00e7ada de laborat\u00f3rio e a aplica\u00e7\u00e3o comercial no mundo real. Desenvolvido pela Agibot (Zhiyuan Robotics), este modelo faz parte da inovadora s\u00e9rie A2, projetada especificamente para ambientes onde a intera\u00e7\u00e3o semelhante \u00e0 humana e a movimenta\u00e7\u00e3o \u00e1gil s\u00e3o fundamentais.<\/p>","protected":false},"featured_media":23828,"comment_status":"open","ping_status":"closed","template":"","meta":[],"product_brand":[1345],"product_cat":[1342,1343,1038,1037],"product_tag":[1346,1350,1349],"class_list":{"0":"post-23826","1":"product","2":"type-product","3":"status-publish","4":"has-post-thumbnail","6":"product_brand-agibot","7":"product_cat-agibot","8":"product_cat-agibot-robots","9":"product_cat-humanoid","10":"product_cat-robotics","11":"product_tag-agibot","12":"product_tag-agibot-a2-humanoid","13":"product_tag-agibot-a2-series","15":"first","16":"outofstock","17":"taxable","18":"shipping-taxable","19":"purchasable","20":"product-type-simple"},"yoast_head":"<!-- This site is optimized with the Yoast SEO plugin v27.1.1 - https:\/\/yoast.com\/product\/yoast-seo-wordpress\/ -->\n<title>Agibot A2 Lite - Ghostysky<\/title>\n<meta name=\"description\" content=\"Meet the Agibot A2 Lite, the high-performance, interactive humanoid designed to bridge the gap between advanced lab robotics and real-world commercial application. Developed by Agibot (Zhiyuan Robotics), this model is part of the groundbreaking A2 series, engineered specifically for environments where human-like interaction and agile movement are paramount.\" \/>\n<meta name=\"robots\" content=\"index, follow, max-snippet:-1, max-image-preview:large, max-video-preview:-1\" \/>\n<link rel=\"canonical\" href=\"https:\/\/www.ghostysky.com\/pt\/produto-2\/agibot-a2-lite\/\" \/>\n<meta property=\"og:locale\" content=\"pt_PT\" \/>\n<meta property=\"og:type\" content=\"article\" \/>\n<meta property=\"og:title\" content=\"Agibot A2 Lite - Ghostysky\" \/>\n<meta property=\"og:description\" content=\"Meet the Agibot A2 Lite, the high-performance, interactive humanoid designed to bridge the gap between advanced lab robotics and real-world commercial application. Developed by Agibot (Zhiyuan Robotics), this model is part of the groundbreaking A2 series, engineered specifically for environments where human-like interaction and agile movement are paramount.\" \/>\n<meta property=\"og:url\" content=\"https:\/\/www.ghostysky.com\/pt\/produto-2\/agibot-a2-lite\/\" \/>\n<meta property=\"og:site_name\" content=\"Ghostysky\" \/>\n<meta property=\"article:publisher\" content=\"https:\/\/www.facebook.com\/people\/Ghostysky\/100057676170234\/\" \/>\n<meta property=\"article:modified_time\" content=\"2026-01-26T16:08:51+00:00\" \/>\n<meta property=\"og:image\" content=\"https:\/\/www.ghostysky.com\/wp-content\/uploads\/2026\/01\/GH_Agibot_A2_Lite_1_1.png\" \/>\n\t<meta property=\"og:image:width\" content=\"320\" \/>\n\t<meta property=\"og:image:height\" content=\"426\" \/>\n\t<meta property=\"og:image:type\" content=\"image\/png\" \/>\n<meta name=\"twitter:card\" content=\"summary_large_image\" \/>\n<meta name=\"twitter:site\" content=\"@Gh0stysky\" \/>\n<meta name=\"twitter:label1\" content=\"Tempo estimado de leitura\" \/>\n\t<meta name=\"twitter:data1\" content=\"2 minutos\" \/>\n<script type=\"application\/ld+json\" class=\"yoast-schema-graph\">{\"@context\":\"https:\/\/schema.org\",\"@graph\":[{\"@type\":\"WebPage\",\"@id\":\"https:\/\/www.ghostysky.com\/product\/agibot-a2-lite\/\",\"url\":\"https:\/\/www.ghostysky.com\/product\/agibot-a2-lite\/\",\"name\":\"Agibot A2 Lite - Ghostysky\",\"isPartOf\":{\"@id\":\"https:\/\/www.ghostysky.com\/#website\"},\"primaryImageOfPage\":{\"@id\":\"https:\/\/www.ghostysky.com\/product\/agibot-a2-lite\/#primaryimage\"},\"image\":{\"@id\":\"https:\/\/www.ghostysky.com\/product\/agibot-a2-lite\/#primaryimage\"},\"thumbnailUrl\":\"https:\/\/www.ghostysky.com\/wp-content\/uploads\/2026\/01\/GH_Agibot_A2_Lite_1_1.png\",\"datePublished\":\"2026-01-26T15:57:09+00:00\",\"dateModified\":\"2026-01-26T16:08:51+00:00\",\"description\":\"Meet the Agibot A2 Lite, the high-performance, interactive humanoid designed to bridge the gap between advanced lab robotics and real-world commercial application. Developed by Agibot (Zhiyuan Robotics), this model is part of the groundbreaking A2 series, engineered specifically for environments where human-like interaction and agile movement are paramount.\",\"breadcrumb\":{\"@id\":\"https:\/\/www.ghostysky.com\/product\/agibot-a2-lite\/#breadcrumb\"},\"inLanguage\":\"pt-PT\",\"potentialAction\":[{\"@type\":\"ReadAction\",\"target\":[\"https:\/\/www.ghostysky.com\/product\/agibot-a2-lite\/\"]}]},{\"@type\":\"ImageObject\",\"inLanguage\":\"pt-PT\",\"@id\":\"https:\/\/www.ghostysky.com\/product\/agibot-a2-lite\/#primaryimage\",\"url\":\"https:\/\/www.ghostysky.com\/wp-content\/uploads\/2026\/01\/GH_Agibot_A2_Lite_1_1.png\",\"contentUrl\":\"https:\/\/www.ghostysky.com\/wp-content\/uploads\/2026\/01\/GH_Agibot_A2_Lite_1_1.png\",\"width\":320,\"height\":426},{\"@type\":\"BreadcrumbList\",\"@id\":\"https:\/\/www.ghostysky.com\/product\/agibot-a2-lite\/#breadcrumb\",\"itemListElement\":[{\"@type\":\"ListItem\",\"position\":1,\"name\":\"Home\",\"item\":\"https:\/\/www.ghostysky.com\/\"},{\"@type\":\"ListItem\",\"position\":2,\"name\":\"Shop\",\"item\":\"https:\/\/www.ghostysky.com\/shop\/\"},{\"@type\":\"ListItem\",\"position\":3,\"name\":\"Agibot A2 Lite\"}]},{\"@type\":\"WebSite\",\"@id\":\"https:\/\/www.ghostysky.com\/#website\",\"url\":\"https:\/\/www.ghostysky.com\/\",\"name\":\"Ghostysky\",\"description\":\"Delivering professional drones and services\",\"publisher\":{\"@id\":\"https:\/\/www.ghostysky.com\/#organization\"},\"potentialAction\":[{\"@type\":\"SearchAction\",\"target\":{\"@type\":\"EntryPoint\",\"urlTemplate\":\"https:\/\/www.ghostysky.com\/?s={search_term_string}\"},\"query-input\":{\"@type\":\"PropertyValueSpecification\",\"valueRequired\":true,\"valueName\":\"search_term_string\"}}],\"inLanguage\":\"pt-PT\"},{\"@type\":\"Organization\",\"@id\":\"https:\/\/www.ghostysky.com\/#organization\",\"name\":\"Ghostysky\",\"url\":\"https:\/\/www.ghostysky.com\/\",\"logo\":{\"@type\":\"ImageObject\",\"inLanguage\":\"pt-PT\",\"@id\":\"https:\/\/www.ghostysky.com\/#\/schema\/logo\/image\/\",\"url\":\"https:\/\/www.ghostysky.com\/wp-content\/uploads\/2020\/06\/cropped-ghostyskylogo_text_white2.png\",\"contentUrl\":\"https:\/\/www.ghostysky.com\/wp-content\/uploads\/2020\/06\/cropped-ghostyskylogo_text_white2.png\",\"width\":169,\"height\":56,\"caption\":\"Ghostysky\"},\"image\":{\"@id\":\"https:\/\/www.ghostysky.com\/#\/schema\/logo\/image\/\"},\"sameAs\":[\"https:\/\/www.facebook.com\/people\/Ghostysky\/100057676170234\/\",\"https:\/\/x.com\/Gh0stysky\",\"https:\/\/www.linkedin.com\/company\/34739653\",\"https:\/\/www.instagram.com\/gh0stysky\"]}]}<\/script>\n<!-- \/ Yoast SEO plugin. -->","yoast_head_json":{"title":"Agibot A2 Lite - Ghostysky","description":"Conhe\u00e7a o Agibot A2 Lite, o humanoide interativo de alto desempenho projetado para preencher a lacuna entre a rob\u00f3tica avan\u00e7ada de laborat\u00f3rio e a aplica\u00e7\u00e3o comercial no mundo real. Desenvolvido pela Agibot (Zhiyuan Robotics), este modelo faz parte da inovadora s\u00e9rie A2, projetada especificamente para ambientes onde a intera\u00e7\u00e3o semelhante \u00e0 humana e a agilidade de movimento s\u00e3o fundamentais.","robots":{"index":"index","follow":"follow","max-snippet":"max-snippet:-1","max-image-preview":"max-image-preview:large","max-video-preview":"max-video-preview:-1"},"canonical":"https:\/\/www.ghostysky.com\/pt\/produto-2\/agibot-a2-lite\/","og_locale":"pt_PT","og_type":"article","og_title":"Agibot A2 Lite - Ghostysky","og_description":"Meet the Agibot A2 Lite, the high-performance, interactive humanoid designed to bridge the gap between advanced lab robotics and real-world commercial application. Developed by Agibot (Zhiyuan Robotics), this model is part of the groundbreaking A2 series, engineered specifically for environments where human-like interaction and agile movement are paramount.","og_url":"https:\/\/www.ghostysky.com\/pt\/produto-2\/agibot-a2-lite\/","og_site_name":"Ghostysky","article_publisher":"https:\/\/www.facebook.com\/people\/Ghostysky\/100057676170234\/","article_modified_time":"2026-01-26T16:08:51+00:00","og_image":[{"width":320,"height":426,"url":"https:\/\/www.ghostysky.com\/wp-content\/uploads\/2026\/01\/GH_Agibot_A2_Lite_1_1.png","type":"image\/png"}],"twitter_card":"summary_large_image","twitter_site":"@Gh0stysky","twitter_misc":{"Tempo estimado de leitura":"2 minutos"},"schema":{"@context":"https:\/\/schema.org","@graph":[{"@type":"WebPage","@id":"https:\/\/www.ghostysky.com\/product\/agibot-a2-lite\/","url":"https:\/\/www.ghostysky.com\/product\/agibot-a2-lite\/","name":"Agibot A2 Lite - Ghostysky","isPartOf":{"@id":"https:\/\/www.ghostysky.com\/#website"},"primaryImageOfPage":{"@id":"https:\/\/www.ghostysky.com\/product\/agibot-a2-lite\/#primaryimage"},"image":{"@id":"https:\/\/www.ghostysky.com\/product\/agibot-a2-lite\/#primaryimage"},"thumbnailUrl":"https:\/\/www.ghostysky.com\/wp-content\/uploads\/2026\/01\/GH_Agibot_A2_Lite_1_1.png","datePublished":"2026-01-26T15:57:09+00:00","dateModified":"2026-01-26T16:08:51+00:00","description":"Conhe\u00e7a o Agibot A2 Lite, o humanoide interativo de alto desempenho projetado para preencher a lacuna entre a rob\u00f3tica avan\u00e7ada de laborat\u00f3rio e a aplica\u00e7\u00e3o comercial no mundo real. Desenvolvido pela Agibot (Zhiyuan Robotics), este modelo faz parte da inovadora s\u00e9rie A2, projetada especificamente para ambientes onde a intera\u00e7\u00e3o semelhante \u00e0 humana e a agilidade de movimento s\u00e3o fundamentais.","breadcrumb":{"@id":"https:\/\/www.ghostysky.com\/product\/agibot-a2-lite\/#breadcrumb"},"inLanguage":"pt-PT","potentialAction":[{"@type":"ReadAction","target":["https:\/\/www.ghostysky.com\/product\/agibot-a2-lite\/"]}]},{"@type":"ImageObject","inLanguage":"pt-PT","@id":"https:\/\/www.ghostysky.com\/product\/agibot-a2-lite\/#primaryimage","url":"https:\/\/www.ghostysky.com\/wp-content\/uploads\/2026\/01\/GH_Agibot_A2_Lite_1_1.png","contentUrl":"https:\/\/www.ghostysky.com\/wp-content\/uploads\/2026\/01\/GH_Agibot_A2_Lite_1_1.png","width":320,"height":426},{"@type":"BreadcrumbList","@id":"https:\/\/www.ghostysky.com\/product\/agibot-a2-lite\/#breadcrumb","itemListElement":[{"@type":"ListItem","position":1,"name":"Home","item":"https:\/\/www.ghostysky.com\/"},{"@type":"ListItem","position":2,"name":"Shop","item":"https:\/\/www.ghostysky.com\/shop\/"},{"@type":"ListItem","position":3,"name":"Agibot A2 Lite"}]},{"@type":"WebSite","@id":"https:\/\/www.ghostysky.com\/#website","url":"https:\/\/www.ghostysky.com\/","name":"Ghostysky","description":"Fornecendo drones e servi\u00e7os profissionais","publisher":{"@id":"https:\/\/www.ghostysky.com\/#organization"},"potentialAction":[{"@type":"SearchAction","target":{"@type":"EntryPoint","urlTemplate":"https:\/\/www.ghostysky.com\/?s={search_term_string}"},"query-input":{"@type":"PropertyValueSpecification","valueRequired":true,"valueName":"search_term_string"}}],"inLanguage":"pt-PT"},{"@type":"Organization","@id":"https:\/\/www.ghostysky.com\/#organization","name":"Ghostysky","url":"https:\/\/www.ghostysky.com\/","logo":{"@type":"ImageObject","inLanguage":"pt-PT","@id":"https:\/\/www.ghostysky.com\/#\/schema\/logo\/image\/","url":"https:\/\/www.ghostysky.com\/wp-content\/uploads\/2020\/06\/cropped-ghostyskylogo_text_white2.png","contentUrl":"https:\/\/www.ghostysky.com\/wp-content\/uploads\/2020\/06\/cropped-ghostyskylogo_text_white2.png","width":169,"height":56,"caption":"Ghostysky"},"image":{"@id":"https:\/\/www.ghostysky.com\/#\/schema\/logo\/image\/"},"sameAs":["https:\/\/www.facebook.com\/people\/Ghostysky\/100057676170234\/","https:\/\/x.com\/Gh0stysky","https:\/\/www.linkedin.com\/company\/34739653","https:\/\/www.instagram.com\/gh0stysky"]}]}},"_links":{"self":[{"href":"https:\/\/www.ghostysky.com\/pt\/wp-json\/wp\/v2\/product\/23826","targetHints":{"allow":["GET"]}}],"collection":[{"href":"https:\/\/www.ghostysky.com\/pt\/wp-json\/wp\/v2\/product"}],"about":[{"href":"https:\/\/www.ghostysky.com\/pt\/wp-json\/wp\/v2\/types\/product"}],"replies":[{"embeddable":true,"href":"https:\/\/www.ghostysky.com\/pt\/wp-json\/wp\/v2\/comments?post=23826"}],"wp:featuredmedia":[{"embeddable":true,"href":"https:\/\/www.ghostysky.com\/pt\/wp-json\/wp\/v2\/media\/23828"}],"wp:attachment":[{"href":"https:\/\/www.ghostysky.com\/pt\/wp-json\/wp\/v2\/media?parent=23826"}],"wp:term":[{"taxonomy":"product_brand","embeddable":true,"href":"https:\/\/www.ghostysky.com\/pt\/wp-json\/wp\/v2\/product_brand?post=23826"},{"taxonomy":"product_cat","embeddable":true,"href":"https:\/\/www.ghostysky.com\/pt\/wp-json\/wp\/v2\/product_cat?post=23826"},{"taxonomy":"product_tag","embeddable":true,"href":"https:\/\/www.ghostysky.com\/pt\/wp-json\/wp\/v2\/product_tag?post=23826"}],"curies":[{"name":"wp","href":"https:\/\/api.w.org\/{rel}","templated":true}]}}