{"id":23832,"date":"2026-01-26T16:10:21","date_gmt":"2026-01-26T16:10:21","guid":{"rendered":"https:\/\/www.ghostysky.com\/?post_type=product&#038;p=23832"},"modified":"2026-01-26T16:25:07","modified_gmt":"2026-01-26T16:25:07","slug":"agibot-a2-ultra","status":"publish","type":"product","link":"https:\/\/www.ghostysky.com\/pt\/product\/agibot-a2-ultra\/","title":{"rendered":"Agibot A2 Ultra"},"content":{"rendered":"<h3 data-path-to-node=\"3\">O Novo Padr\u00e3o de Excel\u00eancia em Humanoides<\/h3>\n<p data-path-to-node=\"4\"><span class=\"citation-156 citation-end-156\">O A2 Ultra n\u00e3o \u00e9 apenas um prot\u00f3tipo \u2014 \u00e9 um &quot;jogador de equipe&quot; produzido em massa.<\/span> Em p\u00e9 <b data-path-to-node=\"4\" data-index-in-node=\"84\">169 cm<\/b> (aprox. <span class=\"citation-155\">5&#039;6\u2033) e pesando <\/span><b data-path-to-node=\"4\" data-index-in-node=\"118\"><span class=\"citation-155\">69 kg<\/span><\/b><span class=\"citation-155 citation-end-155\">Suas propor\u00e7\u00f5es s\u00e3o intencionalmente semelhantes \u00e0s de um ser humano para garantir que se encaixe perfeitamente em ambientes projetados para pessoas, desde shoppings a sagu\u00f5es corporativos.<\/span><\/p>\n<h3 data-path-to-node=\"5\">Principais recursos e desempenho<\/h3>\n<ul data-path-to-node=\"6\">\n<li>\n<p data-path-to-node=\"6,0,0\"><b data-path-to-node=\"6,0,0\" data-index-in-node=\"0\">Recorde Mundial de Resist\u00eancia:<\/b><span class=\"citation-154\"> O A2 Ultra det\u00e9m o recorde mundial do Guinness de maior dist\u00e2ncia percorrida a p\u00e9 por um humanoide, cobrindo... <\/span><b data-path-to-node=\"6,0,0\" data-index-in-node=\"125\"><span class=\"citation-154\">106,28 km<\/span><\/b><span class=\"citation-154 citation-end-154\"> autonomamente.<\/span> Ele foi projetado para opera\u00e7\u00e3o 24 horas por dia, 7 dias por semana, com suporte para <b data-path-to-node=\"6,0,0\" data-index-in-node=\"198\">baterias substitu\u00edveis a quente<\/b>.<\/p>\n<\/li>\n<li>\n<p data-path-to-node=\"6,1,0\"><b data-path-to-node=\"6,1,0\" data-index-in-node=\"0\"><span class=\"citation-153\">Intera\u00e7\u00e3o de alta fidelidade:<\/span><\/b><span class=\"citation-153\"> Distribu\u00eddo por <\/span><b data-path-to-node=\"6,1,0\" data-index-in-node=\"38\"><span class=\"citation-153\">TrabalhoGPT<\/span><\/b><span class=\"citation-153 citation-end-153\"> (Com um modelo de linguagem propriet\u00e1rio de grande porte), o A2 Ultra apresenta precis\u00e3o de 96% no reconhecimento de voz, mesmo em ambientes ruidosos, e uma taxa de ativa\u00e7\u00e3o facial de 99%.<\/span><\/p>\n<\/li>\n<li>\n<p data-path-to-node=\"6,2,0\"><b data-path-to-node=\"6,2,0\" data-index-in-node=\"0\"><span class=\"citation-152\">Manipula\u00e7\u00e3o Destra:<\/span><\/b><span class=\"citation-152\"> Equipado com um <\/span><b data-path-to-node=\"6,2,0\" data-index-in-node=\"40\"><span class=\"citation-152\">M\u00e3o destra de 6 graus de liberdade<\/span><\/b><span class=\"citation-152 citation-end-152\">Ele pode executar tarefas operacionais leves e gestos que parecem naturais e emp\u00e1ticos.<\/span><\/p>\n<\/li>\n<li>\n<p data-path-to-node=\"6,3,0\"><b data-path-to-node=\"6,3,0\" data-index-in-node=\"0\"><span class=\"citation-151\">Navega\u00e7\u00e3o Aut\u00f4noma:<\/span><\/b><span class=\"citation-151\"> Usando o <\/span><b data-path-to-node=\"6,3,0\" data-index-in-node=\"33\"><span class=\"citation-151\">HIMUS 3D-SLAM<\/span><\/b><span class=\"citation-151 citation-end-151\"> Equipado com um sistema e um Lidar de 360\u00b0, o rob\u00f4 atinge mobilidade aut\u00f4noma de n\u00edvel L4, navegando por espa\u00e7os complexos e congestionados sem interven\u00e7\u00e3o humana.<\/span><\/p>\n<p>&nbsp;<\/li>\n<\/ul>\n<h3 data-path-to-node=\"11\">Versatilidade em diversos setores<\/h3>\n<p data-path-to-node=\"12\"><span class=\"citation-150\">O A2 Ultra \u00e9 um &quot;camale\u00e3o&quot; no ambiente de trabalho, adapt\u00e1vel gra\u00e7as \u00e0 sua <\/span><b data-path-to-node=\"12\" data-index-in-node=\"70\"><span class=\"citation-150\">Plataforma Linksoul<\/span><\/b><span class=\"citation-150 citation-end-150\">, que permite \u00e0s empresas personalizar sua base de conhecimento, tom de voz e personalidade.<\/span><\/p>\n<ul data-path-to-node=\"13\">\n<li>\n<p data-path-to-node=\"13,0,0\"><b data-path-to-node=\"13,0,0\" data-index-in-node=\"0\"><span class=\"citation-149\">Hotelaria e Turismo:<\/span><\/b><span class=\"citation-149 citation-end-149\"> Sauda\u00e7\u00f5es proativas, orienta\u00e7\u00e3o de rotas e consultoria empresarial multil\u00edngue.<\/span><\/p>\n<\/li>\n<li>\n<p data-path-to-node=\"13,1,0\"><b data-path-to-node=\"13,1,0\" data-index-in-node=\"0\"><span class=\"citation-148\">Marketing e Eventos:<\/span><\/b><span class=\"citation-148 citation-end-148\"> Embaixadores de marca personalizados com base em propriedade intelectual para exposi\u00e7\u00f5es e galas televisionadas.<\/span><\/p>\n<\/li>\n<li>\n<p data-path-to-node=\"13,2,0\"><b data-path-to-node=\"13,2,0\" data-index-in-node=\"0\">Desempenho comercial:<\/b><span class=\"citation-147 citation-end-147\"> Capaz de executar dan\u00e7as programadas e movimentos sincronizados em grupo para fins de entretenimento.<\/span><\/p>\n<\/li>\n<\/ul>\n<blockquote data-path-to-node=\"14\">\n<p data-path-to-node=\"14,0\"><b data-path-to-node=\"14,0\" data-index-in-node=\"0\">Curiosidade:<\/b><span class=\"citation-146\"> O A2 Ultra fez recentemente sua estreia nos EUA em <\/span><b data-path-to-node=\"14,0\" data-index-in-node=\"55\"><span class=\"citation-146\">CES 2026<\/span><\/b><span class=\"citation-146 citation-end-146\">, onde realizou uma apresenta\u00e7\u00e3o de Tai Chi no palco para demonstrar seu equil\u00edbrio e controle motor excepcionais.<\/span><\/p>\n<\/blockquote>\n<h3 data-path-to-node=\"4\">Especifica\u00e7\u00f5es principais e hardware<\/h3>\n<p><a href=\"https:\/\/www.ghostysky.com\/wp-content\/uploads\/2026\/01\/GH_AgibotA2_Specs_Comp.png\"><img fetchpriority=\"high\" decoding=\"async\" class=\"alignnone wp-image-23830 size-full lazyload\" src=\"data:image\/gif;base64,R0lGODlhAQABAAAAACH5BAEKAAEALAAAAAABAAEAAAICTAEAOw==\" alt=\"\" width=\"1109\" height=\"1882\" sizes=\"(max-width: 1109px) 100vw, 1109px\" data-src=\"https:\/\/www.ghostysky.com\/wp-content\/uploads\/2026\/01\/GH_AgibotA2_Specs_Comp-e1769443543617.png\" data-srcset=\"https:\/\/www.ghostysky.com\/wp-content\/uploads\/2026\/01\/GH_AgibotA2_Specs_Comp-e1769443543617.png 1109w, https:\/\/www.ghostysky.com\/wp-content\/uploads\/2026\/01\/GH_AgibotA2_Specs_Comp-e1769443543617-177x300.png 177w, https:\/\/www.ghostysky.com\/wp-content\/uploads\/2026\/01\/GH_AgibotA2_Specs_Comp-e1769443543617-603x1024.png 603w, https:\/\/www.ghostysky.com\/wp-content\/uploads\/2026\/01\/GH_AgibotA2_Specs_Comp-e1769443543617-768x1303.png 768w, https:\/\/www.ghostysky.com\/wp-content\/uploads\/2026\/01\/GH_AgibotA2_Specs_Comp-e1769443543617-905x1536.png 905w, https:\/\/www.ghostysky.com\/wp-content\/uploads\/2026\/01\/GH_AgibotA2_Specs_Comp-e1769443543617-7x12.png 7w, https:\/\/www.ghostysky.com\/wp-content\/uploads\/2026\/01\/GH_AgibotA2_Specs_Comp-e1769443543617-720x1222.png 720w, https:\/\/www.ghostysky.com\/wp-content\/uploads\/2026\/01\/GH_AgibotA2_Specs_Comp-e1769443543617-600x1018.png 600w\"><\/a><\/p>","protected":false},"excerpt":{"rendered":"<p data-path-to-node=\"0\"><span class=\"citation-159\">Conhe\u00e7a o <\/span><b data-path-to-node=\"0\" data-index-in-node=\"9\"><span class=\"citation-159\">Agibot A2 Ultra<\/span><\/b><span class=\"citation-159 citation-end-159\">, a pot\u00eancia da s\u00e9rie A2 e detentora de um recorde mundial do Guinness.<\/span> <span class=\"citation-158 citation-end-158\">Constru\u00eddo pela Agibot (Shanghai) Technology, este \u00e9 um rob\u00f4 humanoide em tamanho real projetado para preencher a lacuna entre a tecnologia futurista e a confiabilidade comercial no mundo real.<\/span><\/p>\n<p data-path-to-node=\"1\"><span class=\"citation-157 citation-end-157\">Seja para recepcionar h\u00f3spedes na entrada de um hotel ou para caminhar mais de 100 quil\u00f4metros pelas cidades, o A2 Ultra foi projetado para resist\u00eancia e intera\u00e7\u00e3o inteligente.<\/span><\/p>","protected":false},"featured_media":23837,"comment_status":"open","ping_status":"closed","template":"","meta":[],"product_brand":[1345],"product_cat":[1342,1343,1038,1037],"product_tag":[1346,1350,1349],"class_list":{"0":"post-23832","1":"product","2":"type-product","3":"status-publish","4":"has-post-thumbnail","6":"product_brand-agibot","7":"product_cat-agibot","8":"product_cat-agibot-robots","9":"product_cat-humanoid","10":"product_cat-robotics","11":"product_tag-agibot","12":"product_tag-agibot-a2-humanoid","13":"product_tag-agibot-a2-series","15":"first","16":"outofstock","17":"taxable","18":"shipping-taxable","19":"product-type-simple"},"yoast_head":"<!-- This site is optimized with the Yoast SEO plugin v27.1.1 - https:\/\/yoast.com\/product\/yoast-seo-wordpress\/ -->\n<title>Agibot A2 Ultra - Ghostysky<\/title>\n<meta name=\"description\" content=\"Meet the Agibot A2 Ultra, the powerhouse of the A2 series and a Guinness World Record holder. Built by Agibot (Shanghai) Technology, this is a full-size humanoid robot designed to bridge the gap between futuristic tech and real-world commercial reliability.Whether it\u2019s greeting guests at a front desk or walking 100+ kilometers across cities, the A2 Ultra is engineered for endurance and intelligent interaction.\" \/>\n<meta name=\"robots\" content=\"index, follow, max-snippet:-1, max-image-preview:large, max-video-preview:-1\" \/>\n<link rel=\"canonical\" href=\"https:\/\/www.ghostysky.com\/pt\/produto-2\/agibot-a2-ultra\/\" \/>\n<meta property=\"og:locale\" content=\"pt_PT\" \/>\n<meta property=\"og:type\" content=\"article\" \/>\n<meta property=\"og:title\" content=\"Agibot A2 Ultra - Ghostysky\" \/>\n<meta property=\"og:description\" content=\"Meet the Agibot A2 Ultra, the powerhouse of the A2 series and a Guinness World Record holder. Built by Agibot (Shanghai) Technology, this is a full-size humanoid robot designed to bridge the gap between futuristic tech and real-world commercial reliability.Whether it\u2019s greeting guests at a front desk or walking 100+ kilometers across cities, the A2 Ultra is engineered for endurance and intelligent interaction.\" \/>\n<meta property=\"og:url\" content=\"https:\/\/www.ghostysky.com\/pt\/produto-2\/agibot-a2-ultra\/\" \/>\n<meta property=\"og:site_name\" content=\"Ghostysky\" \/>\n<meta property=\"article:publisher\" content=\"https:\/\/www.facebook.com\/people\/Ghostysky\/100057676170234\/\" \/>\n<meta property=\"article:modified_time\" content=\"2026-01-26T16:25:07+00:00\" \/>\n<meta property=\"og:image\" content=\"https:\/\/www.ghostysky.com\/wp-content\/uploads\/2026\/01\/GH_Agibot_A2_Ultra_1_1.png\" \/>\n\t<meta property=\"og:image:width\" content=\"1137\" \/>\n\t<meta property=\"og:image:height\" content=\"1298\" \/>\n\t<meta property=\"og:image:type\" content=\"image\/png\" \/>\n<meta name=\"twitter:card\" content=\"summary_large_image\" \/>\n<meta name=\"twitter:site\" content=\"@Gh0stysky\" \/>\n<meta name=\"twitter:label1\" content=\"Tempo estimado de leitura\" \/>\n\t<meta name=\"twitter:data1\" content=\"2 minutos\" \/>\n<script type=\"application\/ld+json\" class=\"yoast-schema-graph\">{\"@context\":\"https:\/\/schema.org\",\"@graph\":[{\"@type\":\"WebPage\",\"@id\":\"https:\/\/www.ghostysky.com\/product\/agibot-a2-ultra\/\",\"url\":\"https:\/\/www.ghostysky.com\/product\/agibot-a2-ultra\/\",\"name\":\"Agibot A2 Ultra - Ghostysky\",\"isPartOf\":{\"@id\":\"https:\/\/www.ghostysky.com\/#website\"},\"primaryImageOfPage\":{\"@id\":\"https:\/\/www.ghostysky.com\/product\/agibot-a2-ultra\/#primaryimage\"},\"image\":{\"@id\":\"https:\/\/www.ghostysky.com\/product\/agibot-a2-ultra\/#primaryimage\"},\"thumbnailUrl\":\"https:\/\/www.ghostysky.com\/wp-content\/uploads\/2026\/01\/GH_Agibot_A2_Ultra_1_1.png\",\"datePublished\":\"2026-01-26T16:10:21+00:00\",\"dateModified\":\"2026-01-26T16:25:07+00:00\",\"description\":\"Meet the Agibot A2 Ultra, the powerhouse of the A2 series and a Guinness World Record holder. Built by Agibot (Shanghai) Technology, this is a full-size humanoid robot designed to bridge the gap between futuristic tech and real-world commercial reliability.Whether it\u2019s greeting guests at a front desk or walking 100+ kilometers across cities, the A2 Ultra is engineered for endurance and intelligent interaction.\",\"breadcrumb\":{\"@id\":\"https:\/\/www.ghostysky.com\/product\/agibot-a2-ultra\/#breadcrumb\"},\"inLanguage\":\"pt-PT\",\"potentialAction\":[{\"@type\":\"ReadAction\",\"target\":[\"https:\/\/www.ghostysky.com\/product\/agibot-a2-ultra\/\"]}]},{\"@type\":\"ImageObject\",\"inLanguage\":\"pt-PT\",\"@id\":\"https:\/\/www.ghostysky.com\/product\/agibot-a2-ultra\/#primaryimage\",\"url\":\"https:\/\/www.ghostysky.com\/wp-content\/uploads\/2026\/01\/GH_Agibot_A2_Ultra_1_1.png\",\"contentUrl\":\"https:\/\/www.ghostysky.com\/wp-content\/uploads\/2026\/01\/GH_Agibot_A2_Ultra_1_1.png\",\"width\":1137,\"height\":1298},{\"@type\":\"BreadcrumbList\",\"@id\":\"https:\/\/www.ghostysky.com\/product\/agibot-a2-ultra\/#breadcrumb\",\"itemListElement\":[{\"@type\":\"ListItem\",\"position\":1,\"name\":\"Home\",\"item\":\"https:\/\/www.ghostysky.com\/\"},{\"@type\":\"ListItem\",\"position\":2,\"name\":\"Shop\",\"item\":\"https:\/\/www.ghostysky.com\/shop\/\"},{\"@type\":\"ListItem\",\"position\":3,\"name\":\"Agibot A2 Ultra\"}]},{\"@type\":\"WebSite\",\"@id\":\"https:\/\/www.ghostysky.com\/#website\",\"url\":\"https:\/\/www.ghostysky.com\/\",\"name\":\"Ghostysky\",\"description\":\"Delivering professional drones and services\",\"publisher\":{\"@id\":\"https:\/\/www.ghostysky.com\/#organization\"},\"potentialAction\":[{\"@type\":\"SearchAction\",\"target\":{\"@type\":\"EntryPoint\",\"urlTemplate\":\"https:\/\/www.ghostysky.com\/?s={search_term_string}\"},\"query-input\":{\"@type\":\"PropertyValueSpecification\",\"valueRequired\":true,\"valueName\":\"search_term_string\"}}],\"inLanguage\":\"pt-PT\"},{\"@type\":\"Organization\",\"@id\":\"https:\/\/www.ghostysky.com\/#organization\",\"name\":\"Ghostysky\",\"url\":\"https:\/\/www.ghostysky.com\/\",\"logo\":{\"@type\":\"ImageObject\",\"inLanguage\":\"pt-PT\",\"@id\":\"https:\/\/www.ghostysky.com\/#\/schema\/logo\/image\/\",\"url\":\"https:\/\/www.ghostysky.com\/wp-content\/uploads\/2020\/06\/cropped-ghostyskylogo_text_white2.png\",\"contentUrl\":\"https:\/\/www.ghostysky.com\/wp-content\/uploads\/2020\/06\/cropped-ghostyskylogo_text_white2.png\",\"width\":169,\"height\":56,\"caption\":\"Ghostysky\"},\"image\":{\"@id\":\"https:\/\/www.ghostysky.com\/#\/schema\/logo\/image\/\"},\"sameAs\":[\"https:\/\/www.facebook.com\/people\/Ghostysky\/100057676170234\/\",\"https:\/\/x.com\/Gh0stysky\",\"https:\/\/www.linkedin.com\/company\/34739653\",\"https:\/\/www.instagram.com\/gh0stysky\"]}]}<\/script>\n<!-- \/ Yoast SEO plugin. -->","yoast_head_json":{"title":"Agibot A2 Ultra - Ghostysky","description":"Conhe\u00e7a o Agibot A2 Ultra, o mais potente da s\u00e9rie A2 e detentor de um recorde mundial do Guinness. Constru\u00eddo pela Agibot (Shanghai) Technology, este rob\u00f4 humanoide de tamanho real foi projetado para unir tecnologia futurista e confiabilidade comercial no mundo real. Seja recepcionando h\u00f3spedes na recep\u00e7\u00e3o de um hotel ou caminhando mais de 100 quil\u00f4metros pelas cidades, o A2 Ultra foi projetado para resist\u00eancia e intera\u00e7\u00e3o inteligente.","robots":{"index":"index","follow":"follow","max-snippet":"max-snippet:-1","max-image-preview":"max-image-preview:large","max-video-preview":"max-video-preview:-1"},"canonical":"https:\/\/www.ghostysky.com\/pt\/produto-2\/agibot-a2-ultra\/","og_locale":"pt_PT","og_type":"article","og_title":"Agibot A2 Ultra - Ghostysky","og_description":"Meet the Agibot A2 Ultra, the powerhouse of the A2 series and a Guinness World Record holder. Built by Agibot (Shanghai) Technology, this is a full-size humanoid robot designed to bridge the gap between futuristic tech and real-world commercial reliability.Whether it\u2019s greeting guests at a front desk or walking 100+ kilometers across cities, the A2 Ultra is engineered for endurance and intelligent interaction.","og_url":"https:\/\/www.ghostysky.com\/pt\/produto-2\/agibot-a2-ultra\/","og_site_name":"Ghostysky","article_publisher":"https:\/\/www.facebook.com\/people\/Ghostysky\/100057676170234\/","article_modified_time":"2026-01-26T16:25:07+00:00","og_image":[{"width":1137,"height":1298,"url":"https:\/\/www.ghostysky.com\/wp-content\/uploads\/2026\/01\/GH_Agibot_A2_Ultra_1_1.png","type":"image\/png"}],"twitter_card":"summary_large_image","twitter_site":"@Gh0stysky","twitter_misc":{"Tempo estimado de leitura":"2 minutos"},"schema":{"@context":"https:\/\/schema.org","@graph":[{"@type":"WebPage","@id":"https:\/\/www.ghostysky.com\/product\/agibot-a2-ultra\/","url":"https:\/\/www.ghostysky.com\/product\/agibot-a2-ultra\/","name":"Agibot A2 Ultra - Ghostysky","isPartOf":{"@id":"https:\/\/www.ghostysky.com\/#website"},"primaryImageOfPage":{"@id":"https:\/\/www.ghostysky.com\/product\/agibot-a2-ultra\/#primaryimage"},"image":{"@id":"https:\/\/www.ghostysky.com\/product\/agibot-a2-ultra\/#primaryimage"},"thumbnailUrl":"https:\/\/www.ghostysky.com\/wp-content\/uploads\/2026\/01\/GH_Agibot_A2_Ultra_1_1.png","datePublished":"2026-01-26T16:10:21+00:00","dateModified":"2026-01-26T16:25:07+00:00","description":"Conhe\u00e7a o Agibot A2 Ultra, o mais potente da s\u00e9rie A2 e detentor de um recorde mundial do Guinness. Constru\u00eddo pela Agibot (Shanghai) Technology, este rob\u00f4 humanoide de tamanho real foi projetado para unir tecnologia futurista e confiabilidade comercial no mundo real. Seja recepcionando h\u00f3spedes na recep\u00e7\u00e3o de um hotel ou caminhando mais de 100 quil\u00f4metros pelas cidades, o A2 Ultra foi projetado para resist\u00eancia e intera\u00e7\u00e3o inteligente.","breadcrumb":{"@id":"https:\/\/www.ghostysky.com\/product\/agibot-a2-ultra\/#breadcrumb"},"inLanguage":"pt-PT","potentialAction":[{"@type":"ReadAction","target":["https:\/\/www.ghostysky.com\/product\/agibot-a2-ultra\/"]}]},{"@type":"ImageObject","inLanguage":"pt-PT","@id":"https:\/\/www.ghostysky.com\/product\/agibot-a2-ultra\/#primaryimage","url":"https:\/\/www.ghostysky.com\/wp-content\/uploads\/2026\/01\/GH_Agibot_A2_Ultra_1_1.png","contentUrl":"https:\/\/www.ghostysky.com\/wp-content\/uploads\/2026\/01\/GH_Agibot_A2_Ultra_1_1.png","width":1137,"height":1298},{"@type":"BreadcrumbList","@id":"https:\/\/www.ghostysky.com\/product\/agibot-a2-ultra\/#breadcrumb","itemListElement":[{"@type":"ListItem","position":1,"name":"Home","item":"https:\/\/www.ghostysky.com\/"},{"@type":"ListItem","position":2,"name":"Shop","item":"https:\/\/www.ghostysky.com\/shop\/"},{"@type":"ListItem","position":3,"name":"Agibot A2 Ultra"}]},{"@type":"WebSite","@id":"https:\/\/www.ghostysky.com\/#website","url":"https:\/\/www.ghostysky.com\/","name":"Ghostysky","description":"Fornecendo drones e servi\u00e7os profissionais","publisher":{"@id":"https:\/\/www.ghostysky.com\/#organization"},"potentialAction":[{"@type":"SearchAction","target":{"@type":"EntryPoint","urlTemplate":"https:\/\/www.ghostysky.com\/?s={search_term_string}"},"query-input":{"@type":"PropertyValueSpecification","valueRequired":true,"valueName":"search_term_string"}}],"inLanguage":"pt-PT"},{"@type":"Organization","@id":"https:\/\/www.ghostysky.com\/#organization","name":"Ghostysky","url":"https:\/\/www.ghostysky.com\/","logo":{"@type":"ImageObject","inLanguage":"pt-PT","@id":"https:\/\/www.ghostysky.com\/#\/schema\/logo\/image\/","url":"https:\/\/www.ghostysky.com\/wp-content\/uploads\/2020\/06\/cropped-ghostyskylogo_text_white2.png","contentUrl":"https:\/\/www.ghostysky.com\/wp-content\/uploads\/2020\/06\/cropped-ghostyskylogo_text_white2.png","width":169,"height":56,"caption":"Ghostysky"},"image":{"@id":"https:\/\/www.ghostysky.com\/#\/schema\/logo\/image\/"},"sameAs":["https:\/\/www.facebook.com\/people\/Ghostysky\/100057676170234\/","https:\/\/x.com\/Gh0stysky","https:\/\/www.linkedin.com\/company\/34739653","https:\/\/www.instagram.com\/gh0stysky"]}]}},"_links":{"self":[{"href":"https:\/\/www.ghostysky.com\/pt\/wp-json\/wp\/v2\/product\/23832","targetHints":{"allow":["GET"]}}],"collection":[{"href":"https:\/\/www.ghostysky.com\/pt\/wp-json\/wp\/v2\/product"}],"about":[{"href":"https:\/\/www.ghostysky.com\/pt\/wp-json\/wp\/v2\/types\/product"}],"replies":[{"embeddable":true,"href":"https:\/\/www.ghostysky.com\/pt\/wp-json\/wp\/v2\/comments?post=23832"}],"wp:featuredmedia":[{"embeddable":true,"href":"https:\/\/www.ghostysky.com\/pt\/wp-json\/wp\/v2\/media\/23837"}],"wp:attachment":[{"href":"https:\/\/www.ghostysky.com\/pt\/wp-json\/wp\/v2\/media?parent=23832"}],"wp:term":[{"taxonomy":"product_brand","embeddable":true,"href":"https:\/\/www.ghostysky.com\/pt\/wp-json\/wp\/v2\/product_brand?post=23832"},{"taxonomy":"product_cat","embeddable":true,"href":"https:\/\/www.ghostysky.com\/pt\/wp-json\/wp\/v2\/product_cat?post=23832"},{"taxonomy":"product_tag","embeddable":true,"href":"https:\/\/www.ghostysky.com\/pt\/wp-json\/wp\/v2\/product_tag?post=23832"}],"curies":[{"name":"wp","href":"https:\/\/api.w.org\/{rel}","templated":true}]}}