{"id":23843,"date":"2026-01-26T16:40:36","date_gmt":"2026-01-26T16:40:36","guid":{"rendered":"https:\/\/www.ghostysky.com\/?post_type=product&#038;p=23843"},"modified":"2026-01-26T17:03:04","modified_gmt":"2026-01-26T17:03:04","slug":"agibot-a2-w","status":"publish","type":"product","link":"https:\/\/www.ghostysky.com\/pt\/product\/agibot-a2-w\/","title":{"rendered":"Agibot A2 W"},"content":{"rendered":"<h3 data-path-to-node=\"3\"><b data-path-to-node=\"3\" data-index-in-node=\"3\">Agibot A2-W: O Especialista em Manufatura Flex\u00edvel<\/b><\/h3>\n<p data-path-to-node=\"4\"><span class=\"citation-201 citation-end-201\">O A2-W se define por sua &quot;Intelig\u00eancia Incorporada&quot;, combinando bra\u00e7os duplos de alta precis\u00e3o com uma base \u00e1gil sobre rodas.<\/span> <span class=\"citation-200\">Ele foi projetado para substituir ou auxiliar humanos em tarefas complexas como <\/span><b data-path-to-node=\"4\" data-index-in-node=\"180\"><span class=\"citation-200 citation-end-200\">Agarrar, encaixar com precis\u00e3o, transportar componentes e montar de forma ass\u00edncrona.<\/span><\/b><\/p>\n<h3 data-path-to-node=\"5\"><b data-path-to-node=\"5\" data-index-in-node=\"0\">Principais especifica\u00e7\u00f5es t\u00e9cnicas<\/b><\/h3>\n<table data-path-to-node=\"6\">\n<thead>\n<tr>\n<td><strong>Recurso<\/strong><\/td>\n<td><strong>Especifica\u00e7\u00f5es<\/strong><\/td>\n<\/tr>\n<\/thead>\n<tbody>\n<tr>\n<td><span data-path-to-node=\"6,1,0,0\"><b data-path-to-node=\"6,1,0,0\" data-index-in-node=\"0\">Altura \/ Peso<\/b><\/span><\/td>\n<td><span data-path-to-node=\"6,1,1,0\">163 cm<\/span><\/td>\n<\/tr>\n<tr>\n<td><span data-path-to-node=\"6,2,0,0\"><b data-path-to-node=\"6,2,0,0\" data-index-in-node=\"0\">Locomo\u00e7\u00e3o<\/b><\/span><\/td>\n<td><span data-path-to-node=\"6,2,1,0\">Tra\u00e7\u00e3o nas quatro rodas (movimento lateral e raio de giro zero)<\/span><\/td>\n<\/tr>\n<tr>\n<td><span data-path-to-node=\"6,3,0,0\"><b data-path-to-node=\"6,3,0,0\" data-index-in-node=\"0\">Velocidade m\u00e1xima<\/b><\/span><\/td>\n<td><span data-path-to-node=\"6,3,1,0\">At\u00e9 5 m\/s<\/span><\/td>\n<\/tr>\n<tr>\n<td><span data-path-to-node=\"6,4,0,0\"><b data-path-to-node=\"6,4,0,0\" data-index-in-node=\"0\">Graus de Liberdade<\/b><\/span><\/td>\n<td><span data-path-to-node=\"6,4,1,0\">22 graus de liberdade no total (7 graus de liberdade por bra\u00e7o + eleva\u00e7\u00e3o\/inclina\u00e7\u00e3o da cintura)<\/span><\/td>\n<\/tr>\n<tr>\n<td><span data-path-to-node=\"6,5,0,0\"><b data-path-to-node=\"6,5,0,0\" data-index-in-node=\"0\">Capacidade de carga \u00fatil<\/b><\/span><\/td>\n<td><span data-path-to-node=\"6,5,1,0\">5 kg por bra\u00e7o<\/span><\/td>\n<\/tr>\n<tr>\n<td><span data-path-to-node=\"6,6,0,0\"><b data-path-to-node=\"6,6,0,0\" data-index-in-node=\"0\">Bateria \/ Autonomia<\/b><\/span><\/td>\n<td><span data-path-to-node=\"6,6,1,0\">2 kWh \/ 5 horas (Suporta troca a quente)<\/span><\/td>\n<\/tr>\n<tr>\n<td><span data-path-to-node=\"6,7,0,0\"><b data-path-to-node=\"6,7,0,0\" data-index-in-node=\"0\">Computa\u00e7\u00e3o de IA<\/b><\/span><\/td>\n<td><span data-path-to-node=\"6,7,1,0\">275 TOPs (Intelig\u00eancia Incorporada)<\/span><\/td>\n<\/tr>\n<\/tbody>\n<\/table>\n<p><a href=\"https:\/\/www.ghostysky.com\/wp-content\/uploads\/2026\/01\/GH_Agibot_A2_W-main1.png\"><img fetchpriority=\"high\" decoding=\"async\" class=\"alignnone wp-image-23857 size-full lazyload\" src=\"data:image\/gif;base64,R0lGODlhAQABAAAAACH5BAEKAAEALAAAAAABAAEAAAICTAEAOw==\" alt=\"\" width=\"1206\" height=\"554\" sizes=\"(max-width: 1206px) 100vw, 1206px\" data-src=\"https:\/\/www.ghostysky.com\/wp-content\/uploads\/2026\/01\/GH_Agibot_A2_W-main1.png\" data-srcset=\"https:\/\/www.ghostysky.com\/wp-content\/uploads\/2026\/01\/GH_Agibot_A2_W-main1.png 1206w, https:\/\/www.ghostysky.com\/wp-content\/uploads\/2026\/01\/GH_Agibot_A2_W-main1-300x138.png 300w, https:\/\/www.ghostysky.com\/wp-content\/uploads\/2026\/01\/GH_Agibot_A2_W-main1-1024x470.png 1024w, https:\/\/www.ghostysky.com\/wp-content\/uploads\/2026\/01\/GH_Agibot_A2_W-main1-768x353.png 768w, https:\/\/www.ghostysky.com\/wp-content\/uploads\/2026\/01\/GH_Agibot_A2_W-main1-18x8.png 18w, https:\/\/www.ghostysky.com\/wp-content\/uploads\/2026\/01\/GH_Agibot_A2_W-main1-720x331.png 720w, https:\/\/www.ghostysky.com\/wp-content\/uploads\/2026\/01\/GH_Agibot_A2_W-main1-600x276.png 600w\"><\/a><\/p>\n<p>&nbsp;<\/p>\n<h3 data-path-to-node=\"8\"><b data-path-to-node=\"8\" data-index-in-node=\"0\">Principais caracter\u00edsticas e funcionalidades<\/b><\/h3>\n<ul data-path-to-node=\"9\">\n<li>\n<p data-path-to-node=\"9,0,0\"><b data-path-to-node=\"9,0,0\" data-index-in-node=\"0\">Colabora\u00e7\u00e3o Bi\u00f4nica de Bra\u00e7os Duplos:<\/b><\/p>\n<p data-path-to-node=\"9,0,0\"><span class=\"citation-199 citation-end-199\">Equipado com bra\u00e7os de sete graus de liberdade, o A2-W pode realizar movimentos paralelos ou ass\u00edncronos.<\/span> <span class=\"citation-198 citation-end-198\">Isso permite manobras complexas de &quot;transfer\u00eancia de responsabilidade&quot; e a capacidade de manipular pe\u00e7as no ar com precis\u00e3o de n\u00edvel industrial.<\/span><\/p>\n<\/li>\n<li>\n<p data-path-to-node=\"9,1,0\"><b data-path-to-node=\"9,1,0\" data-index-in-node=\"0\">Manobrabilidade superior:<\/b><\/p>\n<p data-path-to-node=\"9,1,0\"><span class=\"citation-197\">O chassi com rodas suporta <\/span><b data-path-to-node=\"9,1,0\" data-index-in-node=\"55\"><span class=\"citation-197\">Giro de 360\u00b0 com raio zero<\/span><\/b><span class=\"citation-197\"> e <\/span><b data-path-to-node=\"9,1,0\" data-index-in-node=\"84\"><span class=\"citation-197\">andar de lado<\/span><\/b><span class=\"citation-197 citation-end-197\">.<\/span> <span class=\"citation-196 citation-end-196\">Isso permite que o rob\u00f4 navegue por linhas de produ\u00e7\u00e3o estreitas e corredores de armaz\u00e9m congestionados com muito mais efici\u00eancia do que os modelos b\u00edpedes.<\/span><\/p>\n<\/li>\n<li>\n<p data-path-to-node=\"9,2,0\"><b data-path-to-node=\"9,2,0\" data-index-in-node=\"0\">Percep\u00e7\u00e3o e seguran\u00e7a avan\u00e7adas:<\/b><\/p>\n<p data-path-to-node=\"9,2,0\"><span class=\"citation-195\">A seguran\u00e7a \u00e9 garantida por um sistema de fus\u00e3o multissensor, incluindo <\/span><b data-path-to-node=\"9,2,0\" data-index-in-node=\"90\"><span class=\"citation-195\">Lidar de 360\u00b0, quatro sensores de vis\u00e3o com IA (RGBD\/Olho de Peixe) e sensores de for\u00e7a 6D.<\/span><\/b><span class=\"citation-195 citation-end-195\">.<\/span> <span class=\"citation-194 citation-end-194\">Possui recursos como desvio de obst\u00e1culos em n\u00edvel de milissegundos e detec\u00e7\u00e3o de colis\u00e3o com o bra\u00e7o para trabalhar com seguran\u00e7a ao lado da equipe humana.<\/span><\/p>\n<\/li>\n<li>\n<p data-path-to-node=\"9,3,0\"><b data-path-to-node=\"9,3,0\" data-index-in-node=\"0\">Adapta\u00e7\u00e3o r\u00e1pida \u00e0 tarefa:<\/b><\/p>\n<p data-path-to-node=\"9,3,0\"><span class=\"citation-193\">Alimentado pela tecnologia desenvolvida internamente pela Agibot. <\/span><b data-path-to-node=\"9,3,0\" data-index-in-node=\"58\"><span class=\"citation-193\">ActionGPT<\/span><\/b><span class=\"citation-193\"> e <\/span><b data-path-to-node=\"9,3,0\" data-index-in-node=\"72\"><span class=\"citation-193\">UniGrasp\/UniPlug<\/span><\/b><span class=\"citation-193 citation-end-193\"> Gra\u00e7as aos algoritmos, o A2-W consegue aprender a lidar com novos objetos ou tarefas em quest\u00e3o de horas por meio da s\u00edntese de modelos 3D e do aprendizado por refor\u00e7o.<\/span><\/p>\n<\/li>\n<li>\n<p data-path-to-node=\"9,4,0\"><b data-path-to-node=\"9,4,0\" data-index-in-node=\"0\">Disponibilidade operacional 24 horas por dia, 7 dias por semana:<\/b><\/p>\n<p data-path-to-node=\"9,4,0\"><span class=\"citation-192\">Com um <\/span><b data-path-to-node=\"9,4,0\" data-index-in-node=\"35\"><span class=\"citation-192\">sistema de bateria hot-swappable<\/span><\/b><span class=\"citation-192 citation-end-192\"> Gra\u00e7as aos seus recursos de carregamento aut\u00f4nomo, o A2-W minimiza o tempo de inatividade, garantindo que permane\u00e7a em opera\u00e7\u00e3o durante v\u00e1rios turnos.<\/span><\/p>\n<p>&nbsp;<\/li>\n<\/ul>\n<h3 data-path-to-node=\"11\"><b data-path-to-node=\"11\" data-index-in-node=\"0\">Principais casos de uso<\/b><\/h3>\n<ul data-path-to-node=\"12\">\n<li>\n<p data-path-to-node=\"12,0,0\"><b data-path-to-node=\"12,0,0\" data-index-in-node=\"0\">Montagem Eletr\u00f4nica:<\/b><span class=\"citation-191 citation-end-191\"> Conex\u00e3o e montagem de componentes de alta precis\u00e3o.<\/span><\/p>\n<\/li>\n<li>\n<p data-path-to-node=\"12,1,0\"><b data-path-to-node=\"12,1,0\" data-index-in-node=\"0\">Log\u00edstica e triagem:<\/b> Transporte e organiza\u00e7\u00e3o aut\u00f4nomos dentro de um ecossistema fabril.<\/p>\n<\/li>\n<li>\n<p data-path-to-node=\"12,2,0\"><b data-path-to-node=\"12,2,0\" data-index-in-node=\"0\"><span class=\"citation-190\">Inspe\u00e7\u00e3o Industrial:<\/span><\/b><span class=\"citation-190 citation-end-190\"> Monitoramento m\u00f3vel com vis\u00e3o de IA de alta defini\u00e7\u00e3o.<\/span><\/p>\n<\/li>\n<li>\n<p data-path-to-node=\"12,3,0\"><b data-path-to-node=\"12,3,0\" data-index-in-node=\"0\">Automa\u00e7\u00e3o laboratorial:<\/b> Manuseio de amostras delicadas e opera\u00e7\u00e3o de equipamentos.<\/p>\n<\/li>\n<\/ul>\n<blockquote data-path-to-node=\"14\">\n<p data-path-to-node=\"14,0\"><b data-path-to-node=\"14,0\" data-index-in-node=\"0\">Observa\u00e7\u00e3o:<\/b><span class=\"citation-189\"> O A2-W faz parte de um grupo mais amplo. <\/span><b data-path-to-node=\"14,0\" data-index-in-node=\"38\"><span class=\"citation-189\">Expedi\u00e7\u00e3o A2<\/span><\/b><span class=\"citation-189 citation-end-189\"> s\u00e9rie.<\/span> Enquanto o A2 padr\u00e3o \u00e9 um rob\u00f4 de servi\u00e7o interativo (b\u00edpede), o A2-W \u00e9 o &quot;cavalo de batalha&quot; industrial pesado da fam\u00edlia.<\/p>\n<\/blockquote>","protected":false},"excerpt":{"rendered":"<p class=\"first-token\" data-path-to-node=\"0\"><span class=\"\">O <\/span><b class=\"\" data-path-to-node=\"0\" data-index-in-node=\"4\">Agibot A2-W<\/b><span class=\"\"> \u00e9 um rob\u00f4 humanoide sobre rodas de alto desempenho, projetado especificamente para atender \u00e0s demandas de <\/span><b class=\"\" data-path-to-node=\"0\" data-index-in-node=\"104\">manufatura flex\u00edvel e automa\u00e7\u00e3o industrial<\/b><span class=\"\">.<\/span><span class=\"\"> Ao contr\u00e1rio de seus irm\u00e3os b\u00edpedes,<\/span><span class=\"\"> O A2-W troca a caminhada pela alta velocidade,<\/span><span class=\"\"> chassi com tra\u00e7\u00e3o nas quatro rodas,<\/span><span class=\"\"> tornando-a uma solu\u00e7\u00e3o poderosa para linhas de produ\u00e7\u00e3o onde estabilidade e velocidade s\u00e3o fundamentais.<\/span><\/p>","protected":false},"featured_media":23856,"comment_status":"open","ping_status":"closed","template":"","meta":[],"product_brand":[1345],"product_cat":[1342,1343,1038,1037],"product_tag":[1346,1350,1349],"class_list":{"0":"post-23843","1":"product","2":"type-product","3":"status-publish","4":"has-post-thumbnail","6":"product_brand-agibot","7":"product_cat-agibot","8":"product_cat-agibot-robots","9":"product_cat-humanoid","10":"product_cat-robotics","11":"product_tag-agibot","12":"product_tag-agibot-a2-humanoid","13":"product_tag-agibot-a2-series","15":"first","16":"outofstock","17":"taxable","18":"shipping-taxable","19":"product-type-simple"},"yoast_head":"<!-- This site is optimized with the Yoast SEO plugin v27.1.1 - https:\/\/yoast.com\/product\/yoast-seo-wordpress\/ -->\n<title>Agibot A2 W - Ghostysky<\/title>\n<meta name=\"description\" content=\"The Agibot A2-W is a high-performance wheeled humanoid robot specifically engineered for the demands of flexible manufacturing and industrial automation. Unlike its bipedal siblings, the A2-W trades walking for a high-speed, four-wheel-drive chassis, making it a powerhouse for factory floors where stability and speed are paramount.\" \/>\n<meta name=\"robots\" content=\"index, follow, max-snippet:-1, max-image-preview:large, max-video-preview:-1\" \/>\n<link rel=\"canonical\" href=\"https:\/\/www.ghostysky.com\/pt\/produto-2\/agibot-a2-w\/\" \/>\n<meta property=\"og:locale\" content=\"pt_PT\" \/>\n<meta property=\"og:type\" content=\"article\" \/>\n<meta property=\"og:title\" content=\"Agibot A2 W - Ghostysky\" \/>\n<meta property=\"og:description\" content=\"The Agibot A2-W is a high-performance wheeled humanoid robot specifically engineered for the demands of flexible manufacturing and industrial automation. Unlike its bipedal siblings, the A2-W trades walking for a high-speed, four-wheel-drive chassis, making it a powerhouse for factory floors where stability and speed are paramount.\" \/>\n<meta property=\"og:url\" content=\"https:\/\/www.ghostysky.com\/pt\/produto-2\/agibot-a2-w\/\" \/>\n<meta property=\"og:site_name\" content=\"Ghostysky\" \/>\n<meta property=\"article:publisher\" content=\"https:\/\/www.facebook.com\/people\/Ghostysky\/100057676170234\/\" \/>\n<meta property=\"article:modified_time\" content=\"2026-01-26T17:03:04+00:00\" \/>\n<meta property=\"og:image\" content=\"https:\/\/www.ghostysky.com\/wp-content\/uploads\/2026\/01\/GH_Agibot_A2_W_1.png\" \/>\n\t<meta property=\"og:image:width\" content=\"451\" \/>\n\t<meta property=\"og:image:height\" content=\"654\" \/>\n\t<meta property=\"og:image:type\" content=\"image\/png\" \/>\n<meta name=\"twitter:card\" content=\"summary_large_image\" \/>\n<meta name=\"twitter:site\" content=\"@Gh0stysky\" \/>\n<meta name=\"twitter:label1\" content=\"Tempo estimado de leitura\" \/>\n\t<meta name=\"twitter:data1\" content=\"2 minutos\" \/>\n<script type=\"application\/ld+json\" class=\"yoast-schema-graph\">{\"@context\":\"https:\/\/schema.org\",\"@graph\":[{\"@type\":\"WebPage\",\"@id\":\"https:\/\/www.ghostysky.com\/product\/agibot-a2-w\/\",\"url\":\"https:\/\/www.ghostysky.com\/product\/agibot-a2-w\/\",\"name\":\"Agibot A2 W - Ghostysky\",\"isPartOf\":{\"@id\":\"https:\/\/www.ghostysky.com\/#website\"},\"primaryImageOfPage\":{\"@id\":\"https:\/\/www.ghostysky.com\/product\/agibot-a2-w\/#primaryimage\"},\"image\":{\"@id\":\"https:\/\/www.ghostysky.com\/product\/agibot-a2-w\/#primaryimage\"},\"thumbnailUrl\":\"https:\/\/www.ghostysky.com\/wp-content\/uploads\/2026\/01\/GH_Agibot_A2_W_1.png\",\"datePublished\":\"2026-01-26T16:40:36+00:00\",\"dateModified\":\"2026-01-26T17:03:04+00:00\",\"description\":\"The Agibot A2-W is a high-performance wheeled humanoid robot specifically engineered for the demands of flexible manufacturing and industrial automation. Unlike its bipedal siblings, the A2-W trades walking for a high-speed, four-wheel-drive chassis, making it a powerhouse for factory floors where stability and speed are paramount.\",\"breadcrumb\":{\"@id\":\"https:\/\/www.ghostysky.com\/product\/agibot-a2-w\/#breadcrumb\"},\"inLanguage\":\"pt-PT\",\"potentialAction\":[{\"@type\":\"ReadAction\",\"target\":[\"https:\/\/www.ghostysky.com\/product\/agibot-a2-w\/\"]}]},{\"@type\":\"ImageObject\",\"inLanguage\":\"pt-PT\",\"@id\":\"https:\/\/www.ghostysky.com\/product\/agibot-a2-w\/#primaryimage\",\"url\":\"https:\/\/www.ghostysky.com\/wp-content\/uploads\/2026\/01\/GH_Agibot_A2_W_1.png\",\"contentUrl\":\"https:\/\/www.ghostysky.com\/wp-content\/uploads\/2026\/01\/GH_Agibot_A2_W_1.png\",\"width\":451,\"height\":654},{\"@type\":\"BreadcrumbList\",\"@id\":\"https:\/\/www.ghostysky.com\/product\/agibot-a2-w\/#breadcrumb\",\"itemListElement\":[{\"@type\":\"ListItem\",\"position\":1,\"name\":\"Home\",\"item\":\"https:\/\/www.ghostysky.com\/\"},{\"@type\":\"ListItem\",\"position\":2,\"name\":\"Shop\",\"item\":\"https:\/\/www.ghostysky.com\/shop\/\"},{\"@type\":\"ListItem\",\"position\":3,\"name\":\"Agibot A2 W\"}]},{\"@type\":\"WebSite\",\"@id\":\"https:\/\/www.ghostysky.com\/#website\",\"url\":\"https:\/\/www.ghostysky.com\/\",\"name\":\"Ghostysky\",\"description\":\"Delivering professional drones and services\",\"publisher\":{\"@id\":\"https:\/\/www.ghostysky.com\/#organization\"},\"potentialAction\":[{\"@type\":\"SearchAction\",\"target\":{\"@type\":\"EntryPoint\",\"urlTemplate\":\"https:\/\/www.ghostysky.com\/?s={search_term_string}\"},\"query-input\":{\"@type\":\"PropertyValueSpecification\",\"valueRequired\":true,\"valueName\":\"search_term_string\"}}],\"inLanguage\":\"pt-PT\"},{\"@type\":\"Organization\",\"@id\":\"https:\/\/www.ghostysky.com\/#organization\",\"name\":\"Ghostysky\",\"url\":\"https:\/\/www.ghostysky.com\/\",\"logo\":{\"@type\":\"ImageObject\",\"inLanguage\":\"pt-PT\",\"@id\":\"https:\/\/www.ghostysky.com\/#\/schema\/logo\/image\/\",\"url\":\"https:\/\/www.ghostysky.com\/wp-content\/uploads\/2020\/06\/cropped-ghostyskylogo_text_white2.png\",\"contentUrl\":\"https:\/\/www.ghostysky.com\/wp-content\/uploads\/2020\/06\/cropped-ghostyskylogo_text_white2.png\",\"width\":169,\"height\":56,\"caption\":\"Ghostysky\"},\"image\":{\"@id\":\"https:\/\/www.ghostysky.com\/#\/schema\/logo\/image\/\"},\"sameAs\":[\"https:\/\/www.facebook.com\/people\/Ghostysky\/100057676170234\/\",\"https:\/\/x.com\/Gh0stysky\",\"https:\/\/www.linkedin.com\/company\/34739653\",\"https:\/\/www.instagram.com\/gh0stysky\"]}]}<\/script>\n<!-- \/ Yoast SEO plugin. -->","yoast_head_json":{"title":"Agibot A2 W - Ghostysky","description":"O Agibot A2-W \u00e9 um rob\u00f4 humanoide sobre rodas de alto desempenho, projetado especificamente para atender \u00e0s demandas da manufatura flex\u00edvel e da automa\u00e7\u00e3o industrial. Diferentemente de seus irm\u00e3os b\u00edpedes, o A2-W troca a locomo\u00e7\u00e3o a p\u00e9 por um chassi de alta velocidade com tra\u00e7\u00e3o nas quatro rodas, tornando-o uma m\u00e1quina poderosa para linhas de produ\u00e7\u00e3o onde estabilidade e velocidade s\u00e3o fundamentais.","robots":{"index":"index","follow":"follow","max-snippet":"max-snippet:-1","max-image-preview":"max-image-preview:large","max-video-preview":"max-video-preview:-1"},"canonical":"https:\/\/www.ghostysky.com\/pt\/produto-2\/agibot-a2-w\/","og_locale":"pt_PT","og_type":"article","og_title":"Agibot A2 W - Ghostysky","og_description":"The Agibot A2-W is a high-performance wheeled humanoid robot specifically engineered for the demands of flexible manufacturing and industrial automation. Unlike its bipedal siblings, the A2-W trades walking for a high-speed, four-wheel-drive chassis, making it a powerhouse for factory floors where stability and speed are paramount.","og_url":"https:\/\/www.ghostysky.com\/pt\/produto-2\/agibot-a2-w\/","og_site_name":"Ghostysky","article_publisher":"https:\/\/www.facebook.com\/people\/Ghostysky\/100057676170234\/","article_modified_time":"2026-01-26T17:03:04+00:00","og_image":[{"width":451,"height":654,"url":"https:\/\/www.ghostysky.com\/wp-content\/uploads\/2026\/01\/GH_Agibot_A2_W_1.png","type":"image\/png"}],"twitter_card":"summary_large_image","twitter_site":"@Gh0stysky","twitter_misc":{"Tempo estimado de leitura":"2 minutos"},"schema":{"@context":"https:\/\/schema.org","@graph":[{"@type":"WebPage","@id":"https:\/\/www.ghostysky.com\/product\/agibot-a2-w\/","url":"https:\/\/www.ghostysky.com\/product\/agibot-a2-w\/","name":"Agibot A2 W - Ghostysky","isPartOf":{"@id":"https:\/\/www.ghostysky.com\/#website"},"primaryImageOfPage":{"@id":"https:\/\/www.ghostysky.com\/product\/agibot-a2-w\/#primaryimage"},"image":{"@id":"https:\/\/www.ghostysky.com\/product\/agibot-a2-w\/#primaryimage"},"thumbnailUrl":"https:\/\/www.ghostysky.com\/wp-content\/uploads\/2026\/01\/GH_Agibot_A2_W_1.png","datePublished":"2026-01-26T16:40:36+00:00","dateModified":"2026-01-26T17:03:04+00:00","description":"O Agibot A2-W \u00e9 um rob\u00f4 humanoide sobre rodas de alto desempenho, projetado especificamente para atender \u00e0s demandas da manufatura flex\u00edvel e da automa\u00e7\u00e3o industrial. Diferentemente de seus irm\u00e3os b\u00edpedes, o A2-W troca a locomo\u00e7\u00e3o a p\u00e9 por um chassi de alta velocidade com tra\u00e7\u00e3o nas quatro rodas, tornando-o uma m\u00e1quina poderosa para linhas de produ\u00e7\u00e3o onde estabilidade e velocidade s\u00e3o fundamentais.","breadcrumb":{"@id":"https:\/\/www.ghostysky.com\/product\/agibot-a2-w\/#breadcrumb"},"inLanguage":"pt-PT","potentialAction":[{"@type":"ReadAction","target":["https:\/\/www.ghostysky.com\/product\/agibot-a2-w\/"]}]},{"@type":"ImageObject","inLanguage":"pt-PT","@id":"https:\/\/www.ghostysky.com\/product\/agibot-a2-w\/#primaryimage","url":"https:\/\/www.ghostysky.com\/wp-content\/uploads\/2026\/01\/GH_Agibot_A2_W_1.png","contentUrl":"https:\/\/www.ghostysky.com\/wp-content\/uploads\/2026\/01\/GH_Agibot_A2_W_1.png","width":451,"height":654},{"@type":"BreadcrumbList","@id":"https:\/\/www.ghostysky.com\/product\/agibot-a2-w\/#breadcrumb","itemListElement":[{"@type":"ListItem","position":1,"name":"Home","item":"https:\/\/www.ghostysky.com\/"},{"@type":"ListItem","position":2,"name":"Shop","item":"https:\/\/www.ghostysky.com\/shop\/"},{"@type":"ListItem","position":3,"name":"Agibot A2 W"}]},{"@type":"WebSite","@id":"https:\/\/www.ghostysky.com\/#website","url":"https:\/\/www.ghostysky.com\/","name":"Ghostysky","description":"Fornecendo drones e servi\u00e7os profissionais","publisher":{"@id":"https:\/\/www.ghostysky.com\/#organization"},"potentialAction":[{"@type":"SearchAction","target":{"@type":"EntryPoint","urlTemplate":"https:\/\/www.ghostysky.com\/?s={search_term_string}"},"query-input":{"@type":"PropertyValueSpecification","valueRequired":true,"valueName":"search_term_string"}}],"inLanguage":"pt-PT"},{"@type":"Organization","@id":"https:\/\/www.ghostysky.com\/#organization","name":"Ghostysky","url":"https:\/\/www.ghostysky.com\/","logo":{"@type":"ImageObject","inLanguage":"pt-PT","@id":"https:\/\/www.ghostysky.com\/#\/schema\/logo\/image\/","url":"https:\/\/www.ghostysky.com\/wp-content\/uploads\/2020\/06\/cropped-ghostyskylogo_text_white2.png","contentUrl":"https:\/\/www.ghostysky.com\/wp-content\/uploads\/2020\/06\/cropped-ghostyskylogo_text_white2.png","width":169,"height":56,"caption":"Ghostysky"},"image":{"@id":"https:\/\/www.ghostysky.com\/#\/schema\/logo\/image\/"},"sameAs":["https:\/\/www.facebook.com\/people\/Ghostysky\/100057676170234\/","https:\/\/x.com\/Gh0stysky","https:\/\/www.linkedin.com\/company\/34739653","https:\/\/www.instagram.com\/gh0stysky"]}]}},"_links":{"self":[{"href":"https:\/\/www.ghostysky.com\/pt\/wp-json\/wp\/v2\/product\/23843","targetHints":{"allow":["GET"]}}],"collection":[{"href":"https:\/\/www.ghostysky.com\/pt\/wp-json\/wp\/v2\/product"}],"about":[{"href":"https:\/\/www.ghostysky.com\/pt\/wp-json\/wp\/v2\/types\/product"}],"replies":[{"embeddable":true,"href":"https:\/\/www.ghostysky.com\/pt\/wp-json\/wp\/v2\/comments?post=23843"}],"wp:featuredmedia":[{"embeddable":true,"href":"https:\/\/www.ghostysky.com\/pt\/wp-json\/wp\/v2\/media\/23856"}],"wp:attachment":[{"href":"https:\/\/www.ghostysky.com\/pt\/wp-json\/wp\/v2\/media?parent=23843"}],"wp:term":[{"taxonomy":"product_brand","embeddable":true,"href":"https:\/\/www.ghostysky.com\/pt\/wp-json\/wp\/v2\/product_brand?post=23843"},{"taxonomy":"product_cat","embeddable":true,"href":"https:\/\/www.ghostysky.com\/pt\/wp-json\/wp\/v2\/product_cat?post=23843"},{"taxonomy":"product_tag","embeddable":true,"href":"https:\/\/www.ghostysky.com\/pt\/wp-json\/wp\/v2\/product_tag?post=23843"}],"curies":[{"name":"wp","href":"https:\/\/api.w.org\/{rel}","templated":true}]}}