{"id":23858,"date":"2026-01-26T17:08:36","date_gmt":"2026-01-26T17:08:36","guid":{"rendered":"https:\/\/www.ghostysky.com\/?post_type=product&#038;p=23858"},"modified":"2026-01-26T17:18:38","modified_gmt":"2026-01-26T17:18:38","slug":"agibot-c5-cleaning-robot","status":"publish","type":"product","link":"https:\/\/www.ghostysky.com\/pt\/product\/agibot-c5-cleaning-robot\/","title":{"rendered":"Rob\u00f4 de limpeza Agibot C5"},"content":{"rendered":"<h3 data-path-to-node=\"4\"><b data-path-to-node=\"4\" data-index-in-node=\"4\">Principais recursos e capacidades<\/b><\/h3>\n<ul data-path-to-node=\"5\">\n<li>\n<p data-path-to-node=\"5,0,0\"><b data-path-to-node=\"5,0,0\" data-index-in-node=\"0\">Versatilidade 3 em 1:<\/b><span class=\"citation-243\"> Integra-se perfeitamente <\/span><b data-path-to-node=\"5,0,0\" data-index-in-node=\"42\"><span class=\"citation-243\">varrer, esfregar e passar pano para tirar o p\u00f3<\/span><\/b><span class=\"citation-243 citation-end-243\">.<\/span> \u00c9 equipado com uma estrutura de escova de rolo duplo que permite aspirar e esfregar em uma \u00fanica passada.<\/p>\n<\/li>\n<li>\n<p data-path-to-node=\"5,1,0\"><b data-path-to-node=\"5,1,0\" data-index-in-node=\"0\"><span class=\"citation-242\">Desempenho robusto:<\/span><\/b><span class=\"citation-242\"> Oferece um poderoso <\/span><b data-path-to-node=\"5,1,0\" data-index-in-node=\"44\"><span class=\"citation-242\">25 kg de press\u00e3o de esfrega\u00e7\u00e3o<\/span><\/b><span class=\"citation-242 citation-end-242\"> e apresenta um design de rodo de c\u00e2mara dupla in\u00e9dito no setor, garantindo que os pisos fiquem secos e sem marcas.<\/span><\/p>\n<\/li>\n<li>\n<p data-path-to-node=\"5,2,0\"><b data-path-to-node=\"5,2,0\" data-index-in-node=\"0\"><span class=\"citation-241\">Autonomia Inteligente:<\/span><\/b><span class=\"citation-241\"> Alimentado pela tecnologia \u201cAgibot Autonomy\u201d, ele utiliza <\/span><b data-path-to-node=\"5,2,0\" data-index-in-node=\"60\"><span class=\"citation-241\">Fus\u00e3o de Vis\u00e3o a Laser<\/span><\/b><span class=\"citation-241 citation-end-241\"> e percep\u00e7\u00e3o visual de nuvens de pontos para navegar em layouts complexos e evitar obst\u00e1culos em tempo real.<\/span><\/p>\n<\/li>\n<li>\n<p data-path-to-node=\"5,3,0\"><b data-path-to-node=\"5,3,0\" data-index-in-node=\"0\"><span class=\"citation-240\">Esta\u00e7\u00e3o de trabalho de manuten\u00e7\u00e3o inteligente:<\/span><\/b><span class=\"citation-240 citation-end-240\"> A esta\u00e7\u00e3o de acoplamento opcional automatiza o &quot;trabalho sujo&quot;.<\/span> <span class=\"citation-239\">Ele lida com isso. <\/span><b data-path-to-node=\"5,3,0\" data-index-in-node=\"99\"><span class=\"citation-239\">carregamento autom\u00e1tico, reabastecimento de \u00e1gua, drenagem de \u00e1guas residuais<\/span><\/b><span class=\"citation-239 citation-end-239\">E at\u00e9 enx\u00e1gua o tanque de esgoto para evitar odores.<\/span><\/p>\n<\/li>\n<li>\n<p data-path-to-node=\"5,4,0\"><b data-path-to-node=\"5,4,0\" data-index-in-node=\"0\"><span class=\"citation-238\">Alta efici\u00eancia:<\/span><\/b><span class=\"citation-238\"> Com uma largura de limpeza de <\/span><b data-path-to-node=\"5,4,0\" data-index-in-node=\"42\"><span class=\"citation-238\">550 mm<\/span><\/b><span class=\"citation-238\">, pode cobrir at\u00e9 <\/span><b data-path-to-node=\"5,4,0\" data-index-in-node=\"68\"><span class=\"citation-238 citation-end-238\">1,980 <\/span><span class=\"math-inline\" data-math=\"m^2\/h\" data-index-in-node=\"74\">$m^2\/h$<\/span><\/b><span class=\"citation-237 citation-end-237\">, tornando-o ideal para zonas de grande circula\u00e7\u00e3o.<\/span><\/p>\n<\/li>\n<li>\n<p data-path-to-node=\"5,5,0\"><b data-path-to-node=\"5,5,0\" data-index-in-node=\"0\"><span class=\"citation-236\">Integra\u00e7\u00e3o inteligente:<\/span><\/b><span class=\"citation-236\"> Suportes <\/span><b data-path-to-node=\"5,5,0\" data-index-in-node=\"28\"><span class=\"citation-236\">liga\u00e7\u00e3o de elevadores e controle de acesso<\/span><\/b><span class=\"citation-236 citation-end-236\">, permitindo que o rob\u00f4 se mova entre andares e atravesse portas seguras de forma independente.<\/span><\/p>\n<p>&nbsp;<\/li>\n<\/ul>\n<h3 data-path-to-node=\"7\"><b data-path-to-node=\"7\" data-index-in-node=\"4\">Especifica\u00e7\u00f5es t\u00e9cnicas<\/b><\/h3>\n<table data-path-to-node=\"8\">\n<thead>\n<tr>\n<td><strong>Recurso<\/strong><\/td>\n<td><strong>Especifica\u00e7\u00f5es<\/strong><\/td>\n<\/tr>\n<\/thead>\n<tbody>\n<tr>\n<td><span data-path-to-node=\"8,1,0,0\"><b data-path-to-node=\"8,1,0,0\" data-index-in-node=\"0\">Fun\u00e7\u00f5es de limpeza<\/b><\/span><\/td>\n<td><span data-path-to-node=\"8,1,1,0\">Varredura, esfrega\u00e7\u00e3o, limpeza a seco<\/span><\/td>\n<\/tr>\n<tr>\n<td><span data-path-to-node=\"8,2,0,0\"><b data-path-to-node=\"8,2,0,0\" data-index-in-node=\"0\">Efici\u00eancia de limpeza<\/b><\/span><\/td>\n<td><span data-path-to-node=\"8,2,1,0\">At\u00e9 1.980 <span class=\"math-inline\" data-math=\"m^2\/h\" data-index-in-node=\"12\">m\u00b2\/h<\/span><\/span><\/td>\n<\/tr>\n<tr>\n<td><span data-path-to-node=\"8,3,0,0\"><b data-path-to-node=\"8,3,0,0\" data-index-in-node=\"0\">Capacidade do tanque de \u00e1gua<\/b><\/span><\/td>\n<td><span data-path-to-node=\"8,3,1,0\">90L (Total) \/ 45L de \u00c1gua Limpa + 45L de Res\u00edduos<\/span><\/td>\n<\/tr>\n<tr>\n<td><span data-path-to-node=\"8,4,0,0\"><b data-path-to-node=\"8,4,0,0\" data-index-in-node=\"0\">Press\u00e3o de lavagem<\/b><\/span><\/td>\n<td><span data-path-to-node=\"8,4,1,0\">25 kg<\/span><\/td>\n<\/tr>\n<tr>\n<td><span data-path-to-node=\"8,5,0,0\"><b data-path-to-node=\"8,5,0,0\" data-index-in-node=\"0\">Dura\u00e7\u00e3o da bateria<\/b><\/span><\/td>\n<td><span data-path-to-node=\"8,5,1,0\">Aproximadamente 3 horas (esfregar) \/ Aproximadamente 8 horas (lavar com pano)<\/span><\/td>\n<\/tr>\n<tr>\n<td><span data-path-to-node=\"8,6,0,0\"><b data-path-to-node=\"8,6,0,0\" data-index-in-node=\"0\">Tempo de carregamento<\/b><\/span><\/td>\n<td><span data-path-to-node=\"8,6,1,0\">1,5 horas (Carregamento R\u00e1pido)<\/span><\/td>\n<\/tr>\n<tr>\n<td><span data-path-to-node=\"8,7,0,0\"><b data-path-to-node=\"8,7,0,0\" data-index-in-node=\"0\">Vida \u00fatil do f\u00e3<\/b><\/span><\/td>\n<td><span data-path-to-node=\"8,7,1,0\">10.000 horas<\/span><\/td>\n<\/tr>\n<tr>\n<td><span data-path-to-node=\"8,8,0,0\"><b data-path-to-node=\"8,8,0,0\" data-index-in-node=\"0\">Velocidade m\u00e1xima<\/b><\/span><\/td>\n<td><span data-path-to-node=\"8,8,1,0\">1,2 m\/s<\/span><\/td>\n<\/tr>\n<tr>\n<td><span data-path-to-node=\"8,9,0,0\"><b data-path-to-node=\"8,9,0,0\" data-index-in-node=\"0\">Navega\u00e7\u00e3o<\/b><\/span><\/td>\n<td><span data-path-to-node=\"8,9,1,0\">Fus\u00e3o de LiDAR e Vis\u00e3o Estereosc\u00f3pica<\/span><\/td>\n<\/tr>\n<\/tbody>\n<\/table>\n<p>&nbsp;<\/p>\n<h3 data-path-to-node=\"10\"><b data-path-to-node=\"10\" data-index-in-node=\"4\">Por que escolher o Agibot C5?<\/b><\/h3>\n<p data-path-to-node=\"11\">O Agibot C5 n\u00e3o \u00e9 apenas um aspirador de p\u00f3; \u00e9 um <b data-path-to-node=\"11\" data-index-in-node=\"42\">multiplicador de for\u00e7a de trabalho<\/b>. <span class=\"citation-235 citation-end-235\">Ao automatizar a limpeza rotineira de pisos, permite que as instala\u00e7\u00f5es reduzam os custos de m\u00e3o de obra em mais de 70% em grandes espa\u00e7os.<\/span> <span class=\"citation-234 citation-end-234\">Seu design dur\u00e1vel \u2014 com um ventilador projetado para 10.000 horas de uso \u2014 garante um baixo custo total de propriedade e um r\u00e1pido retorno do investimento.<\/span><\/p>\n<blockquote data-path-to-node=\"12\">\n<p data-path-to-node=\"12,0\"><b data-path-to-node=\"12,0\" data-index-in-node=\"0\"><span class=\"citation-233\">Dica profissional:<\/span><\/b><span class=\"citation-233\"> Para instala\u00e7\u00f5es sem f\u00e1cil acesso a encanamento, o C5 pode ser equipado com um <\/span><b data-path-to-node=\"12,0\" data-index-in-node=\"87\"><span class=\"citation-233\">tanque de \u00e1gua m\u00f3vel<\/span><\/b><span class=\"citation-233 citation-end-233\">, permitindo que voc\u00ea implemente a limpeza aut\u00f4noma sem reformas caras.<\/span><\/p>\n<\/blockquote>","protected":false},"excerpt":{"rendered":"<p data-path-to-node=\"1\"><span class=\"\">O <\/span><b class=\"\" data-path-to-node=\"1\" data-index-in-node=\"4\">Agibot C5<\/b><span class=\"\"> \u00e9 de alto desempenho,<\/span><span class=\"\"> Rob\u00f4 de limpeza de n\u00edvel industrial projetado para ambientes de m\u00e9dio a grande porte.<\/span><span class=\"\"> Combinando varredura,<\/span><span class=\"\"> esfregando,<\/span><span class=\"\"> e limpeza de p\u00f3 em uma \u00fanica unidade aut\u00f4noma,<\/span><span class=\"\"> O C5 foi projetado para lidar com sujeira pesada, operando com interven\u00e7\u00e3o humana m\u00ednima.<\/span><\/p>\n<p data-path-to-node=\"2\"><span class=\"\">Seja um terminal de aeroporto,<\/span><span class=\"\"> um corredor movimentado de hospital,<\/span><span class=\"\"> ou um enorme armaz\u00e9m industrial,<\/span><span class=\"\"> O Agibot C5 oferece um desempenho consistente,<\/span><span class=\"\"> Limpeza profissional que os m\u00e9todos tradicionais simplesmente n\u00e3o conseguem igualar.<\/span><\/p>","protected":false},"featured_media":23864,"comment_status":"open","ping_status":"closed","template":"","meta":[],"product_brand":[1345],"product_cat":[1342,1343,1038,1037],"product_tag":[1346,1352],"class_list":{"0":"post-23858","1":"product","2":"type-product","3":"status-publish","4":"has-post-thumbnail","6":"product_brand-agibot","7":"product_cat-agibot","8":"product_cat-agibot-robots","9":"product_cat-humanoid","10":"product_cat-robotics","11":"product_tag-agibot","12":"product_tag-agibot-c5-series","14":"first","15":"outofstock","16":"taxable","17":"shipping-taxable","18":"product-type-simple"},"yoast_head":"<!-- This site is optimized with the Yoast SEO plugin v27.1.1 - https:\/\/yoast.com\/product\/yoast-seo-wordpress\/ -->\n<title>Agibot C5 Cleaning Robot - Ghostysky<\/title>\n<meta name=\"description\" content=\"The Agibot C5 is a high-performance, industrial-grade cleaning robot designed for medium to large-scale environments. Combining sweeping, scrubbing, and dust mopping into a single autonomous unit, the C5 is engineered to tackle heavy-duty grime while operating with minimal human intervention.Whether it&#039;s an airport terminal, a busy hospital corridor, or a massive industrial warehouse, the Agibot C5 delivers a consistent, professional clean that traditional methods simply can\u2019t match.\" \/>\n<meta name=\"robots\" content=\"index, follow, max-snippet:-1, max-image-preview:large, max-video-preview:-1\" \/>\n<link rel=\"canonical\" href=\"https:\/\/www.ghostysky.com\/pt\/produto-2\/agibot-c5-cleaning-robot\/\" \/>\n<meta property=\"og:locale\" content=\"pt_PT\" \/>\n<meta property=\"og:type\" content=\"article\" \/>\n<meta property=\"og:title\" content=\"Agibot C5 Cleaning Robot - Ghostysky\" \/>\n<meta property=\"og:description\" content=\"The Agibot C5 is a high-performance, industrial-grade cleaning robot designed for medium to large-scale environments. Combining sweeping, scrubbing, and dust mopping into a single autonomous unit, the C5 is engineered to tackle heavy-duty grime while operating with minimal human intervention.Whether it&#039;s an airport terminal, a busy hospital corridor, or a massive industrial warehouse, the Agibot C5 delivers a consistent, professional clean that traditional methods simply can\u2019t match.\" \/>\n<meta property=\"og:url\" content=\"https:\/\/www.ghostysky.com\/pt\/produto-2\/agibot-c5-cleaning-robot\/\" \/>\n<meta property=\"og:site_name\" content=\"Ghostysky\" \/>\n<meta property=\"article:publisher\" content=\"https:\/\/www.facebook.com\/people\/Ghostysky\/100057676170234\/\" \/>\n<meta property=\"article:modified_time\" content=\"2026-01-26T17:18:38+00:00\" \/>\n<meta property=\"og:image\" content=\"https:\/\/www.ghostysky.com\/wp-content\/uploads\/2026\/01\/GH_Agibot_C5_1.png\" \/>\n\t<meta property=\"og:image:width\" content=\"451\" \/>\n\t<meta property=\"og:image:height\" content=\"654\" \/>\n\t<meta property=\"og:image:type\" content=\"image\/png\" \/>\n<meta name=\"twitter:card\" content=\"summary_large_image\" \/>\n<meta name=\"twitter:site\" content=\"@Gh0stysky\" \/>\n<meta name=\"twitter:label1\" content=\"Tempo estimado de leitura\" \/>\n\t<meta name=\"twitter:data1\" content=\"2 minutos\" \/>\n<script type=\"application\/ld+json\" class=\"yoast-schema-graph\">{\"@context\":\"https:\/\/schema.org\",\"@graph\":[{\"@type\":\"WebPage\",\"@id\":\"https:\/\/www.ghostysky.com\/product\/agibot-c5-cleaning-robot\/\",\"url\":\"https:\/\/www.ghostysky.com\/product\/agibot-c5-cleaning-robot\/\",\"name\":\"Agibot C5 Cleaning Robot - Ghostysky\",\"isPartOf\":{\"@id\":\"https:\/\/www.ghostysky.com\/#website\"},\"primaryImageOfPage\":{\"@id\":\"https:\/\/www.ghostysky.com\/product\/agibot-c5-cleaning-robot\/#primaryimage\"},\"image\":{\"@id\":\"https:\/\/www.ghostysky.com\/product\/agibot-c5-cleaning-robot\/#primaryimage\"},\"thumbnailUrl\":\"https:\/\/www.ghostysky.com\/wp-content\/uploads\/2026\/01\/GH_Agibot_C5_1.png\",\"datePublished\":\"2026-01-26T17:08:36+00:00\",\"dateModified\":\"2026-01-26T17:18:38+00:00\",\"description\":\"The Agibot C5 is a high-performance, industrial-grade cleaning robot designed for medium to large-scale environments. Combining sweeping, scrubbing, and dust mopping into a single autonomous unit, the C5 is engineered to tackle heavy-duty grime while operating with minimal human intervention.Whether it's an airport terminal, a busy hospital corridor, or a massive industrial warehouse, the Agibot C5 delivers a consistent, professional clean that traditional methods simply can\u2019t match.\",\"breadcrumb\":{\"@id\":\"https:\/\/www.ghostysky.com\/product\/agibot-c5-cleaning-robot\/#breadcrumb\"},\"inLanguage\":\"pt-PT\",\"potentialAction\":[{\"@type\":\"ReadAction\",\"target\":[\"https:\/\/www.ghostysky.com\/product\/agibot-c5-cleaning-robot\/\"]}]},{\"@type\":\"ImageObject\",\"inLanguage\":\"pt-PT\",\"@id\":\"https:\/\/www.ghostysky.com\/product\/agibot-c5-cleaning-robot\/#primaryimage\",\"url\":\"https:\/\/www.ghostysky.com\/wp-content\/uploads\/2026\/01\/GH_Agibot_C5_1.png\",\"contentUrl\":\"https:\/\/www.ghostysky.com\/wp-content\/uploads\/2026\/01\/GH_Agibot_C5_1.png\",\"width\":451,\"height\":654},{\"@type\":\"BreadcrumbList\",\"@id\":\"https:\/\/www.ghostysky.com\/product\/agibot-c5-cleaning-robot\/#breadcrumb\",\"itemListElement\":[{\"@type\":\"ListItem\",\"position\":1,\"name\":\"Home\",\"item\":\"https:\/\/www.ghostysky.com\/\"},{\"@type\":\"ListItem\",\"position\":2,\"name\":\"Shop\",\"item\":\"https:\/\/www.ghostysky.com\/shop\/\"},{\"@type\":\"ListItem\",\"position\":3,\"name\":\"Agibot C5 Cleaning Robot\"}]},{\"@type\":\"WebSite\",\"@id\":\"https:\/\/www.ghostysky.com\/#website\",\"url\":\"https:\/\/www.ghostysky.com\/\",\"name\":\"Ghostysky\",\"description\":\"Delivering professional drones and services\",\"publisher\":{\"@id\":\"https:\/\/www.ghostysky.com\/#organization\"},\"potentialAction\":[{\"@type\":\"SearchAction\",\"target\":{\"@type\":\"EntryPoint\",\"urlTemplate\":\"https:\/\/www.ghostysky.com\/?s={search_term_string}\"},\"query-input\":{\"@type\":\"PropertyValueSpecification\",\"valueRequired\":true,\"valueName\":\"search_term_string\"}}],\"inLanguage\":\"pt-PT\"},{\"@type\":\"Organization\",\"@id\":\"https:\/\/www.ghostysky.com\/#organization\",\"name\":\"Ghostysky\",\"url\":\"https:\/\/www.ghostysky.com\/\",\"logo\":{\"@type\":\"ImageObject\",\"inLanguage\":\"pt-PT\",\"@id\":\"https:\/\/www.ghostysky.com\/#\/schema\/logo\/image\/\",\"url\":\"https:\/\/www.ghostysky.com\/wp-content\/uploads\/2020\/06\/cropped-ghostyskylogo_text_white2.png\",\"contentUrl\":\"https:\/\/www.ghostysky.com\/wp-content\/uploads\/2020\/06\/cropped-ghostyskylogo_text_white2.png\",\"width\":169,\"height\":56,\"caption\":\"Ghostysky\"},\"image\":{\"@id\":\"https:\/\/www.ghostysky.com\/#\/schema\/logo\/image\/\"},\"sameAs\":[\"https:\/\/www.facebook.com\/people\/Ghostysky\/100057676170234\/\",\"https:\/\/x.com\/Gh0stysky\",\"https:\/\/www.linkedin.com\/company\/34739653\",\"https:\/\/www.instagram.com\/gh0stysky\"]}]}<\/script>\n<!-- \/ Yoast SEO plugin. -->","yoast_head_json":{"title":"Rob\u00f4 de limpeza Agibot C5 - Ghostysky","description":"O Agibot C5 \u00e9 um rob\u00f4 de limpeza industrial de alto desempenho, projetado para ambientes de m\u00e9dio a grande porte. Combinando varri\u00e7\u00e3o, lavagem e remo\u00e7\u00e3o de poeira em uma \u00fanica unidade aut\u00f4noma, o C5 foi projetado para lidar com sujeira pesada, operando com m\u00ednima interven\u00e7\u00e3o humana. Seja em um terminal de aeroporto, um corredor movimentado de hospital ou um enorme armaz\u00e9m industrial, o Agibot C5 oferece uma limpeza consistente e profissional que os m\u00e9todos tradicionais simplesmente n\u00e3o conseguem igualar.","robots":{"index":"index","follow":"follow","max-snippet":"max-snippet:-1","max-image-preview":"max-image-preview:large","max-video-preview":"max-video-preview:-1"},"canonical":"https:\/\/www.ghostysky.com\/pt\/produto-2\/agibot-c5-cleaning-robot\/","og_locale":"pt_PT","og_type":"article","og_title":"Agibot C5 Cleaning Robot - Ghostysky","og_description":"The Agibot C5 is a high-performance, industrial-grade cleaning robot designed for medium to large-scale environments. Combining sweeping, scrubbing, and dust mopping into a single autonomous unit, the C5 is engineered to tackle heavy-duty grime while operating with minimal human intervention.Whether it's an airport terminal, a busy hospital corridor, or a massive industrial warehouse, the Agibot C5 delivers a consistent, professional clean that traditional methods simply can\u2019t match.","og_url":"https:\/\/www.ghostysky.com\/pt\/produto-2\/agibot-c5-cleaning-robot\/","og_site_name":"Ghostysky","article_publisher":"https:\/\/www.facebook.com\/people\/Ghostysky\/100057676170234\/","article_modified_time":"2026-01-26T17:18:38+00:00","og_image":[{"width":451,"height":654,"url":"https:\/\/www.ghostysky.com\/wp-content\/uploads\/2026\/01\/GH_Agibot_C5_1.png","type":"image\/png"}],"twitter_card":"summary_large_image","twitter_site":"@Gh0stysky","twitter_misc":{"Tempo estimado de leitura":"2 minutos"},"schema":{"@context":"https:\/\/schema.org","@graph":[{"@type":"WebPage","@id":"https:\/\/www.ghostysky.com\/product\/agibot-c5-cleaning-robot\/","url":"https:\/\/www.ghostysky.com\/product\/agibot-c5-cleaning-robot\/","name":"Rob\u00f4 de limpeza Agibot C5 - Ghostysky","isPartOf":{"@id":"https:\/\/www.ghostysky.com\/#website"},"primaryImageOfPage":{"@id":"https:\/\/www.ghostysky.com\/product\/agibot-c5-cleaning-robot\/#primaryimage"},"image":{"@id":"https:\/\/www.ghostysky.com\/product\/agibot-c5-cleaning-robot\/#primaryimage"},"thumbnailUrl":"https:\/\/www.ghostysky.com\/wp-content\/uploads\/2026\/01\/GH_Agibot_C5_1.png","datePublished":"2026-01-26T17:08:36+00:00","dateModified":"2026-01-26T17:18:38+00:00","description":"O Agibot C5 \u00e9 um rob\u00f4 de limpeza industrial de alto desempenho, projetado para ambientes de m\u00e9dio a grande porte. Combinando varri\u00e7\u00e3o, lavagem e remo\u00e7\u00e3o de poeira em uma \u00fanica unidade aut\u00f4noma, o C5 foi projetado para lidar com sujeira pesada, operando com m\u00ednima interven\u00e7\u00e3o humana. Seja em um terminal de aeroporto, um corredor movimentado de hospital ou um enorme armaz\u00e9m industrial, o Agibot C5 oferece uma limpeza consistente e profissional que os m\u00e9todos tradicionais simplesmente n\u00e3o conseguem igualar.","breadcrumb":{"@id":"https:\/\/www.ghostysky.com\/product\/agibot-c5-cleaning-robot\/#breadcrumb"},"inLanguage":"pt-PT","potentialAction":[{"@type":"ReadAction","target":["https:\/\/www.ghostysky.com\/product\/agibot-c5-cleaning-robot\/"]}]},{"@type":"ImageObject","inLanguage":"pt-PT","@id":"https:\/\/www.ghostysky.com\/product\/agibot-c5-cleaning-robot\/#primaryimage","url":"https:\/\/www.ghostysky.com\/wp-content\/uploads\/2026\/01\/GH_Agibot_C5_1.png","contentUrl":"https:\/\/www.ghostysky.com\/wp-content\/uploads\/2026\/01\/GH_Agibot_C5_1.png","width":451,"height":654},{"@type":"BreadcrumbList","@id":"https:\/\/www.ghostysky.com\/product\/agibot-c5-cleaning-robot\/#breadcrumb","itemListElement":[{"@type":"ListItem","position":1,"name":"Home","item":"https:\/\/www.ghostysky.com\/"},{"@type":"ListItem","position":2,"name":"Shop","item":"https:\/\/www.ghostysky.com\/shop\/"},{"@type":"ListItem","position":3,"name":"Agibot C5 Cleaning Robot"}]},{"@type":"WebSite","@id":"https:\/\/www.ghostysky.com\/#website","url":"https:\/\/www.ghostysky.com\/","name":"Ghostysky","description":"Fornecendo drones e servi\u00e7os profissionais","publisher":{"@id":"https:\/\/www.ghostysky.com\/#organization"},"potentialAction":[{"@type":"SearchAction","target":{"@type":"EntryPoint","urlTemplate":"https:\/\/www.ghostysky.com\/?s={search_term_string}"},"query-input":{"@type":"PropertyValueSpecification","valueRequired":true,"valueName":"search_term_string"}}],"inLanguage":"pt-PT"},{"@type":"Organization","@id":"https:\/\/www.ghostysky.com\/#organization","name":"Ghostysky","url":"https:\/\/www.ghostysky.com\/","logo":{"@type":"ImageObject","inLanguage":"pt-PT","@id":"https:\/\/www.ghostysky.com\/#\/schema\/logo\/image\/","url":"https:\/\/www.ghostysky.com\/wp-content\/uploads\/2020\/06\/cropped-ghostyskylogo_text_white2.png","contentUrl":"https:\/\/www.ghostysky.com\/wp-content\/uploads\/2020\/06\/cropped-ghostyskylogo_text_white2.png","width":169,"height":56,"caption":"Ghostysky"},"image":{"@id":"https:\/\/www.ghostysky.com\/#\/schema\/logo\/image\/"},"sameAs":["https:\/\/www.facebook.com\/people\/Ghostysky\/100057676170234\/","https:\/\/x.com\/Gh0stysky","https:\/\/www.linkedin.com\/company\/34739653","https:\/\/www.instagram.com\/gh0stysky"]}]}},"_links":{"self":[{"href":"https:\/\/www.ghostysky.com\/pt\/wp-json\/wp\/v2\/product\/23858","targetHints":{"allow":["GET"]}}],"collection":[{"href":"https:\/\/www.ghostysky.com\/pt\/wp-json\/wp\/v2\/product"}],"about":[{"href":"https:\/\/www.ghostysky.com\/pt\/wp-json\/wp\/v2\/types\/product"}],"replies":[{"embeddable":true,"href":"https:\/\/www.ghostysky.com\/pt\/wp-json\/wp\/v2\/comments?post=23858"}],"wp:featuredmedia":[{"embeddable":true,"href":"https:\/\/www.ghostysky.com\/pt\/wp-json\/wp\/v2\/media\/23864"}],"wp:attachment":[{"href":"https:\/\/www.ghostysky.com\/pt\/wp-json\/wp\/v2\/media?parent=23858"}],"wp:term":[{"taxonomy":"product_brand","embeddable":true,"href":"https:\/\/www.ghostysky.com\/pt\/wp-json\/wp\/v2\/product_brand?post=23858"},{"taxonomy":"product_cat","embeddable":true,"href":"https:\/\/www.ghostysky.com\/pt\/wp-json\/wp\/v2\/product_cat?post=23858"},{"taxonomy":"product_tag","embeddable":true,"href":"https:\/\/www.ghostysky.com\/pt\/wp-json\/wp\/v2\/product_tag?post=23858"}],"curies":[{"name":"wp","href":"https:\/\/api.w.org\/{rel}","templated":true}]}}