{"id":23873,"date":"2026-01-26T17:27:01","date_gmt":"2026-01-26T17:27:01","guid":{"rendered":"https:\/\/www.ghostysky.com\/?post_type=product&#038;p=23873"},"modified":"2026-01-26T17:42:46","modified_gmt":"2026-01-26T17:42:46","slug":"agibot-omnihand-2025","status":"publish","type":"product","link":"https:\/\/www.ghostysky.com\/pt\/product\/agibot-omnihand-2025\/","title":{"rendered":"Agibot OmniHand 2025"},"content":{"rendered":"<h3 data-path-to-node=\"3\"><a style=\"font-size: 16px;\" href=\"https:\/\/www.ghostysky.com\/wp-content\/uploads\/2026\/01\/GH_Agibot_OmniHand_O10_1.png\"><img fetchpriority=\"high\" decoding=\"async\" class=\"alignnone wp-image-23878 size-full lazyload\" src=\"data:image\/gif;base64,R0lGODlhAQABAAAAACH5BAEKAAEALAAAAAABAAEAAAICTAEAOw==\" alt=\"\" width=\"1109\" height=\"242\" sizes=\"(max-width: 1109px) 100vw, 1109px\" data-src=\"https:\/\/www.ghostysky.com\/wp-content\/uploads\/2026\/01\/GH_Agibot_OmniHand_O10_1.png\" data-srcset=\"https:\/\/www.ghostysky.com\/wp-content\/uploads\/2026\/01\/GH_Agibot_OmniHand_O10_1.png 1109w, https:\/\/www.ghostysky.com\/wp-content\/uploads\/2026\/01\/GH_Agibot_OmniHand_O10_1-300x65.png 300w, https:\/\/www.ghostysky.com\/wp-content\/uploads\/2026\/01\/GH_Agibot_OmniHand_O10_1-1024x223.png 1024w, https:\/\/www.ghostysky.com\/wp-content\/uploads\/2026\/01\/GH_Agibot_OmniHand_O10_1-768x168.png 768w, https:\/\/www.ghostysky.com\/wp-content\/uploads\/2026\/01\/GH_Agibot_OmniHand_O10_1-18x4.png 18w, https:\/\/www.ghostysky.com\/wp-content\/uploads\/2026\/01\/GH_Agibot_OmniHand_O10_1-720x157.png 720w, https:\/\/www.ghostysky.com\/wp-content\/uploads\/2026\/01\/GH_Agibot_OmniHand_O10_1-600x131.png 600w\"><\/a><a style=\"font-size: 16px;\" href=\"https:\/\/www.ghostysky.com\/wp-content\/uploads\/2026\/01\/GH_Agibot_OmniHand_O10_2.png\"><img decoding=\"async\" class=\"alignnone wp-image-23877 size-full lazyload\" src=\"data:image\/gif;base64,R0lGODlhAQABAAAAACH5BAEKAAEALAAAAAABAAEAAAICTAEAOw==\" alt=\"\" width=\"1109\" height=\"1712\" sizes=\"(max-width: 1109px) 100vw, 1109px\" data-src=\"https:\/\/www.ghostysky.com\/wp-content\/uploads\/2026\/01\/GH_Agibot_OmniHand_O10_2.png\" data-srcset=\"https:\/\/www.ghostysky.com\/wp-content\/uploads\/2026\/01\/GH_Agibot_OmniHand_O10_2.png 1109w, https:\/\/www.ghostysky.com\/wp-content\/uploads\/2026\/01\/GH_Agibot_OmniHand_O10_2-194x300.png 194w, https:\/\/www.ghostysky.com\/wp-content\/uploads\/2026\/01\/GH_Agibot_OmniHand_O10_2-663x1024.png 663w, https:\/\/www.ghostysky.com\/wp-content\/uploads\/2026\/01\/GH_Agibot_OmniHand_O10_2-768x1186.png 768w, https:\/\/www.ghostysky.com\/wp-content\/uploads\/2026\/01\/GH_Agibot_OmniHand_O10_2-995x1536.png 995w, https:\/\/www.ghostysky.com\/wp-content\/uploads\/2026\/01\/GH_Agibot_OmniHand_O10_2-8x12.png 8w, https:\/\/www.ghostysky.com\/wp-content\/uploads\/2026\/01\/GH_Agibot_OmniHand_O10_2-720x1111.png 720w, https:\/\/www.ghostysky.com\/wp-content\/uploads\/2026\/01\/GH_Agibot_OmniHand_O10_2-600x926.png 600w\"><\/a><\/h3>\n<p>&nbsp;<\/p>\n<h3 data-path-to-node=\"3\"><b data-path-to-node=\"3\" data-index-in-node=\"0\">Modelos principais: \u00c1gil vs. Profissional<\/b><\/h3>\n<p data-path-to-node=\"4\">A s\u00e9rie est\u00e1 dividida em duas vers\u00f5es principais para atender a diferentes necessidades operacionais:<\/p>\n<table data-path-to-node=\"5\">\n<thead>\n<tr>\n<td><strong>Recurso<\/strong><\/td>\n<td><strong>OmniHand 2025 (\u00c1gil)<\/strong><\/td>\n<td><strong>OmniHand Pro 2025<\/strong><\/td>\n<\/tr>\n<\/thead>\n<tbody>\n<tr>\n<td><span data-path-to-node=\"5,1,0,0\"><b data-path-to-node=\"5,1,0,0\" data-index-in-node=\"0\">Foco principal<\/b><\/span><\/td>\n<td><span data-path-to-node=\"5,1,1,0\">Servi\u00e7os interativos e pesquisa<\/span><\/td>\n<td><span data-path-to-node=\"5,1,2,0\">Precis\u00e3o Industrial e Servi\u00e7o Pesado<\/span><\/td>\n<\/tr>\n<tr>\n<td><span data-path-to-node=\"5,2,0,0\"><b data-path-to-node=\"5,2,0,0\" data-index-in-node=\"0\">Graus de Liberdade<\/b><\/span><\/td>\n<td><span data-path-to-node=\"5,2,1,0\">16 (10 ativos + 6 passivos)<\/span><\/td>\n<td><span data-path-to-node=\"5,2,2,0\">19 (12 Ativos + 7 Passivos)<\/span><\/td>\n<\/tr>\n<tr>\n<td><span data-path-to-node=\"5,3,0,0\"><b data-path-to-node=\"5,3,0,0\" data-index-in-node=\"0\">Peso<\/b><\/span><\/td>\n<td><span data-path-to-node=\"5,3,1,0\">~550g<\/span><\/td>\n<td><span data-path-to-node=\"5,3,2,0\">~800g<\/span><\/td>\n<\/tr>\n<tr>\n<td><span data-path-to-node=\"5,4,0,0\"><b data-path-to-node=\"5,4,0,0\" data-index-in-node=\"0\">For\u00e7a m\u00e1xima na ponta dos dedos<\/b><\/span><\/td>\n<td><span data-path-to-node=\"5,4,1,0\">5N<\/span><\/td>\n<td><span data-path-to-node=\"5,4,2,0\">20N<\/span><\/td>\n<\/tr>\n<tr>\n<td><span data-path-to-node=\"5,5,0,0\"><b data-path-to-node=\"5,5,0,0\" data-index-in-node=\"0\">Sensoriamento t\u00e1til<\/b><\/span><\/td>\n<td><span data-path-to-node=\"5,5,1,0\">Mais de 400 sensores Taxels<\/span><\/td>\n<td><span data-path-to-node=\"5,5,2,0\">Mais de 150 Taxels multimodais (3 eixos)<\/span><\/td>\n<\/tr>\n<tr>\n<td><span data-path-to-node=\"5,6,0,0\"><b data-path-to-node=\"5,6,0,0\" data-index-in-node=\"0\">Dimens\u00f5es<\/b><\/span><\/td>\n<td><span data-path-to-node=\"5,6,1,0\">180 x 85 x 38,5 mm<\/span><\/td>\n<td><span data-path-to-node=\"5,6,2,0\">207 x 98 x 56 mm<\/span><\/td>\n<\/tr>\n<\/tbody>\n<\/table>\n<h3 data-path-to-node=\"7\"><b data-path-to-node=\"7\" data-index-in-node=\"0\">Principais caracter\u00edsticas<\/b><\/h3>\n<h4 data-path-to-node=\"8\"><b data-path-to-node=\"8\" data-index-in-node=\"0\">1. Destreza centrada no ser humano<\/b><\/h4>\n<p data-path-to-node=\"9\"><span class=\"citation-284\">Com at\u00e9 <\/span><b data-path-to-node=\"9\" data-index-in-node=\"11\"><span class=\"citation-284\">19 graus de liberdade<\/span><\/b><span class=\"citation-284 citation-end-284\">O OmniHand Pro consegue replicar gestos humanos complexos, incluindo tarefas delicadas como enfiar uma agulha ou usar ferramentas profissionais.<\/span> <span class=\"citation-283\">O modelo \u201c\u00c1gil\u201d suporta at\u00e9 mesmo um exclusivo <\/span><b data-path-to-node=\"9\" data-index-in-node=\"212\"><span class=\"citation-283\">intera\u00e7\u00e3o t\u00e1til com o dorso da m\u00e3o<\/span><\/b><span class=\"citation-283 citation-end-283\">, permitindo uma comunica\u00e7\u00e3o mais natural entre humanos e rob\u00f4s.<\/span><\/p>\n<h4 data-path-to-node=\"10\"><b data-path-to-node=\"10\" data-index-in-node=\"0\">2. Intelig\u00eancia T\u00e1til Excepcional<\/b><\/h4>\n<p data-path-to-node=\"11\"><span class=\"citation-282\">Equipada com uma matriz de sensores de for\u00e7a de alta densidade (mais de 400 t\u00e1xels), a m\u00e3o apresenta <\/span><b data-path-to-node=\"11\" data-index-in-node=\"91\"><span class=\"citation-282\">Sensibilidade de n\u00edvel 0,1N<\/span><\/b><span class=\"citation-282 citation-end-282\">.<\/span> <span class=\"citation-281 citation-end-281\">A vers\u00e3o Pro inclui sensores de for\u00e7a na ponta dos dedos em 3 eixos, permitindo que o rob\u00f4 perceba for\u00e7as normais e tangenciais \u2014 essenciais para &quot;sentir&quot; a textura ou o deslizamento de um objeto.<\/span><\/p>\n<h4 data-path-to-node=\"12\"><b data-path-to-node=\"12\" data-index-in-node=\"0\">3. Confiabilidade de n\u00edvel industrial<\/b><\/h4>\n<ul data-path-to-node=\"13\">\n<li>\n<p data-path-to-node=\"13,0,0\"><b data-path-to-node=\"13,0,0\" data-index-in-node=\"0\"><span class=\"citation-280\">Design anti-belisc\u00e3o:<\/span><\/b><span class=\"citation-280 citation-end-280\"> Recursos de seguran\u00e7a integrados previnem les\u00f5es acidentais durante a colabora\u00e7\u00e3o humana.<\/span><\/p>\n<\/li>\n<li>\n<p data-path-to-node=\"13,1,0\"><b data-path-to-node=\"13,1,0\" data-index-in-node=\"0\">Durabilidade extrema:<\/b> Testado para tarefas de alta intensidade e capaz de operar em temperaturas que variam de <b data-path-to-node=\"13,1,0\" data-index-in-node=\"106\">-15\u00b0C a 50\u00b0C<\/b>.<\/p>\n<\/li>\n<li>\n<p data-path-to-node=\"13,2,0\"><b data-path-to-node=\"13,2,0\" data-index-in-node=\"0\">Compatibilidade Plug-and-Play:<\/b> Suportes <b data-path-to-node=\"13,2,0\" data-index-in-node=\"38\">CANFD<\/b> e <b data-path-to-node=\"13,2,0\" data-index-in-node=\"48\">RS485<\/b> interfaces, tornando-o compat\u00edvel com a maioria dos bra\u00e7os rob\u00f3ticos convencionais e com os humanoides das s\u00e9ries G2 e A2 da pr\u00f3pria Agibot.<\/p>\n<\/li>\n<\/ul>\n<h4 data-path-to-node=\"14\"><b data-path-to-node=\"14\" data-index-in-node=\"0\">4. Integra\u00e7\u00e3o de Software Perfeita<\/b><\/h4>\n<p data-path-to-node=\"15\"><span class=\"citation-279\">O OmniHand 2025 vem com um design robusto. <\/span><b data-path-to-node=\"15\" data-index-in-node=\"38\"><span class=\"citation-279\">SDK (C++ e Python)<\/span><\/b><span class=\"citation-279 citation-end-279\">, permitindo que os desenvolvedores implementem algoritmos de aprendizado por refor\u00e7o e aprendizado por imita\u00e7\u00e3o rapidamente.<\/span> <span class=\"citation-278\">Est\u00e1 totalmente integrado ao Agibot. <\/span><b data-path-to-node=\"15\" data-index-in-node=\"196\"><span class=\"citation-278\">ActionGPT<\/span><\/b><span class=\"citation-278 citation-end-278\">, que traduz comandos de voz em movimentos naturais das m\u00e3os.<\/span><\/p>\n<h3 data-path-to-node=\"17\"><b data-path-to-node=\"17\" data-index-in-node=\"0\">Cen\u00e1rios de aplica\u00e7\u00e3o<\/b><\/h3>\n<ul data-path-to-node=\"18\">\n<li>\n<p data-path-to-node=\"18,0,0\"><b data-path-to-node=\"18,0,0\" data-index-in-node=\"0\">Servi\u00e7os comerciais:<\/b> Recep\u00e7\u00e3o, intera\u00e7\u00e3o por gestos (ex.: pedra-papel-tesoura) e entrega de documentos.<\/p>\n<\/li>\n<li>\n<p data-path-to-node=\"18,1,0\"><b data-path-to-node=\"18,1,0\" data-index-in-node=\"0\"><span class=\"citation-277\">Fabrica\u00e7\u00e3o Industrial:<\/span><\/b><span class=\"citation-277 citation-end-277\"> Classifica\u00e7\u00e3o precisa, montagem de componentes pequenos (como m\u00f3dulos de RAM) e manipula\u00e7\u00e3o de ferramentas.<\/span><\/p>\n<\/li>\n<li>\n<p data-path-to-node=\"18,2,0\"><b data-path-to-node=\"18,2,0\" data-index-in-node=\"0\"><span class=\"citation-276\">Pesquisa e Educa\u00e7\u00e3o:<\/span><\/b><span class=\"citation-276 citation-end-276\"> Uma plataforma de baixo custo para treinamento de IA, estudos de feedback t\u00e1til e teleopera\u00e7\u00e3o.<\/span><\/p>\n<\/li>\n<li>\n<p data-path-to-node=\"18,3,0\"><b data-path-to-node=\"18,3,0\" data-index-in-node=\"0\"><span class=\"citation-275\">Log\u00edstica:<\/span><\/b><span class=\"citation-275 citation-end-275\"> Manuseio de diversos pacotes de materiais e tamanhos variados com for\u00e7a de preens\u00e3o adapt\u00e1vel.<\/span><\/p>\n<\/li>\n<\/ul>","protected":false},"excerpt":{"rendered":"<p><span class=\"citation-286\">O <\/span><b data-path-to-node=\"1\" data-index-in-node=\"4\"><span class=\"citation-286\">Agibot OmniHand 2025<\/span><\/b><span class=\"citation-286 citation-end-286\"> \u00c9 uma m\u00e3o rob\u00f3tica inovadora, com alto grau de liberdade (DOF), projetada para preencher a lacuna entre a precis\u00e3o industrial e a intera\u00e7\u00e3o semelhante \u00e0 humana.<\/span> <span class=\"citation-285 citation-end-285\">Lan\u00e7ada pela Agibot (Zhiyuan Robotics), esta s\u00e9rie representa um avan\u00e7o significativo em &quot;IA incorporada&quot;, oferecendo um atuador final modular e altamente sens\u00edvel que pode ser integrado a rob\u00f4s humanoides, bra\u00e7os rob\u00f3ticos e plataformas de pesquisa.<\/span><\/p>","protected":false},"featured_media":23876,"comment_status":"open","ping_status":"closed","template":"","meta":[],"product_brand":[1345],"product_cat":[1342,1344,1038,1037],"product_tag":[1346,1353],"class_list":{"0":"post-23873","1":"product","2":"type-product","3":"status-publish","4":"has-post-thumbnail","6":"product_brand-agibot","7":"product_cat-agibot","8":"product_cat-agibot-accessories","9":"product_cat-humanoid","10":"product_cat-robotics","11":"product_tag-agibot","12":"product_tag-agibot-accessories","14":"first","15":"outofstock","16":"taxable","17":"shipping-taxable","18":"product-type-simple"},"yoast_head":"<!-- This site is optimized with the Yoast SEO plugin v27.1.1 - https:\/\/yoast.com\/product\/yoast-seo-wordpress\/ -->\n<title>Agibot OmniHand 2025 - Ghostysky<\/title>\n<meta name=\"description\" content=\"The Agibot OmniHand 2025 is a groundbreaking, high-degree-of-freedom (DOF) robotic hand designed to bridge the gap between industrial precision and human-like interaction. Launched by Agibot (Zhiyuan Robotics), this series marks a significant leap in &quot;embodied AI,&quot; offering a modular, highly sensitive end-effector that can be integrated into humanoid robots, robotic arms, and research platforms.\" \/>\n<meta name=\"robots\" content=\"index, follow, max-snippet:-1, max-image-preview:large, max-video-preview:-1\" \/>\n<link rel=\"canonical\" href=\"https:\/\/www.ghostysky.com\/pt\/produto-2\/agibot-omnihand-2025\/\" \/>\n<meta property=\"og:locale\" content=\"pt_PT\" \/>\n<meta property=\"og:type\" content=\"article\" \/>\n<meta property=\"og:title\" content=\"Agibot OmniHand 2025 - Ghostysky\" \/>\n<meta property=\"og:description\" content=\"The Agibot OmniHand 2025 is a groundbreaking, high-degree-of-freedom (DOF) robotic hand designed to bridge the gap between industrial precision and human-like interaction. Launched by Agibot (Zhiyuan Robotics), this series marks a significant leap in &quot;embodied AI,&quot; offering a modular, highly sensitive end-effector that can be integrated into humanoid robots, robotic arms, and research platforms.\" \/>\n<meta property=\"og:url\" content=\"https:\/\/www.ghostysky.com\/pt\/produto-2\/agibot-omnihand-2025\/\" \/>\n<meta property=\"og:site_name\" content=\"Ghostysky\" \/>\n<meta property=\"article:publisher\" content=\"https:\/\/www.facebook.com\/people\/Ghostysky\/100057676170234\/\" \/>\n<meta property=\"article:modified_time\" content=\"2026-01-26T17:42:46+00:00\" \/>\n<meta property=\"og:image\" content=\"https:\/\/www.ghostysky.com\/wp-content\/uploads\/2026\/01\/GH_Agibot_OmniHand-2025_1.png\" \/>\n\t<meta property=\"og:image:width\" content=\"410\" \/>\n\t<meta property=\"og:image:height\" content=\"410\" \/>\n\t<meta property=\"og:image:type\" content=\"image\/png\" \/>\n<meta name=\"twitter:card\" content=\"summary_large_image\" \/>\n<meta name=\"twitter:site\" content=\"@Gh0stysky\" \/>\n<meta name=\"twitter:label1\" content=\"Tempo estimado de leitura\" \/>\n\t<meta name=\"twitter:data1\" content=\"2 minutos\" \/>\n<script type=\"application\/ld+json\" class=\"yoast-schema-graph\">{\"@context\":\"https:\/\/schema.org\",\"@graph\":[{\"@type\":\"WebPage\",\"@id\":\"https:\/\/www.ghostysky.com\/product\/agibot-omnihand-2025\/\",\"url\":\"https:\/\/www.ghostysky.com\/product\/agibot-omnihand-2025\/\",\"name\":\"Agibot OmniHand 2025 - Ghostysky\",\"isPartOf\":{\"@id\":\"https:\/\/www.ghostysky.com\/#website\"},\"primaryImageOfPage\":{\"@id\":\"https:\/\/www.ghostysky.com\/product\/agibot-omnihand-2025\/#primaryimage\"},\"image\":{\"@id\":\"https:\/\/www.ghostysky.com\/product\/agibot-omnihand-2025\/#primaryimage\"},\"thumbnailUrl\":\"https:\/\/www.ghostysky.com\/wp-content\/uploads\/2026\/01\/GH_Agibot_OmniHand-2025_1.png\",\"datePublished\":\"2026-01-26T17:27:01+00:00\",\"dateModified\":\"2026-01-26T17:42:46+00:00\",\"description\":\"The Agibot OmniHand 2025 is a groundbreaking, high-degree-of-freedom (DOF) robotic hand designed to bridge the gap between industrial precision and human-like interaction. Launched by Agibot (Zhiyuan Robotics), this series marks a significant leap in \\\"embodied AI,\\\" offering a modular, highly sensitive end-effector that can be integrated into humanoid robots, robotic arms, and research platforms.\",\"breadcrumb\":{\"@id\":\"https:\/\/www.ghostysky.com\/product\/agibot-omnihand-2025\/#breadcrumb\"},\"inLanguage\":\"pt-PT\",\"potentialAction\":[{\"@type\":\"ReadAction\",\"target\":[\"https:\/\/www.ghostysky.com\/product\/agibot-omnihand-2025\/\"]}]},{\"@type\":\"ImageObject\",\"inLanguage\":\"pt-PT\",\"@id\":\"https:\/\/www.ghostysky.com\/product\/agibot-omnihand-2025\/#primaryimage\",\"url\":\"https:\/\/www.ghostysky.com\/wp-content\/uploads\/2026\/01\/GH_Agibot_OmniHand-2025_1.png\",\"contentUrl\":\"https:\/\/www.ghostysky.com\/wp-content\/uploads\/2026\/01\/GH_Agibot_OmniHand-2025_1.png\",\"width\":410,\"height\":410},{\"@type\":\"BreadcrumbList\",\"@id\":\"https:\/\/www.ghostysky.com\/product\/agibot-omnihand-2025\/#breadcrumb\",\"itemListElement\":[{\"@type\":\"ListItem\",\"position\":1,\"name\":\"Home\",\"item\":\"https:\/\/www.ghostysky.com\/\"},{\"@type\":\"ListItem\",\"position\":2,\"name\":\"Shop\",\"item\":\"https:\/\/www.ghostysky.com\/shop\/\"},{\"@type\":\"ListItem\",\"position\":3,\"name\":\"Agibot OmniHand 2025\"}]},{\"@type\":\"WebSite\",\"@id\":\"https:\/\/www.ghostysky.com\/#website\",\"url\":\"https:\/\/www.ghostysky.com\/\",\"name\":\"Ghostysky\",\"description\":\"Delivering professional drones and services\",\"publisher\":{\"@id\":\"https:\/\/www.ghostysky.com\/#organization\"},\"potentialAction\":[{\"@type\":\"SearchAction\",\"target\":{\"@type\":\"EntryPoint\",\"urlTemplate\":\"https:\/\/www.ghostysky.com\/?s={search_term_string}\"},\"query-input\":{\"@type\":\"PropertyValueSpecification\",\"valueRequired\":true,\"valueName\":\"search_term_string\"}}],\"inLanguage\":\"pt-PT\"},{\"@type\":\"Organization\",\"@id\":\"https:\/\/www.ghostysky.com\/#organization\",\"name\":\"Ghostysky\",\"url\":\"https:\/\/www.ghostysky.com\/\",\"logo\":{\"@type\":\"ImageObject\",\"inLanguage\":\"pt-PT\",\"@id\":\"https:\/\/www.ghostysky.com\/#\/schema\/logo\/image\/\",\"url\":\"https:\/\/www.ghostysky.com\/wp-content\/uploads\/2020\/06\/cropped-ghostyskylogo_text_white2.png\",\"contentUrl\":\"https:\/\/www.ghostysky.com\/wp-content\/uploads\/2020\/06\/cropped-ghostyskylogo_text_white2.png\",\"width\":169,\"height\":56,\"caption\":\"Ghostysky\"},\"image\":{\"@id\":\"https:\/\/www.ghostysky.com\/#\/schema\/logo\/image\/\"},\"sameAs\":[\"https:\/\/www.facebook.com\/people\/Ghostysky\/100057676170234\/\",\"https:\/\/x.com\/Gh0stysky\",\"https:\/\/www.linkedin.com\/company\/34739653\",\"https:\/\/www.instagram.com\/gh0stysky\"]}]}<\/script>\n<!-- \/ Yoast SEO plugin. -->","yoast_head_json":{"title":"Agibot OmniHand 2025 - Ghostysky","description":"A Agibot OmniHand 2025 \u00e9 uma m\u00e3o rob\u00f3tica inovadora com alto grau de liberdade (DOF), projetada para preencher a lacuna entre a precis\u00e3o industrial e a intera\u00e7\u00e3o semelhante \u00e0 humana. Lan\u00e7ada pela Agibot (Zhiyuan Robotics), esta s\u00e9rie representa um salto significativo em &quot;IA incorporada&quot;, oferecendo um atuador final modular e altamente sens\u00edvel que pode ser integrado a rob\u00f4s humanoides, bra\u00e7os rob\u00f3ticos e plataformas de pesquisa.","robots":{"index":"index","follow":"follow","max-snippet":"max-snippet:-1","max-image-preview":"max-image-preview:large","max-video-preview":"max-video-preview:-1"},"canonical":"https:\/\/www.ghostysky.com\/pt\/produto-2\/agibot-omnihand-2025\/","og_locale":"pt_PT","og_type":"article","og_title":"Agibot OmniHand 2025 - Ghostysky","og_description":"The Agibot OmniHand 2025 is a groundbreaking, high-degree-of-freedom (DOF) robotic hand designed to bridge the gap between industrial precision and human-like interaction. Launched by Agibot (Zhiyuan Robotics), this series marks a significant leap in \"embodied AI,\" offering a modular, highly sensitive end-effector that can be integrated into humanoid robots, robotic arms, and research platforms.","og_url":"https:\/\/www.ghostysky.com\/pt\/produto-2\/agibot-omnihand-2025\/","og_site_name":"Ghostysky","article_publisher":"https:\/\/www.facebook.com\/people\/Ghostysky\/100057676170234\/","article_modified_time":"2026-01-26T17:42:46+00:00","og_image":[{"width":410,"height":410,"url":"https:\/\/www.ghostysky.com\/wp-content\/uploads\/2026\/01\/GH_Agibot_OmniHand-2025_1.png","type":"image\/png"}],"twitter_card":"summary_large_image","twitter_site":"@Gh0stysky","twitter_misc":{"Tempo estimado de leitura":"2 minutos"},"schema":{"@context":"https:\/\/schema.org","@graph":[{"@type":"WebPage","@id":"https:\/\/www.ghostysky.com\/product\/agibot-omnihand-2025\/","url":"https:\/\/www.ghostysky.com\/product\/agibot-omnihand-2025\/","name":"Agibot OmniHand 2025 - Ghostysky","isPartOf":{"@id":"https:\/\/www.ghostysky.com\/#website"},"primaryImageOfPage":{"@id":"https:\/\/www.ghostysky.com\/product\/agibot-omnihand-2025\/#primaryimage"},"image":{"@id":"https:\/\/www.ghostysky.com\/product\/agibot-omnihand-2025\/#primaryimage"},"thumbnailUrl":"https:\/\/www.ghostysky.com\/wp-content\/uploads\/2026\/01\/GH_Agibot_OmniHand-2025_1.png","datePublished":"2026-01-26T17:27:01+00:00","dateModified":"2026-01-26T17:42:46+00:00","description":"A Agibot OmniHand 2025 \u00e9 uma m\u00e3o rob\u00f3tica inovadora com alto grau de liberdade (DOF), projetada para preencher a lacuna entre a precis\u00e3o industrial e a intera\u00e7\u00e3o semelhante \u00e0 humana. Lan\u00e7ada pela Agibot (Zhiyuan Robotics), esta s\u00e9rie representa um salto significativo em &quot;IA incorporada&quot;, oferecendo um atuador final modular e altamente sens\u00edvel que pode ser integrado a rob\u00f4s humanoides, bra\u00e7os rob\u00f3ticos e plataformas de pesquisa.","breadcrumb":{"@id":"https:\/\/www.ghostysky.com\/product\/agibot-omnihand-2025\/#breadcrumb"},"inLanguage":"pt-PT","potentialAction":[{"@type":"ReadAction","target":["https:\/\/www.ghostysky.com\/product\/agibot-omnihand-2025\/"]}]},{"@type":"ImageObject","inLanguage":"pt-PT","@id":"https:\/\/www.ghostysky.com\/product\/agibot-omnihand-2025\/#primaryimage","url":"https:\/\/www.ghostysky.com\/wp-content\/uploads\/2026\/01\/GH_Agibot_OmniHand-2025_1.png","contentUrl":"https:\/\/www.ghostysky.com\/wp-content\/uploads\/2026\/01\/GH_Agibot_OmniHand-2025_1.png","width":410,"height":410},{"@type":"BreadcrumbList","@id":"https:\/\/www.ghostysky.com\/product\/agibot-omnihand-2025\/#breadcrumb","itemListElement":[{"@type":"ListItem","position":1,"name":"Home","item":"https:\/\/www.ghostysky.com\/"},{"@type":"ListItem","position":2,"name":"Shop","item":"https:\/\/www.ghostysky.com\/shop\/"},{"@type":"ListItem","position":3,"name":"Agibot OmniHand 2025"}]},{"@type":"WebSite","@id":"https:\/\/www.ghostysky.com\/#website","url":"https:\/\/www.ghostysky.com\/","name":"Ghostysky","description":"Fornecendo drones e servi\u00e7os profissionais","publisher":{"@id":"https:\/\/www.ghostysky.com\/#organization"},"potentialAction":[{"@type":"SearchAction","target":{"@type":"EntryPoint","urlTemplate":"https:\/\/www.ghostysky.com\/?s={search_term_string}"},"query-input":{"@type":"PropertyValueSpecification","valueRequired":true,"valueName":"search_term_string"}}],"inLanguage":"pt-PT"},{"@type":"Organization","@id":"https:\/\/www.ghostysky.com\/#organization","name":"Ghostysky","url":"https:\/\/www.ghostysky.com\/","logo":{"@type":"ImageObject","inLanguage":"pt-PT","@id":"https:\/\/www.ghostysky.com\/#\/schema\/logo\/image\/","url":"https:\/\/www.ghostysky.com\/wp-content\/uploads\/2020\/06\/cropped-ghostyskylogo_text_white2.png","contentUrl":"https:\/\/www.ghostysky.com\/wp-content\/uploads\/2020\/06\/cropped-ghostyskylogo_text_white2.png","width":169,"height":56,"caption":"Ghostysky"},"image":{"@id":"https:\/\/www.ghostysky.com\/#\/schema\/logo\/image\/"},"sameAs":["https:\/\/www.facebook.com\/people\/Ghostysky\/100057676170234\/","https:\/\/x.com\/Gh0stysky","https:\/\/www.linkedin.com\/company\/34739653","https:\/\/www.instagram.com\/gh0stysky"]}]}},"_links":{"self":[{"href":"https:\/\/www.ghostysky.com\/pt\/wp-json\/wp\/v2\/product\/23873","targetHints":{"allow":["GET"]}}],"collection":[{"href":"https:\/\/www.ghostysky.com\/pt\/wp-json\/wp\/v2\/product"}],"about":[{"href":"https:\/\/www.ghostysky.com\/pt\/wp-json\/wp\/v2\/types\/product"}],"replies":[{"embeddable":true,"href":"https:\/\/www.ghostysky.com\/pt\/wp-json\/wp\/v2\/comments?post=23873"}],"wp:featuredmedia":[{"embeddable":true,"href":"https:\/\/www.ghostysky.com\/pt\/wp-json\/wp\/v2\/media\/23876"}],"wp:attachment":[{"href":"https:\/\/www.ghostysky.com\/pt\/wp-json\/wp\/v2\/media?parent=23873"}],"wp:term":[{"taxonomy":"product_brand","embeddable":true,"href":"https:\/\/www.ghostysky.com\/pt\/wp-json\/wp\/v2\/product_brand?post=23873"},{"taxonomy":"product_cat","embeddable":true,"href":"https:\/\/www.ghostysky.com\/pt\/wp-json\/wp\/v2\/product_cat?post=23873"},{"taxonomy":"product_tag","embeddable":true,"href":"https:\/\/www.ghostysky.com\/pt\/wp-json\/wp\/v2\/product_tag?post=23873"}],"curies":[{"name":"wp","href":"https:\/\/api.w.org\/{rel}","templated":true}]}}