{"id":23884,"date":"2026-01-26T17:47:49","date_gmt":"2026-01-26T17:47:49","guid":{"rendered":"https:\/\/www.ghostysky.com\/?post_type=product&#038;p=23884"},"modified":"2026-01-26T18:01:22","modified_gmt":"2026-01-26T18:01:22","slug":"agibot-omnihand-pro-2025","status":"publish","type":"product","link":"https:\/\/www.ghostysky.com\/pt\/product\/agibot-omnihand-pro-2025\/","title":{"rendered":"Agibot OmniHand Pro 2025"},"content":{"rendered":"<h3 data-path-to-node=\"6\"><b data-path-to-node=\"6\" data-index-in-node=\"0\">Principais caracter\u00edsticas e funcionalidades<\/b><\/h3>\n<ul data-path-to-node=\"7\">\n<li>\n<p data-path-to-node=\"7,0,0\"><b data-path-to-node=\"7,0,0\" data-index-in-node=\"0\">Destreza em n\u00edvel humano:<\/b> Com 19 graus de liberdade, a OmniHand Pro consegue executar gestos extremamente humanos, incluindo movimentos complexos com o dorso da m\u00e3o e pin\u00e7as de precis\u00e3o. Ela foi projetada para imitar a fisiologia complexa de uma m\u00e3o humana, permitindo o uso de ferramentas comuns, como chaves de fenda ou pipetas, sem a necessidade de adaptadores especiais.<\/p>\n<\/li>\n<li>\n<p data-path-to-node=\"7,1,0\"><b data-path-to-node=\"7,1,0\" data-index-in-node=\"0\">Intelig\u00eancia Sensorial Avan\u00e7ada:<\/b><span class=\"citation-307 citation-end-307\"> Diferentemente das garras padr\u00e3o, o modelo Pro apresenta recursos de &quot;Alta Percep\u00e7\u00e3o&quot;.<\/span> Isso \u00e9 <b data-path-to-node=\"7,1,0\" data-index-in-node=\"116\">Sensores com sensibilidade de 0,01N<\/b> Permite que a m\u00e3o detecte a menor resist\u00eancia, tornando-a capaz de manusear objetos delicados, como utens\u00edlios de vidro ou componentes eletr\u00f4nicos, sem causar danos.<\/p>\n<\/li>\n<li>\n<p data-path-to-node=\"7,2,0\"><b data-path-to-node=\"7,2,0\" data-index-in-node=\"0\">Intelig\u00eancia Incorporada Impulsionada por IA:<\/b> Alimentado pela tecnologia de IA propriet\u00e1ria da Agibot, o suporte para m\u00e3os <b data-path-to-node=\"7,2,0\" data-index-in-node=\"93\">UniGrasp<\/b> e <b data-path-to-node=\"7,2,0\" data-index-in-node=\"106\">UniPlug<\/b> algoritmos. Isso permite que a OmniHand Pro realize preens\u00e3o &quot;cega&quot; e estimativa de pose em tempo real, adaptando-se a novos objetos em quest\u00e3o de horas por meio de aprendizado por refor\u00e7o.<\/p>\n<\/li>\n<li>\n<p data-path-to-node=\"7,3,0\"><b data-path-to-node=\"7,3,0\" data-index-in-node=\"0\">Compatibilidade universal:<\/b> Projetado com um flange modular, o OmniHand Pro \u00e9 compat\u00edvel com a pr\u00f3pria s\u00e9rie de rob\u00f4s humanoides da Agibot (como o A2-W e o X2) e com os principais bra\u00e7os rob\u00f3ticos industriais, permitindo uma integra\u00e7\u00e3o perfeita aos fluxos de trabalho existentes.<\/p>\n<\/li>\n<\/ul>\n<h3 data-path-to-node=\"9\"><b data-path-to-node=\"9\" data-index-in-node=\"0\">Casos de uso ideais<\/b><\/h3>\n<ol start=\"1\" data-path-to-node=\"10\">\n<li>\n<p data-path-to-node=\"10,0,0\"><b data-path-to-node=\"10,0,0\" data-index-in-node=\"0\"><span class=\"citation-306\">Precis\u00e3o Industrial:<\/span><\/b><span class=\"citation-306 citation-end-306\"> Micromontagem, conex\u00e3o de terminais e triagem de componentes variados.<\/span><\/p>\n<\/li>\n<li>\n<p data-path-to-node=\"10,1,0\"><b data-path-to-node=\"10,1,0\" data-index-in-node=\"0\">Pesquisa cient\u00edfica:<\/b> Investigando a aprendizagem baseada no tato e a intera\u00e7\u00e3o humano-rob\u00f4.<\/p>\n<\/li>\n<li>\n<p data-path-to-node=\"10,2,0\"><b data-path-to-node=\"10,2,0\" data-index-in-node=\"0\">Servi\u00e7os e assist\u00eancia m\u00e9dica:<\/b> Auxiliar em ambientes de laborat\u00f3rio delicados ou em fun\u00e7\u00f5es de servi\u00e7o de alta qualidade que exigem um &quot;toque suave&quot;.<\/p>\n<\/li>\n<li>\n<p data-path-to-node=\"10,3,0\"><b data-path-to-node=\"10,3,0\" data-index-in-node=\"0\"><span class=\"citation-305\">Teleopera\u00e7\u00e3o em Realidade Virtual:<\/span><\/b><span class=\"citation-305 citation-end-305\"> Emparelhamento com o kit Agibot VR para controle remoto de alta precis\u00e3o em ambientes perigosos.<\/span><\/p>\n<\/li>\n<\/ol>\n<h3>Detalhes t\u00e9cnicos<\/h3>\n<p><a href=\"https:\/\/www.ghostysky.com\/wp-content\/uploads\/2026\/01\/GH_Agibot_OmniHand_Pro1_.png\"><img fetchpriority=\"high\" decoding=\"async\" class=\"alignnone wp-image-23886 size-full lazyload\" src=\"data:image\/gif;base64,R0lGODlhAQABAAAAACH5BAEKAAEALAAAAAABAAEAAAICTAEAOw==\" alt=\"\" width=\"1580\" height=\"587\" sizes=\"(max-width: 1580px) 100vw, 1580px\" data-src=\"https:\/\/www.ghostysky.com\/wp-content\/uploads\/2026\/01\/GH_Agibot_OmniHand_Pro1_.png\" data-srcset=\"https:\/\/www.ghostysky.com\/wp-content\/uploads\/2026\/01\/GH_Agibot_OmniHand_Pro1_.png 1580w, https:\/\/www.ghostysky.com\/wp-content\/uploads\/2026\/01\/GH_Agibot_OmniHand_Pro1_-300x111.png 300w, https:\/\/www.ghostysky.com\/wp-content\/uploads\/2026\/01\/GH_Agibot_OmniHand_Pro1_-1024x380.png 1024w, https:\/\/www.ghostysky.com\/wp-content\/uploads\/2026\/01\/GH_Agibot_OmniHand_Pro1_-768x285.png 768w, https:\/\/www.ghostysky.com\/wp-content\/uploads\/2026\/01\/GH_Agibot_OmniHand_Pro1_-1536x571.png 1536w, https:\/\/www.ghostysky.com\/wp-content\/uploads\/2026\/01\/GH_Agibot_OmniHand_Pro1_-18x7.png 18w, https:\/\/www.ghostysky.com\/wp-content\/uploads\/2026\/01\/GH_Agibot_OmniHand_Pro1_-720x267.png 720w, https:\/\/www.ghostysky.com\/wp-content\/uploads\/2026\/01\/GH_Agibot_OmniHand_Pro1_-600x223.png 600w\"><\/a><\/p>\n<p><a href=\"https:\/\/www.ghostysky.com\/wp-content\/uploads\/2026\/01\/GH_Agibot_OmniHand_Pro2__1.png\"><img decoding=\"async\" class=\"alignnone wp-image-23891 size-full lazyload\" src=\"data:image\/gif;base64,R0lGODlhAQABAAAAACH5BAEKAAEALAAAAAABAAEAAAICTAEAOw==\" alt=\"\" width=\"1109\" height=\"1460\" sizes=\"(max-width: 1109px) 100vw, 1109px\" data-src=\"https:\/\/www.ghostysky.com\/wp-content\/uploads\/2026\/01\/GH_Agibot_OmniHand_Pro2__1.png\" data-srcset=\"https:\/\/www.ghostysky.com\/wp-content\/uploads\/2026\/01\/GH_Agibot_OmniHand_Pro2__1.png 1109w, https:\/\/www.ghostysky.com\/wp-content\/uploads\/2026\/01\/GH_Agibot_OmniHand_Pro2__1-228x300.png 228w, https:\/\/www.ghostysky.com\/wp-content\/uploads\/2026\/01\/GH_Agibot_OmniHand_Pro2__1-778x1024.png 778w, https:\/\/www.ghostysky.com\/wp-content\/uploads\/2026\/01\/GH_Agibot_OmniHand_Pro2__1-768x1011.png 768w, https:\/\/www.ghostysky.com\/wp-content\/uploads\/2026\/01\/GH_Agibot_OmniHand_Pro2__1-9x12.png 9w, https:\/\/www.ghostysky.com\/wp-content\/uploads\/2026\/01\/GH_Agibot_OmniHand_Pro2__1-720x948.png 720w, https:\/\/www.ghostysky.com\/wp-content\/uploads\/2026\/01\/GH_Agibot_OmniHand_Pro2__1-600x790.png 600w\"><\/a><\/p>","protected":false},"excerpt":{"rendered":"<p><span class=\"citation-309\">O <\/span><b data-path-to-node=\"1\" data-index-in-node=\"4\"><span class=\"citation-309\">Agibot OmniHand Pro 2025<\/span><\/b><span class=\"citation-309 citation-end-309\"> \u00c9 um atuador final de \u00faltima gera\u00e7\u00e3o, projetado para preencher a lacuna entre a automa\u00e7\u00e3o industrial e a manipula\u00e7\u00e3o semelhante \u00e0 humana.<\/span> <span class=\"citation-308 citation-end-308\">Projetada para o cen\u00e1rio da rob\u00f3tica de 2025, a variante &quot;Pro&quot; \u00e9 a pe\u00e7a central de alto desempenho da s\u00e9rie OmniHand, especificamente adaptada para tarefas industriais complexas, pesquisa avan\u00e7ada e teleopera\u00e7\u00e3o de alta fidelidade.<\/span><\/p>","protected":false},"featured_media":23890,"comment_status":"open","ping_status":"closed","template":"","meta":[],"product_brand":[1345],"product_cat":[1342,1344,1038,1037],"product_tag":[1346,1353],"class_list":{"0":"post-23884","1":"product","2":"type-product","3":"status-publish","4":"has-post-thumbnail","6":"product_brand-agibot","7":"product_cat-agibot","8":"product_cat-agibot-accessories","9":"product_cat-humanoid","10":"product_cat-robotics","11":"product_tag-agibot","12":"product_tag-agibot-accessories","14":"first","15":"outofstock","16":"taxable","17":"shipping-taxable","18":"product-type-simple"},"yoast_head":"<!-- This site is optimized with the Yoast SEO plugin v27.4 - https:\/\/yoast.com\/product\/yoast-seo-wordpress\/ -->\n<title>Agibot OmniHand Pro 2025 - Ghostysky<\/title>\n<meta name=\"description\" content=\"The Agibot OmniHand Pro 2025 is a state-of-the-art dexterous end-effector designed to bridge the gap between industrial automation and human-like manipulation. Engineered for the 2025 robotics landscape, the &quot;Pro&quot; variant is the high-performance centerpiece of the OmniHand series, specifically tailored for complex industrial tasks, advanced research, and high-fidelity teleoperation.\" \/>\n<meta name=\"robots\" content=\"index, follow, max-snippet:-1, max-image-preview:large, max-video-preview:-1\" \/>\n<link rel=\"canonical\" href=\"https:\/\/www.ghostysky.com\/pt\/produto-2\/agibot-omnihand-pro-2025\/\" \/>\n<meta property=\"og:locale\" content=\"pt_PT\" \/>\n<meta property=\"og:type\" content=\"article\" \/>\n<meta property=\"og:title\" content=\"Agibot OmniHand Pro 2025 - Ghostysky\" \/>\n<meta property=\"og:description\" content=\"The Agibot OmniHand Pro 2025 is a state-of-the-art dexterous end-effector designed to bridge the gap between industrial automation and human-like manipulation. Engineered for the 2025 robotics landscape, the &quot;Pro&quot; variant is the high-performance centerpiece of the OmniHand series, specifically tailored for complex industrial tasks, advanced research, and high-fidelity teleoperation.\" \/>\n<meta property=\"og:url\" content=\"https:\/\/www.ghostysky.com\/pt\/produto-2\/agibot-omnihand-pro-2025\/\" \/>\n<meta property=\"og:site_name\" content=\"Ghostysky\" \/>\n<meta property=\"article:publisher\" content=\"https:\/\/www.facebook.com\/people\/Ghostysky\/100057676170234\/\" \/>\n<meta property=\"article:modified_time\" content=\"2026-01-26T18:01:22+00:00\" \/>\n<meta property=\"og:image\" content=\"https:\/\/www.ghostysky.com\/wp-content\/uploads\/2026\/01\/GH_Agibot_OmniHand-Pro-2025_1_.jpg\" \/>\n\t<meta property=\"og:image:width\" content=\"700\" \/>\n\t<meta property=\"og:image:height\" content=\"700\" \/>\n\t<meta property=\"og:image:type\" content=\"image\/jpeg\" \/>\n<meta name=\"twitter:card\" content=\"summary_large_image\" \/>\n<meta name=\"twitter:site\" content=\"@Gh0stysky\" \/>\n<meta name=\"twitter:label1\" content=\"Tempo estimado de leitura\" \/>\n\t<meta name=\"twitter:data1\" content=\"2 minutos\" \/>\n<script type=\"application\/ld+json\" class=\"yoast-schema-graph\">{\"@context\":\"https:\\\/\\\/schema.org\",\"@graph\":[{\"@type\":\"WebPage\",\"@id\":\"https:\\\/\\\/www.ghostysky.com\\\/product\\\/agibot-omnihand-pro-2025\\\/\",\"url\":\"https:\\\/\\\/www.ghostysky.com\\\/product\\\/agibot-omnihand-pro-2025\\\/\",\"name\":\"Agibot OmniHand Pro 2025 - Ghostysky\",\"isPartOf\":{\"@id\":\"https:\\\/\\\/www.ghostysky.com\\\/#website\"},\"primaryImageOfPage\":{\"@id\":\"https:\\\/\\\/www.ghostysky.com\\\/product\\\/agibot-omnihand-pro-2025\\\/#primaryimage\"},\"image\":{\"@id\":\"https:\\\/\\\/www.ghostysky.com\\\/product\\\/agibot-omnihand-pro-2025\\\/#primaryimage\"},\"thumbnailUrl\":\"https:\\\/\\\/www.ghostysky.com\\\/wp-content\\\/uploads\\\/2026\\\/01\\\/GH_Agibot_OmniHand-Pro-2025_1_.jpg\",\"datePublished\":\"2026-01-26T17:47:49+00:00\",\"dateModified\":\"2026-01-26T18:01:22+00:00\",\"description\":\"The Agibot OmniHand Pro 2025 is a state-of-the-art dexterous end-effector designed to bridge the gap between industrial automation and human-like manipulation. Engineered for the 2025 robotics landscape, the \\\"Pro\\\" variant is the high-performance centerpiece of the OmniHand series, specifically tailored for complex industrial tasks, advanced research, and high-fidelity teleoperation.\",\"breadcrumb\":{\"@id\":\"https:\\\/\\\/www.ghostysky.com\\\/product\\\/agibot-omnihand-pro-2025\\\/#breadcrumb\"},\"inLanguage\":\"pt-PT\",\"potentialAction\":[{\"@type\":\"ReadAction\",\"target\":[\"https:\\\/\\\/www.ghostysky.com\\\/product\\\/agibot-omnihand-pro-2025\\\/\"]}]},{\"@type\":\"ImageObject\",\"inLanguage\":\"pt-PT\",\"@id\":\"https:\\\/\\\/www.ghostysky.com\\\/product\\\/agibot-omnihand-pro-2025\\\/#primaryimage\",\"url\":\"https:\\\/\\\/www.ghostysky.com\\\/wp-content\\\/uploads\\\/2026\\\/01\\\/GH_Agibot_OmniHand-Pro-2025_1_.jpg\",\"contentUrl\":\"https:\\\/\\\/www.ghostysky.com\\\/wp-content\\\/uploads\\\/2026\\\/01\\\/GH_Agibot_OmniHand-Pro-2025_1_.jpg\",\"width\":700,\"height\":700},{\"@type\":\"BreadcrumbList\",\"@id\":\"https:\\\/\\\/www.ghostysky.com\\\/product\\\/agibot-omnihand-pro-2025\\\/#breadcrumb\",\"itemListElement\":[{\"@type\":\"ListItem\",\"position\":1,\"name\":\"Home\",\"item\":\"https:\\\/\\\/www.ghostysky.com\\\/\"},{\"@type\":\"ListItem\",\"position\":2,\"name\":\"Shop\",\"item\":\"https:\\\/\\\/www.ghostysky.com\\\/shop\\\/\"},{\"@type\":\"ListItem\",\"position\":3,\"name\":\"Agibot OmniHand Pro 2025\"}]},{\"@type\":\"WebSite\",\"@id\":\"https:\\\/\\\/www.ghostysky.com\\\/#website\",\"url\":\"https:\\\/\\\/www.ghostysky.com\\\/\",\"name\":\"Ghostysky\",\"description\":\"Delivering professional drones and services\",\"publisher\":{\"@id\":\"https:\\\/\\\/www.ghostysky.com\\\/#organization\"},\"potentialAction\":[{\"@type\":\"SearchAction\",\"target\":{\"@type\":\"EntryPoint\",\"urlTemplate\":\"https:\\\/\\\/www.ghostysky.com\\\/?s={search_term_string}\"},\"query-input\":{\"@type\":\"PropertyValueSpecification\",\"valueRequired\":true,\"valueName\":\"search_term_string\"}}],\"inLanguage\":\"pt-PT\"},{\"@type\":\"Organization\",\"@id\":\"https:\\\/\\\/www.ghostysky.com\\\/#organization\",\"name\":\"Ghostysky\",\"url\":\"https:\\\/\\\/www.ghostysky.com\\\/\",\"logo\":{\"@type\":\"ImageObject\",\"inLanguage\":\"pt-PT\",\"@id\":\"https:\\\/\\\/www.ghostysky.com\\\/#\\\/schema\\\/logo\\\/image\\\/\",\"url\":\"https:\\\/\\\/www.ghostysky.com\\\/wp-content\\\/uploads\\\/2020\\\/06\\\/cropped-ghostyskylogo_text_white2.png\",\"contentUrl\":\"https:\\\/\\\/www.ghostysky.com\\\/wp-content\\\/uploads\\\/2020\\\/06\\\/cropped-ghostyskylogo_text_white2.png\",\"width\":169,\"height\":56,\"caption\":\"Ghostysky\"},\"image\":{\"@id\":\"https:\\\/\\\/www.ghostysky.com\\\/#\\\/schema\\\/logo\\\/image\\\/\"},\"sameAs\":[\"https:\\\/\\\/www.facebook.com\\\/people\\\/Ghostysky\\\/100057676170234\\\/\",\"https:\\\/\\\/x.com\\\/Gh0stysky\",\"https:\\\/\\\/www.linkedin.com\\\/company\\\/34739653\",\"https:\\\/\\\/www.instagram.com\\\/gh0stysky\"]}]}<\/script>\n<!-- \/ Yoast SEO plugin. -->","yoast_head_json":{"title":"Agibot OmniHand Pro 2025 - Ghostysky","description":"O Agibot OmniHand Pro 2025 \u00e9 um atuador final de \u00faltima gera\u00e7\u00e3o, projetado para preencher a lacuna entre a automa\u00e7\u00e3o industrial e a manipula\u00e7\u00e3o semelhante \u00e0 humana. Desenvolvido para o cen\u00e1rio da rob\u00f3tica de 2025, a variante &quot;Pro&quot; \u00e9 a pe\u00e7a central de alto desempenho da s\u00e9rie OmniHand, especificamente adaptada para tarefas industriais complexas, pesquisa avan\u00e7ada e teleopera\u00e7\u00e3o de alta fidelidade.","robots":{"index":"index","follow":"follow","max-snippet":"max-snippet:-1","max-image-preview":"max-image-preview:large","max-video-preview":"max-video-preview:-1"},"canonical":"https:\/\/www.ghostysky.com\/pt\/produto-2\/agibot-omnihand-pro-2025\/","og_locale":"pt_PT","og_type":"article","og_title":"Agibot OmniHand Pro 2025 - Ghostysky","og_description":"The Agibot OmniHand Pro 2025 is a state-of-the-art dexterous end-effector designed to bridge the gap between industrial automation and human-like manipulation. Engineered for the 2025 robotics landscape, the \"Pro\" variant is the high-performance centerpiece of the OmniHand series, specifically tailored for complex industrial tasks, advanced research, and high-fidelity teleoperation.","og_url":"https:\/\/www.ghostysky.com\/pt\/produto-2\/agibot-omnihand-pro-2025\/","og_site_name":"Ghostysky","article_publisher":"https:\/\/www.facebook.com\/people\/Ghostysky\/100057676170234\/","article_modified_time":"2026-01-26T18:01:22+00:00","og_image":[{"width":700,"height":700,"url":"https:\/\/www.ghostysky.com\/wp-content\/uploads\/2026\/01\/GH_Agibot_OmniHand-Pro-2025_1_.jpg","type":"image\/jpeg"}],"twitter_card":"summary_large_image","twitter_site":"@Gh0stysky","twitter_misc":{"Tempo estimado de leitura":"2 minutos"},"schema":{"@context":"https:\/\/schema.org","@graph":[{"@type":"WebPage","@id":"https:\/\/www.ghostysky.com\/product\/agibot-omnihand-pro-2025\/","url":"https:\/\/www.ghostysky.com\/product\/agibot-omnihand-pro-2025\/","name":"Agibot OmniHand Pro 2025 - Ghostysky","isPartOf":{"@id":"https:\/\/www.ghostysky.com\/#website"},"primaryImageOfPage":{"@id":"https:\/\/www.ghostysky.com\/product\/agibot-omnihand-pro-2025\/#primaryimage"},"image":{"@id":"https:\/\/www.ghostysky.com\/product\/agibot-omnihand-pro-2025\/#primaryimage"},"thumbnailUrl":"https:\/\/www.ghostysky.com\/wp-content\/uploads\/2026\/01\/GH_Agibot_OmniHand-Pro-2025_1_.jpg","datePublished":"2026-01-26T17:47:49+00:00","dateModified":"2026-01-26T18:01:22+00:00","description":"O Agibot OmniHand Pro 2025 \u00e9 um atuador final de \u00faltima gera\u00e7\u00e3o, projetado para preencher a lacuna entre a automa\u00e7\u00e3o industrial e a manipula\u00e7\u00e3o semelhante \u00e0 humana. Desenvolvido para o cen\u00e1rio da rob\u00f3tica de 2025, a variante &quot;Pro&quot; \u00e9 a pe\u00e7a central de alto desempenho da s\u00e9rie OmniHand, especificamente adaptada para tarefas industriais complexas, pesquisa avan\u00e7ada e teleopera\u00e7\u00e3o de alta fidelidade.","breadcrumb":{"@id":"https:\/\/www.ghostysky.com\/product\/agibot-omnihand-pro-2025\/#breadcrumb"},"inLanguage":"pt-PT","potentialAction":[{"@type":"ReadAction","target":["https:\/\/www.ghostysky.com\/product\/agibot-omnihand-pro-2025\/"]}]},{"@type":"ImageObject","inLanguage":"pt-PT","@id":"https:\/\/www.ghostysky.com\/product\/agibot-omnihand-pro-2025\/#primaryimage","url":"https:\/\/www.ghostysky.com\/wp-content\/uploads\/2026\/01\/GH_Agibot_OmniHand-Pro-2025_1_.jpg","contentUrl":"https:\/\/www.ghostysky.com\/wp-content\/uploads\/2026\/01\/GH_Agibot_OmniHand-Pro-2025_1_.jpg","width":700,"height":700},{"@type":"BreadcrumbList","@id":"https:\/\/www.ghostysky.com\/product\/agibot-omnihand-pro-2025\/#breadcrumb","itemListElement":[{"@type":"ListItem","position":1,"name":"Home","item":"https:\/\/www.ghostysky.com\/"},{"@type":"ListItem","position":2,"name":"Shop","item":"https:\/\/www.ghostysky.com\/shop\/"},{"@type":"ListItem","position":3,"name":"Agibot OmniHand Pro 2025"}]},{"@type":"WebSite","@id":"https:\/\/www.ghostysky.com\/#website","url":"https:\/\/www.ghostysky.com\/","name":"Ghostysky","description":"Fornecendo drones e servi\u00e7os profissionais","publisher":{"@id":"https:\/\/www.ghostysky.com\/#organization"},"potentialAction":[{"@type":"SearchAction","target":{"@type":"EntryPoint","urlTemplate":"https:\/\/www.ghostysky.com\/?s={search_term_string}"},"query-input":{"@type":"PropertyValueSpecification","valueRequired":true,"valueName":"search_term_string"}}],"inLanguage":"pt-PT"},{"@type":"Organization","@id":"https:\/\/www.ghostysky.com\/#organization","name":"Ghostysky","url":"https:\/\/www.ghostysky.com\/","logo":{"@type":"ImageObject","inLanguage":"pt-PT","@id":"https:\/\/www.ghostysky.com\/#\/schema\/logo\/image\/","url":"https:\/\/www.ghostysky.com\/wp-content\/uploads\/2020\/06\/cropped-ghostyskylogo_text_white2.png","contentUrl":"https:\/\/www.ghostysky.com\/wp-content\/uploads\/2020\/06\/cropped-ghostyskylogo_text_white2.png","width":169,"height":56,"caption":"Ghostysky"},"image":{"@id":"https:\/\/www.ghostysky.com\/#\/schema\/logo\/image\/"},"sameAs":["https:\/\/www.facebook.com\/people\/Ghostysky\/100057676170234\/","https:\/\/x.com\/Gh0stysky","https:\/\/www.linkedin.com\/company\/34739653","https:\/\/www.instagram.com\/gh0stysky"]}]}},"_links":{"self":[{"href":"https:\/\/www.ghostysky.com\/pt\/wp-json\/wp\/v2\/product\/23884","targetHints":{"allow":["GET"]}}],"collection":[{"href":"https:\/\/www.ghostysky.com\/pt\/wp-json\/wp\/v2\/product"}],"about":[{"href":"https:\/\/www.ghostysky.com\/pt\/wp-json\/wp\/v2\/types\/product"}],"replies":[{"embeddable":true,"href":"https:\/\/www.ghostysky.com\/pt\/wp-json\/wp\/v2\/comments?post=23884"}],"version-history":[{"count":0,"href":"https:\/\/www.ghostysky.com\/pt\/wp-json\/wp\/v2\/product\/23884\/revisions"}],"wp:featuredmedia":[{"embeddable":true,"href":"https:\/\/www.ghostysky.com\/pt\/wp-json\/wp\/v2\/media\/23890"}],"wp:attachment":[{"href":"https:\/\/www.ghostysky.com\/pt\/wp-json\/wp\/v2\/media?parent=23884"}],"wp:term":[{"taxonomy":"product_brand","embeddable":true,"href":"https:\/\/www.ghostysky.com\/pt\/wp-json\/wp\/v2\/product_brand?post=23884"},{"taxonomy":"product_cat","embeddable":true,"href":"https:\/\/www.ghostysky.com\/pt\/wp-json\/wp\/v2\/product_cat?post=23884"},{"taxonomy":"product_tag","embeddable":true,"href":"https:\/\/www.ghostysky.com\/pt\/wp-json\/wp\/v2\/product_tag?post=23884"}],"curies":[{"name":"wp","href":"https:\/\/api.w.org\/{rel}","templated":true}]}}