{"id":23893,"date":"2026-01-27T08:17:14","date_gmt":"2026-01-27T08:17:14","guid":{"rendered":"https:\/\/www.ghostysky.com\/?post_type=product&#038;p=23893"},"modified":"2026-01-27T08:32:18","modified_gmt":"2026-01-27T08:32:18","slug":"agibot-a2-vr-teleoperation-kit","status":"publish","type":"product","link":"https:\/\/www.ghostysky.com\/pt\/product\/agibot-a2-vr-teleoperation-kit\/","title":{"rendered":"Kit de Teleopera\u00e7\u00e3o VR Agibot A2"},"content":{"rendered":"<h3 data-path-to-node=\"4\">Principais caracter\u00edsticas<\/h3>\n<ul data-path-to-node=\"5\">\n<li>\n<p data-path-to-node=\"5,0,0\"><b data-path-to-node=\"5,0,0\" data-index-in-node=\"0\">Espelhamento de movimento 1:1:<\/b><span class=\"citation-349 citation-end-349\"> Utilizando algoritmos propriet\u00e1rios de interpola\u00e7\u00e3o cinem\u00e1tica, o kit mapeia os movimentos da sua cabe\u00e7a, tronco e bra\u00e7os diretamente no Agibot A2.<\/span> Se voc\u00ea inclinar a cabe\u00e7a ou estender a m\u00e3o para pegar um objeto, o rob\u00f4 far\u00e1 o mesmo com uma lat\u00eancia inferior a 20 ms.<\/p>\n<\/li>\n<li>\n<p data-path-to-node=\"5,1,0\"><b data-path-to-node=\"5,1,0\" data-index-in-node=\"0\"><span class=\"citation-348\">Feedback t\u00e1til por eco:<\/span><\/b><span class=\"citation-348 citation-end-348\"> Integrado \u00e0s luvas de controle, este sistema utiliza microvibradores que respondem \u00e0s leituras de for\u00e7a e torque das articula\u00e7\u00f5es do rob\u00f4.<\/span> Voc\u00ea n\u00e3o apenas v\u00ea o rob\u00f4 tocar um objeto; voc\u00ea sente a resist\u00eancia.<\/p>\n<\/li>\n<li>\n<p data-path-to-node=\"5,2,0\"><b data-path-to-node=\"5,2,0\" data-index-in-node=\"0\">Vis\u00e3o imersiva em primeira pessoa (FPV):<\/b> O headset de realidade virtual de alta resolu\u00e7\u00e3o transmite dados em tempo real das c\u00e2meras de vis\u00e3o dupla e olho de peixe do A2, proporcionando uma vis\u00e3o grande angular e precisa em profundidade do ambiente do rob\u00f4.<\/p>\n<\/li>\n<li>\n<p data-path-to-node=\"5,3,0\"><b data-path-to-node=\"5,3,0\" data-index-in-node=\"0\">Conectividade Plug-and-Play:<\/b><span class=\"citation-347 citation-end-347\"> Constru\u00eddo sobre uma infraestrutura de malha Wi-Fi 6E de dupla frequ\u00eancia, o kit emparelha automaticamente com o A2, garantindo uma conex\u00e3o est\u00e1vel e resistente a interfer\u00eancias, mesmo em ambientes industriais congestionados.<\/span><\/p>\n<\/li>\n<li>\n<p data-path-to-node=\"5,4,0\"><b data-path-to-node=\"5,4,0\" data-index-in-node=\"0\">Barreira de codifica\u00e7\u00e3o zero:<\/b><span class=\"citation-346 citation-end-346\"> Projetada para ser acess\u00edvel, a interface permite que usu\u00e1rios sem qualquer experi\u00eancia em rob\u00f3tica se tornem operadores remotos proficientes em apenas duas horas.<\/span><\/p>\n<\/li>\n<\/ul>\n<h3 data-path-to-node=\"9\">Por que escolher o kit A2 VR?<\/h3>\n<ol start=\"1\" data-path-to-node=\"10\">\n<li>\n<p data-path-to-node=\"10,0,0\"><b data-path-to-node=\"10,0,0\" data-index-in-node=\"0\"><span class=\"citation-345\">Intera\u00e7\u00e3o de precis\u00e3o:<\/span><\/b><span class=\"citation-345 citation-end-345\"> Ajustada com precis\u00e3o para tarefas delicadas, como manusear pequenos componentes eletr\u00f4nicos ou navegar por v\u00e1lvulas industriais complexas, onde a IA aut\u00f4noma ainda pode exigir interven\u00e7\u00e3o humana.<\/span><\/p>\n<\/li>\n<li>\n<p data-path-to-node=\"10,1,0\"><b data-path-to-node=\"10,1,0\" data-index-in-node=\"0\">Telepresen\u00e7a segura:<\/b> Implante o Agibot A2 em ambientes perigosos ou est\u00e9reis enquanto o operador permanece em um local seguro e confort\u00e1vel.<\/p>\n<\/li>\n<li>\n<p data-path-to-node=\"10,2,0\"><b data-path-to-node=\"10,2,0\" data-index-in-node=\"0\">Gera\u00e7\u00e3o de dados:<\/b> Uma ferramenta essencial para desenvolvedores que utilizam <b data-path-to-node=\"10,2,0\" data-index-in-node=\"56\">AIDEA<\/b> (Solu\u00e7\u00e3o de dados da Agibot). Use o kit de realidade virtual para executar tarefas e registrar dados de alta fidelidade com &quot;intera\u00e7\u00e3o humana&quot; para treinar futuros modelos aut\u00f4nomos.<\/p>\n<\/li>\n<\/ol>\n<blockquote data-path-to-node=\"11\">\n<p data-path-to-node=\"11,0\"><b data-path-to-node=\"11,0\" data-index-in-node=\"0\">Observa\u00e7\u00e3o:<\/b> Este kit \u00e9 um acess\u00f3rio oficial e requer uma unidade humanoide Agibot A2 para funcionar. Inclui o headset de realidade virtual, luvas h\u00e1pticas e a ponte de comunica\u00e7\u00e3o necess\u00e1ria.<\/p>\n<\/blockquote>\n<h3 data-path-to-node=\"11,0\">Especifica\u00e7\u00f5es t\u00e9cnicas<\/h3>\n<p><a href=\"https:\/\/www.ghostysky.com\/wp-content\/uploads\/2026\/01\/GH_Agibot_A2_VR_Table.png\"><img fetchpriority=\"high\" decoding=\"async\" class=\"alignnone wp-image-23896 size-full lazyload\" src=\"data:image\/gif;base64,R0lGODlhAQABAAAAACH5BAEKAAEALAAAAAABAAEAAAICTAEAOw==\" alt=\"\" width=\"1236\" height=\"1970\" sizes=\"(max-width: 1236px) 100vw, 1236px\" data-src=\"https:\/\/www.ghostysky.com\/wp-content\/uploads\/2026\/01\/GH_Agibot_A2_VR_Table.png\" data-srcset=\"https:\/\/www.ghostysky.com\/wp-content\/uploads\/2026\/01\/GH_Agibot_A2_VR_Table.png 1236w, https:\/\/www.ghostysky.com\/wp-content\/uploads\/2026\/01\/GH_Agibot_A2_VR_Table-188x300.png 188w, https:\/\/www.ghostysky.com\/wp-content\/uploads\/2026\/01\/GH_Agibot_A2_VR_Table-642x1024.png 642w, https:\/\/www.ghostysky.com\/wp-content\/uploads\/2026\/01\/GH_Agibot_A2_VR_Table-768x1224.png 768w, https:\/\/www.ghostysky.com\/wp-content\/uploads\/2026\/01\/GH_Agibot_A2_VR_Table-964x1536.png 964w, https:\/\/www.ghostysky.com\/wp-content\/uploads\/2026\/01\/GH_Agibot_A2_VR_Table-8x12.png 8w, https:\/\/www.ghostysky.com\/wp-content\/uploads\/2026\/01\/GH_Agibot_A2_VR_Table-720x1148.png 720w, https:\/\/www.ghostysky.com\/wp-content\/uploads\/2026\/01\/GH_Agibot_A2_VR_Table-600x956.png 600w\"><\/a><\/p>","protected":false},"excerpt":{"rendered":"<p data-path-to-node=\"1\"><span class=\"citation-350\">O <\/span><b data-path-to-node=\"1\" data-index-in-node=\"4\"><span class=\"citation-350\">Kit de Teleopera\u00e7\u00e3o VR Agibot A2<\/span><\/b><span class=\"citation-350 citation-end-350\"> \u00c9 uma interface de controle de \u00faltima gera\u00e7\u00e3o projetada especificamente para o rob\u00f4 humanoide Agibot A2.<\/span> Ao ir al\u00e9m dos joysticks tradicionais e das interfaces complexas baseadas em c\u00f3digo, este kit permite que os usu\u00e1rios &quot;entrem dentro&quot; do rob\u00f4, controlando seus movimentos complexos por meio de gestos humanos intuitivos.<\/p>\n<p data-path-to-node=\"2\">Seja para manuten\u00e7\u00e3o industrial de alto risco, pesquisa remota ou coleta de dados de treinamento de alta qualidade para IA Incorporada, o A2 VR Kit transforma a opera\u00e7\u00e3o remota em uma experi\u00eancia perfeita em primeira pessoa.<\/p>\n<p data-path-to-node=\"2\">(Compat\u00edvel apenas com AGIBOT A2 Ultra e AGIBOT A2 Lite)<\/p>","protected":false},"featured_media":23895,"comment_status":"open","ping_status":"closed","template":"","meta":[],"product_brand":[1345],"product_cat":[1342,1344,1038,1037],"product_tag":[1346,1353],"class_list":{"0":"post-23893","1":"product","2":"type-product","3":"status-publish","4":"has-post-thumbnail","6":"product_brand-agibot","7":"product_cat-agibot","8":"product_cat-agibot-accessories","9":"product_cat-humanoid","10":"product_cat-robotics","11":"product_tag-agibot","12":"product_tag-agibot-accessories","14":"first","15":"outofstock","16":"taxable","17":"shipping-taxable","18":"product-type-simple"},"yoast_head":"<!-- This site is optimized with the Yoast SEO plugin v27.4 - https:\/\/yoast.com\/product\/yoast-seo-wordpress\/ -->\n<title>Agibot A2 VR Teleoperation Kit - Ghostysky<\/title>\n<meta name=\"description\" content=\"The Agibot A2 VR Teleoperation Kit is a state-of-the-art control interface designed specifically for the Agibot A2 humanoid robot. By moving beyond traditional joysticks and code-heavy interfaces, this kit allows users to &quot;step inside&quot; the robot, controlling its complex movements through intuitive human motion.Whether used for high-stakes industrial maintenance, remote research, or gathering high-quality training data for Embodied AI, the A2 VR Kit transforms remote operation into a seamless, first-person experience.\" \/>\n<meta name=\"robots\" content=\"index, follow, max-snippet:-1, max-image-preview:large, max-video-preview:-1\" \/>\n<link rel=\"canonical\" href=\"https:\/\/www.ghostysky.com\/pt\/produto-2\/agibot-a2-vr-teleoperation-kit\/\" \/>\n<meta property=\"og:locale\" content=\"pt_PT\" \/>\n<meta property=\"og:type\" content=\"article\" \/>\n<meta property=\"og:title\" content=\"Agibot A2 VR Teleoperation Kit - Ghostysky\" \/>\n<meta property=\"og:description\" content=\"The Agibot A2 VR Teleoperation Kit is a state-of-the-art control interface designed specifically for the Agibot A2 humanoid robot. By moving beyond traditional joysticks and code-heavy interfaces, this kit allows users to &quot;step inside&quot; the robot, controlling its complex movements through intuitive human motion.Whether used for high-stakes industrial maintenance, remote research, or gathering high-quality training data for Embodied AI, the A2 VR Kit transforms remote operation into a seamless, first-person experience.\" \/>\n<meta property=\"og:url\" content=\"https:\/\/www.ghostysky.com\/pt\/produto-2\/agibot-a2-vr-teleoperation-kit\/\" \/>\n<meta property=\"og:site_name\" content=\"Ghostysky\" \/>\n<meta property=\"article:publisher\" content=\"https:\/\/www.facebook.com\/people\/Ghostysky\/100057676170234\/\" \/>\n<meta property=\"article:modified_time\" content=\"2026-01-27T08:32:18+00:00\" \/>\n<meta property=\"og:image\" content=\"https:\/\/www.ghostysky.com\/wp-content\/uploads\/2026\/01\/GH_Agibot_A2_VR_Kit_1.png\" \/>\n\t<meta property=\"og:image:width\" content=\"883\" \/>\n\t<meta property=\"og:image:height\" content=\"552\" \/>\n\t<meta property=\"og:image:type\" content=\"image\/png\" \/>\n<meta name=\"twitter:card\" content=\"summary_large_image\" \/>\n<meta name=\"twitter:site\" content=\"@Gh0stysky\" \/>\n<meta name=\"twitter:label1\" content=\"Tempo estimado de leitura\" \/>\n\t<meta name=\"twitter:data1\" content=\"2 minutos\" \/>\n<script type=\"application\/ld+json\" class=\"yoast-schema-graph\">{\"@context\":\"https:\\\/\\\/schema.org\",\"@graph\":[{\"@type\":\"WebPage\",\"@id\":\"https:\\\/\\\/www.ghostysky.com\\\/product\\\/agibot-a2-vr-teleoperation-kit\\\/\",\"url\":\"https:\\\/\\\/www.ghostysky.com\\\/product\\\/agibot-a2-vr-teleoperation-kit\\\/\",\"name\":\"Agibot A2 VR Teleoperation Kit - Ghostysky\",\"isPartOf\":{\"@id\":\"https:\\\/\\\/www.ghostysky.com\\\/#website\"},\"primaryImageOfPage\":{\"@id\":\"https:\\\/\\\/www.ghostysky.com\\\/product\\\/agibot-a2-vr-teleoperation-kit\\\/#primaryimage\"},\"image\":{\"@id\":\"https:\\\/\\\/www.ghostysky.com\\\/product\\\/agibot-a2-vr-teleoperation-kit\\\/#primaryimage\"},\"thumbnailUrl\":\"https:\\\/\\\/www.ghostysky.com\\\/wp-content\\\/uploads\\\/2026\\\/01\\\/GH_Agibot_A2_VR_Kit_1.png\",\"datePublished\":\"2026-01-27T08:17:14+00:00\",\"dateModified\":\"2026-01-27T08:32:18+00:00\",\"description\":\"The Agibot A2 VR Teleoperation Kit is a state-of-the-art control interface designed specifically for the Agibot A2 humanoid robot. By moving beyond traditional joysticks and code-heavy interfaces, this kit allows users to \\\"step inside\\\" the robot, controlling its complex movements through intuitive human motion.Whether used for high-stakes industrial maintenance, remote research, or gathering high-quality training data for Embodied AI, the A2 VR Kit transforms remote operation into a seamless, first-person experience.\",\"breadcrumb\":{\"@id\":\"https:\\\/\\\/www.ghostysky.com\\\/product\\\/agibot-a2-vr-teleoperation-kit\\\/#breadcrumb\"},\"inLanguage\":\"pt-PT\",\"potentialAction\":[{\"@type\":\"ReadAction\",\"target\":[\"https:\\\/\\\/www.ghostysky.com\\\/product\\\/agibot-a2-vr-teleoperation-kit\\\/\"]}]},{\"@type\":\"ImageObject\",\"inLanguage\":\"pt-PT\",\"@id\":\"https:\\\/\\\/www.ghostysky.com\\\/product\\\/agibot-a2-vr-teleoperation-kit\\\/#primaryimage\",\"url\":\"https:\\\/\\\/www.ghostysky.com\\\/wp-content\\\/uploads\\\/2026\\\/01\\\/GH_Agibot_A2_VR_Kit_1.png\",\"contentUrl\":\"https:\\\/\\\/www.ghostysky.com\\\/wp-content\\\/uploads\\\/2026\\\/01\\\/GH_Agibot_A2_VR_Kit_1.png\",\"width\":883,\"height\":552},{\"@type\":\"BreadcrumbList\",\"@id\":\"https:\\\/\\\/www.ghostysky.com\\\/product\\\/agibot-a2-vr-teleoperation-kit\\\/#breadcrumb\",\"itemListElement\":[{\"@type\":\"ListItem\",\"position\":1,\"name\":\"Home\",\"item\":\"https:\\\/\\\/www.ghostysky.com\\\/\"},{\"@type\":\"ListItem\",\"position\":2,\"name\":\"Shop\",\"item\":\"https:\\\/\\\/www.ghostysky.com\\\/shop\\\/\"},{\"@type\":\"ListItem\",\"position\":3,\"name\":\"Agibot A2 VR Teleoperation Kit\"}]},{\"@type\":\"WebSite\",\"@id\":\"https:\\\/\\\/www.ghostysky.com\\\/#website\",\"url\":\"https:\\\/\\\/www.ghostysky.com\\\/\",\"name\":\"Ghostysky\",\"description\":\"Delivering professional drones and services\",\"publisher\":{\"@id\":\"https:\\\/\\\/www.ghostysky.com\\\/#organization\"},\"potentialAction\":[{\"@type\":\"SearchAction\",\"target\":{\"@type\":\"EntryPoint\",\"urlTemplate\":\"https:\\\/\\\/www.ghostysky.com\\\/?s={search_term_string}\"},\"query-input\":{\"@type\":\"PropertyValueSpecification\",\"valueRequired\":true,\"valueName\":\"search_term_string\"}}],\"inLanguage\":\"pt-PT\"},{\"@type\":\"Organization\",\"@id\":\"https:\\\/\\\/www.ghostysky.com\\\/#organization\",\"name\":\"Ghostysky\",\"url\":\"https:\\\/\\\/www.ghostysky.com\\\/\",\"logo\":{\"@type\":\"ImageObject\",\"inLanguage\":\"pt-PT\",\"@id\":\"https:\\\/\\\/www.ghostysky.com\\\/#\\\/schema\\\/logo\\\/image\\\/\",\"url\":\"https:\\\/\\\/www.ghostysky.com\\\/wp-content\\\/uploads\\\/2020\\\/06\\\/cropped-ghostyskylogo_text_white2.png\",\"contentUrl\":\"https:\\\/\\\/www.ghostysky.com\\\/wp-content\\\/uploads\\\/2020\\\/06\\\/cropped-ghostyskylogo_text_white2.png\",\"width\":169,\"height\":56,\"caption\":\"Ghostysky\"},\"image\":{\"@id\":\"https:\\\/\\\/www.ghostysky.com\\\/#\\\/schema\\\/logo\\\/image\\\/\"},\"sameAs\":[\"https:\\\/\\\/www.facebook.com\\\/people\\\/Ghostysky\\\/100057676170234\\\/\",\"https:\\\/\\\/x.com\\\/Gh0stysky\",\"https:\\\/\\\/www.linkedin.com\\\/company\\\/34739653\",\"https:\\\/\\\/www.instagram.com\\\/gh0stysky\"]}]}<\/script>\n<!-- \/ Yoast SEO plugin. -->","yoast_head_json":{"title":"Kit de teleopera\u00e7\u00e3o Agibot A2 VR - Ghostysky","description":"O Kit de Teleopera\u00e7\u00e3o VR para Agibot A2 \u00e9 uma interface de controle de \u00faltima gera\u00e7\u00e3o, projetada especificamente para o rob\u00f4 humanoide Agibot A2. Ao superar os joysticks tradicionais e interfaces complexas com c\u00f3digo, este kit permite que os usu\u00e1rios &quot;entrem&quot; no rob\u00f4, controlando seus movimentos complexos por meio de gestos humanos intuitivos. Seja para manuten\u00e7\u00e3o industrial de alta complexidade, pesquisa remota ou coleta de dados de treinamento de alta qualidade para Intelig\u00eancia Artificial Incorporada, o Kit VR para A2 transforma a opera\u00e7\u00e3o remota em uma experi\u00eancia perfeita em primeira pessoa.","robots":{"index":"index","follow":"follow","max-snippet":"max-snippet:-1","max-image-preview":"max-image-preview:large","max-video-preview":"max-video-preview:-1"},"canonical":"https:\/\/www.ghostysky.com\/pt\/produto-2\/agibot-a2-vr-teleoperation-kit\/","og_locale":"pt_PT","og_type":"article","og_title":"Agibot A2 VR Teleoperation Kit - Ghostysky","og_description":"The Agibot A2 VR Teleoperation Kit is a state-of-the-art control interface designed specifically for the Agibot A2 humanoid robot. By moving beyond traditional joysticks and code-heavy interfaces, this kit allows users to \"step inside\" the robot, controlling its complex movements through intuitive human motion.Whether used for high-stakes industrial maintenance, remote research, or gathering high-quality training data for Embodied AI, the A2 VR Kit transforms remote operation into a seamless, first-person experience.","og_url":"https:\/\/www.ghostysky.com\/pt\/produto-2\/agibot-a2-vr-teleoperation-kit\/","og_site_name":"Ghostysky","article_publisher":"https:\/\/www.facebook.com\/people\/Ghostysky\/100057676170234\/","article_modified_time":"2026-01-27T08:32:18+00:00","og_image":[{"width":883,"height":552,"url":"https:\/\/www.ghostysky.com\/wp-content\/uploads\/2026\/01\/GH_Agibot_A2_VR_Kit_1.png","type":"image\/png"}],"twitter_card":"summary_large_image","twitter_site":"@Gh0stysky","twitter_misc":{"Tempo estimado de leitura":"2 minutos"},"schema":{"@context":"https:\/\/schema.org","@graph":[{"@type":"WebPage","@id":"https:\/\/www.ghostysky.com\/product\/agibot-a2-vr-teleoperation-kit\/","url":"https:\/\/www.ghostysky.com\/product\/agibot-a2-vr-teleoperation-kit\/","name":"Kit de teleopera\u00e7\u00e3o Agibot A2 VR - Ghostysky","isPartOf":{"@id":"https:\/\/www.ghostysky.com\/#website"},"primaryImageOfPage":{"@id":"https:\/\/www.ghostysky.com\/product\/agibot-a2-vr-teleoperation-kit\/#primaryimage"},"image":{"@id":"https:\/\/www.ghostysky.com\/product\/agibot-a2-vr-teleoperation-kit\/#primaryimage"},"thumbnailUrl":"https:\/\/www.ghostysky.com\/wp-content\/uploads\/2026\/01\/GH_Agibot_A2_VR_Kit_1.png","datePublished":"2026-01-27T08:17:14+00:00","dateModified":"2026-01-27T08:32:18+00:00","description":"O Kit de Teleopera\u00e7\u00e3o VR para Agibot A2 \u00e9 uma interface de controle de \u00faltima gera\u00e7\u00e3o, projetada especificamente para o rob\u00f4 humanoide Agibot A2. Ao superar os joysticks tradicionais e interfaces complexas com c\u00f3digo, este kit permite que os usu\u00e1rios &quot;entrem&quot; no rob\u00f4, controlando seus movimentos complexos por meio de gestos humanos intuitivos. Seja para manuten\u00e7\u00e3o industrial de alta complexidade, pesquisa remota ou coleta de dados de treinamento de alta qualidade para Intelig\u00eancia Artificial Incorporada, o Kit VR para A2 transforma a opera\u00e7\u00e3o remota em uma experi\u00eancia perfeita em primeira pessoa.","breadcrumb":{"@id":"https:\/\/www.ghostysky.com\/product\/agibot-a2-vr-teleoperation-kit\/#breadcrumb"},"inLanguage":"pt-PT","potentialAction":[{"@type":"ReadAction","target":["https:\/\/www.ghostysky.com\/product\/agibot-a2-vr-teleoperation-kit\/"]}]},{"@type":"ImageObject","inLanguage":"pt-PT","@id":"https:\/\/www.ghostysky.com\/product\/agibot-a2-vr-teleoperation-kit\/#primaryimage","url":"https:\/\/www.ghostysky.com\/wp-content\/uploads\/2026\/01\/GH_Agibot_A2_VR_Kit_1.png","contentUrl":"https:\/\/www.ghostysky.com\/wp-content\/uploads\/2026\/01\/GH_Agibot_A2_VR_Kit_1.png","width":883,"height":552},{"@type":"BreadcrumbList","@id":"https:\/\/www.ghostysky.com\/product\/agibot-a2-vr-teleoperation-kit\/#breadcrumb","itemListElement":[{"@type":"ListItem","position":1,"name":"Home","item":"https:\/\/www.ghostysky.com\/"},{"@type":"ListItem","position":2,"name":"Shop","item":"https:\/\/www.ghostysky.com\/shop\/"},{"@type":"ListItem","position":3,"name":"Agibot A2 VR Teleoperation Kit"}]},{"@type":"WebSite","@id":"https:\/\/www.ghostysky.com\/#website","url":"https:\/\/www.ghostysky.com\/","name":"Ghostysky","description":"Fornecendo drones e servi\u00e7os profissionais","publisher":{"@id":"https:\/\/www.ghostysky.com\/#organization"},"potentialAction":[{"@type":"SearchAction","target":{"@type":"EntryPoint","urlTemplate":"https:\/\/www.ghostysky.com\/?s={search_term_string}"},"query-input":{"@type":"PropertyValueSpecification","valueRequired":true,"valueName":"search_term_string"}}],"inLanguage":"pt-PT"},{"@type":"Organization","@id":"https:\/\/www.ghostysky.com\/#organization","name":"Ghostysky","url":"https:\/\/www.ghostysky.com\/","logo":{"@type":"ImageObject","inLanguage":"pt-PT","@id":"https:\/\/www.ghostysky.com\/#\/schema\/logo\/image\/","url":"https:\/\/www.ghostysky.com\/wp-content\/uploads\/2020\/06\/cropped-ghostyskylogo_text_white2.png","contentUrl":"https:\/\/www.ghostysky.com\/wp-content\/uploads\/2020\/06\/cropped-ghostyskylogo_text_white2.png","width":169,"height":56,"caption":"Ghostysky"},"image":{"@id":"https:\/\/www.ghostysky.com\/#\/schema\/logo\/image\/"},"sameAs":["https:\/\/www.facebook.com\/people\/Ghostysky\/100057676170234\/","https:\/\/x.com\/Gh0stysky","https:\/\/www.linkedin.com\/company\/34739653","https:\/\/www.instagram.com\/gh0stysky"]}]}},"_links":{"self":[{"href":"https:\/\/www.ghostysky.com\/pt\/wp-json\/wp\/v2\/product\/23893","targetHints":{"allow":["GET"]}}],"collection":[{"href":"https:\/\/www.ghostysky.com\/pt\/wp-json\/wp\/v2\/product"}],"about":[{"href":"https:\/\/www.ghostysky.com\/pt\/wp-json\/wp\/v2\/types\/product"}],"replies":[{"embeddable":true,"href":"https:\/\/www.ghostysky.com\/pt\/wp-json\/wp\/v2\/comments?post=23893"}],"version-history":[{"count":0,"href":"https:\/\/www.ghostysky.com\/pt\/wp-json\/wp\/v2\/product\/23893\/revisions"}],"wp:featuredmedia":[{"embeddable":true,"href":"https:\/\/www.ghostysky.com\/pt\/wp-json\/wp\/v2\/media\/23895"}],"wp:attachment":[{"href":"https:\/\/www.ghostysky.com\/pt\/wp-json\/wp\/v2\/media?parent=23893"}],"wp:term":[{"taxonomy":"product_brand","embeddable":true,"href":"https:\/\/www.ghostysky.com\/pt\/wp-json\/wp\/v2\/product_brand?post=23893"},{"taxonomy":"product_cat","embeddable":true,"href":"https:\/\/www.ghostysky.com\/pt\/wp-json\/wp\/v2\/product_cat?post=23893"},{"taxonomy":"product_tag","embeddable":true,"href":"https:\/\/www.ghostysky.com\/pt\/wp-json\/wp\/v2\/product_tag?post=23893"}],"curies":[{"name":"wp","href":"https:\/\/api.w.org\/{rel}","templated":true}]}}