{"id":23898,"date":"2026-01-27T08:37:52","date_gmt":"2026-01-27T08:37:52","guid":{"rendered":"https:\/\/www.ghostysky.com\/?post_type=product&#038;p=23898"},"modified":"2026-01-27T08:55:18","modified_gmt":"2026-01-27T08:55:18","slug":"agibot-g2","status":"publish","type":"product","link":"https:\/\/www.ghostysky.com\/pt\/product\/agibot-g2\/","title":{"rendered":"Agibot G2"},"content":{"rendered":"<h3 data-path-to-node=\"3\">Principais recursos e capacidades<\/h3>\n<ul data-path-to-node=\"4\">\n<li>\n<p data-path-to-node=\"4,0,0\"><b data-path-to-node=\"4,0,0\" data-index-in-node=\"0\">Destreza semelhante \u00e0 humana:<\/b><span class=\"citation-386\"> Equipado com o primeiro do mundo <\/span><b data-path-to-node=\"4,0,0\" data-index-in-node=\"54\"><span class=\"citation-386\">bra\u00e7os de pulso em forma de cruz controlados por for\u00e7a<\/span><\/b><span class=\"citation-386 citation-end-386\"> e 7 graus de liberdade (DoF) por bra\u00e7o.<\/span> <span class=\"citation-385 citation-end-385\">Possui sensores de torque de alta precis\u00e3o que permitem manipular objetos delicados \u2014 como ovos crus ou componentes eletr\u00f4nicos \u2014 sem danific\u00e1-los.<\/span><\/p>\n<\/li>\n<li>\n<p data-path-to-node=\"4,1,0\"><b data-path-to-node=\"4,1,0\" data-index-in-node=\"0\">Mobilidade omnidirecional:<\/b><span class=\"citation-384\"> Ao contr\u00e1rio dos rob\u00f4s b\u00edpedes tradicionais que podem ter dificuldades com a velocidade, o G2 utiliza um <\/span><b data-path-to-node=\"4,1,0\" data-index-in-node=\"108\"><span class=\"citation-384\">base humanoide sobre rodas<\/span><\/b><span class=\"citation-384 citation-end-384\">.<\/span> <span class=\"citation-383\">Isso permite movimentos \u00e1geis de 360 graus a velocidades de at\u00e9 <\/span><b data-path-to-node=\"4,1,0\" data-index-in-node=\"190\"><span class=\"citation-383\">1,5 m\/s<\/span><\/b><span class=\"citation-383 citation-end-383\">, o que a torna ideal para navegar pelos corredores movimentados de armaz\u00e9ns.<\/span><\/p>\n<\/li>\n<li>\n<p data-path-to-node=\"4,2,0\"><b data-path-to-node=\"4,2,0\" data-index-in-node=\"0\"><span class=\"citation-382\">Intelig\u00eancia Artificial Incorporada (GO-1 e GE-1):<\/span><\/b><span class=\"citation-382 citation-end-382\"> Equipado com a arquitetura propriet\u00e1ria de &quot;c\u00e9rebro de 3 camadas&quot; da Agibot.<\/span> <span class=\"citation-381\">O <\/span><b data-path-to-node=\"4,2,0\" data-index-in-node=\"93\"><span class=\"citation-381\">Modelo GO-1<\/span><\/b><span class=\"citation-381\"> Lida com a percep\u00e7\u00e3o e o planejamento, enquanto o <\/span><b data-path-to-node=\"4,2,0\" data-index-in-node=\"147\"><span class=\"citation-381\">Modelo mundial GE-1<\/span><\/b><span class=\"citation-381 citation-end-381\"> Permite que o rob\u00f4 &quot;ensaiar&quot; tarefas em um espa\u00e7o virtual antes da execu\u00e7\u00e3o f\u00edsica, reduzindo significativamente as tentativas e erros.<\/span><\/p>\n<\/li>\n<li>\n<p data-path-to-node=\"4,3,0\"><b data-path-to-node=\"4,3,0\" data-index-in-node=\"0\"><span class=\"citation-380\">Opera\u00e7\u00e3o cont\u00ednua 24 horas por dia, 7 dias por semana:<\/span><\/b><span class=\"citation-380\"> Projetado para suportar os rigores dos turnos industriais, o G2 apresenta um <\/span><b data-path-to-node=\"4,3,0\" data-index-in-node=\"91\"><span class=\"citation-380\">design de bateria dupla substitu\u00edvel a quente<\/span><\/b><span class=\"citation-380 citation-end-380\"> e recursos de carregamento aut\u00f4nomo, garantindo zero tempo de inatividade.<\/span><\/p>\n<\/li>\n<li>\n<p data-path-to-node=\"4,4,0\"><b data-path-to-node=\"4,4,0\" data-index-in-node=\"0\">Computa\u00e7\u00e3o embarcada de grande porte:<\/b><span class=\"citation-379\"> Integrado com o <\/span><b data-path-to-node=\"4,4,0\" data-index-in-node=\"46\"><span class=\"citation-379\">NVIDIA Jetson Thor T5000<\/span><\/b><span class=\"citation-379\">, fornecendo at\u00e9 <\/span><b data-path-to-node=\"4,4,0\" data-index-in-node=\"88\"><span class=\"citation-379\">2070 TFLOPS<\/span><\/b><span class=\"citation-379 citation-end-379\"> do poder da IA.<\/span> <span class=\"citation-378 citation-end-378\">Isso possibilita a tomada de decis\u00f5es em tempo real com lat\u00eancia inferior a 10ms.<\/span><\/p>\n<p>&nbsp;<\/li>\n<\/ul>\n<h3 data-path-to-node=\"6\">Especifica\u00e7\u00f5es t\u00e9cnicas<\/h3>\n<table data-path-to-node=\"7\">\n<thead>\n<tr>\n<td><strong>Recurso<\/strong><\/td>\n<td><strong>Especifica\u00e7\u00f5es<\/strong><\/td>\n<\/tr>\n<\/thead>\n<tbody>\n<tr>\n<td><span data-path-to-node=\"7,1,0,0\"><b data-path-to-node=\"7,1,0,0\" data-index-in-node=\"0\">Altura<\/b><\/span><\/td>\n<td><span data-path-to-node=\"7,1,1,0\">1,2 m a 1,8 m (Vari\u00e1vel\/Ajust\u00e1vel)<\/span><\/td>\n<\/tr>\n<tr>\n<td><span data-path-to-node=\"7,2,0,0\"><b data-path-to-node=\"7,2,0,0\" data-index-in-node=\"0\">Peso<\/b><\/span><\/td>\n<td><span data-path-to-node=\"7,2,1,0\">185 kg<\/span><\/td>\n<\/tr>\n<tr>\n<td><span data-path-to-node=\"7,3,0,0\"><b data-path-to-node=\"7,3,0,0\" data-index-in-node=\"0\">Carga \u00fatil<\/b><\/span><\/td>\n<td><span data-path-to-node=\"7,3,1,0\">5 kg por bra\u00e7o<\/span><\/td>\n<\/tr>\n<tr>\n<td><span data-path-to-node=\"7,4,0,0\"><b data-path-to-node=\"7,4,0,0\" data-index-in-node=\"0\">Graus de Liberdade<\/b><\/span><\/td>\n<td><span data-path-to-node=\"7,4,1,0\">26+ (Corpo inteiro); 7 por bra\u00e7o<\/span><\/td>\n<\/tr>\n<tr>\n<td><span data-path-to-node=\"7,5,0,0\"><b data-path-to-node=\"7,5,0,0\" data-index-in-node=\"0\">Sensores<\/b><\/span><\/td>\n<td><span data-path-to-node=\"7,5,1,0\">LiDAR duplo, c\u00e2meras est\u00e9reo, vis\u00e3o 360\u00b0, conjunto de microfones<\/span><\/td>\n<\/tr>\n<tr>\n<td><span data-path-to-node=\"7,6,0,0\"><b data-path-to-node=\"7,6,0,0\" data-index-in-node=\"0\">Prote\u00e7\u00e3o de entrada<\/b><\/span><\/td>\n<td><span data-path-to-node=\"7,6,1,0\">IP42 (Corpo) \/ IP50 (Bra\u00e7os)<\/span><\/td>\n<\/tr>\n<tr>\n<td><span data-path-to-node=\"7,7,0,0\"><b data-path-to-node=\"7,7,0,0\" data-index-in-node=\"0\">Velocidade m\u00e1xima<\/b><\/span><\/td>\n<td><span data-path-to-node=\"7,7,1,0\">1,5 m\/s (aproximadamente 5,4 km\/h)<\/span><\/td>\n<\/tr>\n<tr>\n<td><span data-path-to-node=\"7,8,0,0\"><b data-path-to-node=\"7,8,0,0\" data-index-in-node=\"0\">Capacidade da bateria<\/b><\/span><\/td>\n<td><span data-path-to-node=\"7,8,1,0\">1.652 Wh (duas baterias hot-swappable)<\/span><\/td>\n<\/tr>\n<\/tbody>\n<\/table>\n<p><a href=\"https:\/\/www.ghostysky.com\/wp-content\/uploads\/2026\/01\/GH_Agibot_G2_Prod_desc_2-scaled.jpg\"><img fetchpriority=\"high\" decoding=\"async\" class=\"alignnone wp-image-23905 size-full lazyload\" src=\"data:image\/gif;base64,R0lGODlhAQABAAAAACH5BAEKAAEALAAAAAABAAEAAAICTAEAOw==\" alt=\"\" width=\"2560\" height=\"1333\" sizes=\"(max-width: 2560px) 100vw, 2560px\" data-src=\"https:\/\/www.ghostysky.com\/wp-content\/uploads\/2026\/01\/GH_Agibot_G2_Prod_desc_2-scaled.jpg\" data-srcset=\"https:\/\/www.ghostysky.com\/wp-content\/uploads\/2026\/01\/GH_Agibot_G2_Prod_desc_2-scaled.jpg 2560w, https:\/\/www.ghostysky.com\/wp-content\/uploads\/2026\/01\/GH_Agibot_G2_Prod_desc_2-300x156.jpg 300w, https:\/\/www.ghostysky.com\/wp-content\/uploads\/2026\/01\/GH_Agibot_G2_Prod_desc_2-1024x533.jpg 1024w, https:\/\/www.ghostysky.com\/wp-content\/uploads\/2026\/01\/GH_Agibot_G2_Prod_desc_2-768x400.jpg 768w, https:\/\/www.ghostysky.com\/wp-content\/uploads\/2026\/01\/GH_Agibot_G2_Prod_desc_2-1536x800.jpg 1536w, https:\/\/www.ghostysky.com\/wp-content\/uploads\/2026\/01\/GH_Agibot_G2_Prod_desc_2-2048x1067.jpg 2048w, https:\/\/www.ghostysky.com\/wp-content\/uploads\/2026\/01\/GH_Agibot_G2_Prod_desc_2-18x9.jpg 18w, https:\/\/www.ghostysky.com\/wp-content\/uploads\/2026\/01\/GH_Agibot_G2_Prod_desc_2-720x375.jpg 720w, https:\/\/www.ghostysky.com\/wp-content\/uploads\/2026\/01\/GH_Agibot_G2_Prod_desc_2-600x313.jpg 600w\"><\/a><\/p>\n<p><a href=\"https:\/\/www.ghostysky.com\/wp-content\/uploads\/2026\/01\/GH_Agibot_G2_Prod_desc_1-scaled.jpg\"><img decoding=\"async\" class=\"alignnone wp-image-23906 size-full lazyload\" src=\"data:image\/gif;base64,R0lGODlhAQABAAAAACH5BAEKAAEALAAAAAABAAEAAAICTAEAOw==\" alt=\"\" width=\"1882\" height=\"2560\" sizes=\"(max-width: 1882px) 100vw, 1882px\" data-src=\"https:\/\/www.ghostysky.com\/wp-content\/uploads\/2026\/01\/GH_Agibot_G2_Prod_desc_1-scaled.jpg\" data-srcset=\"https:\/\/www.ghostysky.com\/wp-content\/uploads\/2026\/01\/GH_Agibot_G2_Prod_desc_1-scaled.jpg 1882w, https:\/\/www.ghostysky.com\/wp-content\/uploads\/2026\/01\/GH_Agibot_G2_Prod_desc_1-221x300.jpg 221w, https:\/\/www.ghostysky.com\/wp-content\/uploads\/2026\/01\/GH_Agibot_G2_Prod_desc_1-753x1024.jpg 753w, https:\/\/www.ghostysky.com\/wp-content\/uploads\/2026\/01\/GH_Agibot_G2_Prod_desc_1-768x1044.jpg 768w, https:\/\/www.ghostysky.com\/wp-content\/uploads\/2026\/01\/GH_Agibot_G2_Prod_desc_1-1129x1536.jpg 1129w, https:\/\/www.ghostysky.com\/wp-content\/uploads\/2026\/01\/GH_Agibot_G2_Prod_desc_1-1506x2048.jpg 1506w, https:\/\/www.ghostysky.com\/wp-content\/uploads\/2026\/01\/GH_Agibot_G2_Prod_desc_1-9x12.jpg 9w, https:\/\/www.ghostysky.com\/wp-content\/uploads\/2026\/01\/GH_Agibot_G2_Prod_desc_1-720x979.jpg 720w, https:\/\/www.ghostysky.com\/wp-content\/uploads\/2026\/01\/GH_Agibot_G2_Prod_desc_1-600x816.jpg 600w\"><\/a><\/p>\n<h3 data-path-to-node=\"9\">Principais casos de uso<\/h3>\n<ol start=\"1\" data-path-to-node=\"10\">\n<li>\n<p data-path-to-node=\"10,0,0\"><b data-path-to-node=\"10,0,0\" data-index-in-node=\"0\">Fabrica\u00e7\u00e3o:<\/b><span class=\"citation-377 citation-end-377\"> Tarefas em linha de montagem, como inserir m\u00f3dulos de RAM em placas-m\u00e3e ou manusear pe\u00e7as automotivas.<\/span><\/p>\n<\/li>\n<li>\n<p data-path-to-node=\"10,1,0\"><b data-path-to-node=\"10,1,0\" data-index-in-node=\"0\">Log\u00edstica:<\/b><span class=\"citation-376 citation-end-376\"> Classificar e movimentar encomendas de v\u00e1rios tamanhos utilizando as pin\u00e7as de alta precis\u00e3o \u201cOmniHand\u201d.<\/span><\/p>\n<\/li>\n<li>\n<p data-path-to-node=\"10,2,0\"><b data-path-to-node=\"10,2,0\" data-index-in-node=\"0\"><span class=\"citation-375\">Servi\u00e7os interativos:<\/span><\/b><span class=\"citation-375 citation-end-375\"> Atuando como um guia de alta tecnologia em museus ou showrooms corporativos, utilizando sua intera\u00e7\u00e3o de voz multimodal e linguagem corporal semelhante \u00e0 humana.<\/span><\/p>\n<\/li>\n<li>\n<p data-path-to-node=\"10,3,0\"><b data-path-to-node=\"10,3,0\" data-index-in-node=\"0\">Pesquisa e Desenvolvimento:<\/b><span class=\"citation-374 citation-end-374\"> Servindo como uma plataforma robusta para universidades e laborat\u00f3rios de IA testarem a intelig\u00eancia incorporada.<\/span><\/p>\n<\/li>\n<\/ol>","protected":false},"excerpt":{"rendered":"<p><span class=\"citation-388\">O <\/span><b data-path-to-node=\"1\" data-index-in-node=\"4\"><span class=\"citation-388\">Agibot G2<\/span><\/b><span class=\"citation-388 citation-end-388\"> (tamb\u00e9m conhecido como \u201cGenie\u201d) \u00e9 um rob\u00f4 humanoide interativo de \u00faltima gera\u00e7\u00e3o, de n\u00edvel industrial, projetado para preencher a lacuna entre a destreza humana e a precis\u00e3o rob\u00f3tica.<\/span> <span class=\"citation-387 citation-end-387\">Apresentado como um grande salto em rela\u00e7\u00e3o aos seus antecessores, o G2 foi projetado para lidar com tarefas complexas e de longa sequ\u00eancia em ambientes din\u00e2micos, como linhas de produ\u00e7\u00e3o, centros de log\u00edstica e showrooms comerciais.<\/span><\/p>","protected":false},"featured_media":23902,"comment_status":"open","ping_status":"closed","template":"","meta":[],"product_brand":[1345],"product_cat":[1342,1343,1038,1037],"product_tag":[1346,1354],"class_list":{"0":"post-23898","1":"product","2":"type-product","3":"status-publish","4":"has-post-thumbnail","6":"product_brand-agibot","7":"product_cat-agibot","8":"product_cat-agibot-robots","9":"product_cat-humanoid","10":"product_cat-robotics","11":"product_tag-agibot","12":"product_tag-agibot-genie-series","14":"first","15":"outofstock","16":"taxable","17":"shipping-taxable","18":"product-type-simple"},"yoast_head":"<!-- This site is optimized with the Yoast SEO plugin v27.1.1 - https:\/\/yoast.com\/product\/yoast-seo-wordpress\/ -->\n<title>Agibot G2 - Ghostysky<\/title>\n<meta name=\"description\" content=\"The Agibot G2 (also known as the &quot;Genie&quot;) is a next-generation, industrial-grade interactive humanoid robot designed to bridge the gap between human dexterity and robotic precision. Unveiled as a major leap from its predecessors, the G2 is built to handle complex, long-sequence tasks in dynamic environments like factory floors, logistics centers, and commercial showrooms.\" \/>\n<meta name=\"robots\" content=\"index, follow, max-snippet:-1, max-image-preview:large, max-video-preview:-1\" \/>\n<link rel=\"canonical\" href=\"https:\/\/www.ghostysky.com\/pt\/produto-2\/agibot-g2\/\" \/>\n<meta property=\"og:locale\" content=\"pt_PT\" \/>\n<meta property=\"og:type\" content=\"article\" \/>\n<meta property=\"og:title\" content=\"Agibot G2 - Ghostysky\" \/>\n<meta property=\"og:description\" content=\"The Agibot G2 (also known as the &quot;Genie&quot;) is a next-generation, industrial-grade interactive humanoid robot designed to bridge the gap between human dexterity and robotic precision. Unveiled as a major leap from its predecessors, the G2 is built to handle complex, long-sequence tasks in dynamic environments like factory floors, logistics centers, and commercial showrooms.\" \/>\n<meta property=\"og:url\" content=\"https:\/\/www.ghostysky.com\/pt\/produto-2\/agibot-g2\/\" \/>\n<meta property=\"og:site_name\" content=\"Ghostysky\" \/>\n<meta property=\"article:publisher\" content=\"https:\/\/www.facebook.com\/people\/Ghostysky\/100057676170234\/\" \/>\n<meta property=\"article:modified_time\" content=\"2026-01-27T08:55:18+00:00\" \/>\n<meta property=\"og:image\" content=\"https:\/\/www.ghostysky.com\/wp-content\/uploads\/2026\/01\/GH_Agibot_G2_1.png\" \/>\n\t<meta property=\"og:image:width\" content=\"467\" \/>\n\t<meta property=\"og:image:height\" content=\"855\" \/>\n\t<meta property=\"og:image:type\" content=\"image\/png\" \/>\n<meta name=\"twitter:card\" content=\"summary_large_image\" \/>\n<meta name=\"twitter:site\" content=\"@Gh0stysky\" \/>\n<meta name=\"twitter:label1\" content=\"Tempo estimado de leitura\" \/>\n\t<meta name=\"twitter:data1\" content=\"2 minutos\" \/>\n<script type=\"application\/ld+json\" class=\"yoast-schema-graph\">{\"@context\":\"https:\/\/schema.org\",\"@graph\":[{\"@type\":\"WebPage\",\"@id\":\"https:\/\/www.ghostysky.com\/product\/agibot-g2\/\",\"url\":\"https:\/\/www.ghostysky.com\/product\/agibot-g2\/\",\"name\":\"Agibot G2 - Ghostysky\",\"isPartOf\":{\"@id\":\"https:\/\/www.ghostysky.com\/#website\"},\"primaryImageOfPage\":{\"@id\":\"https:\/\/www.ghostysky.com\/product\/agibot-g2\/#primaryimage\"},\"image\":{\"@id\":\"https:\/\/www.ghostysky.com\/product\/agibot-g2\/#primaryimage\"},\"thumbnailUrl\":\"https:\/\/www.ghostysky.com\/wp-content\/uploads\/2026\/01\/GH_Agibot_G2_1.png\",\"datePublished\":\"2026-01-27T08:37:52+00:00\",\"dateModified\":\"2026-01-27T08:55:18+00:00\",\"description\":\"The Agibot G2 (also known as the \\\"Genie\\\") is a next-generation, industrial-grade interactive humanoid robot designed to bridge the gap between human dexterity and robotic precision. Unveiled as a major leap from its predecessors, the G2 is built to handle complex, long-sequence tasks in dynamic environments like factory floors, logistics centers, and commercial showrooms.\",\"breadcrumb\":{\"@id\":\"https:\/\/www.ghostysky.com\/product\/agibot-g2\/#breadcrumb\"},\"inLanguage\":\"pt-PT\",\"potentialAction\":[{\"@type\":\"ReadAction\",\"target\":[\"https:\/\/www.ghostysky.com\/product\/agibot-g2\/\"]}]},{\"@type\":\"ImageObject\",\"inLanguage\":\"pt-PT\",\"@id\":\"https:\/\/www.ghostysky.com\/product\/agibot-g2\/#primaryimage\",\"url\":\"https:\/\/www.ghostysky.com\/wp-content\/uploads\/2026\/01\/GH_Agibot_G2_1.png\",\"contentUrl\":\"https:\/\/www.ghostysky.com\/wp-content\/uploads\/2026\/01\/GH_Agibot_G2_1.png\",\"width\":467,\"height\":855},{\"@type\":\"BreadcrumbList\",\"@id\":\"https:\/\/www.ghostysky.com\/product\/agibot-g2\/#breadcrumb\",\"itemListElement\":[{\"@type\":\"ListItem\",\"position\":1,\"name\":\"Home\",\"item\":\"https:\/\/www.ghostysky.com\/\"},{\"@type\":\"ListItem\",\"position\":2,\"name\":\"Shop\",\"item\":\"https:\/\/www.ghostysky.com\/shop\/\"},{\"@type\":\"ListItem\",\"position\":3,\"name\":\"Agibot G2\"}]},{\"@type\":\"WebSite\",\"@id\":\"https:\/\/www.ghostysky.com\/#website\",\"url\":\"https:\/\/www.ghostysky.com\/\",\"name\":\"Ghostysky\",\"description\":\"Delivering professional drones and services\",\"publisher\":{\"@id\":\"https:\/\/www.ghostysky.com\/#organization\"},\"potentialAction\":[{\"@type\":\"SearchAction\",\"target\":{\"@type\":\"EntryPoint\",\"urlTemplate\":\"https:\/\/www.ghostysky.com\/?s={search_term_string}\"},\"query-input\":{\"@type\":\"PropertyValueSpecification\",\"valueRequired\":true,\"valueName\":\"search_term_string\"}}],\"inLanguage\":\"pt-PT\"},{\"@type\":\"Organization\",\"@id\":\"https:\/\/www.ghostysky.com\/#organization\",\"name\":\"Ghostysky\",\"url\":\"https:\/\/www.ghostysky.com\/\",\"logo\":{\"@type\":\"ImageObject\",\"inLanguage\":\"pt-PT\",\"@id\":\"https:\/\/www.ghostysky.com\/#\/schema\/logo\/image\/\",\"url\":\"https:\/\/www.ghostysky.com\/wp-content\/uploads\/2020\/06\/cropped-ghostyskylogo_text_white2.png\",\"contentUrl\":\"https:\/\/www.ghostysky.com\/wp-content\/uploads\/2020\/06\/cropped-ghostyskylogo_text_white2.png\",\"width\":169,\"height\":56,\"caption\":\"Ghostysky\"},\"image\":{\"@id\":\"https:\/\/www.ghostysky.com\/#\/schema\/logo\/image\/\"},\"sameAs\":[\"https:\/\/www.facebook.com\/people\/Ghostysky\/100057676170234\/\",\"https:\/\/x.com\/Gh0stysky\",\"https:\/\/www.linkedin.com\/company\/34739653\",\"https:\/\/www.instagram.com\/gh0stysky\"]}]}<\/script>\n<!-- \/ Yoast SEO plugin. -->","yoast_head_json":{"title":"Agibot G2 - Ghostysky","description":"O Agibot G2 (tamb\u00e9m conhecido como &quot;Genie&quot;) \u00e9 um rob\u00f4 humanoide interativo de \u00faltima gera\u00e7\u00e3o, de n\u00edvel industrial, projetado para preencher a lacuna entre a destreza humana e a precis\u00e3o rob\u00f3tica. Apresentado como um grande avan\u00e7o em rela\u00e7\u00e3o aos seus antecessores, o G2 foi constru\u00eddo para lidar com tarefas complexas e de longa dura\u00e7\u00e3o em ambientes din\u00e2micos, como linhas de produ\u00e7\u00e3o, centros de log\u00edstica e showrooms comerciais.","robots":{"index":"index","follow":"follow","max-snippet":"max-snippet:-1","max-image-preview":"max-image-preview:large","max-video-preview":"max-video-preview:-1"},"canonical":"https:\/\/www.ghostysky.com\/pt\/produto-2\/agibot-g2\/","og_locale":"pt_PT","og_type":"article","og_title":"Agibot G2 - Ghostysky","og_description":"The Agibot G2 (also known as the \"Genie\") is a next-generation, industrial-grade interactive humanoid robot designed to bridge the gap between human dexterity and robotic precision. Unveiled as a major leap from its predecessors, the G2 is built to handle complex, long-sequence tasks in dynamic environments like factory floors, logistics centers, and commercial showrooms.","og_url":"https:\/\/www.ghostysky.com\/pt\/produto-2\/agibot-g2\/","og_site_name":"Ghostysky","article_publisher":"https:\/\/www.facebook.com\/people\/Ghostysky\/100057676170234\/","article_modified_time":"2026-01-27T08:55:18+00:00","og_image":[{"width":467,"height":855,"url":"https:\/\/www.ghostysky.com\/wp-content\/uploads\/2026\/01\/GH_Agibot_G2_1.png","type":"image\/png"}],"twitter_card":"summary_large_image","twitter_site":"@Gh0stysky","twitter_misc":{"Tempo estimado de leitura":"2 minutos"},"schema":{"@context":"https:\/\/schema.org","@graph":[{"@type":"WebPage","@id":"https:\/\/www.ghostysky.com\/product\/agibot-g2\/","url":"https:\/\/www.ghostysky.com\/product\/agibot-g2\/","name":"Agibot G2 - Ghostysky","isPartOf":{"@id":"https:\/\/www.ghostysky.com\/#website"},"primaryImageOfPage":{"@id":"https:\/\/www.ghostysky.com\/product\/agibot-g2\/#primaryimage"},"image":{"@id":"https:\/\/www.ghostysky.com\/product\/agibot-g2\/#primaryimage"},"thumbnailUrl":"https:\/\/www.ghostysky.com\/wp-content\/uploads\/2026\/01\/GH_Agibot_G2_1.png","datePublished":"2026-01-27T08:37:52+00:00","dateModified":"2026-01-27T08:55:18+00:00","description":"O Agibot G2 (tamb\u00e9m conhecido como &quot;Genie&quot;) \u00e9 um rob\u00f4 humanoide interativo de \u00faltima gera\u00e7\u00e3o, de n\u00edvel industrial, projetado para preencher a lacuna entre a destreza humana e a precis\u00e3o rob\u00f3tica. Apresentado como um grande avan\u00e7o em rela\u00e7\u00e3o aos seus antecessores, o G2 foi constru\u00eddo para lidar com tarefas complexas e de longa dura\u00e7\u00e3o em ambientes din\u00e2micos, como linhas de produ\u00e7\u00e3o, centros de log\u00edstica e showrooms comerciais.","breadcrumb":{"@id":"https:\/\/www.ghostysky.com\/product\/agibot-g2\/#breadcrumb"},"inLanguage":"pt-PT","potentialAction":[{"@type":"ReadAction","target":["https:\/\/www.ghostysky.com\/product\/agibot-g2\/"]}]},{"@type":"ImageObject","inLanguage":"pt-PT","@id":"https:\/\/www.ghostysky.com\/product\/agibot-g2\/#primaryimage","url":"https:\/\/www.ghostysky.com\/wp-content\/uploads\/2026\/01\/GH_Agibot_G2_1.png","contentUrl":"https:\/\/www.ghostysky.com\/wp-content\/uploads\/2026\/01\/GH_Agibot_G2_1.png","width":467,"height":855},{"@type":"BreadcrumbList","@id":"https:\/\/www.ghostysky.com\/product\/agibot-g2\/#breadcrumb","itemListElement":[{"@type":"ListItem","position":1,"name":"Home","item":"https:\/\/www.ghostysky.com\/"},{"@type":"ListItem","position":2,"name":"Shop","item":"https:\/\/www.ghostysky.com\/shop\/"},{"@type":"ListItem","position":3,"name":"Agibot G2"}]},{"@type":"WebSite","@id":"https:\/\/www.ghostysky.com\/#website","url":"https:\/\/www.ghostysky.com\/","name":"Ghostysky","description":"Fornecendo drones e servi\u00e7os profissionais","publisher":{"@id":"https:\/\/www.ghostysky.com\/#organization"},"potentialAction":[{"@type":"SearchAction","target":{"@type":"EntryPoint","urlTemplate":"https:\/\/www.ghostysky.com\/?s={search_term_string}"},"query-input":{"@type":"PropertyValueSpecification","valueRequired":true,"valueName":"search_term_string"}}],"inLanguage":"pt-PT"},{"@type":"Organization","@id":"https:\/\/www.ghostysky.com\/#organization","name":"Ghostysky","url":"https:\/\/www.ghostysky.com\/","logo":{"@type":"ImageObject","inLanguage":"pt-PT","@id":"https:\/\/www.ghostysky.com\/#\/schema\/logo\/image\/","url":"https:\/\/www.ghostysky.com\/wp-content\/uploads\/2020\/06\/cropped-ghostyskylogo_text_white2.png","contentUrl":"https:\/\/www.ghostysky.com\/wp-content\/uploads\/2020\/06\/cropped-ghostyskylogo_text_white2.png","width":169,"height":56,"caption":"Ghostysky"},"image":{"@id":"https:\/\/www.ghostysky.com\/#\/schema\/logo\/image\/"},"sameAs":["https:\/\/www.facebook.com\/people\/Ghostysky\/100057676170234\/","https:\/\/x.com\/Gh0stysky","https:\/\/www.linkedin.com\/company\/34739653","https:\/\/www.instagram.com\/gh0stysky"]}]}},"_links":{"self":[{"href":"https:\/\/www.ghostysky.com\/pt\/wp-json\/wp\/v2\/product\/23898","targetHints":{"allow":["GET"]}}],"collection":[{"href":"https:\/\/www.ghostysky.com\/pt\/wp-json\/wp\/v2\/product"}],"about":[{"href":"https:\/\/www.ghostysky.com\/pt\/wp-json\/wp\/v2\/types\/product"}],"replies":[{"embeddable":true,"href":"https:\/\/www.ghostysky.com\/pt\/wp-json\/wp\/v2\/comments?post=23898"}],"wp:featuredmedia":[{"embeddable":true,"href":"https:\/\/www.ghostysky.com\/pt\/wp-json\/wp\/v2\/media\/23902"}],"wp:attachment":[{"href":"https:\/\/www.ghostysky.com\/pt\/wp-json\/wp\/v2\/media?parent=23898"}],"wp:term":[{"taxonomy":"product_brand","embeddable":true,"href":"https:\/\/www.ghostysky.com\/pt\/wp-json\/wp\/v2\/product_brand?post=23898"},{"taxonomy":"product_cat","embeddable":true,"href":"https:\/\/www.ghostysky.com\/pt\/wp-json\/wp\/v2\/product_cat?post=23898"},{"taxonomy":"product_tag","embeddable":true,"href":"https:\/\/www.ghostysky.com\/pt\/wp-json\/wp\/v2\/product_tag?post=23898"}],"curies":[{"name":"wp","href":"https:\/\/api.w.org\/{rel}","templated":true}]}}