{"id":23911,"date":"2026-01-27T09:04:51","date_gmt":"2026-01-27T09:04:51","guid":{"rendered":"https:\/\/www.ghostysky.com\/?post_type=product&#038;p=23911"},"modified":"2026-01-27T09:19:58","modified_gmt":"2026-01-27T09:19:58","slug":"agibot-g1","status":"publish","type":"product","link":"https:\/\/www.ghostysky.com\/pt\/product\/agibot-g1\/","title":{"rendered":"Agibot G1"},"content":{"rendered":"<h3 data-path-to-node=\"3\">Principais caracter\u00edsticas e design<\/h3>\n<p data-path-to-node=\"4\"><span class=\"citation-416\">O G1 n\u00e3o \u00e9 apenas uma m\u00e1quina de andar; \u00e9 um equipamento sofisticado projetado para <\/span><b data-path-to-node=\"4\" data-index-in-node=\"89\"><span class=\"citation-416\">desempenho de alta din\u00e2mica<\/span><\/b><span class=\"citation-416 citation-end-416\"> e modularidade.<\/span><\/p>\n<ul data-path-to-node=\"5\">\n<li>\n<p data-path-to-node=\"5,0,0\"><b data-path-to-node=\"5,0,0\" data-index-in-node=\"0\">Propor\u00e7\u00f5es centradas no ser humano:<\/b><span class=\"citation-415 citation-end-415\"> Com uma altura que espelha a de um ser humano m\u00e9dio, o G1 foi projetado para navegar em ambientes constru\u00eddos para pessoas, desde corredores de escrit\u00f3rios at\u00e9 f\u00e1bricas.<\/span><\/p>\n<\/li>\n<li>\n<p data-path-to-node=\"5,1,0\"><b data-path-to-node=\"5,1,0\" data-index-in-node=\"0\">Arquitetura modular:<\/b> O rob\u00f4 apresenta um design altamente modular, permitindo reparos r\u00e1pidos ou a adi\u00e7\u00e3o de membros especializados, dependendo da tarefa em quest\u00e3o.<\/p>\n<\/li>\n<li>\n<p data-path-to-node=\"5,2,0\"><b data-path-to-node=\"5,2,0\" data-index-in-node=\"0\"><span class=\"citation-414\">Atua\u00e7\u00e3o Avan\u00e7ada:<\/span><\/b><span class=\"citation-414 citation-end-414\"> Equipado com motores de junta de alto torque patenteados, o G1 consegue realizar movimentos fluidos e semelhantes aos humanos com estabilidade e velocidade impressionantes.<\/span><\/p>\n<\/li>\n<\/ul>\n<h3 data-path-to-node=\"6\">Intelig\u00eancia e Percep\u00e7\u00e3o<\/h3>\n<p data-path-to-node=\"7\"><span class=\"citation-413 citation-end-413\">No cora\u00e7\u00e3o do Agibot G1 est\u00e1 um &quot;C\u00e9rebro de IA&quot; capaz de compreender e reagir ao ambiente ao seu redor em tempo real.<\/span><\/p>\n<ul data-path-to-node=\"8\">\n<li>\n<p data-path-to-node=\"8,0,0\"><b data-path-to-node=\"8,0,0\" data-index-in-node=\"0\">EI (Intelig\u00eancia Incorporada):<\/b><span class=\"citation-412 citation-end-412\"> Diferentemente dos chatbots padr\u00e3o, o G1 usa IA incorporada para perceber o mundo f\u00edsico, permitindo que ele manipule objetos com precis\u00e3o e aprenda novas tarefas por meio da observa\u00e7\u00e3o.<\/span><\/p>\n<\/li>\n<li>\n<p data-path-to-node=\"8,1,0\"><b data-path-to-node=\"8,1,0\" data-index-in-node=\"0\">SLAM e Su\u00edte Sensorial:<\/b> Utilizando uma combina\u00e7\u00e3o de LiDAR, c\u00e2meras de profundidade e microfones de alta fidelidade, o G1 mant\u00e9m uma percep\u00e7\u00e3o de 360 graus do ambiente ao seu redor, garantindo uma opera\u00e7\u00e3o segura perto de pessoas.<\/p>\n<\/li>\n<\/ul>\n<h3 data-path-to-node=\"9\">Especifica\u00e7\u00f5es t\u00e9cnicas<\/h3>\n<table data-path-to-node=\"10\">\n<thead>\n<tr>\n<td><strong>Recurso<\/strong><\/td>\n<td><strong>Especifica\u00e7\u00f5es<\/strong><\/td>\n<\/tr>\n<\/thead>\n<tbody>\n<tr>\n<td><span data-path-to-node=\"10,1,0,0\"><b data-path-to-node=\"10,1,0,0\" data-index-in-node=\"0\">Altura<\/b><\/span><\/td>\n<td><span data-path-to-node=\"10,1,1,0\">Aproximadamente 130 cm \u2013 180 cm<\/span><\/td>\n<\/tr>\n<tr>\n<td><span data-path-to-node=\"10,2,0,0\"><b data-path-to-node=\"10,2,0,0\" data-index-in-node=\"0\">Peso<\/b><\/span><\/td>\n<td><span data-path-to-node=\"10,2,1,0\">~150 kg<\/span><\/td>\n<\/tr>\n<tr>\n<td><span data-path-to-node=\"10,3,0,0\"><b data-path-to-node=\"10,3,0,0\" data-index-in-node=\"0\">Span<\/b><\/span><\/td>\n<td><span data-path-to-node=\"10,3,1,0\">70 cm<\/span><\/td>\n<\/tr>\n<tr>\n<td><span data-path-to-node=\"10,4,0,0\"><b data-path-to-node=\"10,4,0,0\" data-index-in-node=\"0\">Fator final<\/b><\/span><\/td>\n<td><span data-path-to-node=\"10,4,1,0\">6 graus de liberdade<\/span><\/td>\n<\/tr>\n<tr>\n<td><span data-path-to-node=\"10,5,0,0\"><b data-path-to-node=\"10,5,0,0\" data-index-in-node=\"0\">DOF (Fator Final Exceto)<\/b><\/span><\/td>\n<td><span data-path-to-node=\"10,5,1,0\">20 graus de liberdade<\/span><\/td>\n<\/tr>\n<tr>\n<td><span data-path-to-node=\"10,6,0,0\"><b data-path-to-node=\"10,6,0,0\" data-index-in-node=\"0\">Plataforma de Computa\u00e7\u00e3o<\/b><\/span><\/td>\n<td><span data-path-to-node=\"10,6,1,0\">Jetson AGX Orin 64 GB<\/span><\/td>\n<\/tr>\n<\/tbody>\n<\/table>\n<p>&nbsp;<\/p>\n<h3 data-path-to-node=\"12\">Por que o G1 \u00e9 importante<\/h3>\n<p data-path-to-node=\"13\">O Agibot G1 \u00e9 posicionado como um <b data-path-to-node=\"13\" data-index-in-node=\"33\">custo-benef\u00edcio<\/b> concorrente no mercado de rob\u00f4s humanoides. Ao focar na &quot;manufatura inteligente&quot; e na otimiza\u00e7\u00e3o da cadeia de suprimentos, a Agibot visa reduzir significativamente o pre\u00e7o, tornando a ampla implementa\u00e7\u00e3o em log\u00edstica, manuseio de materiais perigosos e cuidados com idosos uma realidade, em vez de um sonho de fic\u00e7\u00e3o cient\u00edfica.<\/p>","protected":false},"excerpt":{"rendered":"<p><span class=\"citation-418\">O <\/span><b data-path-to-node=\"1\" data-index-in-node=\"4\"><span class=\"citation-418\">Agibot G1<\/span><\/b><span class=\"citation-418 citation-end-418\"> (Parte da s\u00e9rie \u201cGreat\u201d) representa um enorme salto em frente na rob\u00f3tica, passando de prot\u00f3tipos experimentais de laborat\u00f3rio para um humanoide pr\u00e1tico, \u201cpronto para produ\u00e7\u00e3o em massa\u201d.<\/span> <span class=\"citation-417 citation-end-417\">Projetado pela Agibot \u2014 empresa fundada pelo ex-\u201cjovem g\u00eanio\u201d da Huawei, Peng Zhihui \u2014 este rob\u00f4 foi constru\u00eddo para preencher a lacuna entre a efici\u00eancia industrial e a versatilidade dos servi\u00e7os dom\u00e9sticos.<\/span><\/p>","protected":false},"featured_media":23913,"comment_status":"open","ping_status":"closed","template":"","meta":[],"product_brand":[1345],"product_cat":[1342,1343,1038,1037],"product_tag":[1346,1354],"class_list":{"0":"post-23911","1":"product","2":"type-product","3":"status-publish","4":"has-post-thumbnail","6":"product_brand-agibot","7":"product_cat-agibot","8":"product_cat-agibot-robots","9":"product_cat-humanoid","10":"product_cat-robotics","11":"product_tag-agibot","12":"product_tag-agibot-genie-series","14":"first","15":"outofstock","16":"taxable","17":"shipping-taxable","18":"product-type-simple"},"yoast_head":"<!-- This site is optimized with the Yoast SEO plugin v27.4 - https:\/\/yoast.com\/product\/yoast-seo-wordpress\/ -->\n<title>Agibot G1 - Ghostysky<\/title>\n<meta name=\"description\" content=\"The Agibot G1 (part of the &quot;Great&quot; series) represents a massive leap forward in robotics, transitioning from experimental lab prototypes to a practical, &quot;mass-production ready&quot; humanoid. Designed by Agibot\u2014the firm founded by former Huawei &quot;genius youth&quot; Peng Zhihui\u2014this robot is built to bridge the gap between industrial efficiency and home-service versatility.\" \/>\n<meta name=\"robots\" content=\"index, follow, max-snippet:-1, max-image-preview:large, max-video-preview:-1\" \/>\n<link rel=\"canonical\" href=\"https:\/\/www.ghostysky.com\/pt\/produto-2\/agibot-g1\/\" \/>\n<meta property=\"og:locale\" content=\"pt_PT\" \/>\n<meta property=\"og:type\" content=\"article\" \/>\n<meta property=\"og:title\" content=\"Agibot G1 - Ghostysky\" \/>\n<meta property=\"og:description\" content=\"The Agibot G1 (part of the &quot;Great&quot; series) represents a massive leap forward in robotics, transitioning from experimental lab prototypes to a practical, &quot;mass-production ready&quot; humanoid. Designed by Agibot\u2014the firm founded by former Huawei &quot;genius youth&quot; Peng Zhihui\u2014this robot is built to bridge the gap between industrial efficiency and home-service versatility.\" \/>\n<meta property=\"og:url\" content=\"https:\/\/www.ghostysky.com\/pt\/produto-2\/agibot-g1\/\" \/>\n<meta property=\"og:site_name\" content=\"Ghostysky\" \/>\n<meta property=\"article:publisher\" content=\"https:\/\/www.facebook.com\/people\/Ghostysky\/100057676170234\/\" \/>\n<meta property=\"article:modified_time\" content=\"2026-01-27T09:19:58+00:00\" \/>\n<meta property=\"og:image\" content=\"https:\/\/www.ghostysky.com\/wp-content\/uploads\/2026\/01\/GH_Agibot_G1_4.webp\" \/>\n\t<meta property=\"og:image:width\" content=\"1200\" \/>\n\t<meta property=\"og:image:height\" content=\"1200\" \/>\n\t<meta property=\"og:image:type\" content=\"image\/webp\" \/>\n<meta name=\"twitter:card\" content=\"summary_large_image\" \/>\n<meta name=\"twitter:site\" content=\"@Gh0stysky\" \/>\n<meta name=\"twitter:label1\" content=\"Tempo estimado de leitura\" \/>\n\t<meta name=\"twitter:data1\" content=\"2 minutos\" \/>\n<script type=\"application\/ld+json\" class=\"yoast-schema-graph\">{\"@context\":\"https:\\\/\\\/schema.org\",\"@graph\":[{\"@type\":\"WebPage\",\"@id\":\"https:\\\/\\\/www.ghostysky.com\\\/product\\\/agibot-g1\\\/\",\"url\":\"https:\\\/\\\/www.ghostysky.com\\\/product\\\/agibot-g1\\\/\",\"name\":\"Agibot G1 - Ghostysky\",\"isPartOf\":{\"@id\":\"https:\\\/\\\/www.ghostysky.com\\\/#website\"},\"primaryImageOfPage\":{\"@id\":\"https:\\\/\\\/www.ghostysky.com\\\/product\\\/agibot-g1\\\/#primaryimage\"},\"image\":{\"@id\":\"https:\\\/\\\/www.ghostysky.com\\\/product\\\/agibot-g1\\\/#primaryimage\"},\"thumbnailUrl\":\"https:\\\/\\\/www.ghostysky.com\\\/wp-content\\\/uploads\\\/2026\\\/01\\\/GH_Agibot_G1_4.webp\",\"datePublished\":\"2026-01-27T09:04:51+00:00\",\"dateModified\":\"2026-01-27T09:19:58+00:00\",\"description\":\"The Agibot G1 (part of the \\\"Great\\\" series) represents a massive leap forward in robotics, transitioning from experimental lab prototypes to a practical, \\\"mass-production ready\\\" humanoid. Designed by Agibot\u2014the firm founded by former Huawei \\\"genius youth\\\" Peng Zhihui\u2014this robot is built to bridge the gap between industrial efficiency and home-service versatility.\",\"breadcrumb\":{\"@id\":\"https:\\\/\\\/www.ghostysky.com\\\/product\\\/agibot-g1\\\/#breadcrumb\"},\"inLanguage\":\"pt-PT\",\"potentialAction\":[{\"@type\":\"ReadAction\",\"target\":[\"https:\\\/\\\/www.ghostysky.com\\\/product\\\/agibot-g1\\\/\"]}]},{\"@type\":\"ImageObject\",\"inLanguage\":\"pt-PT\",\"@id\":\"https:\\\/\\\/www.ghostysky.com\\\/product\\\/agibot-g1\\\/#primaryimage\",\"url\":\"https:\\\/\\\/www.ghostysky.com\\\/wp-content\\\/uploads\\\/2026\\\/01\\\/GH_Agibot_G1_4.webp\",\"contentUrl\":\"https:\\\/\\\/www.ghostysky.com\\\/wp-content\\\/uploads\\\/2026\\\/01\\\/GH_Agibot_G1_4.webp\",\"width\":1200,\"height\":1200},{\"@type\":\"BreadcrumbList\",\"@id\":\"https:\\\/\\\/www.ghostysky.com\\\/product\\\/agibot-g1\\\/#breadcrumb\",\"itemListElement\":[{\"@type\":\"ListItem\",\"position\":1,\"name\":\"Home\",\"item\":\"https:\\\/\\\/www.ghostysky.com\\\/\"},{\"@type\":\"ListItem\",\"position\":2,\"name\":\"Shop\",\"item\":\"https:\\\/\\\/www.ghostysky.com\\\/shop\\\/\"},{\"@type\":\"ListItem\",\"position\":3,\"name\":\"Agibot G1\"}]},{\"@type\":\"WebSite\",\"@id\":\"https:\\\/\\\/www.ghostysky.com\\\/#website\",\"url\":\"https:\\\/\\\/www.ghostysky.com\\\/\",\"name\":\"Ghostysky\",\"description\":\"Delivering professional drones and services\",\"publisher\":{\"@id\":\"https:\\\/\\\/www.ghostysky.com\\\/#organization\"},\"potentialAction\":[{\"@type\":\"SearchAction\",\"target\":{\"@type\":\"EntryPoint\",\"urlTemplate\":\"https:\\\/\\\/www.ghostysky.com\\\/?s={search_term_string}\"},\"query-input\":{\"@type\":\"PropertyValueSpecification\",\"valueRequired\":true,\"valueName\":\"search_term_string\"}}],\"inLanguage\":\"pt-PT\"},{\"@type\":\"Organization\",\"@id\":\"https:\\\/\\\/www.ghostysky.com\\\/#organization\",\"name\":\"Ghostysky\",\"url\":\"https:\\\/\\\/www.ghostysky.com\\\/\",\"logo\":{\"@type\":\"ImageObject\",\"inLanguage\":\"pt-PT\",\"@id\":\"https:\\\/\\\/www.ghostysky.com\\\/#\\\/schema\\\/logo\\\/image\\\/\",\"url\":\"https:\\\/\\\/www.ghostysky.com\\\/wp-content\\\/uploads\\\/2020\\\/06\\\/cropped-ghostyskylogo_text_white2.png\",\"contentUrl\":\"https:\\\/\\\/www.ghostysky.com\\\/wp-content\\\/uploads\\\/2020\\\/06\\\/cropped-ghostyskylogo_text_white2.png\",\"width\":169,\"height\":56,\"caption\":\"Ghostysky\"},\"image\":{\"@id\":\"https:\\\/\\\/www.ghostysky.com\\\/#\\\/schema\\\/logo\\\/image\\\/\"},\"sameAs\":[\"https:\\\/\\\/www.facebook.com\\\/people\\\/Ghostysky\\\/100057676170234\\\/\",\"https:\\\/\\\/x.com\\\/Gh0stysky\",\"https:\\\/\\\/www.linkedin.com\\\/company\\\/34739653\",\"https:\\\/\\\/www.instagram.com\\\/gh0stysky\"]}]}<\/script>\n<!-- \/ Yoast SEO plugin. -->","yoast_head_json":{"title":"Agibot G1 - Ghostysky","description":"O Agibot G1 (parte da s\u00e9rie &quot;Great&quot;) representa um grande avan\u00e7o na rob\u00f3tica, passando de prot\u00f3tipos experimentais de laborat\u00f3rio para um humanoide pr\u00e1tico, pronto para produ\u00e7\u00e3o em massa. Projetado pela Agibot \u2014 empresa fundada pelo ex-&quot;g\u00eanio jovem&quot; da Huawei, Peng Zhihui \u2014 este rob\u00f4 foi constru\u00eddo para preencher a lacuna entre a efici\u00eancia industrial e a versatilidade para servi\u00e7os dom\u00e9sticos.","robots":{"index":"index","follow":"follow","max-snippet":"max-snippet:-1","max-image-preview":"max-image-preview:large","max-video-preview":"max-video-preview:-1"},"canonical":"https:\/\/www.ghostysky.com\/pt\/produto-2\/agibot-g1\/","og_locale":"pt_PT","og_type":"article","og_title":"Agibot G1 - Ghostysky","og_description":"The Agibot G1 (part of the \"Great\" series) represents a massive leap forward in robotics, transitioning from experimental lab prototypes to a practical, \"mass-production ready\" humanoid. Designed by Agibot\u2014the firm founded by former Huawei \"genius youth\" Peng Zhihui\u2014this robot is built to bridge the gap between industrial efficiency and home-service versatility.","og_url":"https:\/\/www.ghostysky.com\/pt\/produto-2\/agibot-g1\/","og_site_name":"Ghostysky","article_publisher":"https:\/\/www.facebook.com\/people\/Ghostysky\/100057676170234\/","article_modified_time":"2026-01-27T09:19:58+00:00","og_image":[{"width":1200,"height":1200,"url":"https:\/\/www.ghostysky.com\/wp-content\/uploads\/2026\/01\/GH_Agibot_G1_4.webp","type":"image\/webp"}],"twitter_card":"summary_large_image","twitter_site":"@Gh0stysky","twitter_misc":{"Tempo estimado de leitura":"2 minutos"},"schema":{"@context":"https:\/\/schema.org","@graph":[{"@type":"WebPage","@id":"https:\/\/www.ghostysky.com\/product\/agibot-g1\/","url":"https:\/\/www.ghostysky.com\/product\/agibot-g1\/","name":"Agibot G1 - Ghostysky","isPartOf":{"@id":"https:\/\/www.ghostysky.com\/#website"},"primaryImageOfPage":{"@id":"https:\/\/www.ghostysky.com\/product\/agibot-g1\/#primaryimage"},"image":{"@id":"https:\/\/www.ghostysky.com\/product\/agibot-g1\/#primaryimage"},"thumbnailUrl":"https:\/\/www.ghostysky.com\/wp-content\/uploads\/2026\/01\/GH_Agibot_G1_4.webp","datePublished":"2026-01-27T09:04:51+00:00","dateModified":"2026-01-27T09:19:58+00:00","description":"O Agibot G1 (parte da s\u00e9rie &quot;Great&quot;) representa um grande avan\u00e7o na rob\u00f3tica, passando de prot\u00f3tipos experimentais de laborat\u00f3rio para um humanoide pr\u00e1tico, pronto para produ\u00e7\u00e3o em massa. Projetado pela Agibot \u2014 empresa fundada pelo ex-&quot;g\u00eanio jovem&quot; da Huawei, Peng Zhihui \u2014 este rob\u00f4 foi constru\u00eddo para preencher a lacuna entre a efici\u00eancia industrial e a versatilidade para servi\u00e7os dom\u00e9sticos.","breadcrumb":{"@id":"https:\/\/www.ghostysky.com\/product\/agibot-g1\/#breadcrumb"},"inLanguage":"pt-PT","potentialAction":[{"@type":"ReadAction","target":["https:\/\/www.ghostysky.com\/product\/agibot-g1\/"]}]},{"@type":"ImageObject","inLanguage":"pt-PT","@id":"https:\/\/www.ghostysky.com\/product\/agibot-g1\/#primaryimage","url":"https:\/\/www.ghostysky.com\/wp-content\/uploads\/2026\/01\/GH_Agibot_G1_4.webp","contentUrl":"https:\/\/www.ghostysky.com\/wp-content\/uploads\/2026\/01\/GH_Agibot_G1_4.webp","width":1200,"height":1200},{"@type":"BreadcrumbList","@id":"https:\/\/www.ghostysky.com\/product\/agibot-g1\/#breadcrumb","itemListElement":[{"@type":"ListItem","position":1,"name":"Home","item":"https:\/\/www.ghostysky.com\/"},{"@type":"ListItem","position":2,"name":"Shop","item":"https:\/\/www.ghostysky.com\/shop\/"},{"@type":"ListItem","position":3,"name":"Agibot G1"}]},{"@type":"WebSite","@id":"https:\/\/www.ghostysky.com\/#website","url":"https:\/\/www.ghostysky.com\/","name":"Ghostysky","description":"Fornecendo drones e servi\u00e7os profissionais","publisher":{"@id":"https:\/\/www.ghostysky.com\/#organization"},"potentialAction":[{"@type":"SearchAction","target":{"@type":"EntryPoint","urlTemplate":"https:\/\/www.ghostysky.com\/?s={search_term_string}"},"query-input":{"@type":"PropertyValueSpecification","valueRequired":true,"valueName":"search_term_string"}}],"inLanguage":"pt-PT"},{"@type":"Organization","@id":"https:\/\/www.ghostysky.com\/#organization","name":"Ghostysky","url":"https:\/\/www.ghostysky.com\/","logo":{"@type":"ImageObject","inLanguage":"pt-PT","@id":"https:\/\/www.ghostysky.com\/#\/schema\/logo\/image\/","url":"https:\/\/www.ghostysky.com\/wp-content\/uploads\/2020\/06\/cropped-ghostyskylogo_text_white2.png","contentUrl":"https:\/\/www.ghostysky.com\/wp-content\/uploads\/2020\/06\/cropped-ghostyskylogo_text_white2.png","width":169,"height":56,"caption":"Ghostysky"},"image":{"@id":"https:\/\/www.ghostysky.com\/#\/schema\/logo\/image\/"},"sameAs":["https:\/\/www.facebook.com\/people\/Ghostysky\/100057676170234\/","https:\/\/x.com\/Gh0stysky","https:\/\/www.linkedin.com\/company\/34739653","https:\/\/www.instagram.com\/gh0stysky"]}]}},"_links":{"self":[{"href":"https:\/\/www.ghostysky.com\/pt\/wp-json\/wp\/v2\/product\/23911","targetHints":{"allow":["GET"]}}],"collection":[{"href":"https:\/\/www.ghostysky.com\/pt\/wp-json\/wp\/v2\/product"}],"about":[{"href":"https:\/\/www.ghostysky.com\/pt\/wp-json\/wp\/v2\/types\/product"}],"replies":[{"embeddable":true,"href":"https:\/\/www.ghostysky.com\/pt\/wp-json\/wp\/v2\/comments?post=23911"}],"version-history":[{"count":0,"href":"https:\/\/www.ghostysky.com\/pt\/wp-json\/wp\/v2\/product\/23911\/revisions"}],"wp:featuredmedia":[{"embeddable":true,"href":"https:\/\/www.ghostysky.com\/pt\/wp-json\/wp\/v2\/media\/23913"}],"wp:attachment":[{"href":"https:\/\/www.ghostysky.com\/pt\/wp-json\/wp\/v2\/media?parent=23911"}],"wp:term":[{"taxonomy":"product_brand","embeddable":true,"href":"https:\/\/www.ghostysky.com\/pt\/wp-json\/wp\/v2\/product_brand?post=23911"},{"taxonomy":"product_cat","embeddable":true,"href":"https:\/\/www.ghostysky.com\/pt\/wp-json\/wp\/v2\/product_cat?post=23911"},{"taxonomy":"product_tag","embeddable":true,"href":"https:\/\/www.ghostysky.com\/pt\/wp-json\/wp\/v2\/product_tag?post=23911"}],"curies":[{"name":"wp","href":"https:\/\/api.w.org\/{rel}","templated":true}]}}