{"id":23926,"date":"2026-02-01T10:35:37","date_gmt":"2026-02-01T10:35:37","guid":{"rendered":"https:\/\/www.ghostysky.com\/?post_type=product&#038;p=23926"},"modified":"2026-02-01T10:44:30","modified_gmt":"2026-02-01T10:44:30","slug":"agibot-d1-pro","status":"publish","type":"product","link":"https:\/\/www.ghostysky.com\/pt\/product\/agibot-d1-pro\/","title":{"rendered":"Agibot D1 Pro"},"content":{"rendered":"<h3 data-path-to-node=\"3\">Compet\u00eancias Essenciais<\/h3>\n<p data-path-to-node=\"4\"><span class=\"citation-24 citation-end-24\">O D1 Pro foi projetado para lidar com ambientes que representariam um desafio para rob\u00f4s tradicionais com rodas ou esteiras.<\/span><\/p>\n<ul data-path-to-node=\"5\">\n<li>\n<p data-path-to-node=\"5,0,0\"><b data-path-to-node=\"5,0,0\" data-index-in-node=\"0\"><span class=\"citation-23\">Navega\u00e7\u00e3o em terrenos extremos:<\/span><\/b><span class=\"citation-23 citation-end-23\"> Ele consegue vencer inclina\u00e7\u00f5es de 30 graus e navegar por cascalho solto, gelo e trilhas de montanha.<\/span><\/p>\n<\/li>\n<li>\n<p data-path-to-node=\"5,1,0\"><b data-path-to-node=\"5,1,0\" data-index-in-node=\"0\"><span class=\"citation-22\">Agilidade din\u00e2mica:<\/span><\/b><span class=\"citation-22 citation-end-22\"> Equipado com algoritmos de controle de movimento baseados em aprendizado por refor\u00e7o (RL), ele consegue realizar manobras avan\u00e7adas como saltos mortais para tr\u00e1s e jogar futebol.<\/span><\/p>\n<\/li>\n<li>\n<p data-path-to-node=\"5,2,0\"><b data-path-to-node=\"5,2,0\" data-index-in-node=\"0\"><span class=\"citation-21\">Confiabilidade robusta:<\/span><\/b><span class=\"citation-21\"> Com um <\/span><b data-path-to-node=\"5,2,0\" data-index-in-node=\"28\"><span class=\"citation-21\">IP54<\/span><\/b><span class=\"citation-21 citation-end-21\"> Com classifica\u00e7\u00e3o de resist\u00eancia \u00e0 poeira e \u00e0 \u00e1gua, \u00e9 adequado para condi\u00e7\u00f5es clim\u00e1ticas adversas e ambientes industriais.<\/span><\/p>\n<\/li>\n<\/ul>\n<h3 data-path-to-node=\"6\">Especifica\u00e7\u00f5es t\u00e9cnicas<\/h3>\n<table data-path-to-node=\"7\">\n<thead>\n<tr>\n<td><strong>Recurso<\/strong><\/td>\n<td><strong>Especifica\u00e7\u00f5es<\/strong><\/td>\n<\/tr>\n<\/thead>\n<tbody>\n<tr>\n<td><span data-path-to-node=\"7,1,0,0\"><b data-path-to-node=\"7,1,0,0\" data-index-in-node=\"0\">Velocidade m\u00e1xima<\/b><\/span><\/td>\n<td><span data-path-to-node=\"7,1,1,0\">3,5 m\/s (aproximadamente 12,6 km\/h)<\/span><\/td>\n<\/tr>\n<tr>\n<td><span data-path-to-node=\"7,2,0,0\"><b data-path-to-node=\"7,2,0,0\" data-index-in-node=\"0\">Capacidade de carga \u00fatil<\/b><\/span><\/td>\n<td><span data-path-to-node=\"7,2,1,0\">8 kg<\/span><\/td>\n<\/tr>\n<tr>\n<td><span data-path-to-node=\"7,3,0,0\"><b data-path-to-node=\"7,3,0,0\" data-index-in-node=\"0\">Dura\u00e7\u00e3o da bateria<\/b><\/span><\/td>\n<td><span data-path-to-node=\"7,3,1,0\">1\u20132 horas (compat\u00edvel com substitui\u00e7\u00e3o de bateria a quente)<\/span><\/td>\n<\/tr>\n<tr>\n<td><span data-path-to-node=\"7,4,0,0\"><b data-path-to-node=\"7,4,0,0\" data-index-in-node=\"0\">Mobilidade<\/b><\/span><\/td>\n<td><span data-path-to-node=\"7,4,1,0\">Todo-terreno (Cascalho, Lama, Neve, Gelo)<\/span><\/td>\n<\/tr>\n<tr>\n<td><span data-path-to-node=\"7,5,0,0\"><b data-path-to-node=\"7,5,0,0\" data-index-in-node=\"0\">Sensores<\/b><\/span><\/td>\n<td><span data-path-to-node=\"7,5,1,0\">Suporte modular para c\u00e2meras LiDAR, RTK, 4G\/5G e HD.<\/span><\/td>\n<\/tr>\n<tr>\n<td><span data-path-to-node=\"7,6,0,0\"><b data-path-to-node=\"7,6,0,0\" data-index-in-node=\"0\">Controle<\/b><\/span><\/td>\n<td><span data-path-to-node=\"7,6,1,0\">Estrutura de movimento com tecnologia RL e percep\u00e7\u00e3o panor\u00e2mica de 360\u00b0<\/span><\/td>\n<\/tr>\n<\/tbody>\n<\/table>\n<h3 data-path-to-node=\"8\">Caracter\u00edsticas principais<\/h3>\n<ul data-path-to-node=\"9\">\n<li>\n<p data-path-to-node=\"9,0,0\"><b data-path-to-node=\"9,0,0\" data-index-in-node=\"0\"><span class=\"citation-20\">Design modular:<\/span><\/b><span class=\"citation-20 citation-end-20\"> O D1 Pro \u00e9 altamente personaliz\u00e1vel.<\/span> <span class=\"citation-19\">Os usu\u00e1rios podem trocar ou adicionar m\u00f3dulos, tais como: <\/span><b data-path-to-node=\"9,0,0\" data-index-in-node=\"89\"><span class=\"citation-19\">LiDAR<\/span><\/b><span class=\"citation-19\">, <\/span><b data-path-to-node=\"9,0,0\" data-index-in-node=\"96\"><span class=\"citation-19\">RTK<\/span><\/b><span class=\"citation-19 citation-end-19\"> (para posicionamento de alta precis\u00e3o) e v\u00e1rios m\u00f3dulos de comunica\u00e7\u00e3o (4G\/5G) para atender a requisitos espec\u00edficos da miss\u00e3o.<\/span><\/p>\n<\/li>\n<li>\n<p data-path-to-node=\"9,1,0\"><b data-path-to-node=\"9,1,0\" data-index-in-node=\"0\"><span class=\"citation-18\">Controle de movimento inteligente:<\/span><\/b><span class=\"citation-18 citation-end-18\"> Seu sistema de controle de n\u00edvel &quot;tronco cerebral&quot; permite o ajuste do equil\u00edbrio em tempo real, evitando quedas mesmo em terrenos inst\u00e1veis ou quando submetido a for\u00e7as externas.<\/span><\/p>\n<\/li>\n<li>\n<p data-path-to-node=\"9,2,0\"><b data-path-to-node=\"9,2,0\" data-index-in-node=\"0\"><span class=\"citation-17\">Controle multiplataforma:<\/span><\/b><span class=\"citation-17\"> Ele pode ser operado via smartphone, computador ou um controle remoto dedicado, utilizando o <\/span><b data-path-to-node=\"9,2,0\" data-index-in-node=\"117\"><span class=\"citation-17\">AimMaster<\/span><\/b><span class=\"citation-17 citation-end-17\"> cliente para facilitar o uso.<\/span><\/p>\n<\/li>\n<\/ul>\n<h3 data-path-to-node=\"10\">Principais casos de uso<\/h3>\n<ol start=\"1\" data-path-to-node=\"11\">\n<li>\n<p data-path-to-node=\"11,0,0\"><b data-path-to-node=\"11,0,0\" data-index-in-node=\"0\"><span class=\"citation-16\">Inspe\u00e7\u00e3o Industrial:<\/span><\/b><span class=\"citation-16 citation-end-16\"> Patrulhamento e verifica\u00e7\u00e3o de infraestrutura em \u00e1reas perigosas ou de dif\u00edcil acesso.<\/span><\/p>\n<\/li>\n<li>\n<p data-path-to-node=\"11,1,0\"><b data-path-to-node=\"11,1,0\" data-index-in-node=\"0\"><span class=\"citation-15\">Pesquisa cient\u00edfica e educa\u00e7\u00e3o:<\/span><\/b><span class=\"citation-15 citation-end-15\"> Uma plataforma confi\u00e1vel para desenvolvedores testarem IA incorporada e algoritmos de movimento.<\/span><\/p>\n<\/li>\n<li>\n<p data-path-to-node=\"11,2,0\"><b data-path-to-node=\"11,2,0\" data-index-in-node=\"0\">Comercial e Entretenimento:<\/b> Utilizado em demonstra\u00e7\u00f5es p\u00fablicas, como mascote da marca (como a Edi\u00e7\u00e3o Panda) e para intera\u00e7\u00e3o com outros usu\u00e1rios.<\/p>\n<\/li>\n<li>\n<p data-path-to-node=\"11,3,0\"><b data-path-to-node=\"11,3,0\" data-index-in-node=\"0\"><span class=\"citation-14\">Assist\u00eancia em \u00e1reas externas:<\/span><\/b><span class=\"citation-14 citation-end-14\"> Atua como &quot;assistente de filmagem&quot; ou carregador de equipamentos para excursionistas e fot\u00f3grafos em terrenos montanhosos.<\/span><\/p>\n<\/li>\n<\/ol>\n<p><a href=\"https:\/\/www.ghostysky.com\/wp-content\/uploads\/2026\/02\/GH_Agibot_D1_Edu_Pro_Product_1-scaled.png\"><img fetchpriority=\"high\" decoding=\"async\" class=\"alignnone wp-image-23932 size-full lazyload\" src=\"data:image\/gif;base64,R0lGODlhAQABAAAAACH5BAEKAAEALAAAAAABAAEAAAICTAEAOw==\" alt=\"\" width=\"980\" height=\"2560\" sizes=\"(max-width: 980px) 100vw, 980px\" data-src=\"https:\/\/www.ghostysky.com\/wp-content\/uploads\/2026\/02\/GH_Agibot_D1_Edu_Pro_Product_1-scaled.png\" data-srcset=\"https:\/\/www.ghostysky.com\/wp-content\/uploads\/2026\/02\/GH_Agibot_D1_Edu_Pro_Product_1-scaled.png 980w, https:\/\/www.ghostysky.com\/wp-content\/uploads\/2026\/02\/GH_Agibot_D1_Edu_Pro_Product_1-115x300.png 115w, https:\/\/www.ghostysky.com\/wp-content\/uploads\/2026\/02\/GH_Agibot_D1_Edu_Pro_Product_1-392x1024.png 392w, https:\/\/www.ghostysky.com\/wp-content\/uploads\/2026\/02\/GH_Agibot_D1_Edu_Pro_Product_1-768x2006.png 768w, https:\/\/www.ghostysky.com\/wp-content\/uploads\/2026\/02\/GH_Agibot_D1_Edu_Pro_Product_1-588x1536.png 588w, https:\/\/www.ghostysky.com\/wp-content\/uploads\/2026\/02\/GH_Agibot_D1_Edu_Pro_Product_1-784x2048.png 784w, https:\/\/www.ghostysky.com\/wp-content\/uploads\/2026\/02\/GH_Agibot_D1_Edu_Pro_Product_1-5x12.png 5w, https:\/\/www.ghostysky.com\/wp-content\/uploads\/2026\/02\/GH_Agibot_D1_Edu_Pro_Product_1-720x1881.png 720w, https:\/\/www.ghostysky.com\/wp-content\/uploads\/2026\/02\/GH_Agibot_D1_Edu_Pro_Product_1-600x1567.png 600w\"><\/a><\/p>","protected":false},"excerpt":{"rendered":"<p><span class=\"citation-27\">O <\/span><b data-path-to-node=\"0\" data-index-in-node=\"4\"><span class=\"citation-27\">Agibot D1 Pro<\/span><\/b><span class=\"citation-27\"> (frequentemente referido como o <\/span><b data-path-to-node=\"0\" data-index-in-node=\"44\"><span class=\"citation-27\">D1 Pro\/Edu<\/span><\/b><span class=\"citation-27\">) \u00e9 um rob\u00f4 quadr\u00fapede de alto desempenho para todos os terrenos, projetado pela empresa de rob\u00f3tica sediada em Xangai. <\/span><b data-path-to-node=\"0\" data-index-in-node=\"152\"><span class=\"citation-27\">Agibot<\/span><\/b><span class=\"citation-27 citation-end-27\"> (Rob\u00f3tica Zhiyuan).<\/span> <span class=\"citation-26 citation-end-26 interactive-span-hovered\">Posicionado como um &quot;pioneiro em intelig\u00eancia quadr\u00fapede completa&quot;, ele foi projetado para mobilidade extrema, pesquisa cient\u00edfica e opera\u00e7\u00f5es complexas ao ar livre.<\/span><\/p>","protected":false},"featured_media":23931,"comment_status":"open","ping_status":"closed","template":"","meta":[],"product_brand":[1345],"product_cat":[1355,1039,1037],"product_tag":[1358,1357],"class_list":{"0":"post-23926","1":"product","2":"type-product","3":"status-publish","4":"has-post-thumbnail","6":"product_brand-agibot","7":"product_cat-agibot-quad","8":"product_cat-quadruped","9":"product_cat-robotics","10":"product_tag-agibot-d1-robot","11":"product_tag-agibot-d1-series","13":"first","14":"outofstock","15":"taxable","16":"shipping-taxable","17":"purchasable","18":"product-type-simple"},"yoast_head":"<!-- This site is optimized with the Yoast SEO plugin v27.1.1 - https:\/\/yoast.com\/product\/yoast-seo-wordpress\/ -->\n<title>Agibot D1 Pro - Ghostysky<\/title>\n<meta name=\"description\" content=\"The Agibot D1 Pro (often referred to as the D1 Pro\/Edu) is a high-performance, all-terrain quadruped robot designed by the Shanghai-based robotics firm Agibot (Zhiyuan Robotics). Positioned as a &quot;pioneer in all-round quadruped intelligence,&quot; it is engineered for extreme mobility, scientific research, and complex outdoor operations.\" \/>\n<meta name=\"robots\" content=\"index, follow, max-snippet:-1, max-image-preview:large, max-video-preview:-1\" \/>\n<link rel=\"canonical\" href=\"https:\/\/www.ghostysky.com\/pt\/produto-2\/agibot-d1-pro\/\" \/>\n<meta property=\"og:locale\" content=\"pt_PT\" \/>\n<meta property=\"og:type\" content=\"article\" \/>\n<meta property=\"og:title\" content=\"Agibot D1 Pro - Ghostysky\" \/>\n<meta property=\"og:description\" content=\"The Agibot D1 Pro (often referred to as the D1 Pro\/Edu) is a high-performance, all-terrain quadruped robot designed by the Shanghai-based robotics firm Agibot (Zhiyuan Robotics). Positioned as a &quot;pioneer in all-round quadruped intelligence,&quot; it is engineered for extreme mobility, scientific research, and complex outdoor operations.\" \/>\n<meta property=\"og:url\" content=\"https:\/\/www.ghostysky.com\/pt\/produto-2\/agibot-d1-pro\/\" \/>\n<meta property=\"og:site_name\" content=\"Ghostysky\" \/>\n<meta property=\"article:publisher\" content=\"https:\/\/www.facebook.com\/people\/Ghostysky\/100057676170234\/\" \/>\n<meta property=\"article:modified_time\" content=\"2026-02-01T10:44:30+00:00\" \/>\n<meta property=\"og:image\" content=\"https:\/\/www.ghostysky.com\/wp-content\/uploads\/2026\/02\/GH_Agibot_D1_Pro_1.png\" \/>\n\t<meta property=\"og:image:width\" content=\"1440\" \/>\n\t<meta property=\"og:image:height\" content=\"1440\" \/>\n\t<meta property=\"og:image:type\" content=\"image\/png\" \/>\n<meta name=\"twitter:card\" content=\"summary_large_image\" \/>\n<meta name=\"twitter:site\" content=\"@Gh0stysky\" \/>\n<meta name=\"twitter:label1\" content=\"Tempo estimado de leitura\" \/>\n\t<meta name=\"twitter:data1\" content=\"2 minutos\" \/>\n<script type=\"application\/ld+json\" class=\"yoast-schema-graph\">{\"@context\":\"https:\/\/schema.org\",\"@graph\":[{\"@type\":\"WebPage\",\"@id\":\"https:\/\/www.ghostysky.com\/product\/agibot-d1-pro\/\",\"url\":\"https:\/\/www.ghostysky.com\/product\/agibot-d1-pro\/\",\"name\":\"Agibot D1 Pro - Ghostysky\",\"isPartOf\":{\"@id\":\"https:\/\/www.ghostysky.com\/#website\"},\"primaryImageOfPage\":{\"@id\":\"https:\/\/www.ghostysky.com\/product\/agibot-d1-pro\/#primaryimage\"},\"image\":{\"@id\":\"https:\/\/www.ghostysky.com\/product\/agibot-d1-pro\/#primaryimage\"},\"thumbnailUrl\":\"https:\/\/www.ghostysky.com\/wp-content\/uploads\/2026\/02\/GH_Agibot_D1_Pro_1.png\",\"datePublished\":\"2026-02-01T10:35:37+00:00\",\"dateModified\":\"2026-02-01T10:44:30+00:00\",\"description\":\"The Agibot D1 Pro (often referred to as the D1 Pro\/Edu) is a high-performance, all-terrain quadruped robot designed by the Shanghai-based robotics firm Agibot (Zhiyuan Robotics). Positioned as a \\\"pioneer in all-round quadruped intelligence,\\\" it is engineered for extreme mobility, scientific research, and complex outdoor operations.\",\"breadcrumb\":{\"@id\":\"https:\/\/www.ghostysky.com\/product\/agibot-d1-pro\/#breadcrumb\"},\"inLanguage\":\"pt-PT\",\"potentialAction\":[{\"@type\":\"ReadAction\",\"target\":[\"https:\/\/www.ghostysky.com\/product\/agibot-d1-pro\/\"]}]},{\"@type\":\"ImageObject\",\"inLanguage\":\"pt-PT\",\"@id\":\"https:\/\/www.ghostysky.com\/product\/agibot-d1-pro\/#primaryimage\",\"url\":\"https:\/\/www.ghostysky.com\/wp-content\/uploads\/2026\/02\/GH_Agibot_D1_Pro_1.png\",\"contentUrl\":\"https:\/\/www.ghostysky.com\/wp-content\/uploads\/2026\/02\/GH_Agibot_D1_Pro_1.png\",\"width\":1440,\"height\":1440},{\"@type\":\"BreadcrumbList\",\"@id\":\"https:\/\/www.ghostysky.com\/product\/agibot-d1-pro\/#breadcrumb\",\"itemListElement\":[{\"@type\":\"ListItem\",\"position\":1,\"name\":\"Home\",\"item\":\"https:\/\/www.ghostysky.com\/\"},{\"@type\":\"ListItem\",\"position\":2,\"name\":\"Shop\",\"item\":\"https:\/\/www.ghostysky.com\/shop\/\"},{\"@type\":\"ListItem\",\"position\":3,\"name\":\"Agibot D1 Pro\"}]},{\"@type\":\"WebSite\",\"@id\":\"https:\/\/www.ghostysky.com\/#website\",\"url\":\"https:\/\/www.ghostysky.com\/\",\"name\":\"Ghostysky\",\"description\":\"Delivering professional drones and services\",\"publisher\":{\"@id\":\"https:\/\/www.ghostysky.com\/#organization\"},\"potentialAction\":[{\"@type\":\"SearchAction\",\"target\":{\"@type\":\"EntryPoint\",\"urlTemplate\":\"https:\/\/www.ghostysky.com\/?s={search_term_string}\"},\"query-input\":{\"@type\":\"PropertyValueSpecification\",\"valueRequired\":true,\"valueName\":\"search_term_string\"}}],\"inLanguage\":\"pt-PT\"},{\"@type\":\"Organization\",\"@id\":\"https:\/\/www.ghostysky.com\/#organization\",\"name\":\"Ghostysky\",\"url\":\"https:\/\/www.ghostysky.com\/\",\"logo\":{\"@type\":\"ImageObject\",\"inLanguage\":\"pt-PT\",\"@id\":\"https:\/\/www.ghostysky.com\/#\/schema\/logo\/image\/\",\"url\":\"https:\/\/www.ghostysky.com\/wp-content\/uploads\/2020\/06\/cropped-ghostyskylogo_text_white2.png\",\"contentUrl\":\"https:\/\/www.ghostysky.com\/wp-content\/uploads\/2020\/06\/cropped-ghostyskylogo_text_white2.png\",\"width\":169,\"height\":56,\"caption\":\"Ghostysky\"},\"image\":{\"@id\":\"https:\/\/www.ghostysky.com\/#\/schema\/logo\/image\/\"},\"sameAs\":[\"https:\/\/www.facebook.com\/people\/Ghostysky\/100057676170234\/\",\"https:\/\/x.com\/Gh0stysky\",\"https:\/\/www.linkedin.com\/company\/34739653\",\"https:\/\/www.instagram.com\/gh0stysky\"]}]}<\/script>\n<!-- \/ Yoast SEO plugin. -->","yoast_head_json":{"title":"Agibot D1 Pro - Ghostysky","description":"O Agibot D1 Pro (frequentemente referido como D1 Pro\/Edu) \u00e9 um rob\u00f4 quadr\u00fapede de alto desempenho para todos os terrenos, projetado pela empresa de rob\u00f3tica Agibot (Zhiyuan Robotics), sediada em Xangai. Posicionado como um &quot;pioneiro em intelig\u00eancia quadr\u00fapede completa&quot;, ele foi projetado para mobilidade extrema, pesquisa cient\u00edfica e opera\u00e7\u00f5es complexas em ambientes externos.","robots":{"index":"index","follow":"follow","max-snippet":"max-snippet:-1","max-image-preview":"max-image-preview:large","max-video-preview":"max-video-preview:-1"},"canonical":"https:\/\/www.ghostysky.com\/pt\/produto-2\/agibot-d1-pro\/","og_locale":"pt_PT","og_type":"article","og_title":"Agibot D1 Pro - Ghostysky","og_description":"The Agibot D1 Pro (often referred to as the D1 Pro\/Edu) is a high-performance, all-terrain quadruped robot designed by the Shanghai-based robotics firm Agibot (Zhiyuan Robotics). Positioned as a \"pioneer in all-round quadruped intelligence,\" it is engineered for extreme mobility, scientific research, and complex outdoor operations.","og_url":"https:\/\/www.ghostysky.com\/pt\/produto-2\/agibot-d1-pro\/","og_site_name":"Ghostysky","article_publisher":"https:\/\/www.facebook.com\/people\/Ghostysky\/100057676170234\/","article_modified_time":"2026-02-01T10:44:30+00:00","og_image":[{"width":1440,"height":1440,"url":"https:\/\/www.ghostysky.com\/wp-content\/uploads\/2026\/02\/GH_Agibot_D1_Pro_1.png","type":"image\/png"}],"twitter_card":"summary_large_image","twitter_site":"@Gh0stysky","twitter_misc":{"Tempo estimado de leitura":"2 minutos"},"schema":{"@context":"https:\/\/schema.org","@graph":[{"@type":"WebPage","@id":"https:\/\/www.ghostysky.com\/product\/agibot-d1-pro\/","url":"https:\/\/www.ghostysky.com\/product\/agibot-d1-pro\/","name":"Agibot D1 Pro - Ghostysky","isPartOf":{"@id":"https:\/\/www.ghostysky.com\/#website"},"primaryImageOfPage":{"@id":"https:\/\/www.ghostysky.com\/product\/agibot-d1-pro\/#primaryimage"},"image":{"@id":"https:\/\/www.ghostysky.com\/product\/agibot-d1-pro\/#primaryimage"},"thumbnailUrl":"https:\/\/www.ghostysky.com\/wp-content\/uploads\/2026\/02\/GH_Agibot_D1_Pro_1.png","datePublished":"2026-02-01T10:35:37+00:00","dateModified":"2026-02-01T10:44:30+00:00","description":"O Agibot D1 Pro (frequentemente referido como D1 Pro\/Edu) \u00e9 um rob\u00f4 quadr\u00fapede de alto desempenho para todos os terrenos, projetado pela empresa de rob\u00f3tica Agibot (Zhiyuan Robotics), sediada em Xangai. Posicionado como um &quot;pioneiro em intelig\u00eancia quadr\u00fapede completa&quot;, ele foi projetado para mobilidade extrema, pesquisa cient\u00edfica e opera\u00e7\u00f5es complexas em ambientes externos.","breadcrumb":{"@id":"https:\/\/www.ghostysky.com\/product\/agibot-d1-pro\/#breadcrumb"},"inLanguage":"pt-PT","potentialAction":[{"@type":"ReadAction","target":["https:\/\/www.ghostysky.com\/product\/agibot-d1-pro\/"]}]},{"@type":"ImageObject","inLanguage":"pt-PT","@id":"https:\/\/www.ghostysky.com\/product\/agibot-d1-pro\/#primaryimage","url":"https:\/\/www.ghostysky.com\/wp-content\/uploads\/2026\/02\/GH_Agibot_D1_Pro_1.png","contentUrl":"https:\/\/www.ghostysky.com\/wp-content\/uploads\/2026\/02\/GH_Agibot_D1_Pro_1.png","width":1440,"height":1440},{"@type":"BreadcrumbList","@id":"https:\/\/www.ghostysky.com\/product\/agibot-d1-pro\/#breadcrumb","itemListElement":[{"@type":"ListItem","position":1,"name":"Home","item":"https:\/\/www.ghostysky.com\/"},{"@type":"ListItem","position":2,"name":"Shop","item":"https:\/\/www.ghostysky.com\/shop\/"},{"@type":"ListItem","position":3,"name":"Agibot D1 Pro"}]},{"@type":"WebSite","@id":"https:\/\/www.ghostysky.com\/#website","url":"https:\/\/www.ghostysky.com\/","name":"Ghostysky","description":"Fornecendo drones e servi\u00e7os profissionais","publisher":{"@id":"https:\/\/www.ghostysky.com\/#organization"},"potentialAction":[{"@type":"SearchAction","target":{"@type":"EntryPoint","urlTemplate":"https:\/\/www.ghostysky.com\/?s={search_term_string}"},"query-input":{"@type":"PropertyValueSpecification","valueRequired":true,"valueName":"search_term_string"}}],"inLanguage":"pt-PT"},{"@type":"Organization","@id":"https:\/\/www.ghostysky.com\/#organization","name":"Ghostysky","url":"https:\/\/www.ghostysky.com\/","logo":{"@type":"ImageObject","inLanguage":"pt-PT","@id":"https:\/\/www.ghostysky.com\/#\/schema\/logo\/image\/","url":"https:\/\/www.ghostysky.com\/wp-content\/uploads\/2020\/06\/cropped-ghostyskylogo_text_white2.png","contentUrl":"https:\/\/www.ghostysky.com\/wp-content\/uploads\/2020\/06\/cropped-ghostyskylogo_text_white2.png","width":169,"height":56,"caption":"Ghostysky"},"image":{"@id":"https:\/\/www.ghostysky.com\/#\/schema\/logo\/image\/"},"sameAs":["https:\/\/www.facebook.com\/people\/Ghostysky\/100057676170234\/","https:\/\/x.com\/Gh0stysky","https:\/\/www.linkedin.com\/company\/34739653","https:\/\/www.instagram.com\/gh0stysky"]}]}},"_links":{"self":[{"href":"https:\/\/www.ghostysky.com\/pt\/wp-json\/wp\/v2\/product\/23926","targetHints":{"allow":["GET"]}}],"collection":[{"href":"https:\/\/www.ghostysky.com\/pt\/wp-json\/wp\/v2\/product"}],"about":[{"href":"https:\/\/www.ghostysky.com\/pt\/wp-json\/wp\/v2\/types\/product"}],"replies":[{"embeddable":true,"href":"https:\/\/www.ghostysky.com\/pt\/wp-json\/wp\/v2\/comments?post=23926"}],"wp:featuredmedia":[{"embeddable":true,"href":"https:\/\/www.ghostysky.com\/pt\/wp-json\/wp\/v2\/media\/23931"}],"wp:attachment":[{"href":"https:\/\/www.ghostysky.com\/pt\/wp-json\/wp\/v2\/media?parent=23926"}],"wp:term":[{"taxonomy":"product_brand","embeddable":true,"href":"https:\/\/www.ghostysky.com\/pt\/wp-json\/wp\/v2\/product_brand?post=23926"},{"taxonomy":"product_cat","embeddable":true,"href":"https:\/\/www.ghostysky.com\/pt\/wp-json\/wp\/v2\/product_cat?post=23926"},{"taxonomy":"product_tag","embeddable":true,"href":"https:\/\/www.ghostysky.com\/pt\/wp-json\/wp\/v2\/product_tag?post=23926"}],"curies":[{"name":"wp","href":"https:\/\/api.w.org\/{rel}","templated":true}]}}