{"id":23938,"date":"2026-02-02T07:34:00","date_gmt":"2026-02-02T07:34:00","guid":{"rendered":"https:\/\/www.ghostysky.com\/?post_type=product&#038;p=23938"},"modified":"2026-02-02T07:59:11","modified_gmt":"2026-02-02T07:59:11","slug":"agibot-d1-edu","status":"publish","type":"product","link":"https:\/\/www.ghostysky.com\/pt\/product\/agibot-d1-edu\/","title":{"rendered":"Agibot D1 Edu"},"content":{"rendered":"<h3 data-path-to-node=\"3\"><b data-path-to-node=\"3\" data-index-in-node=\"0\">Vis\u00e3o geral do produto<\/b><\/h3>\n<p data-path-to-node=\"4\"><span class=\"citation-55 citation-end-55\">O Agibot D1 Edu serve como um &quot;pioneiro da intelig\u00eancia&quot; vers\u00e1til no espa\u00e7o dos quadr\u00fapedes.<\/span> Enquanto seu irm\u00e3o, o <i data-path-to-node=\"4\" data-index-in-node=\"110\">D1 Ultra<\/i>, concentra-se na seguran\u00e7a e inspe\u00e7\u00e3o industrial, <b data-path-to-node=\"4\" data-index-in-node=\"171\">Edu<\/b> Esta vers\u00e3o foi desenvolvida especificamente para universidades e laborat\u00f3rios de IA. <span class=\"citation-54 citation-end-54\">Possui um design modular que permite a f\u00e1cil adi\u00e7\u00e3o de hardware como m\u00f3dulos LiDAR e RTK, tornando-se uma plataforma robusta para testar algoritmos de aprendizado por refor\u00e7o (RL) e navega\u00e7\u00e3o aut\u00f4noma.<\/span><\/p>\n<h3 data-path-to-node=\"5\"><b data-path-to-node=\"5\" data-index-in-node=\"0\">Principais caracter\u00edsticas principais<\/b><\/h3>\n<ul data-path-to-node=\"6\">\n<li>\n<p data-path-to-node=\"6,0,0\"><b data-path-to-node=\"6,0,0\" data-index-in-node=\"0\"><span class=\"citation-53\">C\u00e9rebro com Aprendizagem por Refor\u00e7o:<\/span><\/b><span class=\"citation-53 citation-end-53\"> Equipado com algoritmos de controle de movimento propriet\u00e1rios da Agibot, o D1 Edu pode se adaptar autonomamente a terrenos complexos, incluindo inclina\u00e7\u00f5es de 30\u00b0 e escadas de 16 cm de altura.<\/span><\/p>\n<\/li>\n<li>\n<p data-path-to-node=\"6,1,0\"><b data-path-to-node=\"6,1,0\" data-index-in-node=\"0\"><span class=\"citation-52\">Locomo\u00e7\u00e3o \u00e1gil:<\/span><\/b><span class=\"citation-52 citation-end-52\"> Capaz de correr em alta velocidade (at\u00e9 3,5 m\/s), saltar e at\u00e9 mesmo dar mortais para tr\u00e1s, demonstrando equil\u00edbrio e estabilidade din\u00e2mica excepcionais.<\/span><\/p>\n<\/li>\n<li>\n<p data-path-to-node=\"6,2,0\"><b data-path-to-node=\"6,2,0\" data-index-in-node=\"0\">Apoio ao Desenvolvimento Secund\u00e1rio:<\/b> Diferentemente dos c\u00e3es-rob\u00f4s para consumidores, a vers\u00e3o educacional oferece portas de expans\u00e3o abertas (Ethernet, USB, UART, SBUS) e compatibilidade de software para que pesquisadores possam implantar seus pr\u00f3prios modelos de IA.<\/p>\n<\/li>\n<li>\n<p data-path-to-node=\"6,3,0\"><b data-path-to-node=\"6,3,0\" data-index-in-node=\"0\"><span class=\"citation-51\">Design robusto:<\/span><\/b><span class=\"citation-51\"> Apresenta um <\/span><b data-path-to-node=\"6,3,0\" data-index-in-node=\"30\"><span class=\"citation-51\">Classifica\u00e7\u00e3o de prote\u00e7\u00e3o IP54<\/span><\/b><span class=\"citation-51 citation-end-51\">, tornando-o resistente \u00e0 poeira e respingos de \u00e1gua, adequado tanto para ambientes de laborat\u00f3rio internos quanto para testes de campo externos.<\/span><\/p>\n<p>&nbsp;<\/li>\n<\/ul>\n<h3 data-path-to-node=\"8\"><b data-path-to-node=\"8\" data-index-in-node=\"0\">Especifica\u00e7\u00f5es t\u00e9cnicas<\/b><\/h3>\n<table data-path-to-node=\"9\">\n<thead>\n<tr>\n<td><strong>Recurso<\/strong><\/td>\n<td><strong>Especifica\u00e7\u00f5es<\/strong><\/td>\n<\/tr>\n<\/thead>\n<tbody>\n<tr>\n<td><span data-path-to-node=\"9,1,0,0\"><b data-path-to-node=\"9,1,0,0\" data-index-in-node=\"0\">Velocidade m\u00e1xima<\/b><\/span><\/td>\n<td><span data-path-to-node=\"9,1,1,0\">3,5 m\/s (aproximadamente 12,6 km\/h)<\/span><\/td>\n<\/tr>\n<tr>\n<td><span data-path-to-node=\"9,2,0,0\"><b data-path-to-node=\"9,2,0,0\" data-index-in-node=\"0\">Capacidade de carga \u00fatil<\/b><\/span><\/td>\n<td><span data-path-to-node=\"9,2,1,0\">5 kg (Cont\u00ednuo) \/ At\u00e9 10 kg (M\u00e1x.)<\/span><\/td>\n<\/tr>\n<tr>\n<td><span data-path-to-node=\"9,3,0,0\"><b data-path-to-node=\"9,3,0,0\" data-index-in-node=\"0\">Resist\u00eancia<\/b><\/span><\/td>\n<td><span data-path-to-node=\"9,3,1,0\">1\u20132 horas (Suporta troca r\u00e1pida de bateria)<\/span><\/td>\n<\/tr>\n<tr>\n<td><span data-path-to-node=\"9,4,0,0\"><b data-path-to-node=\"9,4,0,0\" data-index-in-node=\"0\">Capacidade de terreno<\/b><\/span><\/td>\n<td><span data-path-to-node=\"9,4,1,0\">Inclina\u00e7\u00e3o de 30\u00b0 \/ Subida de escadas &gt;16 cm<\/span><\/td>\n<\/tr>\n<tr>\n<td><span data-path-to-node=\"9,5,0,0\"><b data-path-to-node=\"9,5,0,0\" data-index-in-node=\"0\">Peso<\/b><\/span><\/td>\n<td><span data-path-to-node=\"9,5,1,0\">Aproximadamente 15 kg (incluindo a bateria)<\/span><\/td>\n<\/tr>\n<tr>\n<td><span data-path-to-node=\"9,6,0,0\"><b data-path-to-node=\"9,6,0,0\" data-index-in-node=\"0\">Dimens\u00f5es<\/b><\/span><\/td>\n<td><span data-path-to-node=\"9,6,1,0\">Dimens\u00f5es em p\u00e9: 630 x 360 x 415 mm<\/span><\/td>\n<\/tr>\n<tr>\n<td><span data-path-to-node=\"9,7,0,0\"><b data-path-to-node=\"9,7,0,0\" data-index-in-node=\"0\">Portas de expans\u00e3o<\/b><\/span><\/td>\n<td><span data-path-to-node=\"9,7,1,0\">Ethernet, USB, Alimenta\u00e7\u00e3o, SBUS, UART<\/span><\/td>\n<\/tr>\n<tr>\n<td><span data-path-to-node=\"9,8,0,0\"><b data-path-to-node=\"9,8,0,0\" data-index-in-node=\"0\">N\u00edvel de prote\u00e7\u00e3o<\/b><\/span><\/td>\n<td><span data-path-to-node=\"9,8,1,0\">IP54 (\u00c0 prova de poeira e \u00e1gua)<\/span><\/td>\n<\/tr>\n<\/tbody>\n<\/table>\n<p>&nbsp;<\/p>\n<h3 data-path-to-node=\"11\"><b data-path-to-node=\"11\" data-index-in-node=\"0\">Aplica\u00e7\u00f5es<\/b><\/h3>\n<ul data-path-to-node=\"12\">\n<li>\n<p data-path-to-node=\"12,0,0\"><b data-path-to-node=\"12,0,0\" data-index-in-node=\"0\">Pesquisa Acad\u00eamica:<\/b> Uma plataforma para testar planejamento de marcha, desvio de obst\u00e1culos e coordena\u00e7\u00e3o multi-rob\u00f4.<\/p>\n<\/li>\n<li>\n<p data-path-to-node=\"12,1,0\"><b data-path-to-node=\"12,1,0\" data-index-in-node=\"0\">Educa\u00e7\u00e3o STEM:<\/b> Ensino de rob\u00f3tica avan\u00e7ada, cinem\u00e1tica e integra\u00e7\u00e3o de IA.<\/p>\n<\/li>\n<li>\n<p data-path-to-node=\"12,2,0\"><b data-path-to-node=\"12,2,0\" data-index-in-node=\"0\"><span class=\"citation-50\">Seguran\u00e7a e Inspe\u00e7\u00e3o:<\/span><\/b><span class=\"citation-50 citation-end-50\"> Com a adi\u00e7\u00e3o de sensores especializados, ele pode ser usado para monitoramento e mapeamento remotos em \u00e1reas inacess\u00edveis a rob\u00f4s com rodas.<\/span><\/p>\n<\/li>\n<li>\n<p data-path-to-node=\"12,3,0\"><b data-path-to-node=\"12,3,0\" data-index-in-node=\"0\">Entretenimento:<\/b> Sua capacidade de realizar manobras complexas, como flips, a torna uma escolha popular para demonstra\u00e7\u00f5es comerciais e exibi\u00e7\u00f5es de alta tecnologia.<\/p>\n<\/li>\n<\/ul>\n<p><a href=\"https:\/\/www.ghostysky.com\/wp-content\/uploads\/2026\/02\/GH_Agibot_D1_Edu_Pro_Product_1-scaled.png\"><img fetchpriority=\"high\" decoding=\"async\" class=\"alignnone wp-image-23932 size-full lazyload\" src=\"data:image\/gif;base64,R0lGODlhAQABAAAAACH5BAEKAAEALAAAAAABAAEAAAICTAEAOw==\" alt=\"\" width=\"980\" height=\"2560\" sizes=\"(max-width: 980px) 100vw, 980px\" data-src=\"https:\/\/www.ghostysky.com\/wp-content\/uploads\/2026\/02\/GH_Agibot_D1_Edu_Pro_Product_1-scaled.png\" data-srcset=\"https:\/\/www.ghostysky.com\/wp-content\/uploads\/2026\/02\/GH_Agibot_D1_Edu_Pro_Product_1-scaled.png 980w, https:\/\/www.ghostysky.com\/wp-content\/uploads\/2026\/02\/GH_Agibot_D1_Edu_Pro_Product_1-115x300.png 115w, https:\/\/www.ghostysky.com\/wp-content\/uploads\/2026\/02\/GH_Agibot_D1_Edu_Pro_Product_1-392x1024.png 392w, https:\/\/www.ghostysky.com\/wp-content\/uploads\/2026\/02\/GH_Agibot_D1_Edu_Pro_Product_1-768x2006.png 768w, https:\/\/www.ghostysky.com\/wp-content\/uploads\/2026\/02\/GH_Agibot_D1_Edu_Pro_Product_1-588x1536.png 588w, https:\/\/www.ghostysky.com\/wp-content\/uploads\/2026\/02\/GH_Agibot_D1_Edu_Pro_Product_1-784x2048.png 784w, https:\/\/www.ghostysky.com\/wp-content\/uploads\/2026\/02\/GH_Agibot_D1_Edu_Pro_Product_1-5x12.png 5w, https:\/\/www.ghostysky.com\/wp-content\/uploads\/2026\/02\/GH_Agibot_D1_Edu_Pro_Product_1-720x1881.png 720w, https:\/\/www.ghostysky.com\/wp-content\/uploads\/2026\/02\/GH_Agibot_D1_Edu_Pro_Product_1-600x1567.png 600w\"><\/a><\/p>","protected":false},"excerpt":{"rendered":"<p><span class=\"citation-27\">O <\/span><b data-path-to-node=\"0\" data-index-in-node=\"4\"><span class=\"citation-27\">Agibot D1 Pro<\/span><\/b><span class=\"citation-27\"> (frequentemente referido como o <\/span><b data-path-to-node=\"0\" data-index-in-node=\"44\"><span class=\"citation-27\">D1 Pro\/Edu<\/span><\/b><span class=\"citation-27\">) \u00e9 um rob\u00f4 quadr\u00fapede de alto desempenho para todos os terrenos, projetado pela empresa de rob\u00f3tica sediada em Xangai. <\/span><b data-path-to-node=\"0\" data-index-in-node=\"152\"><span class=\"citation-27\">Agibot<\/span><\/b><span class=\"citation-27 citation-end-27\"> (Rob\u00f3tica Zhiyuan).<\/span> <span class=\"citation-26 citation-end-26 interactive-span-hovered\">Posicionado como um &quot;pioneiro em intelig\u00eancia quadr\u00fapede completa&quot;, ele foi projetado para mobilidade extrema, pesquisa cient\u00edfica e opera\u00e7\u00f5es complexas ao ar livre.<\/span><\/p>","protected":false},"featured_media":23931,"comment_status":"open","ping_status":"closed","template":"","meta":[],"product_brand":[1345],"product_cat":[1355,1039,1037],"product_tag":[1358,1357],"class_list":{"0":"post-23938","1":"product","2":"type-product","3":"status-publish","4":"has-post-thumbnail","6":"product_brand-agibot","7":"product_cat-agibot-quad","8":"product_cat-quadruped","9":"product_cat-robotics","10":"product_tag-agibot-d1-robot","11":"product_tag-agibot-d1-series","13":"first","14":"outofstock","15":"taxable","16":"shipping-taxable","17":"purchasable","18":"product-type-simple"},"yoast_head":"<!-- This site is optimized with the Yoast SEO plugin v27.1.1 - https:\/\/yoast.com\/product\/yoast-seo-wordpress\/ -->\n<title>Agibot D1 Edu - Ghostysky<\/title>\n<meta name=\"description\" content=\"The Agibot D1 Pro (often referred to as the D1 Pro\/Edu) is a high-performance, all-terrain quadruped robot designed by the Shanghai-based robotics firm Agibot (Zhiyuan Robotics). Positioned as a &quot;pioneer in all-round quadruped intelligence,&quot; it is engineered for extreme mobility, scientific research, and complex outdoor operations.\" \/>\n<meta name=\"robots\" content=\"index, follow, max-snippet:-1, max-image-preview:large, max-video-preview:-1\" \/>\n<link rel=\"canonical\" href=\"https:\/\/www.ghostysky.com\/pt\/produto-2\/agibot-d1-edu\/\" \/>\n<meta property=\"og:locale\" content=\"pt_PT\" \/>\n<meta property=\"og:type\" content=\"article\" \/>\n<meta property=\"og:title\" content=\"Agibot D1 Edu - Ghostysky\" \/>\n<meta property=\"og:description\" content=\"The Agibot D1 Pro (often referred to as the D1 Pro\/Edu) is a high-performance, all-terrain quadruped robot designed by the Shanghai-based robotics firm Agibot (Zhiyuan Robotics). Positioned as a &quot;pioneer in all-round quadruped intelligence,&quot; it is engineered for extreme mobility, scientific research, and complex outdoor operations.\" \/>\n<meta property=\"og:url\" content=\"https:\/\/www.ghostysky.com\/pt\/produto-2\/agibot-d1-edu\/\" \/>\n<meta property=\"og:site_name\" content=\"Ghostysky\" \/>\n<meta property=\"article:publisher\" content=\"https:\/\/www.facebook.com\/people\/Ghostysky\/100057676170234\/\" \/>\n<meta property=\"article:modified_time\" content=\"2026-02-02T07:59:11+00:00\" \/>\n<meta property=\"og:image\" content=\"https:\/\/www.ghostysky.com\/wp-content\/uploads\/2026\/02\/GH_Agibot_D1_Pro_1.png\" \/>\n\t<meta property=\"og:image:width\" content=\"1440\" \/>\n\t<meta property=\"og:image:height\" content=\"1440\" \/>\n\t<meta property=\"og:image:type\" content=\"image\/png\" \/>\n<meta name=\"twitter:card\" content=\"summary_large_image\" \/>\n<meta name=\"twitter:site\" content=\"@Gh0stysky\" \/>\n<meta name=\"twitter:label1\" content=\"Tempo estimado de leitura\" \/>\n\t<meta name=\"twitter:data1\" content=\"2 minutos\" \/>\n<script type=\"application\/ld+json\" class=\"yoast-schema-graph\">{\"@context\":\"https:\/\/schema.org\",\"@graph\":[{\"@type\":\"WebPage\",\"@id\":\"https:\/\/www.ghostysky.com\/product\/agibot-d1-edu\/\",\"url\":\"https:\/\/www.ghostysky.com\/product\/agibot-d1-edu\/\",\"name\":\"Agibot D1 Edu - Ghostysky\",\"isPartOf\":{\"@id\":\"https:\/\/www.ghostysky.com\/#website\"},\"primaryImageOfPage\":{\"@id\":\"https:\/\/www.ghostysky.com\/product\/agibot-d1-edu\/#primaryimage\"},\"image\":{\"@id\":\"https:\/\/www.ghostysky.com\/product\/agibot-d1-edu\/#primaryimage\"},\"thumbnailUrl\":\"https:\/\/www.ghostysky.com\/wp-content\/uploads\/2026\/02\/GH_Agibot_D1_Pro_1.png\",\"datePublished\":\"2026-02-02T07:34:00+00:00\",\"dateModified\":\"2026-02-02T07:59:11+00:00\",\"description\":\"The Agibot D1 Pro (often referred to as the D1 Pro\/Edu) is a high-performance, all-terrain quadruped robot designed by the Shanghai-based robotics firm Agibot (Zhiyuan Robotics). Positioned as a \\\"pioneer in all-round quadruped intelligence,\\\" it is engineered for extreme mobility, scientific research, and complex outdoor operations.\",\"breadcrumb\":{\"@id\":\"https:\/\/www.ghostysky.com\/product\/agibot-d1-edu\/#breadcrumb\"},\"inLanguage\":\"pt-PT\",\"potentialAction\":[{\"@type\":\"ReadAction\",\"target\":[\"https:\/\/www.ghostysky.com\/product\/agibot-d1-edu\/\"]}]},{\"@type\":\"ImageObject\",\"inLanguage\":\"pt-PT\",\"@id\":\"https:\/\/www.ghostysky.com\/product\/agibot-d1-edu\/#primaryimage\",\"url\":\"https:\/\/www.ghostysky.com\/wp-content\/uploads\/2026\/02\/GH_Agibot_D1_Pro_1.png\",\"contentUrl\":\"https:\/\/www.ghostysky.com\/wp-content\/uploads\/2026\/02\/GH_Agibot_D1_Pro_1.png\",\"width\":1440,\"height\":1440},{\"@type\":\"BreadcrumbList\",\"@id\":\"https:\/\/www.ghostysky.com\/product\/agibot-d1-edu\/#breadcrumb\",\"itemListElement\":[{\"@type\":\"ListItem\",\"position\":1,\"name\":\"Home\",\"item\":\"https:\/\/www.ghostysky.com\/\"},{\"@type\":\"ListItem\",\"position\":2,\"name\":\"Shop\",\"item\":\"https:\/\/www.ghostysky.com\/shop\/\"},{\"@type\":\"ListItem\",\"position\":3,\"name\":\"Agibot D1 Edu\"}]},{\"@type\":\"WebSite\",\"@id\":\"https:\/\/www.ghostysky.com\/#website\",\"url\":\"https:\/\/www.ghostysky.com\/\",\"name\":\"Ghostysky\",\"description\":\"Delivering professional drones and services\",\"publisher\":{\"@id\":\"https:\/\/www.ghostysky.com\/#organization\"},\"potentialAction\":[{\"@type\":\"SearchAction\",\"target\":{\"@type\":\"EntryPoint\",\"urlTemplate\":\"https:\/\/www.ghostysky.com\/?s={search_term_string}\"},\"query-input\":{\"@type\":\"PropertyValueSpecification\",\"valueRequired\":true,\"valueName\":\"search_term_string\"}}],\"inLanguage\":\"pt-PT\"},{\"@type\":\"Organization\",\"@id\":\"https:\/\/www.ghostysky.com\/#organization\",\"name\":\"Ghostysky\",\"url\":\"https:\/\/www.ghostysky.com\/\",\"logo\":{\"@type\":\"ImageObject\",\"inLanguage\":\"pt-PT\",\"@id\":\"https:\/\/www.ghostysky.com\/#\/schema\/logo\/image\/\",\"url\":\"https:\/\/www.ghostysky.com\/wp-content\/uploads\/2020\/06\/cropped-ghostyskylogo_text_white2.png\",\"contentUrl\":\"https:\/\/www.ghostysky.com\/wp-content\/uploads\/2020\/06\/cropped-ghostyskylogo_text_white2.png\",\"width\":169,\"height\":56,\"caption\":\"Ghostysky\"},\"image\":{\"@id\":\"https:\/\/www.ghostysky.com\/#\/schema\/logo\/image\/\"},\"sameAs\":[\"https:\/\/www.facebook.com\/people\/Ghostysky\/100057676170234\/\",\"https:\/\/x.com\/Gh0stysky\",\"https:\/\/www.linkedin.com\/company\/34739653\",\"https:\/\/www.instagram.com\/gh0stysky\"]}]}<\/script>\n<!-- \/ Yoast SEO plugin. -->","yoast_head_json":{"title":"Agibot D1 Edu - Ghostysky","description":"O Agibot D1 Pro (frequentemente referido como D1 Pro\/Edu) \u00e9 um rob\u00f4 quadr\u00fapede de alto desempenho para todos os terrenos, projetado pela empresa de rob\u00f3tica Agibot (Zhiyuan Robotics), sediada em Xangai. Posicionado como um &quot;pioneiro em intelig\u00eancia quadr\u00fapede completa&quot;, ele foi projetado para mobilidade extrema, pesquisa cient\u00edfica e opera\u00e7\u00f5es complexas em ambientes externos.","robots":{"index":"index","follow":"follow","max-snippet":"max-snippet:-1","max-image-preview":"max-image-preview:large","max-video-preview":"max-video-preview:-1"},"canonical":"https:\/\/www.ghostysky.com\/pt\/produto-2\/agibot-d1-edu\/","og_locale":"pt_PT","og_type":"article","og_title":"Agibot D1 Edu - Ghostysky","og_description":"The Agibot D1 Pro (often referred to as the D1 Pro\/Edu) is a high-performance, all-terrain quadruped robot designed by the Shanghai-based robotics firm Agibot (Zhiyuan Robotics). Positioned as a \"pioneer in all-round quadruped intelligence,\" it is engineered for extreme mobility, scientific research, and complex outdoor operations.","og_url":"https:\/\/www.ghostysky.com\/pt\/produto-2\/agibot-d1-edu\/","og_site_name":"Ghostysky","article_publisher":"https:\/\/www.facebook.com\/people\/Ghostysky\/100057676170234\/","article_modified_time":"2026-02-02T07:59:11+00:00","og_image":[{"width":1440,"height":1440,"url":"https:\/\/www.ghostysky.com\/wp-content\/uploads\/2026\/02\/GH_Agibot_D1_Pro_1.png","type":"image\/png"}],"twitter_card":"summary_large_image","twitter_site":"@Gh0stysky","twitter_misc":{"Tempo estimado de leitura":"2 minutos"},"schema":{"@context":"https:\/\/schema.org","@graph":[{"@type":"WebPage","@id":"https:\/\/www.ghostysky.com\/product\/agibot-d1-edu\/","url":"https:\/\/www.ghostysky.com\/product\/agibot-d1-edu\/","name":"Agibot D1 Edu - Ghostysky","isPartOf":{"@id":"https:\/\/www.ghostysky.com\/#website"},"primaryImageOfPage":{"@id":"https:\/\/www.ghostysky.com\/product\/agibot-d1-edu\/#primaryimage"},"image":{"@id":"https:\/\/www.ghostysky.com\/product\/agibot-d1-edu\/#primaryimage"},"thumbnailUrl":"https:\/\/www.ghostysky.com\/wp-content\/uploads\/2026\/02\/GH_Agibot_D1_Pro_1.png","datePublished":"2026-02-02T07:34:00+00:00","dateModified":"2026-02-02T07:59:11+00:00","description":"O Agibot D1 Pro (frequentemente referido como D1 Pro\/Edu) \u00e9 um rob\u00f4 quadr\u00fapede de alto desempenho para todos os terrenos, projetado pela empresa de rob\u00f3tica Agibot (Zhiyuan Robotics), sediada em Xangai. Posicionado como um &quot;pioneiro em intelig\u00eancia quadr\u00fapede completa&quot;, ele foi projetado para mobilidade extrema, pesquisa cient\u00edfica e opera\u00e7\u00f5es complexas em ambientes externos.","breadcrumb":{"@id":"https:\/\/www.ghostysky.com\/product\/agibot-d1-edu\/#breadcrumb"},"inLanguage":"pt-PT","potentialAction":[{"@type":"ReadAction","target":["https:\/\/www.ghostysky.com\/product\/agibot-d1-edu\/"]}]},{"@type":"ImageObject","inLanguage":"pt-PT","@id":"https:\/\/www.ghostysky.com\/product\/agibot-d1-edu\/#primaryimage","url":"https:\/\/www.ghostysky.com\/wp-content\/uploads\/2026\/02\/GH_Agibot_D1_Pro_1.png","contentUrl":"https:\/\/www.ghostysky.com\/wp-content\/uploads\/2026\/02\/GH_Agibot_D1_Pro_1.png","width":1440,"height":1440},{"@type":"BreadcrumbList","@id":"https:\/\/www.ghostysky.com\/product\/agibot-d1-edu\/#breadcrumb","itemListElement":[{"@type":"ListItem","position":1,"name":"Home","item":"https:\/\/www.ghostysky.com\/"},{"@type":"ListItem","position":2,"name":"Shop","item":"https:\/\/www.ghostysky.com\/shop\/"},{"@type":"ListItem","position":3,"name":"Agibot D1 Edu"}]},{"@type":"WebSite","@id":"https:\/\/www.ghostysky.com\/#website","url":"https:\/\/www.ghostysky.com\/","name":"Ghostysky","description":"Fornecendo drones e servi\u00e7os profissionais","publisher":{"@id":"https:\/\/www.ghostysky.com\/#organization"},"potentialAction":[{"@type":"SearchAction","target":{"@type":"EntryPoint","urlTemplate":"https:\/\/www.ghostysky.com\/?s={search_term_string}"},"query-input":{"@type":"PropertyValueSpecification","valueRequired":true,"valueName":"search_term_string"}}],"inLanguage":"pt-PT"},{"@type":"Organization","@id":"https:\/\/www.ghostysky.com\/#organization","name":"Ghostysky","url":"https:\/\/www.ghostysky.com\/","logo":{"@type":"ImageObject","inLanguage":"pt-PT","@id":"https:\/\/www.ghostysky.com\/#\/schema\/logo\/image\/","url":"https:\/\/www.ghostysky.com\/wp-content\/uploads\/2020\/06\/cropped-ghostyskylogo_text_white2.png","contentUrl":"https:\/\/www.ghostysky.com\/wp-content\/uploads\/2020\/06\/cropped-ghostyskylogo_text_white2.png","width":169,"height":56,"caption":"Ghostysky"},"image":{"@id":"https:\/\/www.ghostysky.com\/#\/schema\/logo\/image\/"},"sameAs":["https:\/\/www.facebook.com\/people\/Ghostysky\/100057676170234\/","https:\/\/x.com\/Gh0stysky","https:\/\/www.linkedin.com\/company\/34739653","https:\/\/www.instagram.com\/gh0stysky"]}]}},"_links":{"self":[{"href":"https:\/\/www.ghostysky.com\/pt\/wp-json\/wp\/v2\/product\/23938","targetHints":{"allow":["GET"]}}],"collection":[{"href":"https:\/\/www.ghostysky.com\/pt\/wp-json\/wp\/v2\/product"}],"about":[{"href":"https:\/\/www.ghostysky.com\/pt\/wp-json\/wp\/v2\/types\/product"}],"replies":[{"embeddable":true,"href":"https:\/\/www.ghostysky.com\/pt\/wp-json\/wp\/v2\/comments?post=23938"}],"wp:featuredmedia":[{"embeddable":true,"href":"https:\/\/www.ghostysky.com\/pt\/wp-json\/wp\/v2\/media\/23931"}],"wp:attachment":[{"href":"https:\/\/www.ghostysky.com\/pt\/wp-json\/wp\/v2\/media?parent=23938"}],"wp:term":[{"taxonomy":"product_brand","embeddable":true,"href":"https:\/\/www.ghostysky.com\/pt\/wp-json\/wp\/v2\/product_brand?post=23938"},{"taxonomy":"product_cat","embeddable":true,"href":"https:\/\/www.ghostysky.com\/pt\/wp-json\/wp\/v2\/product_cat?post=23938"},{"taxonomy":"product_tag","embeddable":true,"href":"https:\/\/www.ghostysky.com\/pt\/wp-json\/wp\/v2\/product_tag?post=23938"}],"curies":[{"name":"wp","href":"https:\/\/api.w.org\/{rel}","templated":true}]}}