{"id":23943,"date":"2026-02-02T08:00:10","date_gmt":"2026-02-02T08:00:10","guid":{"rendered":"https:\/\/www.ghostysky.com\/?post_type=product&#038;p=23943"},"modified":"2026-02-02T08:23:13","modified_gmt":"2026-02-02T08:23:13","slug":"agibot-d1-ultra","status":"publish","type":"product","link":"https:\/\/www.ghostysky.com\/pt\/product\/agibot-d1-ultra\/","title":{"rendered":"Agibot D1 Ultra"},"content":{"rendered":"<h3 data-path-to-node=\"2\">Principais recursos e capacidades<\/h3>\n<ul data-path-to-node=\"3\">\n<li>\n<p data-path-to-node=\"3,0,0\"><b data-path-to-node=\"3,0,0\" data-index-in-node=\"0\">Controle da marcha por meio de aprendizagem por refor\u00e7o (RL):<\/b><span class=\"citation-82 citation-end-82\"> Diferentemente dos rob\u00f4s com movimentos pr\u00e9-programados, o D1 Ultra utiliza algoritmos avan\u00e7ados de aprendizado por refor\u00e7o (RL) para adaptar seus movimentos em tempo real.<\/span> <span class=\"citation-81 citation-end-81\">Isso permite que ele mantenha o equil\u00edbrio em entulhos soltos, superf\u00edcies escorregadias e terrenos irregulares.<\/span><\/p>\n<\/li>\n<li>\n<p data-path-to-node=\"3,1,0\"><b data-path-to-node=\"3,1,0\" data-index-in-node=\"0\"><span class=\"citation-80\">Sistema de acionamento de alta pot\u00eancia:<\/span><\/b><span class=\"citation-80\"> Constru\u00eddo com um sistema de acionamento l\u00edder do setor, oferecendo uma pot\u00eancia espec\u00edfica de <\/span><b data-path-to-node=\"3,1,0\" data-index-in-node=\"98\"><span class=\"citation-80\">2 kW\/kg<\/span><\/b><span class=\"citation-80 citation-end-80\">Ele fornece o alto torque necess\u00e1rio para acelera\u00e7\u00e3o r\u00e1pida e recupera\u00e7\u00e3o de quedas.<\/span><\/p>\n<\/li>\n<li>\n<p data-path-to-node=\"3,2,0\"><b data-path-to-node=\"3,2,0\" data-index-in-node=\"0\">Agilidade em todos os terrenos:<\/b><span class=\"citation-79\"> O rob\u00f4 \u00e9 capaz de subir escadas mais altas que <\/span><b data-path-to-node=\"3,2,0\" data-index-in-node=\"73\"><span class=\"citation-79\">16 cm<\/span><\/b><span class=\"citation-79\">, enfrentando encostas de at\u00e9 <\/span><b data-path-to-node=\"3,2,0\" data-index-in-node=\"102\"><span class=\"citation-79\">30\u00b0<\/span><\/b><span class=\"citation-79 citation-end-79\"> (com um limite extremo de 40\u00b0), e realizando manobras atl\u00e9ticas como saltos (at\u00e9 35 cm) e cambalhotas.<\/span><\/p>\n<\/li>\n<li>\n<p data-path-to-node=\"3,3,0\"><b data-path-to-node=\"3,3,0\" data-index-in-node=\"0\"><span class=\"citation-78\">Expans\u00e3o modular:<\/span><\/b><span class=\"citation-78\"> Possui uma interface padronizada para desenvolvimento secund\u00e1rio, permitindo que os usu\u00e1rios montem <\/span><b data-path-to-node=\"3,3,0\" data-index-in-node=\"107\"><span class=\"citation-78\">LiDAR<\/span><\/b><span class=\"citation-78\">, <\/span><b data-path-to-node=\"3,3,0\" data-index-in-node=\"114\"><span class=\"citation-78\">C\u00e2meras RGB-D<\/span><\/b><span class=\"citation-78\">, <\/span><b data-path-to-node=\"3,3,0\" data-index-in-node=\"129\"><span class=\"citation-78\">M\u00f3dulos 4G\/5G<\/span><\/b><span class=\"citation-78\">, ou <\/span><b data-path-to-node=\"3,3,0\" data-index-in-node=\"147\"><span class=\"citation-78\">bra\u00e7os rob\u00f3ticos<\/span><\/b><span class=\"citation-78 citation-end-78\">.<\/span><\/p>\n<p>&nbsp;<\/li>\n<\/ul>\n<h3 data-path-to-node=\"5\">Especifica\u00e7\u00f5es t\u00e9cnicas<\/h3>\n<table data-path-to-node=\"6\">\n<thead>\n<tr>\n<td><strong>Recurso<\/strong><\/td>\n<td><strong>Especifica\u00e7\u00f5es<\/strong><\/td>\n<\/tr>\n<\/thead>\n<tbody>\n<tr>\n<td><span data-path-to-node=\"6,1,0,0\"><b data-path-to-node=\"6,1,0,0\" data-index-in-node=\"0\">Velocidade m\u00e1xima<\/b><\/span><\/td>\n<td><span data-path-to-node=\"6,1,1,0\">3,7 m\/s (Limite de at\u00e9 5 m\/s)<\/span><\/td>\n<\/tr>\n<tr>\n<td><span data-path-to-node=\"6,2,0,0\"><b data-path-to-node=\"6,2,0,0\" data-index-in-node=\"0\">Capacidade de carga \u00fatil<\/b><\/span><\/td>\n<td><span data-path-to-node=\"6,2,1,0\">8 kg (Carga est\u00e1tica at\u00e9 10 kg)<\/span><\/td>\n<\/tr>\n<tr>\n<td><span data-path-to-node=\"6,3,0,0\"><b data-path-to-node=\"6,3,0,0\" data-index-in-node=\"0\">Dimens\u00f5es (em p\u00e9)<\/b><\/span><\/td>\n<td><span data-path-to-node=\"6,3,1,0\">630 x 360 x 415 mm<\/span><\/td>\n<\/tr>\n<tr>\n<td><span data-path-to-node=\"6,4,0,0\"><b data-path-to-node=\"6,4,0,0\" data-index-in-node=\"0\">Peso<\/b><\/span><\/td>\n<td><span data-path-to-node=\"6,4,1,0\">15 kg (incluindo a bateria)<\/span><\/td>\n<\/tr>\n<tr>\n<td><span data-path-to-node=\"6,5,0,0\"><b data-path-to-node=\"6,5,0,0\" data-index-in-node=\"0\">Dura\u00e7\u00e3o da bateria<\/b><\/span><\/td>\n<td><span data-path-to-node=\"6,5,1,0\">1\u20132 horas (compat\u00edvel com baterias substitu\u00edveis a quente)<\/span><\/td>\n<\/tr>\n<tr>\n<td><span data-path-to-node=\"6,6,0,0\"><b data-path-to-node=\"6,6,0,0\" data-index-in-node=\"0\">Classifica\u00e7\u00e3o de prote\u00e7\u00e3o<\/b><\/span><\/td>\n<td><span data-path-to-node=\"6,6,1,0\"><b data-path-to-node=\"6,6,1,0\" data-index-in-node=\"0\">IP54<\/b> (Resistente a poeira e respingos)<\/span><\/td>\n<\/tr>\n<tr>\n<td><span data-path-to-node=\"6,7,0,0\"><b data-path-to-node=\"6,7,0,0\" data-index-in-node=\"0\">Torque m\u00e1ximo da junta<\/b><\/span><\/td>\n<td><span data-path-to-node=\"6,7,1,0\">~48 N\u00b7m<\/span><\/td>\n<\/tr>\n<tr>\n<td><span data-path-to-node=\"6,8,0,0\"><b data-path-to-node=\"6,8,0,0\" data-index-in-node=\"0\">Temperatura de opera\u00e7\u00e3o<\/b><\/span><\/td>\n<td><span data-path-to-node=\"6,8,1,0\">0\u00b0C a 40\u00b0C<\/span><\/td>\n<\/tr>\n<\/tbody>\n<\/table>\n<p>&nbsp;<\/p>\n<h3 data-path-to-node=\"8\">Aplica\u00e7\u00f5es-alvo<\/h3>\n<p data-path-to-node=\"9\">A designa\u00e7\u00e3o \u201cUltra\u201d torna este modelo adequado para cen\u00e1rios que exigem mais confiabilidade do que um rob\u00f4 de hobby padr\u00e3o:<\/p>\n<ul data-path-to-node=\"10\">\n<li>\n<p data-path-to-node=\"10,0,0\"><b data-path-to-node=\"10,0,0\" data-index-in-node=\"0\"><span class=\"citation-77\">Inspe\u00e7\u00e3o Industrial:<\/span><\/b><span class=\"citation-77 citation-end-77\"> Percorrer usinas de energia, f\u00e1bricas ou instala\u00e7\u00f5es de petr\u00f3leo e g\u00e1s para monitorar medidores e detectar vazamentos.<\/span><\/p>\n<\/li>\n<li>\n<p data-path-to-node=\"10,1,0\"><b data-path-to-node=\"10,1,0\" data-index-in-node=\"0\"><span class=\"citation-76\">Seguran\u00e7a e patrulha:<\/span><\/b><span class=\"citation-76 citation-end-76\"> Vigil\u00e2ncia aut\u00f4noma em grandes armaz\u00e9ns ou per\u00edmetros externos.<\/span><\/p>\n<\/li>\n<li>\n<p data-path-to-node=\"10,2,0\"><b data-path-to-node=\"10,2,0\" data-index-in-node=\"0\"><span class=\"citation-75\">Resposta a emerg\u00eancias:<\/span><\/b><span class=\"citation-75 citation-end-75\"> Explorar \u00e1reas perigosas ou zonas de desastre onde a entrada humana \u00e9 insegura.<\/span><\/p>\n<\/li>\n<li>\n<p data-path-to-node=\"10,3,0\"><b data-path-to-node=\"10,3,0\" data-index-in-node=\"0\">Pesquisa Avan\u00e7ada:<\/b> Utilizada como plataforma de hardware para universidades que desenvolvem novos softwares de movimento ou navega\u00e7\u00e3o baseados em IA.<\/p>\n<\/li>\n<\/ul>\n<p><a href=\"https:\/\/www.ghostysky.com\/wp-content\/uploads\/2026\/02\/GH_Agibot_D1_Ultra_Main_Prod.png\"><img fetchpriority=\"high\" decoding=\"async\" class=\"alignnone wp-image-23949 size-full lazyload\" src=\"data:image\/gif;base64,R0lGODlhAQABAAAAACH5BAEKAAEALAAAAAABAAEAAAICTAEAOw==\" alt=\"\" width=\"1018\" height=\"1395\" sizes=\"(max-width: 1018px) 100vw, 1018px\" data-src=\"https:\/\/www.ghostysky.com\/wp-content\/uploads\/2026\/02\/GH_Agibot_D1_Ultra_Main_Prod.png\" data-srcset=\"https:\/\/www.ghostysky.com\/wp-content\/uploads\/2026\/02\/GH_Agibot_D1_Ultra_Main_Prod.png 1018w, https:\/\/www.ghostysky.com\/wp-content\/uploads\/2026\/02\/GH_Agibot_D1_Ultra_Main_Prod-219x300.png 219w, https:\/\/www.ghostysky.com\/wp-content\/uploads\/2026\/02\/GH_Agibot_D1_Ultra_Main_Prod-747x1024.png 747w, https:\/\/www.ghostysky.com\/wp-content\/uploads\/2026\/02\/GH_Agibot_D1_Ultra_Main_Prod-768x1052.png 768w, https:\/\/www.ghostysky.com\/wp-content\/uploads\/2026\/02\/GH_Agibot_D1_Ultra_Main_Prod-9x12.png 9w, https:\/\/www.ghostysky.com\/wp-content\/uploads\/2026\/02\/GH_Agibot_D1_Ultra_Main_Prod-720x987.png 720w, https:\/\/www.ghostysky.com\/wp-content\/uploads\/2026\/02\/GH_Agibot_D1_Ultra_Main_Prod-600x822.png 600w\"><\/a><\/p>","protected":false},"excerpt":{"rendered":"<p><span class=\"citation-83\">O <\/span><b data-path-to-node=\"0\" data-index-in-node=\"4\"><span class=\"citation-83\">Agibot D1 Ultra<\/span><\/b><span class=\"citation-83 citation-end-83\"> \u00c9 um rob\u00f4 quadr\u00fapede de alto desempenho e n\u00edvel industrial (frequentemente chamado de &quot;c\u00e3o rob\u00f4&quot;) projetado para tarefas de alta intensidade em ambientes complexos.<\/span> Produzido pela empresa de rob\u00f3tica sediada em Xangai. <b data-path-to-node=\"0\" data-index-in-node=\"217\">AgiBot<\/b>O D1 Ultra \u00e9 a evolu\u00e7\u00e3o premium e robusta da s\u00e9rie D1, preenchendo a lacuna entre plataformas voltadas para pesquisa e ferramentas industriais resistentes.<\/p>","protected":false},"featured_media":23948,"comment_status":"open","ping_status":"closed","template":"","meta":[],"product_brand":[1345],"product_cat":[1355,1039,1037],"product_tag":[1358,1357],"class_list":{"0":"post-23943","1":"product","2":"type-product","3":"status-publish","4":"has-post-thumbnail","6":"product_brand-agibot","7":"product_cat-agibot-quad","8":"product_cat-quadruped","9":"product_cat-robotics","10":"product_tag-agibot-d1-robot","11":"product_tag-agibot-d1-series","13":"first","14":"outofstock","15":"taxable","16":"shipping-taxable","17":"purchasable","18":"product-type-simple"},"yoast_head":"<!-- This site is optimized with the Yoast SEO plugin v27.1.1 - https:\/\/yoast.com\/product\/yoast-seo-wordpress\/ -->\n<title>Agibot D1 Ultra - Ghostysky<\/title>\n<meta name=\"description\" content=\"The Agibot D1 Ultra is a high-performance, industrial-grade quadruped robot (often referred to as a &quot;robot dog&quot;) designed for high-intensity tasks in complex environments. Produced by the Shanghai-based robotics firm AgiBot, the D1 Ultra is the premium, heavy-duty evolution of their D1 series, bridging the gap between research-focused platforms and rugged industrial tools.\" \/>\n<meta name=\"robots\" content=\"index, follow, max-snippet:-1, max-image-preview:large, max-video-preview:-1\" \/>\n<link rel=\"canonical\" href=\"https:\/\/www.ghostysky.com\/pt\/produto-2\/agibot-d1-ultra\/\" \/>\n<meta property=\"og:locale\" content=\"pt_PT\" \/>\n<meta property=\"og:type\" content=\"article\" \/>\n<meta property=\"og:title\" content=\"Agibot D1 Ultra - Ghostysky\" \/>\n<meta property=\"og:description\" content=\"The Agibot D1 Ultra is a high-performance, industrial-grade quadruped robot (often referred to as a &quot;robot dog&quot;) designed for high-intensity tasks in complex environments. Produced by the Shanghai-based robotics firm AgiBot, the D1 Ultra is the premium, heavy-duty evolution of their D1 series, bridging the gap between research-focused platforms and rugged industrial tools.\" \/>\n<meta property=\"og:url\" content=\"https:\/\/www.ghostysky.com\/pt\/produto-2\/agibot-d1-ultra\/\" \/>\n<meta property=\"og:site_name\" content=\"Ghostysky\" \/>\n<meta property=\"article:publisher\" content=\"https:\/\/www.facebook.com\/people\/Ghostysky\/100057676170234\/\" \/>\n<meta property=\"article:modified_time\" content=\"2026-02-02T08:23:13+00:00\" \/>\n<meta property=\"og:image\" content=\"https:\/\/www.ghostysky.com\/wp-content\/uploads\/2026\/02\/GH_Agibot_D1_Ultra_1.png\" \/>\n\t<meta property=\"og:image:width\" content=\"800\" \/>\n\t<meta property=\"og:image:height\" content=\"800\" \/>\n\t<meta property=\"og:image:type\" content=\"image\/png\" \/>\n<meta name=\"twitter:card\" content=\"summary_large_image\" \/>\n<meta name=\"twitter:site\" content=\"@Gh0stysky\" \/>\n<meta name=\"twitter:label1\" content=\"Tempo estimado de leitura\" \/>\n\t<meta name=\"twitter:data1\" content=\"2 minutos\" \/>\n<script type=\"application\/ld+json\" class=\"yoast-schema-graph\">{\"@context\":\"https:\/\/schema.org\",\"@graph\":[{\"@type\":\"WebPage\",\"@id\":\"https:\/\/www.ghostysky.com\/product\/agibot-d1-ultra\/\",\"url\":\"https:\/\/www.ghostysky.com\/product\/agibot-d1-ultra\/\",\"name\":\"Agibot D1 Ultra - Ghostysky\",\"isPartOf\":{\"@id\":\"https:\/\/www.ghostysky.com\/#website\"},\"primaryImageOfPage\":{\"@id\":\"https:\/\/www.ghostysky.com\/product\/agibot-d1-ultra\/#primaryimage\"},\"image\":{\"@id\":\"https:\/\/www.ghostysky.com\/product\/agibot-d1-ultra\/#primaryimage\"},\"thumbnailUrl\":\"https:\/\/www.ghostysky.com\/wp-content\/uploads\/2026\/02\/GH_Agibot_D1_Ultra_1.png\",\"datePublished\":\"2026-02-02T08:00:10+00:00\",\"dateModified\":\"2026-02-02T08:23:13+00:00\",\"description\":\"The Agibot D1 Ultra is a high-performance, industrial-grade quadruped robot (often referred to as a \\\"robot dog\\\") designed for high-intensity tasks in complex environments. Produced by the Shanghai-based robotics firm AgiBot, the D1 Ultra is the premium, heavy-duty evolution of their D1 series, bridging the gap between research-focused platforms and rugged industrial tools.\",\"breadcrumb\":{\"@id\":\"https:\/\/www.ghostysky.com\/product\/agibot-d1-ultra\/#breadcrumb\"},\"inLanguage\":\"pt-PT\",\"potentialAction\":[{\"@type\":\"ReadAction\",\"target\":[\"https:\/\/www.ghostysky.com\/product\/agibot-d1-ultra\/\"]}]},{\"@type\":\"ImageObject\",\"inLanguage\":\"pt-PT\",\"@id\":\"https:\/\/www.ghostysky.com\/product\/agibot-d1-ultra\/#primaryimage\",\"url\":\"https:\/\/www.ghostysky.com\/wp-content\/uploads\/2026\/02\/GH_Agibot_D1_Ultra_1.png\",\"contentUrl\":\"https:\/\/www.ghostysky.com\/wp-content\/uploads\/2026\/02\/GH_Agibot_D1_Ultra_1.png\",\"width\":800,\"height\":800},{\"@type\":\"BreadcrumbList\",\"@id\":\"https:\/\/www.ghostysky.com\/product\/agibot-d1-ultra\/#breadcrumb\",\"itemListElement\":[{\"@type\":\"ListItem\",\"position\":1,\"name\":\"Home\",\"item\":\"https:\/\/www.ghostysky.com\/\"},{\"@type\":\"ListItem\",\"position\":2,\"name\":\"Shop\",\"item\":\"https:\/\/www.ghostysky.com\/shop\/\"},{\"@type\":\"ListItem\",\"position\":3,\"name\":\"Agibot D1 Ultra\"}]},{\"@type\":\"WebSite\",\"@id\":\"https:\/\/www.ghostysky.com\/#website\",\"url\":\"https:\/\/www.ghostysky.com\/\",\"name\":\"Ghostysky\",\"description\":\"Delivering professional drones and services\",\"publisher\":{\"@id\":\"https:\/\/www.ghostysky.com\/#organization\"},\"potentialAction\":[{\"@type\":\"SearchAction\",\"target\":{\"@type\":\"EntryPoint\",\"urlTemplate\":\"https:\/\/www.ghostysky.com\/?s={search_term_string}\"},\"query-input\":{\"@type\":\"PropertyValueSpecification\",\"valueRequired\":true,\"valueName\":\"search_term_string\"}}],\"inLanguage\":\"pt-PT\"},{\"@type\":\"Organization\",\"@id\":\"https:\/\/www.ghostysky.com\/#organization\",\"name\":\"Ghostysky\",\"url\":\"https:\/\/www.ghostysky.com\/\",\"logo\":{\"@type\":\"ImageObject\",\"inLanguage\":\"pt-PT\",\"@id\":\"https:\/\/www.ghostysky.com\/#\/schema\/logo\/image\/\",\"url\":\"https:\/\/www.ghostysky.com\/wp-content\/uploads\/2020\/06\/cropped-ghostyskylogo_text_white2.png\",\"contentUrl\":\"https:\/\/www.ghostysky.com\/wp-content\/uploads\/2020\/06\/cropped-ghostyskylogo_text_white2.png\",\"width\":169,\"height\":56,\"caption\":\"Ghostysky\"},\"image\":{\"@id\":\"https:\/\/www.ghostysky.com\/#\/schema\/logo\/image\/\"},\"sameAs\":[\"https:\/\/www.facebook.com\/people\/Ghostysky\/100057676170234\/\",\"https:\/\/x.com\/Gh0stysky\",\"https:\/\/www.linkedin.com\/company\/34739653\",\"https:\/\/www.instagram.com\/gh0stysky\"]}]}<\/script>\n<!-- \/ Yoast SEO plugin. -->","yoast_head_json":{"title":"Agibot D1 Ultra - Ghostysky","description":"O Agibot D1 Ultra \u00e9 um rob\u00f4 quadr\u00fapede de alto desempenho e n\u00edvel industrial (frequentemente chamado de &quot;c\u00e3o rob\u00f4&quot;) projetado para tarefas de alta intensidade em ambientes complexos. Produzido pela empresa de rob\u00f3tica AgiBot, com sede em Xangai, o D1 Ultra \u00e9 a evolu\u00e7\u00e3o premium e robusta da s\u00e9rie D1, preenchendo a lacuna entre plataformas voltadas para pesquisa e ferramentas industriais resistentes.","robots":{"index":"index","follow":"follow","max-snippet":"max-snippet:-1","max-image-preview":"max-image-preview:large","max-video-preview":"max-video-preview:-1"},"canonical":"https:\/\/www.ghostysky.com\/pt\/produto-2\/agibot-d1-ultra\/","og_locale":"pt_PT","og_type":"article","og_title":"Agibot D1 Ultra - Ghostysky","og_description":"The Agibot D1 Ultra is a high-performance, industrial-grade quadruped robot (often referred to as a \"robot dog\") designed for high-intensity tasks in complex environments. Produced by the Shanghai-based robotics firm AgiBot, the D1 Ultra is the premium, heavy-duty evolution of their D1 series, bridging the gap between research-focused platforms and rugged industrial tools.","og_url":"https:\/\/www.ghostysky.com\/pt\/produto-2\/agibot-d1-ultra\/","og_site_name":"Ghostysky","article_publisher":"https:\/\/www.facebook.com\/people\/Ghostysky\/100057676170234\/","article_modified_time":"2026-02-02T08:23:13+00:00","og_image":[{"width":800,"height":800,"url":"https:\/\/www.ghostysky.com\/wp-content\/uploads\/2026\/02\/GH_Agibot_D1_Ultra_1.png","type":"image\/png"}],"twitter_card":"summary_large_image","twitter_site":"@Gh0stysky","twitter_misc":{"Tempo estimado de leitura":"2 minutos"},"schema":{"@context":"https:\/\/schema.org","@graph":[{"@type":"WebPage","@id":"https:\/\/www.ghostysky.com\/product\/agibot-d1-ultra\/","url":"https:\/\/www.ghostysky.com\/product\/agibot-d1-ultra\/","name":"Agibot D1 Ultra - Ghostysky","isPartOf":{"@id":"https:\/\/www.ghostysky.com\/#website"},"primaryImageOfPage":{"@id":"https:\/\/www.ghostysky.com\/product\/agibot-d1-ultra\/#primaryimage"},"image":{"@id":"https:\/\/www.ghostysky.com\/product\/agibot-d1-ultra\/#primaryimage"},"thumbnailUrl":"https:\/\/www.ghostysky.com\/wp-content\/uploads\/2026\/02\/GH_Agibot_D1_Ultra_1.png","datePublished":"2026-02-02T08:00:10+00:00","dateModified":"2026-02-02T08:23:13+00:00","description":"O Agibot D1 Ultra \u00e9 um rob\u00f4 quadr\u00fapede de alto desempenho e n\u00edvel industrial (frequentemente chamado de &quot;c\u00e3o rob\u00f4&quot;) projetado para tarefas de alta intensidade em ambientes complexos. Produzido pela empresa de rob\u00f3tica AgiBot, com sede em Xangai, o D1 Ultra \u00e9 a evolu\u00e7\u00e3o premium e robusta da s\u00e9rie D1, preenchendo a lacuna entre plataformas voltadas para pesquisa e ferramentas industriais resistentes.","breadcrumb":{"@id":"https:\/\/www.ghostysky.com\/product\/agibot-d1-ultra\/#breadcrumb"},"inLanguage":"pt-PT","potentialAction":[{"@type":"ReadAction","target":["https:\/\/www.ghostysky.com\/product\/agibot-d1-ultra\/"]}]},{"@type":"ImageObject","inLanguage":"pt-PT","@id":"https:\/\/www.ghostysky.com\/product\/agibot-d1-ultra\/#primaryimage","url":"https:\/\/www.ghostysky.com\/wp-content\/uploads\/2026\/02\/GH_Agibot_D1_Ultra_1.png","contentUrl":"https:\/\/www.ghostysky.com\/wp-content\/uploads\/2026\/02\/GH_Agibot_D1_Ultra_1.png","width":800,"height":800},{"@type":"BreadcrumbList","@id":"https:\/\/www.ghostysky.com\/product\/agibot-d1-ultra\/#breadcrumb","itemListElement":[{"@type":"ListItem","position":1,"name":"Home","item":"https:\/\/www.ghostysky.com\/"},{"@type":"ListItem","position":2,"name":"Shop","item":"https:\/\/www.ghostysky.com\/shop\/"},{"@type":"ListItem","position":3,"name":"Agibot D1 Ultra"}]},{"@type":"WebSite","@id":"https:\/\/www.ghostysky.com\/#website","url":"https:\/\/www.ghostysky.com\/","name":"Ghostysky","description":"Fornecendo drones e servi\u00e7os profissionais","publisher":{"@id":"https:\/\/www.ghostysky.com\/#organization"},"potentialAction":[{"@type":"SearchAction","target":{"@type":"EntryPoint","urlTemplate":"https:\/\/www.ghostysky.com\/?s={search_term_string}"},"query-input":{"@type":"PropertyValueSpecification","valueRequired":true,"valueName":"search_term_string"}}],"inLanguage":"pt-PT"},{"@type":"Organization","@id":"https:\/\/www.ghostysky.com\/#organization","name":"Ghostysky","url":"https:\/\/www.ghostysky.com\/","logo":{"@type":"ImageObject","inLanguage":"pt-PT","@id":"https:\/\/www.ghostysky.com\/#\/schema\/logo\/image\/","url":"https:\/\/www.ghostysky.com\/wp-content\/uploads\/2020\/06\/cropped-ghostyskylogo_text_white2.png","contentUrl":"https:\/\/www.ghostysky.com\/wp-content\/uploads\/2020\/06\/cropped-ghostyskylogo_text_white2.png","width":169,"height":56,"caption":"Ghostysky"},"image":{"@id":"https:\/\/www.ghostysky.com\/#\/schema\/logo\/image\/"},"sameAs":["https:\/\/www.facebook.com\/people\/Ghostysky\/100057676170234\/","https:\/\/x.com\/Gh0stysky","https:\/\/www.linkedin.com\/company\/34739653","https:\/\/www.instagram.com\/gh0stysky"]}]}},"_links":{"self":[{"href":"https:\/\/www.ghostysky.com\/pt\/wp-json\/wp\/v2\/product\/23943","targetHints":{"allow":["GET"]}}],"collection":[{"href":"https:\/\/www.ghostysky.com\/pt\/wp-json\/wp\/v2\/product"}],"about":[{"href":"https:\/\/www.ghostysky.com\/pt\/wp-json\/wp\/v2\/types\/product"}],"replies":[{"embeddable":true,"href":"https:\/\/www.ghostysky.com\/pt\/wp-json\/wp\/v2\/comments?post=23943"}],"wp:featuredmedia":[{"embeddable":true,"href":"https:\/\/www.ghostysky.com\/pt\/wp-json\/wp\/v2\/media\/23948"}],"wp:attachment":[{"href":"https:\/\/www.ghostysky.com\/pt\/wp-json\/wp\/v2\/media?parent=23943"}],"wp:term":[{"taxonomy":"product_brand","embeddable":true,"href":"https:\/\/www.ghostysky.com\/pt\/wp-json\/wp\/v2\/product_brand?post=23943"},{"taxonomy":"product_cat","embeddable":true,"href":"https:\/\/www.ghostysky.com\/pt\/wp-json\/wp\/v2\/product_cat?post=23943"},{"taxonomy":"product_tag","embeddable":true,"href":"https:\/\/www.ghostysky.com\/pt\/wp-json\/wp\/v2\/product_tag?post=23943"}],"curies":[{"name":"wp","href":"https:\/\/api.w.org\/{rel}","templated":true}]}}